{"id":17426,"date":"2023-11-20T22:18:36","date_gmt":"2023-11-20T21:18:36","guid":{"rendered":"https:\/\/master.myweb-fm.com\/senza-categoria\/126-091001ma\/"},"modified":"2023-11-27T14:28:18","modified_gmt":"2023-11-27T13:28:18","slug":"imbracatura-master","status":"publish","type":"product","link":"https:\/\/master.myweb-fm.com\/it\/prodotto\/imbracatura-master\/","title":{"rendered":"Imbracatura Master"},"content":{"rendered":"<ul>\n<li>\n<ul>\n<li>Un\u2019imbracatura che consente di lavorare in situazioni di anticaduta, di sostegno al lavoro, ma anche di sospensione<\/li>\n<li><\/li>\n<li>Ultra-comoda grazie ai rinforzi imbottiti e alle cinghie elastiche<\/li>\n<li>Alto livello di regolazione grazie alle 5 fibbie automatiche<\/li>\n<\/ul>\n<ul>\n<li>Imbracatura per lavorare in sicurezza (sicurezza al lavoro, anticaduta, sostegno al lavoro e sospensione) con cinghie in poliestere larghe 47 mm<\/li>\n<li><\/li>\n<li>Due punti di ancoraggio sternale e dorsale formati da un anello a D metallico, un anello ventrale per l\u2019accesso alla corda e due fibbie metalliche laterali reclinabili per il sostegno in situazioni di lavoro che richiedono il posizionamento<\/li>\n<li><\/li>\n<li>Alto livello di regolazione grazie alle 5 fibbie automatiche (\u00e8 sufficiente una sola regolazione, non \u00e8 necessario togliere o mettere l\u2019imbracatura)<\/li>\n<li> Estremamente comoda grazie alla cintura imbottita, ai rinforzi e alle cinghie elastiche sulle cosce e al comfort dorsale<\/li>\n<li><\/li>\n<li>Anello ventrale in vita per il passaggio della corda di progressione<\/li>\n<li><\/li>\n<li>Cintura di sostegno lombare estremamente robusta con imbottitura in materiale espanso che consente all\u2019utente di lavorare in una posizione di sostegno al lavoro<\/li>\n<li><\/li>\n<li>Tre punti di fissaggio per appendervi gli strumenti<\/li>\n<li> Schienale progettato per sostenere la schiena dell\u2019utente e migliorarne il comfort<\/li>\n<li><\/li>\n<li>Clip in PVC per trattenere la fettuccia in eccesso<\/li>\n<li> Ideale per lavorare inclinati<\/li>\n<li><\/li>\n<li>Consente di lavorare in totale sicurezza e garantisce una presa perfetta del corpo<\/li>\n<li> <\/li>\n<\/ul>\n<\/li>\n<\/ul>\n","protected":false},"excerpt":{"rendered":"<p>L\u2019imbracatura anticaduta, di sostegno al lavoro e di sospensione MASTER \u00e8 un dispositivo di protezione individuale destinato al lavoro in quota. \u00c8 stata progettata per rispondere a un uso ultra-intensivo. Presenta due punti di ancoraggio (sternale e dorsale), un anello a D ventrale, due fibbie di posizionamento e cinque fibbie di regolazione automatiche. Grazie alla cintura di sostegno, l\u2019utente pu\u00f2 mantenersi in appoggio sui piedi lasciando contemporaneamente le mani libere di lavorare. Con la sua funzione di sospensione, l\u2019utente pu\u00f2 lavorare sospeso nel vuoto grazie al punto di attacco ventrale dell\u2019imbracatura; poich\u00e9 non \u00e8 pi\u00f9 appoggiato sui piedi, il carico viene distribuito a livello della vita e dei cosciali dell\u2019imbracatura. \u00c8 uno dei componenti dei sistemi anticaduta. Questa imbracatura \u00e8 conforme alle norme EN 361, EN 358, EN 813 e EN 365, \u00e8 certificata CE ed \u00e8 disponibile in due taglie.<\/p>\n","protected":false},"featured_media":14518,"template":"","meta":{"_acf_changed":false},"product_brand":[],"product_cat":[70109],"product_tag":[],"class_list":{"0":"post-17426","1":"product","2":"type-product","3":"status-publish","4":"has-post-thumbnail","6":"product_cat-harnais-it","7":"pa_abc_class-c-it","8":"pa_abc_class-s-it","9":"pa_base_unit-ea-it","10":"pa_brand-unyc-it","11":"pa_confort-5-it","12":"pa_e_com_product-no-it","13":"pa_edi_option-no-it","14":"pa_export_product-yes-it","15":"pa_g_range-13-it","16":"pa_lifespan-15-ans-it","17":"pa_lock_code-000-it","18":"pa_maximum_load-140-kg-it","19":"pa_pack_instructions_level_1-no-it","20":"pa_pack_instructions_level_2-no-it","21":"pa_pack_instructions_level_3-no-it","22":"pa_pack_type_level_1-ct-it","23":"pa_pack_type_level_2-pf-it","24":"pa_pic_family-097-it","25":"pa_product_origin-es-it","26":"pa_product_range_grouping-master-it","27":"pa_production_company-126-it","28":"pa_sales_company-126-it","29":"pa_sales_plan-c-it","30":"pa_sales_range-13-it","31":"pa_short_designation-harnais-master-taille-1-it","32":"pa_short_designation-harnais-master-taille-2-it","33":"pa_sigle-ce-it","34":"pa_size-size_1-it","35":"pa_size-size_2-it","36":"pa_standard-en_358-it","37":"pa_standard-en_361-it","38":"pa_standard-en_365-it","39":"pa_standard-en_813-it","40":"pa_type_of_floor-fall_prevention-it","41":"pa_type_of_floor-work_positioning-it","42":"pa_type_of_floor-suspesion-it","43":"pa_type_of_floor-worksite_safety-it","44":"pa_type_of_product-harnais-it","45":"pa_use-highly_intensive-it","46":"pa_varied_weight-no-it","48":"first","49":"instock","50":"shipping-taxable","51":"purchasable","52":"product-type-variable"},"acf":[],"yoast_head":"<!-- This site is optimized with the Yoast SEO plugin v27.3 - https:\/\/yoast.com\/product\/yoast-seo-wordpress\/ -->\n<title>Imbracatura Master - Instance master - Old Unyc<\/title>\n<meta name=\"robots\" content=\"noindex, follow, max-snippet:-1, max-image-preview:large, max-video-preview:-1\" \/>\n<meta property=\"og:locale\" content=\"it_IT\" \/>\n<meta property=\"og:type\" content=\"article\" \/>\n<meta property=\"og:title\" content=\"Imbracatura Master - Instance master - Old Unyc\" \/>\n<meta property=\"og:description\" content=\"L\u2019imbracatura anticaduta, di sostegno al lavoro e di sospensione MASTER \u00e8 un dispositivo di protezione individuale destinato al lavoro in quota. \u00c8 stata progettata per rispondere a un uso ultra-intensivo. Presenta due punti di ancoraggio (sternale e dorsale), un anello a D ventrale, due fibbie di posizionamento e cinque fibbie di regolazione automatiche. Grazie alla cintura di sostegno, l\u2019utente pu\u00f2 mantenersi in appoggio sui piedi lasciando contemporaneamente le mani libere di lavorare. Con la sua funzione di sospensione, l\u2019utente pu\u00f2 lavorare sospeso nel vuoto grazie al punto di attacco ventrale dell\u2019imbracatura; poich\u00e9 non \u00e8 pi\u00f9 appoggiato sui piedi, il carico viene distribuito a livello della vita e dei cosciali dell\u2019imbracatura. \u00c8 uno dei componenti dei sistemi anticaduta. Questa imbracatura \u00e8 conforme alle norme EN 361, EN 358, EN 813 e EN 365, \u00e8 certificata CE ed \u00e8 disponibile in due taglie.\" \/>\n<meta property=\"og:url\" content=\"https:\/\/master.myweb-fm.com\/it\/prodotto\/imbracatura-master\/\" \/>\n<meta property=\"og:site_name\" content=\"Instance master - Old Unyc\" \/>\n<meta property=\"article:modified_time\" content=\"2023-11-27T13:28:18+00:00\" \/>\n<meta property=\"og:image\" content=\"https:\/\/master.myweb-fm.com\/wp-content\/uploads\/2023\/11\/ba5462fb81f459f6d7ce9d657ad2ec68449e779c_126_091001MA_main_view_3.png\" \/>\n\t<meta property=\"og:image:width\" content=\"1102\" \/>\n\t<meta property=\"og:image:height\" content=\"1654\" \/>\n\t<meta property=\"og:image:type\" content=\"image\/png\" \/>\n<meta name=\"twitter:card\" content=\"summary_large_image\" \/>\n<meta name=\"twitter:label1\" content=\"Tempo di lettura stimato\" \/>\n\t<meta name=\"twitter:data1\" content=\"1 minuto\" \/>\n<script type=\"application\/ld+json\" class=\"yoast-schema-graph\">{\"@context\":\"https:\\\/\\\/schema.org\",\"@graph\":[{\"@type\":\"WebPage\",\"@id\":\"https:\\\/\\\/master.myweb-fm.com\\\/it\\\/prodotto\\\/imbracatura-master\\\/\",\"url\":\"https:\\\/\\\/master.myweb-fm.com\\\/it\\\/prodotto\\\/imbracatura-master\\\/\",\"name\":\"Imbracatura Master - Instance master - Old Unyc\",\"isPartOf\":{\"@id\":\"https:\\\/\\\/master.myweb-fm.com\\\/it\\\/#website\"},\"primaryImageOfPage\":{\"@id\":\"https:\\\/\\\/master.myweb-fm.com\\\/it\\\/prodotto\\\/imbracatura-master\\\/#primaryimage\"},\"image\":{\"@id\":\"https:\\\/\\\/master.myweb-fm.com\\\/it\\\/prodotto\\\/imbracatura-master\\\/#primaryimage\"},\"thumbnailUrl\":\"https:\\\/\\\/master.myweb-fm.com\\\/wp-content\\\/uploads\\\/2023\\\/11\\\/ba5462fb81f459f6d7ce9d657ad2ec68449e779c_126_091001MA_main_view_3.png\",\"datePublished\":\"2023-11-20T21:18:36+00:00\",\"dateModified\":\"2023-11-27T13:28:18+00:00\",\"breadcrumb\":{\"@id\":\"https:\\\/\\\/master.myweb-fm.com\\\/it\\\/prodotto\\\/imbracatura-master\\\/#breadcrumb\"},\"inLanguage\":\"it-IT\",\"potentialAction\":[{\"@type\":\"ReadAction\",\"target\":[\"https:\\\/\\\/master.myweb-fm.com\\\/it\\\/prodotto\\\/imbracatura-master\\\/\"]}]},{\"@type\":\"ImageObject\",\"inLanguage\":\"it-IT\",\"@id\":\"https:\\\/\\\/master.myweb-fm.com\\\/it\\\/prodotto\\\/imbracatura-master\\\/#primaryimage\",\"url\":\"https:\\\/\\\/master.myweb-fm.com\\\/wp-content\\\/uploads\\\/2023\\\/11\\\/ba5462fb81f459f6d7ce9d657ad2ec68449e779c_126_091001MA_main_view_3.png\",\"contentUrl\":\"https:\\\/\\\/master.myweb-fm.com\\\/wp-content\\\/uploads\\\/2023\\\/11\\\/ba5462fb81f459f6d7ce9d657ad2ec68449e779c_126_091001MA_main_view_3.png\",\"width\":1102,\"height\":1654},{\"@type\":\"BreadcrumbList\",\"@id\":\"https:\\\/\\\/master.myweb-fm.com\\\/it\\\/prodotto\\\/imbracatura-master\\\/#breadcrumb\",\"itemListElement\":[{\"@type\":\"ListItem\",\"position\":1,\"name\":\"Catalogue\",\"item\":\"https:\\\/\\\/master.myweb-fm.com\\\/fr\\\/catalogue\\\/\"},{\"@type\":\"ListItem\",\"position\":2,\"name\":\"Imbracatura Master\"}]},{\"@type\":\"WebSite\",\"@id\":\"https:\\\/\\\/master.myweb-fm.com\\\/it\\\/#website\",\"url\":\"https:\\\/\\\/master.myweb-fm.com\\\/it\\\/\",\"name\":\"Instance master - Old Unyc\",\"description\":\"Fr\u00e9n\u00e9hard &amp; Michaux\",\"potentialAction\":[{\"@type\":\"SearchAction\",\"target\":{\"@type\":\"EntryPoint\",\"urlTemplate\":\"https:\\\/\\\/master.myweb-fm.com\\\/it\\\/?s={search_term_string}\"},\"query-input\":{\"@type\":\"PropertyValueSpecification\",\"valueRequired\":true,\"valueName\":\"search_term_string\"}}],\"inLanguage\":\"it-IT\"}]}<\/script>\n<!-- \/ Yoast SEO plugin. -->","yoast_head_json":{"title":"Imbracatura Master - Instance master - Old Unyc","robots":{"index":"noindex","follow":"follow","max-snippet":"max-snippet:-1","max-image-preview":"max-image-preview:large","max-video-preview":"max-video-preview:-1"},"og_locale":"it_IT","og_type":"article","og_title":"Imbracatura Master - Instance master - Old Unyc","og_description":"L\u2019imbracatura anticaduta, di sostegno al lavoro e di sospensione MASTER \u00e8 un dispositivo di protezione individuale destinato al lavoro in quota. \u00c8 stata progettata per rispondere a un uso ultra-intensivo. Presenta due punti di ancoraggio (sternale e dorsale), un anello a D ventrale, due fibbie di posizionamento e cinque fibbie di regolazione automatiche. Grazie alla cintura di sostegno, l\u2019utente pu\u00f2 mantenersi in appoggio sui piedi lasciando contemporaneamente le mani libere di lavorare. Con la sua funzione di sospensione, l\u2019utente pu\u00f2 lavorare sospeso nel vuoto grazie al punto di attacco ventrale dell\u2019imbracatura; poich\u00e9 non \u00e8 pi\u00f9 appoggiato sui piedi, il carico viene distribuito a livello della vita e dei cosciali dell\u2019imbracatura. \u00c8 uno dei componenti dei sistemi anticaduta. Questa imbracatura \u00e8 conforme alle norme EN 361, EN 358, EN 813 e EN 365, \u00e8 certificata CE ed \u00e8 disponibile in due taglie.","og_url":"https:\/\/master.myweb-fm.com\/it\/prodotto\/imbracatura-master\/","og_site_name":"Instance master - Old Unyc","article_modified_time":"2023-11-27T13:28:18+00:00","og_image":[{"width":1102,"height":1654,"url":"https:\/\/master.myweb-fm.com\/wp-content\/uploads\/2023\/11\/ba5462fb81f459f6d7ce9d657ad2ec68449e779c_126_091001MA_main_view_3.png","type":"image\/png"}],"twitter_card":"summary_large_image","twitter_misc":{"Tempo di lettura stimato":"1 minuto"},"schema":{"@context":"https:\/\/schema.org","@graph":[{"@type":"WebPage","@id":"https:\/\/master.myweb-fm.com\/it\/prodotto\/imbracatura-master\/","url":"https:\/\/master.myweb-fm.com\/it\/prodotto\/imbracatura-master\/","name":"Imbracatura Master - Instance master - Old Unyc","isPartOf":{"@id":"https:\/\/master.myweb-fm.com\/it\/#website"},"primaryImageOfPage":{"@id":"https:\/\/master.myweb-fm.com\/it\/prodotto\/imbracatura-master\/#primaryimage"},"image":{"@id":"https:\/\/master.myweb-fm.com\/it\/prodotto\/imbracatura-master\/#primaryimage"},"thumbnailUrl":"https:\/\/master.myweb-fm.com\/wp-content\/uploads\/2023\/11\/ba5462fb81f459f6d7ce9d657ad2ec68449e779c_126_091001MA_main_view_3.png","datePublished":"2023-11-20T21:18:36+00:00","dateModified":"2023-11-27T13:28:18+00:00","breadcrumb":{"@id":"https:\/\/master.myweb-fm.com\/it\/prodotto\/imbracatura-master\/#breadcrumb"},"inLanguage":"it-IT","potentialAction":[{"@type":"ReadAction","target":["https:\/\/master.myweb-fm.com\/it\/prodotto\/imbracatura-master\/"]}]},{"@type":"ImageObject","inLanguage":"it-IT","@id":"https:\/\/master.myweb-fm.com\/it\/prodotto\/imbracatura-master\/#primaryimage","url":"https:\/\/master.myweb-fm.com\/wp-content\/uploads\/2023\/11\/ba5462fb81f459f6d7ce9d657ad2ec68449e779c_126_091001MA_main_view_3.png","contentUrl":"https:\/\/master.myweb-fm.com\/wp-content\/uploads\/2023\/11\/ba5462fb81f459f6d7ce9d657ad2ec68449e779c_126_091001MA_main_view_3.png","width":1102,"height":1654},{"@type":"BreadcrumbList","@id":"https:\/\/master.myweb-fm.com\/it\/prodotto\/imbracatura-master\/#breadcrumb","itemListElement":[{"@type":"ListItem","position":1,"name":"Catalogue","item":"https:\/\/master.myweb-fm.com\/fr\/catalogue\/"},{"@type":"ListItem","position":2,"name":"Imbracatura Master"}]},{"@type":"WebSite","@id":"https:\/\/master.myweb-fm.com\/it\/#website","url":"https:\/\/master.myweb-fm.com\/it\/","name":"Instance master - Old Unyc","description":"Fr\u00e9n\u00e9hard &amp; Michaux","potentialAction":[{"@type":"SearchAction","target":{"@type":"EntryPoint","urlTemplate":"https:\/\/master.myweb-fm.com\/it\/?s={search_term_string}"},"query-input":{"@type":"PropertyValueSpecification","valueRequired":true,"valueName":"search_term_string"}}],"inLanguage":"it-IT"}]}},"_links":{"self":[{"href":"https:\/\/master.myweb-fm.com\/it\/wp-json\/wp\/v2\/product\/17426","targetHints":{"allow":["GET"]}}],"collection":[{"href":"https:\/\/master.myweb-fm.com\/it\/wp-json\/wp\/v2\/product"}],"about":[{"href":"https:\/\/master.myweb-fm.com\/it\/wp-json\/wp\/v2\/types\/product"}],"wp:featuredmedia":[{"embeddable":true,"href":"https:\/\/master.myweb-fm.com\/it\/wp-json\/wp\/v2\/media\/14518"}],"wp:attachment":[{"href":"https:\/\/master.myweb-fm.com\/it\/wp-json\/wp\/v2\/media?parent=17426"}],"wp:term":[{"taxonomy":"product_brand","embeddable":true,"href":"https:\/\/master.myweb-fm.com\/it\/wp-json\/wp\/v2\/product_brand?post=17426"},{"taxonomy":"product_cat","embeddable":true,"href":"https:\/\/master.myweb-fm.com\/it\/wp-json\/wp\/v2\/product_cat?post=17426"},{"taxonomy":"product_tag","embeddable":true,"href":"https:\/\/master.myweb-fm.com\/it\/wp-json\/wp\/v2\/product_tag?post=17426"}],"curies":[{"name":"wp","href":"https:\/\/api.w.org\/{rel}","templated":true}]}}