{"id":17396,"date":"2023-11-20T22:17:26","date_gmt":"2023-11-20T21:17:26","guid":{"rendered":"https:\/\/master.myweb-fm.com\/senza-categoria\/126-091001ex\/"},"modified":"2023-11-27T15:58:03","modified_gmt":"2023-11-27T14:58:03","slug":"imbracatura-expert","status":"publish","type":"product","link":"https:\/\/master.myweb-fm.com\/it\/prodotto\/imbracatura-expert\/","title":{"rendered":"Imbracatura Expert"},"content":{"rendered":"<ul>\n<li>Imbracatura che consente di lavorare in totale sicurezza (sicurezza al lavoro e anticaduta)<\/li>\n<li> Due punti di ancoraggio: dorsale (anello metallico da 8 mm) e sternale (2 anelli metallici da 8 mm di diametro che devono essere collegati da un moschettone che funge da punto di ancoraggio)<\/li>\n<li> L\u2019attacco sternale consente di lavorare in tensione con la propria imbracatura e di dedicarsi completamente al compito da svolgere<\/li>\n<li> Alto livello di regolazione grazie alle 4 fibbie di regolazione automatiche (\u00e8 sufficiente una sola regolazione, non \u00e8 necessario togliere o mettere l&#8217;imbracatura) sulle cosce e sulle spalle e grazie alla fibbia di regolazione metallica maschio-femmina sulla fascia toracica. <\/li>\n<li> Cinghie in poliestere larghe 45 mm<\/li>\n<li> Ultra-comoda grazie allo schienale e ai cosciali imbottiti in materiale espanso traspirante. <\/li>\n<li> Due punti di fissaggio laterale per appendere gli strumenti<\/li>\n<li> Cinghia di supporto per le natiche e cinghia sternale per una migliore vestibilit\u00e0 dell&#8217;imbracatura<\/li>\n<li> Clip in PVC per trattenere la fettuccia in eccesso<\/li>\n<li> Progettata per lavorare in atmosfere esplosive (certificato ATEX) e per evitare la creazione di elettricit\u00e0 statica. ATEX:\u00a0questa imbracatura pu\u00f2 essere utilizzata in aree classificate come zona 1 o 21, a causa della presenza di gas o vapori infiammabili classificati IIA o IIB o di polveri combustibili, e quindi anche in aree classificate come zona 2 o 22.<\/li>\n<\/ul>\n","protected":false},"excerpt":{"rendered":"<p>L\u2019imbracatura anticaduta EXPERT \u00e8 un dispositivo di protezione individuale destinato al lavoro in quota. \u00c8 stata progettata per rispondere a un uso intensivo. Presenta due punti di ancoraggio (sternale e dorsale) e cinque fibbie di regolazione di cui 4 automatiche: sulle cosce e sulle spalle. Consente di lavorare in totale sicurezza e garantisce una presa perfetta del corpo. Comoda grazie allo schienale imbottito, ai cosciali rinforzati e alla cinghia di supporto per le natiche. Inoltre, questa imbracatura \u00e8 stata progettata per evitare la creazione di elettricit\u00e0 statica ed \u00e8 certificata ATEX. \u00c8 uno dei componenti dei sistemi anticaduta. Questa imbracatura \u00e8 conforme alle norme EN 361 e EN 365, \u00e8 certificata CE ed \u00e8 disponibile in due taglie.<\/p>\n","protected":false},"featured_media":14332,"template":"","meta":{"_acf_changed":false},"product_brand":[],"product_cat":[70109],"product_tag":[],"class_list":{"0":"post-17396","1":"product","2":"type-product","3":"status-publish","4":"has-post-thumbnail","6":"product_cat-harnais-it","7":"pa_abc_class-b-it","8":"pa_abc_class-g-it","9":"pa_base_unit-ea-it","10":"pa_brand-unyc-it","11":"pa_confort-4-it","12":"pa_e_com_product-no-it","13":"pa_edi_option-no-it","14":"pa_export_product-yes-it","15":"pa_g_range-13-it","16":"pa_lifespan-15-ans-it","17":"pa_lock_code-000-it","18":"pa_maximum_load-140-kg-it","19":"pa_pack_instructions_level_1-no-it","20":"pa_pack_instructions_level_2-no-it","21":"pa_pack_instructions_level_3-no-it","22":"pa_pack_type_level_1-ct-it","23":"pa_pack_type_level_2-pf-it","24":"pa_pic_family-097-it","25":"pa_product_origin-es-it","26":"pa_product_range_grouping-expert-it","27":"pa_production_company-126-it","28":"pa_sales_company-126-it","29":"pa_sales_plan-c-it","30":"pa_sales_range-13-it","31":"pa_short_designation-harnais-expert-taille-1-it","32":"pa_short_designation-harnais-expert-taille-2-it","33":"pa_sigle-ce-it","34":"pa_size-size_1-it","35":"pa_size-size_2-it","36":"pa_standard-en_361-it","37":"pa_standard-en_365-it","38":"pa_type_of_floor-fall_prevention-it","39":"pa_type_of_floor-worksite_safety-it","40":"pa_type_of_product-harnais-it","41":"pa_use-intensive-it","42":"pa_varied_weight-no-it","44":"first","45":"instock","46":"shipping-taxable","47":"purchasable","48":"product-type-variable"},"acf":[],"yoast_head":"<!-- This site is optimized with the Yoast SEO plugin v27.3 - https:\/\/yoast.com\/product\/yoast-seo-wordpress\/ -->\n<title>Imbracatura Expert - Instance master - Old Unyc<\/title>\n<meta name=\"robots\" content=\"noindex, follow, max-snippet:-1, max-image-preview:large, max-video-preview:-1\" \/>\n<meta property=\"og:locale\" content=\"it_IT\" \/>\n<meta property=\"og:type\" content=\"article\" \/>\n<meta property=\"og:title\" content=\"Imbracatura Expert - Instance master - Old Unyc\" \/>\n<meta property=\"og:description\" content=\"L\u2019imbracatura anticaduta EXPERT \u00e8 un dispositivo di protezione individuale destinato al lavoro in quota. \u00c8 stata progettata per rispondere a un uso intensivo. Presenta due punti di ancoraggio (sternale e dorsale) e cinque fibbie di regolazione di cui 4 automatiche: sulle cosce e sulle spalle. Consente di lavorare in totale sicurezza e garantisce una presa perfetta del corpo. Comoda grazie allo schienale imbottito, ai cosciali rinforzati e alla cinghia di supporto per le natiche. Inoltre, questa imbracatura \u00e8 stata progettata per evitare la creazione di elettricit\u00e0 statica ed \u00e8 certificata ATEX. \u00c8 uno dei componenti dei sistemi anticaduta. Questa imbracatura \u00e8 conforme alle norme EN 361 e EN 365, \u00e8 certificata CE ed \u00e8 disponibile in due taglie.\" \/>\n<meta property=\"og:url\" content=\"https:\/\/master.myweb-fm.com\/it\/prodotto\/imbracatura-expert\/\" \/>\n<meta property=\"og:site_name\" content=\"Instance master - Old Unyc\" \/>\n<meta property=\"article:modified_time\" content=\"2023-11-27T14:58:03+00:00\" \/>\n<meta property=\"og:image\" content=\"https:\/\/master.myweb-fm.com\/wp-content\/uploads\/2023\/11\/b9ce8bdfe60c342a9cda680494d5dacd650d837f_126_091001EX_main_view_4.png\" \/>\n\t<meta property=\"og:image:width\" content=\"940\" \/>\n\t<meta property=\"og:image:height\" content=\"1024\" \/>\n\t<meta property=\"og:image:type\" content=\"image\/png\" \/>\n<meta name=\"twitter:card\" content=\"summary_large_image\" \/>\n<meta name=\"twitter:label1\" content=\"Tempo di lettura stimato\" \/>\n\t<meta name=\"twitter:data1\" content=\"1 minuto\" \/>\n<script type=\"application\/ld+json\" class=\"yoast-schema-graph\">{\"@context\":\"https:\\\/\\\/schema.org\",\"@graph\":[{\"@type\":\"WebPage\",\"@id\":\"https:\\\/\\\/master.myweb-fm.com\\\/it\\\/prodotto\\\/imbracatura-expert\\\/\",\"url\":\"https:\\\/\\\/master.myweb-fm.com\\\/it\\\/prodotto\\\/imbracatura-expert\\\/\",\"name\":\"Imbracatura Expert - Instance master - Old Unyc\",\"isPartOf\":{\"@id\":\"https:\\\/\\\/master.myweb-fm.com\\\/it\\\/#website\"},\"primaryImageOfPage\":{\"@id\":\"https:\\\/\\\/master.myweb-fm.com\\\/it\\\/prodotto\\\/imbracatura-expert\\\/#primaryimage\"},\"image\":{\"@id\":\"https:\\\/\\\/master.myweb-fm.com\\\/it\\\/prodotto\\\/imbracatura-expert\\\/#primaryimage\"},\"thumbnailUrl\":\"https:\\\/\\\/master.myweb-fm.com\\\/wp-content\\\/uploads\\\/2023\\\/11\\\/b9ce8bdfe60c342a9cda680494d5dacd650d837f_126_091001EX_main_view_4.png\",\"datePublished\":\"2023-11-20T21:17:26+00:00\",\"dateModified\":\"2023-11-27T14:58:03+00:00\",\"breadcrumb\":{\"@id\":\"https:\\\/\\\/master.myweb-fm.com\\\/it\\\/prodotto\\\/imbracatura-expert\\\/#breadcrumb\"},\"inLanguage\":\"it-IT\",\"potentialAction\":[{\"@type\":\"ReadAction\",\"target\":[\"https:\\\/\\\/master.myweb-fm.com\\\/it\\\/prodotto\\\/imbracatura-expert\\\/\"]}]},{\"@type\":\"ImageObject\",\"inLanguage\":\"it-IT\",\"@id\":\"https:\\\/\\\/master.myweb-fm.com\\\/it\\\/prodotto\\\/imbracatura-expert\\\/#primaryimage\",\"url\":\"https:\\\/\\\/master.myweb-fm.com\\\/wp-content\\\/uploads\\\/2023\\\/11\\\/b9ce8bdfe60c342a9cda680494d5dacd650d837f_126_091001EX_main_view_4.png\",\"contentUrl\":\"https:\\\/\\\/master.myweb-fm.com\\\/wp-content\\\/uploads\\\/2023\\\/11\\\/b9ce8bdfe60c342a9cda680494d5dacd650d837f_126_091001EX_main_view_4.png\",\"width\":2000,\"height\":2178},{\"@type\":\"BreadcrumbList\",\"@id\":\"https:\\\/\\\/master.myweb-fm.com\\\/it\\\/prodotto\\\/imbracatura-expert\\\/#breadcrumb\",\"itemListElement\":[{\"@type\":\"ListItem\",\"position\":1,\"name\":\"Catalogue\",\"item\":\"https:\\\/\\\/master.myweb-fm.com\\\/fr\\\/catalogue\\\/\"},{\"@type\":\"ListItem\",\"position\":2,\"name\":\"Imbracatura Expert\"}]},{\"@type\":\"WebSite\",\"@id\":\"https:\\\/\\\/master.myweb-fm.com\\\/it\\\/#website\",\"url\":\"https:\\\/\\\/master.myweb-fm.com\\\/it\\\/\",\"name\":\"Instance master - Old Unyc\",\"description\":\"Fr\u00e9n\u00e9hard &amp; Michaux\",\"potentialAction\":[{\"@type\":\"SearchAction\",\"target\":{\"@type\":\"EntryPoint\",\"urlTemplate\":\"https:\\\/\\\/master.myweb-fm.com\\\/it\\\/?s={search_term_string}\"},\"query-input\":{\"@type\":\"PropertyValueSpecification\",\"valueRequired\":true,\"valueName\":\"search_term_string\"}}],\"inLanguage\":\"it-IT\"}]}<\/script>\n<!-- \/ Yoast SEO plugin. -->","yoast_head_json":{"title":"Imbracatura Expert - Instance master - Old Unyc","robots":{"index":"noindex","follow":"follow","max-snippet":"max-snippet:-1","max-image-preview":"max-image-preview:large","max-video-preview":"max-video-preview:-1"},"og_locale":"it_IT","og_type":"article","og_title":"Imbracatura Expert - Instance master - Old Unyc","og_description":"L\u2019imbracatura anticaduta EXPERT \u00e8 un dispositivo di protezione individuale destinato al lavoro in quota. \u00c8 stata progettata per rispondere a un uso intensivo. Presenta due punti di ancoraggio (sternale e dorsale) e cinque fibbie di regolazione di cui 4 automatiche: sulle cosce e sulle spalle. Consente di lavorare in totale sicurezza e garantisce una presa perfetta del corpo. Comoda grazie allo schienale imbottito, ai cosciali rinforzati e alla cinghia di supporto per le natiche. Inoltre, questa imbracatura \u00e8 stata progettata per evitare la creazione di elettricit\u00e0 statica ed \u00e8 certificata ATEX. \u00c8 uno dei componenti dei sistemi anticaduta. Questa imbracatura \u00e8 conforme alle norme EN 361 e EN 365, \u00e8 certificata CE ed \u00e8 disponibile in due taglie.","og_url":"https:\/\/master.myweb-fm.com\/it\/prodotto\/imbracatura-expert\/","og_site_name":"Instance master - Old Unyc","article_modified_time":"2023-11-27T14:58:03+00:00","og_image":[{"url":"https:\/\/master.myweb-fm.com\/wp-content\/uploads\/2023\/11\/b9ce8bdfe60c342a9cda680494d5dacd650d837f_126_091001EX_main_view_4.png","width":940,"height":1024,"type":"image\/png"}],"twitter_card":"summary_large_image","twitter_misc":{"Tempo di lettura stimato":"1 minuto"},"schema":{"@context":"https:\/\/schema.org","@graph":[{"@type":"WebPage","@id":"https:\/\/master.myweb-fm.com\/it\/prodotto\/imbracatura-expert\/","url":"https:\/\/master.myweb-fm.com\/it\/prodotto\/imbracatura-expert\/","name":"Imbracatura Expert - Instance master - Old Unyc","isPartOf":{"@id":"https:\/\/master.myweb-fm.com\/it\/#website"},"primaryImageOfPage":{"@id":"https:\/\/master.myweb-fm.com\/it\/prodotto\/imbracatura-expert\/#primaryimage"},"image":{"@id":"https:\/\/master.myweb-fm.com\/it\/prodotto\/imbracatura-expert\/#primaryimage"},"thumbnailUrl":"https:\/\/master.myweb-fm.com\/wp-content\/uploads\/2023\/11\/b9ce8bdfe60c342a9cda680494d5dacd650d837f_126_091001EX_main_view_4.png","datePublished":"2023-11-20T21:17:26+00:00","dateModified":"2023-11-27T14:58:03+00:00","breadcrumb":{"@id":"https:\/\/master.myweb-fm.com\/it\/prodotto\/imbracatura-expert\/#breadcrumb"},"inLanguage":"it-IT","potentialAction":[{"@type":"ReadAction","target":["https:\/\/master.myweb-fm.com\/it\/prodotto\/imbracatura-expert\/"]}]},{"@type":"ImageObject","inLanguage":"it-IT","@id":"https:\/\/master.myweb-fm.com\/it\/prodotto\/imbracatura-expert\/#primaryimage","url":"https:\/\/master.myweb-fm.com\/wp-content\/uploads\/2023\/11\/b9ce8bdfe60c342a9cda680494d5dacd650d837f_126_091001EX_main_view_4.png","contentUrl":"https:\/\/master.myweb-fm.com\/wp-content\/uploads\/2023\/11\/b9ce8bdfe60c342a9cda680494d5dacd650d837f_126_091001EX_main_view_4.png","width":2000,"height":2178},{"@type":"BreadcrumbList","@id":"https:\/\/master.myweb-fm.com\/it\/prodotto\/imbracatura-expert\/#breadcrumb","itemListElement":[{"@type":"ListItem","position":1,"name":"Catalogue","item":"https:\/\/master.myweb-fm.com\/fr\/catalogue\/"},{"@type":"ListItem","position":2,"name":"Imbracatura Expert"}]},{"@type":"WebSite","@id":"https:\/\/master.myweb-fm.com\/it\/#website","url":"https:\/\/master.myweb-fm.com\/it\/","name":"Instance master - Old Unyc","description":"Fr\u00e9n\u00e9hard &amp; Michaux","potentialAction":[{"@type":"SearchAction","target":{"@type":"EntryPoint","urlTemplate":"https:\/\/master.myweb-fm.com\/it\/?s={search_term_string}"},"query-input":{"@type":"PropertyValueSpecification","valueRequired":true,"valueName":"search_term_string"}}],"inLanguage":"it-IT"}]}},"_links":{"self":[{"href":"https:\/\/master.myweb-fm.com\/it\/wp-json\/wp\/v2\/product\/17396","targetHints":{"allow":["GET"]}}],"collection":[{"href":"https:\/\/master.myweb-fm.com\/it\/wp-json\/wp\/v2\/product"}],"about":[{"href":"https:\/\/master.myweb-fm.com\/it\/wp-json\/wp\/v2\/types\/product"}],"wp:featuredmedia":[{"embeddable":true,"href":"https:\/\/master.myweb-fm.com\/it\/wp-json\/wp\/v2\/media\/14332"}],"wp:attachment":[{"href":"https:\/\/master.myweb-fm.com\/it\/wp-json\/wp\/v2\/media?parent=17396"}],"wp:term":[{"taxonomy":"product_brand","embeddable":true,"href":"https:\/\/master.myweb-fm.com\/it\/wp-json\/wp\/v2\/product_brand?post=17396"},{"taxonomy":"product_cat","embeddable":true,"href":"https:\/\/master.myweb-fm.com\/it\/wp-json\/wp\/v2\/product_cat?post=17396"},{"taxonomy":"product_tag","embeddable":true,"href":"https:\/\/master.myweb-fm.com\/it\/wp-json\/wp\/v2\/product_tag?post=17396"}],"curies":[{"name":"wp","href":"https:\/\/api.w.org\/{rel}","templated":true}]}}