{"id":17336,"date":"2023-11-20T22:14:32","date_gmt":"2023-11-20T21:14:32","guid":{"rendered":"https:\/\/master.myweb-fm.com\/senza-categoria\/126-091001co\/"},"modified":"2023-11-27T15:22:31","modified_gmt":"2023-11-27T14:22:31","slug":"imbracatura-comfort","status":"publish","type":"product","link":"https:\/\/master.myweb-fm.com\/it\/prodotto\/imbracatura-comfort\/","title":{"rendered":"Imbracatura Comfort"},"content":{"rendered":"<ul>\n<li>Imbracatura che consente di lavorare in totale sicurezza (sicurezza al lavoro, anticaduta e sostegno al lavoro). <\/li>\n<li> Due punti di ancoraggio: dorsale (anello metallico da 8 mm) e sternale (2 anelli in fettuccia che devono essere collegati da un moschettone che funge da punto di ancoraggio)<\/li>\n<li> L\u2019attacco sternale consente di lavorare in tensione con la propria imbracatura e di dedicarsi completamente al compito da svolgere<\/li>\n<li> Cinghie in poliestere larghe 45 mm<\/li>\n<li> Cintura di sostegno lombare estremamente robusta con imbottitura in materiale espanso che consente all\u2019utente di lavorare in una posizione di sostegno al lavoro<\/li>\n<li> Chiusura e regolazione dell\u2019imbracatura attraverso 3 fibbie metalliche maschio-femmina sulle cosce e sulla cintura di sostegno<\/li>\n<li> Cinghia di supporto per le natiche per mantenere l\u2019utente in posizione verticale per un maggior comfort<\/li>\n<li> Clip in PVC per trattenere la cinghia in eccesso<\/li>\n<\/ul>\n","protected":false},"excerpt":{"rendered":"<p>L\u2019imbracatura anticaduta e di sostegno al lavoro COMFORT \u00e8 un dispositivo di protezione individuale destinato al lavoro in quota. \u00c8 ideale per lavorare inclinati. \u00c8 stata progettata per rispondere a un uso frequente. Presenta due punti di ancoraggio (sternale e dorsale) e tre fibbie di regolazione sulle cosce e sulla cintura di sostegno. Consente di lavorare in totale sicurezza e garantisce una presa perfetta del corpo. Grazie alla cintura di sostegno, l\u2019utente pu\u00f2 mantenersi in appoggio sui piedi lasciando contemporaneamente le mani libere di lavorare. \u00c8 uno dei componenti dei sistemi anticaduta.Questa imbracatura \u00e8 conforme alle norme EN 361, EN 358, e EN 365, \u00e8 certificata CE ed \u00e8 disponibile in due taglie.<\/p>\n","protected":false},"featured_media":14020,"template":"","meta":{"_acf_changed":false},"product_brand":[],"product_cat":[70109],"product_tag":[],"class_list":{"0":"post-17336","1":"product","2":"type-product","3":"status-publish","4":"has-post-thumbnail","6":"product_cat-harnais-it","7":"pa_abc_class-b-it","8":"pa_abc_class-s-it","9":"pa_base_unit-ea-it","10":"pa_brand-unyc-it","11":"pa_confort-3-it","12":"pa_e_com_product-no-it","13":"pa_edi_option-no-it","14":"pa_export_product-yes-it","15":"pa_g_range-13-it","16":"pa_lifespan-15-ans-it","17":"pa_lock_code-000-it","18":"pa_maximum_load-100-kg-it","19":"pa_pack_instructions_level_1-no-it","20":"pa_pack_instructions_level_2-no-it","21":"pa_pack_instructions_level_3-no-it","22":"pa_pack_type_level_1-ct-it","23":"pa_pack_type_level_2-pf-it","24":"pa_pic_family-097-it","25":"pa_product_origin-es-it","26":"pa_product_range_grouping-comfort-it","27":"pa_production_company-126-it","28":"pa_sales_company-126-it","29":"pa_sales_plan-c-it","30":"pa_sales_range-13-it","31":"pa_short_designation-harnais-comfort-taille-1-it","32":"pa_short_designation-harnais-comfort-taille-2-it","33":"pa_sigle-ce-it","34":"pa_size-size_1-it","35":"pa_size-size_2-it","36":"pa_standard-en_358-it","37":"pa_standard-en_361-it","38":"pa_standard-en_365-it","39":"pa_type_of_floor-fall_prevention-it","40":"pa_type_of_floor-work_positioning-it","41":"pa_type_of_floor-worksite_safety-it","42":"pa_type_of_product-harnais-it","43":"pa_use-regular-it","44":"pa_varied_weight-no-it","46":"first","47":"instock","48":"shipping-taxable","49":"purchasable","50":"product-type-variable"},"acf":[],"yoast_head":"<!-- This site is optimized with the Yoast SEO plugin v27.4 - https:\/\/yoast.com\/product\/yoast-seo-wordpress\/ -->\n<title>Imbracatura Comfort - Instance master - Old Unyc<\/title>\n<meta name=\"robots\" content=\"noindex, follow, max-snippet:-1, max-image-preview:large, max-video-preview:-1\" \/>\n<meta property=\"og:locale\" content=\"it_IT\" \/>\n<meta property=\"og:type\" content=\"article\" \/>\n<meta property=\"og:title\" content=\"Imbracatura Comfort - Instance master - Old Unyc\" \/>\n<meta property=\"og:description\" content=\"L\u2019imbracatura anticaduta e di sostegno al lavoro COMFORT \u00e8 un dispositivo di protezione individuale destinato al lavoro in quota. \u00c8 ideale per lavorare inclinati. \u00c8 stata progettata per rispondere a un uso frequente. Presenta due punti di ancoraggio (sternale e dorsale) e tre fibbie di regolazione sulle cosce e sulla cintura di sostegno. Consente di lavorare in totale sicurezza e garantisce una presa perfetta del corpo. Grazie alla cintura di sostegno, l\u2019utente pu\u00f2 mantenersi in appoggio sui piedi lasciando contemporaneamente le mani libere di lavorare. \u00c8 uno dei componenti dei sistemi anticaduta.Questa imbracatura \u00e8 conforme alle norme EN 361, EN 358, e EN 365, \u00e8 certificata CE ed \u00e8 disponibile in due taglie.\" \/>\n<meta property=\"og:url\" content=\"https:\/\/master.myweb-fm.com\/it\/prodotto\/imbracatura-comfort\/\" \/>\n<meta property=\"og:site_name\" content=\"Instance master - Old Unyc\" \/>\n<meta property=\"article:modified_time\" content=\"2023-11-27T14:22:31+00:00\" \/>\n<meta property=\"og:image\" content=\"https:\/\/master.myweb-fm.com\/wp-content\/uploads\/2023\/11\/b7ff50ed94c5933fc350b87f509d26720ddd2b08_126_091001CO_main_view_1.jpg\" \/>\n\t<meta property=\"og:image:width\" content=\"724\" \/>\n\t<meta property=\"og:image:height\" content=\"1024\" \/>\n\t<meta property=\"og:image:type\" content=\"image\/jpeg\" \/>\n<meta name=\"twitter:card\" content=\"summary_large_image\" \/>\n<meta name=\"twitter:label1\" content=\"Tempo di lettura stimato\" \/>\n\t<meta name=\"twitter:data1\" content=\"1 minuto\" \/>\n<script type=\"application\/ld+json\" class=\"yoast-schema-graph\">{\"@context\":\"https:\\\/\\\/schema.org\",\"@graph\":[{\"@type\":\"WebPage\",\"@id\":\"https:\\\/\\\/master.myweb-fm.com\\\/it\\\/prodotto\\\/imbracatura-comfort\\\/\",\"url\":\"https:\\\/\\\/master.myweb-fm.com\\\/it\\\/prodotto\\\/imbracatura-comfort\\\/\",\"name\":\"Imbracatura Comfort - Instance master - Old Unyc\",\"isPartOf\":{\"@id\":\"https:\\\/\\\/master.myweb-fm.com\\\/it\\\/#website\"},\"primaryImageOfPage\":{\"@id\":\"https:\\\/\\\/master.myweb-fm.com\\\/it\\\/prodotto\\\/imbracatura-comfort\\\/#primaryimage\"},\"image\":{\"@id\":\"https:\\\/\\\/master.myweb-fm.com\\\/it\\\/prodotto\\\/imbracatura-comfort\\\/#primaryimage\"},\"thumbnailUrl\":\"https:\\\/\\\/master.myweb-fm.com\\\/wp-content\\\/uploads\\\/2023\\\/11\\\/b7ff50ed94c5933fc350b87f509d26720ddd2b08_126_091001CO_main_view_1.jpg\",\"datePublished\":\"2023-11-20T21:14:32+00:00\",\"dateModified\":\"2023-11-27T14:22:31+00:00\",\"breadcrumb\":{\"@id\":\"https:\\\/\\\/master.myweb-fm.com\\\/it\\\/prodotto\\\/imbracatura-comfort\\\/#breadcrumb\"},\"inLanguage\":\"it-IT\",\"potentialAction\":[{\"@type\":\"ReadAction\",\"target\":[\"https:\\\/\\\/master.myweb-fm.com\\\/it\\\/prodotto\\\/imbracatura-comfort\\\/\"]}]},{\"@type\":\"ImageObject\",\"inLanguage\":\"it-IT\",\"@id\":\"https:\\\/\\\/master.myweb-fm.com\\\/it\\\/prodotto\\\/imbracatura-comfort\\\/#primaryimage\",\"url\":\"https:\\\/\\\/master.myweb-fm.com\\\/wp-content\\\/uploads\\\/2023\\\/11\\\/b7ff50ed94c5933fc350b87f509d26720ddd2b08_126_091001CO_main_view_1.jpg\",\"contentUrl\":\"https:\\\/\\\/master.myweb-fm.com\\\/wp-content\\\/uploads\\\/2023\\\/11\\\/b7ff50ed94c5933fc350b87f509d26720ddd2b08_126_091001CO_main_view_1.jpg\",\"width\":2480,\"height\":3508},{\"@type\":\"BreadcrumbList\",\"@id\":\"https:\\\/\\\/master.myweb-fm.com\\\/it\\\/prodotto\\\/imbracatura-comfort\\\/#breadcrumb\",\"itemListElement\":[{\"@type\":\"ListItem\",\"position\":1,\"name\":\"Catalogue\",\"item\":\"https:\\\/\\\/master.myweb-fm.com\\\/fr\\\/catalogue\\\/\"},{\"@type\":\"ListItem\",\"position\":2,\"name\":\"Imbracatura Comfort\"}]},{\"@type\":\"WebSite\",\"@id\":\"https:\\\/\\\/master.myweb-fm.com\\\/it\\\/#website\",\"url\":\"https:\\\/\\\/master.myweb-fm.com\\\/it\\\/\",\"name\":\"Instance master - Old Unyc\",\"description\":\"Fr\u00e9n\u00e9hard &amp; Michaux\",\"potentialAction\":[{\"@type\":\"SearchAction\",\"target\":{\"@type\":\"EntryPoint\",\"urlTemplate\":\"https:\\\/\\\/master.myweb-fm.com\\\/it\\\/?s={search_term_string}\"},\"query-input\":{\"@type\":\"PropertyValueSpecification\",\"valueRequired\":true,\"valueName\":\"search_term_string\"}}],\"inLanguage\":\"it-IT\"}]}<\/script>\n<!-- \/ Yoast SEO plugin. -->","yoast_head_json":{"title":"Imbracatura Comfort - Instance master - Old Unyc","robots":{"index":"noindex","follow":"follow","max-snippet":"max-snippet:-1","max-image-preview":"max-image-preview:large","max-video-preview":"max-video-preview:-1"},"og_locale":"it_IT","og_type":"article","og_title":"Imbracatura Comfort - Instance master - Old Unyc","og_description":"L\u2019imbracatura anticaduta e di sostegno al lavoro COMFORT \u00e8 un dispositivo di protezione individuale destinato al lavoro in quota. \u00c8 ideale per lavorare inclinati. \u00c8 stata progettata per rispondere a un uso frequente. Presenta due punti di ancoraggio (sternale e dorsale) e tre fibbie di regolazione sulle cosce e sulla cintura di sostegno. Consente di lavorare in totale sicurezza e garantisce una presa perfetta del corpo. Grazie alla cintura di sostegno, l\u2019utente pu\u00f2 mantenersi in appoggio sui piedi lasciando contemporaneamente le mani libere di lavorare. \u00c8 uno dei componenti dei sistemi anticaduta.Questa imbracatura \u00e8 conforme alle norme EN 361, EN 358, e EN 365, \u00e8 certificata CE ed \u00e8 disponibile in due taglie.","og_url":"https:\/\/master.myweb-fm.com\/it\/prodotto\/imbracatura-comfort\/","og_site_name":"Instance master - Old Unyc","article_modified_time":"2023-11-27T14:22:31+00:00","og_image":[{"url":"https:\/\/master.myweb-fm.com\/wp-content\/uploads\/2023\/11\/b7ff50ed94c5933fc350b87f509d26720ddd2b08_126_091001CO_main_view_1.jpg","width":724,"height":1024,"type":"image\/jpeg"}],"twitter_card":"summary_large_image","twitter_misc":{"Tempo di lettura stimato":"1 minuto"},"schema":{"@context":"https:\/\/schema.org","@graph":[{"@type":"WebPage","@id":"https:\/\/master.myweb-fm.com\/it\/prodotto\/imbracatura-comfort\/","url":"https:\/\/master.myweb-fm.com\/it\/prodotto\/imbracatura-comfort\/","name":"Imbracatura Comfort - Instance master - Old Unyc","isPartOf":{"@id":"https:\/\/master.myweb-fm.com\/it\/#website"},"primaryImageOfPage":{"@id":"https:\/\/master.myweb-fm.com\/it\/prodotto\/imbracatura-comfort\/#primaryimage"},"image":{"@id":"https:\/\/master.myweb-fm.com\/it\/prodotto\/imbracatura-comfort\/#primaryimage"},"thumbnailUrl":"https:\/\/master.myweb-fm.com\/wp-content\/uploads\/2023\/11\/b7ff50ed94c5933fc350b87f509d26720ddd2b08_126_091001CO_main_view_1.jpg","datePublished":"2023-11-20T21:14:32+00:00","dateModified":"2023-11-27T14:22:31+00:00","breadcrumb":{"@id":"https:\/\/master.myweb-fm.com\/it\/prodotto\/imbracatura-comfort\/#breadcrumb"},"inLanguage":"it-IT","potentialAction":[{"@type":"ReadAction","target":["https:\/\/master.myweb-fm.com\/it\/prodotto\/imbracatura-comfort\/"]}]},{"@type":"ImageObject","inLanguage":"it-IT","@id":"https:\/\/master.myweb-fm.com\/it\/prodotto\/imbracatura-comfort\/#primaryimage","url":"https:\/\/master.myweb-fm.com\/wp-content\/uploads\/2023\/11\/b7ff50ed94c5933fc350b87f509d26720ddd2b08_126_091001CO_main_view_1.jpg","contentUrl":"https:\/\/master.myweb-fm.com\/wp-content\/uploads\/2023\/11\/b7ff50ed94c5933fc350b87f509d26720ddd2b08_126_091001CO_main_view_1.jpg","width":2480,"height":3508},{"@type":"BreadcrumbList","@id":"https:\/\/master.myweb-fm.com\/it\/prodotto\/imbracatura-comfort\/#breadcrumb","itemListElement":[{"@type":"ListItem","position":1,"name":"Catalogue","item":"https:\/\/master.myweb-fm.com\/fr\/catalogue\/"},{"@type":"ListItem","position":2,"name":"Imbracatura Comfort"}]},{"@type":"WebSite","@id":"https:\/\/master.myweb-fm.com\/it\/#website","url":"https:\/\/master.myweb-fm.com\/it\/","name":"Instance master - Old Unyc","description":"Fr\u00e9n\u00e9hard &amp; Michaux","potentialAction":[{"@type":"SearchAction","target":{"@type":"EntryPoint","urlTemplate":"https:\/\/master.myweb-fm.com\/it\/?s={search_term_string}"},"query-input":{"@type":"PropertyValueSpecification","valueRequired":true,"valueName":"search_term_string"}}],"inLanguage":"it-IT"}]}},"_links":{"self":[{"href":"https:\/\/master.myweb-fm.com\/it\/wp-json\/wp\/v2\/product\/17336","targetHints":{"allow":["GET"]}}],"collection":[{"href":"https:\/\/master.myweb-fm.com\/it\/wp-json\/wp\/v2\/product"}],"about":[{"href":"https:\/\/master.myweb-fm.com\/it\/wp-json\/wp\/v2\/types\/product"}],"wp:featuredmedia":[{"embeddable":true,"href":"https:\/\/master.myweb-fm.com\/it\/wp-json\/wp\/v2\/media\/14020"}],"wp:attachment":[{"href":"https:\/\/master.myweb-fm.com\/it\/wp-json\/wp\/v2\/media?parent=17336"}],"wp:term":[{"taxonomy":"product_brand","embeddable":true,"href":"https:\/\/master.myweb-fm.com\/it\/wp-json\/wp\/v2\/product_brand?post=17336"},{"taxonomy":"product_cat","embeddable":true,"href":"https:\/\/master.myweb-fm.com\/it\/wp-json\/wp\/v2\/product_cat?post=17336"},{"taxonomy":"product_tag","embeddable":true,"href":"https:\/\/master.myweb-fm.com\/it\/wp-json\/wp\/v2\/product_tag?post=17336"}],"curies":[{"name":"wp","href":"https:\/\/api.w.org\/{rel}","templated":true}]}}