{"id":17043,"date":"2023-11-20T21:27:45","date_gmt":"2023-11-20T20:27:45","guid":{"rendered":"https:\/\/master.myweb-fm.com\/senza-categoria\/126-09100700\/"},"modified":"2023-11-27T17:53:13","modified_gmt":"2023-11-27T16:53:13","slug":"linea-vita-orizzontale-temporanea-20-m-2-persone","status":"publish","type":"product","link":"https:\/\/master.myweb-fm.com\/it\/prodotto\/linea-vita-orizzontale-temporanea-20-m-2-persone\/","title":{"rendered":"Linea vita orizzontale temporanea 20 m 2 persone"},"content":{"rendered":"<ul>\n<li>Consente uno spostamento orizzontale sicuro su un ampio raggio d\u2019azione: lunghezza 20 m di 2 operatori<\/li>\n<li> Braccio massimo di 1 m<\/li>\n<li> Cinghia in poliestere larga 35 mm con 2 anelli di ancoraggio da 1 m (capacit\u00e0 di carico: 22 kN) e 2 connettori girevoli in alluminio con apertura di 20 mm per eliminare le forme acquisite dal nastro<\/li>\n<li> Carico di pausa minimo: 20 kN<\/li>\n<li> diametro di apertura \u00d8 19 mm<\/li>\n<li> Dotata di un elemento di attacco a cricchetto con doppio blocco di sicurezza e controllo regolare della tensione<\/li>\n<li> Borsa impermeabile in PVC inclusa per: riporre facilmente il prodotto, raccogliere la cinghia in eccesso e proteggere gli elementi di aggancio e il dispositivo di arresto dagli agenti esterni<\/li>\n<li> Tensionamento semplice tramite cricchetto<\/li>\n<li> Uso occasionale<\/li>\n<li> Resistenza statica alla trazione F> 15 kN<\/li>\n<li> Resistenza alla rottura tramite trazione statica F> 50 kN<\/li>\n<li> Comportamento dinamico F> 6 kN (valore registrato in caduta libera con una massa di 100 kg)<\/li>\n<li> Soddisfa i requisiti della norma EN 795 classe B e classe C (1 e 2 persone possono utilizzarlo contemporaneamente).<\/li>\n<\/ul>\n","protected":false},"excerpt":{"rendered":"<p>La linea vita temporanea \u00e8 un dispositivo di ancoraggio orizzontale che comprende una linea di ancoraggio flessibile. Consente a due operatori dotati di DPI anticaduta di spostarsi orizzontalmente e simultaneamente su una distanza massima di 20 metri, senza bisogno di sganciarsi. Deve essere fissata con due cinghie di ancoraggio (incluse), situate allo stesso livello, sulla trave di colmo o su capriate situate il pi\u00f9 vicino possibile al colmo. \u00c8 uno dei componenti dei sistemi anticaduta. Questo strumento \u00e8 ideale e indispensabile per la realizzazione di determinati lavori (tetti, terrazze, carriponte, ecc.)<\/p>\n","protected":false},"featured_media":13311,"template":"","meta":{"_acf_changed":false},"product_brand":[],"product_cat":[70122],"product_tag":[],"class_list":{"0":"post-17043","1":"product","2":"type-product","3":"status-publish","4":"has-post-thumbnail","6":"product_cat-equipements-it","7":"pa_abc_class-a-it","8":"pa_base_unit-ea-it","9":"pa_brand-unyc-it","10":"pa_e_com_product-no-it","11":"pa_edi_option-no-it","12":"pa_export_product-yes-it","13":"pa_g_range-13-it","14":"pa_lifespan-15-ans-it","15":"pa_lock_code-000-it","16":"pa_pack_instructions_level_1-no-it","17":"pa_pack_instructions_level_2-no-it","18":"pa_pack_instructions_level_3-no-it","19":"pa_pack_type_level_1-ct-it","20":"pa_pack_type_level_2-pf-it","21":"pa_pic_family-097-it","22":"pa_product_origin-es-it","23":"pa_product_stored_at_manufactur-no-it-2","24":"pa_production_company-126-it","25":"pa_sales_company-126-it","26":"pa_sales_plan-c-it","27":"pa_sales_range-13-it","28":"pa_short_designation-ligne-de-vie-horiz-temp-20m-2p-it","29":"pa_sigle-ce-it","30":"pa_standard-en_795-it","31":"pa_use-intensive-it","32":"pa_varied_weight-no-it","34":"first","35":"instock","36":"shipping-taxable","37":"purchasable","38":"product-type-simple"},"acf":[],"yoast_head":"<!-- This site is optimized with the Yoast SEO plugin v27.4 - https:\/\/yoast.com\/product\/yoast-seo-wordpress\/ -->\n<title>Linea vita orizzontale temporanea 20 m 2 persone - Instance master - Old Unyc<\/title>\n<meta name=\"robots\" content=\"noindex, follow, max-snippet:-1, max-image-preview:large, max-video-preview:-1\" \/>\n<meta property=\"og:locale\" content=\"it_IT\" \/>\n<meta property=\"og:type\" content=\"article\" \/>\n<meta property=\"og:title\" content=\"Linea vita orizzontale temporanea 20 m 2 persone - Instance master - Old Unyc\" \/>\n<meta property=\"og:description\" content=\"La linea vita temporanea \u00e8 un dispositivo di ancoraggio orizzontale che comprende una linea di ancoraggio flessibile. Consente a due operatori dotati di DPI anticaduta di spostarsi orizzontalmente e simultaneamente su una distanza massima di 20 metri, senza bisogno di sganciarsi. Deve essere fissata con due cinghie di ancoraggio (incluse), situate allo stesso livello, sulla trave di colmo o su capriate situate il pi\u00f9 vicino possibile al colmo. \u00c8 uno dei componenti dei sistemi anticaduta. Questo strumento \u00e8 ideale e indispensabile per la realizzazione di determinati lavori (tetti, terrazze, carriponte, ecc.)\" \/>\n<meta property=\"og:url\" content=\"https:\/\/master.myweb-fm.com\/it\/prodotto\/linea-vita-orizzontale-temporanea-20-m-2-persone\/\" \/>\n<meta property=\"og:site_name\" content=\"Instance master - Old Unyc\" \/>\n<meta property=\"article:modified_time\" content=\"2023-11-27T16:53:13+00:00\" \/>\n<meta property=\"og:image\" content=\"https:\/\/master.myweb-fm.com\/wp-content\/uploads\/2023\/11\/b8a2ec7a606598f379d2c957150cd64711491058_126_09100700_main_view.jpg\" \/>\n\t<meta property=\"og:image:width\" content=\"768\" \/>\n\t<meta property=\"og:image:height\" content=\"1024\" \/>\n\t<meta property=\"og:image:type\" content=\"image\/jpeg\" \/>\n<meta name=\"twitter:card\" content=\"summary_large_image\" \/>\n<meta name=\"twitter:label1\" content=\"Tempo di lettura stimato\" \/>\n\t<meta name=\"twitter:data1\" content=\"1 minuto\" \/>\n<script type=\"application\/ld+json\" class=\"yoast-schema-graph\">{\"@context\":\"https:\\\/\\\/schema.org\",\"@graph\":[{\"@type\":\"WebPage\",\"@id\":\"https:\\\/\\\/master.myweb-fm.com\\\/it\\\/prodotto\\\/linea-vita-orizzontale-temporanea-20-m-2-persone\\\/\",\"url\":\"https:\\\/\\\/master.myweb-fm.com\\\/it\\\/prodotto\\\/linea-vita-orizzontale-temporanea-20-m-2-persone\\\/\",\"name\":\"Linea vita orizzontale temporanea 20 m 2 persone - Instance master - Old Unyc\",\"isPartOf\":{\"@id\":\"https:\\\/\\\/master.myweb-fm.com\\\/it\\\/#website\"},\"primaryImageOfPage\":{\"@id\":\"https:\\\/\\\/master.myweb-fm.com\\\/it\\\/prodotto\\\/linea-vita-orizzontale-temporanea-20-m-2-persone\\\/#primaryimage\"},\"image\":{\"@id\":\"https:\\\/\\\/master.myweb-fm.com\\\/it\\\/prodotto\\\/linea-vita-orizzontale-temporanea-20-m-2-persone\\\/#primaryimage\"},\"thumbnailUrl\":\"https:\\\/\\\/master.myweb-fm.com\\\/wp-content\\\/uploads\\\/2023\\\/11\\\/b8a2ec7a606598f379d2c957150cd64711491058_126_09100700_main_view.jpg\",\"datePublished\":\"2023-11-20T20:27:45+00:00\",\"dateModified\":\"2023-11-27T16:53:13+00:00\",\"breadcrumb\":{\"@id\":\"https:\\\/\\\/master.myweb-fm.com\\\/it\\\/prodotto\\\/linea-vita-orizzontale-temporanea-20-m-2-persone\\\/#breadcrumb\"},\"inLanguage\":\"it-IT\",\"potentialAction\":[{\"@type\":\"ReadAction\",\"target\":[\"https:\\\/\\\/master.myweb-fm.com\\\/it\\\/prodotto\\\/linea-vita-orizzontale-temporanea-20-m-2-persone\\\/\"]}]},{\"@type\":\"ImageObject\",\"inLanguage\":\"it-IT\",\"@id\":\"https:\\\/\\\/master.myweb-fm.com\\\/it\\\/prodotto\\\/linea-vita-orizzontale-temporanea-20-m-2-persone\\\/#primaryimage\",\"url\":\"https:\\\/\\\/master.myweb-fm.com\\\/wp-content\\\/uploads\\\/2023\\\/11\\\/b8a2ec7a606598f379d2c957150cd64711491058_126_09100700_main_view.jpg\",\"contentUrl\":\"https:\\\/\\\/master.myweb-fm.com\\\/wp-content\\\/uploads\\\/2023\\\/11\\\/b8a2ec7a606598f379d2c957150cd64711491058_126_09100700_main_view.jpg\",\"width\":2448,\"height\":3264},{\"@type\":\"BreadcrumbList\",\"@id\":\"https:\\\/\\\/master.myweb-fm.com\\\/it\\\/prodotto\\\/linea-vita-orizzontale-temporanea-20-m-2-persone\\\/#breadcrumb\",\"itemListElement\":[{\"@type\":\"ListItem\",\"position\":1,\"name\":\"Catalogue\",\"item\":\"https:\\\/\\\/master.myweb-fm.com\\\/fr\\\/catalogue\\\/\"},{\"@type\":\"ListItem\",\"position\":2,\"name\":\"Linea vita orizzontale temporanea 20 m 2 persone\"}]},{\"@type\":\"WebSite\",\"@id\":\"https:\\\/\\\/master.myweb-fm.com\\\/it\\\/#website\",\"url\":\"https:\\\/\\\/master.myweb-fm.com\\\/it\\\/\",\"name\":\"Instance master - Old Unyc\",\"description\":\"Fr\u00e9n\u00e9hard &amp; Michaux\",\"potentialAction\":[{\"@type\":\"SearchAction\",\"target\":{\"@type\":\"EntryPoint\",\"urlTemplate\":\"https:\\\/\\\/master.myweb-fm.com\\\/it\\\/?s={search_term_string}\"},\"query-input\":{\"@type\":\"PropertyValueSpecification\",\"valueRequired\":true,\"valueName\":\"search_term_string\"}}],\"inLanguage\":\"it-IT\"}]}<\/script>\n<!-- \/ Yoast SEO plugin. -->","yoast_head_json":{"title":"Linea vita orizzontale temporanea 20 m 2 persone - Instance master - Old Unyc","robots":{"index":"noindex","follow":"follow","max-snippet":"max-snippet:-1","max-image-preview":"max-image-preview:large","max-video-preview":"max-video-preview:-1"},"og_locale":"it_IT","og_type":"article","og_title":"Linea vita orizzontale temporanea 20 m 2 persone - Instance master - Old Unyc","og_description":"La linea vita temporanea \u00e8 un dispositivo di ancoraggio orizzontale che comprende una linea di ancoraggio flessibile. Consente a due operatori dotati di DPI anticaduta di spostarsi orizzontalmente e simultaneamente su una distanza massima di 20 metri, senza bisogno di sganciarsi. Deve essere fissata con due cinghie di ancoraggio (incluse), situate allo stesso livello, sulla trave di colmo o su capriate situate il pi\u00f9 vicino possibile al colmo. \u00c8 uno dei componenti dei sistemi anticaduta. Questo strumento \u00e8 ideale e indispensabile per la realizzazione di determinati lavori (tetti, terrazze, carriponte, ecc.)","og_url":"https:\/\/master.myweb-fm.com\/it\/prodotto\/linea-vita-orizzontale-temporanea-20-m-2-persone\/","og_site_name":"Instance master - Old Unyc","article_modified_time":"2023-11-27T16:53:13+00:00","og_image":[{"url":"https:\/\/master.myweb-fm.com\/wp-content\/uploads\/2023\/11\/b8a2ec7a606598f379d2c957150cd64711491058_126_09100700_main_view.jpg","width":768,"height":1024,"type":"image\/jpeg"}],"twitter_card":"summary_large_image","twitter_misc":{"Tempo di lettura stimato":"1 minuto"},"schema":{"@context":"https:\/\/schema.org","@graph":[{"@type":"WebPage","@id":"https:\/\/master.myweb-fm.com\/it\/prodotto\/linea-vita-orizzontale-temporanea-20-m-2-persone\/","url":"https:\/\/master.myweb-fm.com\/it\/prodotto\/linea-vita-orizzontale-temporanea-20-m-2-persone\/","name":"Linea vita orizzontale temporanea 20 m 2 persone - Instance master - Old Unyc","isPartOf":{"@id":"https:\/\/master.myweb-fm.com\/it\/#website"},"primaryImageOfPage":{"@id":"https:\/\/master.myweb-fm.com\/it\/prodotto\/linea-vita-orizzontale-temporanea-20-m-2-persone\/#primaryimage"},"image":{"@id":"https:\/\/master.myweb-fm.com\/it\/prodotto\/linea-vita-orizzontale-temporanea-20-m-2-persone\/#primaryimage"},"thumbnailUrl":"https:\/\/master.myweb-fm.com\/wp-content\/uploads\/2023\/11\/b8a2ec7a606598f379d2c957150cd64711491058_126_09100700_main_view.jpg","datePublished":"2023-11-20T20:27:45+00:00","dateModified":"2023-11-27T16:53:13+00:00","breadcrumb":{"@id":"https:\/\/master.myweb-fm.com\/it\/prodotto\/linea-vita-orizzontale-temporanea-20-m-2-persone\/#breadcrumb"},"inLanguage":"it-IT","potentialAction":[{"@type":"ReadAction","target":["https:\/\/master.myweb-fm.com\/it\/prodotto\/linea-vita-orizzontale-temporanea-20-m-2-persone\/"]}]},{"@type":"ImageObject","inLanguage":"it-IT","@id":"https:\/\/master.myweb-fm.com\/it\/prodotto\/linea-vita-orizzontale-temporanea-20-m-2-persone\/#primaryimage","url":"https:\/\/master.myweb-fm.com\/wp-content\/uploads\/2023\/11\/b8a2ec7a606598f379d2c957150cd64711491058_126_09100700_main_view.jpg","contentUrl":"https:\/\/master.myweb-fm.com\/wp-content\/uploads\/2023\/11\/b8a2ec7a606598f379d2c957150cd64711491058_126_09100700_main_view.jpg","width":2448,"height":3264},{"@type":"BreadcrumbList","@id":"https:\/\/master.myweb-fm.com\/it\/prodotto\/linea-vita-orizzontale-temporanea-20-m-2-persone\/#breadcrumb","itemListElement":[{"@type":"ListItem","position":1,"name":"Catalogue","item":"https:\/\/master.myweb-fm.com\/fr\/catalogue\/"},{"@type":"ListItem","position":2,"name":"Linea vita orizzontale temporanea 20 m 2 persone"}]},{"@type":"WebSite","@id":"https:\/\/master.myweb-fm.com\/it\/#website","url":"https:\/\/master.myweb-fm.com\/it\/","name":"Instance master - Old Unyc","description":"Fr\u00e9n\u00e9hard &amp; Michaux","potentialAction":[{"@type":"SearchAction","target":{"@type":"EntryPoint","urlTemplate":"https:\/\/master.myweb-fm.com\/it\/?s={search_term_string}"},"query-input":{"@type":"PropertyValueSpecification","valueRequired":true,"valueName":"search_term_string"}}],"inLanguage":"it-IT"}]}},"_links":{"self":[{"href":"https:\/\/master.myweb-fm.com\/it\/wp-json\/wp\/v2\/product\/17043","targetHints":{"allow":["GET"]}}],"collection":[{"href":"https:\/\/master.myweb-fm.com\/it\/wp-json\/wp\/v2\/product"}],"about":[{"href":"https:\/\/master.myweb-fm.com\/it\/wp-json\/wp\/v2\/types\/product"}],"wp:featuredmedia":[{"embeddable":true,"href":"https:\/\/master.myweb-fm.com\/it\/wp-json\/wp\/v2\/media\/13311"}],"wp:attachment":[{"href":"https:\/\/master.myweb-fm.com\/it\/wp-json\/wp\/v2\/media?parent=17043"}],"wp:term":[{"taxonomy":"product_brand","embeddable":true,"href":"https:\/\/master.myweb-fm.com\/it\/wp-json\/wp\/v2\/product_brand?post=17043"},{"taxonomy":"product_cat","embeddable":true,"href":"https:\/\/master.myweb-fm.com\/it\/wp-json\/wp\/v2\/product_cat?post=17043"},{"taxonomy":"product_tag","embeddable":true,"href":"https:\/\/master.myweb-fm.com\/it\/wp-json\/wp\/v2\/product_tag?post=17043"}],"curies":[{"name":"wp","href":"https:\/\/api.w.org\/{rel}","templated":true}]}}