{"id":1705,"date":"2022-09-23T14:11:38","date_gmt":"2022-09-23T12:11:38","guid":{"rendered":"https:\/\/master.myweb-fm.com\/politique-de-confidentialite-du-site\/"},"modified":"2022-10-10T17:37:50","modified_gmt":"2022-10-10T15:37:50","slug":"informativa-sulla-privacy","status":"publish","type":"page","link":"https:\/\/master.myweb-fm.com\/it\/informativa-sulla-privacy\/","title":{"rendered":"INFORMATIVA SULLA PRIVACY"},"content":{"rendered":"\n<p>Data ultimo aggiornamento: 22\/08\/2022.<\/p>\n\n\n\n<p>La societ\u00e0 Tubesca-Comabi (in seguito denominata \u201c<strong>Noi<\/strong>\u201d) accorda un\u2019importanza capitale al rispetto della protezione dei dati a carattere personale degli utenti del suo sito Internet (https:\/\/www.unyc.com) (in seguito collettivamente definiti \u201c<strong>Voi<\/strong>\u201d).<\/p>\n\n\n\n<p>Al fine di fornirvi un\u2019informazione completa e trasparente sull\u2019utilizzo che facciamo dei vostri dati personali, nonch\u00e9 sui vari diritti che potete esercitare, abbiamo elaborato questa Informativa sulla Privacy.<\/p>\n\n\n\n<p>Raccogliamo i vostri dati personali in modo corretto, lecito e trasparente e i vostri dati, cos\u00ec raccolti, sono proporzionati alle finalit\u00e0 del nostro trattamento.<\/p>\n\n\n\n<ol class=\"wp-block-list\" type=\"1\"><li><strong>DEFINIZIONI<\/strong><\/li><\/ol>\n\n\n\n<ul class=\"is-style-mycms-default wp-block-list\"><li><strong>Che cos\u2019\u00e8 un dato a carattere personale?<\/strong> Un dato a carattere personale, o dato personale, \u00e8 un\u2019informazione che permette di identificarvi, direttamente o indirettamente. Pu\u00f2 trattarsi del vostro nome, cognome, indirizzo postale e\/o elettronico, nonch\u00e9 dei vostri dati di navigazione.<\/li><li><strong>Che cos\u2019\u00e8 un responsabile del trattamento?<\/strong> \u00c8 la persona o l\u2019impresa che decide di trattare i vostri dati personali e determina perch\u00e9 e come utilizzarli.<\/li><li><strong>Che cos\u2019\u00e8 una finalit\u00e0?<\/strong> \u00c8 l\u2019obiettivo principale dell\u2019utilizzo dei vostri dati.<\/li><li><strong>Che cos\u2019\u00e8 una base legale?<\/strong> \u00c8 il fondamento sul quale si basa l\u2019utilizzo dei vostri dati per essere lecito.<\/li><li><strong>Che cos\u2019\u00e8 una durata di conservazione?<\/strong> \u00c8 la durata durante la quale abbiamo bisogno di utilizzare i vostri dati in relazione con la finalit\u00e0 perseguita, a meno che le leggi in vigore ci permettano o ci impongano di conservarli pi\u00f9 a lungo.<\/li><\/ul>\n\n\n\n<ul class=\"wp-block-list\"><li><strong>CHI \u00c8 IL RESPONSABILE DEL TRATTAMENTO?<\/strong><\/li><\/ul>\n\n\n\n<p>Tubesca-Comabi \u00e8 responsabile del trattamento dei vostri dati personali raccolti sul Sito.<\/p>\n\n\n\n<ul class=\"wp-block-list\"><li><strong>PERCH\u00c9 USIAMO I VOSTRI DATI E PER QUANTO TEMPO LI CONSERVIAMO?<\/strong><\/li><\/ul>\n\n\n\n<p>Al fine di semplificare la presentazione delle caratteristiche dei trattamenti attuati, vi presentiamo nella tabella sottostante i motivi per i quali trattiamo i vostri dati (finalit\u00e0), le nostre giustificazioni del trattamento (basi legali), nonch\u00e9 il periodo durante il quale li utilizziamo (durata di conservazione).<\/p>\n\n\n\n<figure class=\"wp-block-table is-style-regular-orange \"><table><tbody><tr><td><strong>Finalit\u00e0<\/strong><\/td><td><strong>Basi legali<\/strong><\/td><td><strong>Durata di conservazione<\/strong><\/td><\/tr><tr><td>Creazione e gestione del vostro account cliente sul Sito&nbsp;<\/td><td>Esecuzione del contratto<\/td><td>I dati saranno conservati fino a quando non avrete cancellato il vostro account. Nel caso in cui non utilizziate pi\u00f9 il vostro account e che lo stesso non sia stato cancellato, lo considereremo come inattivo dopo un periodo di due anni e allora, salvo opposizione da parte vostra, procederemo alla sua cancellazione.<\/td><\/tr><tr><td>Gestione del monitoraggio dei dispositivi di protezione individuale (DPI):<br>\u00a7&nbsp; Registrazione dei vostri DPI;<br>Invio di avvisi per i promemoria di verifica dei DPI.<\/td><td>Esecuzione del contratto<\/td><td>I dati saranno conservati fino a quando non avrete cancellato il vostro account. Nel caso in cui non utilizziate pi\u00f9 il vostro account e che lo stesso non sia stato cancellato, lo considereremo come inattivo dopo un periodo di due anni e allora, salvo opposizione da parte vostra, procederemo alla sua cancellazione.<\/td><\/tr><tr><td>Gestione delle vostre richieste di preventivo<\/td><td>Esecuzione del contratto<\/td><td>Nessuna conservazione<\/td><\/tr><tr><td>Invio di offerte commerciali via e-mail, salvo opposizione da parte vostra alla ricezione di tali sollecitazioni<br>(presenza di una casella da spuntare \u201cAccetto di ricevere le offerte Unyc\u201d)<\/td><td>Il nostro legittimo interesse a inviarvi raccomandazioni che vertono su prodotti che potrebbero interessarvi<\/td><td>Per un periodo di 3 anni a decorrere dal nostro ultimo contatto o fino alla vostra disdetta dell\u2019iscrizione a ricevere tali sollecitazioni.<\/td><\/tr><tr><td>Risposte alle vostre domande<\/td><td>Il nostro legittimo interesse a rispondere alle vostre domande<\/td><td>Durata necessarie per rispondere alle vostre domande<\/td><\/tr><tr><td>Gestione del Sito mediante utilizzo dei cookie<\/td><td>Il nostro legittimo interesse ad assicurare il funzionamento del Sito, a misurarne la frequentazione, a conoscere la pertinenza dei suoi contenuti e la sua capacit\u00e0 di attrazione.<\/td><td>I vostri dati sono conservati per una durata massima di 13 mesi.<\/td><\/tr><\/tbody><\/table><\/figure>\n\n\n\n<ol class=\"wp-block-list\" type=\"1\"><li><strong>QUALI SONO I DATI PERSONALI CHE RACCOGLIAMO?<\/strong><\/li><\/ol>\n\n\n\n<p>Al fine di eseguire i trattamenti descritti precedentemente, raccogliamo:<\/p>\n\n\n\n<ul class=\"is-style-mycms-default wp-block-list\"><li>Il vostro cognome,<\/li><li>Il vostro nome,<\/li><li>Il vostro indirizzo e-mail professionale,<\/li><li>Il vostro numero di telefono professionale.<\/li><\/ul>\n\n\n\n<p>Se del caso, possiamo anche raccogliere i dati personali da voi eventualmente indicati nella zona di commento libero presentata in occasione della registrazione dei vostri DPI oppure nella sezione \u201cMessaggio\u201d quando desiderate mettervi in contatto con noi. A tale proposito, vi chiediamo di indicare in queste sezioni solamente commenti neutri e obiettivi e di limitare allo stretto necessario i dati personali che potreste trasmetterci.<\/p>\n\n\n\n<p>A condizione di aver ricevuto il vostro accordo preliminare alla loro registrazione, possiamo anche raccogliere dati relativi alla vostra navigazione sulle pagine del Sito, nonch\u00e9 il vostro indirizzo IP, grazie all\u2019utilizzo di cookie. Effettuiamo misurazioni dell\u2019audience che ci permettono di realizzare statistiche relative alla frequentazione del Sito e analisi di prestazione delle campagne pubblicitarie. Per maggiori informazioni sulle finalit\u00e0 dei cookie utilizzati, i responsabili della loro emissione e i mezzi messi a vostra disposizione per opporvi, vi invitiamo a consultare il seguente indirizzo: <a href=\"http:\/\/www.axeptio.com\">www.axeptio.com<\/a><\/p>\n\n\n\n<ul class=\"wp-block-list\"><li><strong>A CHI TRASMETTIAMO I VOSTRI DATI?<\/strong><\/li><\/ul>\n\n\n\n<p>I vostri dati personali sono trasmessi, all\u2019interno dei nostri vari servizi, alle sole persone abilitate a trattarli, in particolar modo ai membri del nostro servizio commerciale.<\/p>\n\n\n\n<p>Sono inoltre trasmessi ai nostri partner esterni, che agiscono in nostro nome e per nostro conto, come quelli che intervengono, per esempio, nella gestione del nostro sito Internet o per l\u2019hosting dei nostri dati. I vostri dati possono anche essere trasmessi alle nostre societ\u00e0 partner, membri del Gruppo Fr\u00e9n\u00e9hard &amp; Michaux, per la realizzazione di alcune prestazioni su vostra richiesta. A titolo di esempio, i vostri dati possono essere trasmessi alla societ\u00e0 Gamesystem per la realizzazione di preventivi per la verifica dei vostri DPI. Ci assicuriamo che tutti i destinatari dei vostri dati presentino le garanzie necessarie per il rispetto della sicurezza e della riservatezza degli stessi. &nbsp;<\/p>\n\n\n\n<p>Possiamo anche essere portati, in virt\u00f9 di un obbligo legale, a trasmettere i vostri dati personali a un\u2019autorit\u00e0 amministrativa o ad un ente pubblico abilitato (es.: previdenza sociale, amministrazione fiscale o altri).<\/p>\n\n\n\n<ul class=\"wp-block-list\"><li><strong>I VOSTRI DATI SONO CONDIVISI CON DESTINATARI UBICATI FUORI DAI CONFINI DELL\u2019UNIONE EUROPEA?<\/strong><\/li><\/ul>\n\n\n\n<p>I nostri trattamenti dei vostri dati personali sono essenzialmente effettuati in Europa.<\/p>\n\n\n\n<p>Tuttavia, pu\u00f2 accadere che alcuni vostri dati personali siano trasferiti verso Paesi non appartenenti all\u2019Unione Europea. Nell\u2019ipotesi in cui un tale trasferimento fosse effettuato verso un Paese con un livello di protezione considerato inadeguato dalle autorit\u00e0 europee, ci impegniamo a disciplinare il trasferimento interessato grazie a garanzie appropriate, ai sensi delle normative applicabili.<\/p>\n\n\n\n<p>Per esempio, ci assicuriamo che le societ\u00e0 destinatarie dei vostri dati abbiano firmato contratti di trattamento dei dati basati sulle clausole contrattuali convalidate dalla Commissione Europea e attualmente in vigore, alle quali potranno essere aggiunte misure complementari, oppure che le suddette societ\u00e0 abbiano aderito a un codice di condotta o ad un meccanismo di certificazione.<\/p>\n\n\n\n<p>Potete richiedere maggiori informazioni sulle garanzie attuate inviandoci un\u2019e-mail all\u2019indirizzo indicato nella sottostante sezione \u201c<em>7. Qu<\/em><em>ali sono i vostri diritti sui vostri dati personali?<\/em>\u201d.<\/p>\n\n\n\n<ul class=\"wp-block-list\"><li><strong>QUALI SONO I VOSTRI DIRITTI SUI VOSTRI DATI PERSONALI?<\/strong><\/li><\/ul>\n\n\n\n<p>Ai sensi delle normative in vigore, disponete dei seguenti diritti:<\/p>\n\n\n\n<ul class=\"is-style-mycms-default wp-block-list\"><li>Il diritto di richiedere al responsabile del trattamento <strong>di accedere<\/strong> ai vostri dati personali;<\/li><li>Il diritto di richiedere<strong> la rettifica o la cancellazione<\/strong> dei vostri dati personali;<\/li><li>Se del caso, il diritto di richiedere <strong>una limitazione del trattamento dei vostri dati personali<\/strong>;<\/li><li>Il diritto<strong> di opporvi al loro trattamento<\/strong>. Per i trattamenti basati sul vostro consenso, avrete la possibilit\u00e0 di ritirarlo in ogni momento.<\/li><li>In alcune circostanze, il <strong>diritto alla portabilit\u00e0 dei vostri dati personali<\/strong>.<\/li><\/ul>\n\n\n\n<p>Il diritto alla portabilit\u00e0 vi permette, quando il trattamento dei vostri dati personali \u00e8 basato sul vostro consenso o su un contratto e che lo stesso \u00e8 effettuato per mezzo di procedure automatizzate, di ottenere da noi che i vostri dati vi siano forniti in un formato strutturato, comunemente utilizzabile e leggibile da una macchina. I dati personali cos\u00ec ottenuti potranno poi essere trasmessi a un altro responsabile del trattamento senza che noi possiamo opporci.&nbsp;<\/p>\n\n\n\n<p>Potete anche <strong>definire direttive generali o particolari relativamente alla sorte dei vostri dati personali dopo il vostro decesso<\/strong>. Le direttive generali possono essere registrate presso i terzi di fiducia certificati dalla CNIL (<em>Commissione Nazionale francese dell\u2019Informatica e delle Libert\u00e0<\/em>), mentre le direttive particolari possono essere inoltrate al responsabile del trattamento interessato.&nbsp;<\/p>\n\n\n\n<p>Potete esercitare i vostri diritti inviandoci un\u2019e-mail all\u2019indirizzo <a href=\"mailto:communication@tubesca-comabi.com\">communication@tubesca-comabi.com<\/a> oppure via posta al seguente indirizzo:<\/p>\n\n\n\n<p>Tubesca Comabi SAS<\/p>\n\n\n\n<p>976, route de Saint-Bernard<\/p>\n\n\n\n<p>01604 Tr\u00e9voux (Francia)<\/p>\n\n\n\n<p>Per maggiori informazioni sui vostri diritti: <a href=\"https:\/\/www.cnil.fr\/fr\/les-droits-pour-maitriser-vos-donnees-personnelles\">https:\/\/www.cnil.fr\/fr\/les-droits-pour-maitriser-vos-donnees-personnelles<\/a><\/p>\n\n\n\n<p>Nel caso in cui stimiate che non rispettiamo i nostri obblighi o i vostri diritti sui vostri dati personali, potete<strong> inoltrare un reclamo alla <\/strong><a href=\"https:\/\/www.cnil.fr\/\">CNIL<\/a>, come previsto dalle normative applicabili.<\/p>\n\n\n\n<ul class=\"wp-block-list\"><li><strong>MODIFICA DELL\u2019INFORMATIVA SULLA PRIVACY<\/strong><\/li><\/ul>\n\n\n\n<p>Questa Informativa sulla Privacy pu\u00f2 essere modificata o completata in ogni momento, al fine, in particolar modo, di conformarsi a ogni eventuale evoluzione legislativa, normativa, giurisprudenziale o tecnologica.<\/p>\n","protected":false},"excerpt":{"rendered":"<p>Data ultimo aggiornamento: 22\/08\/2022. La societ\u00e0 Tubesca-Comabi (in seguito denominata \u201cNoi\u201d) accorda un\u2019importanza capitale al rispetto della protezione dei dati a carattere personale degli utenti del suo sito Internet (https:\/\/www.unyc.com) (in seguito collettivamente definiti \u201cVoi\u201d). Al fine di fornirvi un\u2019informazione completa e trasparente sull\u2019utilizzo che facciamo dei vostri dati personali, nonch\u00e9 sui vari diritti che [&hellip;]<\/p>\n","protected":false},"author":7,"featured_media":0,"parent":0,"menu_order":0,"comment_status":"closed","ping_status":"closed","template":"","meta":{"_acf_changed":false,"footnotes":""},"class_list":["post-1705","page","type-page","status-publish","hentry"],"acf":[],"yoast_head":"<!-- This site is optimized with the Yoast SEO plugin v27.3 - https:\/\/yoast.com\/product\/yoast-seo-wordpress\/ -->\n<title>INFORMATIVA SULLA PRIVACY - Instance master - Old Unyc<\/title>\n<meta name=\"robots\" content=\"noindex, follow, max-snippet:-1, max-image-preview:large, max-video-preview:-1\" \/>\n<meta property=\"og:locale\" content=\"it_IT\" \/>\n<meta property=\"og:type\" content=\"article\" \/>\n<meta property=\"og:title\" content=\"INFORMATIVA SULLA PRIVACY - Instance master - Old Unyc\" \/>\n<meta property=\"og:description\" content=\"Data ultimo aggiornamento: 22\/08\/2022. La societ\u00e0 Tubesca-Comabi (in seguito denominata \u201cNoi\u201d) accorda un\u2019importanza capitale al rispetto della protezione dei dati a carattere personale degli utenti del suo sito Internet (https:\/\/www.unyc.com) (in seguito collettivamente definiti \u201cVoi\u201d). Al fine di fornirvi un\u2019informazione completa e trasparente sull\u2019utilizzo che facciamo dei vostri dati personali, nonch\u00e9 sui vari diritti che [&hellip;]\" \/>\n<meta property=\"og:url\" content=\"https:\/\/master.myweb-fm.com\/it\/informativa-sulla-privacy\/\" \/>\n<meta property=\"og:site_name\" content=\"Instance master - Old Unyc\" \/>\n<meta property=\"article:modified_time\" content=\"2022-10-10T15:37:50+00:00\" \/>\n<meta name=\"twitter:card\" content=\"summary_large_image\" \/>\n<meta name=\"twitter:label1\" content=\"Tempo di lettura stimato\" \/>\n\t<meta name=\"twitter:data1\" content=\"8 minuti\" \/>\n<script type=\"application\/ld+json\" class=\"yoast-schema-graph\">{\"@context\":\"https:\\\/\\\/schema.org\",\"@graph\":[{\"@type\":\"WebPage\",\"@id\":\"https:\\\/\\\/master.myweb-fm.com\\\/it\\\/informativa-sulla-privacy\\\/\",\"url\":\"https:\\\/\\\/master.myweb-fm.com\\\/it\\\/informativa-sulla-privacy\\\/\",\"name\":\"INFORMATIVA SULLA PRIVACY - Instance master - Old Unyc\",\"isPartOf\":{\"@id\":\"https:\\\/\\\/master.myweb-fm.com\\\/it\\\/#website\"},\"datePublished\":\"2022-09-23T12:11:38+00:00\",\"dateModified\":\"2022-10-10T15:37:50+00:00\",\"inLanguage\":\"it-IT\",\"potentialAction\":[{\"@type\":\"ReadAction\",\"target\":[\"https:\\\/\\\/master.myweb-fm.com\\\/it\\\/informativa-sulla-privacy\\\/\"]}]},{\"@type\":\"WebSite\",\"@id\":\"https:\\\/\\\/master.myweb-fm.com\\\/it\\\/#website\",\"url\":\"https:\\\/\\\/master.myweb-fm.com\\\/it\\\/\",\"name\":\"Instance master - Old Unyc\",\"description\":\"Fr\u00e9n\u00e9hard &amp; Michaux\",\"potentialAction\":[{\"@type\":\"SearchAction\",\"target\":{\"@type\":\"EntryPoint\",\"urlTemplate\":\"https:\\\/\\\/master.myweb-fm.com\\\/it\\\/?s={search_term_string}\"},\"query-input\":{\"@type\":\"PropertyValueSpecification\",\"valueRequired\":true,\"valueName\":\"search_term_string\"}}],\"inLanguage\":\"it-IT\"}]}<\/script>\n<!-- \/ Yoast SEO plugin. -->","yoast_head_json":{"title":"INFORMATIVA SULLA PRIVACY - Instance master - Old Unyc","robots":{"index":"noindex","follow":"follow","max-snippet":"max-snippet:-1","max-image-preview":"max-image-preview:large","max-video-preview":"max-video-preview:-1"},"og_locale":"it_IT","og_type":"article","og_title":"INFORMATIVA SULLA PRIVACY - Instance master - Old Unyc","og_description":"Data ultimo aggiornamento: 22\/08\/2022. La societ\u00e0 Tubesca-Comabi (in seguito denominata \u201cNoi\u201d) accorda un\u2019importanza capitale al rispetto della protezione dei dati a carattere personale degli utenti del suo sito Internet (https:\/\/www.unyc.com) (in seguito collettivamente definiti \u201cVoi\u201d). Al fine di fornirvi un\u2019informazione completa e trasparente sull\u2019utilizzo che facciamo dei vostri dati personali, nonch\u00e9 sui vari diritti che [&hellip;]","og_url":"https:\/\/master.myweb-fm.com\/it\/informativa-sulla-privacy\/","og_site_name":"Instance master - Old Unyc","article_modified_time":"2022-10-10T15:37:50+00:00","twitter_card":"summary_large_image","twitter_misc":{"Tempo di lettura stimato":"8 minuti"},"schema":{"@context":"https:\/\/schema.org","@graph":[{"@type":"WebPage","@id":"https:\/\/master.myweb-fm.com\/it\/informativa-sulla-privacy\/","url":"https:\/\/master.myweb-fm.com\/it\/informativa-sulla-privacy\/","name":"INFORMATIVA SULLA PRIVACY - Instance master - Old Unyc","isPartOf":{"@id":"https:\/\/master.myweb-fm.com\/it\/#website"},"datePublished":"2022-09-23T12:11:38+00:00","dateModified":"2022-10-10T15:37:50+00:00","inLanguage":"it-IT","potentialAction":[{"@type":"ReadAction","target":["https:\/\/master.myweb-fm.com\/it\/informativa-sulla-privacy\/"]}]},{"@type":"WebSite","@id":"https:\/\/master.myweb-fm.com\/it\/#website","url":"https:\/\/master.myweb-fm.com\/it\/","name":"Instance master - Old Unyc","description":"Fr\u00e9n\u00e9hard &amp; Michaux","potentialAction":[{"@type":"SearchAction","target":{"@type":"EntryPoint","urlTemplate":"https:\/\/master.myweb-fm.com\/it\/?s={search_term_string}"},"query-input":{"@type":"PropertyValueSpecification","valueRequired":true,"valueName":"search_term_string"}}],"inLanguage":"it-IT"}]}},"_links":{"self":[{"href":"https:\/\/master.myweb-fm.com\/it\/wp-json\/wp\/v2\/pages\/1705","targetHints":{"allow":["GET"]}}],"collection":[{"href":"https:\/\/master.myweb-fm.com\/it\/wp-json\/wp\/v2\/pages"}],"about":[{"href":"https:\/\/master.myweb-fm.com\/it\/wp-json\/wp\/v2\/types\/page"}],"author":[{"embeddable":true,"href":"https:\/\/master.myweb-fm.com\/it\/wp-json\/wp\/v2\/users\/7"}],"replies":[{"embeddable":true,"href":"https:\/\/master.myweb-fm.com\/it\/wp-json\/wp\/v2\/comments?post=1705"}],"version-history":[{"count":0,"href":"https:\/\/master.myweb-fm.com\/it\/wp-json\/wp\/v2\/pages\/1705\/revisions"}],"wp:attachment":[{"href":"https:\/\/master.myweb-fm.com\/it\/wp-json\/wp\/v2\/media?parent=1705"}],"curies":[{"name":"wp","href":"https:\/\/api.w.org\/{rel}","templated":true}]}}