{"id":1300,"date":"2022-08-09T10:32:50","date_gmt":"2022-08-09T08:32:50","guid":{"rendered":"https:\/\/master.myweb-fm.com\/dpi-anticaduta-come-scegliere-quelli-giusti\/"},"modified":"2023-07-26T11:24:19","modified_gmt":"2023-07-26T09:24:19","slug":"dpi-anticaduta-come-scegliere-quelli-giusti","status":"publish","type":"page","link":"https:\/\/master.myweb-fm.com\/it\/dpi-anticaduta-come-scegliere-quelli-giusti\/","title":{"rendered":"DPI anticaduta: come scegliere quelli giusti?"},"content":{"rendered":"\n<p>Numerose professioni possono ritrovarsi a lavorare in quota: professionisti dell\u2019edilizia e dei lavori pubblici, agenti delle reti elettriche, addetti alle pulizie, tecnici di manutenzione industriale&#8230; Le cadute dall\u2019alto sono la principale causa di incidenti mortali sul lavoro.<\/p>\n\n\n\n<figure class=\"wp-block-image alignwide size-large\"><img loading=\"lazy\" decoding=\"async\" width=\"1024\" height=\"369\" src=\"https:\/\/master.myweb-fm.com\/wp-content\/uploads\/2022\/07\/Image_banner_edito@2x-1024x369.jpg\" alt=\"Unyc\" class=\"wp-image-332\" srcset=\"https:\/\/master.myweb-fm.com\/wp-content\/uploads\/2022\/07\/Image_banner_edito@2x-1024x369.jpg 1024w, https:\/\/master.myweb-fm.com\/wp-content\/uploads\/2022\/07\/Image_banner_edito@2x-600x216.jpg 600w, https:\/\/master.myweb-fm.com\/wp-content\/uploads\/2022\/07\/Image_banner_edito@2x-300x108.jpg 300w, https:\/\/master.myweb-fm.com\/wp-content\/uploads\/2022\/07\/Image_banner_edito@2x-768x277.jpg 768w, https:\/\/master.myweb-fm.com\/wp-content\/uploads\/2022\/07\/Image_banner_edito@2x-1536x554.jpg 1536w, https:\/\/master.myweb-fm.com\/wp-content\/uploads\/2022\/07\/Image_banner_edito@2x-2048x738.jpg 2048w, https:\/\/master.myweb-fm.com\/wp-content\/uploads\/2022\/07\/Image_banner_edito@2x-1110x400.jpg 1110w, https:\/\/master.myweb-fm.com\/wp-content\/uploads\/2022\/07\/Image_banner_edito@2x-375x135.jpg 375w\" sizes=\"auto, (max-width: 1024px) 100vw, 1024px\" \/><\/figure>\n\n\n\n<p>Quando \u00e8 tecnicamente impossibile installare protezioni collettive, il ricorso a dispositivi di protezione individuale (DPI) contro le cadute dall\u2019alto \u00e8 obbligatorio. Questi sistemi di protezione individuale sono usati per arrestare la caduta. I DPI possono anche essere adottati per proteggere il personale che installa le protezioni collettive quando le modalit\u00e0 operative non permettono di eliminare i rischi di caduta.<\/p>\n\n\n\n<p>La scelta del materiale dipender\u00e0 dall\u2019uso che ne sar\u00e0 fatto e dovr\u00e0 soddisfare le norme in vigore.<\/p>\n\n\n<div class=\"mycms-list-anchor--list list_anchor\">\n        <ul class=\"mycms-list-anchor--items mycms-u-visible--lg\"><li>\n                    <span class=\"icon\"><\/span>\n                    <span class=\"bg-color-vertical\"><\/span>\n                    <a href=\"#les-differentes-utilisations-1\">I vari utilizzi<\/a>\n                <\/li><li>\n                    <span class=\"icon\"><\/span>\n                    <span class=\"bg-color-vertical\"><\/span>\n                    <a href=\"#Con-quale-frequenza?\">Con quale frequenza?<\/a>\n                <\/li><li>\n                    <span class=\"icon\"><\/span>\n                    <span class=\"bg-color-vertical\"><\/span>\n                    <a href=\"#Considerazioni-relative-ai-sistemi-anticaduta\">Considerazioni relative ai sistemi anticaduta<\/a>\n                <\/li><li>\n                    <span class=\"icon\"><\/span>\n                    <span class=\"bg-color-vertical\"><\/span>\n                    <a href=\"#Verifica-dei-DPI\">Verifica dei DPI<\/a>\n                <\/li><\/ul>\n        <\/div>\n\n<section class=\"section-group\">\n<div class=\"wp-block-group is-layout-flow wp-block-group-is-layout-flow\">\n<h2 class=\"wp-block-heading mycms-txt--h3\" id=\"les-differentes-utilisations-1\">I vari utilizzi<\/h2>\n\n\n\n<div class=\"wp-block-columns is-layout-flex wp-container-core-columns-is-layout-9d6595d7 wp-block-columns-is-layout-flex\">\n<div class=\"wp-block-column is-layout-flow wp-block-column-is-layout-flow\">\n<h3 class=\"wp-block-heading has-text-align-left\" id=\"retenu-au-travail\">Trattenuta sul lavoro<\/h3>\n\n\n\n<figure class=\"wp-block-image size-full is-resized\"><img loading=\"lazy\" decoding=\"async\" src=\"https:\/\/master.myweb-fm.com\/wp-content\/uploads\/2022\/09\/WORKSITE-SAFETY-1.png\" alt=\"\" class=\"wp-image-1818\" width=\"99\" height=\"92\"\/><\/figure>\n\n\n\n<p>Sistema destinato a limitare i movimenti dell\u2019utilizzatore, al fine di impedirgli di entrare in zone comportanti un rischio di caduta. Non \u00e8 capace di arrestare una caduta n\u00e9 di espletare le funzioni di sostegno sul lavoro o sospensione. \u00c8 composto da un punto di ancoraggio, un\u2019imbracatura anticaduta e una fune (da regolare per rendere impossibile la caduta).<\/p>\n\n\n\n<p class=\"has-text-align-center\"><em>Norma in vigore: EN 361<\/em><\/p>\n<\/div>\n\n\n\n<div class=\"wp-block-column is-layout-flow wp-block-column-is-layout-flow\">\n<h3 class=\"wp-block-heading\" id=\"anti-chute\">Anticaduta<\/h3>\n\n\n\n<figure class=\"wp-block-image size-full is-resized\"><img loading=\"lazy\" decoding=\"async\" src=\"https:\/\/master.myweb-fm.com\/wp-content\/uploads\/2022\/09\/FALL-PREVENTION.png\" alt=\"\" class=\"wp-image-1826\" width=\"99\" height=\"92\"\/><\/figure>\n\n\n\n<p>Sistema che permette di trattenere l\u2019utilizzatore durante una caduta e di mantenerlo in sospensione in attesa dell\u2019arrivo dei soccorsi. \u00c8 composto da un punto di ancoraggio, un\u2019imbracatura anticaduta e un dispositivo anticaduta (fune con assorbitore di energia o corda con sistema di blocco anticaduta scorrevole o munito di avvolgitore).<\/p>\n\n\n\n<p class=\"has-text-align-center\"><em>Norma in vigore: EN 361<\/em><\/p>\n<\/div>\n<\/div>\n\n\n\n<div class=\"wp-block-columns is-layout-flex wp-container-core-columns-is-layout-9d6595d7 wp-block-columns-is-layout-flex\">\n<div class=\"wp-block-column is-layout-flow wp-block-column-is-layout-flow\">\n<h3 class=\"wp-block-heading has-text-align-left\" id=\"retenu-au-travail\">Sostegno sul lavoro<\/h3>\n\n\n\n<figure class=\"wp-block-image size-full is-resized\"><img loading=\"lazy\" decoding=\"async\" src=\"https:\/\/master.myweb-fm.com\/wp-content\/uploads\/2022\/09\/WORK-POSITIONING.png\" alt=\"\" class=\"wp-image-1832\" width=\"99\" height=\"92\"\/><\/figure>\n\n\n\n<p>Sistema che permette di posizionarsi in appoggio sui piedi e di avere, al contempo, le mani libere per lavorare. \u00c8 composto da un punto di ancoraggio, un\u2019imbracatura anticaduta con cintura di sostegno sul lavoro e una fune di sostegno. In caso di rischio di caduta, questo sistema deve essere completato da un dispositivo anticaduta (fune con assorbitore di energia o corda con sistema di blocco anticaduta scorrevole o munito di avvolgitore).<\/p>\n\n\n\n<p class=\"has-text-align-center\"><em>Norma in vigore: EN 358<\/em><\/p>\n<\/div>\n\n\n\n<div class=\"wp-block-column is-layout-flow wp-block-column-is-layout-flow\">\n<h3 class=\"wp-block-heading\" id=\"anti-chute\">Sospensione<\/h3>\n\n\n\n<figure class=\"wp-block-image size-full is-resized\"><img loading=\"lazy\" decoding=\"async\" src=\"https:\/\/master.myweb-fm.com\/wp-content\/uploads\/2022\/09\/SUSPENSION.png\" alt=\"\" class=\"wp-image-1838\" width=\"99\" height=\"92\"\/><\/figure>\n\n\n\n<p>Sistema pensato per lavorare sospesi nel vuoto grazie a un punto di aggancio ventrale. L\u2019utilizzatore non \u00e8 pi\u00f9 in appoggio sui piedi e il carico \u00e8 distribuito all\u2019altezza della cintura e dei cosciali dell\u2019imbracatura. \u00c8 composto da un punto di ancoraggio, un\u2019imbracatura anticaduta, un dispositivo anticaduta (fune con assorbitore di energia o corda con sistema di blocco anticaduta scorrevole o munito di avvolgitore) e un dispositivo di progressione.<\/p>\n\n\n\n<p class=\"has-text-align-center\"><em>Norma in vigore: EN 813<\/em><\/p>\n<\/div>\n<\/div>\n\n\n\n<h2 class=\"wp-block-heading\" id=\"Con-quale-frequenza?\">Con quale frequenza?<\/h2>\n\n\n\n<p>Prima di ogni acquisto, \u00e8 importante conoscere l\u2019intensit\u00e0 di utilizzo del DPI interessato.<\/p>\n\n\n\n<p>In effetti, e ci\u00f2 vale particolarmente per l\u2019acquisto di un\u2019imbracatura, sar\u00e0 necessario definire la frequenza di utilizzo del materiale per scegliere il modello pi\u00f9 adatto all\u2019uso previsto. <\/p>\n\n\n\n<div class=\"wp-block-buttons is-content-justification-center is-layout-flex wp-container-core-buttons-is-layout-16018d1d wp-block-buttons-is-layout-flex\">\n<div class=\"wp-block-button is-style-cta-flechehas-custom-font-size  has-small-font-size\"><a class=\"wp-block-button__link wp-element-button\" href=\"https:\/\/master.myweb-fm.com\/it\/product-category\/harnais-it\/\">Scopri la nostra gamma di imbracature in funzione dell\u2019uso previsto<\/a><\/div>\n<\/div>\n\n\n\n<h2 class=\"wp-block-heading\" id=\"Considerazioni-relative-ai-sistemi-anticaduta\">Considerazioni relative ai sistemi anticaduta<\/h2>\n\n\n\n<p>Vari elementi devono essere presi in considerazione al fine di scegliere il materiale pi\u00f9 adatto alle proprie esigenze:<\/p>\n\n\n\n<h3 class=\"wp-block-heading\" id=\"suspension\">Il fattore di caduta<\/h3>\n\n\n\n<p>Il fattore di caduta misura l\u2019intensit\u00e0 di una caduta. Esistono tre livelli di rischio di caduta (0, 1 e 2), calcolati in funzione della posizione del punto di ancoraggio rispetto a quella dell\u2019utilizzatore. \u00c8 fortemente consigliato disporre di un punto di ancoraggio situato sopra l\u2019utilizzatore, al fine di limitare la forza d\u2019urto.<\/p>\n\n\n\n<figure class=\"wp-block-image size-full is-resized\"><img loading=\"lazy\" decoding=\"async\" src=\"https:\/\/master.myweb-fm.com\/wp-content\/uploads\/2022\/09\/Il-fattore-di-caduta.jpg\" alt=\"\" class=\"wp-image-1943\" width=\"406\" height=\"237\" srcset=\"https:\/\/master.myweb-fm.com\/wp-content\/uploads\/2022\/09\/Il-fattore-di-caduta.jpg 580w, https:\/\/master.myweb-fm.com\/wp-content\/uploads\/2022\/09\/Il-fattore-di-caduta-300x175.jpg 300w\" sizes=\"auto, (max-width: 406px) 100vw, 406px\" \/><\/figure>\n\n\n\n<h3 class=\"wp-block-heading\" id=\"suspension\">L\u2019effetto pendolo<\/h3>\n\n\n\n<p>L\u2019effetto pendolo rappresenta il rischio di spostamento laterale dell\u2019utilizzatore durante una caduta. Pu\u00f2 causare la collisione contro terra o contro un ostacolo e provocare lesioni gravi. \u00c8 consigliato collocare il punto di ancoraggio della fune il pi\u00f9 lontano possibile da un ostacolo ed evitare di essere in situazione di caduta di fattore 2.<\/p>\n\n\n\n<figure class=\"wp-block-image size-full is-resized\"><img loading=\"lazy\" decoding=\"async\" src=\"https:\/\/master.myweb-fm.com\/wp-content\/uploads\/2022\/09\/pendulum-effect.jpg\" alt=\"\" class=\"wp-image-1851\" width=\"199\" height=\"214\" srcset=\"https:\/\/master.myweb-fm.com\/wp-content\/uploads\/2022\/09\/pendulum-effect.jpg 314w, https:\/\/master.myweb-fm.com\/wp-content\/uploads\/2022\/09\/pendulum-effect-279x300.jpg 279w\" sizes=\"auto, (max-width: 199px) 100vw, 199px\" \/><\/figure>\n\n\n\n<h3 class=\"wp-block-heading\" id=\"suspension\">Il tirante d\u2019aria<\/h3>\n\n\n\n<p>Il tirante d\u2019aria \u00e8 la distanza necessaria tra il punto di ancoraggio e la superficie che si trova sotto l\u2019utilizzatore. Dipende dalla posizione del punto di ancoraggio e dal dispositivo anticaduta scelto. Il tirante d\u2019aria disponibile \u00e8 la distanza libera tra la struttura sulla quale lavora l\u2019utilizzatore e l\u2019ostacolo pi\u00f9 vicino. Il tirante d\u2019aria richiesto \u00e8 la distanza minima necessaria affinch\u00e9, in caso di caduta, l\u2019utilizzatore non corra alcun rischio di urtare la superficie sotto di lui o l\u2019ostacolo pi\u00f9 vicino.<\/p>\n\n\n\n<figure class=\"wp-block-image size-full is-resized\"><img loading=\"lazy\" decoding=\"async\" src=\"https:\/\/master.myweb-fm.com\/wp-content\/uploads\/2022\/09\/Il-tirante-daria.jpg\" alt=\"\" class=\"wp-image-1949\" width=\"407\" height=\"237\" srcset=\"https:\/\/master.myweb-fm.com\/wp-content\/uploads\/2022\/09\/Il-tirante-daria.jpg 580w, https:\/\/master.myweb-fm.com\/wp-content\/uploads\/2022\/09\/Il-tirante-daria-300x175.jpg 300w\" sizes=\"auto, (max-width: 407px) 100vw, 407px\" \/><\/figure>\n\n\n\n<h2 class=\"wp-block-heading\" id=\"Verifica-dei-DPI\">Verifica dei DPI<\/h2>\n\n\n\n<p>Come tutte le attrezzature edili, i dispositivi di protezione individuale (DPI) sono sottoposti a usura, deterioramento, sporcizia, ecc. Per essere in conformit\u00e0 con le leggi vigenti e avere la sicurezza di usare dispositivi in perfetto stato, tutti i DPI devono essere oggetto di una verifica annuale. Il verbale di verifica dovr\u00e0 essere riportato nel registro di sicurezza. In caso di dubbio, ritirare immediatamente dalla circolazione il prodotto interessato.<\/p>\n\n\n\n<p>Due tipi di controllo devono essere realizzati, quale che sia la situazione, al fine di garantire al meglio la sicurezza degli utilizzatori:<\/p>\n\n\n\n<h3 class=\"wp-block-heading\" id=\"suspension\">1. Prima ispezione a cura dell\u2019utilizzatore, prima di usare il DPI<\/h3>\n\n\n\n<p>Questa ispezione, rapida ma importante, deve essere effettuata dall\u2019utilizzatore prima di ogni uso del DPI, in modo da assicurarsi che lo stesso sia conforme e in buono stato per assicurare una perfetta sicurezza.<\/p>\n\n\n\n<p>Si tratta di una verifica obbligatoria disciplinata dall&#8217;ordinanza francese del 19 marzo 1993 &#8211; articolo R. 233-42-2 del Codice del lavoro francese. Questa ispezione necessita che ogni utilizzatore sia formato e sensibilizzato all\u2019individuazione dei problemi sui propri DPI.<\/p>\n\n\n\n<h3 class=\"wp-block-heading\" id=\"suspension\">2. Seconda verifica periodica annuale dei dispositivi<\/h3>\n\n\n\n<p>\u00c8 obbligatorio far effettuare una verifica, con periodicit\u00e0 annuale, dei propri dispositivi a cura di persone competenti. Questa ispezione \u00e8 indispensabile per garantire la sicurezza dei lavoratori.<\/p>\n\n\n\n<p>Le ispezioni dei DPI devono essere effettuate da persone competenti, siano esse dipendenti o appartenenti a enti esterni. Tali persone devono essere specificatamente formate per eseguire le verifiche adeguate dei dispositivi di protezione individuale interessati.<\/p>\n\n\n\n<p>Nel caso in cui non venga constatata alcuna anomalia, un certificato di ispezione dei DPI \u00e8 rilasciato all\u2019impresa, al fine di attestare la conformit\u00e0 dei dispositivi utilizzati.<\/p>\n\n\n\n<p><strong><mark style=\"background-color:#ffffff\" class=\"has-inline-color has-luminous-vivid-orange-color\">Proponiamo sessioni di ispezione e verifica dei DPI realizzate dai nostri esperti dei lavori in quota, al fine di assicurare il controllo e la conservazione dei prodotti nelle migliori condizioni.<\/mark><\/strong><\/p>\n\n\n\n<p>Un sistema di registrazione dei DPI \u00e8 disponibile sul nostro sito Internet. Riceverai allora via e-mail i certificati di registrazione, le notifiche per le date previste per l\u2019ispezione e tutte le informazioni regolamentari e normative.<\/p>\n\n\n\n<div class=\"wp-block-columns is-layout-flex wp-container-core-columns-is-layout-9d6595d7 wp-block-columns-is-layout-flex\">\n<div class=\"wp-block-column is-layout-flow wp-block-column-is-layout-flow\"><div class=\"mycms-richdownload\"><h3 class=\"mycms-txt--h3 mycms-txt--color-onyx mycms-txt--uppercase mycms-margin-bottom--40\">Catalogue 1<\/h3><p><a href=\"\" title=\"\" data-filename=\"\" data-doctype=\"\" class=\"mycms-link mycms-link--download\" target=\"_blank\">Per scaricare<\/a><\/p><\/div><\/div>\n\n\n\n<div class=\"wp-block-column is-layout-flow wp-block-column-is-layout-flow\"><div class=\"mycms-richdownload\"><h3 class=\"mycms-txt--h3 mycms-txt--color-onyx mycms-txt--uppercase mycms-margin-bottom--40\">Catalogare UNYC<\/h3><p><a href=\"\" title=\"\" data-filename=\"\" data-doctype=\"\" class=\"mycms-link mycms-link--download\" target=\"_blank\">Per scaricare<\/a><\/p><\/div><\/div>\n\n\n\n<div class=\"wp-block-column is-layout-flow wp-block-column-is-layout-flow\"><section class=\"section-group\">\n<div class=\"wp-block-group is-layout-flow wp-block-group-is-layout-flow\"><div class=\"mycms-richdownload\"><h3 class=\"mycms-txt--h3 mycms-txt--color-onyx mycms-txt--uppercase mycms-margin-bottom--40\">Catalogue 3 &#8211; aligner gauche<\/h3><p><a href=\"\" title=\"\" data-filename=\"\" data-doctype=\"\" class=\"mycms-link mycms-link--download\" target=\"_blank\">Per scaricare<\/a><\/p><\/div><\/div>\n<\/section><\/div>\n<\/div>\n<\/div>\n<\/section>\n\n","protected":false},"excerpt":{"rendered":"<p>Numerose professioni possono ritrovarsi a lavorare in quota: professionisti dell\u2019edilizia e dei lavori pubblici, agenti delle reti elettriche, addetti alle pulizie, tecnici di manutenzione industriale&#8230; Le cadute dall\u2019alto sono la principale causa di incidenti mortali sul lavoro. Quando \u00e8 tecnicamente impossibile installare protezioni collettive, il ricorso a dispositivi di protezione individuale (DPI) contro le cadute [&hellip;]<\/p>\n","protected":false},"author":1,"featured_media":0,"parent":0,"menu_order":0,"comment_status":"closed","ping_status":"closed","template":"","meta":{"_acf_changed":false,"footnotes":""},"class_list":["post-1300","page","type-page","status-publish","hentry"],"acf":[],"yoast_head":"<!-- This site is optimized with the Yoast SEO plugin v27.3 - https:\/\/yoast.com\/product\/yoast-seo-wordpress\/ -->\n<title>DPI anticaduta: come scegliere quelli giusti? - Instance master - Old Unyc<\/title>\n<meta name=\"robots\" content=\"noindex, follow, max-snippet:-1, max-image-preview:large, max-video-preview:-1\" \/>\n<meta property=\"og:locale\" content=\"it_IT\" \/>\n<meta property=\"og:type\" content=\"article\" \/>\n<meta property=\"og:title\" content=\"DPI anticaduta: come scegliere quelli giusti? - Instance master - Old Unyc\" \/>\n<meta property=\"og:description\" content=\"Numerose professioni possono ritrovarsi a lavorare in quota: professionisti dell\u2019edilizia e dei lavori pubblici, agenti delle reti elettriche, addetti alle pulizie, tecnici di manutenzione industriale&#8230; Le cadute dall\u2019alto sono la principale causa di incidenti mortali sul lavoro. Quando \u00e8 tecnicamente impossibile installare protezioni collettive, il ricorso a dispositivi di protezione individuale (DPI) contro le cadute [&hellip;]\" \/>\n<meta property=\"og:url\" content=\"https:\/\/master.myweb-fm.com\/it\/dpi-anticaduta-come-scegliere-quelli-giusti\/\" \/>\n<meta property=\"og:site_name\" content=\"Instance master - Old Unyc\" \/>\n<meta property=\"article:modified_time\" content=\"2023-07-26T09:24:19+00:00\" \/>\n<meta property=\"og:image\" content=\"https:\/\/master.myweb-fm.com\/wp-content\/uploads\/2022\/07\/Image_banner_edito@2x-1024x369.jpg\" \/>\n<meta name=\"twitter:card\" content=\"summary_large_image\" \/>\n<meta name=\"twitter:label1\" content=\"Tempo di lettura stimato\" \/>\n\t<meta name=\"twitter:data1\" content=\"7 minuti\" \/>\n<script type=\"application\/ld+json\" class=\"yoast-schema-graph\">{\"@context\":\"https:\\\/\\\/schema.org\",\"@graph\":[{\"@type\":\"WebPage\",\"@id\":\"https:\\\/\\\/master.myweb-fm.com\\\/it\\\/dpi-anticaduta-come-scegliere-quelli-giusti\\\/\",\"url\":\"https:\\\/\\\/master.myweb-fm.com\\\/it\\\/dpi-anticaduta-come-scegliere-quelli-giusti\\\/\",\"name\":\"DPI anticaduta: come scegliere quelli giusti? - Instance master - Old Unyc\",\"isPartOf\":{\"@id\":\"https:\\\/\\\/master.myweb-fm.com\\\/it\\\/#website\"},\"primaryImageOfPage\":{\"@id\":\"https:\\\/\\\/master.myweb-fm.com\\\/it\\\/dpi-anticaduta-come-scegliere-quelli-giusti\\\/#primaryimage\"},\"image\":{\"@id\":\"https:\\\/\\\/master.myweb-fm.com\\\/it\\\/dpi-anticaduta-come-scegliere-quelli-giusti\\\/#primaryimage\"},\"thumbnailUrl\":\"https:\\\/\\\/master.myweb-fm.com\\\/wp-content\\\/uploads\\\/2022\\\/07\\\/Image_banner_edito@2x-1024x369.jpg\",\"datePublished\":\"2022-08-09T08:32:50+00:00\",\"dateModified\":\"2023-07-26T09:24:19+00:00\",\"inLanguage\":\"it-IT\",\"potentialAction\":[{\"@type\":\"ReadAction\",\"target\":[\"https:\\\/\\\/master.myweb-fm.com\\\/it\\\/dpi-anticaduta-come-scegliere-quelli-giusti\\\/\"]}]},{\"@type\":\"ImageObject\",\"inLanguage\":\"it-IT\",\"@id\":\"https:\\\/\\\/master.myweb-fm.com\\\/it\\\/dpi-anticaduta-come-scegliere-quelli-giusti\\\/#primaryimage\",\"url\":\"https:\\\/\\\/master.myweb-fm.com\\\/wp-content\\\/uploads\\\/2022\\\/07\\\/Image_banner_edito@2x-1024x369.jpg\",\"contentUrl\":\"https:\\\/\\\/master.myweb-fm.com\\\/wp-content\\\/uploads\\\/2022\\\/07\\\/Image_banner_edito@2x-1024x369.jpg\"},{\"@type\":\"WebSite\",\"@id\":\"https:\\\/\\\/master.myweb-fm.com\\\/it\\\/#website\",\"url\":\"https:\\\/\\\/master.myweb-fm.com\\\/it\\\/\",\"name\":\"Instance master - Old Unyc\",\"description\":\"Fr\u00e9n\u00e9hard &amp; Michaux\",\"potentialAction\":[{\"@type\":\"SearchAction\",\"target\":{\"@type\":\"EntryPoint\",\"urlTemplate\":\"https:\\\/\\\/master.myweb-fm.com\\\/it\\\/?s={search_term_string}\"},\"query-input\":{\"@type\":\"PropertyValueSpecification\",\"valueRequired\":true,\"valueName\":\"search_term_string\"}}],\"inLanguage\":\"it-IT\"}]}<\/script>\n<!-- \/ Yoast SEO plugin. -->","yoast_head_json":{"title":"DPI anticaduta: come scegliere quelli giusti? - Instance master - Old Unyc","robots":{"index":"noindex","follow":"follow","max-snippet":"max-snippet:-1","max-image-preview":"max-image-preview:large","max-video-preview":"max-video-preview:-1"},"og_locale":"it_IT","og_type":"article","og_title":"DPI anticaduta: come scegliere quelli giusti? - Instance master - Old Unyc","og_description":"Numerose professioni possono ritrovarsi a lavorare in quota: professionisti dell\u2019edilizia e dei lavori pubblici, agenti delle reti elettriche, addetti alle pulizie, tecnici di manutenzione industriale&#8230; Le cadute dall\u2019alto sono la principale causa di incidenti mortali sul lavoro. Quando \u00e8 tecnicamente impossibile installare protezioni collettive, il ricorso a dispositivi di protezione individuale (DPI) contro le cadute [&hellip;]","og_url":"https:\/\/master.myweb-fm.com\/it\/dpi-anticaduta-come-scegliere-quelli-giusti\/","og_site_name":"Instance master - Old Unyc","article_modified_time":"2023-07-26T09:24:19+00:00","og_image":[{"url":"https:\/\/master.myweb-fm.com\/wp-content\/uploads\/2022\/07\/Image_banner_edito@2x-1024x369.jpg","type":"","width":"","height":""}],"twitter_card":"summary_large_image","twitter_misc":{"Tempo di lettura stimato":"7 minuti"},"schema":{"@context":"https:\/\/schema.org","@graph":[{"@type":"WebPage","@id":"https:\/\/master.myweb-fm.com\/it\/dpi-anticaduta-come-scegliere-quelli-giusti\/","url":"https:\/\/master.myweb-fm.com\/it\/dpi-anticaduta-come-scegliere-quelli-giusti\/","name":"DPI anticaduta: come scegliere quelli giusti? - Instance master - Old Unyc","isPartOf":{"@id":"https:\/\/master.myweb-fm.com\/it\/#website"},"primaryImageOfPage":{"@id":"https:\/\/master.myweb-fm.com\/it\/dpi-anticaduta-come-scegliere-quelli-giusti\/#primaryimage"},"image":{"@id":"https:\/\/master.myweb-fm.com\/it\/dpi-anticaduta-come-scegliere-quelli-giusti\/#primaryimage"},"thumbnailUrl":"https:\/\/master.myweb-fm.com\/wp-content\/uploads\/2022\/07\/Image_banner_edito@2x-1024x369.jpg","datePublished":"2022-08-09T08:32:50+00:00","dateModified":"2023-07-26T09:24:19+00:00","inLanguage":"it-IT","potentialAction":[{"@type":"ReadAction","target":["https:\/\/master.myweb-fm.com\/it\/dpi-anticaduta-come-scegliere-quelli-giusti\/"]}]},{"@type":"ImageObject","inLanguage":"it-IT","@id":"https:\/\/master.myweb-fm.com\/it\/dpi-anticaduta-come-scegliere-quelli-giusti\/#primaryimage","url":"https:\/\/master.myweb-fm.com\/wp-content\/uploads\/2022\/07\/Image_banner_edito@2x-1024x369.jpg","contentUrl":"https:\/\/master.myweb-fm.com\/wp-content\/uploads\/2022\/07\/Image_banner_edito@2x-1024x369.jpg"},{"@type":"WebSite","@id":"https:\/\/master.myweb-fm.com\/it\/#website","url":"https:\/\/master.myweb-fm.com\/it\/","name":"Instance master - Old Unyc","description":"Fr\u00e9n\u00e9hard &amp; Michaux","potentialAction":[{"@type":"SearchAction","target":{"@type":"EntryPoint","urlTemplate":"https:\/\/master.myweb-fm.com\/it\/?s={search_term_string}"},"query-input":{"@type":"PropertyValueSpecification","valueRequired":true,"valueName":"search_term_string"}}],"inLanguage":"it-IT"}]}},"_links":{"self":[{"href":"https:\/\/master.myweb-fm.com\/it\/wp-json\/wp\/v2\/pages\/1300","targetHints":{"allow":["GET"]}}],"collection":[{"href":"https:\/\/master.myweb-fm.com\/it\/wp-json\/wp\/v2\/pages"}],"about":[{"href":"https:\/\/master.myweb-fm.com\/it\/wp-json\/wp\/v2\/types\/page"}],"author":[{"embeddable":true,"href":"https:\/\/master.myweb-fm.com\/it\/wp-json\/wp\/v2\/users\/1"}],"replies":[{"embeddable":true,"href":"https:\/\/master.myweb-fm.com\/it\/wp-json\/wp\/v2\/comments?post=1300"}],"version-history":[{"count":1,"href":"https:\/\/master.myweb-fm.com\/it\/wp-json\/wp\/v2\/pages\/1300\/revisions"}],"predecessor-version":[{"id":8168,"href":"https:\/\/master.myweb-fm.com\/it\/wp-json\/wp\/v2\/pages\/1300\/revisions\/8168"}],"wp:attachment":[{"href":"https:\/\/master.myweb-fm.com\/it\/wp-json\/wp\/v2\/media?parent=1300"}],"curies":[{"name":"wp","href":"https:\/\/api.w.org\/{rel}","templated":true}]}}