{"id":18044,"date":"2023-11-27T12:33:07","date_gmt":"2023-11-27T11:33:07","guid":{"rendered":"https:\/\/master.myweb-fm.com\/non%20class\u00e9\/126-09100802\/"},"modified":"2023-11-27T14:08:14","modified_gmt":"2023-11-27T13:08:14","slug":"casque-avec-jugulaire","status":"publish","type":"product","link":"https:\/\/master.myweb-fm.com\/fr\/equipements\/casque-avec-jugulaire\/","title":{"rendered":"Casque avec jugulaire"},"content":{"rendered":"<ul>\n<li>Casque avec jugulaire<\/li>\n<li>Jugulaire textile avec 4 points d&#8217;ancrage<\/li>\n<li>Bandeau de t\u00eate r\u00e9glable au moyen d&#8217;une roue dent\u00e9e<\/li>\n<li>Orifices de ventilation<\/li>\n<li>Stabilis\u00e9 aux UV<\/li>\n<li>Conforme \u00e0 la norme EN 12492<\/li>\n<li>R\u00e9pond aux essais de la norme EN 397<\/li>\n<\/ul>\n","protected":false},"excerpt":{"rendered":"<p>Casque de s\u00e9curit\u00e9 UNYC\u00ae destin\u00e9 \u00e0 prot\u00e9ger la t\u00eate de l&#8217;utilisateur contre les risques li\u00e9s au travail en hauteur et aux activit\u00e9s de grimpeurs : chute d&#8217;objet, chocs\u2026<\/p>\n","protected":false},"featured_media":13440,"template":"","meta":{"_acf_changed":false},"product_brand":[],"product_cat":[70117],"product_tag":[],"class_list":{"0":"post-18044","1":"product","2":"type-product","3":"status-publish","4":"has-post-thumbnail","6":"product_cat-equipements","7":"pa_abc_class-a","8":"pa_base_unit-ea","9":"pa_brand-unyc","10":"pa_e_com_product-no","11":"pa_edi_option-no","12":"pa_export_product-yes","13":"pa_g_range-70615","14":"pa_lifespan-10-ans","15":"pa_lock_code-70723","16":"pa_normatives_requirements-repond-aux-essais-de-la-norme-en-39","17":"pa_pack_instructions_level_1-no","18":"pa_pack_instructions_level_2-no","19":"pa_pack_instructions_level_3-no","20":"pa_pack_type_level_1-sa","21":"pa_pack_type_level_2-ct","22":"pa_pic_family-72283","23":"pa_product_origin-es","24":"pa_product_stored_at_manufactur-no","25":"pa_production_company-73381","26":"pa_sales_company-73501","27":"pa_sales_plan-c","28":"pa_sales_range-73669","29":"pa_short_designation-casque-avec-jugulaire","30":"pa_sigle-ce","31":"pa_standard-en_12492","32":"pa_use-highly_intensive","33":"pa_varied_weight-no","35":"first","36":"instock","37":"shipping-taxable","38":"purchasable","39":"product-type-simple"},"acf":[],"yoast_head":"<!-- This site is optimized with the Yoast SEO plugin v27.3 - https:\/\/yoast.com\/product\/yoast-seo-wordpress\/ -->\n<title>Casque avec jugulaire - Instance master - Old Unyc<\/title>\n<meta name=\"robots\" content=\"noindex, follow, max-snippet:-1, max-image-preview:large, max-video-preview:-1\" \/>\n<meta property=\"og:locale\" content=\"fr_FR\" \/>\n<meta property=\"og:type\" content=\"article\" \/>\n<meta property=\"og:title\" content=\"Casque avec jugulaire - Instance master - Old Unyc\" \/>\n<meta property=\"og:description\" content=\"Casque de s\u00e9curit\u00e9 UNYC\u00ae destin\u00e9 \u00e0 prot\u00e9ger la t\u00eate de l&#039;utilisateur contre les risques li\u00e9s au travail en hauteur et aux activit\u00e9s de grimpeurs : chute d&#039;objet, chocs\u2026\" \/>\n<meta property=\"og:url\" content=\"https:\/\/master.myweb-fm.com\/fr\/equipements\/casque-avec-jugulaire\/\" \/>\n<meta property=\"og:site_name\" content=\"Instance master - Old Unyc\" \/>\n<meta property=\"article:modified_time\" content=\"2023-11-27T13:08:14+00:00\" \/>\n<meta property=\"og:image\" content=\"https:\/\/master.myweb-fm.com\/wp-content\/uploads\/2023\/11\/62f2c4083bfff9d020a696bf29d474c4fa098bd3_126_09100802_main_view.jpg\" \/>\n\t<meta property=\"og:image:width\" content=\"2480\" \/>\n\t<meta property=\"og:image:height\" content=\"3508\" \/>\n\t<meta property=\"og:image:type\" content=\"image\/jpeg\" \/>\n<meta name=\"twitter:card\" content=\"summary_large_image\" \/>\n<script type=\"application\/ld+json\" class=\"yoast-schema-graph\">{\"@context\":\"https:\\\/\\\/schema.org\",\"@graph\":[{\"@type\":\"WebPage\",\"@id\":\"https:\\\/\\\/master.myweb-fm.com\\\/fr\\\/equipements\\\/casque-avec-jugulaire\\\/\",\"url\":\"https:\\\/\\\/master.myweb-fm.com\\\/fr\\\/equipements\\\/casque-avec-jugulaire\\\/\",\"name\":\"Casque avec jugulaire - Instance master - Old Unyc\",\"isPartOf\":{\"@id\":\"https:\\\/\\\/master.myweb-fm.com\\\/fr\\\/#website\"},\"primaryImageOfPage\":{\"@id\":\"https:\\\/\\\/master.myweb-fm.com\\\/fr\\\/equipements\\\/casque-avec-jugulaire\\\/#primaryimage\"},\"image\":{\"@id\":\"https:\\\/\\\/master.myweb-fm.com\\\/fr\\\/equipements\\\/casque-avec-jugulaire\\\/#primaryimage\"},\"thumbnailUrl\":\"https:\\\/\\\/master.myweb-fm.com\\\/wp-content\\\/uploads\\\/2023\\\/11\\\/62f2c4083bfff9d020a696bf29d474c4fa098bd3_126_09100802_main_view.jpg\",\"datePublished\":\"2023-11-27T11:33:07+00:00\",\"dateModified\":\"2023-11-27T13:08:14+00:00\",\"breadcrumb\":{\"@id\":\"https:\\\/\\\/master.myweb-fm.com\\\/fr\\\/equipements\\\/casque-avec-jugulaire\\\/#breadcrumb\"},\"inLanguage\":\"fr-FR\",\"potentialAction\":[{\"@type\":\"ReadAction\",\"target\":[\"https:\\\/\\\/master.myweb-fm.com\\\/fr\\\/equipements\\\/casque-avec-jugulaire\\\/\"]}]},{\"@type\":\"ImageObject\",\"inLanguage\":\"fr-FR\",\"@id\":\"https:\\\/\\\/master.myweb-fm.com\\\/fr\\\/equipements\\\/casque-avec-jugulaire\\\/#primaryimage\",\"url\":\"https:\\\/\\\/master.myweb-fm.com\\\/wp-content\\\/uploads\\\/2023\\\/11\\\/62f2c4083bfff9d020a696bf29d474c4fa098bd3_126_09100802_main_view.jpg\",\"contentUrl\":\"https:\\\/\\\/master.myweb-fm.com\\\/wp-content\\\/uploads\\\/2023\\\/11\\\/62f2c4083bfff9d020a696bf29d474c4fa098bd3_126_09100802_main_view.jpg\",\"width\":2480,\"height\":3508},{\"@type\":\"BreadcrumbList\",\"@id\":\"https:\\\/\\\/master.myweb-fm.com\\\/fr\\\/equipements\\\/casque-avec-jugulaire\\\/#breadcrumb\",\"itemListElement\":[{\"@type\":\"ListItem\",\"position\":1,\"name\":\"Catalogue\",\"item\":\"https:\\\/\\\/master.myweb-fm.com\\\/fr\\\/catalogue\\\/\"},{\"@type\":\"ListItem\",\"position\":2,\"name\":\"Casque avec jugulaire\"}]},{\"@type\":\"WebSite\",\"@id\":\"https:\\\/\\\/master.myweb-fm.com\\\/fr\\\/#website\",\"url\":\"https:\\\/\\\/master.myweb-fm.com\\\/fr\\\/\",\"name\":\"Instance master - Old Unyc\",\"description\":\"Fr\u00e9n\u00e9hard &amp; Michaux\",\"potentialAction\":[{\"@type\":\"SearchAction\",\"target\":{\"@type\":\"EntryPoint\",\"urlTemplate\":\"https:\\\/\\\/master.myweb-fm.com\\\/fr\\\/?s={search_term_string}\"},\"query-input\":{\"@type\":\"PropertyValueSpecification\",\"valueRequired\":true,\"valueName\":\"search_term_string\"}}],\"inLanguage\":\"fr-FR\"}]}<\/script>\n<!-- \/ Yoast SEO plugin. -->","yoast_head_json":{"title":"Casque avec jugulaire - Instance master - Old Unyc","robots":{"index":"noindex","follow":"follow","max-snippet":"max-snippet:-1","max-image-preview":"max-image-preview:large","max-video-preview":"max-video-preview:-1"},"og_locale":"fr_FR","og_type":"article","og_title":"Casque avec jugulaire - Instance master - Old Unyc","og_description":"Casque de s\u00e9curit\u00e9 UNYC\u00ae destin\u00e9 \u00e0 prot\u00e9ger la t\u00eate de l'utilisateur contre les risques li\u00e9s au travail en hauteur et aux activit\u00e9s de grimpeurs : chute d'objet, chocs\u2026","og_url":"https:\/\/master.myweb-fm.com\/fr\/equipements\/casque-avec-jugulaire\/","og_site_name":"Instance master - Old Unyc","article_modified_time":"2023-11-27T13:08:14+00:00","og_image":[{"width":2480,"height":3508,"url":"https:\/\/master.myweb-fm.com\/wp-content\/uploads\/2023\/11\/62f2c4083bfff9d020a696bf29d474c4fa098bd3_126_09100802_main_view.jpg","type":"image\/jpeg"}],"twitter_card":"summary_large_image","schema":{"@context":"https:\/\/schema.org","@graph":[{"@type":"WebPage","@id":"https:\/\/master.myweb-fm.com\/fr\/equipements\/casque-avec-jugulaire\/","url":"https:\/\/master.myweb-fm.com\/fr\/equipements\/casque-avec-jugulaire\/","name":"Casque avec jugulaire - Instance master - Old Unyc","isPartOf":{"@id":"https:\/\/master.myweb-fm.com\/fr\/#website"},"primaryImageOfPage":{"@id":"https:\/\/master.myweb-fm.com\/fr\/equipements\/casque-avec-jugulaire\/#primaryimage"},"image":{"@id":"https:\/\/master.myweb-fm.com\/fr\/equipements\/casque-avec-jugulaire\/#primaryimage"},"thumbnailUrl":"https:\/\/master.myweb-fm.com\/wp-content\/uploads\/2023\/11\/62f2c4083bfff9d020a696bf29d474c4fa098bd3_126_09100802_main_view.jpg","datePublished":"2023-11-27T11:33:07+00:00","dateModified":"2023-11-27T13:08:14+00:00","breadcrumb":{"@id":"https:\/\/master.myweb-fm.com\/fr\/equipements\/casque-avec-jugulaire\/#breadcrumb"},"inLanguage":"fr-FR","potentialAction":[{"@type":"ReadAction","target":["https:\/\/master.myweb-fm.com\/fr\/equipements\/casque-avec-jugulaire\/"]}]},{"@type":"ImageObject","inLanguage":"fr-FR","@id":"https:\/\/master.myweb-fm.com\/fr\/equipements\/casque-avec-jugulaire\/#primaryimage","url":"https:\/\/master.myweb-fm.com\/wp-content\/uploads\/2023\/11\/62f2c4083bfff9d020a696bf29d474c4fa098bd3_126_09100802_main_view.jpg","contentUrl":"https:\/\/master.myweb-fm.com\/wp-content\/uploads\/2023\/11\/62f2c4083bfff9d020a696bf29d474c4fa098bd3_126_09100802_main_view.jpg","width":2480,"height":3508},{"@type":"BreadcrumbList","@id":"https:\/\/master.myweb-fm.com\/fr\/equipements\/casque-avec-jugulaire\/#breadcrumb","itemListElement":[{"@type":"ListItem","position":1,"name":"Catalogue","item":"https:\/\/master.myweb-fm.com\/fr\/catalogue\/"},{"@type":"ListItem","position":2,"name":"Casque avec jugulaire"}]},{"@type":"WebSite","@id":"https:\/\/master.myweb-fm.com\/fr\/#website","url":"https:\/\/master.myweb-fm.com\/fr\/","name":"Instance master - Old Unyc","description":"Fr\u00e9n\u00e9hard &amp; Michaux","potentialAction":[{"@type":"SearchAction","target":{"@type":"EntryPoint","urlTemplate":"https:\/\/master.myweb-fm.com\/fr\/?s={search_term_string}"},"query-input":{"@type":"PropertyValueSpecification","valueRequired":true,"valueName":"search_term_string"}}],"inLanguage":"fr-FR"}]}},"_links":{"self":[{"href":"https:\/\/master.myweb-fm.com\/fr\/wp-json\/wp\/v2\/product\/18044","targetHints":{"allow":["GET"]}}],"collection":[{"href":"https:\/\/master.myweb-fm.com\/fr\/wp-json\/wp\/v2\/product"}],"about":[{"href":"https:\/\/master.myweb-fm.com\/fr\/wp-json\/wp\/v2\/types\/product"}],"wp:featuredmedia":[{"embeddable":true,"href":"https:\/\/master.myweb-fm.com\/fr\/wp-json\/wp\/v2\/media\/13440"}],"wp:attachment":[{"href":"https:\/\/master.myweb-fm.com\/fr\/wp-json\/wp\/v2\/media?parent=18044"}],"wp:term":[{"taxonomy":"product_brand","embeddable":true,"href":"https:\/\/master.myweb-fm.com\/fr\/wp-json\/wp\/v2\/product_brand?post=18044"},{"taxonomy":"product_cat","embeddable":true,"href":"https:\/\/master.myweb-fm.com\/fr\/wp-json\/wp\/v2\/product_cat?post=18044"},{"taxonomy":"product_tag","embeddable":true,"href":"https:\/\/master.myweb-fm.com\/fr\/wp-json\/wp\/v2\/product_tag?post=18044"}],"curies":[{"name":"wp","href":"https:\/\/api.w.org\/{rel}","templated":true}]}}