{"id":17650,"date":"2023-11-20T22:28:01","date_gmt":"2023-11-20T21:28:01","guid":{"rendered":"https:\/\/master.myweb-fm.com\/non%20class\u00e9\/126-091009c\/"},"modified":"2023-11-23T11:51:34","modified_gmt":"2023-11-23T10:51:34","slug":"enrouleur-a-cable","status":"publish","type":"product","link":"https:\/\/master.myweb-fm.com\/fr\/equipements\/enrouleur-a-cable\/","title":{"rendered":"Enrouleur \u00e0 c\u00e2ble"},"content":{"rendered":"<ul>\n<li>Enrouleur \u00e0 c\u00e2ble avec crochet double action en aluminium<\/li>\n<li>Fixation \u00e0 \u00e9merillon 360\u00b0 sur le carter sup\u00e9rieur et sur le connecteur qui permet \u00e0 l&#8217;utilisateur une grande libert\u00e9 de mouvement en toute s\u00e9curit\u00e9<\/li>\n<li>Ce dispositif anti-chute se bloque en cas de chute et r\u00e9duit la hauteur de chute<\/li>\n<li>Carter en mati\u00e8re synth\u00e9tique ultra l\u00e9ger avec absorbeur d\u2019\u00e9nergie int\u00e9gr\u00e9<\/li>\n<li>Utilisable en toute situation : d\u00e9placements verticaux ou horizontaux<\/li>\n<li>La r\u00e9sistance du c\u00e2ble permet de travailler sur des ar\u00eates vives<\/li>\n<li>Dispositif robuste et demandant peu d&#8217;entretien<\/li>\n<li>Mousqueton \u00e0 \u00e9merillon double action avec une largeur d&#8217;ouverture de 25 mm<\/li>\n<li>Disponible en 9,00, 12,00 et et 18,00 m<\/li>\n<\/ul>\n","protected":false},"excerpt":{"rendered":"<p>L&#8217;enrouleur \u00e0 c\u00e2ble est un antichute \u00e0 rappel automatique qui dispose d&#8217;une r\u00e9serve de c\u00e2ble sur un tambour prot\u00e9g\u00e9 par un carter en mati\u00e8re synth\u00e9tique. Le c\u00e2ble est maintenue tendue par un ressort, il s&#8217;allonge et se raccourcit au gr\u00e9 des d\u00e9placmeents de la personne assur\u00e9e. En cas de chute il se bloque automatiquement. L&#8217;absorption d&#8217;\u00e9nergie est r\u00e9alis\u00e9e par le dispositif lui m\u00eame. Il fait partie des composants des syst\u00e8mes anti-chute. Avertissement : le point d&#8217;ancrage doit \u00eatre situ\u00e9 \u00e0 au moins 80 cm au-dessus du seuil de travail.<\/p>\n","protected":false},"featured_media":15024,"template":"","meta":{"_acf_changed":false},"product_brand":[],"product_cat":[70117],"product_tag":[],"class_list":{"0":"post-17650","1":"product","2":"type-product","3":"status-publish","4":"has-post-thumbnail","6":"product_cat-equipements","7":"pa_abc_class-g","8":"pa_base_unit-ea","9":"pa_brand-unyc","10":"pa_e_com_product-no","11":"pa_edi_option-no","12":"pa_export_product-yes","13":"pa_g_range-70615","14":"pa_lifespan-10-ans","15":"pa_lock_code-70723","16":"pa_material-synthetic_materials","17":"pa_pack_instructions_level_1-no","18":"pa_pack_instructions_level_2-no","19":"pa_pack_instructions_level_3-no","20":"pa_pack_type_level_1-ct","21":"pa_pic_family-72283","22":"pa_product_extension_length-12_m","23":"pa_product_extension_length-18_m","24":"pa_product_extension_length-9_m","25":"pa_product_origin-de","26":"pa_production_company-73381","27":"pa_sales_company-73501","28":"pa_sales_plan-c","29":"pa_sales_range-73669","30":"pa_short_designation-antichute-rappel-aut-cable-18m","31":"pa_short_designation-antichute-rappel-auto-cabl-12m","32":"pa_short_designation-antichute-rappel-auto-cable-9m","33":"pa_sigle-ce","34":"pa_standard-en_360","35":"pa_type_of_product-enrouleur","36":"pa_use-highly_intensive","37":"pa_varied_weight-no","39":"first","40":"instock","41":"shipping-taxable","42":"purchasable","43":"product-type-variable"},"acf":[],"yoast_head":"<!-- This site is optimized with the Yoast SEO plugin v27.3 - https:\/\/yoast.com\/product\/yoast-seo-wordpress\/ -->\n<title>Enrouleur \u00e0 c\u00e2ble - Instance master - Old Unyc<\/title>\n<meta name=\"robots\" content=\"noindex, follow, max-snippet:-1, max-image-preview:large, max-video-preview:-1\" \/>\n<meta property=\"og:locale\" content=\"fr_FR\" \/>\n<meta property=\"og:type\" content=\"article\" \/>\n<meta property=\"og:title\" content=\"Enrouleur \u00e0 c\u00e2ble - Instance master - Old Unyc\" \/>\n<meta property=\"og:description\" content=\"L&#039;enrouleur \u00e0 c\u00e2ble est un antichute \u00e0 rappel automatique qui dispose d&#039;une r\u00e9serve de c\u00e2ble sur un tambour prot\u00e9g\u00e9 par un carter en mati\u00e8re synth\u00e9tique. Le c\u00e2ble est maintenue tendue par un ressort, il s&#039;allonge et se raccourcit au gr\u00e9 des d\u00e9placmeents de la personne assur\u00e9e. En cas de chute il se bloque automatiquement. L&#039;absorption d&#039;\u00e9nergie est r\u00e9alis\u00e9e par le dispositif lui m\u00eame. Il fait partie des composants des syst\u00e8mes anti-chute. Avertissement : le point d&#039;ancrage doit \u00eatre situ\u00e9 \u00e0 au moins 80 cm au-dessus du seuil de travail.\" \/>\n<meta property=\"og:url\" content=\"https:\/\/master.myweb-fm.com\/fr\/equipements\/enrouleur-a-cable\/\" \/>\n<meta property=\"og:site_name\" content=\"Instance master - Old Unyc\" \/>\n<meta property=\"article:modified_time\" content=\"2023-11-23T10:51:34+00:00\" \/>\n<meta property=\"og:image\" content=\"https:\/\/master.myweb-fm.com\/wp-content\/uploads\/2023\/11\/4ac287d4a6ce5e02b5d0030f256aabc23cac21a2_126_091009C_main_view_1.png\" \/>\n\t<meta property=\"og:image:width\" content=\"640\" \/>\n\t<meta property=\"og:image:height\" content=\"1024\" \/>\n\t<meta property=\"og:image:type\" content=\"image\/png\" \/>\n<meta name=\"twitter:card\" content=\"summary_large_image\" \/>\n<meta name=\"twitter:label1\" content=\"Dur\u00e9e de lecture estim\u00e9e\" \/>\n\t<meta name=\"twitter:data1\" content=\"1 minute\" \/>\n<script type=\"application\/ld+json\" class=\"yoast-schema-graph\">{\"@context\":\"https:\\\/\\\/schema.org\",\"@graph\":[{\"@type\":\"WebPage\",\"@id\":\"https:\\\/\\\/master.myweb-fm.com\\\/fr\\\/equipements\\\/enrouleur-a-cable\\\/\",\"url\":\"https:\\\/\\\/master.myweb-fm.com\\\/fr\\\/equipements\\\/enrouleur-a-cable\\\/\",\"name\":\"Enrouleur \u00e0 c\u00e2ble - Instance master - Old Unyc\",\"isPartOf\":{\"@id\":\"https:\\\/\\\/master.myweb-fm.com\\\/fr\\\/#website\"},\"primaryImageOfPage\":{\"@id\":\"https:\\\/\\\/master.myweb-fm.com\\\/fr\\\/equipements\\\/enrouleur-a-cable\\\/#primaryimage\"},\"image\":{\"@id\":\"https:\\\/\\\/master.myweb-fm.com\\\/fr\\\/equipements\\\/enrouleur-a-cable\\\/#primaryimage\"},\"thumbnailUrl\":\"https:\\\/\\\/master.myweb-fm.com\\\/wp-content\\\/uploads\\\/2023\\\/11\\\/4ac287d4a6ce5e02b5d0030f256aabc23cac21a2_126_091009C_main_view_1.png\",\"datePublished\":\"2023-11-20T21:28:01+00:00\",\"dateModified\":\"2023-11-23T10:51:34+00:00\",\"breadcrumb\":{\"@id\":\"https:\\\/\\\/master.myweb-fm.com\\\/fr\\\/equipements\\\/enrouleur-a-cable\\\/#breadcrumb\"},\"inLanguage\":\"fr-FR\",\"potentialAction\":[{\"@type\":\"ReadAction\",\"target\":[\"https:\\\/\\\/master.myweb-fm.com\\\/fr\\\/equipements\\\/enrouleur-a-cable\\\/\"]}]},{\"@type\":\"ImageObject\",\"inLanguage\":\"fr-FR\",\"@id\":\"https:\\\/\\\/master.myweb-fm.com\\\/fr\\\/equipements\\\/enrouleur-a-cable\\\/#primaryimage\",\"url\":\"https:\\\/\\\/master.myweb-fm.com\\\/wp-content\\\/uploads\\\/2023\\\/11\\\/4ac287d4a6ce5e02b5d0030f256aabc23cac21a2_126_091009C_main_view_1.png\",\"contentUrl\":\"https:\\\/\\\/master.myweb-fm.com\\\/wp-content\\\/uploads\\\/2023\\\/11\\\/4ac287d4a6ce5e02b5d0030f256aabc23cac21a2_126_091009C_main_view_1.png\",\"width\":2953,\"height\":4725},{\"@type\":\"BreadcrumbList\",\"@id\":\"https:\\\/\\\/master.myweb-fm.com\\\/fr\\\/equipements\\\/enrouleur-a-cable\\\/#breadcrumb\",\"itemListElement\":[{\"@type\":\"ListItem\",\"position\":1,\"name\":\"Catalogue\",\"item\":\"https:\\\/\\\/master.myweb-fm.com\\\/fr\\\/catalogue\\\/\"},{\"@type\":\"ListItem\",\"position\":2,\"name\":\"Enrouleur \u00e0 c\u00e2ble\"}]},{\"@type\":\"WebSite\",\"@id\":\"https:\\\/\\\/master.myweb-fm.com\\\/fr\\\/#website\",\"url\":\"https:\\\/\\\/master.myweb-fm.com\\\/fr\\\/\",\"name\":\"Instance master - Old Unyc\",\"description\":\"Fr\u00e9n\u00e9hard &amp; Michaux\",\"potentialAction\":[{\"@type\":\"SearchAction\",\"target\":{\"@type\":\"EntryPoint\",\"urlTemplate\":\"https:\\\/\\\/master.myweb-fm.com\\\/fr\\\/?s={search_term_string}\"},\"query-input\":{\"@type\":\"PropertyValueSpecification\",\"valueRequired\":true,\"valueName\":\"search_term_string\"}}],\"inLanguage\":\"fr-FR\"}]}<\/script>\n<!-- \/ Yoast SEO plugin. -->","yoast_head_json":{"title":"Enrouleur \u00e0 c\u00e2ble - Instance master - Old Unyc","robots":{"index":"noindex","follow":"follow","max-snippet":"max-snippet:-1","max-image-preview":"max-image-preview:large","max-video-preview":"max-video-preview:-1"},"og_locale":"fr_FR","og_type":"article","og_title":"Enrouleur \u00e0 c\u00e2ble - Instance master - Old Unyc","og_description":"L'enrouleur \u00e0 c\u00e2ble est un antichute \u00e0 rappel automatique qui dispose d'une r\u00e9serve de c\u00e2ble sur un tambour prot\u00e9g\u00e9 par un carter en mati\u00e8re synth\u00e9tique. Le c\u00e2ble est maintenue tendue par un ressort, il s'allonge et se raccourcit au gr\u00e9 des d\u00e9placmeents de la personne assur\u00e9e. En cas de chute il se bloque automatiquement. L'absorption d'\u00e9nergie est r\u00e9alis\u00e9e par le dispositif lui m\u00eame. Il fait partie des composants des syst\u00e8mes anti-chute. Avertissement : le point d'ancrage doit \u00eatre situ\u00e9 \u00e0 au moins 80 cm au-dessus du seuil de travail.","og_url":"https:\/\/master.myweb-fm.com\/fr\/equipements\/enrouleur-a-cable\/","og_site_name":"Instance master - Old Unyc","article_modified_time":"2023-11-23T10:51:34+00:00","og_image":[{"url":"https:\/\/master.myweb-fm.com\/wp-content\/uploads\/2023\/11\/4ac287d4a6ce5e02b5d0030f256aabc23cac21a2_126_091009C_main_view_1.png","width":640,"height":1024,"type":"image\/png"}],"twitter_card":"summary_large_image","twitter_misc":{"Dur\u00e9e de lecture estim\u00e9e":"1 minute"},"schema":{"@context":"https:\/\/schema.org","@graph":[{"@type":"WebPage","@id":"https:\/\/master.myweb-fm.com\/fr\/equipements\/enrouleur-a-cable\/","url":"https:\/\/master.myweb-fm.com\/fr\/equipements\/enrouleur-a-cable\/","name":"Enrouleur \u00e0 c\u00e2ble - Instance master - Old Unyc","isPartOf":{"@id":"https:\/\/master.myweb-fm.com\/fr\/#website"},"primaryImageOfPage":{"@id":"https:\/\/master.myweb-fm.com\/fr\/equipements\/enrouleur-a-cable\/#primaryimage"},"image":{"@id":"https:\/\/master.myweb-fm.com\/fr\/equipements\/enrouleur-a-cable\/#primaryimage"},"thumbnailUrl":"https:\/\/master.myweb-fm.com\/wp-content\/uploads\/2023\/11\/4ac287d4a6ce5e02b5d0030f256aabc23cac21a2_126_091009C_main_view_1.png","datePublished":"2023-11-20T21:28:01+00:00","dateModified":"2023-11-23T10:51:34+00:00","breadcrumb":{"@id":"https:\/\/master.myweb-fm.com\/fr\/equipements\/enrouleur-a-cable\/#breadcrumb"},"inLanguage":"fr-FR","potentialAction":[{"@type":"ReadAction","target":["https:\/\/master.myweb-fm.com\/fr\/equipements\/enrouleur-a-cable\/"]}]},{"@type":"ImageObject","inLanguage":"fr-FR","@id":"https:\/\/master.myweb-fm.com\/fr\/equipements\/enrouleur-a-cable\/#primaryimage","url":"https:\/\/master.myweb-fm.com\/wp-content\/uploads\/2023\/11\/4ac287d4a6ce5e02b5d0030f256aabc23cac21a2_126_091009C_main_view_1.png","contentUrl":"https:\/\/master.myweb-fm.com\/wp-content\/uploads\/2023\/11\/4ac287d4a6ce5e02b5d0030f256aabc23cac21a2_126_091009C_main_view_1.png","width":2953,"height":4725},{"@type":"BreadcrumbList","@id":"https:\/\/master.myweb-fm.com\/fr\/equipements\/enrouleur-a-cable\/#breadcrumb","itemListElement":[{"@type":"ListItem","position":1,"name":"Catalogue","item":"https:\/\/master.myweb-fm.com\/fr\/catalogue\/"},{"@type":"ListItem","position":2,"name":"Enrouleur \u00e0 c\u00e2ble"}]},{"@type":"WebSite","@id":"https:\/\/master.myweb-fm.com\/fr\/#website","url":"https:\/\/master.myweb-fm.com\/fr\/","name":"Instance master - Old Unyc","description":"Fr\u00e9n\u00e9hard &amp; Michaux","potentialAction":[{"@type":"SearchAction","target":{"@type":"EntryPoint","urlTemplate":"https:\/\/master.myweb-fm.com\/fr\/?s={search_term_string}"},"query-input":{"@type":"PropertyValueSpecification","valueRequired":true,"valueName":"search_term_string"}}],"inLanguage":"fr-FR"}]}},"_links":{"self":[{"href":"https:\/\/master.myweb-fm.com\/fr\/wp-json\/wp\/v2\/product\/17650","targetHints":{"allow":["GET"]}}],"collection":[{"href":"https:\/\/master.myweb-fm.com\/fr\/wp-json\/wp\/v2\/product"}],"about":[{"href":"https:\/\/master.myweb-fm.com\/fr\/wp-json\/wp\/v2\/types\/product"}],"wp:featuredmedia":[{"embeddable":true,"href":"https:\/\/master.myweb-fm.com\/fr\/wp-json\/wp\/v2\/media\/15024"}],"wp:attachment":[{"href":"https:\/\/master.myweb-fm.com\/fr\/wp-json\/wp\/v2\/media?parent=17650"}],"wp:term":[{"taxonomy":"product_brand","embeddable":true,"href":"https:\/\/master.myweb-fm.com\/fr\/wp-json\/wp\/v2\/product_brand?post=17650"},{"taxonomy":"product_cat","embeddable":true,"href":"https:\/\/master.myweb-fm.com\/fr\/wp-json\/wp\/v2\/product_cat?post=17650"},{"taxonomy":"product_tag","embeddable":true,"href":"https:\/\/master.myweb-fm.com\/fr\/wp-json\/wp\/v2\/product_tag?post=17650"}],"curies":[{"name":"wp","href":"https:\/\/api.w.org\/{rel}","templated":true}]}}