{"id":17620,"date":"2023-11-20T22:26:45","date_gmt":"2023-11-20T21:26:45","guid":{"rendered":"https:\/\/master.myweb-fm.com\/non%20class\u00e9\/126-091006s\/"},"modified":"2023-11-23T15:17:39","modified_gmt":"2023-11-23T14:17:39","slug":"anneau-dancrage-en-sangle","status":"publish","type":"product","link":"https:\/\/master.myweb-fm.com\/fr\/equipements\/anneau-dancrage-en-sangle\/","title":{"rendered":"Anneau d&#8217;ancrage en sangle"},"content":{"rendered":"<ul>\n<li>Anneau d&#8217;ancrage &#8220;cravate&#8221; en sangle polyamide de 19 mm de largeur utiliser pour des ancrages temporaires<\/li>\n<li>Usage ponctuel<\/li>\n<li>Permet de s&#8217;accrocher sur toutes structures<\/li>\n<li>Jonction par un simple connecteur<\/li>\n<li>R\u00e9sistance : 22 kN<\/li>\n<li>Conforme \u00e0 la norme EN 795 classe B<\/li>\n<li>Diff\u00e9rentes longueurs possibles : 1,00 et 1,60 m<\/li>\n<\/ul>\n","protected":false},"excerpt":{"rendered":"<p>Lorsqu&#8217;aucun point d&#8217;ancrage n&#8217;a \u00e9t\u00e9 pr\u00e9vu sur la structure pour des interventions ult\u00e9rieures, l&#8217;utilisation d&#8217;un anneau d&#8217;ancrage temporaire permet de travailler en toute s\u00e9curit\u00e9 en ceinturant un \u00e9l\u00e9ment r\u00e9sistant et constitutif de la structure pour s&#8217;y accrocher par un simple noeud &#8220;cravate&#8221;.<\/p>\n","protected":false},"featured_media":14976,"template":"","meta":{"_acf_changed":false},"product_brand":[],"product_cat":[70117],"product_tag":[],"class_list":{"0":"post-17620","1":"product","2":"type-product","3":"status-publish","4":"has-post-thumbnail","6":"product_cat-equipements","7":"pa_abc_class-g","8":"pa_abc_class-s","9":"pa_base_unit-ea","10":"pa_brand-unyc","11":"pa_e_com_product-no","12":"pa_edi_option-no","13":"pa_export_product-yes","14":"pa_g_range-70615","15":"pa_lifespan-15-ans","16":"pa_lock_code-70723","17":"pa_material-polyamide","18":"pa_pack_instructions_level_1-no","19":"pa_pack_instructions_level_2-no","20":"pa_pack_instructions_level_3-no","21":"pa_pack_type_level_1-sca","22":"pa_pic_family-72283","23":"pa_product_extension_length-1_m","24":"pa_product_extension_length-1_6_m","25":"pa_product_origin-es","26":"pa_production_company-73381","27":"pa_sales_company-73501","28":"pa_sales_plan-c","29":"pa_sales_range-73669","30":"pa_short_designation-anneau-dancrage-sangle-1-m","31":"pa_short_designation-anneau-dancrage-sangle-1-60m","32":"pa_sigle-ce","33":"pa_standard-en_795","34":"pa_use-highly_intensive","35":"pa_varied_weight-no","37":"first","38":"instock","39":"shipping-taxable","40":"purchasable","41":"product-type-variable"},"acf":[],"yoast_head":"<!-- This site is optimized with the Yoast SEO plugin v27.3 - https:\/\/yoast.com\/product\/yoast-seo-wordpress\/ -->\n<title>Anneau d&#039;ancrage en sangle - Instance master - Old Unyc<\/title>\n<meta name=\"robots\" content=\"noindex, follow, max-snippet:-1, max-image-preview:large, max-video-preview:-1\" \/>\n<meta property=\"og:locale\" content=\"fr_FR\" \/>\n<meta property=\"og:type\" content=\"article\" \/>\n<meta property=\"og:title\" content=\"Anneau d&#039;ancrage en sangle - Instance master - Old Unyc\" \/>\n<meta property=\"og:description\" content=\"Lorsqu&#039;aucun point d&#039;ancrage n&#039;a \u00e9t\u00e9 pr\u00e9vu sur la structure pour des interventions ult\u00e9rieures, l&#039;utilisation d&#039;un anneau d&#039;ancrage temporaire permet de travailler en toute s\u00e9curit\u00e9 en ceinturant un \u00e9l\u00e9ment r\u00e9sistant et constitutif de la structure pour s&#039;y accrocher par un simple noeud &quot;cravate&quot;.\" \/>\n<meta property=\"og:url\" content=\"https:\/\/master.myweb-fm.com\/fr\/equipements\/anneau-dancrage-en-sangle\/\" \/>\n<meta property=\"og:site_name\" content=\"Instance master - Old Unyc\" \/>\n<meta property=\"article:modified_time\" content=\"2023-11-23T14:17:39+00:00\" \/>\n<meta property=\"og:image\" content=\"https:\/\/master.myweb-fm.com\/wp-content\/uploads\/2023\/11\/aea4f6e26ea5536f74eb8ed248cd391f2d04adce_126_091006S_main_view_1.jpg\" \/>\n\t<meta property=\"og:image:width\" content=\"2448\" \/>\n\t<meta property=\"og:image:height\" content=\"3264\" \/>\n\t<meta property=\"og:image:type\" content=\"image\/jpeg\" \/>\n<meta name=\"twitter:card\" content=\"summary_large_image\" \/>\n<meta name=\"twitter:label1\" content=\"Dur\u00e9e de lecture estim\u00e9e\" \/>\n\t<meta name=\"twitter:data1\" content=\"1 minute\" \/>\n<script type=\"application\/ld+json\" class=\"yoast-schema-graph\">{\"@context\":\"https:\\\/\\\/schema.org\",\"@graph\":[{\"@type\":\"WebPage\",\"@id\":\"https:\\\/\\\/master.myweb-fm.com\\\/fr\\\/equipements\\\/anneau-dancrage-en-sangle\\\/\",\"url\":\"https:\\\/\\\/master.myweb-fm.com\\\/fr\\\/equipements\\\/anneau-dancrage-en-sangle\\\/\",\"name\":\"Anneau d'ancrage en sangle - Instance master - Old Unyc\",\"isPartOf\":{\"@id\":\"https:\\\/\\\/master.myweb-fm.com\\\/fr\\\/#website\"},\"primaryImageOfPage\":{\"@id\":\"https:\\\/\\\/master.myweb-fm.com\\\/fr\\\/equipements\\\/anneau-dancrage-en-sangle\\\/#primaryimage\"},\"image\":{\"@id\":\"https:\\\/\\\/master.myweb-fm.com\\\/fr\\\/equipements\\\/anneau-dancrage-en-sangle\\\/#primaryimage\"},\"thumbnailUrl\":\"https:\\\/\\\/master.myweb-fm.com\\\/wp-content\\\/uploads\\\/2023\\\/11\\\/aea4f6e26ea5536f74eb8ed248cd391f2d04adce_126_091006S_main_view_1.jpg\",\"datePublished\":\"2023-11-20T21:26:45+00:00\",\"dateModified\":\"2023-11-23T14:17:39+00:00\",\"breadcrumb\":{\"@id\":\"https:\\\/\\\/master.myweb-fm.com\\\/fr\\\/equipements\\\/anneau-dancrage-en-sangle\\\/#breadcrumb\"},\"inLanguage\":\"fr-FR\",\"potentialAction\":[{\"@type\":\"ReadAction\",\"target\":[\"https:\\\/\\\/master.myweb-fm.com\\\/fr\\\/equipements\\\/anneau-dancrage-en-sangle\\\/\"]}]},{\"@type\":\"ImageObject\",\"inLanguage\":\"fr-FR\",\"@id\":\"https:\\\/\\\/master.myweb-fm.com\\\/fr\\\/equipements\\\/anneau-dancrage-en-sangle\\\/#primaryimage\",\"url\":\"https:\\\/\\\/master.myweb-fm.com\\\/wp-content\\\/uploads\\\/2023\\\/11\\\/aea4f6e26ea5536f74eb8ed248cd391f2d04adce_126_091006S_main_view_1.jpg\",\"contentUrl\":\"https:\\\/\\\/master.myweb-fm.com\\\/wp-content\\\/uploads\\\/2023\\\/11\\\/aea4f6e26ea5536f74eb8ed248cd391f2d04adce_126_091006S_main_view_1.jpg\",\"width\":2448,\"height\":3264},{\"@type\":\"BreadcrumbList\",\"@id\":\"https:\\\/\\\/master.myweb-fm.com\\\/fr\\\/equipements\\\/anneau-dancrage-en-sangle\\\/#breadcrumb\",\"itemListElement\":[{\"@type\":\"ListItem\",\"position\":1,\"name\":\"Catalogue\",\"item\":\"https:\\\/\\\/master.myweb-fm.com\\\/fr\\\/catalogue\\\/\"},{\"@type\":\"ListItem\",\"position\":2,\"name\":\"Anneau d&#8217;ancrage en sangle\"}]},{\"@type\":\"WebSite\",\"@id\":\"https:\\\/\\\/master.myweb-fm.com\\\/fr\\\/#website\",\"url\":\"https:\\\/\\\/master.myweb-fm.com\\\/fr\\\/\",\"name\":\"Instance master - Old Unyc\",\"description\":\"Fr\u00e9n\u00e9hard &amp; Michaux\",\"potentialAction\":[{\"@type\":\"SearchAction\",\"target\":{\"@type\":\"EntryPoint\",\"urlTemplate\":\"https:\\\/\\\/master.myweb-fm.com\\\/fr\\\/?s={search_term_string}\"},\"query-input\":{\"@type\":\"PropertyValueSpecification\",\"valueRequired\":true,\"valueName\":\"search_term_string\"}}],\"inLanguage\":\"fr-FR\"}]}<\/script>\n<!-- \/ Yoast SEO plugin. -->","yoast_head_json":{"title":"Anneau d'ancrage en sangle - Instance master - Old Unyc","robots":{"index":"noindex","follow":"follow","max-snippet":"max-snippet:-1","max-image-preview":"max-image-preview:large","max-video-preview":"max-video-preview:-1"},"og_locale":"fr_FR","og_type":"article","og_title":"Anneau d'ancrage en sangle - Instance master - Old Unyc","og_description":"Lorsqu'aucun point d'ancrage n'a \u00e9t\u00e9 pr\u00e9vu sur la structure pour des interventions ult\u00e9rieures, l'utilisation d'un anneau d'ancrage temporaire permet de travailler en toute s\u00e9curit\u00e9 en ceinturant un \u00e9l\u00e9ment r\u00e9sistant et constitutif de la structure pour s'y accrocher par un simple noeud \"cravate\".","og_url":"https:\/\/master.myweb-fm.com\/fr\/equipements\/anneau-dancrage-en-sangle\/","og_site_name":"Instance master - Old Unyc","article_modified_time":"2023-11-23T14:17:39+00:00","og_image":[{"width":2448,"height":3264,"url":"https:\/\/master.myweb-fm.com\/wp-content\/uploads\/2023\/11\/aea4f6e26ea5536f74eb8ed248cd391f2d04adce_126_091006S_main_view_1.jpg","type":"image\/jpeg"}],"twitter_card":"summary_large_image","twitter_misc":{"Dur\u00e9e de lecture estim\u00e9e":"1 minute"},"schema":{"@context":"https:\/\/schema.org","@graph":[{"@type":"WebPage","@id":"https:\/\/master.myweb-fm.com\/fr\/equipements\/anneau-dancrage-en-sangle\/","url":"https:\/\/master.myweb-fm.com\/fr\/equipements\/anneau-dancrage-en-sangle\/","name":"Anneau d'ancrage en sangle - Instance master - Old Unyc","isPartOf":{"@id":"https:\/\/master.myweb-fm.com\/fr\/#website"},"primaryImageOfPage":{"@id":"https:\/\/master.myweb-fm.com\/fr\/equipements\/anneau-dancrage-en-sangle\/#primaryimage"},"image":{"@id":"https:\/\/master.myweb-fm.com\/fr\/equipements\/anneau-dancrage-en-sangle\/#primaryimage"},"thumbnailUrl":"https:\/\/master.myweb-fm.com\/wp-content\/uploads\/2023\/11\/aea4f6e26ea5536f74eb8ed248cd391f2d04adce_126_091006S_main_view_1.jpg","datePublished":"2023-11-20T21:26:45+00:00","dateModified":"2023-11-23T14:17:39+00:00","breadcrumb":{"@id":"https:\/\/master.myweb-fm.com\/fr\/equipements\/anneau-dancrage-en-sangle\/#breadcrumb"},"inLanguage":"fr-FR","potentialAction":[{"@type":"ReadAction","target":["https:\/\/master.myweb-fm.com\/fr\/equipements\/anneau-dancrage-en-sangle\/"]}]},{"@type":"ImageObject","inLanguage":"fr-FR","@id":"https:\/\/master.myweb-fm.com\/fr\/equipements\/anneau-dancrage-en-sangle\/#primaryimage","url":"https:\/\/master.myweb-fm.com\/wp-content\/uploads\/2023\/11\/aea4f6e26ea5536f74eb8ed248cd391f2d04adce_126_091006S_main_view_1.jpg","contentUrl":"https:\/\/master.myweb-fm.com\/wp-content\/uploads\/2023\/11\/aea4f6e26ea5536f74eb8ed248cd391f2d04adce_126_091006S_main_view_1.jpg","width":2448,"height":3264},{"@type":"BreadcrumbList","@id":"https:\/\/master.myweb-fm.com\/fr\/equipements\/anneau-dancrage-en-sangle\/#breadcrumb","itemListElement":[{"@type":"ListItem","position":1,"name":"Catalogue","item":"https:\/\/master.myweb-fm.com\/fr\/catalogue\/"},{"@type":"ListItem","position":2,"name":"Anneau d&#8217;ancrage en sangle"}]},{"@type":"WebSite","@id":"https:\/\/master.myweb-fm.com\/fr\/#website","url":"https:\/\/master.myweb-fm.com\/fr\/","name":"Instance master - Old Unyc","description":"Fr\u00e9n\u00e9hard &amp; Michaux","potentialAction":[{"@type":"SearchAction","target":{"@type":"EntryPoint","urlTemplate":"https:\/\/master.myweb-fm.com\/fr\/?s={search_term_string}"},"query-input":{"@type":"PropertyValueSpecification","valueRequired":true,"valueName":"search_term_string"}}],"inLanguage":"fr-FR"}]}},"_links":{"self":[{"href":"https:\/\/master.myweb-fm.com\/fr\/wp-json\/wp\/v2\/product\/17620","targetHints":{"allow":["GET"]}}],"collection":[{"href":"https:\/\/master.myweb-fm.com\/fr\/wp-json\/wp\/v2\/product"}],"about":[{"href":"https:\/\/master.myweb-fm.com\/fr\/wp-json\/wp\/v2\/types\/product"}],"wp:featuredmedia":[{"embeddable":true,"href":"https:\/\/master.myweb-fm.com\/fr\/wp-json\/wp\/v2\/media\/14976"}],"wp:attachment":[{"href":"https:\/\/master.myweb-fm.com\/fr\/wp-json\/wp\/v2\/media?parent=17620"}],"wp:term":[{"taxonomy":"product_brand","embeddable":true,"href":"https:\/\/master.myweb-fm.com\/fr\/wp-json\/wp\/v2\/product_brand?post=17620"},{"taxonomy":"product_cat","embeddable":true,"href":"https:\/\/master.myweb-fm.com\/fr\/wp-json\/wp\/v2\/product_cat?post=17620"},{"taxonomy":"product_tag","embeddable":true,"href":"https:\/\/master.myweb-fm.com\/fr\/wp-json\/wp\/v2\/product_tag?post=17620"}],"curies":[{"name":"wp","href":"https:\/\/api.w.org\/{rel}","templated":true}]}}