{"id":17590,"date":"2023-11-20T22:25:25","date_gmt":"2023-11-20T21:25:25","guid":{"rendered":"https:\/\/master.myweb-fm.com\/non%20class\u00e9\/126-0910042s\/"},"modified":"2023-11-23T11:51:31","modified_gmt":"2023-11-23T10:51:31","slug":"longe-corde-simple","status":"publish","type":"product","link":"https:\/\/master.myweb-fm.com\/fr\/equipements\/longe-corde-simple\/","title":{"rendered":"Longe corde simple"},"content":{"rendered":"<ul>\n<li>Longes en corde ga\u00een\u00e9e tress\u00e9e en polyamide, diam\u00e8tre 11 mm<\/li>\n<li>Limitent les d\u00e9placements de l\u2019utilisateur et lui interdisent d\u2019approcher de zones \u00e0 risque de chute<\/li>\n<li>Ceci est un dispositif de retenue et non d\u2019anti-chute<\/li>\n<li>Boucle cousur pour accrochage<\/li>\n<li>Connecteurs du point d\u2019ancrage \u00d8 54 mm \u00e0 fermeture automatique, charge maximale 22kN<\/li>\n<li>Connecteur du harnais \u00d8 16 mm \u00e0 fermeture manuelle \u00e0 vis, charge maximale 22kN<\/li>\n<li>Disponible en 1,00 m et 1,50 m<\/li>\n<li>Charge maximale \u00e0 la rupture : 2 200 kg<\/li>\n<\/ul>\n","protected":false},"excerpt":{"rendered":"<p>Longe simple de retenue au travail en corde ga\u00een\u00e9e tress\u00e9e diam\u00e8tre 11 mm. Cette longe sert de liaison entre le harnais et le point d&#8217;ancrage sans besoin d&#8217;aucun autre \u00e9l\u00e9ment suppl\u00e9mentaire. La longueur d&#8217;une longe ne peut exc\u00e9der 2,00 m.<\/p>\n","protected":false},"featured_media":4686,"template":"","meta":{"_acf_changed":false},"product_brand":[],"product_cat":[70117],"product_tag":[],"class_list":{"0":"post-17590","1":"product","2":"type-product","3":"status-publish","4":"has-post-thumbnail","6":"product_cat-equipements","7":"pa_abc_class-a","8":"pa_abc_class-c","9":"pa_base_unit-ea","10":"pa_brand-unyc","11":"pa_e_com_product-no","12":"pa_edi_option-no","13":"pa_export_product-yes","14":"pa_g_range-70615","15":"pa_lifespan-15-ans","16":"pa_lock_code-70723","17":"pa_material-polyamide","18":"pa_pack_instructions_level_1-no","19":"pa_pack_instructions_level_2-no","20":"pa_pack_instructions_level_3-no","21":"pa_pack_type_level_1-sca","22":"pa_pack_type_level_2-ct","23":"pa_pack_type_level_3-pf","24":"pa_pic_family-72283","25":"pa_product_extension_length-1_m","26":"pa_product_extension_length-1_5_m","27":"pa_product_origin-es","28":"pa_production_company-73381","29":"pa_sales_company-73501","30":"pa_sales_plan-c","31":"pa_sales_range-73669","32":"pa_short_designation-longe-simple-corde-1-5m","33":"pa_short_designation-longe-simple-corde-1m","34":"pa_sigle-ce","35":"pa_standard-en_354","36":"pa_type_of_product-longe","37":"pa_use-highly_intensive","38":"pa_varied_weight-no","40":"first","41":"instock","42":"shipping-taxable","43":"purchasable","44":"product-type-variable"},"acf":[],"yoast_head":"<!-- This site is optimized with the Yoast SEO plugin v27.3 - https:\/\/yoast.com\/product\/yoast-seo-wordpress\/ -->\n<title>Longe corde simple - Instance master - Old Unyc<\/title>\n<meta name=\"robots\" content=\"noindex, follow, max-snippet:-1, max-image-preview:large, max-video-preview:-1\" \/>\n<meta property=\"og:locale\" content=\"fr_FR\" \/>\n<meta property=\"og:type\" content=\"article\" \/>\n<meta property=\"og:title\" content=\"Longe corde simple - Instance master - Old Unyc\" \/>\n<meta property=\"og:description\" content=\"Longe simple de retenue au travail en corde ga\u00een\u00e9e tress\u00e9e diam\u00e8tre 11 mm. Cette longe sert de liaison entre le harnais et le point d&#039;ancrage sans besoin d&#039;aucun autre \u00e9l\u00e9ment suppl\u00e9mentaire. La longueur d&#039;une longe ne peut exc\u00e9der 2,00 m.\" \/>\n<meta property=\"og:url\" content=\"https:\/\/master.myweb-fm.com\/fr\/equipements\/longe-corde-simple\/\" \/>\n<meta property=\"og:site_name\" content=\"Instance master - Old Unyc\" \/>\n<meta property=\"article:modified_time\" content=\"2023-11-23T10:51:31+00:00\" \/>\n<meta property=\"og:image\" content=\"https:\/\/master.myweb-fm.com\/wp-content\/uploads\/2023\/11\/1add532a4bc69b32070a90e6807a1579f2b7884e_126_0910042S_main_view.jpg\" \/>\n\t<meta property=\"og:image:width\" content=\"2362\" \/>\n\t<meta property=\"og:image:height\" content=\"401\" \/>\n\t<meta property=\"og:image:type\" content=\"image\/jpeg\" \/>\n<meta name=\"twitter:card\" content=\"summary_large_image\" \/>\n<script type=\"application\/ld+json\" class=\"yoast-schema-graph\">{\"@context\":\"https:\\\/\\\/schema.org\",\"@graph\":[{\"@type\":\"WebPage\",\"@id\":\"https:\\\/\\\/master.myweb-fm.com\\\/fr\\\/equipements\\\/longe-corde-simple\\\/\",\"url\":\"https:\\\/\\\/master.myweb-fm.com\\\/fr\\\/equipements\\\/longe-corde-simple\\\/\",\"name\":\"Longe corde simple - Instance master - Old Unyc\",\"isPartOf\":{\"@id\":\"https:\\\/\\\/master.myweb-fm.com\\\/fr\\\/#website\"},\"primaryImageOfPage\":{\"@id\":\"https:\\\/\\\/master.myweb-fm.com\\\/fr\\\/equipements\\\/longe-corde-simple\\\/#primaryimage\"},\"image\":{\"@id\":\"https:\\\/\\\/master.myweb-fm.com\\\/fr\\\/equipements\\\/longe-corde-simple\\\/#primaryimage\"},\"thumbnailUrl\":\"https:\\\/\\\/master.myweb-fm.com\\\/wp-content\\\/uploads\\\/2023\\\/11\\\/1add532a4bc69b32070a90e6807a1579f2b7884e_126_0910042S_main_view.jpg\",\"datePublished\":\"2023-11-20T21:25:25+00:00\",\"dateModified\":\"2023-11-23T10:51:31+00:00\",\"breadcrumb\":{\"@id\":\"https:\\\/\\\/master.myweb-fm.com\\\/fr\\\/equipements\\\/longe-corde-simple\\\/#breadcrumb\"},\"inLanguage\":\"fr-FR\",\"potentialAction\":[{\"@type\":\"ReadAction\",\"target\":[\"https:\\\/\\\/master.myweb-fm.com\\\/fr\\\/equipements\\\/longe-corde-simple\\\/\"]}]},{\"@type\":\"ImageObject\",\"inLanguage\":\"fr-FR\",\"@id\":\"https:\\\/\\\/master.myweb-fm.com\\\/fr\\\/equipements\\\/longe-corde-simple\\\/#primaryimage\",\"url\":\"https:\\\/\\\/master.myweb-fm.com\\\/wp-content\\\/uploads\\\/2023\\\/11\\\/1add532a4bc69b32070a90e6807a1579f2b7884e_126_0910042S_main_view.jpg\",\"contentUrl\":\"https:\\\/\\\/master.myweb-fm.com\\\/wp-content\\\/uploads\\\/2023\\\/11\\\/1add532a4bc69b32070a90e6807a1579f2b7884e_126_0910042S_main_view.jpg\",\"width\":2362,\"height\":401},{\"@type\":\"BreadcrumbList\",\"@id\":\"https:\\\/\\\/master.myweb-fm.com\\\/fr\\\/equipements\\\/longe-corde-simple\\\/#breadcrumb\",\"itemListElement\":[{\"@type\":\"ListItem\",\"position\":1,\"name\":\"Catalogue\",\"item\":\"https:\\\/\\\/master.myweb-fm.com\\\/fr\\\/catalogue\\\/\"},{\"@type\":\"ListItem\",\"position\":2,\"name\":\"Longe corde simple\"}]},{\"@type\":\"WebSite\",\"@id\":\"https:\\\/\\\/master.myweb-fm.com\\\/fr\\\/#website\",\"url\":\"https:\\\/\\\/master.myweb-fm.com\\\/fr\\\/\",\"name\":\"Instance master - Old Unyc\",\"description\":\"Fr\u00e9n\u00e9hard &amp; Michaux\",\"potentialAction\":[{\"@type\":\"SearchAction\",\"target\":{\"@type\":\"EntryPoint\",\"urlTemplate\":\"https:\\\/\\\/master.myweb-fm.com\\\/fr\\\/?s={search_term_string}\"},\"query-input\":{\"@type\":\"PropertyValueSpecification\",\"valueRequired\":true,\"valueName\":\"search_term_string\"}}],\"inLanguage\":\"fr-FR\"}]}<\/script>\n<!-- \/ Yoast SEO plugin. -->","yoast_head_json":{"title":"Longe corde simple - Instance master - Old Unyc","robots":{"index":"noindex","follow":"follow","max-snippet":"max-snippet:-1","max-image-preview":"max-image-preview:large","max-video-preview":"max-video-preview:-1"},"og_locale":"fr_FR","og_type":"article","og_title":"Longe corde simple - Instance master - Old Unyc","og_description":"Longe simple de retenue au travail en corde ga\u00een\u00e9e tress\u00e9e diam\u00e8tre 11 mm. Cette longe sert de liaison entre le harnais et le point d'ancrage sans besoin d'aucun autre \u00e9l\u00e9ment suppl\u00e9mentaire. La longueur d'une longe ne peut exc\u00e9der 2,00 m.","og_url":"https:\/\/master.myweb-fm.com\/fr\/equipements\/longe-corde-simple\/","og_site_name":"Instance master - Old Unyc","article_modified_time":"2023-11-23T10:51:31+00:00","og_image":[{"width":2362,"height":401,"url":"https:\/\/master.myweb-fm.com\/wp-content\/uploads\/2023\/11\/1add532a4bc69b32070a90e6807a1579f2b7884e_126_0910042S_main_view.jpg","type":"image\/jpeg"}],"twitter_card":"summary_large_image","schema":{"@context":"https:\/\/schema.org","@graph":[{"@type":"WebPage","@id":"https:\/\/master.myweb-fm.com\/fr\/equipements\/longe-corde-simple\/","url":"https:\/\/master.myweb-fm.com\/fr\/equipements\/longe-corde-simple\/","name":"Longe corde simple - Instance master - Old Unyc","isPartOf":{"@id":"https:\/\/master.myweb-fm.com\/fr\/#website"},"primaryImageOfPage":{"@id":"https:\/\/master.myweb-fm.com\/fr\/equipements\/longe-corde-simple\/#primaryimage"},"image":{"@id":"https:\/\/master.myweb-fm.com\/fr\/equipements\/longe-corde-simple\/#primaryimage"},"thumbnailUrl":"https:\/\/master.myweb-fm.com\/wp-content\/uploads\/2023\/11\/1add532a4bc69b32070a90e6807a1579f2b7884e_126_0910042S_main_view.jpg","datePublished":"2023-11-20T21:25:25+00:00","dateModified":"2023-11-23T10:51:31+00:00","breadcrumb":{"@id":"https:\/\/master.myweb-fm.com\/fr\/equipements\/longe-corde-simple\/#breadcrumb"},"inLanguage":"fr-FR","potentialAction":[{"@type":"ReadAction","target":["https:\/\/master.myweb-fm.com\/fr\/equipements\/longe-corde-simple\/"]}]},{"@type":"ImageObject","inLanguage":"fr-FR","@id":"https:\/\/master.myweb-fm.com\/fr\/equipements\/longe-corde-simple\/#primaryimage","url":"https:\/\/master.myweb-fm.com\/wp-content\/uploads\/2023\/11\/1add532a4bc69b32070a90e6807a1579f2b7884e_126_0910042S_main_view.jpg","contentUrl":"https:\/\/master.myweb-fm.com\/wp-content\/uploads\/2023\/11\/1add532a4bc69b32070a90e6807a1579f2b7884e_126_0910042S_main_view.jpg","width":2362,"height":401},{"@type":"BreadcrumbList","@id":"https:\/\/master.myweb-fm.com\/fr\/equipements\/longe-corde-simple\/#breadcrumb","itemListElement":[{"@type":"ListItem","position":1,"name":"Catalogue","item":"https:\/\/master.myweb-fm.com\/fr\/catalogue\/"},{"@type":"ListItem","position":2,"name":"Longe corde simple"}]},{"@type":"WebSite","@id":"https:\/\/master.myweb-fm.com\/fr\/#website","url":"https:\/\/master.myweb-fm.com\/fr\/","name":"Instance master - Old Unyc","description":"Fr\u00e9n\u00e9hard &amp; Michaux","potentialAction":[{"@type":"SearchAction","target":{"@type":"EntryPoint","urlTemplate":"https:\/\/master.myweb-fm.com\/fr\/?s={search_term_string}"},"query-input":{"@type":"PropertyValueSpecification","valueRequired":true,"valueName":"search_term_string"}}],"inLanguage":"fr-FR"}]}},"_links":{"self":[{"href":"https:\/\/master.myweb-fm.com\/fr\/wp-json\/wp\/v2\/product\/17590","targetHints":{"allow":["GET"]}}],"collection":[{"href":"https:\/\/master.myweb-fm.com\/fr\/wp-json\/wp\/v2\/product"}],"about":[{"href":"https:\/\/master.myweb-fm.com\/fr\/wp-json\/wp\/v2\/types\/product"}],"wp:featuredmedia":[{"embeddable":true,"href":"https:\/\/master.myweb-fm.com\/fr\/wp-json\/wp\/v2\/media\/4686"}],"wp:attachment":[{"href":"https:\/\/master.myweb-fm.com\/fr\/wp-json\/wp\/v2\/media?parent=17590"}],"wp:term":[{"taxonomy":"product_brand","embeddable":true,"href":"https:\/\/master.myweb-fm.com\/fr\/wp-json\/wp\/v2\/product_brand?post=17590"},{"taxonomy":"product_cat","embeddable":true,"href":"https:\/\/master.myweb-fm.com\/fr\/wp-json\/wp\/v2\/product_cat?post=17590"},{"taxonomy":"product_tag","embeddable":true,"href":"https:\/\/master.myweb-fm.com\/fr\/wp-json\/wp\/v2\/product_tag?post=17590"}],"curies":[{"name":"wp","href":"https:\/\/api.w.org\/{rel}","templated":true}]}}