{"id":17560,"date":"2023-11-20T22:24:08","date_gmt":"2023-11-20T21:24:08","guid":{"rendered":"https:\/\/master.myweb-fm.com\/non%20class\u00e9\/126-0910041d\/"},"modified":"2023-11-23T11:51:29","modified_gmt":"2023-11-23T10:51:29","slug":"longe-corde-double-avec-absorbeur","status":"publish","type":"product","link":"https:\/\/master.myweb-fm.com\/fr\/equipements\/longe-corde-double-avec-absorbeur\/","title":{"rendered":"Longe corde double avec absorbeur"},"content":{"rendered":"<ul>\n<li>Longes en corde ga\u00een\u00e9e tress\u00e9e en polyamide, diam\u00e8tre 11 mm<\/li>\n<li>S\u2019utilisent lors d\u2019un risque de chute<\/li>\n<li>L\u2019absorbeur int\u00e9gr\u00e9 dissipe l\u2019\u00e9nergie lors d\u2019une chute et limite ainsi la force de choc ressentie par l\u2019utilisateur<\/li>\n<li>Boucle cousur pour accrochage<\/li>\n<li>Connecteurs du point d\u2019ancrage \u00d8 54 mm \u00e0 fermeture automatique, charge maximale 22kN<\/li>\n<li>Connecteurs du harnais \u00d8 18 mm \u00e0 fermeture automatique, charge maximale 22kN<\/li>\n<li>Disponible en 1,00 m et 1,75 m<\/li>\n<li>Charge maximale \u00e0 la rupture : 2 200 kg<\/li>\n<\/ul>\n","protected":false},"excerpt":{"rendered":"<p>Cette longe double en corde avec absorbeur d&#8217;\u00e9nergie s&#8217;attache d&#8217;un c\u00f4t\u00e9 au harnais de s\u00e9curit\u00e9, de l&#8217;autre c\u00f4t\u00e9 \u00e0 un point d&#8217;ancrage afin de prot\u00e9ger l&#8217;utilisateur en cas de chute. L&#8217;absorbeur d&#8217;\u00e9nergie int\u00e9gr\u00e9 permet de retenir progressivement l&#8217;utilisateur en cas de chute. Les deux mousquetons sont int\u00e9gr\u00e9s. La longueur d&#8217;une longe ne peut exc\u00e9der 2,00 m. La longe double permet le franchissement ou l&#8217;\u00e9volution d&#8217;un point d&#8217;ancrage \u00e0 un autre en toute s\u00e9curit\u00e9 sans avoir \u00e0 se d\u00e9tacher.<\/p>\n","protected":false},"featured_media":14832,"template":"","meta":{"_acf_changed":false},"product_brand":[],"product_cat":[70117],"product_tag":[],"class_list":{"0":"post-17560","1":"product","2":"type-product","3":"status-publish","4":"has-post-thumbnail","6":"product_cat-equipements","7":"pa_abc_class-c","8":"pa_abc_class-g","9":"pa_base_unit-ea","10":"pa_brand-unyc","11":"pa_e_com_product-no","12":"pa_edi_option-no","13":"pa_export_product-yes","14":"pa_g_range-70615","15":"pa_lifespan-15-ans","16":"pa_lock_code-70723","17":"pa_material-polyamide","18":"pa_pack_instructions_level_1-no","19":"pa_pack_instructions_level_2-no","20":"pa_pack_instructions_level_3-no","21":"pa_pack_type_level_1-sca","22":"pa_pic_family-72283","23":"pa_product_extension_length-1_m","24":"pa_product_extension_length-1_75_m","25":"pa_product_origin-es","26":"pa_production_company-73381","27":"pa_sales_company-73501","28":"pa_sales_plan-c","29":"pa_sales_range-73669","30":"pa_short_designation-longe-double-corde-1-75mabsor","31":"pa_short_designation-longe-double-corde-1mabsorbeu","32":"pa_sigle-ce","33":"pa_standard-en_355","34":"pa_type_of_product-longe","35":"pa_use-highly_intensive","36":"pa_varied_weight-no","38":"first","39":"instock","40":"shipping-taxable","41":"purchasable","42":"product-type-variable"},"acf":[],"yoast_head":"<!-- This site is optimized with the Yoast SEO plugin v27.3 - https:\/\/yoast.com\/product\/yoast-seo-wordpress\/ -->\n<title>Longe corde double avec absorbeur - Instance master - Old Unyc<\/title>\n<meta name=\"robots\" content=\"noindex, follow, max-snippet:-1, max-image-preview:large, max-video-preview:-1\" \/>\n<meta property=\"og:locale\" content=\"fr_FR\" \/>\n<meta property=\"og:type\" content=\"article\" \/>\n<meta property=\"og:title\" content=\"Longe corde double avec absorbeur - Instance master - Old Unyc\" \/>\n<meta property=\"og:description\" content=\"Cette longe double en corde avec absorbeur d&#039;\u00e9nergie s&#039;attache d&#039;un c\u00f4t\u00e9 au harnais de s\u00e9curit\u00e9, de l&#039;autre c\u00f4t\u00e9 \u00e0 un point d&#039;ancrage afin de prot\u00e9ger l&#039;utilisateur en cas de chute. L&#039;absorbeur d&#039;\u00e9nergie int\u00e9gr\u00e9 permet de retenir progressivement l&#039;utilisateur en cas de chute. Les deux mousquetons sont int\u00e9gr\u00e9s. La longueur d&#039;une longe ne peut exc\u00e9der 2,00 m. La longe double permet le franchissement ou l&#039;\u00e9volution d&#039;un point d&#039;ancrage \u00e0 un autre en toute s\u00e9curit\u00e9 sans avoir \u00e0 se d\u00e9tacher.\" \/>\n<meta property=\"og:url\" content=\"https:\/\/master.myweb-fm.com\/fr\/equipements\/longe-corde-double-avec-absorbeur\/\" \/>\n<meta property=\"og:site_name\" content=\"Instance master - Old Unyc\" \/>\n<meta property=\"article:modified_time\" content=\"2023-11-23T10:51:29+00:00\" \/>\n<meta property=\"og:image\" content=\"https:\/\/master.myweb-fm.com\/wp-content\/uploads\/2023\/11\/c5a9bb157e7068c4b329bc5a9c9607af774cecbc_126_0910041D_main_view_1.jpg\" \/>\n\t<meta property=\"og:image:width\" content=\"1024\" \/>\n\t<meta property=\"og:image:height\" content=\"242\" \/>\n\t<meta property=\"og:image:type\" content=\"image\/jpeg\" \/>\n<meta name=\"twitter:card\" content=\"summary_large_image\" \/>\n<script type=\"application\/ld+json\" class=\"yoast-schema-graph\">{\"@context\":\"https:\\\/\\\/schema.org\",\"@graph\":[{\"@type\":\"WebPage\",\"@id\":\"https:\\\/\\\/master.myweb-fm.com\\\/fr\\\/equipements\\\/longe-corde-double-avec-absorbeur\\\/\",\"url\":\"https:\\\/\\\/master.myweb-fm.com\\\/fr\\\/equipements\\\/longe-corde-double-avec-absorbeur\\\/\",\"name\":\"Longe corde double avec absorbeur - Instance master - Old Unyc\",\"isPartOf\":{\"@id\":\"https:\\\/\\\/master.myweb-fm.com\\\/fr\\\/#website\"},\"primaryImageOfPage\":{\"@id\":\"https:\\\/\\\/master.myweb-fm.com\\\/fr\\\/equipements\\\/longe-corde-double-avec-absorbeur\\\/#primaryimage\"},\"image\":{\"@id\":\"https:\\\/\\\/master.myweb-fm.com\\\/fr\\\/equipements\\\/longe-corde-double-avec-absorbeur\\\/#primaryimage\"},\"thumbnailUrl\":\"https:\\\/\\\/master.myweb-fm.com\\\/wp-content\\\/uploads\\\/2023\\\/11\\\/c5a9bb157e7068c4b329bc5a9c9607af774cecbc_126_0910041D_main_view_1.jpg\",\"datePublished\":\"2023-11-20T21:24:08+00:00\",\"dateModified\":\"2023-11-23T10:51:29+00:00\",\"breadcrumb\":{\"@id\":\"https:\\\/\\\/master.myweb-fm.com\\\/fr\\\/equipements\\\/longe-corde-double-avec-absorbeur\\\/#breadcrumb\"},\"inLanguage\":\"fr-FR\",\"potentialAction\":[{\"@type\":\"ReadAction\",\"target\":[\"https:\\\/\\\/master.myweb-fm.com\\\/fr\\\/equipements\\\/longe-corde-double-avec-absorbeur\\\/\"]}]},{\"@type\":\"ImageObject\",\"inLanguage\":\"fr-FR\",\"@id\":\"https:\\\/\\\/master.myweb-fm.com\\\/fr\\\/equipements\\\/longe-corde-double-avec-absorbeur\\\/#primaryimage\",\"url\":\"https:\\\/\\\/master.myweb-fm.com\\\/wp-content\\\/uploads\\\/2023\\\/11\\\/c5a9bb157e7068c4b329bc5a9c9607af774cecbc_126_0910041D_main_view_1.jpg\",\"contentUrl\":\"https:\\\/\\\/master.myweb-fm.com\\\/wp-content\\\/uploads\\\/2023\\\/11\\\/c5a9bb157e7068c4b329bc5a9c9607af774cecbc_126_0910041D_main_view_1.jpg\",\"width\":9733,\"height\":2300},{\"@type\":\"BreadcrumbList\",\"@id\":\"https:\\\/\\\/master.myweb-fm.com\\\/fr\\\/equipements\\\/longe-corde-double-avec-absorbeur\\\/#breadcrumb\",\"itemListElement\":[{\"@type\":\"ListItem\",\"position\":1,\"name\":\"Catalogue\",\"item\":\"https:\\\/\\\/master.myweb-fm.com\\\/fr\\\/catalogue\\\/\"},{\"@type\":\"ListItem\",\"position\":2,\"name\":\"Longe corde double avec absorbeur\"}]},{\"@type\":\"WebSite\",\"@id\":\"https:\\\/\\\/master.myweb-fm.com\\\/fr\\\/#website\",\"url\":\"https:\\\/\\\/master.myweb-fm.com\\\/fr\\\/\",\"name\":\"Instance master - Old Unyc\",\"description\":\"Fr\u00e9n\u00e9hard &amp; Michaux\",\"potentialAction\":[{\"@type\":\"SearchAction\",\"target\":{\"@type\":\"EntryPoint\",\"urlTemplate\":\"https:\\\/\\\/master.myweb-fm.com\\\/fr\\\/?s={search_term_string}\"},\"query-input\":{\"@type\":\"PropertyValueSpecification\",\"valueRequired\":true,\"valueName\":\"search_term_string\"}}],\"inLanguage\":\"fr-FR\"}]}<\/script>\n<!-- \/ Yoast SEO plugin. -->","yoast_head_json":{"title":"Longe corde double avec absorbeur - Instance master - Old Unyc","robots":{"index":"noindex","follow":"follow","max-snippet":"max-snippet:-1","max-image-preview":"max-image-preview:large","max-video-preview":"max-video-preview:-1"},"og_locale":"fr_FR","og_type":"article","og_title":"Longe corde double avec absorbeur - Instance master - Old Unyc","og_description":"Cette longe double en corde avec absorbeur d'\u00e9nergie s'attache d'un c\u00f4t\u00e9 au harnais de s\u00e9curit\u00e9, de l'autre c\u00f4t\u00e9 \u00e0 un point d'ancrage afin de prot\u00e9ger l'utilisateur en cas de chute. L'absorbeur d'\u00e9nergie int\u00e9gr\u00e9 permet de retenir progressivement l'utilisateur en cas de chute. Les deux mousquetons sont int\u00e9gr\u00e9s. La longueur d'une longe ne peut exc\u00e9der 2,00 m. La longe double permet le franchissement ou l'\u00e9volution d'un point d'ancrage \u00e0 un autre en toute s\u00e9curit\u00e9 sans avoir \u00e0 se d\u00e9tacher.","og_url":"https:\/\/master.myweb-fm.com\/fr\/equipements\/longe-corde-double-avec-absorbeur\/","og_site_name":"Instance master - Old Unyc","article_modified_time":"2023-11-23T10:51:29+00:00","og_image":[{"url":"https:\/\/master.myweb-fm.com\/wp-content\/uploads\/2023\/11\/c5a9bb157e7068c4b329bc5a9c9607af774cecbc_126_0910041D_main_view_1.jpg","width":1024,"height":242,"type":"image\/jpeg"}],"twitter_card":"summary_large_image","schema":{"@context":"https:\/\/schema.org","@graph":[{"@type":"WebPage","@id":"https:\/\/master.myweb-fm.com\/fr\/equipements\/longe-corde-double-avec-absorbeur\/","url":"https:\/\/master.myweb-fm.com\/fr\/equipements\/longe-corde-double-avec-absorbeur\/","name":"Longe corde double avec absorbeur - Instance master - Old Unyc","isPartOf":{"@id":"https:\/\/master.myweb-fm.com\/fr\/#website"},"primaryImageOfPage":{"@id":"https:\/\/master.myweb-fm.com\/fr\/equipements\/longe-corde-double-avec-absorbeur\/#primaryimage"},"image":{"@id":"https:\/\/master.myweb-fm.com\/fr\/equipements\/longe-corde-double-avec-absorbeur\/#primaryimage"},"thumbnailUrl":"https:\/\/master.myweb-fm.com\/wp-content\/uploads\/2023\/11\/c5a9bb157e7068c4b329bc5a9c9607af774cecbc_126_0910041D_main_view_1.jpg","datePublished":"2023-11-20T21:24:08+00:00","dateModified":"2023-11-23T10:51:29+00:00","breadcrumb":{"@id":"https:\/\/master.myweb-fm.com\/fr\/equipements\/longe-corde-double-avec-absorbeur\/#breadcrumb"},"inLanguage":"fr-FR","potentialAction":[{"@type":"ReadAction","target":["https:\/\/master.myweb-fm.com\/fr\/equipements\/longe-corde-double-avec-absorbeur\/"]}]},{"@type":"ImageObject","inLanguage":"fr-FR","@id":"https:\/\/master.myweb-fm.com\/fr\/equipements\/longe-corde-double-avec-absorbeur\/#primaryimage","url":"https:\/\/master.myweb-fm.com\/wp-content\/uploads\/2023\/11\/c5a9bb157e7068c4b329bc5a9c9607af774cecbc_126_0910041D_main_view_1.jpg","contentUrl":"https:\/\/master.myweb-fm.com\/wp-content\/uploads\/2023\/11\/c5a9bb157e7068c4b329bc5a9c9607af774cecbc_126_0910041D_main_view_1.jpg","width":9733,"height":2300},{"@type":"BreadcrumbList","@id":"https:\/\/master.myweb-fm.com\/fr\/equipements\/longe-corde-double-avec-absorbeur\/#breadcrumb","itemListElement":[{"@type":"ListItem","position":1,"name":"Catalogue","item":"https:\/\/master.myweb-fm.com\/fr\/catalogue\/"},{"@type":"ListItem","position":2,"name":"Longe corde double avec absorbeur"}]},{"@type":"WebSite","@id":"https:\/\/master.myweb-fm.com\/fr\/#website","url":"https:\/\/master.myweb-fm.com\/fr\/","name":"Instance master - Old Unyc","description":"Fr\u00e9n\u00e9hard &amp; Michaux","potentialAction":[{"@type":"SearchAction","target":{"@type":"EntryPoint","urlTemplate":"https:\/\/master.myweb-fm.com\/fr\/?s={search_term_string}"},"query-input":{"@type":"PropertyValueSpecification","valueRequired":true,"valueName":"search_term_string"}}],"inLanguage":"fr-FR"}]}},"_links":{"self":[{"href":"https:\/\/master.myweb-fm.com\/fr\/wp-json\/wp\/v2\/product\/17560","targetHints":{"allow":["GET"]}}],"collection":[{"href":"https:\/\/master.myweb-fm.com\/fr\/wp-json\/wp\/v2\/product"}],"about":[{"href":"https:\/\/master.myweb-fm.com\/fr\/wp-json\/wp\/v2\/types\/product"}],"wp:featuredmedia":[{"embeddable":true,"href":"https:\/\/master.myweb-fm.com\/fr\/wp-json\/wp\/v2\/media\/14832"}],"wp:attachment":[{"href":"https:\/\/master.myweb-fm.com\/fr\/wp-json\/wp\/v2\/media?parent=17560"}],"wp:term":[{"taxonomy":"product_brand","embeddable":true,"href":"https:\/\/master.myweb-fm.com\/fr\/wp-json\/wp\/v2\/product_brand?post=17560"},{"taxonomy":"product_cat","embeddable":true,"href":"https:\/\/master.myweb-fm.com\/fr\/wp-json\/wp\/v2\/product_cat?post=17560"},{"taxonomy":"product_tag","embeddable":true,"href":"https:\/\/master.myweb-fm.com\/fr\/wp-json\/wp\/v2\/product_tag?post=17560"}],"curies":[{"name":"wp","href":"https:\/\/api.w.org\/{rel}","templated":true}]}}