{"id":17452,"date":"2023-11-20T22:19:47","date_gmt":"2023-11-20T21:19:47","guid":{"rendered":"https:\/\/master.myweb-fm.com\/non%20class\u00e9\/126-091003\/"},"modified":"2023-11-23T11:49:43","modified_gmt":"2023-11-23T10:49:43","slug":"cordes","status":"publish","type":"product","link":"https:\/\/master.myweb-fm.com\/fr\/equipements\/cordes\/","title":{"rendered":"Cordes"},"content":{"rendered":"<ul>\n<li>Cordes semi statiques \u00d8 11 mm en polyamide<\/li>\n<li>Boucles pour ancrage cousues<\/li>\n<li>Grande r\u00e9sistance \u00e0 la traction ; Allongement &lt;5%, grande r\u00e9sistance \u00e0 la traction<\/li>\n<li>6 longueurs disponibles 3, 6, 10, 20, 30, 50 m\u00e8tres<\/li>\n<li>Compatible avec notre anti-chute bloqueur coulissant<\/li>\n<\/ul>\n","protected":false},"excerpt":{"rendered":"<p>Corde ga\u00een\u00e9e tress\u00e9e en polyamide diam\u00e8tre 11 mm pour un usage vertical associ\u00e9 avec notre anti-chute bloqueur coulissant. Cette corde fait partie des composants d&#8217;un syst\u00e8me anti-chute. Pour une plus grande facilit\u00e9 d&#8217;utilisation, il est judicieux de lester la corde par un poids de 3 kg.<\/p>\n","protected":false},"featured_media":14706,"template":"","meta":{"_acf_changed":false},"product_brand":[],"product_cat":[70117],"product_tag":[],"class_list":{"0":"post-17452","1":"product","2":"type-product","3":"status-publish","4":"has-post-thumbnail","6":"product_cat-equipements","7":"pa_abc_class-a","8":"pa_abc_class-b","9":"pa_abc_class-c","10":"pa_abc_class-s","11":"pa_base_unit-ea","12":"pa_brand-unyc","13":"pa_e_com_product-no","14":"pa_edi_option-no","15":"pa_export_product-yes","16":"pa_g_range-70615","17":"pa_lifespan-15-ans","18":"pa_lock_code-70723","19":"pa_lock_code-0su","20":"pa_material-polyamide","21":"pa_pack_instructions_level_1-no","22":"pa_pack_instructions_level_2-no","23":"pa_pack_instructions_level_3-no","24":"pa_pack_type_level_1-ct","25":"pa_pack_type_level_1-sca","26":"pa_pack_type_level_2-pf","27":"pa_pic_family-72283","28":"pa_product_extension_length-10_m","29":"pa_product_extension_length-20_m","30":"pa_product_extension_length-3_m","31":"pa_product_extension_length-30_m","32":"pa_product_extension_length-50_m","33":"pa_product_extension_length-6_m","34":"pa_product_origin-es","35":"pa_production_company-73381","36":"pa_sales_company-73501","37":"pa_sales_plan-c","38":"pa_sales_range-73669","39":"pa_short_designation-corde-gainee-tressee-10m","40":"pa_short_designation-corde-gainee-tressee-20m","41":"pa_short_designation-corde-gainee-tressee-30m","42":"pa_short_designation-corde-gainee-tressee-3m","43":"pa_short_designation-corde-gainee-tressee-50m","44":"pa_short_designation-corde-gainee-tressee-6m","45":"pa_sigle-ce","46":"pa_standard-en_1891","47":"pa_type_of_product-corde","48":"pa_use-highly_intensive","49":"pa_varied_weight-no","51":"first","52":"instock","53":"shipping-taxable","54":"purchasable","55":"product-type-variable"},"acf":[],"yoast_head":"<!-- This site is optimized with the Yoast SEO plugin v27.3 - https:\/\/yoast.com\/product\/yoast-seo-wordpress\/ -->\n<title>Cordes - Instance master - Old Unyc<\/title>\n<meta name=\"robots\" content=\"noindex, follow, max-snippet:-1, max-image-preview:large, max-video-preview:-1\" \/>\n<meta property=\"og:locale\" content=\"fr_FR\" \/>\n<meta property=\"og:type\" content=\"article\" \/>\n<meta property=\"og:title\" content=\"Cordes - Instance master - Old Unyc\" \/>\n<meta property=\"og:description\" content=\"Corde ga\u00een\u00e9e tress\u00e9e en polyamide diam\u00e8tre 11 mm pour un usage vertical associ\u00e9 avec notre anti-chute bloqueur coulissant. Cette corde fait partie des composants d&#039;un syst\u00e8me anti-chute. Pour une plus grande facilit\u00e9 d&#039;utilisation, il est judicieux de lester la corde par un poids de 3 kg.\" \/>\n<meta property=\"og:url\" content=\"https:\/\/master.myweb-fm.com\/fr\/equipements\/cordes\/\" \/>\n<meta property=\"og:site_name\" content=\"Instance master - Old Unyc\" \/>\n<meta property=\"article:modified_time\" content=\"2023-11-23T10:49:43+00:00\" \/>\n<meta property=\"og:image\" content=\"https:\/\/master.myweb-fm.com\/wp-content\/uploads\/2023\/11\/9ae18f1a80e08a74981ff12ef27d74d75bbf5e07_126_091003_main_view_1.jpg\" \/>\n\t<meta property=\"og:image:width\" content=\"768\" \/>\n\t<meta property=\"og:image:height\" content=\"1024\" \/>\n\t<meta property=\"og:image:type\" content=\"image\/jpeg\" \/>\n<meta name=\"twitter:card\" content=\"summary_large_image\" \/>\n<script type=\"application\/ld+json\" class=\"yoast-schema-graph\">{\"@context\":\"https:\\\/\\\/schema.org\",\"@graph\":[{\"@type\":\"WebPage\",\"@id\":\"https:\\\/\\\/master.myweb-fm.com\\\/fr\\\/equipements\\\/cordes\\\/\",\"url\":\"https:\\\/\\\/master.myweb-fm.com\\\/fr\\\/equipements\\\/cordes\\\/\",\"name\":\"Cordes - Instance master - Old Unyc\",\"isPartOf\":{\"@id\":\"https:\\\/\\\/master.myweb-fm.com\\\/fr\\\/#website\"},\"primaryImageOfPage\":{\"@id\":\"https:\\\/\\\/master.myweb-fm.com\\\/fr\\\/equipements\\\/cordes\\\/#primaryimage\"},\"image\":{\"@id\":\"https:\\\/\\\/master.myweb-fm.com\\\/fr\\\/equipements\\\/cordes\\\/#primaryimage\"},\"thumbnailUrl\":\"https:\\\/\\\/master.myweb-fm.com\\\/wp-content\\\/uploads\\\/2023\\\/11\\\/9ae18f1a80e08a74981ff12ef27d74d75bbf5e07_126_091003_main_view_1.jpg\",\"datePublished\":\"2023-11-20T21:19:47+00:00\",\"dateModified\":\"2023-11-23T10:49:43+00:00\",\"breadcrumb\":{\"@id\":\"https:\\\/\\\/master.myweb-fm.com\\\/fr\\\/equipements\\\/cordes\\\/#breadcrumb\"},\"inLanguage\":\"fr-FR\",\"potentialAction\":[{\"@type\":\"ReadAction\",\"target\":[\"https:\\\/\\\/master.myweb-fm.com\\\/fr\\\/equipements\\\/cordes\\\/\"]}]},{\"@type\":\"ImageObject\",\"inLanguage\":\"fr-FR\",\"@id\":\"https:\\\/\\\/master.myweb-fm.com\\\/fr\\\/equipements\\\/cordes\\\/#primaryimage\",\"url\":\"https:\\\/\\\/master.myweb-fm.com\\\/wp-content\\\/uploads\\\/2023\\\/11\\\/9ae18f1a80e08a74981ff12ef27d74d75bbf5e07_126_091003_main_view_1.jpg\",\"contentUrl\":\"https:\\\/\\\/master.myweb-fm.com\\\/wp-content\\\/uploads\\\/2023\\\/11\\\/9ae18f1a80e08a74981ff12ef27d74d75bbf5e07_126_091003_main_view_1.jpg\",\"width\":2448,\"height\":3264},{\"@type\":\"BreadcrumbList\",\"@id\":\"https:\\\/\\\/master.myweb-fm.com\\\/fr\\\/equipements\\\/cordes\\\/#breadcrumb\",\"itemListElement\":[{\"@type\":\"ListItem\",\"position\":1,\"name\":\"Catalogue\",\"item\":\"https:\\\/\\\/master.myweb-fm.com\\\/fr\\\/catalogue\\\/\"},{\"@type\":\"ListItem\",\"position\":2,\"name\":\"Cordes\"}]},{\"@type\":\"WebSite\",\"@id\":\"https:\\\/\\\/master.myweb-fm.com\\\/fr\\\/#website\",\"url\":\"https:\\\/\\\/master.myweb-fm.com\\\/fr\\\/\",\"name\":\"Instance master - Old Unyc\",\"description\":\"Fr\u00e9n\u00e9hard &amp; Michaux\",\"potentialAction\":[{\"@type\":\"SearchAction\",\"target\":{\"@type\":\"EntryPoint\",\"urlTemplate\":\"https:\\\/\\\/master.myweb-fm.com\\\/fr\\\/?s={search_term_string}\"},\"query-input\":{\"@type\":\"PropertyValueSpecification\",\"valueRequired\":true,\"valueName\":\"search_term_string\"}}],\"inLanguage\":\"fr-FR\"}]}<\/script>\n<!-- \/ Yoast SEO plugin. -->","yoast_head_json":{"title":"Cordes - Instance master - Old Unyc","robots":{"index":"noindex","follow":"follow","max-snippet":"max-snippet:-1","max-image-preview":"max-image-preview:large","max-video-preview":"max-video-preview:-1"},"og_locale":"fr_FR","og_type":"article","og_title":"Cordes - Instance master - Old Unyc","og_description":"Corde ga\u00een\u00e9e tress\u00e9e en polyamide diam\u00e8tre 11 mm pour un usage vertical associ\u00e9 avec notre anti-chute bloqueur coulissant. Cette corde fait partie des composants d'un syst\u00e8me anti-chute. Pour une plus grande facilit\u00e9 d'utilisation, il est judicieux de lester la corde par un poids de 3 kg.","og_url":"https:\/\/master.myweb-fm.com\/fr\/equipements\/cordes\/","og_site_name":"Instance master - Old Unyc","article_modified_time":"2023-11-23T10:49:43+00:00","og_image":[{"url":"https:\/\/master.myweb-fm.com\/wp-content\/uploads\/2023\/11\/9ae18f1a80e08a74981ff12ef27d74d75bbf5e07_126_091003_main_view_1.jpg","width":768,"height":1024,"type":"image\/jpeg"}],"twitter_card":"summary_large_image","schema":{"@context":"https:\/\/schema.org","@graph":[{"@type":"WebPage","@id":"https:\/\/master.myweb-fm.com\/fr\/equipements\/cordes\/","url":"https:\/\/master.myweb-fm.com\/fr\/equipements\/cordes\/","name":"Cordes - Instance master - Old Unyc","isPartOf":{"@id":"https:\/\/master.myweb-fm.com\/fr\/#website"},"primaryImageOfPage":{"@id":"https:\/\/master.myweb-fm.com\/fr\/equipements\/cordes\/#primaryimage"},"image":{"@id":"https:\/\/master.myweb-fm.com\/fr\/equipements\/cordes\/#primaryimage"},"thumbnailUrl":"https:\/\/master.myweb-fm.com\/wp-content\/uploads\/2023\/11\/9ae18f1a80e08a74981ff12ef27d74d75bbf5e07_126_091003_main_view_1.jpg","datePublished":"2023-11-20T21:19:47+00:00","dateModified":"2023-11-23T10:49:43+00:00","breadcrumb":{"@id":"https:\/\/master.myweb-fm.com\/fr\/equipements\/cordes\/#breadcrumb"},"inLanguage":"fr-FR","potentialAction":[{"@type":"ReadAction","target":["https:\/\/master.myweb-fm.com\/fr\/equipements\/cordes\/"]}]},{"@type":"ImageObject","inLanguage":"fr-FR","@id":"https:\/\/master.myweb-fm.com\/fr\/equipements\/cordes\/#primaryimage","url":"https:\/\/master.myweb-fm.com\/wp-content\/uploads\/2023\/11\/9ae18f1a80e08a74981ff12ef27d74d75bbf5e07_126_091003_main_view_1.jpg","contentUrl":"https:\/\/master.myweb-fm.com\/wp-content\/uploads\/2023\/11\/9ae18f1a80e08a74981ff12ef27d74d75bbf5e07_126_091003_main_view_1.jpg","width":2448,"height":3264},{"@type":"BreadcrumbList","@id":"https:\/\/master.myweb-fm.com\/fr\/equipements\/cordes\/#breadcrumb","itemListElement":[{"@type":"ListItem","position":1,"name":"Catalogue","item":"https:\/\/master.myweb-fm.com\/fr\/catalogue\/"},{"@type":"ListItem","position":2,"name":"Cordes"}]},{"@type":"WebSite","@id":"https:\/\/master.myweb-fm.com\/fr\/#website","url":"https:\/\/master.myweb-fm.com\/fr\/","name":"Instance master - Old Unyc","description":"Fr\u00e9n\u00e9hard &amp; Michaux","potentialAction":[{"@type":"SearchAction","target":{"@type":"EntryPoint","urlTemplate":"https:\/\/master.myweb-fm.com\/fr\/?s={search_term_string}"},"query-input":{"@type":"PropertyValueSpecification","valueRequired":true,"valueName":"search_term_string"}}],"inLanguage":"fr-FR"}]}},"_links":{"self":[{"href":"https:\/\/master.myweb-fm.com\/fr\/wp-json\/wp\/v2\/product\/17452","targetHints":{"allow":["GET"]}}],"collection":[{"href":"https:\/\/master.myweb-fm.com\/fr\/wp-json\/wp\/v2\/product"}],"about":[{"href":"https:\/\/master.myweb-fm.com\/fr\/wp-json\/wp\/v2\/types\/product"}],"wp:featuredmedia":[{"embeddable":true,"href":"https:\/\/master.myweb-fm.com\/fr\/wp-json\/wp\/v2\/media\/14706"}],"wp:attachment":[{"href":"https:\/\/master.myweb-fm.com\/fr\/wp-json\/wp\/v2\/media?parent=17452"}],"wp:term":[{"taxonomy":"product_brand","embeddable":true,"href":"https:\/\/master.myweb-fm.com\/fr\/wp-json\/wp\/v2\/product_brand?post=17452"},{"taxonomy":"product_cat","embeddable":true,"href":"https:\/\/master.myweb-fm.com\/fr\/wp-json\/wp\/v2\/product_cat?post=17452"},{"taxonomy":"product_tag","embeddable":true,"href":"https:\/\/master.myweb-fm.com\/fr\/wp-json\/wp\/v2\/product_tag?post=17452"}],"curies":[{"name":"wp","href":"https:\/\/api.w.org\/{rel}","templated":true}]}}