{"id":17422,"date":"2023-11-20T22:18:36","date_gmt":"2023-11-20T21:18:36","guid":{"rendered":"https:\/\/master.myweb-fm.com\/non%20class\u00e9\/126-091001ma\/"},"modified":"2023-11-27T14:28:16","modified_gmt":"2023-11-27T13:28:16","slug":"harnais-master","status":"publish","type":"product","link":"https:\/\/master.myweb-fm.com\/fr\/harnais\/harnais-master\/","title":{"rendered":"Harnais Master"},"content":{"rendered":"<ul>\n<li>Un harnais permettant le travail en situation d&#8217;anti-chute, de maintien au travail mais \u00e9galement de suspension;<\/li>\n<li>Ultra confortable gr\u00e2ce \u00e0 ses renforts molletonn\u00e9s et ses sangles \u00e9lastiques<\/li>\n<li>Un niveau de r\u00e9glage \u00e9lev\u00e9 gr\u00e2ce \u00e0 ses 5 boucles automatiques<\/li>\n<\/ul>\n<ul>\n<li>Harnais permettant de travailler en s\u00e9curit\u00e9 (retenue au travail, anti-chute, maintien au travail et suspension) avec des sangles de largeur 47 mm en polyester ;<\/li>\n<li>Deux points d&#8217;ancrage sternal et dorsale form\u00e9s par un D m\u00e9tallique, un anneau ventral pour l&#8217;acc\u00e8s sur corde ainsi que deux boucles m\u00e9talliques lat\u00e9rales rabattables de maintien pour les situations de travail qui requi\u00e8rent le positionnement ;<\/li>\n<li>Niveau \u00e9lev\u00e9 de r\u00e9glage gr\u00e2ce \u00e0 ses 5 boucles automatiques (un seul r\u00e9glage n\u00e9cessaire, plus besoin de d\u00e9r\u00e9gler pour enlever ou mettre le harnais) ; Extr\u00eamement confortable avec sa ceinture molletonn\u00e9e, ses renforts et ses sangles \u00e9lastiques au niveau des cuisses ainsi que son confort dorsal ;<\/li>\n<li>Anneau ventral au niveau de la taille pour le passage de la corde de progression ;<\/li>\n<li>Ceinture de maintien des lombaires extr\u00eamement r\u00e9sistante avec un rembourrage en mousse permettant \u00e0 l&#8217;utilisateur de travailler en maintien au travail ;<\/li>\n<li>Trois points d&#8217;attache pour accrocher des outils ; Dosseret con\u00e7u pour maintenir le dos de l\u2019utilisateur et am\u00e9liorer son confort ;<\/li>\n<li>Agraphes en PVC pour maintenir le surplus de sangle ; Id\u00e9al pour travailler en inclin\u00e9 ;<\/li>\n<li>Permet de travailler en toute s\u00e9curit\u00e9 et assure la parfaite pr\u00e9hension du corps ; <\/li>\n<\/ul>\n","protected":false},"excerpt":{"rendered":"<p>Le harnais anti-chute, de maintien au travail et de suspension MASTER est un \u00e9quipement de protection individuelle destin\u00e9 au travail en hauteur. Il a \u00e9t\u00e9 con\u00e7u pour r\u00e9pondre \u00e0 un usage ultra intensif. Il est compos\u00e9 de deux points d&#8217;ancrage (sternal et dorsal), d&#8217;un d\u00e9 ventral, de deux boucles de positionnement et de cinq boucles de r\u00e9glage automatiques. Gr\u00e2ce \u00e0 sa ceinture de maintien, l&#8217;utilisateur peut se maintenir en appui sur les pieds tout en gardant les mains libres pour travailler. Avec \u00e0 sa fonction de suspension, l&#8217;utilisateur peut travailler suspendu dans le vide gr\u00e2ce au point d&#8217;attache ventral du harnais, l&#8217;utilisateur n&#8217;\u00e9tant plus en appui sur ses pieds, la charge est ainsi r\u00e9partie au niveau de la ceinture et des cuisses du harnais. Il fait partie des composants des syst\u00e8mes anti-chute. Ce harnais est norm\u00e9 EN 361, EN 358, EN 813 et EN 365, certifi\u00e9 CE et est disponible en deux tailles.<\/p>\n","protected":false},"featured_media":14514,"template":"","meta":{"_acf_changed":false},"product_brand":[],"product_cat":[70105],"product_tag":[],"class_list":{"0":"post-17422","1":"product","2":"type-product","3":"status-publish","4":"has-post-thumbnail","6":"product_cat-harnais","7":"pa_abc_class-c","8":"pa_abc_class-s","9":"pa_base_unit-ea","10":"pa_brand-unyc","11":"pa_confort-70279","12":"pa_e_com_product-no","13":"pa_edi_option-no","14":"pa_export_product-yes","15":"pa_g_range-70615","16":"pa_lifespan-15-ans","17":"pa_lock_code-70723","18":"pa_maximum_load-140-kg","19":"pa_pack_instructions_level_1-no","20":"pa_pack_instructions_level_2-no","21":"pa_pack_instructions_level_3-no","22":"pa_pack_type_level_1-ct","23":"pa_pack_type_level_2-pf","24":"pa_pic_family-72283","25":"pa_product_origin-es","26":"pa_product_range_grouping-master","27":"pa_production_company-73381","28":"pa_sales_company-73501","29":"pa_sales_plan-c","30":"pa_sales_range-73669","31":"pa_short_designation-harnais-master-taille-1","32":"pa_short_designation-harnais-master-taille-2","33":"pa_sigle-ce","34":"pa_size-size_1","35":"pa_size-size_2","36":"pa_standard-en_358","37":"pa_standard-en_361","38":"pa_standard-en_365","39":"pa_standard-en_813","40":"pa_type_of_floor-fall_prevention","41":"pa_type_of_floor-work_positioning","42":"pa_type_of_floor-worksite_safety","43":"pa_type_of_floor-suspesion","44":"pa_type_of_product-harnais","45":"pa_use-highly_intensive","46":"pa_varied_weight-no","48":"first","49":"instock","50":"shipping-taxable","51":"purchasable","52":"product-type-variable"},"acf":[],"yoast_head":"<!-- This site is optimized with the Yoast SEO plugin v27.3 - https:\/\/yoast.com\/product\/yoast-seo-wordpress\/ -->\n<title>Harnais Master - Instance master - Old Unyc<\/title>\n<meta name=\"robots\" content=\"noindex, follow, max-snippet:-1, max-image-preview:large, max-video-preview:-1\" \/>\n<meta property=\"og:locale\" content=\"fr_FR\" \/>\n<meta property=\"og:type\" content=\"article\" \/>\n<meta property=\"og:title\" content=\"Harnais Master - Instance master - Old Unyc\" \/>\n<meta property=\"og:description\" content=\"Le harnais anti-chute, de maintien au travail et de suspension MASTER est un \u00e9quipement de protection individuelle destin\u00e9 au travail en hauteur. Il a \u00e9t\u00e9 con\u00e7u pour r\u00e9pondre \u00e0 un usage ultra intensif. Il est compos\u00e9 de deux points d&#039;ancrage (sternal et dorsal), d&#039;un d\u00e9 ventral, de deux boucles de positionnement et de cinq boucles de r\u00e9glage automatiques. Gr\u00e2ce \u00e0 sa ceinture de maintien, l&#039;utilisateur peut se maintenir en appui sur les pieds tout en gardant les mains libres pour travailler. Avec \u00e0 sa fonction de suspension, l&#039;utilisateur peut travailler suspendu dans le vide gr\u00e2ce au point d&#039;attache ventral du harnais, l&#039;utilisateur n&#039;\u00e9tant plus en appui sur ses pieds, la charge est ainsi r\u00e9partie au niveau de la ceinture et des cuisses du harnais. Il fait partie des composants des syst\u00e8mes anti-chute. Ce harnais est norm\u00e9 EN 361, EN 358, EN 813 et EN 365, certifi\u00e9 CE et est disponible en deux tailles.\" \/>\n<meta property=\"og:url\" content=\"https:\/\/master.myweb-fm.com\/fr\/harnais\/harnais-master\/\" \/>\n<meta property=\"og:site_name\" content=\"Instance master - Old Unyc\" \/>\n<meta property=\"article:modified_time\" content=\"2023-11-27T13:28:16+00:00\" \/>\n<meta property=\"og:image\" content=\"https:\/\/master.myweb-fm.com\/wp-content\/uploads\/2023\/11\/ba5462fb81f459f6d7ce9d657ad2ec68449e779c_126_091001MA_main_view_3.png\" \/>\n\t<meta property=\"og:image:width\" content=\"1102\" \/>\n\t<meta property=\"og:image:height\" content=\"1654\" \/>\n\t<meta property=\"og:image:type\" content=\"image\/png\" \/>\n<meta name=\"twitter:card\" content=\"summary_large_image\" \/>\n<meta name=\"twitter:label1\" content=\"Dur\u00e9e de lecture estim\u00e9e\" \/>\n\t<meta name=\"twitter:data1\" content=\"1 minute\" \/>\n<script type=\"application\/ld+json\" class=\"yoast-schema-graph\">{\"@context\":\"https:\\\/\\\/schema.org\",\"@graph\":[{\"@type\":\"WebPage\",\"@id\":\"https:\\\/\\\/master.myweb-fm.com\\\/fr\\\/harnais\\\/harnais-master\\\/\",\"url\":\"https:\\\/\\\/master.myweb-fm.com\\\/fr\\\/harnais\\\/harnais-master\\\/\",\"name\":\"Harnais Master - Instance master - Old Unyc\",\"isPartOf\":{\"@id\":\"https:\\\/\\\/master.myweb-fm.com\\\/fr\\\/#website\"},\"primaryImageOfPage\":{\"@id\":\"https:\\\/\\\/master.myweb-fm.com\\\/fr\\\/harnais\\\/harnais-master\\\/#primaryimage\"},\"image\":{\"@id\":\"https:\\\/\\\/master.myweb-fm.com\\\/fr\\\/harnais\\\/harnais-master\\\/#primaryimage\"},\"thumbnailUrl\":\"https:\\\/\\\/master.myweb-fm.com\\\/wp-content\\\/uploads\\\/2023\\\/11\\\/ba5462fb81f459f6d7ce9d657ad2ec68449e779c_126_091001MA_main_view_3.png\",\"datePublished\":\"2023-11-20T21:18:36+00:00\",\"dateModified\":\"2023-11-27T13:28:16+00:00\",\"breadcrumb\":{\"@id\":\"https:\\\/\\\/master.myweb-fm.com\\\/fr\\\/harnais\\\/harnais-master\\\/#breadcrumb\"},\"inLanguage\":\"fr-FR\",\"potentialAction\":[{\"@type\":\"ReadAction\",\"target\":[\"https:\\\/\\\/master.myweb-fm.com\\\/fr\\\/harnais\\\/harnais-master\\\/\"]}]},{\"@type\":\"ImageObject\",\"inLanguage\":\"fr-FR\",\"@id\":\"https:\\\/\\\/master.myweb-fm.com\\\/fr\\\/harnais\\\/harnais-master\\\/#primaryimage\",\"url\":\"https:\\\/\\\/master.myweb-fm.com\\\/wp-content\\\/uploads\\\/2023\\\/11\\\/ba5462fb81f459f6d7ce9d657ad2ec68449e779c_126_091001MA_main_view_3.png\",\"contentUrl\":\"https:\\\/\\\/master.myweb-fm.com\\\/wp-content\\\/uploads\\\/2023\\\/11\\\/ba5462fb81f459f6d7ce9d657ad2ec68449e779c_126_091001MA_main_view_3.png\",\"width\":1102,\"height\":1654},{\"@type\":\"BreadcrumbList\",\"@id\":\"https:\\\/\\\/master.myweb-fm.com\\\/fr\\\/harnais\\\/harnais-master\\\/#breadcrumb\",\"itemListElement\":[{\"@type\":\"ListItem\",\"position\":1,\"name\":\"Catalogue\",\"item\":\"https:\\\/\\\/master.myweb-fm.com\\\/fr\\\/catalogue\\\/\"},{\"@type\":\"ListItem\",\"position\":2,\"name\":\"Harnais Master\"}]},{\"@type\":\"WebSite\",\"@id\":\"https:\\\/\\\/master.myweb-fm.com\\\/fr\\\/#website\",\"url\":\"https:\\\/\\\/master.myweb-fm.com\\\/fr\\\/\",\"name\":\"Instance master - Old Unyc\",\"description\":\"Fr\u00e9n\u00e9hard &amp; Michaux\",\"potentialAction\":[{\"@type\":\"SearchAction\",\"target\":{\"@type\":\"EntryPoint\",\"urlTemplate\":\"https:\\\/\\\/master.myweb-fm.com\\\/fr\\\/?s={search_term_string}\"},\"query-input\":{\"@type\":\"PropertyValueSpecification\",\"valueRequired\":true,\"valueName\":\"search_term_string\"}}],\"inLanguage\":\"fr-FR\"}]}<\/script>\n<!-- \/ Yoast SEO plugin. -->","yoast_head_json":{"title":"Harnais Master - Instance master - Old Unyc","robots":{"index":"noindex","follow":"follow","max-snippet":"max-snippet:-1","max-image-preview":"max-image-preview:large","max-video-preview":"max-video-preview:-1"},"og_locale":"fr_FR","og_type":"article","og_title":"Harnais Master - Instance master - Old Unyc","og_description":"Le harnais anti-chute, de maintien au travail et de suspension MASTER est un \u00e9quipement de protection individuelle destin\u00e9 au travail en hauteur. Il a \u00e9t\u00e9 con\u00e7u pour r\u00e9pondre \u00e0 un usage ultra intensif. Il est compos\u00e9 de deux points d'ancrage (sternal et dorsal), d'un d\u00e9 ventral, de deux boucles de positionnement et de cinq boucles de r\u00e9glage automatiques. Gr\u00e2ce \u00e0 sa ceinture de maintien, l'utilisateur peut se maintenir en appui sur les pieds tout en gardant les mains libres pour travailler. Avec \u00e0 sa fonction de suspension, l'utilisateur peut travailler suspendu dans le vide gr\u00e2ce au point d'attache ventral du harnais, l'utilisateur n'\u00e9tant plus en appui sur ses pieds, la charge est ainsi r\u00e9partie au niveau de la ceinture et des cuisses du harnais. Il fait partie des composants des syst\u00e8mes anti-chute. Ce harnais est norm\u00e9 EN 361, EN 358, EN 813 et EN 365, certifi\u00e9 CE et est disponible en deux tailles.","og_url":"https:\/\/master.myweb-fm.com\/fr\/harnais\/harnais-master\/","og_site_name":"Instance master - Old Unyc","article_modified_time":"2023-11-27T13:28:16+00:00","og_image":[{"width":1102,"height":1654,"url":"https:\/\/master.myweb-fm.com\/wp-content\/uploads\/2023\/11\/ba5462fb81f459f6d7ce9d657ad2ec68449e779c_126_091001MA_main_view_3.png","type":"image\/png"}],"twitter_card":"summary_large_image","twitter_misc":{"Dur\u00e9e de lecture estim\u00e9e":"1 minute"},"schema":{"@context":"https:\/\/schema.org","@graph":[{"@type":"WebPage","@id":"https:\/\/master.myweb-fm.com\/fr\/harnais\/harnais-master\/","url":"https:\/\/master.myweb-fm.com\/fr\/harnais\/harnais-master\/","name":"Harnais Master - Instance master - Old Unyc","isPartOf":{"@id":"https:\/\/master.myweb-fm.com\/fr\/#website"},"primaryImageOfPage":{"@id":"https:\/\/master.myweb-fm.com\/fr\/harnais\/harnais-master\/#primaryimage"},"image":{"@id":"https:\/\/master.myweb-fm.com\/fr\/harnais\/harnais-master\/#primaryimage"},"thumbnailUrl":"https:\/\/master.myweb-fm.com\/wp-content\/uploads\/2023\/11\/ba5462fb81f459f6d7ce9d657ad2ec68449e779c_126_091001MA_main_view_3.png","datePublished":"2023-11-20T21:18:36+00:00","dateModified":"2023-11-27T13:28:16+00:00","breadcrumb":{"@id":"https:\/\/master.myweb-fm.com\/fr\/harnais\/harnais-master\/#breadcrumb"},"inLanguage":"fr-FR","potentialAction":[{"@type":"ReadAction","target":["https:\/\/master.myweb-fm.com\/fr\/harnais\/harnais-master\/"]}]},{"@type":"ImageObject","inLanguage":"fr-FR","@id":"https:\/\/master.myweb-fm.com\/fr\/harnais\/harnais-master\/#primaryimage","url":"https:\/\/master.myweb-fm.com\/wp-content\/uploads\/2023\/11\/ba5462fb81f459f6d7ce9d657ad2ec68449e779c_126_091001MA_main_view_3.png","contentUrl":"https:\/\/master.myweb-fm.com\/wp-content\/uploads\/2023\/11\/ba5462fb81f459f6d7ce9d657ad2ec68449e779c_126_091001MA_main_view_3.png","width":1102,"height":1654},{"@type":"BreadcrumbList","@id":"https:\/\/master.myweb-fm.com\/fr\/harnais\/harnais-master\/#breadcrumb","itemListElement":[{"@type":"ListItem","position":1,"name":"Catalogue","item":"https:\/\/master.myweb-fm.com\/fr\/catalogue\/"},{"@type":"ListItem","position":2,"name":"Harnais Master"}]},{"@type":"WebSite","@id":"https:\/\/master.myweb-fm.com\/fr\/#website","url":"https:\/\/master.myweb-fm.com\/fr\/","name":"Instance master - Old Unyc","description":"Fr\u00e9n\u00e9hard &amp; Michaux","potentialAction":[{"@type":"SearchAction","target":{"@type":"EntryPoint","urlTemplate":"https:\/\/master.myweb-fm.com\/fr\/?s={search_term_string}"},"query-input":{"@type":"PropertyValueSpecification","valueRequired":true,"valueName":"search_term_string"}}],"inLanguage":"fr-FR"}]}},"_links":{"self":[{"href":"https:\/\/master.myweb-fm.com\/fr\/wp-json\/wp\/v2\/product\/17422","targetHints":{"allow":["GET"]}}],"collection":[{"href":"https:\/\/master.myweb-fm.com\/fr\/wp-json\/wp\/v2\/product"}],"about":[{"href":"https:\/\/master.myweb-fm.com\/fr\/wp-json\/wp\/v2\/types\/product"}],"wp:featuredmedia":[{"embeddable":true,"href":"https:\/\/master.myweb-fm.com\/fr\/wp-json\/wp\/v2\/media\/14514"}],"wp:attachment":[{"href":"https:\/\/master.myweb-fm.com\/fr\/wp-json\/wp\/v2\/media?parent=17422"}],"wp:term":[{"taxonomy":"product_brand","embeddable":true,"href":"https:\/\/master.myweb-fm.com\/fr\/wp-json\/wp\/v2\/product_brand?post=17422"},{"taxonomy":"product_cat","embeddable":true,"href":"https:\/\/master.myweb-fm.com\/fr\/wp-json\/wp\/v2\/product_cat?post=17422"},{"taxonomy":"product_tag","embeddable":true,"href":"https:\/\/master.myweb-fm.com\/fr\/wp-json\/wp\/v2\/product_tag?post=17422"}],"curies":[{"name":"wp","href":"https:\/\/api.w.org\/{rel}","templated":true}]}}