{"id":17392,"date":"2023-11-20T22:17:26","date_gmt":"2023-11-20T21:17:26","guid":{"rendered":"https:\/\/master.myweb-fm.com\/non%20class\u00e9\/126-091001ex\/"},"modified":"2023-11-27T15:58:02","modified_gmt":"2023-11-27T14:58:02","slug":"harnais-expert","status":"publish","type":"product","link":"https:\/\/master.myweb-fm.com\/fr\/harnais\/harnais-expert\/","title":{"rendered":"Harnais Expert"},"content":{"rendered":"<ul>\n<li>Harnais permettant de travailler en toute s\u00e9curit\u00e9 (retenue au travail et anti-chute)<\/li>\n<li>Deux points d&#8217;ancrage: dorsal (anneau m\u00e9tallique de 8,00 mm) et sternal (2 anneaux metalliques diam\u00e8tre 8,00 mm qui doivent \u00eatre reli\u00e9s par un mousqueton servant de point d&#8217;ancrage)<\/li>\n<li>L&#8217;attache sternal permet de travailler en tension dans son harnais et de se consacrer enti\u00e8rement \u00e0 sa t\u00e2che<\/li>\n<li>Haut niveau de r\u00e9glage gr\u00e2ce \u00e0 ses 4 boucles de r\u00e9glage automatiques (un seul r\u00e9glage n\u00e9cessaire, plus besoin de d\u00e9r\u00e9gler pour enlever ou mettre le harnais) au niveau des cuisses et des \u00e9paules et gr\u00e2ce \u00e0 sa boucle de r\u00e9glage m\u00e9tallique m\u00e2le-femelle au niveau de sa sangle thoracique.<\/li>\n<li>Sangles de 45 mm de largeur en polyester ; Ultra confort gr\u00e2ce \u00e0 son dosseret et cuissards rembourr\u00e9s en mousse respirante.<\/li>\n<li>Deux points d&#8217;attache lat\u00e9rale pour accrocher des outils<\/li>\n<li>Sangle sous-fessi\u00e8res et sangle sternale pour un meilleur maintien du harnais<\/li>\n<li> Agraphes en PVC pour maintenir le surplus de sangle<\/li>\n<li>Con\u00e7u pour travailler dans des atmosph\u00e8res explosives (certifi\u00e9 ATEX) et pour \u00e9viter la cr\u00e9ation d&#8217;\u00e9lectricit\u00e9 statique. ATEX :&nbsp;ce harnais peut \u00eatre utilis\u00e9 dans des zones class\u00e9es zone 1 ou 21, en raison de la pr\u00e9sence de gaz ou de vapeurs inflammables class\u00e9s IIA ou IIB ou des poussi\u00e8res combustibles, et donc \u00e9galement des zones class\u00e9es zones 2 ou 22.<\/li>\n<\/ul>\n","protected":false},"excerpt":{"rendered":"<p>Le harnais anti-chute EXPERT est un \u00e9quipement de protection individuelle destin\u00e9 au travail en hauteur. Il a \u00e9t\u00e9 con\u00e7u pour r\u00e9pondre \u00e0 un usage intensif. Il est compos\u00e9 de deux points d&#8217;ancrage (sternal et dorsal) et de cinq boucles de r\u00e9glage dont 4 automatiques : au niveau des cuisses et des \u00e9paules. Il permet de travailler en toute s\u00e9curit\u00e9 et assure la parfaite pr\u00e9hension du corps. Confortable gr\u00e2ce \u00e0 son dosseret matelass\u00e9, ses cuissardes renforc\u00e9es et sangle sous-fessi\u00e8re. De plus ce harnais a \u00e9t\u00e9 con\u00e7u pour \u00e9viter la cr\u00e9ation d&#8217;\u00e9lectricit\u00e9 statique et est certifi\u00e9 ATEX. Il fait partie des composants des syst\u00e8mes anti-chute. Ce harnais est norm\u00e9 EN 361 et EN 365, certifi\u00e9 CE et est disponible en deux tailles.<\/p>\n","protected":false},"featured_media":14328,"template":"","meta":{"_acf_changed":false},"product_brand":[],"product_cat":[70105],"product_tag":[],"class_list":{"0":"post-17392","1":"product","2":"type-product","3":"status-publish","4":"has-post-thumbnail","6":"product_cat-harnais","7":"pa_abc_class-b","8":"pa_abc_class-g","9":"pa_base_unit-ea","10":"pa_brand-unyc","11":"pa_confort-70273","12":"pa_e_com_product-no","13":"pa_edi_option-no","14":"pa_export_product-yes","15":"pa_g_range-70615","16":"pa_lifespan-15-ans","17":"pa_lock_code-70723","18":"pa_maximum_load-140-kg","19":"pa_normatives_requirements-conforme-a-la-reglementation-atex","20":"pa_pack_instructions_level_1-no","21":"pa_pack_instructions_level_2-no","22":"pa_pack_instructions_level_3-no","23":"pa_pack_type_level_1-ct","24":"pa_pack_type_level_2-pf","25":"pa_pic_family-72283","26":"pa_product_origin-es","27":"pa_product_range_grouping-expert","28":"pa_production_company-73381","29":"pa_sales_company-73501","30":"pa_sales_plan-c","31":"pa_sales_range-73669","32":"pa_short_designation-harnais-expert-taille-1","33":"pa_short_designation-harnais-expert-taille-2","34":"pa_sigle-ce","35":"pa_size-size_1","36":"pa_size-size_2","37":"pa_standard-en_361","38":"pa_standard-en_365","39":"pa_type_of_floor-fall_prevention","40":"pa_type_of_floor-worksite_safety","41":"pa_type_of_product-harnais","42":"pa_use-intensive","43":"pa_varied_weight-no","45":"first","46":"instock","47":"shipping-taxable","48":"purchasable","49":"product-type-variable"},"acf":[],"yoast_head":"<!-- This site is optimized with the Yoast SEO plugin v27.3 - https:\/\/yoast.com\/product\/yoast-seo-wordpress\/ -->\n<title>Harnais Expert - Instance master - Old Unyc<\/title>\n<meta name=\"robots\" content=\"noindex, follow, max-snippet:-1, max-image-preview:large, max-video-preview:-1\" \/>\n<meta property=\"og:locale\" content=\"fr_FR\" \/>\n<meta property=\"og:type\" content=\"article\" \/>\n<meta property=\"og:title\" content=\"Harnais Expert - Instance master - Old Unyc\" \/>\n<meta property=\"og:description\" content=\"Le harnais anti-chute EXPERT est un \u00e9quipement de protection individuelle destin\u00e9 au travail en hauteur. Il a \u00e9t\u00e9 con\u00e7u pour r\u00e9pondre \u00e0 un usage intensif. Il est compos\u00e9 de deux points d&#039;ancrage (sternal et dorsal) et de cinq boucles de r\u00e9glage dont 4 automatiques : au niveau des cuisses et des \u00e9paules. Il permet de travailler en toute s\u00e9curit\u00e9 et assure la parfaite pr\u00e9hension du corps. Confortable gr\u00e2ce \u00e0 son dosseret matelass\u00e9, ses cuissardes renforc\u00e9es et sangle sous-fessi\u00e8re. De plus ce harnais a \u00e9t\u00e9 con\u00e7u pour \u00e9viter la cr\u00e9ation d&#039;\u00e9lectricit\u00e9 statique et est certifi\u00e9 ATEX. Il fait partie des composants des syst\u00e8mes anti-chute. Ce harnais est norm\u00e9 EN 361 et EN 365, certifi\u00e9 CE et est disponible en deux tailles.\" \/>\n<meta property=\"og:url\" content=\"https:\/\/master.myweb-fm.com\/fr\/harnais\/harnais-expert\/\" \/>\n<meta property=\"og:site_name\" content=\"Instance master - Old Unyc\" \/>\n<meta property=\"article:modified_time\" content=\"2023-11-27T14:58:02+00:00\" \/>\n<meta property=\"og:image\" content=\"https:\/\/master.myweb-fm.com\/wp-content\/uploads\/2023\/11\/b9ce8bdfe60c342a9cda680494d5dacd650d837f_126_091001EX_main_view_4.png\" \/>\n\t<meta property=\"og:image:width\" content=\"940\" \/>\n\t<meta property=\"og:image:height\" content=\"1024\" \/>\n\t<meta property=\"og:image:type\" content=\"image\/png\" \/>\n<meta name=\"twitter:card\" content=\"summary_large_image\" \/>\n<meta name=\"twitter:label1\" content=\"Dur\u00e9e de lecture estim\u00e9e\" \/>\n\t<meta name=\"twitter:data1\" content=\"1 minute\" \/>\n<script type=\"application\/ld+json\" class=\"yoast-schema-graph\">{\"@context\":\"https:\\\/\\\/schema.org\",\"@graph\":[{\"@type\":\"WebPage\",\"@id\":\"https:\\\/\\\/master.myweb-fm.com\\\/fr\\\/harnais\\\/harnais-expert\\\/\",\"url\":\"https:\\\/\\\/master.myweb-fm.com\\\/fr\\\/harnais\\\/harnais-expert\\\/\",\"name\":\"Harnais Expert - Instance master - Old Unyc\",\"isPartOf\":{\"@id\":\"https:\\\/\\\/master.myweb-fm.com\\\/fr\\\/#website\"},\"primaryImageOfPage\":{\"@id\":\"https:\\\/\\\/master.myweb-fm.com\\\/fr\\\/harnais\\\/harnais-expert\\\/#primaryimage\"},\"image\":{\"@id\":\"https:\\\/\\\/master.myweb-fm.com\\\/fr\\\/harnais\\\/harnais-expert\\\/#primaryimage\"},\"thumbnailUrl\":\"https:\\\/\\\/master.myweb-fm.com\\\/wp-content\\\/uploads\\\/2023\\\/11\\\/b9ce8bdfe60c342a9cda680494d5dacd650d837f_126_091001EX_main_view_4.png\",\"datePublished\":\"2023-11-20T21:17:26+00:00\",\"dateModified\":\"2023-11-27T14:58:02+00:00\",\"breadcrumb\":{\"@id\":\"https:\\\/\\\/master.myweb-fm.com\\\/fr\\\/harnais\\\/harnais-expert\\\/#breadcrumb\"},\"inLanguage\":\"fr-FR\",\"potentialAction\":[{\"@type\":\"ReadAction\",\"target\":[\"https:\\\/\\\/master.myweb-fm.com\\\/fr\\\/harnais\\\/harnais-expert\\\/\"]}]},{\"@type\":\"ImageObject\",\"inLanguage\":\"fr-FR\",\"@id\":\"https:\\\/\\\/master.myweb-fm.com\\\/fr\\\/harnais\\\/harnais-expert\\\/#primaryimage\",\"url\":\"https:\\\/\\\/master.myweb-fm.com\\\/wp-content\\\/uploads\\\/2023\\\/11\\\/b9ce8bdfe60c342a9cda680494d5dacd650d837f_126_091001EX_main_view_4.png\",\"contentUrl\":\"https:\\\/\\\/master.myweb-fm.com\\\/wp-content\\\/uploads\\\/2023\\\/11\\\/b9ce8bdfe60c342a9cda680494d5dacd650d837f_126_091001EX_main_view_4.png\",\"width\":2000,\"height\":2178},{\"@type\":\"BreadcrumbList\",\"@id\":\"https:\\\/\\\/master.myweb-fm.com\\\/fr\\\/harnais\\\/harnais-expert\\\/#breadcrumb\",\"itemListElement\":[{\"@type\":\"ListItem\",\"position\":1,\"name\":\"Catalogue\",\"item\":\"https:\\\/\\\/master.myweb-fm.com\\\/fr\\\/catalogue\\\/\"},{\"@type\":\"ListItem\",\"position\":2,\"name\":\"Harnais Expert\"}]},{\"@type\":\"WebSite\",\"@id\":\"https:\\\/\\\/master.myweb-fm.com\\\/fr\\\/#website\",\"url\":\"https:\\\/\\\/master.myweb-fm.com\\\/fr\\\/\",\"name\":\"Instance master - Old Unyc\",\"description\":\"Fr\u00e9n\u00e9hard &amp; Michaux\",\"potentialAction\":[{\"@type\":\"SearchAction\",\"target\":{\"@type\":\"EntryPoint\",\"urlTemplate\":\"https:\\\/\\\/master.myweb-fm.com\\\/fr\\\/?s={search_term_string}\"},\"query-input\":{\"@type\":\"PropertyValueSpecification\",\"valueRequired\":true,\"valueName\":\"search_term_string\"}}],\"inLanguage\":\"fr-FR\"}]}<\/script>\n<!-- \/ Yoast SEO plugin. -->","yoast_head_json":{"title":"Harnais Expert - Instance master - Old Unyc","robots":{"index":"noindex","follow":"follow","max-snippet":"max-snippet:-1","max-image-preview":"max-image-preview:large","max-video-preview":"max-video-preview:-1"},"og_locale":"fr_FR","og_type":"article","og_title":"Harnais Expert - Instance master - Old Unyc","og_description":"Le harnais anti-chute EXPERT est un \u00e9quipement de protection individuelle destin\u00e9 au travail en hauteur. Il a \u00e9t\u00e9 con\u00e7u pour r\u00e9pondre \u00e0 un usage intensif. Il est compos\u00e9 de deux points d'ancrage (sternal et dorsal) et de cinq boucles de r\u00e9glage dont 4 automatiques : au niveau des cuisses et des \u00e9paules. Il permet de travailler en toute s\u00e9curit\u00e9 et assure la parfaite pr\u00e9hension du corps. Confortable gr\u00e2ce \u00e0 son dosseret matelass\u00e9, ses cuissardes renforc\u00e9es et sangle sous-fessi\u00e8re. De plus ce harnais a \u00e9t\u00e9 con\u00e7u pour \u00e9viter la cr\u00e9ation d'\u00e9lectricit\u00e9 statique et est certifi\u00e9 ATEX. Il fait partie des composants des syst\u00e8mes anti-chute. Ce harnais est norm\u00e9 EN 361 et EN 365, certifi\u00e9 CE et est disponible en deux tailles.","og_url":"https:\/\/master.myweb-fm.com\/fr\/harnais\/harnais-expert\/","og_site_name":"Instance master - Old Unyc","article_modified_time":"2023-11-27T14:58:02+00:00","og_image":[{"url":"https:\/\/master.myweb-fm.com\/wp-content\/uploads\/2023\/11\/b9ce8bdfe60c342a9cda680494d5dacd650d837f_126_091001EX_main_view_4.png","width":940,"height":1024,"type":"image\/png"}],"twitter_card":"summary_large_image","twitter_misc":{"Dur\u00e9e de lecture estim\u00e9e":"1 minute"},"schema":{"@context":"https:\/\/schema.org","@graph":[{"@type":"WebPage","@id":"https:\/\/master.myweb-fm.com\/fr\/harnais\/harnais-expert\/","url":"https:\/\/master.myweb-fm.com\/fr\/harnais\/harnais-expert\/","name":"Harnais Expert - Instance master - Old Unyc","isPartOf":{"@id":"https:\/\/master.myweb-fm.com\/fr\/#website"},"primaryImageOfPage":{"@id":"https:\/\/master.myweb-fm.com\/fr\/harnais\/harnais-expert\/#primaryimage"},"image":{"@id":"https:\/\/master.myweb-fm.com\/fr\/harnais\/harnais-expert\/#primaryimage"},"thumbnailUrl":"https:\/\/master.myweb-fm.com\/wp-content\/uploads\/2023\/11\/b9ce8bdfe60c342a9cda680494d5dacd650d837f_126_091001EX_main_view_4.png","datePublished":"2023-11-20T21:17:26+00:00","dateModified":"2023-11-27T14:58:02+00:00","breadcrumb":{"@id":"https:\/\/master.myweb-fm.com\/fr\/harnais\/harnais-expert\/#breadcrumb"},"inLanguage":"fr-FR","potentialAction":[{"@type":"ReadAction","target":["https:\/\/master.myweb-fm.com\/fr\/harnais\/harnais-expert\/"]}]},{"@type":"ImageObject","inLanguage":"fr-FR","@id":"https:\/\/master.myweb-fm.com\/fr\/harnais\/harnais-expert\/#primaryimage","url":"https:\/\/master.myweb-fm.com\/wp-content\/uploads\/2023\/11\/b9ce8bdfe60c342a9cda680494d5dacd650d837f_126_091001EX_main_view_4.png","contentUrl":"https:\/\/master.myweb-fm.com\/wp-content\/uploads\/2023\/11\/b9ce8bdfe60c342a9cda680494d5dacd650d837f_126_091001EX_main_view_4.png","width":2000,"height":2178},{"@type":"BreadcrumbList","@id":"https:\/\/master.myweb-fm.com\/fr\/harnais\/harnais-expert\/#breadcrumb","itemListElement":[{"@type":"ListItem","position":1,"name":"Catalogue","item":"https:\/\/master.myweb-fm.com\/fr\/catalogue\/"},{"@type":"ListItem","position":2,"name":"Harnais Expert"}]},{"@type":"WebSite","@id":"https:\/\/master.myweb-fm.com\/fr\/#website","url":"https:\/\/master.myweb-fm.com\/fr\/","name":"Instance master - Old Unyc","description":"Fr\u00e9n\u00e9hard &amp; Michaux","potentialAction":[{"@type":"SearchAction","target":{"@type":"EntryPoint","urlTemplate":"https:\/\/master.myweb-fm.com\/fr\/?s={search_term_string}"},"query-input":{"@type":"PropertyValueSpecification","valueRequired":true,"valueName":"search_term_string"}}],"inLanguage":"fr-FR"}]}},"_links":{"self":[{"href":"https:\/\/master.myweb-fm.com\/fr\/wp-json\/wp\/v2\/product\/17392","targetHints":{"allow":["GET"]}}],"collection":[{"href":"https:\/\/master.myweb-fm.com\/fr\/wp-json\/wp\/v2\/product"}],"about":[{"href":"https:\/\/master.myweb-fm.com\/fr\/wp-json\/wp\/v2\/types\/product"}],"wp:featuredmedia":[{"embeddable":true,"href":"https:\/\/master.myweb-fm.com\/fr\/wp-json\/wp\/v2\/media\/14328"}],"wp:attachment":[{"href":"https:\/\/master.myweb-fm.com\/fr\/wp-json\/wp\/v2\/media?parent=17392"}],"wp:term":[{"taxonomy":"product_brand","embeddable":true,"href":"https:\/\/master.myweb-fm.com\/fr\/wp-json\/wp\/v2\/product_brand?post=17392"},{"taxonomy":"product_cat","embeddable":true,"href":"https:\/\/master.myweb-fm.com\/fr\/wp-json\/wp\/v2\/product_cat?post=17392"},{"taxonomy":"product_tag","embeddable":true,"href":"https:\/\/master.myweb-fm.com\/fr\/wp-json\/wp\/v2\/product_tag?post=17392"}],"curies":[{"name":"wp","href":"https:\/\/api.w.org\/{rel}","templated":true}]}}