{"id":17302,"date":"2023-11-20T22:13:14","date_gmt":"2023-11-20T21:13:14","guid":{"rendered":"https:\/\/master.myweb-fm.com\/non%20class\u00e9\/126-091001bu\/"},"modified":"2023-11-23T11:46:50","modified_gmt":"2023-11-23T10:46:50","slug":"harnais-budget","status":"publish","type":"product","link":"https:\/\/master.myweb-fm.com\/fr\/harnais\/harnais-budget\/","title":{"rendered":"Harnais Budget"},"content":{"rendered":"<ul>\n<li>Harnais permettant de travailler en toute s\u00e9curit\u00e9 (retenue au travail et anti-chute).<\/li>\n<li>Deux points d&#8217;ancrage : dorsal (anneau m\u00e9tallique de 8,00 mm) et sternal (2 anneaux en sangle qui doivent \u00eatre reli\u00e9s par un mousqueton servant de point d&#8217;ancrage) <\/li>\n<li>L&#8217;attache sternal permet de travailler en tension dans son harnais et de se consacrer enti\u00e8rement \u00e0 sa t\u00e2che<\/li>\n<li>Assure la parfaire pr\u00e9hension du corps<\/li>\n<li>Sangles de 45 mm de largeur en polyester<\/li>\n<li>Fermeture et r\u00e9glage du harnais se font par deux boucles m\u00e9talliques m\u00e2le-femelle au niveau des cuisses <\/li>\n<li>Sangle sous-fessi\u00e8re permettant de maintenir l&#8217;utilisateur en position vertical pour un plus grand confort<\/li>\n<li>Agraphes en PVC pour maintenir le surplus de sangle<\/li>\n<\/ul>\n","protected":false},"excerpt":{"rendered":"<p>Le harnais anti-chute BUDGET est un \u00e9quipement de protection individuelle destin\u00e9 au travail en hauteur. Il a \u00e9t\u00e9 con\u00e7u pour r\u00e9pondre \u00e0 un usage occasionnel. Il est compos\u00e9 de deux points d&#8217;ancrage (sternal et dorsal) et de deux boucles de r\u00e9glage au niveau des cuisses. Il permet de travailler en toute s\u00e9curit\u00e9 et assure la parfaite pr\u00e9hension du corps. Il fait partie des composants des syst\u00e8mes anti-chute.Ce harnais est norm\u00e9 EN 361 et EN 365, certifi\u00e9 CE et est disponible en deux tailles.<\/p>\n","protected":false},"featured_media":13896,"template":"","meta":{"_acf_changed":false},"product_brand":[],"product_cat":[70105],"product_tag":[],"class_list":{"0":"post-17302","1":"product","2":"type-product","3":"status-publish","4":"has-post-thumbnail","6":"product_cat-harnais","7":"pa_abc_class-a","8":"pa_abc_class-s","9":"pa_base_unit-ea","10":"pa_brand-unyc","11":"pa_confort-70255","12":"pa_e_com_product-no","13":"pa_edi_option-no","14":"pa_export_product-yes","15":"pa_g_range-70615","16":"pa_lifespan-15-ans","17":"pa_lock_code-70723","18":"pa_maximum_load-100-kg","19":"pa_pack_instructions_level_1-no","20":"pa_pack_instructions_level_2-no","21":"pa_pack_instructions_level_3-no","22":"pa_pack_type_level_1-ct","23":"pa_pack_type_level_2-pf","24":"pa_pic_family-72283","25":"pa_product_origin-es","26":"pa_product_range_grouping-budget","27":"pa_production_company-73381","28":"pa_sales_company-73501","29":"pa_sales_plan-c","30":"pa_sales_range-73669","31":"pa_short_designation-harnais-budget-taille-1","32":"pa_short_designation-harnais-budget-taille-2","33":"pa_sigle-ce","34":"pa_size-size_1","35":"pa_size-size_2","36":"pa_standard-en_361","37":"pa_standard-en_365","38":"pa_type_of_floor-fall_prevention","39":"pa_type_of_floor-worksite_safety","40":"pa_type_of_product-harnais","41":"pa_use-moderate","42":"pa_varied_weight-no","44":"first","45":"instock","46":"shipping-taxable","47":"purchasable","48":"product-type-variable"},"acf":[],"yoast_head":"<!-- This site is optimized with the Yoast SEO plugin v27.3 - https:\/\/yoast.com\/product\/yoast-seo-wordpress\/ -->\n<title>Harnais Budget - Instance master - Old Unyc<\/title>\n<meta name=\"robots\" content=\"noindex, follow, max-snippet:-1, max-image-preview:large, max-video-preview:-1\" \/>\n<meta property=\"og:locale\" content=\"fr_FR\" \/>\n<meta property=\"og:type\" content=\"article\" \/>\n<meta property=\"og:title\" content=\"Harnais Budget - Instance master - Old Unyc\" \/>\n<meta property=\"og:description\" content=\"Le harnais anti-chute BUDGET est un \u00e9quipement de protection individuelle destin\u00e9 au travail en hauteur. Il a \u00e9t\u00e9 con\u00e7u pour r\u00e9pondre \u00e0 un usage occasionnel. Il est compos\u00e9 de deux points d&#039;ancrage (sternal et dorsal) et de deux boucles de r\u00e9glage au niveau des cuisses. Il permet de travailler en toute s\u00e9curit\u00e9 et assure la parfaite pr\u00e9hension du corps. Il fait partie des composants des syst\u00e8mes anti-chute.Ce harnais est norm\u00e9 EN 361 et EN 365, certifi\u00e9 CE et est disponible en deux tailles.\" \/>\n<meta property=\"og:url\" content=\"https:\/\/master.myweb-fm.com\/fr\/harnais\/harnais-budget\/\" \/>\n<meta property=\"og:site_name\" content=\"Instance master - Old Unyc\" \/>\n<meta property=\"article:modified_time\" content=\"2023-11-23T10:46:50+00:00\" \/>\n<meta property=\"og:image\" content=\"https:\/\/master.myweb-fm.com\/wp-content\/uploads\/2023\/11\/2ffcff68a305a143f6ea4813709a2f6c9ca29104_126_091001BU_main_view_3.png\" \/>\n\t<meta property=\"og:image:width\" content=\"1181\" \/>\n\t<meta property=\"og:image:height\" content=\"1772\" \/>\n\t<meta property=\"og:image:type\" content=\"image\/png\" \/>\n<meta name=\"twitter:card\" content=\"summary_large_image\" \/>\n<meta name=\"twitter:label1\" content=\"Dur\u00e9e de lecture estim\u00e9e\" \/>\n\t<meta name=\"twitter:data1\" content=\"1 minute\" \/>\n<script type=\"application\/ld+json\" class=\"yoast-schema-graph\">{\"@context\":\"https:\\\/\\\/schema.org\",\"@graph\":[{\"@type\":\"WebPage\",\"@id\":\"https:\\\/\\\/master.myweb-fm.com\\\/fr\\\/harnais\\\/harnais-budget\\\/\",\"url\":\"https:\\\/\\\/master.myweb-fm.com\\\/fr\\\/harnais\\\/harnais-budget\\\/\",\"name\":\"Harnais Budget - Instance master - Old Unyc\",\"isPartOf\":{\"@id\":\"https:\\\/\\\/master.myweb-fm.com\\\/fr\\\/#website\"},\"primaryImageOfPage\":{\"@id\":\"https:\\\/\\\/master.myweb-fm.com\\\/fr\\\/harnais\\\/harnais-budget\\\/#primaryimage\"},\"image\":{\"@id\":\"https:\\\/\\\/master.myweb-fm.com\\\/fr\\\/harnais\\\/harnais-budget\\\/#primaryimage\"},\"thumbnailUrl\":\"https:\\\/\\\/master.myweb-fm.com\\\/wp-content\\\/uploads\\\/2023\\\/11\\\/2ffcff68a305a143f6ea4813709a2f6c9ca29104_126_091001BU_main_view_3.png\",\"datePublished\":\"2023-11-20T21:13:14+00:00\",\"dateModified\":\"2023-11-23T10:46:50+00:00\",\"breadcrumb\":{\"@id\":\"https:\\\/\\\/master.myweb-fm.com\\\/fr\\\/harnais\\\/harnais-budget\\\/#breadcrumb\"},\"inLanguage\":\"fr-FR\",\"potentialAction\":[{\"@type\":\"ReadAction\",\"target\":[\"https:\\\/\\\/master.myweb-fm.com\\\/fr\\\/harnais\\\/harnais-budget\\\/\"]}]},{\"@type\":\"ImageObject\",\"inLanguage\":\"fr-FR\",\"@id\":\"https:\\\/\\\/master.myweb-fm.com\\\/fr\\\/harnais\\\/harnais-budget\\\/#primaryimage\",\"url\":\"https:\\\/\\\/master.myweb-fm.com\\\/wp-content\\\/uploads\\\/2023\\\/11\\\/2ffcff68a305a143f6ea4813709a2f6c9ca29104_126_091001BU_main_view_3.png\",\"contentUrl\":\"https:\\\/\\\/master.myweb-fm.com\\\/wp-content\\\/uploads\\\/2023\\\/11\\\/2ffcff68a305a143f6ea4813709a2f6c9ca29104_126_091001BU_main_view_3.png\",\"width\":1181,\"height\":1772},{\"@type\":\"BreadcrumbList\",\"@id\":\"https:\\\/\\\/master.myweb-fm.com\\\/fr\\\/harnais\\\/harnais-budget\\\/#breadcrumb\",\"itemListElement\":[{\"@type\":\"ListItem\",\"position\":1,\"name\":\"Catalogue\",\"item\":\"https:\\\/\\\/master.myweb-fm.com\\\/fr\\\/catalogue\\\/\"},{\"@type\":\"ListItem\",\"position\":2,\"name\":\"Harnais Budget\"}]},{\"@type\":\"WebSite\",\"@id\":\"https:\\\/\\\/master.myweb-fm.com\\\/fr\\\/#website\",\"url\":\"https:\\\/\\\/master.myweb-fm.com\\\/fr\\\/\",\"name\":\"Instance master - Old Unyc\",\"description\":\"Fr\u00e9n\u00e9hard &amp; Michaux\",\"potentialAction\":[{\"@type\":\"SearchAction\",\"target\":{\"@type\":\"EntryPoint\",\"urlTemplate\":\"https:\\\/\\\/master.myweb-fm.com\\\/fr\\\/?s={search_term_string}\"},\"query-input\":{\"@type\":\"PropertyValueSpecification\",\"valueRequired\":true,\"valueName\":\"search_term_string\"}}],\"inLanguage\":\"fr-FR\"}]}<\/script>\n<!-- \/ Yoast SEO plugin. -->","yoast_head_json":{"title":"Harnais Budget - Instance master - Old Unyc","robots":{"index":"noindex","follow":"follow","max-snippet":"max-snippet:-1","max-image-preview":"max-image-preview:large","max-video-preview":"max-video-preview:-1"},"og_locale":"fr_FR","og_type":"article","og_title":"Harnais Budget - Instance master - Old Unyc","og_description":"Le harnais anti-chute BUDGET est un \u00e9quipement de protection individuelle destin\u00e9 au travail en hauteur. Il a \u00e9t\u00e9 con\u00e7u pour r\u00e9pondre \u00e0 un usage occasionnel. Il est compos\u00e9 de deux points d'ancrage (sternal et dorsal) et de deux boucles de r\u00e9glage au niveau des cuisses. Il permet de travailler en toute s\u00e9curit\u00e9 et assure la parfaite pr\u00e9hension du corps. Il fait partie des composants des syst\u00e8mes anti-chute.Ce harnais est norm\u00e9 EN 361 et EN 365, certifi\u00e9 CE et est disponible en deux tailles.","og_url":"https:\/\/master.myweb-fm.com\/fr\/harnais\/harnais-budget\/","og_site_name":"Instance master - Old Unyc","article_modified_time":"2023-11-23T10:46:50+00:00","og_image":[{"width":1181,"height":1772,"url":"https:\/\/master.myweb-fm.com\/wp-content\/uploads\/2023\/11\/2ffcff68a305a143f6ea4813709a2f6c9ca29104_126_091001BU_main_view_3.png","type":"image\/png"}],"twitter_card":"summary_large_image","twitter_misc":{"Dur\u00e9e de lecture estim\u00e9e":"1 minute"},"schema":{"@context":"https:\/\/schema.org","@graph":[{"@type":"WebPage","@id":"https:\/\/master.myweb-fm.com\/fr\/harnais\/harnais-budget\/","url":"https:\/\/master.myweb-fm.com\/fr\/harnais\/harnais-budget\/","name":"Harnais Budget - Instance master - Old Unyc","isPartOf":{"@id":"https:\/\/master.myweb-fm.com\/fr\/#website"},"primaryImageOfPage":{"@id":"https:\/\/master.myweb-fm.com\/fr\/harnais\/harnais-budget\/#primaryimage"},"image":{"@id":"https:\/\/master.myweb-fm.com\/fr\/harnais\/harnais-budget\/#primaryimage"},"thumbnailUrl":"https:\/\/master.myweb-fm.com\/wp-content\/uploads\/2023\/11\/2ffcff68a305a143f6ea4813709a2f6c9ca29104_126_091001BU_main_view_3.png","datePublished":"2023-11-20T21:13:14+00:00","dateModified":"2023-11-23T10:46:50+00:00","breadcrumb":{"@id":"https:\/\/master.myweb-fm.com\/fr\/harnais\/harnais-budget\/#breadcrumb"},"inLanguage":"fr-FR","potentialAction":[{"@type":"ReadAction","target":["https:\/\/master.myweb-fm.com\/fr\/harnais\/harnais-budget\/"]}]},{"@type":"ImageObject","inLanguage":"fr-FR","@id":"https:\/\/master.myweb-fm.com\/fr\/harnais\/harnais-budget\/#primaryimage","url":"https:\/\/master.myweb-fm.com\/wp-content\/uploads\/2023\/11\/2ffcff68a305a143f6ea4813709a2f6c9ca29104_126_091001BU_main_view_3.png","contentUrl":"https:\/\/master.myweb-fm.com\/wp-content\/uploads\/2023\/11\/2ffcff68a305a143f6ea4813709a2f6c9ca29104_126_091001BU_main_view_3.png","width":1181,"height":1772},{"@type":"BreadcrumbList","@id":"https:\/\/master.myweb-fm.com\/fr\/harnais\/harnais-budget\/#breadcrumb","itemListElement":[{"@type":"ListItem","position":1,"name":"Catalogue","item":"https:\/\/master.myweb-fm.com\/fr\/catalogue\/"},{"@type":"ListItem","position":2,"name":"Harnais Budget"}]},{"@type":"WebSite","@id":"https:\/\/master.myweb-fm.com\/fr\/#website","url":"https:\/\/master.myweb-fm.com\/fr\/","name":"Instance master - Old Unyc","description":"Fr\u00e9n\u00e9hard &amp; Michaux","potentialAction":[{"@type":"SearchAction","target":{"@type":"EntryPoint","urlTemplate":"https:\/\/master.myweb-fm.com\/fr\/?s={search_term_string}"},"query-input":{"@type":"PropertyValueSpecification","valueRequired":true,"valueName":"search_term_string"}}],"inLanguage":"fr-FR"}]}},"_links":{"self":[{"href":"https:\/\/master.myweb-fm.com\/fr\/wp-json\/wp\/v2\/product\/17302","targetHints":{"allow":["GET"]}}],"collection":[{"href":"https:\/\/master.myweb-fm.com\/fr\/wp-json\/wp\/v2\/product"}],"about":[{"href":"https:\/\/master.myweb-fm.com\/fr\/wp-json\/wp\/v2\/types\/product"}],"wp:featuredmedia":[{"embeddable":true,"href":"https:\/\/master.myweb-fm.com\/fr\/wp-json\/wp\/v2\/media\/13896"}],"wp:attachment":[{"href":"https:\/\/master.myweb-fm.com\/fr\/wp-json\/wp\/v2\/media?parent=17302"}],"wp:term":[{"taxonomy":"product_brand","embeddable":true,"href":"https:\/\/master.myweb-fm.com\/fr\/wp-json\/wp\/v2\/product_brand?post=17302"},{"taxonomy":"product_cat","embeddable":true,"href":"https:\/\/master.myweb-fm.com\/fr\/wp-json\/wp\/v2\/product_cat?post=17302"},{"taxonomy":"product_tag","embeddable":true,"href":"https:\/\/master.myweb-fm.com\/fr\/wp-json\/wp\/v2\/product_tag?post=17302"}],"curies":[{"name":"wp","href":"https:\/\/api.w.org\/{rel}","templated":true}]}}