{"id":17272,"date":"2023-11-20T22:11:52","date_gmt":"2023-11-20T21:11:52","guid":{"rendered":"https:\/\/master.myweb-fm.com\/non%20class\u00e9\/126-091000ma\/"},"modified":"2023-11-27T15:49:53","modified_gmt":"2023-11-27T14:49:53","slug":"kit-epi-master","status":"publish","type":"product","link":"https:\/\/master.myweb-fm.com\/fr\/kits\/kit-epi-master\/","title":{"rendered":"Kit EPI Master"},"content":{"rendered":"<ul>\n<li>Kit anitchute<\/li>\n<li>Con\u00e7u pour les charpentiers\/couvreurs et la construction gros oeuvre<\/li>\n<li>Compos\u00e9 : d&#8217;un harnais MASTER ; d&#8217;une corde ga\u00een\u00e9e tress\u00e9e de 20m ; d&#8217;un anti-chute bloqueur coulissant ; de deux mousquetons aluminium ; d&#8217;un anneau d&#8217;ancrage en sangle d&#8217;1,00m et d&#8217;un sac de transport capacit\u00e9 20L<\/li>\n<\/ul>\n","protected":false},"excerpt":{"rendered":"<p>Le kit E.P.I. anti-chute MASTER est pr\u00e9conis\u00e9 pour les charpentiers, couvreurs, menuisiers, et les m\u00e9tiers de la construction gros oeuvre. Pour un usage ultra intensif en utilisation d&#8217;anti-chute et de mantien au travail. Il r\u00e9pond \u00e0 la norme EN 361 et EN 358. En ajoutant les \u00e9quipements ad\u00e9quats, le harnais MASTER peut \u00eatre utilis\u00e9 en situation de suspension (EN 813).<\/p>\n","protected":false},"featured_media":13854,"template":"","meta":{"_acf_changed":false},"product_brand":[],"product_cat":[70111],"product_tag":[],"class_list":{"0":"post-17272","1":"product","2":"type-product","3":"status-publish","4":"has-post-thumbnail","6":"product_cat-kits","7":"pa_abc_class-b","8":"pa_abc_class-s","9":"pa_base_unit-ea","10":"pa_brand-unyc","11":"pa_careers-carpenter_roofer_joiner","12":"pa_careers-rope_acess_technician_pylon_installer_tree_trimmer_works_on_ladders","13":"pa_confort-70279","14":"pa_e_com_product-no","15":"pa_edi_option-no","16":"pa_export_product-yes","17":"pa_g_range-70615","18":"pa_lifespan-15-ans","19":"pa_lock_code-70723","20":"pa_maximum_load-140-kg","21":"pa_pack_instructions_level_1-no","22":"pa_pack_instructions_level_2-no","23":"pa_pack_instructions_level_3-no","24":"pa_pack_type_level_1-ct","25":"pa_pack_type_level_2-pf","26":"pa_pic_family-72283","27":"pa_product_origin-es","28":"pa_product_range_grouping-master","29":"pa_production_company-73381","30":"pa_sales_company-73501","31":"pa_sales_plan-c","32":"pa_sales_range-73669","33":"pa_short_designation-kit-master-taille-1","34":"pa_short_designation-kit-master-taille-2","35":"pa_sigle-ce","36":"pa_size-size_1","37":"pa_size-size_2","38":"pa_standard-en_358","39":"pa_standard-en_361","40":"pa_standard-en_813","41":"pa_type_of_floor-fall_prevention","42":"pa_type_of_product-kit","43":"pa_use-highly_intensive","44":"pa_varied_weight-no","46":"first","47":"instock","48":"shipping-taxable","49":"purchasable","50":"product-type-variable"},"acf":[],"yoast_head":"<!-- This site is optimized with the Yoast SEO plugin v27.3 - https:\/\/yoast.com\/product\/yoast-seo-wordpress\/ -->\n<title>Kit EPI Master - Instance master - Old Unyc<\/title>\n<meta name=\"robots\" content=\"noindex, follow, max-snippet:-1, max-image-preview:large, max-video-preview:-1\" \/>\n<meta property=\"og:locale\" content=\"fr_FR\" \/>\n<meta property=\"og:type\" content=\"article\" \/>\n<meta property=\"og:title\" content=\"Kit EPI Master - Instance master - Old Unyc\" \/>\n<meta property=\"og:description\" content=\"Le kit E.P.I. anti-chute MASTER est pr\u00e9conis\u00e9 pour les charpentiers, couvreurs, menuisiers, et les m\u00e9tiers de la construction gros oeuvre. Pour un usage ultra intensif en utilisation d&#039;anti-chute et de mantien au travail. Il r\u00e9pond \u00e0 la norme EN 361 et EN 358. En ajoutant les \u00e9quipements ad\u00e9quats, le harnais MASTER peut \u00eatre utilis\u00e9 en situation de suspension (EN 813).\" \/>\n<meta property=\"og:url\" content=\"https:\/\/master.myweb-fm.com\/fr\/kits\/kit-epi-master\/\" \/>\n<meta property=\"og:site_name\" content=\"Instance master - Old Unyc\" \/>\n<meta property=\"article:modified_time\" content=\"2023-11-27T14:49:53+00:00\" \/>\n<meta property=\"og:image\" content=\"https:\/\/master.myweb-fm.com\/wp-content\/uploads\/2023\/11\/877a7896174575f20a8df10e80bfd939bb9d7009_126_091000MA_main_view_2.jpg\" \/>\n\t<meta property=\"og:image:width\" content=\"660\" \/>\n\t<meta property=\"og:image:height\" content=\"660\" \/>\n\t<meta property=\"og:image:type\" content=\"image\/jpeg\" \/>\n<meta name=\"twitter:card\" content=\"summary_large_image\" \/>\n<script type=\"application\/ld+json\" class=\"yoast-schema-graph\">{\"@context\":\"https:\\\/\\\/schema.org\",\"@graph\":[{\"@type\":\"WebPage\",\"@id\":\"https:\\\/\\\/master.myweb-fm.com\\\/fr\\\/kits\\\/kit-epi-master\\\/\",\"url\":\"https:\\\/\\\/master.myweb-fm.com\\\/fr\\\/kits\\\/kit-epi-master\\\/\",\"name\":\"Kit EPI Master - Instance master - Old Unyc\",\"isPartOf\":{\"@id\":\"https:\\\/\\\/master.myweb-fm.com\\\/fr\\\/#website\"},\"primaryImageOfPage\":{\"@id\":\"https:\\\/\\\/master.myweb-fm.com\\\/fr\\\/kits\\\/kit-epi-master\\\/#primaryimage\"},\"image\":{\"@id\":\"https:\\\/\\\/master.myweb-fm.com\\\/fr\\\/kits\\\/kit-epi-master\\\/#primaryimage\"},\"thumbnailUrl\":\"https:\\\/\\\/master.myweb-fm.com\\\/wp-content\\\/uploads\\\/2023\\\/11\\\/877a7896174575f20a8df10e80bfd939bb9d7009_126_091000MA_main_view_2.jpg\",\"datePublished\":\"2023-11-20T21:11:52+00:00\",\"dateModified\":\"2023-11-27T14:49:53+00:00\",\"breadcrumb\":{\"@id\":\"https:\\\/\\\/master.myweb-fm.com\\\/fr\\\/kits\\\/kit-epi-master\\\/#breadcrumb\"},\"inLanguage\":\"fr-FR\",\"potentialAction\":[{\"@type\":\"ReadAction\",\"target\":[\"https:\\\/\\\/master.myweb-fm.com\\\/fr\\\/kits\\\/kit-epi-master\\\/\"]}]},{\"@type\":\"ImageObject\",\"inLanguage\":\"fr-FR\",\"@id\":\"https:\\\/\\\/master.myweb-fm.com\\\/fr\\\/kits\\\/kit-epi-master\\\/#primaryimage\",\"url\":\"https:\\\/\\\/master.myweb-fm.com\\\/wp-content\\\/uploads\\\/2023\\\/11\\\/877a7896174575f20a8df10e80bfd939bb9d7009_126_091000MA_main_view_2.jpg\",\"contentUrl\":\"https:\\\/\\\/master.myweb-fm.com\\\/wp-content\\\/uploads\\\/2023\\\/11\\\/877a7896174575f20a8df10e80bfd939bb9d7009_126_091000MA_main_view_2.jpg\",\"width\":660,\"height\":660},{\"@type\":\"BreadcrumbList\",\"@id\":\"https:\\\/\\\/master.myweb-fm.com\\\/fr\\\/kits\\\/kit-epi-master\\\/#breadcrumb\",\"itemListElement\":[{\"@type\":\"ListItem\",\"position\":1,\"name\":\"Catalogue\",\"item\":\"https:\\\/\\\/master.myweb-fm.com\\\/fr\\\/catalogue\\\/\"},{\"@type\":\"ListItem\",\"position\":2,\"name\":\"Kit EPI Master\"}]},{\"@type\":\"WebSite\",\"@id\":\"https:\\\/\\\/master.myweb-fm.com\\\/fr\\\/#website\",\"url\":\"https:\\\/\\\/master.myweb-fm.com\\\/fr\\\/\",\"name\":\"Instance master - Old Unyc\",\"description\":\"Fr\u00e9n\u00e9hard &amp; Michaux\",\"potentialAction\":[{\"@type\":\"SearchAction\",\"target\":{\"@type\":\"EntryPoint\",\"urlTemplate\":\"https:\\\/\\\/master.myweb-fm.com\\\/fr\\\/?s={search_term_string}\"},\"query-input\":{\"@type\":\"PropertyValueSpecification\",\"valueRequired\":true,\"valueName\":\"search_term_string\"}}],\"inLanguage\":\"fr-FR\"}]}<\/script>\n<!-- \/ Yoast SEO plugin. -->","yoast_head_json":{"title":"Kit EPI Master - Instance master - Old Unyc","robots":{"index":"noindex","follow":"follow","max-snippet":"max-snippet:-1","max-image-preview":"max-image-preview:large","max-video-preview":"max-video-preview:-1"},"og_locale":"fr_FR","og_type":"article","og_title":"Kit EPI Master - Instance master - Old Unyc","og_description":"Le kit E.P.I. anti-chute MASTER est pr\u00e9conis\u00e9 pour les charpentiers, couvreurs, menuisiers, et les m\u00e9tiers de la construction gros oeuvre. Pour un usage ultra intensif en utilisation d'anti-chute et de mantien au travail. Il r\u00e9pond \u00e0 la norme EN 361 et EN 358. En ajoutant les \u00e9quipements ad\u00e9quats, le harnais MASTER peut \u00eatre utilis\u00e9 en situation de suspension (EN 813).","og_url":"https:\/\/master.myweb-fm.com\/fr\/kits\/kit-epi-master\/","og_site_name":"Instance master - Old Unyc","article_modified_time":"2023-11-27T14:49:53+00:00","og_image":[{"width":660,"height":660,"url":"https:\/\/master.myweb-fm.com\/wp-content\/uploads\/2023\/11\/877a7896174575f20a8df10e80bfd939bb9d7009_126_091000MA_main_view_2.jpg","type":"image\/jpeg"}],"twitter_card":"summary_large_image","schema":{"@context":"https:\/\/schema.org","@graph":[{"@type":"WebPage","@id":"https:\/\/master.myweb-fm.com\/fr\/kits\/kit-epi-master\/","url":"https:\/\/master.myweb-fm.com\/fr\/kits\/kit-epi-master\/","name":"Kit EPI Master - Instance master - Old Unyc","isPartOf":{"@id":"https:\/\/master.myweb-fm.com\/fr\/#website"},"primaryImageOfPage":{"@id":"https:\/\/master.myweb-fm.com\/fr\/kits\/kit-epi-master\/#primaryimage"},"image":{"@id":"https:\/\/master.myweb-fm.com\/fr\/kits\/kit-epi-master\/#primaryimage"},"thumbnailUrl":"https:\/\/master.myweb-fm.com\/wp-content\/uploads\/2023\/11\/877a7896174575f20a8df10e80bfd939bb9d7009_126_091000MA_main_view_2.jpg","datePublished":"2023-11-20T21:11:52+00:00","dateModified":"2023-11-27T14:49:53+00:00","breadcrumb":{"@id":"https:\/\/master.myweb-fm.com\/fr\/kits\/kit-epi-master\/#breadcrumb"},"inLanguage":"fr-FR","potentialAction":[{"@type":"ReadAction","target":["https:\/\/master.myweb-fm.com\/fr\/kits\/kit-epi-master\/"]}]},{"@type":"ImageObject","inLanguage":"fr-FR","@id":"https:\/\/master.myweb-fm.com\/fr\/kits\/kit-epi-master\/#primaryimage","url":"https:\/\/master.myweb-fm.com\/wp-content\/uploads\/2023\/11\/877a7896174575f20a8df10e80bfd939bb9d7009_126_091000MA_main_view_2.jpg","contentUrl":"https:\/\/master.myweb-fm.com\/wp-content\/uploads\/2023\/11\/877a7896174575f20a8df10e80bfd939bb9d7009_126_091000MA_main_view_2.jpg","width":660,"height":660},{"@type":"BreadcrumbList","@id":"https:\/\/master.myweb-fm.com\/fr\/kits\/kit-epi-master\/#breadcrumb","itemListElement":[{"@type":"ListItem","position":1,"name":"Catalogue","item":"https:\/\/master.myweb-fm.com\/fr\/catalogue\/"},{"@type":"ListItem","position":2,"name":"Kit EPI Master"}]},{"@type":"WebSite","@id":"https:\/\/master.myweb-fm.com\/fr\/#website","url":"https:\/\/master.myweb-fm.com\/fr\/","name":"Instance master - Old Unyc","description":"Fr\u00e9n\u00e9hard &amp; Michaux","potentialAction":[{"@type":"SearchAction","target":{"@type":"EntryPoint","urlTemplate":"https:\/\/master.myweb-fm.com\/fr\/?s={search_term_string}"},"query-input":{"@type":"PropertyValueSpecification","valueRequired":true,"valueName":"search_term_string"}}],"inLanguage":"fr-FR"}]}},"_links":{"self":[{"href":"https:\/\/master.myweb-fm.com\/fr\/wp-json\/wp\/v2\/product\/17272","targetHints":{"allow":["GET"]}}],"collection":[{"href":"https:\/\/master.myweb-fm.com\/fr\/wp-json\/wp\/v2\/product"}],"about":[{"href":"https:\/\/master.myweb-fm.com\/fr\/wp-json\/wp\/v2\/types\/product"}],"wp:featuredmedia":[{"embeddable":true,"href":"https:\/\/master.myweb-fm.com\/fr\/wp-json\/wp\/v2\/media\/13854"}],"wp:attachment":[{"href":"https:\/\/master.myweb-fm.com\/fr\/wp-json\/wp\/v2\/media?parent=17272"}],"wp:term":[{"taxonomy":"product_brand","embeddable":true,"href":"https:\/\/master.myweb-fm.com\/fr\/wp-json\/wp\/v2\/product_brand?post=17272"},{"taxonomy":"product_cat","embeddable":true,"href":"https:\/\/master.myweb-fm.com\/fr\/wp-json\/wp\/v2\/product_cat?post=17272"},{"taxonomy":"product_tag","embeddable":true,"href":"https:\/\/master.myweb-fm.com\/fr\/wp-json\/wp\/v2\/product_tag?post=17272"}],"curies":[{"name":"wp","href":"https:\/\/api.w.org\/{rel}","templated":true}]}}