{"id":17212,"date":"2023-11-20T22:09:08","date_gmt":"2023-11-20T21:09:08","guid":{"rendered":"https:\/\/master.myweb-fm.com\/non%20class\u00e9\/126-091000exa\/"},"modified":"2023-11-27T16:29:13","modified_gmt":"2023-11-27T15:29:13","slug":"kit-epi-expert-auto","status":"publish","type":"product","link":"https:\/\/master.myweb-fm.com\/fr\/kits\/kit-epi-expert-auto\/","title":{"rendered":"Kit EPI Expert auto"},"content":{"rendered":"<ul>\n<li>Kit anitchute<\/li>\n<li>Con\u00e7u pour les monteur d&#8217;\u00e9chafaudage*<\/li>\n<li>Compos\u00e9 : d&#8217;un harnais EXPERT ; d&#8217;un enrouleur en sangle 2,00m ; d&#8217;un mousqueton aluminium et d&#8217;un sac de transport capacit\u00e9 20L<\/li>\n<\/ul>\n<p>* Pour \u00eatre en conformit\u00e9 avec les recommandations de la SFECE il est pr\u00e9conis\u00e9 d&#8217;ajouter la longe simple 09100402 \u00e0 ce kit.<\/p>\n","protected":false},"excerpt":{"rendered":"<p>Le kit E.P.I. anti-chute EXPERT AUTO est pr\u00e9conis\u00e9 pour les charpentiers, couvreurs, menuisiers, \u00e9tancheurs, les m\u00e9tiers du b\u00e2timent, la maintenance industrielle et les \u00e9chafaudeurs*. Pour un usage intensif en utilisation d&#8217;anti-chute. Il r\u00e9pond \u00e0 la norme EN 361.<br \/>\n*Pour \u00eatre en conformit\u00e9 avec les recommandations de la SFECE, il est pr\u00e9conis\u00e9 d&#8217;ajouter une longe simple (type 09100402) \u00e0 ce kit pour les monteurs d&#8217;\u00e9chafaudage.<\/p>\n","protected":false},"featured_media":13770,"template":"","meta":{"_acf_changed":false},"product_brand":[],"product_cat":[70111],"product_tag":[],"class_list":{"0":"post-17212","1":"product","2":"type-product","3":"status-publish","4":"has-post-thumbnail","6":"product_cat-kits","7":"pa_abc_class-b","8":"pa_abc_class-s","9":"pa_base_unit-ea","10":"pa_brand-unyc","11":"pa_careers-scaffolder","12":"pa_confort-70273","13":"pa_e_com_product-no","14":"pa_edi_option-no","15":"pa_export_product-yes","16":"pa_g_range-70615","17":"pa_lifespan-15-ans","18":"pa_lock_code-70723","19":"pa_maximum_load-140-kg","20":"pa_pack_instructions_level_1-no","21":"pa_pack_instructions_level_2-no","22":"pa_pack_instructions_level_3-no","23":"pa_pack_type_level_1-ct","24":"pa_pack_type_level_2-pf","25":"pa_pic_family-72283","26":"pa_product_origin-es","27":"pa_product_range_grouping-expert","28":"pa_production_company-73381","29":"pa_sales_company-73501","30":"pa_sales_plan-c","31":"pa_sales_range-73669","32":"pa_short_designation-kit-expert-auto-taille-1","33":"pa_short_designation-kit-expert-auto-taille-2","34":"pa_sigle-ce","35":"pa_size-size_1","36":"pa_size-size_2","37":"pa_standard-en_361","38":"pa_type_of_floor-fall_prevention","39":"pa_type_of_product-kit","40":"pa_use-intensive","41":"pa_varied_weight-no","43":"first","44":"instock","45":"shipping-taxable","46":"purchasable","47":"product-type-variable"},"acf":[],"yoast_head":"<!-- This site is optimized with the Yoast SEO plugin v27.3 - https:\/\/yoast.com\/product\/yoast-seo-wordpress\/ -->\n<title>Kit EPI Expert auto - Instance master - Old Unyc<\/title>\n<meta name=\"robots\" content=\"noindex, follow, max-snippet:-1, max-image-preview:large, max-video-preview:-1\" \/>\n<meta property=\"og:locale\" content=\"fr_FR\" \/>\n<meta property=\"og:type\" content=\"article\" \/>\n<meta property=\"og:title\" content=\"Kit EPI Expert auto - Instance master - Old Unyc\" \/>\n<meta property=\"og:description\" content=\"Le kit E.P.I. anti-chute EXPERT AUTO est pr\u00e9conis\u00e9 pour les charpentiers, couvreurs, menuisiers, \u00e9tancheurs, les m\u00e9tiers du b\u00e2timent, la maintenance industrielle et les \u00e9chafaudeurs*. Pour un usage intensif en utilisation d&#039;anti-chute. Il r\u00e9pond \u00e0 la norme EN 361. *Pour \u00eatre en conformit\u00e9 avec les recommandations de la SFECE, il est pr\u00e9conis\u00e9 d&#039;ajouter une longe simple (type 09100402) \u00e0 ce kit pour les monteurs d&#039;\u00e9chafaudage.\" \/>\n<meta property=\"og:url\" content=\"https:\/\/master.myweb-fm.com\/fr\/kits\/kit-epi-expert-auto\/\" \/>\n<meta property=\"og:site_name\" content=\"Instance master - Old Unyc\" \/>\n<meta property=\"article:modified_time\" content=\"2023-11-27T15:29:13+00:00\" \/>\n<meta property=\"og:image\" content=\"https:\/\/master.myweb-fm.com\/wp-content\/uploads\/2023\/11\/73f548519cd9ac165214054c04edcc34dac5e4ad_126_091000EXA_main_view_2.jpg\" \/>\n\t<meta property=\"og:image:width\" content=\"660\" \/>\n\t<meta property=\"og:image:height\" content=\"660\" \/>\n\t<meta property=\"og:image:type\" content=\"image\/jpeg\" \/>\n<meta name=\"twitter:card\" content=\"summary_large_image\" \/>\n<script type=\"application\/ld+json\" class=\"yoast-schema-graph\">{\"@context\":\"https:\\\/\\\/schema.org\",\"@graph\":[{\"@type\":\"WebPage\",\"@id\":\"https:\\\/\\\/master.myweb-fm.com\\\/fr\\\/kits\\\/kit-epi-expert-auto\\\/\",\"url\":\"https:\\\/\\\/master.myweb-fm.com\\\/fr\\\/kits\\\/kit-epi-expert-auto\\\/\",\"name\":\"Kit EPI Expert auto - Instance master - Old Unyc\",\"isPartOf\":{\"@id\":\"https:\\\/\\\/master.myweb-fm.com\\\/fr\\\/#website\"},\"primaryImageOfPage\":{\"@id\":\"https:\\\/\\\/master.myweb-fm.com\\\/fr\\\/kits\\\/kit-epi-expert-auto\\\/#primaryimage\"},\"image\":{\"@id\":\"https:\\\/\\\/master.myweb-fm.com\\\/fr\\\/kits\\\/kit-epi-expert-auto\\\/#primaryimage\"},\"thumbnailUrl\":\"https:\\\/\\\/master.myweb-fm.com\\\/wp-content\\\/uploads\\\/2023\\\/11\\\/73f548519cd9ac165214054c04edcc34dac5e4ad_126_091000EXA_main_view_2.jpg\",\"datePublished\":\"2023-11-20T21:09:08+00:00\",\"dateModified\":\"2023-11-27T15:29:13+00:00\",\"breadcrumb\":{\"@id\":\"https:\\\/\\\/master.myweb-fm.com\\\/fr\\\/kits\\\/kit-epi-expert-auto\\\/#breadcrumb\"},\"inLanguage\":\"fr-FR\",\"potentialAction\":[{\"@type\":\"ReadAction\",\"target\":[\"https:\\\/\\\/master.myweb-fm.com\\\/fr\\\/kits\\\/kit-epi-expert-auto\\\/\"]}]},{\"@type\":\"ImageObject\",\"inLanguage\":\"fr-FR\",\"@id\":\"https:\\\/\\\/master.myweb-fm.com\\\/fr\\\/kits\\\/kit-epi-expert-auto\\\/#primaryimage\",\"url\":\"https:\\\/\\\/master.myweb-fm.com\\\/wp-content\\\/uploads\\\/2023\\\/11\\\/73f548519cd9ac165214054c04edcc34dac5e4ad_126_091000EXA_main_view_2.jpg\",\"contentUrl\":\"https:\\\/\\\/master.myweb-fm.com\\\/wp-content\\\/uploads\\\/2023\\\/11\\\/73f548519cd9ac165214054c04edcc34dac5e4ad_126_091000EXA_main_view_2.jpg\",\"width\":660,\"height\":660},{\"@type\":\"BreadcrumbList\",\"@id\":\"https:\\\/\\\/master.myweb-fm.com\\\/fr\\\/kits\\\/kit-epi-expert-auto\\\/#breadcrumb\",\"itemListElement\":[{\"@type\":\"ListItem\",\"position\":1,\"name\":\"Catalogue\",\"item\":\"https:\\\/\\\/master.myweb-fm.com\\\/fr\\\/catalogue\\\/\"},{\"@type\":\"ListItem\",\"position\":2,\"name\":\"Kit EPI Expert auto\"}]},{\"@type\":\"WebSite\",\"@id\":\"https:\\\/\\\/master.myweb-fm.com\\\/fr\\\/#website\",\"url\":\"https:\\\/\\\/master.myweb-fm.com\\\/fr\\\/\",\"name\":\"Instance master - Old Unyc\",\"description\":\"Fr\u00e9n\u00e9hard &amp; Michaux\",\"potentialAction\":[{\"@type\":\"SearchAction\",\"target\":{\"@type\":\"EntryPoint\",\"urlTemplate\":\"https:\\\/\\\/master.myweb-fm.com\\\/fr\\\/?s={search_term_string}\"},\"query-input\":{\"@type\":\"PropertyValueSpecification\",\"valueRequired\":true,\"valueName\":\"search_term_string\"}}],\"inLanguage\":\"fr-FR\"}]}<\/script>\n<!-- \/ Yoast SEO plugin. -->","yoast_head_json":{"title":"Kit EPI Expert auto - Instance master - Old Unyc","robots":{"index":"noindex","follow":"follow","max-snippet":"max-snippet:-1","max-image-preview":"max-image-preview:large","max-video-preview":"max-video-preview:-1"},"og_locale":"fr_FR","og_type":"article","og_title":"Kit EPI Expert auto - Instance master - Old Unyc","og_description":"Le kit E.P.I. anti-chute EXPERT AUTO est pr\u00e9conis\u00e9 pour les charpentiers, couvreurs, menuisiers, \u00e9tancheurs, les m\u00e9tiers du b\u00e2timent, la maintenance industrielle et les \u00e9chafaudeurs*. Pour un usage intensif en utilisation d'anti-chute. Il r\u00e9pond \u00e0 la norme EN 361. *Pour \u00eatre en conformit\u00e9 avec les recommandations de la SFECE, il est pr\u00e9conis\u00e9 d'ajouter une longe simple (type 09100402) \u00e0 ce kit pour les monteurs d'\u00e9chafaudage.","og_url":"https:\/\/master.myweb-fm.com\/fr\/kits\/kit-epi-expert-auto\/","og_site_name":"Instance master - Old Unyc","article_modified_time":"2023-11-27T15:29:13+00:00","og_image":[{"width":660,"height":660,"url":"https:\/\/master.myweb-fm.com\/wp-content\/uploads\/2023\/11\/73f548519cd9ac165214054c04edcc34dac5e4ad_126_091000EXA_main_view_2.jpg","type":"image\/jpeg"}],"twitter_card":"summary_large_image","schema":{"@context":"https:\/\/schema.org","@graph":[{"@type":"WebPage","@id":"https:\/\/master.myweb-fm.com\/fr\/kits\/kit-epi-expert-auto\/","url":"https:\/\/master.myweb-fm.com\/fr\/kits\/kit-epi-expert-auto\/","name":"Kit EPI Expert auto - Instance master - Old Unyc","isPartOf":{"@id":"https:\/\/master.myweb-fm.com\/fr\/#website"},"primaryImageOfPage":{"@id":"https:\/\/master.myweb-fm.com\/fr\/kits\/kit-epi-expert-auto\/#primaryimage"},"image":{"@id":"https:\/\/master.myweb-fm.com\/fr\/kits\/kit-epi-expert-auto\/#primaryimage"},"thumbnailUrl":"https:\/\/master.myweb-fm.com\/wp-content\/uploads\/2023\/11\/73f548519cd9ac165214054c04edcc34dac5e4ad_126_091000EXA_main_view_2.jpg","datePublished":"2023-11-20T21:09:08+00:00","dateModified":"2023-11-27T15:29:13+00:00","breadcrumb":{"@id":"https:\/\/master.myweb-fm.com\/fr\/kits\/kit-epi-expert-auto\/#breadcrumb"},"inLanguage":"fr-FR","potentialAction":[{"@type":"ReadAction","target":["https:\/\/master.myweb-fm.com\/fr\/kits\/kit-epi-expert-auto\/"]}]},{"@type":"ImageObject","inLanguage":"fr-FR","@id":"https:\/\/master.myweb-fm.com\/fr\/kits\/kit-epi-expert-auto\/#primaryimage","url":"https:\/\/master.myweb-fm.com\/wp-content\/uploads\/2023\/11\/73f548519cd9ac165214054c04edcc34dac5e4ad_126_091000EXA_main_view_2.jpg","contentUrl":"https:\/\/master.myweb-fm.com\/wp-content\/uploads\/2023\/11\/73f548519cd9ac165214054c04edcc34dac5e4ad_126_091000EXA_main_view_2.jpg","width":660,"height":660},{"@type":"BreadcrumbList","@id":"https:\/\/master.myweb-fm.com\/fr\/kits\/kit-epi-expert-auto\/#breadcrumb","itemListElement":[{"@type":"ListItem","position":1,"name":"Catalogue","item":"https:\/\/master.myweb-fm.com\/fr\/catalogue\/"},{"@type":"ListItem","position":2,"name":"Kit EPI Expert auto"}]},{"@type":"WebSite","@id":"https:\/\/master.myweb-fm.com\/fr\/#website","url":"https:\/\/master.myweb-fm.com\/fr\/","name":"Instance master - Old Unyc","description":"Fr\u00e9n\u00e9hard &amp; Michaux","potentialAction":[{"@type":"SearchAction","target":{"@type":"EntryPoint","urlTemplate":"https:\/\/master.myweb-fm.com\/fr\/?s={search_term_string}"},"query-input":{"@type":"PropertyValueSpecification","valueRequired":true,"valueName":"search_term_string"}}],"inLanguage":"fr-FR"}]}},"_links":{"self":[{"href":"https:\/\/master.myweb-fm.com\/fr\/wp-json\/wp\/v2\/product\/17212","targetHints":{"allow":["GET"]}}],"collection":[{"href":"https:\/\/master.myweb-fm.com\/fr\/wp-json\/wp\/v2\/product"}],"about":[{"href":"https:\/\/master.myweb-fm.com\/fr\/wp-json\/wp\/v2\/types\/product"}],"wp:featuredmedia":[{"embeddable":true,"href":"https:\/\/master.myweb-fm.com\/fr\/wp-json\/wp\/v2\/media\/13770"}],"wp:attachment":[{"href":"https:\/\/master.myweb-fm.com\/fr\/wp-json\/wp\/v2\/media?parent=17212"}],"wp:term":[{"taxonomy":"product_brand","embeddable":true,"href":"https:\/\/master.myweb-fm.com\/fr\/wp-json\/wp\/v2\/product_brand?post=17212"},{"taxonomy":"product_cat","embeddable":true,"href":"https:\/\/master.myweb-fm.com\/fr\/wp-json\/wp\/v2\/product_cat?post=17212"},{"taxonomy":"product_tag","embeddable":true,"href":"https:\/\/master.myweb-fm.com\/fr\/wp-json\/wp\/v2\/product_tag?post=17212"}],"curies":[{"name":"wp","href":"https:\/\/api.w.org\/{rel}","templated":true}]}}