{"id":17045,"date":"2023-11-20T21:29:11","date_gmt":"2023-11-20T20:29:11","guid":{"rendered":"https:\/\/master.myweb-fm.com\/non%20class\u00e9\/126-09100801\/"},"modified":"2023-11-27T18:04:52","modified_gmt":"2023-11-27T17:04:52","slug":"sangle-de-securite-anti-traumatique-de-suspension","status":"publish","type":"product","link":"https:\/\/master.myweb-fm.com\/fr\/equipements\/sangle-de-securite-anti-traumatique-de-suspension\/","title":{"rendered":"Sangle de s\u00e9curit\u00e9 anti-traumatique de suspension"},"content":{"rendered":"<ul>\n<li>Paire de sangles de s\u00e9curit\u00e9 r\u00e9glables (longueur maximale : 130 cm)<\/li>\n<li>Permet de soutenir le poids de l\u2019utilisateur en soulageant les effets n\u00e9gatifs dus \u00e0 un travail prolong\u00e9 dans un harnais en suspension ou apr\u00e8s une chute<\/li>\n<li>Facile a attacher au harnais \u00e0 l&#8217;aide d&#8217;une boucle textile et d&#8217;un passant<\/li>\n<li> Permet le mouvement des jambes pour favoriser la circulation du sang<\/li>\n<li> Petites et l\u00e9g\u00e8res, elles ne g\u00eanent pas l&#8217;utilisateur pendant son travail<\/li>\n<\/ul>\n","protected":false},"excerpt":{"rendered":"<p>Le dispositif anti-traumatisme est form\u00e9 par deux housses zipp\u00e9es contenant une sangle et une bande d&#8217;union entre elles. Les sangles offrent un \u00e9trier au travailleur suspendu pour soutenir le poids de son corps en soulageant la pression au niveau des art\u00e8res et des veines du haut des jambes. Il n&#8217;entrave pas l&#8217;activit\u00e9 de l&#8217;utilisateur.<\/p>\n","protected":false},"featured_media":13380,"template":"","meta":{"_acf_changed":false},"product_brand":[],"product_cat":[70117],"product_tag":[],"class_list":{"0":"post-17045","1":"product","2":"type-product","3":"status-publish","4":"has-post-thumbnail","6":"product_cat-equipements","7":"pa_abc_class-s","8":"pa_base_unit-ea","9":"pa_brand-unyc","10":"pa_e_com_product-no","11":"pa_edi_option-no","12":"pa_export_product-yes","13":"pa_g_range-70615","14":"pa_lifespan-15-ans","15":"pa_lock_code-70723","16":"pa_pack_instructions_level_1-no","17":"pa_pack_instructions_level_2-no","18":"pa_pack_instructions_level_3-no","19":"pa_pack_type_level_1-sca","20":"pa_pic_family-72283","21":"pa_product_origin-es","22":"pa_product_stored_at_manufactur-no","23":"pa_production_company-73381","24":"pa_sales_company-73501","25":"pa_sales_plan-c","26":"pa_sales_range-73669","27":"pa_short_designation-sangle-de-securite-anti-trauma","28":"pa_sigle-ce","29":"pa_use-regular","30":"pa_varied_weight-no","32":"first","33":"instock","34":"shipping-taxable","35":"purchasable","36":"product-type-simple"},"acf":[],"yoast_head":"<!-- This site is optimized with the Yoast SEO plugin v27.3 - https:\/\/yoast.com\/product\/yoast-seo-wordpress\/ -->\n<title>Sangle de s\u00e9curit\u00e9 anti-traumatique de suspension - Instance master - Old Unyc<\/title>\n<meta name=\"robots\" content=\"noindex, follow, max-snippet:-1, max-image-preview:large, max-video-preview:-1\" \/>\n<meta property=\"og:locale\" content=\"fr_FR\" \/>\n<meta property=\"og:type\" content=\"article\" \/>\n<meta property=\"og:title\" content=\"Sangle de s\u00e9curit\u00e9 anti-traumatique de suspension - Instance master - Old Unyc\" \/>\n<meta property=\"og:description\" content=\"Le dispositif anti-traumatisme est form\u00e9 par deux housses zipp\u00e9es contenant une sangle et une bande d&#039;union entre elles. Les sangles offrent un \u00e9trier au travailleur suspendu pour soutenir le poids de son corps en soulageant la pression au niveau des art\u00e8res et des veines du haut des jambes. Il n&#039;entrave pas l&#039;activit\u00e9 de l&#039;utilisateur.\" \/>\n<meta property=\"og:url\" content=\"https:\/\/master.myweb-fm.com\/fr\/equipements\/sangle-de-securite-anti-traumatique-de-suspension\/\" \/>\n<meta property=\"og:site_name\" content=\"Instance master - Old Unyc\" \/>\n<meta property=\"article:modified_time\" content=\"2023-11-27T17:04:52+00:00\" \/>\n<meta property=\"og:image\" content=\"https:\/\/master.myweb-fm.com\/wp-content\/uploads\/2023\/11\/5cfeb130d4ac0f1f78d56355d280ebcfde68e3aa_126_09100801_main_view_1.jpg\" \/>\n\t<meta property=\"og:image:width\" content=\"2835\" \/>\n\t<meta property=\"og:image:height\" content=\"5403\" \/>\n\t<meta property=\"og:image:type\" content=\"image\/jpeg\" \/>\n<meta name=\"twitter:card\" content=\"summary_large_image\" \/>\n<script type=\"application\/ld+json\" class=\"yoast-schema-graph\">{\"@context\":\"https:\\\/\\\/schema.org\",\"@graph\":[{\"@type\":\"WebPage\",\"@id\":\"https:\\\/\\\/master.myweb-fm.com\\\/fr\\\/equipements\\\/sangle-de-securite-anti-traumatique-de-suspension\\\/\",\"url\":\"https:\\\/\\\/master.myweb-fm.com\\\/fr\\\/equipements\\\/sangle-de-securite-anti-traumatique-de-suspension\\\/\",\"name\":\"Sangle de s\u00e9curit\u00e9 anti-traumatique de suspension - Instance master - Old Unyc\",\"isPartOf\":{\"@id\":\"https:\\\/\\\/master.myweb-fm.com\\\/fr\\\/#website\"},\"primaryImageOfPage\":{\"@id\":\"https:\\\/\\\/master.myweb-fm.com\\\/fr\\\/equipements\\\/sangle-de-securite-anti-traumatique-de-suspension\\\/#primaryimage\"},\"image\":{\"@id\":\"https:\\\/\\\/master.myweb-fm.com\\\/fr\\\/equipements\\\/sangle-de-securite-anti-traumatique-de-suspension\\\/#primaryimage\"},\"thumbnailUrl\":\"https:\\\/\\\/master.myweb-fm.com\\\/wp-content\\\/uploads\\\/2023\\\/11\\\/5cfeb130d4ac0f1f78d56355d280ebcfde68e3aa_126_09100801_main_view_1.jpg\",\"datePublished\":\"2023-11-20T20:29:11+00:00\",\"dateModified\":\"2023-11-27T17:04:52+00:00\",\"breadcrumb\":{\"@id\":\"https:\\\/\\\/master.myweb-fm.com\\\/fr\\\/equipements\\\/sangle-de-securite-anti-traumatique-de-suspension\\\/#breadcrumb\"},\"inLanguage\":\"fr-FR\",\"potentialAction\":[{\"@type\":\"ReadAction\",\"target\":[\"https:\\\/\\\/master.myweb-fm.com\\\/fr\\\/equipements\\\/sangle-de-securite-anti-traumatique-de-suspension\\\/\"]}]},{\"@type\":\"ImageObject\",\"inLanguage\":\"fr-FR\",\"@id\":\"https:\\\/\\\/master.myweb-fm.com\\\/fr\\\/equipements\\\/sangle-de-securite-anti-traumatique-de-suspension\\\/#primaryimage\",\"url\":\"https:\\\/\\\/master.myweb-fm.com\\\/wp-content\\\/uploads\\\/2023\\\/11\\\/5cfeb130d4ac0f1f78d56355d280ebcfde68e3aa_126_09100801_main_view_1.jpg\",\"contentUrl\":\"https:\\\/\\\/master.myweb-fm.com\\\/wp-content\\\/uploads\\\/2023\\\/11\\\/5cfeb130d4ac0f1f78d56355d280ebcfde68e3aa_126_09100801_main_view_1.jpg\",\"width\":2835,\"height\":5403},{\"@type\":\"BreadcrumbList\",\"@id\":\"https:\\\/\\\/master.myweb-fm.com\\\/fr\\\/equipements\\\/sangle-de-securite-anti-traumatique-de-suspension\\\/#breadcrumb\",\"itemListElement\":[{\"@type\":\"ListItem\",\"position\":1,\"name\":\"Catalogue\",\"item\":\"https:\\\/\\\/master.myweb-fm.com\\\/fr\\\/catalogue\\\/\"},{\"@type\":\"ListItem\",\"position\":2,\"name\":\"Sangle de s\u00e9curit\u00e9 anti-traumatique de suspension\"}]},{\"@type\":\"WebSite\",\"@id\":\"https:\\\/\\\/master.myweb-fm.com\\\/fr\\\/#website\",\"url\":\"https:\\\/\\\/master.myweb-fm.com\\\/fr\\\/\",\"name\":\"Instance master - Old Unyc\",\"description\":\"Fr\u00e9n\u00e9hard &amp; Michaux\",\"potentialAction\":[{\"@type\":\"SearchAction\",\"target\":{\"@type\":\"EntryPoint\",\"urlTemplate\":\"https:\\\/\\\/master.myweb-fm.com\\\/fr\\\/?s={search_term_string}\"},\"query-input\":{\"@type\":\"PropertyValueSpecification\",\"valueRequired\":true,\"valueName\":\"search_term_string\"}}],\"inLanguage\":\"fr-FR\"}]}<\/script>\n<!-- \/ Yoast SEO plugin. -->","yoast_head_json":{"title":"Sangle de s\u00e9curit\u00e9 anti-traumatique de suspension - Instance master - Old Unyc","robots":{"index":"noindex","follow":"follow","max-snippet":"max-snippet:-1","max-image-preview":"max-image-preview:large","max-video-preview":"max-video-preview:-1"},"og_locale":"fr_FR","og_type":"article","og_title":"Sangle de s\u00e9curit\u00e9 anti-traumatique de suspension - Instance master - Old Unyc","og_description":"Le dispositif anti-traumatisme est form\u00e9 par deux housses zipp\u00e9es contenant une sangle et une bande d'union entre elles. Les sangles offrent un \u00e9trier au travailleur suspendu pour soutenir le poids de son corps en soulageant la pression au niveau des art\u00e8res et des veines du haut des jambes. Il n'entrave pas l'activit\u00e9 de l'utilisateur.","og_url":"https:\/\/master.myweb-fm.com\/fr\/equipements\/sangle-de-securite-anti-traumatique-de-suspension\/","og_site_name":"Instance master - Old Unyc","article_modified_time":"2023-11-27T17:04:52+00:00","og_image":[{"width":2835,"height":5403,"url":"https:\/\/master.myweb-fm.com\/wp-content\/uploads\/2023\/11\/5cfeb130d4ac0f1f78d56355d280ebcfde68e3aa_126_09100801_main_view_1.jpg","type":"image\/jpeg"}],"twitter_card":"summary_large_image","schema":{"@context":"https:\/\/schema.org","@graph":[{"@type":"WebPage","@id":"https:\/\/master.myweb-fm.com\/fr\/equipements\/sangle-de-securite-anti-traumatique-de-suspension\/","url":"https:\/\/master.myweb-fm.com\/fr\/equipements\/sangle-de-securite-anti-traumatique-de-suspension\/","name":"Sangle de s\u00e9curit\u00e9 anti-traumatique de suspension - Instance master - Old Unyc","isPartOf":{"@id":"https:\/\/master.myweb-fm.com\/fr\/#website"},"primaryImageOfPage":{"@id":"https:\/\/master.myweb-fm.com\/fr\/equipements\/sangle-de-securite-anti-traumatique-de-suspension\/#primaryimage"},"image":{"@id":"https:\/\/master.myweb-fm.com\/fr\/equipements\/sangle-de-securite-anti-traumatique-de-suspension\/#primaryimage"},"thumbnailUrl":"https:\/\/master.myweb-fm.com\/wp-content\/uploads\/2023\/11\/5cfeb130d4ac0f1f78d56355d280ebcfde68e3aa_126_09100801_main_view_1.jpg","datePublished":"2023-11-20T20:29:11+00:00","dateModified":"2023-11-27T17:04:52+00:00","breadcrumb":{"@id":"https:\/\/master.myweb-fm.com\/fr\/equipements\/sangle-de-securite-anti-traumatique-de-suspension\/#breadcrumb"},"inLanguage":"fr-FR","potentialAction":[{"@type":"ReadAction","target":["https:\/\/master.myweb-fm.com\/fr\/equipements\/sangle-de-securite-anti-traumatique-de-suspension\/"]}]},{"@type":"ImageObject","inLanguage":"fr-FR","@id":"https:\/\/master.myweb-fm.com\/fr\/equipements\/sangle-de-securite-anti-traumatique-de-suspension\/#primaryimage","url":"https:\/\/master.myweb-fm.com\/wp-content\/uploads\/2023\/11\/5cfeb130d4ac0f1f78d56355d280ebcfde68e3aa_126_09100801_main_view_1.jpg","contentUrl":"https:\/\/master.myweb-fm.com\/wp-content\/uploads\/2023\/11\/5cfeb130d4ac0f1f78d56355d280ebcfde68e3aa_126_09100801_main_view_1.jpg","width":2835,"height":5403},{"@type":"BreadcrumbList","@id":"https:\/\/master.myweb-fm.com\/fr\/equipements\/sangle-de-securite-anti-traumatique-de-suspension\/#breadcrumb","itemListElement":[{"@type":"ListItem","position":1,"name":"Catalogue","item":"https:\/\/master.myweb-fm.com\/fr\/catalogue\/"},{"@type":"ListItem","position":2,"name":"Sangle de s\u00e9curit\u00e9 anti-traumatique de suspension"}]},{"@type":"WebSite","@id":"https:\/\/master.myweb-fm.com\/fr\/#website","url":"https:\/\/master.myweb-fm.com\/fr\/","name":"Instance master - Old Unyc","description":"Fr\u00e9n\u00e9hard &amp; Michaux","potentialAction":[{"@type":"SearchAction","target":{"@type":"EntryPoint","urlTemplate":"https:\/\/master.myweb-fm.com\/fr\/?s={search_term_string}"},"query-input":{"@type":"PropertyValueSpecification","valueRequired":true,"valueName":"search_term_string"}}],"inLanguage":"fr-FR"}]}},"_links":{"self":[{"href":"https:\/\/master.myweb-fm.com\/fr\/wp-json\/wp\/v2\/product\/17045","targetHints":{"allow":["GET"]}}],"collection":[{"href":"https:\/\/master.myweb-fm.com\/fr\/wp-json\/wp\/v2\/product"}],"about":[{"href":"https:\/\/master.myweb-fm.com\/fr\/wp-json\/wp\/v2\/types\/product"}],"wp:featuredmedia":[{"embeddable":true,"href":"https:\/\/master.myweb-fm.com\/fr\/wp-json\/wp\/v2\/media\/13380"}],"wp:attachment":[{"href":"https:\/\/master.myweb-fm.com\/fr\/wp-json\/wp\/v2\/media?parent=17045"}],"wp:term":[{"taxonomy":"product_brand","embeddable":true,"href":"https:\/\/master.myweb-fm.com\/fr\/wp-json\/wp\/v2\/product_brand?post=17045"},{"taxonomy":"product_cat","embeddable":true,"href":"https:\/\/master.myweb-fm.com\/fr\/wp-json\/wp\/v2\/product_cat?post=17045"},{"taxonomy":"product_tag","embeddable":true,"href":"https:\/\/master.myweb-fm.com\/fr\/wp-json\/wp\/v2\/product_tag?post=17045"}],"curies":[{"name":"wp","href":"https:\/\/api.w.org\/{rel}","templated":true}]}}