{"id":17039,"date":"2023-11-20T21:27:45","date_gmt":"2023-11-20T20:27:45","guid":{"rendered":"https:\/\/master.myweb-fm.com\/non%20class\u00e9\/126-09100700\/"},"modified":"2023-11-27T17:52:50","modified_gmt":"2023-11-27T16:52:50","slug":"ligne-de-vie-horizontale-temporaire-20m-2-personnes","status":"publish","type":"product","link":"https:\/\/master.myweb-fm.com\/fr\/equipements\/ligne-de-vie-horizontale-temporaire-20m-2-personnes\/","title":{"rendered":"Ligne de vie horizontale temporaire 20M 2 personnes"},"content":{"rendered":"<ul>\n<li>Permet de s\u00e9curiser le d\u00e9placement horizontal sur une grande port\u00e9e : longueur de 20,00 m de 2 op\u00e9rateurs<\/li>\n<li>Fl\u00e8che maximum d&#8217;1,00 m<\/li>\n<li>Sangle polyester de largeur 35 mm avec 2 anneaux d\u2019ancrage de 1,00 m (capacit\u00e9 de charge : 22kN) et 2 connecteurs en aluminium rotatifs ouverture 20 mm afin de supprimer les formes acquises par la bande<\/li>\n<li> Charge de pause minimum : 20 kN <\/li>\n<li>Diam\u00e8tre d&#8217;ouverture \u00d8 19 mm <\/li>\n<li>\u00c9quip\u00e9e d\u2019un \u00e9l\u00e9ment d\u2019attache \u00e0 cliquet \u00e0 double verrou de s\u00e9curit\u00e9 et contr\u00f4le de la tension r\u00e9guli\u00e8re <\/li>\n<li>Sac PVC imperm\u00e9able inclu permettant: de ranger ais\u00e9ment le produit, de recueillir le surplus de sangle et de prot\u00e9ger les \u00e9l\u00e9ments d&#8217;arrimage et l&#8217;encliquetage contre les agents externes <\/li>\n<li>Mise en tension simple par le cliquet <\/li>\n<li>Usage ponctuel ; R\u00e9sistance statique \u00e0 la traction F&gt; 15kN <\/li>\n<li>R\u00e9sistance \u00e0 la rupture par traction statique F&gt; 50kN <\/li>\n<li>Comportement dynamique F&gt; 6kN (valeur enregistr\u00e9e en chute libre avec une masse de 100 kg) <\/li>\n<li>R\u00e9pond aux exigences de la norme EN 795 classe B et classe C (1 et 2 personnes peuvent l&#8217;utiliser en m\u00eame temps).<\/li>\n<\/ul>\n","protected":false},"excerpt":{"rendered":"<p>La ligne de vie temporaire est un dispositif d&#8217;ancrage horizontal incluant un support d&#8217;assurage flexible. Elle permet \u00e0 deux op\u00e9rateurs \u00e9quip\u00e9s de ses E.P.I. anti-chute de se d\u00e9placer horizontalement et simultan\u00e9ment sur une distance maximum de 20 m\u00e8tres, sans avoir besoin de se d\u00e9crocher. Elle doit \u00eatre fix\u00e9e au moyen de deux sangles d&#8217;ancrage (incluses), situ\u00e9es au m\u00eame niveau, sur la panne fa\u00eeti\u00e8re ou sur des fermes situ\u00e9es au plus pr\u00e8s du fa\u00eetage. Il fait partie des composants des syst\u00e8mes anti-chute. Cet outil est id\u00e9al et indispensable pour la r\u00e9alisation de certains travaux (toits, terrasses, ponts roulants, etc.)<\/p>\n","protected":false},"featured_media":13307,"template":"","meta":{"_acf_changed":false},"product_brand":[],"product_cat":[70117],"product_tag":[],"class_list":{"0":"post-17039","1":"product","2":"type-product","3":"status-publish","4":"has-post-thumbnail","6":"product_cat-equipements","7":"pa_abc_class-a","8":"pa_base_unit-ea","9":"pa_brand-unyc","10":"pa_e_com_product-no","11":"pa_edi_option-no","12":"pa_export_product-yes","13":"pa_g_range-70615","14":"pa_lifespan-15-ans","15":"pa_lock_code-70723","16":"pa_pack_instructions_level_1-no","17":"pa_pack_instructions_level_2-no","18":"pa_pack_instructions_level_3-no","19":"pa_pack_type_level_1-ct","20":"pa_pack_type_level_2-pf","21":"pa_pic_family-72283","22":"pa_product_origin-es","23":"pa_product_stored_at_manufactur-no","24":"pa_production_company-73381","25":"pa_sales_company-73501","26":"pa_sales_plan-c","27":"pa_sales_range-73669","28":"pa_short_designation-ligne-de-vie-horiz-temp-20m-2p","29":"pa_sigle-ce","30":"pa_standard-en_795","31":"pa_use-intensive","32":"pa_varied_weight-no","34":"first","35":"instock","36":"shipping-taxable","37":"purchasable","38":"product-type-simple"},"acf":[],"yoast_head":"<!-- This site is optimized with the Yoast SEO plugin v27.3 - https:\/\/yoast.com\/product\/yoast-seo-wordpress\/ -->\n<title>Ligne de vie horizontale temporaire 20M 2 personnes - Instance master - Old Unyc<\/title>\n<meta name=\"robots\" content=\"noindex, follow, max-snippet:-1, max-image-preview:large, max-video-preview:-1\" \/>\n<meta property=\"og:locale\" content=\"fr_FR\" \/>\n<meta property=\"og:type\" content=\"article\" \/>\n<meta property=\"og:title\" content=\"Ligne de vie horizontale temporaire 20M 2 personnes - Instance master - Old Unyc\" \/>\n<meta property=\"og:description\" content=\"La ligne de vie temporaire est un dispositif d&#039;ancrage horizontal incluant un support d&#039;assurage flexible. Elle permet \u00e0 deux op\u00e9rateurs \u00e9quip\u00e9s de ses E.P.I. anti-chute de se d\u00e9placer horizontalement et simultan\u00e9ment sur une distance maximum de 20 m\u00e8tres, sans avoir besoin de se d\u00e9crocher. Elle doit \u00eatre fix\u00e9e au moyen de deux sangles d&#039;ancrage (incluses), situ\u00e9es au m\u00eame niveau, sur la panne fa\u00eeti\u00e8re ou sur des fermes situ\u00e9es au plus pr\u00e8s du fa\u00eetage. Il fait partie des composants des syst\u00e8mes anti-chute. Cet outil est id\u00e9al et indispensable pour la r\u00e9alisation de certains travaux (toits, terrasses, ponts roulants, etc.)\" \/>\n<meta property=\"og:url\" content=\"https:\/\/master.myweb-fm.com\/fr\/equipements\/ligne-de-vie-horizontale-temporaire-20m-2-personnes\/\" \/>\n<meta property=\"og:site_name\" content=\"Instance master - Old Unyc\" \/>\n<meta property=\"article:modified_time\" content=\"2023-11-27T16:52:50+00:00\" \/>\n<meta property=\"og:image\" content=\"https:\/\/master.myweb-fm.com\/wp-content\/uploads\/2023\/11\/b8a2ec7a606598f379d2c957150cd64711491058_126_09100700_main_view.jpg\" \/>\n\t<meta property=\"og:image:width\" content=\"768\" \/>\n\t<meta property=\"og:image:height\" content=\"1024\" \/>\n\t<meta property=\"og:image:type\" content=\"image\/jpeg\" \/>\n<meta name=\"twitter:card\" content=\"summary_large_image\" \/>\n<meta name=\"twitter:label1\" content=\"Dur\u00e9e de lecture estim\u00e9e\" \/>\n\t<meta name=\"twitter:data1\" content=\"1 minute\" \/>\n<script type=\"application\/ld+json\" class=\"yoast-schema-graph\">{\"@context\":\"https:\\\/\\\/schema.org\",\"@graph\":[{\"@type\":\"WebPage\",\"@id\":\"https:\\\/\\\/master.myweb-fm.com\\\/fr\\\/equipements\\\/ligne-de-vie-horizontale-temporaire-20m-2-personnes\\\/\",\"url\":\"https:\\\/\\\/master.myweb-fm.com\\\/fr\\\/equipements\\\/ligne-de-vie-horizontale-temporaire-20m-2-personnes\\\/\",\"name\":\"Ligne de vie horizontale temporaire 20M 2 personnes - Instance master - Old Unyc\",\"isPartOf\":{\"@id\":\"https:\\\/\\\/master.myweb-fm.com\\\/fr\\\/#website\"},\"primaryImageOfPage\":{\"@id\":\"https:\\\/\\\/master.myweb-fm.com\\\/fr\\\/equipements\\\/ligne-de-vie-horizontale-temporaire-20m-2-personnes\\\/#primaryimage\"},\"image\":{\"@id\":\"https:\\\/\\\/master.myweb-fm.com\\\/fr\\\/equipements\\\/ligne-de-vie-horizontale-temporaire-20m-2-personnes\\\/#primaryimage\"},\"thumbnailUrl\":\"https:\\\/\\\/master.myweb-fm.com\\\/wp-content\\\/uploads\\\/2023\\\/11\\\/b8a2ec7a606598f379d2c957150cd64711491058_126_09100700_main_view.jpg\",\"datePublished\":\"2023-11-20T20:27:45+00:00\",\"dateModified\":\"2023-11-27T16:52:50+00:00\",\"breadcrumb\":{\"@id\":\"https:\\\/\\\/master.myweb-fm.com\\\/fr\\\/equipements\\\/ligne-de-vie-horizontale-temporaire-20m-2-personnes\\\/#breadcrumb\"},\"inLanguage\":\"fr-FR\",\"potentialAction\":[{\"@type\":\"ReadAction\",\"target\":[\"https:\\\/\\\/master.myweb-fm.com\\\/fr\\\/equipements\\\/ligne-de-vie-horizontale-temporaire-20m-2-personnes\\\/\"]}]},{\"@type\":\"ImageObject\",\"inLanguage\":\"fr-FR\",\"@id\":\"https:\\\/\\\/master.myweb-fm.com\\\/fr\\\/equipements\\\/ligne-de-vie-horizontale-temporaire-20m-2-personnes\\\/#primaryimage\",\"url\":\"https:\\\/\\\/master.myweb-fm.com\\\/wp-content\\\/uploads\\\/2023\\\/11\\\/b8a2ec7a606598f379d2c957150cd64711491058_126_09100700_main_view.jpg\",\"contentUrl\":\"https:\\\/\\\/master.myweb-fm.com\\\/wp-content\\\/uploads\\\/2023\\\/11\\\/b8a2ec7a606598f379d2c957150cd64711491058_126_09100700_main_view.jpg\",\"width\":2448,\"height\":3264},{\"@type\":\"BreadcrumbList\",\"@id\":\"https:\\\/\\\/master.myweb-fm.com\\\/fr\\\/equipements\\\/ligne-de-vie-horizontale-temporaire-20m-2-personnes\\\/#breadcrumb\",\"itemListElement\":[{\"@type\":\"ListItem\",\"position\":1,\"name\":\"Catalogue\",\"item\":\"https:\\\/\\\/master.myweb-fm.com\\\/fr\\\/catalogue\\\/\"},{\"@type\":\"ListItem\",\"position\":2,\"name\":\"Ligne de vie horizontale temporaire 20M 2 personnes\"}]},{\"@type\":\"WebSite\",\"@id\":\"https:\\\/\\\/master.myweb-fm.com\\\/fr\\\/#website\",\"url\":\"https:\\\/\\\/master.myweb-fm.com\\\/fr\\\/\",\"name\":\"Instance master - Old Unyc\",\"description\":\"Fr\u00e9n\u00e9hard &amp; Michaux\",\"potentialAction\":[{\"@type\":\"SearchAction\",\"target\":{\"@type\":\"EntryPoint\",\"urlTemplate\":\"https:\\\/\\\/master.myweb-fm.com\\\/fr\\\/?s={search_term_string}\"},\"query-input\":{\"@type\":\"PropertyValueSpecification\",\"valueRequired\":true,\"valueName\":\"search_term_string\"}}],\"inLanguage\":\"fr-FR\"}]}<\/script>\n<!-- \/ Yoast SEO plugin. -->","yoast_head_json":{"title":"Ligne de vie horizontale temporaire 20M 2 personnes - Instance master - Old Unyc","robots":{"index":"noindex","follow":"follow","max-snippet":"max-snippet:-1","max-image-preview":"max-image-preview:large","max-video-preview":"max-video-preview:-1"},"og_locale":"fr_FR","og_type":"article","og_title":"Ligne de vie horizontale temporaire 20M 2 personnes - Instance master - Old Unyc","og_description":"La ligne de vie temporaire est un dispositif d'ancrage horizontal incluant un support d'assurage flexible. Elle permet \u00e0 deux op\u00e9rateurs \u00e9quip\u00e9s de ses E.P.I. anti-chute de se d\u00e9placer horizontalement et simultan\u00e9ment sur une distance maximum de 20 m\u00e8tres, sans avoir besoin de se d\u00e9crocher. Elle doit \u00eatre fix\u00e9e au moyen de deux sangles d'ancrage (incluses), situ\u00e9es au m\u00eame niveau, sur la panne fa\u00eeti\u00e8re ou sur des fermes situ\u00e9es au plus pr\u00e8s du fa\u00eetage. Il fait partie des composants des syst\u00e8mes anti-chute. Cet outil est id\u00e9al et indispensable pour la r\u00e9alisation de certains travaux (toits, terrasses, ponts roulants, etc.)","og_url":"https:\/\/master.myweb-fm.com\/fr\/equipements\/ligne-de-vie-horizontale-temporaire-20m-2-personnes\/","og_site_name":"Instance master - Old Unyc","article_modified_time":"2023-11-27T16:52:50+00:00","og_image":[{"url":"https:\/\/master.myweb-fm.com\/wp-content\/uploads\/2023\/11\/b8a2ec7a606598f379d2c957150cd64711491058_126_09100700_main_view.jpg","width":768,"height":1024,"type":"image\/jpeg"}],"twitter_card":"summary_large_image","twitter_misc":{"Dur\u00e9e de lecture estim\u00e9e":"1 minute"},"schema":{"@context":"https:\/\/schema.org","@graph":[{"@type":"WebPage","@id":"https:\/\/master.myweb-fm.com\/fr\/equipements\/ligne-de-vie-horizontale-temporaire-20m-2-personnes\/","url":"https:\/\/master.myweb-fm.com\/fr\/equipements\/ligne-de-vie-horizontale-temporaire-20m-2-personnes\/","name":"Ligne de vie horizontale temporaire 20M 2 personnes - Instance master - Old Unyc","isPartOf":{"@id":"https:\/\/master.myweb-fm.com\/fr\/#website"},"primaryImageOfPage":{"@id":"https:\/\/master.myweb-fm.com\/fr\/equipements\/ligne-de-vie-horizontale-temporaire-20m-2-personnes\/#primaryimage"},"image":{"@id":"https:\/\/master.myweb-fm.com\/fr\/equipements\/ligne-de-vie-horizontale-temporaire-20m-2-personnes\/#primaryimage"},"thumbnailUrl":"https:\/\/master.myweb-fm.com\/wp-content\/uploads\/2023\/11\/b8a2ec7a606598f379d2c957150cd64711491058_126_09100700_main_view.jpg","datePublished":"2023-11-20T20:27:45+00:00","dateModified":"2023-11-27T16:52:50+00:00","breadcrumb":{"@id":"https:\/\/master.myweb-fm.com\/fr\/equipements\/ligne-de-vie-horizontale-temporaire-20m-2-personnes\/#breadcrumb"},"inLanguage":"fr-FR","potentialAction":[{"@type":"ReadAction","target":["https:\/\/master.myweb-fm.com\/fr\/equipements\/ligne-de-vie-horizontale-temporaire-20m-2-personnes\/"]}]},{"@type":"ImageObject","inLanguage":"fr-FR","@id":"https:\/\/master.myweb-fm.com\/fr\/equipements\/ligne-de-vie-horizontale-temporaire-20m-2-personnes\/#primaryimage","url":"https:\/\/master.myweb-fm.com\/wp-content\/uploads\/2023\/11\/b8a2ec7a606598f379d2c957150cd64711491058_126_09100700_main_view.jpg","contentUrl":"https:\/\/master.myweb-fm.com\/wp-content\/uploads\/2023\/11\/b8a2ec7a606598f379d2c957150cd64711491058_126_09100700_main_view.jpg","width":2448,"height":3264},{"@type":"BreadcrumbList","@id":"https:\/\/master.myweb-fm.com\/fr\/equipements\/ligne-de-vie-horizontale-temporaire-20m-2-personnes\/#breadcrumb","itemListElement":[{"@type":"ListItem","position":1,"name":"Catalogue","item":"https:\/\/master.myweb-fm.com\/fr\/catalogue\/"},{"@type":"ListItem","position":2,"name":"Ligne de vie horizontale temporaire 20M 2 personnes"}]},{"@type":"WebSite","@id":"https:\/\/master.myweb-fm.com\/fr\/#website","url":"https:\/\/master.myweb-fm.com\/fr\/","name":"Instance master - Old Unyc","description":"Fr\u00e9n\u00e9hard &amp; Michaux","potentialAction":[{"@type":"SearchAction","target":{"@type":"EntryPoint","urlTemplate":"https:\/\/master.myweb-fm.com\/fr\/?s={search_term_string}"},"query-input":{"@type":"PropertyValueSpecification","valueRequired":true,"valueName":"search_term_string"}}],"inLanguage":"fr-FR"}]}},"_links":{"self":[{"href":"https:\/\/master.myweb-fm.com\/fr\/wp-json\/wp\/v2\/product\/17039","targetHints":{"allow":["GET"]}}],"collection":[{"href":"https:\/\/master.myweb-fm.com\/fr\/wp-json\/wp\/v2\/product"}],"about":[{"href":"https:\/\/master.myweb-fm.com\/fr\/wp-json\/wp\/v2\/types\/product"}],"wp:featuredmedia":[{"embeddable":true,"href":"https:\/\/master.myweb-fm.com\/fr\/wp-json\/wp\/v2\/media\/13307"}],"wp:attachment":[{"href":"https:\/\/master.myweb-fm.com\/fr\/wp-json\/wp\/v2\/media?parent=17039"}],"wp:term":[{"taxonomy":"product_brand","embeddable":true,"href":"https:\/\/master.myweb-fm.com\/fr\/wp-json\/wp\/v2\/product_brand?post=17039"},{"taxonomy":"product_cat","embeddable":true,"href":"https:\/\/master.myweb-fm.com\/fr\/wp-json\/wp\/v2\/product_cat?post=17039"},{"taxonomy":"product_tag","embeddable":true,"href":"https:\/\/master.myweb-fm.com\/fr\/wp-json\/wp\/v2\/product_tag?post=17039"}],"curies":[{"name":"wp","href":"https:\/\/api.w.org\/{rel}","templated":true}]}}