{"id":17033,"date":"2023-11-20T21:27:10","date_gmt":"2023-11-20T20:27:10","guid":{"rendered":"https:\/\/master.myweb-fm.com\/non%20class\u00e9\/126-09100603\/"},"modified":"2023-11-27T18:03:50","modified_gmt":"2023-11-27T17:03:50","slug":"point-dancrage-metallique-12mm","status":"publish","type":"product","link":"https:\/\/master.myweb-fm.com\/fr\/equipements\/point-dancrage-metallique-12mm\/","title":{"rendered":"Point d&#8217;ancrage m\u00e9tallique 12mm"},"content":{"rendered":"<ul>\n<li>Point d\u2019ancrage mural acier inox compatible toutes zones (structures b\u00e9ton, bois et m\u00e9tal)<\/li>\n<li>Pour fixation unique \u00d8 12 mm pour un op\u00e9rateur <\/li>\n<li>Force de charge : 12 kN<\/li>\n<li>Forme permettant le bon positionnement du connecteur<\/li>\n<li>Simplicit\u00e9 de pose ; Conforme \u00e0 la norme EN 795 classe A<\/li>\n<\/ul>\n","protected":false},"excerpt":{"rendered":"<p>Le point d&#8217;ancrage mural est un dispositif simple et accessible en permanence pour s\u00e9curiser une intervention ponctuelle d&#8217;un op\u00e9rateur. Peut s&#8217;installer sur des structures en b\u00e9ton, en bois en m\u00e9tal. Le trou pour la fixation de l&#8217;ancrage \u00e0 un diam\u00e8tre de 12,00 mm. Il fait partie des composants des syst\u00e8mes anti-chute.<\/p>\n","protected":false},"featured_media":13258,"template":"","meta":{"_acf_changed":false},"product_brand":[],"product_cat":[70117],"product_tag":[],"class_list":{"0":"post-17033","1":"product","2":"type-product","3":"status-publish","4":"has-post-thumbnail","6":"product_cat-equipements","7":"pa_abc_class-b","8":"pa_base_unit-ea","9":"pa_brand-unyc","10":"pa_e_com_product-no","11":"pa_edi_option-no","12":"pa_export_product-yes","13":"pa_g_range-70615","14":"pa_lifespan-illimite","15":"pa_lock_code-70723","16":"pa_pack_instructions_level_1-no","17":"pa_pack_instructions_level_2-no","18":"pa_pack_instructions_level_3-no","19":"pa_pack_type_level_1-sca","20":"pa_pic_family-72283","21":"pa_product_origin-es","22":"pa_product_stored_at_manufactur-no","23":"pa_production_company-73381","24":"pa_sales_company-73501","25":"pa_sales_plan-c","26":"pa_sales_range-73669","27":"pa_short_designation-point-dancrage-metal-12mm","28":"pa_sigle-ce","29":"pa_standard-en_795","30":"pa_use-intensive","31":"pa_varied_weight-no","33":"first","34":"instock","35":"shipping-taxable","36":"purchasable","37":"product-type-simple"},"acf":[],"yoast_head":"<!-- This site is optimized with the Yoast SEO plugin v27.3 - https:\/\/yoast.com\/product\/yoast-seo-wordpress\/ -->\n<title>Point d&#039;ancrage m\u00e9tallique 12mm - Instance master - Old Unyc<\/title>\n<meta name=\"robots\" content=\"noindex, follow, max-snippet:-1, max-image-preview:large, max-video-preview:-1\" \/>\n<meta property=\"og:locale\" content=\"fr_FR\" \/>\n<meta property=\"og:type\" content=\"article\" \/>\n<meta property=\"og:title\" content=\"Point d&#039;ancrage m\u00e9tallique 12mm - Instance master - Old Unyc\" \/>\n<meta property=\"og:description\" content=\"Le point d&#039;ancrage mural est un dispositif simple et accessible en permanence pour s\u00e9curiser une intervention ponctuelle d&#039;un op\u00e9rateur. Peut s&#039;installer sur des structures en b\u00e9ton, en bois en m\u00e9tal. Le trou pour la fixation de l&#039;ancrage \u00e0 un diam\u00e8tre de 12,00 mm. Il fait partie des composants des syst\u00e8mes anti-chute.\" \/>\n<meta property=\"og:url\" content=\"https:\/\/master.myweb-fm.com\/fr\/equipements\/point-dancrage-metallique-12mm\/\" \/>\n<meta property=\"og:site_name\" content=\"Instance master - Old Unyc\" \/>\n<meta property=\"article:modified_time\" content=\"2023-11-27T17:03:50+00:00\" \/>\n<meta property=\"og:image\" content=\"https:\/\/master.myweb-fm.com\/wp-content\/uploads\/2023\/11\/9b82475a22320aadeed61f38f271e345c2f532dc_126_09100603_main_view.jpg\" \/>\n\t<meta property=\"og:image:width\" content=\"2480\" \/>\n\t<meta property=\"og:image:height\" content=\"3508\" \/>\n\t<meta property=\"og:image:type\" content=\"image\/jpeg\" \/>\n<meta name=\"twitter:card\" content=\"summary_large_image\" \/>\n<script type=\"application\/ld+json\" class=\"yoast-schema-graph\">{\"@context\":\"https:\\\/\\\/schema.org\",\"@graph\":[{\"@type\":\"WebPage\",\"@id\":\"https:\\\/\\\/master.myweb-fm.com\\\/fr\\\/equipements\\\/point-dancrage-metallique-12mm\\\/\",\"url\":\"https:\\\/\\\/master.myweb-fm.com\\\/fr\\\/equipements\\\/point-dancrage-metallique-12mm\\\/\",\"name\":\"Point d'ancrage m\u00e9tallique 12mm - Instance master - Old Unyc\",\"isPartOf\":{\"@id\":\"https:\\\/\\\/master.myweb-fm.com\\\/fr\\\/#website\"},\"primaryImageOfPage\":{\"@id\":\"https:\\\/\\\/master.myweb-fm.com\\\/fr\\\/equipements\\\/point-dancrage-metallique-12mm\\\/#primaryimage\"},\"image\":{\"@id\":\"https:\\\/\\\/master.myweb-fm.com\\\/fr\\\/equipements\\\/point-dancrage-metallique-12mm\\\/#primaryimage\"},\"thumbnailUrl\":\"https:\\\/\\\/master.myweb-fm.com\\\/wp-content\\\/uploads\\\/2023\\\/11\\\/9b82475a22320aadeed61f38f271e345c2f532dc_126_09100603_main_view.jpg\",\"datePublished\":\"2023-11-20T20:27:10+00:00\",\"dateModified\":\"2023-11-27T17:03:50+00:00\",\"breadcrumb\":{\"@id\":\"https:\\\/\\\/master.myweb-fm.com\\\/fr\\\/equipements\\\/point-dancrage-metallique-12mm\\\/#breadcrumb\"},\"inLanguage\":\"fr-FR\",\"potentialAction\":[{\"@type\":\"ReadAction\",\"target\":[\"https:\\\/\\\/master.myweb-fm.com\\\/fr\\\/equipements\\\/point-dancrage-metallique-12mm\\\/\"]}]},{\"@type\":\"ImageObject\",\"inLanguage\":\"fr-FR\",\"@id\":\"https:\\\/\\\/master.myweb-fm.com\\\/fr\\\/equipements\\\/point-dancrage-metallique-12mm\\\/#primaryimage\",\"url\":\"https:\\\/\\\/master.myweb-fm.com\\\/wp-content\\\/uploads\\\/2023\\\/11\\\/9b82475a22320aadeed61f38f271e345c2f532dc_126_09100603_main_view.jpg\",\"contentUrl\":\"https:\\\/\\\/master.myweb-fm.com\\\/wp-content\\\/uploads\\\/2023\\\/11\\\/9b82475a22320aadeed61f38f271e345c2f532dc_126_09100603_main_view.jpg\",\"width\":2480,\"height\":3508},{\"@type\":\"BreadcrumbList\",\"@id\":\"https:\\\/\\\/master.myweb-fm.com\\\/fr\\\/equipements\\\/point-dancrage-metallique-12mm\\\/#breadcrumb\",\"itemListElement\":[{\"@type\":\"ListItem\",\"position\":1,\"name\":\"Catalogue\",\"item\":\"https:\\\/\\\/master.myweb-fm.com\\\/fr\\\/catalogue\\\/\"},{\"@type\":\"ListItem\",\"position\":2,\"name\":\"Point d&#8217;ancrage m\u00e9tallique 12mm\"}]},{\"@type\":\"WebSite\",\"@id\":\"https:\\\/\\\/master.myweb-fm.com\\\/fr\\\/#website\",\"url\":\"https:\\\/\\\/master.myweb-fm.com\\\/fr\\\/\",\"name\":\"Instance master - Old Unyc\",\"description\":\"Fr\u00e9n\u00e9hard &amp; Michaux\",\"potentialAction\":[{\"@type\":\"SearchAction\",\"target\":{\"@type\":\"EntryPoint\",\"urlTemplate\":\"https:\\\/\\\/master.myweb-fm.com\\\/fr\\\/?s={search_term_string}\"},\"query-input\":{\"@type\":\"PropertyValueSpecification\",\"valueRequired\":true,\"valueName\":\"search_term_string\"}}],\"inLanguage\":\"fr-FR\"}]}<\/script>\n<!-- \/ Yoast SEO plugin. -->","yoast_head_json":{"title":"Point d'ancrage m\u00e9tallique 12mm - Instance master - Old Unyc","robots":{"index":"noindex","follow":"follow","max-snippet":"max-snippet:-1","max-image-preview":"max-image-preview:large","max-video-preview":"max-video-preview:-1"},"og_locale":"fr_FR","og_type":"article","og_title":"Point d'ancrage m\u00e9tallique 12mm - Instance master - Old Unyc","og_description":"Le point d'ancrage mural est un dispositif simple et accessible en permanence pour s\u00e9curiser une intervention ponctuelle d'un op\u00e9rateur. Peut s'installer sur des structures en b\u00e9ton, en bois en m\u00e9tal. Le trou pour la fixation de l'ancrage \u00e0 un diam\u00e8tre de 12,00 mm. Il fait partie des composants des syst\u00e8mes anti-chute.","og_url":"https:\/\/master.myweb-fm.com\/fr\/equipements\/point-dancrage-metallique-12mm\/","og_site_name":"Instance master - Old Unyc","article_modified_time":"2023-11-27T17:03:50+00:00","og_image":[{"width":2480,"height":3508,"url":"https:\/\/master.myweb-fm.com\/wp-content\/uploads\/2023\/11\/9b82475a22320aadeed61f38f271e345c2f532dc_126_09100603_main_view.jpg","type":"image\/jpeg"}],"twitter_card":"summary_large_image","schema":{"@context":"https:\/\/schema.org","@graph":[{"@type":"WebPage","@id":"https:\/\/master.myweb-fm.com\/fr\/equipements\/point-dancrage-metallique-12mm\/","url":"https:\/\/master.myweb-fm.com\/fr\/equipements\/point-dancrage-metallique-12mm\/","name":"Point d'ancrage m\u00e9tallique 12mm - Instance master - Old Unyc","isPartOf":{"@id":"https:\/\/master.myweb-fm.com\/fr\/#website"},"primaryImageOfPage":{"@id":"https:\/\/master.myweb-fm.com\/fr\/equipements\/point-dancrage-metallique-12mm\/#primaryimage"},"image":{"@id":"https:\/\/master.myweb-fm.com\/fr\/equipements\/point-dancrage-metallique-12mm\/#primaryimage"},"thumbnailUrl":"https:\/\/master.myweb-fm.com\/wp-content\/uploads\/2023\/11\/9b82475a22320aadeed61f38f271e345c2f532dc_126_09100603_main_view.jpg","datePublished":"2023-11-20T20:27:10+00:00","dateModified":"2023-11-27T17:03:50+00:00","breadcrumb":{"@id":"https:\/\/master.myweb-fm.com\/fr\/equipements\/point-dancrage-metallique-12mm\/#breadcrumb"},"inLanguage":"fr-FR","potentialAction":[{"@type":"ReadAction","target":["https:\/\/master.myweb-fm.com\/fr\/equipements\/point-dancrage-metallique-12mm\/"]}]},{"@type":"ImageObject","inLanguage":"fr-FR","@id":"https:\/\/master.myweb-fm.com\/fr\/equipements\/point-dancrage-metallique-12mm\/#primaryimage","url":"https:\/\/master.myweb-fm.com\/wp-content\/uploads\/2023\/11\/9b82475a22320aadeed61f38f271e345c2f532dc_126_09100603_main_view.jpg","contentUrl":"https:\/\/master.myweb-fm.com\/wp-content\/uploads\/2023\/11\/9b82475a22320aadeed61f38f271e345c2f532dc_126_09100603_main_view.jpg","width":2480,"height":3508},{"@type":"BreadcrumbList","@id":"https:\/\/master.myweb-fm.com\/fr\/equipements\/point-dancrage-metallique-12mm\/#breadcrumb","itemListElement":[{"@type":"ListItem","position":1,"name":"Catalogue","item":"https:\/\/master.myweb-fm.com\/fr\/catalogue\/"},{"@type":"ListItem","position":2,"name":"Point d&#8217;ancrage m\u00e9tallique 12mm"}]},{"@type":"WebSite","@id":"https:\/\/master.myweb-fm.com\/fr\/#website","url":"https:\/\/master.myweb-fm.com\/fr\/","name":"Instance master - Old Unyc","description":"Fr\u00e9n\u00e9hard &amp; Michaux","potentialAction":[{"@type":"SearchAction","target":{"@type":"EntryPoint","urlTemplate":"https:\/\/master.myweb-fm.com\/fr\/?s={search_term_string}"},"query-input":{"@type":"PropertyValueSpecification","valueRequired":true,"valueName":"search_term_string"}}],"inLanguage":"fr-FR"}]}},"_links":{"self":[{"href":"https:\/\/master.myweb-fm.com\/fr\/wp-json\/wp\/v2\/product\/17033","targetHints":{"allow":["GET"]}}],"collection":[{"href":"https:\/\/master.myweb-fm.com\/fr\/wp-json\/wp\/v2\/product"}],"about":[{"href":"https:\/\/master.myweb-fm.com\/fr\/wp-json\/wp\/v2\/types\/product"}],"wp:featuredmedia":[{"embeddable":true,"href":"https:\/\/master.myweb-fm.com\/fr\/wp-json\/wp\/v2\/media\/13258"}],"wp:attachment":[{"href":"https:\/\/master.myweb-fm.com\/fr\/wp-json\/wp\/v2\/media?parent=17033"}],"wp:term":[{"taxonomy":"product_brand","embeddable":true,"href":"https:\/\/master.myweb-fm.com\/fr\/wp-json\/wp\/v2\/product_brand?post=17033"},{"taxonomy":"product_cat","embeddable":true,"href":"https:\/\/master.myweb-fm.com\/fr\/wp-json\/wp\/v2\/product_cat?post=17033"},{"taxonomy":"product_tag","embeddable":true,"href":"https:\/\/master.myweb-fm.com\/fr\/wp-json\/wp\/v2\/product_tag?post=17033"}],"curies":[{"name":"wp","href":"https:\/\/api.w.org\/{rel}","templated":true}]}}