{"id":17027,"date":"2023-11-20T21:26:35","date_gmt":"2023-11-20T20:26:35","guid":{"rendered":"https:\/\/master.myweb-fm.com\/non%20class\u00e9\/126-09100516\/"},"modified":"2023-11-21T16:39:09","modified_gmt":"2023-11-21T15:39:09","slug":"mousqueton-acier-16-mm-double-actions","status":"publish","type":"product","link":"https:\/\/master.myweb-fm.com\/fr\/equipements\/mousqueton-acier-16-mm-double-actions\/","title":{"rendered":"Mousqueton acier 16 mm double actions"},"content":{"rendered":"<ul>\n<li>Mousqueton \u00e0 vis en acier \u00d8 ouverture 16 mm<\/li>\n<li>Double action : fermeture automatique par l&#8217;action du ressort et verouillage manuel au moyen d&#8217;un \u00e9crou cylindrique<\/li>\n<li>Ce syst\u00e8me emp\u00eache totalement le d\u00e9verouillage involontaire ou accidentel du mousqueton<\/li>\n<li>Tous les composants du mousqueton (corps, pi\u00e8ce de verouillage, \u00e9crou, ressort, cliquets et \u00e9pingles) sont en acier de haute r\u00e9sistance m\u00e9canique<\/li>\n<\/ul>\n","protected":false},"excerpt":{"rendered":"<p>Le mousqueton acier ouverture 16 mm \u00e0 un syst\u00e8me de verrouillage double action (fermeture automatique par l&#8217;action du ressort et verouillage manuel au moyen d&#8217;un \u00e9crou cylindrique) qui rend le d\u00e9verouillage involontaire ou accidentel impossible. Le mousqueton est un composant indispensable d&#8217;un syst\u00e8me d&#8217;arr\u00eat de chute. Il est con\u00e7u pour \u00eatre utilis\u00e9 comme connexion entre les diff\u00e9rents composants du syst\u00e8me ou pour connecter les diff\u00e9rents composants au point d&#8217;ancrage de la structure de travail.<\/p>\n","protected":false},"featured_media":13107,"template":"","meta":{"_acf_changed":false},"product_brand":[],"product_cat":[70117],"product_tag":[],"class_list":{"0":"post-17027","1":"product","2":"type-product","3":"status-publish","4":"has-post-thumbnail","6":"product_cat-equipements","7":"pa_abc_class-a","8":"pa_base_unit-ea","9":"pa_brand-unyc","10":"pa_e_com_product-no","11":"pa_edi_option-no","12":"pa_export_product-yes","13":"pa_g_range-70615","14":"pa_lifespan-illimite","15":"pa_lock_code-70723","16":"pa_pack_instructions_level_1-no","17":"pa_pack_instructions_level_2-no","18":"pa_pack_instructions_level_3-no","19":"pa_pack_type_level_1-ct","20":"pa_pack_type_level_2-pf","21":"pa_pic_family-72283","22":"pa_product_origin-es","23":"pa_product_stored_at_manufactur-no","24":"pa_production_company-73381","25":"pa_sales_company-73501","26":"pa_sales_plan-c","27":"pa_sales_range-73669","28":"pa_short_designation-mousqueton-acier-16-mm","29":"pa_sigle-ce","30":"pa_standard-en_362","31":"pa_use-intensive","32":"pa_varied_weight-no","34":"first","35":"instock","36":"shipping-taxable","37":"purchasable","38":"product-type-simple"},"acf":[],"yoast_head":"<!-- This site is optimized with the Yoast SEO plugin v27.3 - https:\/\/yoast.com\/product\/yoast-seo-wordpress\/ -->\n<title>Mousqueton acier 16 mm double actions - Instance master - Old Unyc<\/title>\n<meta name=\"robots\" content=\"noindex, follow, max-snippet:-1, max-image-preview:large, max-video-preview:-1\" \/>\n<meta property=\"og:locale\" content=\"fr_FR\" \/>\n<meta property=\"og:type\" content=\"article\" \/>\n<meta property=\"og:title\" content=\"Mousqueton acier 16 mm double actions - Instance master - Old Unyc\" \/>\n<meta property=\"og:description\" content=\"Le mousqueton acier ouverture 16 mm \u00e0 un syst\u00e8me de verrouillage double action (fermeture automatique par l&#039;action du ressort et verouillage manuel au moyen d&#039;un \u00e9crou cylindrique) qui rend le d\u00e9verouillage involontaire ou accidentel impossible. Le mousqueton est un composant indispensable d&#039;un syst\u00e8me d&#039;arr\u00eat de chute. Il est con\u00e7u pour \u00eatre utilis\u00e9 comme connexion entre les diff\u00e9rents composants du syst\u00e8me ou pour connecter les diff\u00e9rents composants au point d&#039;ancrage de la structure de travail.\" \/>\n<meta property=\"og:url\" content=\"https:\/\/master.myweb-fm.com\/fr\/equipements\/mousqueton-acier-16-mm-double-actions\/\" \/>\n<meta property=\"og:site_name\" content=\"Instance master - Old Unyc\" \/>\n<meta property=\"article:modified_time\" content=\"2023-11-21T15:39:09+00:00\" \/>\n<meta property=\"og:image\" content=\"https:\/\/master.myweb-fm.com\/wp-content\/uploads\/2023\/11\/642f8d117c70af8f0b4f7dd27b33e9b1dbd37617_126_09100516_main_view.jpg\" \/>\n\t<meta property=\"og:image:width\" content=\"768\" \/>\n\t<meta property=\"og:image:height\" content=\"1024\" \/>\n\t<meta property=\"og:image:type\" content=\"image\/jpeg\" \/>\n<meta name=\"twitter:card\" content=\"summary_large_image\" \/>\n<script type=\"application\/ld+json\" class=\"yoast-schema-graph\">{\"@context\":\"https:\\\/\\\/schema.org\",\"@graph\":[{\"@type\":\"WebPage\",\"@id\":\"https:\\\/\\\/master.myweb-fm.com\\\/fr\\\/equipements\\\/mousqueton-acier-16-mm-double-actions\\\/\",\"url\":\"https:\\\/\\\/master.myweb-fm.com\\\/fr\\\/equipements\\\/mousqueton-acier-16-mm-double-actions\\\/\",\"name\":\"Mousqueton acier 16 mm double actions - Instance master - Old Unyc\",\"isPartOf\":{\"@id\":\"https:\\\/\\\/master.myweb-fm.com\\\/fr\\\/#website\"},\"primaryImageOfPage\":{\"@id\":\"https:\\\/\\\/master.myweb-fm.com\\\/fr\\\/equipements\\\/mousqueton-acier-16-mm-double-actions\\\/#primaryimage\"},\"image\":{\"@id\":\"https:\\\/\\\/master.myweb-fm.com\\\/fr\\\/equipements\\\/mousqueton-acier-16-mm-double-actions\\\/#primaryimage\"},\"thumbnailUrl\":\"https:\\\/\\\/master.myweb-fm.com\\\/wp-content\\\/uploads\\\/2023\\\/11\\\/642f8d117c70af8f0b4f7dd27b33e9b1dbd37617_126_09100516_main_view.jpg\",\"datePublished\":\"2023-11-20T20:26:35+00:00\",\"dateModified\":\"2023-11-21T15:39:09+00:00\",\"breadcrumb\":{\"@id\":\"https:\\\/\\\/master.myweb-fm.com\\\/fr\\\/equipements\\\/mousqueton-acier-16-mm-double-actions\\\/#breadcrumb\"},\"inLanguage\":\"fr-FR\",\"potentialAction\":[{\"@type\":\"ReadAction\",\"target\":[\"https:\\\/\\\/master.myweb-fm.com\\\/fr\\\/equipements\\\/mousqueton-acier-16-mm-double-actions\\\/\"]}]},{\"@type\":\"ImageObject\",\"inLanguage\":\"fr-FR\",\"@id\":\"https:\\\/\\\/master.myweb-fm.com\\\/fr\\\/equipements\\\/mousqueton-acier-16-mm-double-actions\\\/#primaryimage\",\"url\":\"https:\\\/\\\/master.myweb-fm.com\\\/wp-content\\\/uploads\\\/2023\\\/11\\\/642f8d117c70af8f0b4f7dd27b33e9b1dbd37617_126_09100516_main_view.jpg\",\"contentUrl\":\"https:\\\/\\\/master.myweb-fm.com\\\/wp-content\\\/uploads\\\/2023\\\/11\\\/642f8d117c70af8f0b4f7dd27b33e9b1dbd37617_126_09100516_main_view.jpg\",\"width\":2448,\"height\":3264},{\"@type\":\"BreadcrumbList\",\"@id\":\"https:\\\/\\\/master.myweb-fm.com\\\/fr\\\/equipements\\\/mousqueton-acier-16-mm-double-actions\\\/#breadcrumb\",\"itemListElement\":[{\"@type\":\"ListItem\",\"position\":1,\"name\":\"Catalogue\",\"item\":\"https:\\\/\\\/master.myweb-fm.com\\\/fr\\\/catalogue\\\/\"},{\"@type\":\"ListItem\",\"position\":2,\"name\":\"Mousqueton acier 16 mm double actions\"}]},{\"@type\":\"WebSite\",\"@id\":\"https:\\\/\\\/master.myweb-fm.com\\\/fr\\\/#website\",\"url\":\"https:\\\/\\\/master.myweb-fm.com\\\/fr\\\/\",\"name\":\"Instance master - Old Unyc\",\"description\":\"Fr\u00e9n\u00e9hard &amp; Michaux\",\"potentialAction\":[{\"@type\":\"SearchAction\",\"target\":{\"@type\":\"EntryPoint\",\"urlTemplate\":\"https:\\\/\\\/master.myweb-fm.com\\\/fr\\\/?s={search_term_string}\"},\"query-input\":{\"@type\":\"PropertyValueSpecification\",\"valueRequired\":true,\"valueName\":\"search_term_string\"}}],\"inLanguage\":\"fr-FR\"}]}<\/script>\n<!-- \/ Yoast SEO plugin. -->","yoast_head_json":{"title":"Mousqueton acier 16 mm double actions - Instance master - Old Unyc","robots":{"index":"noindex","follow":"follow","max-snippet":"max-snippet:-1","max-image-preview":"max-image-preview:large","max-video-preview":"max-video-preview:-1"},"og_locale":"fr_FR","og_type":"article","og_title":"Mousqueton acier 16 mm double actions - Instance master - Old Unyc","og_description":"Le mousqueton acier ouverture 16 mm \u00e0 un syst\u00e8me de verrouillage double action (fermeture automatique par l'action du ressort et verouillage manuel au moyen d'un \u00e9crou cylindrique) qui rend le d\u00e9verouillage involontaire ou accidentel impossible. Le mousqueton est un composant indispensable d'un syst\u00e8me d'arr\u00eat de chute. Il est con\u00e7u pour \u00eatre utilis\u00e9 comme connexion entre les diff\u00e9rents composants du syst\u00e8me ou pour connecter les diff\u00e9rents composants au point d'ancrage de la structure de travail.","og_url":"https:\/\/master.myweb-fm.com\/fr\/equipements\/mousqueton-acier-16-mm-double-actions\/","og_site_name":"Instance master - Old Unyc","article_modified_time":"2023-11-21T15:39:09+00:00","og_image":[{"url":"https:\/\/master.myweb-fm.com\/wp-content\/uploads\/2023\/11\/642f8d117c70af8f0b4f7dd27b33e9b1dbd37617_126_09100516_main_view.jpg","width":768,"height":1024,"type":"image\/jpeg"}],"twitter_card":"summary_large_image","schema":{"@context":"https:\/\/schema.org","@graph":[{"@type":"WebPage","@id":"https:\/\/master.myweb-fm.com\/fr\/equipements\/mousqueton-acier-16-mm-double-actions\/","url":"https:\/\/master.myweb-fm.com\/fr\/equipements\/mousqueton-acier-16-mm-double-actions\/","name":"Mousqueton acier 16 mm double actions - Instance master - Old Unyc","isPartOf":{"@id":"https:\/\/master.myweb-fm.com\/fr\/#website"},"primaryImageOfPage":{"@id":"https:\/\/master.myweb-fm.com\/fr\/equipements\/mousqueton-acier-16-mm-double-actions\/#primaryimage"},"image":{"@id":"https:\/\/master.myweb-fm.com\/fr\/equipements\/mousqueton-acier-16-mm-double-actions\/#primaryimage"},"thumbnailUrl":"https:\/\/master.myweb-fm.com\/wp-content\/uploads\/2023\/11\/642f8d117c70af8f0b4f7dd27b33e9b1dbd37617_126_09100516_main_view.jpg","datePublished":"2023-11-20T20:26:35+00:00","dateModified":"2023-11-21T15:39:09+00:00","breadcrumb":{"@id":"https:\/\/master.myweb-fm.com\/fr\/equipements\/mousqueton-acier-16-mm-double-actions\/#breadcrumb"},"inLanguage":"fr-FR","potentialAction":[{"@type":"ReadAction","target":["https:\/\/master.myweb-fm.com\/fr\/equipements\/mousqueton-acier-16-mm-double-actions\/"]}]},{"@type":"ImageObject","inLanguage":"fr-FR","@id":"https:\/\/master.myweb-fm.com\/fr\/equipements\/mousqueton-acier-16-mm-double-actions\/#primaryimage","url":"https:\/\/master.myweb-fm.com\/wp-content\/uploads\/2023\/11\/642f8d117c70af8f0b4f7dd27b33e9b1dbd37617_126_09100516_main_view.jpg","contentUrl":"https:\/\/master.myweb-fm.com\/wp-content\/uploads\/2023\/11\/642f8d117c70af8f0b4f7dd27b33e9b1dbd37617_126_09100516_main_view.jpg","width":2448,"height":3264},{"@type":"BreadcrumbList","@id":"https:\/\/master.myweb-fm.com\/fr\/equipements\/mousqueton-acier-16-mm-double-actions\/#breadcrumb","itemListElement":[{"@type":"ListItem","position":1,"name":"Catalogue","item":"https:\/\/master.myweb-fm.com\/fr\/catalogue\/"},{"@type":"ListItem","position":2,"name":"Mousqueton acier 16 mm double actions"}]},{"@type":"WebSite","@id":"https:\/\/master.myweb-fm.com\/fr\/#website","url":"https:\/\/master.myweb-fm.com\/fr\/","name":"Instance master - Old Unyc","description":"Fr\u00e9n\u00e9hard &amp; Michaux","potentialAction":[{"@type":"SearchAction","target":{"@type":"EntryPoint","urlTemplate":"https:\/\/master.myweb-fm.com\/fr\/?s={search_term_string}"},"query-input":{"@type":"PropertyValueSpecification","valueRequired":true,"valueName":"search_term_string"}}],"inLanguage":"fr-FR"}]}},"_links":{"self":[{"href":"https:\/\/master.myweb-fm.com\/fr\/wp-json\/wp\/v2\/product\/17027","targetHints":{"allow":["GET"]}}],"collection":[{"href":"https:\/\/master.myweb-fm.com\/fr\/wp-json\/wp\/v2\/product"}],"about":[{"href":"https:\/\/master.myweb-fm.com\/fr\/wp-json\/wp\/v2\/types\/product"}],"wp:featuredmedia":[{"embeddable":true,"href":"https:\/\/master.myweb-fm.com\/fr\/wp-json\/wp\/v2\/media\/13107"}],"wp:attachment":[{"href":"https:\/\/master.myweb-fm.com\/fr\/wp-json\/wp\/v2\/media?parent=17027"}],"wp:term":[{"taxonomy":"product_brand","embeddable":true,"href":"https:\/\/master.myweb-fm.com\/fr\/wp-json\/wp\/v2\/product_brand?post=17027"},{"taxonomy":"product_cat","embeddable":true,"href":"https:\/\/master.myweb-fm.com\/fr\/wp-json\/wp\/v2\/product_cat?post=17027"},{"taxonomy":"product_tag","embeddable":true,"href":"https:\/\/master.myweb-fm.com\/fr\/wp-json\/wp\/v2\/product_tag?post=17027"}],"curies":[{"name":"wp","href":"https:\/\/api.w.org\/{rel}","templated":true}]}}