{"id":17021,"date":"2023-11-20T21:25:58","date_gmt":"2023-11-20T20:25:58","guid":{"rendered":"https:\/\/master.myweb-fm.com\/non%20class\u00e9\/126-09100442\/"},"modified":"2023-11-21T16:38:54","modified_gmt":"2023-11-21T15:38:54","slug":"longe-double-elastique-avec-absorbeur","status":"publish","type":"product","link":"https:\/\/master.myweb-fm.com\/fr\/equipements\/longe-double-elastique-avec-absorbeur\/","title":{"rendered":"Longe double \u00e9lastique avec absorbeur"},"content":{"rendered":"<ul>\n<li>Longes r\u00e9tractables anti-chute permettant de faciliter les d\u00e9placements<\/li>\n<li> Longueur r\u00e9tract\u00e9e 1,35 m et longueur allong\u00e9e 1,70 m (connecteurs inclus)<\/li>\n<li>\u00c9quip\u00e9es d\u2019un absorbeur d\u2019\u00e9nergie pour r\u00e9duire la force de choc en cas de chute<\/li>\n<li>Connecteurs du point d\u2019ancrage \u00d8 54 mm \u00e0 fermeture automatique, charge maximale 22kN<\/li>\n<li>Connecteurs du harnais \u00d8 18 mm \u00e0 fermeture automatique, charge maximale 22kN<\/li>\n<li>Permet de s&#8217;utiliser sur structure \u00e9paisse ; Sangle de 40 mm<\/li>\n<\/ul>\n","protected":false},"excerpt":{"rendered":"<p>Pr\u00eate \u00e0 \u00eatre utilis\u00e9e, cette longe double \u00e9lastique anti-chute est \u00e9quip\u00e9e d&#8217;un absorbeur d&#8217;\u00e9nergie r\u00e9duisant la force de choc suite \u00e0 une chute en hauteur et de deux connecteurs int\u00e9gr\u00e9s. Elle s&#8217;allonge et se r\u00e9tracte garantissant ainsi le confort \u00e0 l&#8217;utilisateur lors de ses d\u00e9placements.  La longueur d&#8217;une longe ne peut exc\u00e9der 2,00 m. La longe double permet le franchissement ou l&#8217;\u00e9volution d&#8217;un point d&#8217;ancrage \u00e0 un autre en toute s\u00e9curit\u00e9 sans avoir \u00e0 se d\u00e9tacher.<\/p>\n","protected":false},"featured_media":13035,"template":"","meta":{"_acf_changed":false},"product_brand":[],"product_cat":[70117],"product_tag":[],"class_list":{"0":"post-17021","1":"product","2":"type-product","3":"status-publish","4":"has-post-thumbnail","6":"product_cat-equipements","7":"pa_abc_class-c","8":"pa_base_unit-ea","9":"pa_brand-unyc","10":"pa_e_com_product-no","11":"pa_edi_option-no","12":"pa_export_product-yes","13":"pa_g_range-70615","14":"pa_lifespan-15-ans","15":"pa_lock_code-70723","16":"pa_material-polyester","17":"pa_pack_instructions_level_1-no","18":"pa_pack_instructions_level_2-no","19":"pa_pack_instructions_level_3-no","20":"pa_pack_type_level_1-sca","21":"pa_pic_family-72283","22":"pa_product_origin-es","23":"pa_product_stored_at_manufactur-no","24":"pa_production_company-73381","25":"pa_sales_company-73501","26":"pa_sales_plan-c","27":"pa_sales_range-73669","28":"pa_short_designation-longe-double-elastiqabsorbeur","29":"pa_sigle-ce","30":"pa_standard-en_355","31":"pa_type_of_product-longe","32":"pa_use-highly_intensive","33":"pa_varied_weight-no","35":"first","36":"instock","37":"shipping-taxable","38":"purchasable","39":"product-type-simple"},"acf":[],"yoast_head":"<!-- This site is optimized with the Yoast SEO plugin v27.3 - https:\/\/yoast.com\/product\/yoast-seo-wordpress\/ -->\n<title>Longe double \u00e9lastique avec absorbeur - Instance master - Old Unyc<\/title>\n<meta name=\"robots\" content=\"noindex, follow, max-snippet:-1, max-image-preview:large, max-video-preview:-1\" \/>\n<meta property=\"og:locale\" content=\"fr_FR\" \/>\n<meta property=\"og:type\" content=\"article\" \/>\n<meta property=\"og:title\" content=\"Longe double \u00e9lastique avec absorbeur - Instance master - Old Unyc\" \/>\n<meta property=\"og:description\" content=\"Pr\u00eate \u00e0 \u00eatre utilis\u00e9e, cette longe double \u00e9lastique anti-chute est \u00e9quip\u00e9e d&#039;un absorbeur d&#039;\u00e9nergie r\u00e9duisant la force de choc suite \u00e0 une chute en hauteur et de deux connecteurs int\u00e9gr\u00e9s. Elle s&#039;allonge et se r\u00e9tracte garantissant ainsi le confort \u00e0 l&#039;utilisateur lors de ses d\u00e9placements. La longueur d&#039;une longe ne peut exc\u00e9der 2,00 m. La longe double permet le franchissement ou l&#039;\u00e9volution d&#039;un point d&#039;ancrage \u00e0 un autre en toute s\u00e9curit\u00e9 sans avoir \u00e0 se d\u00e9tacher.\" \/>\n<meta property=\"og:url\" content=\"https:\/\/master.myweb-fm.com\/fr\/equipements\/longe-double-elastique-avec-absorbeur\/\" \/>\n<meta property=\"og:site_name\" content=\"Instance master - Old Unyc\" \/>\n<meta property=\"article:modified_time\" content=\"2023-11-21T15:38:54+00:00\" \/>\n<meta property=\"og:image\" content=\"https:\/\/master.myweb-fm.com\/wp-content\/uploads\/2023\/11\/1c604902601905c5dd371c99db4e00951bc08cf3_126_09100442_main_view.jpg\" \/>\n\t<meta property=\"og:image:width\" content=\"2448\" \/>\n\t<meta property=\"og:image:height\" content=\"3264\" \/>\n\t<meta property=\"og:image:type\" content=\"image\/jpeg\" \/>\n<meta name=\"twitter:card\" content=\"summary_large_image\" \/>\n<script type=\"application\/ld+json\" class=\"yoast-schema-graph\">{\"@context\":\"https:\\\/\\\/schema.org\",\"@graph\":[{\"@type\":\"WebPage\",\"@id\":\"https:\\\/\\\/master.myweb-fm.com\\\/fr\\\/equipements\\\/longe-double-elastique-avec-absorbeur\\\/\",\"url\":\"https:\\\/\\\/master.myweb-fm.com\\\/fr\\\/equipements\\\/longe-double-elastique-avec-absorbeur\\\/\",\"name\":\"Longe double \u00e9lastique avec absorbeur - Instance master - Old Unyc\",\"isPartOf\":{\"@id\":\"https:\\\/\\\/master.myweb-fm.com\\\/fr\\\/#website\"},\"primaryImageOfPage\":{\"@id\":\"https:\\\/\\\/master.myweb-fm.com\\\/fr\\\/equipements\\\/longe-double-elastique-avec-absorbeur\\\/#primaryimage\"},\"image\":{\"@id\":\"https:\\\/\\\/master.myweb-fm.com\\\/fr\\\/equipements\\\/longe-double-elastique-avec-absorbeur\\\/#primaryimage\"},\"thumbnailUrl\":\"https:\\\/\\\/master.myweb-fm.com\\\/wp-content\\\/uploads\\\/2023\\\/11\\\/1c604902601905c5dd371c99db4e00951bc08cf3_126_09100442_main_view.jpg\",\"datePublished\":\"2023-11-20T20:25:58+00:00\",\"dateModified\":\"2023-11-21T15:38:54+00:00\",\"breadcrumb\":{\"@id\":\"https:\\\/\\\/master.myweb-fm.com\\\/fr\\\/equipements\\\/longe-double-elastique-avec-absorbeur\\\/#breadcrumb\"},\"inLanguage\":\"fr-FR\",\"potentialAction\":[{\"@type\":\"ReadAction\",\"target\":[\"https:\\\/\\\/master.myweb-fm.com\\\/fr\\\/equipements\\\/longe-double-elastique-avec-absorbeur\\\/\"]}]},{\"@type\":\"ImageObject\",\"inLanguage\":\"fr-FR\",\"@id\":\"https:\\\/\\\/master.myweb-fm.com\\\/fr\\\/equipements\\\/longe-double-elastique-avec-absorbeur\\\/#primaryimage\",\"url\":\"https:\\\/\\\/master.myweb-fm.com\\\/wp-content\\\/uploads\\\/2023\\\/11\\\/1c604902601905c5dd371c99db4e00951bc08cf3_126_09100442_main_view.jpg\",\"contentUrl\":\"https:\\\/\\\/master.myweb-fm.com\\\/wp-content\\\/uploads\\\/2023\\\/11\\\/1c604902601905c5dd371c99db4e00951bc08cf3_126_09100442_main_view.jpg\",\"width\":2448,\"height\":3264},{\"@type\":\"BreadcrumbList\",\"@id\":\"https:\\\/\\\/master.myweb-fm.com\\\/fr\\\/equipements\\\/longe-double-elastique-avec-absorbeur\\\/#breadcrumb\",\"itemListElement\":[{\"@type\":\"ListItem\",\"position\":1,\"name\":\"Catalogue\",\"item\":\"https:\\\/\\\/master.myweb-fm.com\\\/fr\\\/catalogue\\\/\"},{\"@type\":\"ListItem\",\"position\":2,\"name\":\"Longe double \u00e9lastique avec absorbeur\"}]},{\"@type\":\"WebSite\",\"@id\":\"https:\\\/\\\/master.myweb-fm.com\\\/fr\\\/#website\",\"url\":\"https:\\\/\\\/master.myweb-fm.com\\\/fr\\\/\",\"name\":\"Instance master - Old Unyc\",\"description\":\"Fr\u00e9n\u00e9hard &amp; Michaux\",\"potentialAction\":[{\"@type\":\"SearchAction\",\"target\":{\"@type\":\"EntryPoint\",\"urlTemplate\":\"https:\\\/\\\/master.myweb-fm.com\\\/fr\\\/?s={search_term_string}\"},\"query-input\":{\"@type\":\"PropertyValueSpecification\",\"valueRequired\":true,\"valueName\":\"search_term_string\"}}],\"inLanguage\":\"fr-FR\"}]}<\/script>\n<!-- \/ Yoast SEO plugin. -->","yoast_head_json":{"title":"Longe double \u00e9lastique avec absorbeur - Instance master - Old Unyc","robots":{"index":"noindex","follow":"follow","max-snippet":"max-snippet:-1","max-image-preview":"max-image-preview:large","max-video-preview":"max-video-preview:-1"},"og_locale":"fr_FR","og_type":"article","og_title":"Longe double \u00e9lastique avec absorbeur - Instance master - Old Unyc","og_description":"Pr\u00eate \u00e0 \u00eatre utilis\u00e9e, cette longe double \u00e9lastique anti-chute est \u00e9quip\u00e9e d'un absorbeur d'\u00e9nergie r\u00e9duisant la force de choc suite \u00e0 une chute en hauteur et de deux connecteurs int\u00e9gr\u00e9s. Elle s'allonge et se r\u00e9tracte garantissant ainsi le confort \u00e0 l'utilisateur lors de ses d\u00e9placements. La longueur d'une longe ne peut exc\u00e9der 2,00 m. La longe double permet le franchissement ou l'\u00e9volution d'un point d'ancrage \u00e0 un autre en toute s\u00e9curit\u00e9 sans avoir \u00e0 se d\u00e9tacher.","og_url":"https:\/\/master.myweb-fm.com\/fr\/equipements\/longe-double-elastique-avec-absorbeur\/","og_site_name":"Instance master - Old Unyc","article_modified_time":"2023-11-21T15:38:54+00:00","og_image":[{"width":2448,"height":3264,"url":"https:\/\/master.myweb-fm.com\/wp-content\/uploads\/2023\/11\/1c604902601905c5dd371c99db4e00951bc08cf3_126_09100442_main_view.jpg","type":"image\/jpeg"}],"twitter_card":"summary_large_image","schema":{"@context":"https:\/\/schema.org","@graph":[{"@type":"WebPage","@id":"https:\/\/master.myweb-fm.com\/fr\/equipements\/longe-double-elastique-avec-absorbeur\/","url":"https:\/\/master.myweb-fm.com\/fr\/equipements\/longe-double-elastique-avec-absorbeur\/","name":"Longe double \u00e9lastique avec absorbeur - Instance master - Old Unyc","isPartOf":{"@id":"https:\/\/master.myweb-fm.com\/fr\/#website"},"primaryImageOfPage":{"@id":"https:\/\/master.myweb-fm.com\/fr\/equipements\/longe-double-elastique-avec-absorbeur\/#primaryimage"},"image":{"@id":"https:\/\/master.myweb-fm.com\/fr\/equipements\/longe-double-elastique-avec-absorbeur\/#primaryimage"},"thumbnailUrl":"https:\/\/master.myweb-fm.com\/wp-content\/uploads\/2023\/11\/1c604902601905c5dd371c99db4e00951bc08cf3_126_09100442_main_view.jpg","datePublished":"2023-11-20T20:25:58+00:00","dateModified":"2023-11-21T15:38:54+00:00","breadcrumb":{"@id":"https:\/\/master.myweb-fm.com\/fr\/equipements\/longe-double-elastique-avec-absorbeur\/#breadcrumb"},"inLanguage":"fr-FR","potentialAction":[{"@type":"ReadAction","target":["https:\/\/master.myweb-fm.com\/fr\/equipements\/longe-double-elastique-avec-absorbeur\/"]}]},{"@type":"ImageObject","inLanguage":"fr-FR","@id":"https:\/\/master.myweb-fm.com\/fr\/equipements\/longe-double-elastique-avec-absorbeur\/#primaryimage","url":"https:\/\/master.myweb-fm.com\/wp-content\/uploads\/2023\/11\/1c604902601905c5dd371c99db4e00951bc08cf3_126_09100442_main_view.jpg","contentUrl":"https:\/\/master.myweb-fm.com\/wp-content\/uploads\/2023\/11\/1c604902601905c5dd371c99db4e00951bc08cf3_126_09100442_main_view.jpg","width":2448,"height":3264},{"@type":"BreadcrumbList","@id":"https:\/\/master.myweb-fm.com\/fr\/equipements\/longe-double-elastique-avec-absorbeur\/#breadcrumb","itemListElement":[{"@type":"ListItem","position":1,"name":"Catalogue","item":"https:\/\/master.myweb-fm.com\/fr\/catalogue\/"},{"@type":"ListItem","position":2,"name":"Longe double \u00e9lastique avec absorbeur"}]},{"@type":"WebSite","@id":"https:\/\/master.myweb-fm.com\/fr\/#website","url":"https:\/\/master.myweb-fm.com\/fr\/","name":"Instance master - Old Unyc","description":"Fr\u00e9n\u00e9hard &amp; Michaux","potentialAction":[{"@type":"SearchAction","target":{"@type":"EntryPoint","urlTemplate":"https:\/\/master.myweb-fm.com\/fr\/?s={search_term_string}"},"query-input":{"@type":"PropertyValueSpecification","valueRequired":true,"valueName":"search_term_string"}}],"inLanguage":"fr-FR"}]}},"_links":{"self":[{"href":"https:\/\/master.myweb-fm.com\/fr\/wp-json\/wp\/v2\/product\/17021","targetHints":{"allow":["GET"]}}],"collection":[{"href":"https:\/\/master.myweb-fm.com\/fr\/wp-json\/wp\/v2\/product"}],"about":[{"href":"https:\/\/master.myweb-fm.com\/fr\/wp-json\/wp\/v2\/types\/product"}],"wp:featuredmedia":[{"embeddable":true,"href":"https:\/\/master.myweb-fm.com\/fr\/wp-json\/wp\/v2\/media\/13035"}],"wp:attachment":[{"href":"https:\/\/master.myweb-fm.com\/fr\/wp-json\/wp\/v2\/media?parent=17021"}],"wp:term":[{"taxonomy":"product_brand","embeddable":true,"href":"https:\/\/master.myweb-fm.com\/fr\/wp-json\/wp\/v2\/product_brand?post=17021"},{"taxonomy":"product_cat","embeddable":true,"href":"https:\/\/master.myweb-fm.com\/fr\/wp-json\/wp\/v2\/product_cat?post=17021"},{"taxonomy":"product_tag","embeddable":true,"href":"https:\/\/master.myweb-fm.com\/fr\/wp-json\/wp\/v2\/product_tag?post=17021"}],"curies":[{"name":"wp","href":"https:\/\/api.w.org\/{rel}","templated":true}]}}