{"id":17009,"date":"2023-11-20T21:24:48","date_gmt":"2023-11-20T20:24:48","guid":{"rendered":"https:\/\/master.myweb-fm.com\/non%20class\u00e9\/126-09100431\/"},"modified":"2023-11-21T16:38:23","modified_gmt":"2023-11-21T15:38:23","slug":"longe-de-maintien","status":"publish","type":"product","link":"https:\/\/master.myweb-fm.com\/fr\/equipements\/longe-de-maintien\/","title":{"rendered":"Longe de maintien"},"content":{"rendered":"<ul>\n<li>Longe en corde ga\u00een\u00e9e tress\u00e9e en polyamide, diam\u00e8tre 11 mm, allongement &lt; 5%, grande r\u00e9sistance \u00e0 la traction<\/li>\n<li>Longueur r\u00e9glable de 0,85 m \u00e0 2,00 m (hors connecteurs)<\/li>\n<li>Une extr\u00e9mit\u00e9 en boucle cousue pour l\u2019accrochage et une extr\u00e9mit\u00e9 en boucle simple tenue par un r\u00e9gulateur de longueur en m\u00e9tal<\/li>\n<li>Le r\u00e9gulateur de longueur est une boucle rectangulaire avec traverse cetnral, section circulaire et en alliage d&#8217;aluminium l\u00e9ger<\/li>\n<li>Deux connecteurs en acier \u00d8 18 mm \u00e0 fermeture automatique, charge maximale 22kN<\/li>\n<\/ul>\n","protected":false},"excerpt":{"rendered":"<p>La longe de maintien est un \u00e9l\u00e9ments du dispositif de maintien r\u00e9glable destin\u00e9e \u00e0 des domaines de travail o\u00f9 les techniques de positionnement sont n\u00e9cessaires. Elle est id\u00e9ale pour un travail en \u00e9l\u00e9vation lors de l&#8217;ascendion d&#8217;un poteau, arbre, antenne, construction. Liaison compl\u00e8te sans produit compl\u00e9mentaire. Doit \u00eatre utilis\u00e9e en combinnaison avec une ceinture de maintien. Sa conception permet de r\u00e9gler la longueur de la longe afin de pouvoir s&#8217;adapter aux besoins de l&#8217;utilisateur.<\/p>\n","protected":false},"featured_media":12891,"template":"","meta":{"_acf_changed":false},"product_brand":[],"product_cat":[70117],"product_tag":[],"class_list":{"0":"post-17009","1":"product","2":"type-product","3":"status-publish","4":"has-post-thumbnail","6":"product_cat-equipements","7":"pa_abc_class-c","8":"pa_base_unit-ea","9":"pa_brand-unyc","10":"pa_e_com_product-no","11":"pa_edi_option-no","12":"pa_export_product-yes","13":"pa_g_range-70615","14":"pa_lifespan-15-ans","15":"pa_lock_code-70723","16":"pa_material-polyamide","17":"pa_pack_instructions_level_1-no","18":"pa_pack_instructions_level_2-no","19":"pa_pack_instructions_level_3-no","20":"pa_pack_type_level_1-sca","21":"pa_pic_family-72283","22":"pa_product_origin-es","23":"pa_product_stored_at_manufactur-no","24":"pa_production_company-73381","25":"pa_sales_company-73501","26":"pa_sales_plan-c","27":"pa_sales_range-73669","28":"pa_short_designation-longe-de-maintien-corde-2m","29":"pa_sigle-ce","30":"pa_standard-en_358","31":"pa_type_of_product-longe","32":"pa_use-highly_intensive","33":"pa_varied_weight-no","35":"first","36":"instock","37":"shipping-taxable","38":"purchasable","39":"product-type-simple"},"acf":[],"yoast_head":"<!-- This site is optimized with the Yoast SEO plugin v27.4 - https:\/\/yoast.com\/product\/yoast-seo-wordpress\/ -->\n<title>Longe de maintien - Instance master - Old Unyc<\/title>\n<meta name=\"robots\" content=\"noindex, follow, max-snippet:-1, max-image-preview:large, max-video-preview:-1\" \/>\n<meta property=\"og:locale\" content=\"fr_FR\" \/>\n<meta property=\"og:type\" content=\"article\" \/>\n<meta property=\"og:title\" content=\"Longe de maintien - Instance master - Old Unyc\" \/>\n<meta property=\"og:description\" content=\"La longe de maintien est un \u00e9l\u00e9ments du dispositif de maintien r\u00e9glable destin\u00e9e \u00e0 des domaines de travail o\u00f9 les techniques de positionnement sont n\u00e9cessaires. Elle est id\u00e9ale pour un travail en \u00e9l\u00e9vation lors de l&#039;ascendion d&#039;un poteau, arbre, antenne, construction. Liaison compl\u00e8te sans produit compl\u00e9mentaire. Doit \u00eatre utilis\u00e9e en combinnaison avec une ceinture de maintien. Sa conception permet de r\u00e9gler la longueur de la longe afin de pouvoir s&#039;adapter aux besoins de l&#039;utilisateur.\" \/>\n<meta property=\"og:url\" content=\"https:\/\/master.myweb-fm.com\/fr\/equipements\/longe-de-maintien\/\" \/>\n<meta property=\"og:site_name\" content=\"Instance master - Old Unyc\" \/>\n<meta property=\"article:modified_time\" content=\"2023-11-21T15:38:23+00:00\" \/>\n<meta property=\"og:image\" content=\"https:\/\/master.myweb-fm.com\/wp-content\/uploads\/2023\/11\/40f5310c4b9880cb1630f710d56be2b0b515f636_126_09100431_main_view.jpg\" \/>\n\t<meta property=\"og:image:width\" content=\"2448\" \/>\n\t<meta property=\"og:image:height\" content=\"3264\" \/>\n\t<meta property=\"og:image:type\" content=\"image\/jpeg\" \/>\n<meta name=\"twitter:card\" content=\"summary_large_image\" \/>\n<script type=\"application\/ld+json\" class=\"yoast-schema-graph\">{\"@context\":\"https:\\\/\\\/schema.org\",\"@graph\":[{\"@type\":\"WebPage\",\"@id\":\"https:\\\/\\\/master.myweb-fm.com\\\/fr\\\/equipements\\\/longe-de-maintien\\\/\",\"url\":\"https:\\\/\\\/master.myweb-fm.com\\\/fr\\\/equipements\\\/longe-de-maintien\\\/\",\"name\":\"Longe de maintien - Instance master - Old Unyc\",\"isPartOf\":{\"@id\":\"https:\\\/\\\/master.myweb-fm.com\\\/fr\\\/#website\"},\"primaryImageOfPage\":{\"@id\":\"https:\\\/\\\/master.myweb-fm.com\\\/fr\\\/equipements\\\/longe-de-maintien\\\/#primaryimage\"},\"image\":{\"@id\":\"https:\\\/\\\/master.myweb-fm.com\\\/fr\\\/equipements\\\/longe-de-maintien\\\/#primaryimage\"},\"thumbnailUrl\":\"https:\\\/\\\/master.myweb-fm.com\\\/wp-content\\\/uploads\\\/2023\\\/11\\\/40f5310c4b9880cb1630f710d56be2b0b515f636_126_09100431_main_view.jpg\",\"datePublished\":\"2023-11-20T20:24:48+00:00\",\"dateModified\":\"2023-11-21T15:38:23+00:00\",\"breadcrumb\":{\"@id\":\"https:\\\/\\\/master.myweb-fm.com\\\/fr\\\/equipements\\\/longe-de-maintien\\\/#breadcrumb\"},\"inLanguage\":\"fr-FR\",\"potentialAction\":[{\"@type\":\"ReadAction\",\"target\":[\"https:\\\/\\\/master.myweb-fm.com\\\/fr\\\/equipements\\\/longe-de-maintien\\\/\"]}]},{\"@type\":\"ImageObject\",\"inLanguage\":\"fr-FR\",\"@id\":\"https:\\\/\\\/master.myweb-fm.com\\\/fr\\\/equipements\\\/longe-de-maintien\\\/#primaryimage\",\"url\":\"https:\\\/\\\/master.myweb-fm.com\\\/wp-content\\\/uploads\\\/2023\\\/11\\\/40f5310c4b9880cb1630f710d56be2b0b515f636_126_09100431_main_view.jpg\",\"contentUrl\":\"https:\\\/\\\/master.myweb-fm.com\\\/wp-content\\\/uploads\\\/2023\\\/11\\\/40f5310c4b9880cb1630f710d56be2b0b515f636_126_09100431_main_view.jpg\",\"width\":2448,\"height\":3264},{\"@type\":\"BreadcrumbList\",\"@id\":\"https:\\\/\\\/master.myweb-fm.com\\\/fr\\\/equipements\\\/longe-de-maintien\\\/#breadcrumb\",\"itemListElement\":[{\"@type\":\"ListItem\",\"position\":1,\"name\":\"Catalogue\",\"item\":\"https:\\\/\\\/master.myweb-fm.com\\\/fr\\\/catalogue\\\/\"},{\"@type\":\"ListItem\",\"position\":2,\"name\":\"Longe de maintien\"}]},{\"@type\":\"WebSite\",\"@id\":\"https:\\\/\\\/master.myweb-fm.com\\\/fr\\\/#website\",\"url\":\"https:\\\/\\\/master.myweb-fm.com\\\/fr\\\/\",\"name\":\"Instance master - Old Unyc\",\"description\":\"Fr\u00e9n\u00e9hard &amp; Michaux\",\"potentialAction\":[{\"@type\":\"SearchAction\",\"target\":{\"@type\":\"EntryPoint\",\"urlTemplate\":\"https:\\\/\\\/master.myweb-fm.com\\\/fr\\\/?s={search_term_string}\"},\"query-input\":{\"@type\":\"PropertyValueSpecification\",\"valueRequired\":true,\"valueName\":\"search_term_string\"}}],\"inLanguage\":\"fr-FR\"}]}<\/script>\n<!-- \/ Yoast SEO plugin. -->","yoast_head_json":{"title":"Longe de maintien - Instance master - Old Unyc","robots":{"index":"noindex","follow":"follow","max-snippet":"max-snippet:-1","max-image-preview":"max-image-preview:large","max-video-preview":"max-video-preview:-1"},"og_locale":"fr_FR","og_type":"article","og_title":"Longe de maintien - Instance master - Old Unyc","og_description":"La longe de maintien est un \u00e9l\u00e9ments du dispositif de maintien r\u00e9glable destin\u00e9e \u00e0 des domaines de travail o\u00f9 les techniques de positionnement sont n\u00e9cessaires. Elle est id\u00e9ale pour un travail en \u00e9l\u00e9vation lors de l'ascendion d'un poteau, arbre, antenne, construction. Liaison compl\u00e8te sans produit compl\u00e9mentaire. Doit \u00eatre utilis\u00e9e en combinnaison avec une ceinture de maintien. Sa conception permet de r\u00e9gler la longueur de la longe afin de pouvoir s'adapter aux besoins de l'utilisateur.","og_url":"https:\/\/master.myweb-fm.com\/fr\/equipements\/longe-de-maintien\/","og_site_name":"Instance master - Old Unyc","article_modified_time":"2023-11-21T15:38:23+00:00","og_image":[{"width":2448,"height":3264,"url":"https:\/\/master.myweb-fm.com\/wp-content\/uploads\/2023\/11\/40f5310c4b9880cb1630f710d56be2b0b515f636_126_09100431_main_view.jpg","type":"image\/jpeg"}],"twitter_card":"summary_large_image","schema":{"@context":"https:\/\/schema.org","@graph":[{"@type":"WebPage","@id":"https:\/\/master.myweb-fm.com\/fr\/equipements\/longe-de-maintien\/","url":"https:\/\/master.myweb-fm.com\/fr\/equipements\/longe-de-maintien\/","name":"Longe de maintien - Instance master - Old Unyc","isPartOf":{"@id":"https:\/\/master.myweb-fm.com\/fr\/#website"},"primaryImageOfPage":{"@id":"https:\/\/master.myweb-fm.com\/fr\/equipements\/longe-de-maintien\/#primaryimage"},"image":{"@id":"https:\/\/master.myweb-fm.com\/fr\/equipements\/longe-de-maintien\/#primaryimage"},"thumbnailUrl":"https:\/\/master.myweb-fm.com\/wp-content\/uploads\/2023\/11\/40f5310c4b9880cb1630f710d56be2b0b515f636_126_09100431_main_view.jpg","datePublished":"2023-11-20T20:24:48+00:00","dateModified":"2023-11-21T15:38:23+00:00","breadcrumb":{"@id":"https:\/\/master.myweb-fm.com\/fr\/equipements\/longe-de-maintien\/#breadcrumb"},"inLanguage":"fr-FR","potentialAction":[{"@type":"ReadAction","target":["https:\/\/master.myweb-fm.com\/fr\/equipements\/longe-de-maintien\/"]}]},{"@type":"ImageObject","inLanguage":"fr-FR","@id":"https:\/\/master.myweb-fm.com\/fr\/equipements\/longe-de-maintien\/#primaryimage","url":"https:\/\/master.myweb-fm.com\/wp-content\/uploads\/2023\/11\/40f5310c4b9880cb1630f710d56be2b0b515f636_126_09100431_main_view.jpg","contentUrl":"https:\/\/master.myweb-fm.com\/wp-content\/uploads\/2023\/11\/40f5310c4b9880cb1630f710d56be2b0b515f636_126_09100431_main_view.jpg","width":2448,"height":3264},{"@type":"BreadcrumbList","@id":"https:\/\/master.myweb-fm.com\/fr\/equipements\/longe-de-maintien\/#breadcrumb","itemListElement":[{"@type":"ListItem","position":1,"name":"Catalogue","item":"https:\/\/master.myweb-fm.com\/fr\/catalogue\/"},{"@type":"ListItem","position":2,"name":"Longe de maintien"}]},{"@type":"WebSite","@id":"https:\/\/master.myweb-fm.com\/fr\/#website","url":"https:\/\/master.myweb-fm.com\/fr\/","name":"Instance master - Old Unyc","description":"Fr\u00e9n\u00e9hard &amp; Michaux","potentialAction":[{"@type":"SearchAction","target":{"@type":"EntryPoint","urlTemplate":"https:\/\/master.myweb-fm.com\/fr\/?s={search_term_string}"},"query-input":{"@type":"PropertyValueSpecification","valueRequired":true,"valueName":"search_term_string"}}],"inLanguage":"fr-FR"}]}},"_links":{"self":[{"href":"https:\/\/master.myweb-fm.com\/fr\/wp-json\/wp\/v2\/product\/17009","targetHints":{"allow":["GET"]}}],"collection":[{"href":"https:\/\/master.myweb-fm.com\/fr\/wp-json\/wp\/v2\/product"}],"about":[{"href":"https:\/\/master.myweb-fm.com\/fr\/wp-json\/wp\/v2\/types\/product"}],"wp:featuredmedia":[{"embeddable":true,"href":"https:\/\/master.myweb-fm.com\/fr\/wp-json\/wp\/v2\/media\/12891"}],"wp:attachment":[{"href":"https:\/\/master.myweb-fm.com\/fr\/wp-json\/wp\/v2\/media?parent=17009"}],"wp:term":[{"taxonomy":"product_brand","embeddable":true,"href":"https:\/\/master.myweb-fm.com\/fr\/wp-json\/wp\/v2\/product_brand?post=17009"},{"taxonomy":"product_cat","embeddable":true,"href":"https:\/\/master.myweb-fm.com\/fr\/wp-json\/wp\/v2\/product_cat?post=17009"},{"taxonomy":"product_tag","embeddable":true,"href":"https:\/\/master.myweb-fm.com\/fr\/wp-json\/wp\/v2\/product_tag?post=17009"}],"curies":[{"name":"wp","href":"https:\/\/api.w.org\/{rel}","templated":true}]}}