{"id":16997,"date":"2023-11-20T21:23:38","date_gmt":"2023-11-20T20:23:38","guid":{"rendered":"https:\/\/master.myweb-fm.com\/non%20class\u00e9\/126-09100201\/"},"modified":"2023-11-27T18:02:50","modified_gmt":"2023-11-27T17:02:50","slug":"antichute-bloqueur-coulissant","status":"publish","type":"product","link":"https:\/\/master.myweb-fm.com\/fr\/equipements\/antichute-bloqueur-coulissant\/","title":{"rendered":"Antichute bloqueur coulissant"},"content":{"rendered":"<ul>\n<li>Dispositif anti-chute mobile en acier<\/li>\n<li>Un produit deux fonctions : coulisseau et bloqueur<\/li>\n<li>Compatible avec notre corde de s\u00e9curit\u00e9 \u00d8 11 mm<\/li>\n<li>Pour un usage fr\u00e9quent<\/li>\n<li>Se connecte aux points d\u2019ancrage sternal ou dorsal du harnais<\/li>\n<li>Il suit le mouvement de l\u2019utilisateur et se bloque en cas de chute<\/li>\n<li>*Conforme \u00e0 la norme EN 353-2 (corde \u00d8 11 mm \u00e0 12 mm) <\/li>\n<li>*Conforme \u00e0 la norme EN 358 (corde \u00d8 12 mm \u00e0 12,5 mm)<\/li>\n<\/ul>\n","protected":false},"excerpt":{"rendered":"<p>Cet antichute est un coulisseau, il peut \u00eatre utilis\u00e9 \u00e0 n&#8217;importe quel point de la corde pour des d\u00e9placments verticaux. Il se bloquera en cas de chute, glissage ou descente non contr\u00f4l\u00e9e et permettra dans des cas extr\u00eames de descendre en rappel le long de la corde (dans l&#8217;attente des secours). Il est \u00e9quip\u00e9 d&#8217;un syst\u00e8me de blocage vonlontaire. L&#8217;ouverture manuelle de l&#8217;appareil permet \u00e0 l&#8217;utilisateur de s\u00e9parer le cordage du coulisseau, cette ouverture est articul\u00e9e et ferm\u00e9e par un double verrouillage. La corde ne peut sortir de son logement gr\u00e2ce : au linguet sup\u00e9rieur et \u00e0 la came inf\u00e9rieure qui une fois le mousqueton connect\u00e9, limite son d\u00e9battement. Il fait partie des composants des syst\u00e8mes anti-chute.<\/p>\n","protected":false},"featured_media":12789,"template":"","meta":{"_acf_changed":false},"product_brand":[],"product_cat":[70117],"product_tag":[],"class_list":{"0":"post-16997","1":"product","2":"type-product","3":"status-publish","4":"has-post-thumbnail","6":"product_cat-equipements","7":"pa_abc_class-a","8":"pa_base_unit-ea","9":"pa_brand-unyc","10":"pa_e_com_product-no","11":"pa_edi_option-no","12":"pa_export_product-yes","13":"pa_g_range-70615","14":"pa_lifespan-illimite","15":"pa_lock_code-70723","16":"pa_pack_instructions_level_1-no","17":"pa_pack_instructions_level_2-no","18":"pa_pack_instructions_level_3-no","19":"pa_pack_type_level_1-sca","20":"pa_pack_type_level_2-ct","21":"pa_pack_type_level_3-pf","22":"pa_pic_family-72283","23":"pa_product_origin-es","24":"pa_product_stored_at_manufactur-no","25":"pa_production_company-73381","26":"pa_sales_company-73501","27":"pa_sales_plan-c","28":"pa_sales_range-73669","29":"pa_short_designation-antichute-bloqueur-coulissant","30":"pa_sigle-ce","31":"pa_standard-en_353_2","32":"pa_standard-en_358","33":"pa_use-highly_intensive","34":"pa_varied_weight-no","36":"first","37":"instock","38":"shipping-taxable","39":"purchasable","40":"product-type-simple"},"acf":[],"yoast_head":"<!-- This site is optimized with the Yoast SEO plugin v27.3 - https:\/\/yoast.com\/product\/yoast-seo-wordpress\/ -->\n<title>Antichute bloqueur coulissant - Instance master - Old Unyc<\/title>\n<meta name=\"robots\" content=\"noindex, follow, max-snippet:-1, max-image-preview:large, max-video-preview:-1\" \/>\n<meta property=\"og:locale\" content=\"fr_FR\" \/>\n<meta property=\"og:type\" content=\"article\" \/>\n<meta property=\"og:title\" content=\"Antichute bloqueur coulissant - Instance master - Old Unyc\" \/>\n<meta property=\"og:description\" content=\"Cet antichute est un coulisseau, il peut \u00eatre utilis\u00e9 \u00e0 n&#039;importe quel point de la corde pour des d\u00e9placments verticaux. Il se bloquera en cas de chute, glissage ou descente non contr\u00f4l\u00e9e et permettra dans des cas extr\u00eames de descendre en rappel le long de la corde (dans l&#039;attente des secours). Il est \u00e9quip\u00e9 d&#039;un syst\u00e8me de blocage vonlontaire. L&#039;ouverture manuelle de l&#039;appareil permet \u00e0 l&#039;utilisateur de s\u00e9parer le cordage du coulisseau, cette ouverture est articul\u00e9e et ferm\u00e9e par un double verrouillage. La corde ne peut sortir de son logement gr\u00e2ce : au linguet sup\u00e9rieur et \u00e0 la came inf\u00e9rieure qui une fois le mousqueton connect\u00e9, limite son d\u00e9battement. Il fait partie des composants des syst\u00e8mes anti-chute.\" \/>\n<meta property=\"og:url\" content=\"https:\/\/master.myweb-fm.com\/fr\/equipements\/antichute-bloqueur-coulissant\/\" \/>\n<meta property=\"og:site_name\" content=\"Instance master - Old Unyc\" \/>\n<meta property=\"article:modified_time\" content=\"2023-11-27T17:02:50+00:00\" \/>\n<meta property=\"og:image\" content=\"https:\/\/master.myweb-fm.com\/wp-content\/uploads\/2023\/11\/2bf76ca61cd98ea6b42bddaa2a4aa2b377b5135b_126_09100201_main_view.png\" \/>\n\t<meta property=\"og:image:width\" content=\"1816\" \/>\n\t<meta property=\"og:image:height\" content=\"2160\" \/>\n\t<meta property=\"og:image:type\" content=\"image\/png\" \/>\n<meta name=\"twitter:card\" content=\"summary_large_image\" \/>\n<script type=\"application\/ld+json\" class=\"yoast-schema-graph\">{\"@context\":\"https:\\\/\\\/schema.org\",\"@graph\":[{\"@type\":\"WebPage\",\"@id\":\"https:\\\/\\\/master.myweb-fm.com\\\/fr\\\/equipements\\\/antichute-bloqueur-coulissant\\\/\",\"url\":\"https:\\\/\\\/master.myweb-fm.com\\\/fr\\\/equipements\\\/antichute-bloqueur-coulissant\\\/\",\"name\":\"Antichute bloqueur coulissant - Instance master - Old Unyc\",\"isPartOf\":{\"@id\":\"https:\\\/\\\/master.myweb-fm.com\\\/fr\\\/#website\"},\"primaryImageOfPage\":{\"@id\":\"https:\\\/\\\/master.myweb-fm.com\\\/fr\\\/equipements\\\/antichute-bloqueur-coulissant\\\/#primaryimage\"},\"image\":{\"@id\":\"https:\\\/\\\/master.myweb-fm.com\\\/fr\\\/equipements\\\/antichute-bloqueur-coulissant\\\/#primaryimage\"},\"thumbnailUrl\":\"https:\\\/\\\/master.myweb-fm.com\\\/wp-content\\\/uploads\\\/2023\\\/11\\\/2bf76ca61cd98ea6b42bddaa2a4aa2b377b5135b_126_09100201_main_view.png\",\"datePublished\":\"2023-11-20T20:23:38+00:00\",\"dateModified\":\"2023-11-27T17:02:50+00:00\",\"breadcrumb\":{\"@id\":\"https:\\\/\\\/master.myweb-fm.com\\\/fr\\\/equipements\\\/antichute-bloqueur-coulissant\\\/#breadcrumb\"},\"inLanguage\":\"fr-FR\",\"potentialAction\":[{\"@type\":\"ReadAction\",\"target\":[\"https:\\\/\\\/master.myweb-fm.com\\\/fr\\\/equipements\\\/antichute-bloqueur-coulissant\\\/\"]}]},{\"@type\":\"ImageObject\",\"inLanguage\":\"fr-FR\",\"@id\":\"https:\\\/\\\/master.myweb-fm.com\\\/fr\\\/equipements\\\/antichute-bloqueur-coulissant\\\/#primaryimage\",\"url\":\"https:\\\/\\\/master.myweb-fm.com\\\/wp-content\\\/uploads\\\/2023\\\/11\\\/2bf76ca61cd98ea6b42bddaa2a4aa2b377b5135b_126_09100201_main_view.png\",\"contentUrl\":\"https:\\\/\\\/master.myweb-fm.com\\\/wp-content\\\/uploads\\\/2023\\\/11\\\/2bf76ca61cd98ea6b42bddaa2a4aa2b377b5135b_126_09100201_main_view.png\",\"width\":1816,\"height\":2160},{\"@type\":\"BreadcrumbList\",\"@id\":\"https:\\\/\\\/master.myweb-fm.com\\\/fr\\\/equipements\\\/antichute-bloqueur-coulissant\\\/#breadcrumb\",\"itemListElement\":[{\"@type\":\"ListItem\",\"position\":1,\"name\":\"Catalogue\",\"item\":\"https:\\\/\\\/master.myweb-fm.com\\\/fr\\\/catalogue\\\/\"},{\"@type\":\"ListItem\",\"position\":2,\"name\":\"Antichute bloqueur coulissant\"}]},{\"@type\":\"WebSite\",\"@id\":\"https:\\\/\\\/master.myweb-fm.com\\\/fr\\\/#website\",\"url\":\"https:\\\/\\\/master.myweb-fm.com\\\/fr\\\/\",\"name\":\"Instance master - Old Unyc\",\"description\":\"Fr\u00e9n\u00e9hard &amp; Michaux\",\"potentialAction\":[{\"@type\":\"SearchAction\",\"target\":{\"@type\":\"EntryPoint\",\"urlTemplate\":\"https:\\\/\\\/master.myweb-fm.com\\\/fr\\\/?s={search_term_string}\"},\"query-input\":{\"@type\":\"PropertyValueSpecification\",\"valueRequired\":true,\"valueName\":\"search_term_string\"}}],\"inLanguage\":\"fr-FR\"}]}<\/script>\n<!-- \/ Yoast SEO plugin. -->","yoast_head_json":{"title":"Antichute bloqueur coulissant - Instance master - Old Unyc","robots":{"index":"noindex","follow":"follow","max-snippet":"max-snippet:-1","max-image-preview":"max-image-preview:large","max-video-preview":"max-video-preview:-1"},"og_locale":"fr_FR","og_type":"article","og_title":"Antichute bloqueur coulissant - Instance master - Old Unyc","og_description":"Cet antichute est un coulisseau, il peut \u00eatre utilis\u00e9 \u00e0 n'importe quel point de la corde pour des d\u00e9placments verticaux. Il se bloquera en cas de chute, glissage ou descente non contr\u00f4l\u00e9e et permettra dans des cas extr\u00eames de descendre en rappel le long de la corde (dans l'attente des secours). Il est \u00e9quip\u00e9 d'un syst\u00e8me de blocage vonlontaire. L'ouverture manuelle de l'appareil permet \u00e0 l'utilisateur de s\u00e9parer le cordage du coulisseau, cette ouverture est articul\u00e9e et ferm\u00e9e par un double verrouillage. La corde ne peut sortir de son logement gr\u00e2ce : au linguet sup\u00e9rieur et \u00e0 la came inf\u00e9rieure qui une fois le mousqueton connect\u00e9, limite son d\u00e9battement. Il fait partie des composants des syst\u00e8mes anti-chute.","og_url":"https:\/\/master.myweb-fm.com\/fr\/equipements\/antichute-bloqueur-coulissant\/","og_site_name":"Instance master - Old Unyc","article_modified_time":"2023-11-27T17:02:50+00:00","og_image":[{"width":1816,"height":2160,"url":"https:\/\/master.myweb-fm.com\/wp-content\/uploads\/2023\/11\/2bf76ca61cd98ea6b42bddaa2a4aa2b377b5135b_126_09100201_main_view.png","type":"image\/png"}],"twitter_card":"summary_large_image","schema":{"@context":"https:\/\/schema.org","@graph":[{"@type":"WebPage","@id":"https:\/\/master.myweb-fm.com\/fr\/equipements\/antichute-bloqueur-coulissant\/","url":"https:\/\/master.myweb-fm.com\/fr\/equipements\/antichute-bloqueur-coulissant\/","name":"Antichute bloqueur coulissant - Instance master - Old Unyc","isPartOf":{"@id":"https:\/\/master.myweb-fm.com\/fr\/#website"},"primaryImageOfPage":{"@id":"https:\/\/master.myweb-fm.com\/fr\/equipements\/antichute-bloqueur-coulissant\/#primaryimage"},"image":{"@id":"https:\/\/master.myweb-fm.com\/fr\/equipements\/antichute-bloqueur-coulissant\/#primaryimage"},"thumbnailUrl":"https:\/\/master.myweb-fm.com\/wp-content\/uploads\/2023\/11\/2bf76ca61cd98ea6b42bddaa2a4aa2b377b5135b_126_09100201_main_view.png","datePublished":"2023-11-20T20:23:38+00:00","dateModified":"2023-11-27T17:02:50+00:00","breadcrumb":{"@id":"https:\/\/master.myweb-fm.com\/fr\/equipements\/antichute-bloqueur-coulissant\/#breadcrumb"},"inLanguage":"fr-FR","potentialAction":[{"@type":"ReadAction","target":["https:\/\/master.myweb-fm.com\/fr\/equipements\/antichute-bloqueur-coulissant\/"]}]},{"@type":"ImageObject","inLanguage":"fr-FR","@id":"https:\/\/master.myweb-fm.com\/fr\/equipements\/antichute-bloqueur-coulissant\/#primaryimage","url":"https:\/\/master.myweb-fm.com\/wp-content\/uploads\/2023\/11\/2bf76ca61cd98ea6b42bddaa2a4aa2b377b5135b_126_09100201_main_view.png","contentUrl":"https:\/\/master.myweb-fm.com\/wp-content\/uploads\/2023\/11\/2bf76ca61cd98ea6b42bddaa2a4aa2b377b5135b_126_09100201_main_view.png","width":1816,"height":2160},{"@type":"BreadcrumbList","@id":"https:\/\/master.myweb-fm.com\/fr\/equipements\/antichute-bloqueur-coulissant\/#breadcrumb","itemListElement":[{"@type":"ListItem","position":1,"name":"Catalogue","item":"https:\/\/master.myweb-fm.com\/fr\/catalogue\/"},{"@type":"ListItem","position":2,"name":"Antichute bloqueur coulissant"}]},{"@type":"WebSite","@id":"https:\/\/master.myweb-fm.com\/fr\/#website","url":"https:\/\/master.myweb-fm.com\/fr\/","name":"Instance master - Old Unyc","description":"Fr\u00e9n\u00e9hard &amp; Michaux","potentialAction":[{"@type":"SearchAction","target":{"@type":"EntryPoint","urlTemplate":"https:\/\/master.myweb-fm.com\/fr\/?s={search_term_string}"},"query-input":{"@type":"PropertyValueSpecification","valueRequired":true,"valueName":"search_term_string"}}],"inLanguage":"fr-FR"}]}},"_links":{"self":[{"href":"https:\/\/master.myweb-fm.com\/fr\/wp-json\/wp\/v2\/product\/16997","targetHints":{"allow":["GET"]}}],"collection":[{"href":"https:\/\/master.myweb-fm.com\/fr\/wp-json\/wp\/v2\/product"}],"about":[{"href":"https:\/\/master.myweb-fm.com\/fr\/wp-json\/wp\/v2\/types\/product"}],"wp:featuredmedia":[{"embeddable":true,"href":"https:\/\/master.myweb-fm.com\/fr\/wp-json\/wp\/v2\/media\/12789"}],"wp:attachment":[{"href":"https:\/\/master.myweb-fm.com\/fr\/wp-json\/wp\/v2\/media?parent=16997"}],"wp:term":[{"taxonomy":"product_brand","embeddable":true,"href":"https:\/\/master.myweb-fm.com\/fr\/wp-json\/wp\/v2\/product_brand?post=16997"},{"taxonomy":"product_cat","embeddable":true,"href":"https:\/\/master.myweb-fm.com\/fr\/wp-json\/wp\/v2\/product_cat?post=16997"},{"taxonomy":"product_tag","embeddable":true,"href":"https:\/\/master.myweb-fm.com\/fr\/wp-json\/wp\/v2\/product_tag?post=16997"}],"curies":[{"name":"wp","href":"https:\/\/api.w.org\/{rel}","templated":true}]}}