{"id":16990,"date":"2023-11-20T21:22:07","date_gmt":"2023-11-20T20:22:07","guid":{"rendered":"https:\/\/master.myweb-fm.com\/non%20class\u00e9\/126-09100071\/"},"modified":"2023-11-21T16:36:07","modified_gmt":"2023-11-21T15:36:07","slug":"sac-de-transport-etanche-30l","status":"publish","type":"product","link":"https:\/\/master.myweb-fm.com\/fr\/equipements\/sac-de-transport-etanche-30l\/","title":{"rendered":"Sac de transport \u00e9tanche 30L"},"content":{"rendered":"<ul>\n<li>Sac de transport \u00e9tanche en PVC <\/li>\n<li>Capacit\u00e9 30L ; Permet le rangement de produits anti-chute<\/li>\n<li>Tr\u00e8s confortable gr\u00e2ce aux bretelles avec mousse renforc\u00e9e <\/li>\n<li>Dos en mousse et filet anti-transpiration<\/li>\n<\/ul>\n","protected":false},"excerpt":{"rendered":"<p>Grand sac \u00e9tanche permettant le transport de vos mat\u00e9riels E.P.I.d&#8217;une capacit\u00e9 de 30L.<\/p>\n","protected":false},"featured_media":12697,"template":"","meta":{"_acf_changed":false},"product_brand":[],"product_cat":[70117],"product_tag":[],"class_list":{"0":"post-16990","1":"product","2":"type-product","3":"status-publish","4":"has-post-thumbnail","6":"product_cat-equipements","7":"pa_abc_class-g","8":"pa_base_unit-ea","9":"pa_brand-unyc","10":"pa_e_com_product-no","11":"pa_edi_option-no","12":"pa_export_product-yes","13":"pa_g_range-70615","14":"pa_lock_code-70723","15":"pa_pack_instructions_level_1-no","16":"pa_pack_instructions_level_2-no","17":"pa_pack_instructions_level_3-no","18":"pa_pack_type_level_1-sa","19":"pa_pack_type_level_2-pf","20":"pa_pic_family-72283","21":"pa_product_origin-ch","22":"pa_product_stored_at_manufactur-no","23":"pa_production_company-73381","24":"pa_sales_company-73501","25":"pa_sales_plan-c","26":"pa_sales_range-73669","27":"pa_short_designation-sac-etanche-30-l","28":"pa_use-highly_intensive","29":"pa_varied_weight-no","31":"first","32":"instock","33":"shipping-taxable","34":"purchasable","35":"product-type-simple"},"acf":[],"yoast_head":"<!-- This site is optimized with the Yoast SEO plugin v27.3 - https:\/\/yoast.com\/product\/yoast-seo-wordpress\/ -->\n<title>Sac de transport \u00e9tanche 30L - Instance master - Old Unyc<\/title>\n<meta name=\"robots\" content=\"noindex, follow, max-snippet:-1, max-image-preview:large, max-video-preview:-1\" \/>\n<meta property=\"og:locale\" content=\"fr_FR\" \/>\n<meta property=\"og:type\" content=\"article\" \/>\n<meta property=\"og:title\" content=\"Sac de transport \u00e9tanche 30L - Instance master - Old Unyc\" \/>\n<meta property=\"og:description\" content=\"Grand sac \u00e9tanche permettant le transport de vos mat\u00e9riels E.P.I.d&#039;une capacit\u00e9 de 30L.\" \/>\n<meta property=\"og:url\" content=\"https:\/\/master.myweb-fm.com\/fr\/equipements\/sac-de-transport-etanche-30l\/\" \/>\n<meta property=\"og:site_name\" content=\"Instance master - Old Unyc\" \/>\n<meta property=\"article:modified_time\" content=\"2023-11-21T15:36:07+00:00\" \/>\n<meta property=\"og:image\" content=\"https:\/\/master.myweb-fm.com\/wp-content\/uploads\/2023\/11\/9e9de075c34310c6fa156be4987b655150751fca_126_09100071_main_view_3.png\" \/>\n\t<meta property=\"og:image:width\" content=\"1014\" \/>\n\t<meta property=\"og:image:height\" content=\"1024\" \/>\n\t<meta property=\"og:image:type\" content=\"image\/png\" \/>\n<meta name=\"twitter:card\" content=\"summary_large_image\" \/>\n<script type=\"application\/ld+json\" class=\"yoast-schema-graph\">{\"@context\":\"https:\\\/\\\/schema.org\",\"@graph\":[{\"@type\":\"WebPage\",\"@id\":\"https:\\\/\\\/master.myweb-fm.com\\\/fr\\\/equipements\\\/sac-de-transport-etanche-30l\\\/\",\"url\":\"https:\\\/\\\/master.myweb-fm.com\\\/fr\\\/equipements\\\/sac-de-transport-etanche-30l\\\/\",\"name\":\"Sac de transport \u00e9tanche 30L - Instance master - Old Unyc\",\"isPartOf\":{\"@id\":\"https:\\\/\\\/master.myweb-fm.com\\\/fr\\\/#website\"},\"primaryImageOfPage\":{\"@id\":\"https:\\\/\\\/master.myweb-fm.com\\\/fr\\\/equipements\\\/sac-de-transport-etanche-30l\\\/#primaryimage\"},\"image\":{\"@id\":\"https:\\\/\\\/master.myweb-fm.com\\\/fr\\\/equipements\\\/sac-de-transport-etanche-30l\\\/#primaryimage\"},\"thumbnailUrl\":\"https:\\\/\\\/master.myweb-fm.com\\\/wp-content\\\/uploads\\\/2023\\\/11\\\/9e9de075c34310c6fa156be4987b655150751fca_126_09100071_main_view_3.png\",\"datePublished\":\"2023-11-20T20:22:07+00:00\",\"dateModified\":\"2023-11-21T15:36:07+00:00\",\"breadcrumb\":{\"@id\":\"https:\\\/\\\/master.myweb-fm.com\\\/fr\\\/equipements\\\/sac-de-transport-etanche-30l\\\/#breadcrumb\"},\"inLanguage\":\"fr-FR\",\"potentialAction\":[{\"@type\":\"ReadAction\",\"target\":[\"https:\\\/\\\/master.myweb-fm.com\\\/fr\\\/equipements\\\/sac-de-transport-etanche-30l\\\/\"]}]},{\"@type\":\"ImageObject\",\"inLanguage\":\"fr-FR\",\"@id\":\"https:\\\/\\\/master.myweb-fm.com\\\/fr\\\/equipements\\\/sac-de-transport-etanche-30l\\\/#primaryimage\",\"url\":\"https:\\\/\\\/master.myweb-fm.com\\\/wp-content\\\/uploads\\\/2023\\\/11\\\/9e9de075c34310c6fa156be4987b655150751fca_126_09100071_main_view_3.png\",\"contentUrl\":\"https:\\\/\\\/master.myweb-fm.com\\\/wp-content\\\/uploads\\\/2023\\\/11\\\/9e9de075c34310c6fa156be4987b655150751fca_126_09100071_main_view_3.png\",\"width\":2048,\"height\":2069},{\"@type\":\"BreadcrumbList\",\"@id\":\"https:\\\/\\\/master.myweb-fm.com\\\/fr\\\/equipements\\\/sac-de-transport-etanche-30l\\\/#breadcrumb\",\"itemListElement\":[{\"@type\":\"ListItem\",\"position\":1,\"name\":\"Catalogue\",\"item\":\"https:\\\/\\\/master.myweb-fm.com\\\/fr\\\/catalogue\\\/\"},{\"@type\":\"ListItem\",\"position\":2,\"name\":\"Sac de transport \u00e9tanche 30L\"}]},{\"@type\":\"WebSite\",\"@id\":\"https:\\\/\\\/master.myweb-fm.com\\\/fr\\\/#website\",\"url\":\"https:\\\/\\\/master.myweb-fm.com\\\/fr\\\/\",\"name\":\"Instance master - Old Unyc\",\"description\":\"Fr\u00e9n\u00e9hard &amp; Michaux\",\"potentialAction\":[{\"@type\":\"SearchAction\",\"target\":{\"@type\":\"EntryPoint\",\"urlTemplate\":\"https:\\\/\\\/master.myweb-fm.com\\\/fr\\\/?s={search_term_string}\"},\"query-input\":{\"@type\":\"PropertyValueSpecification\",\"valueRequired\":true,\"valueName\":\"search_term_string\"}}],\"inLanguage\":\"fr-FR\"}]}<\/script>\n<!-- \/ Yoast SEO plugin. -->","yoast_head_json":{"title":"Sac de transport \u00e9tanche 30L - Instance master - Old Unyc","robots":{"index":"noindex","follow":"follow","max-snippet":"max-snippet:-1","max-image-preview":"max-image-preview:large","max-video-preview":"max-video-preview:-1"},"og_locale":"fr_FR","og_type":"article","og_title":"Sac de transport \u00e9tanche 30L - Instance master - Old Unyc","og_description":"Grand sac \u00e9tanche permettant le transport de vos mat\u00e9riels E.P.I.d'une capacit\u00e9 de 30L.","og_url":"https:\/\/master.myweb-fm.com\/fr\/equipements\/sac-de-transport-etanche-30l\/","og_site_name":"Instance master - Old Unyc","article_modified_time":"2023-11-21T15:36:07+00:00","og_image":[{"url":"https:\/\/master.myweb-fm.com\/wp-content\/uploads\/2023\/11\/9e9de075c34310c6fa156be4987b655150751fca_126_09100071_main_view_3.png","width":1014,"height":1024,"type":"image\/png"}],"twitter_card":"summary_large_image","schema":{"@context":"https:\/\/schema.org","@graph":[{"@type":"WebPage","@id":"https:\/\/master.myweb-fm.com\/fr\/equipements\/sac-de-transport-etanche-30l\/","url":"https:\/\/master.myweb-fm.com\/fr\/equipements\/sac-de-transport-etanche-30l\/","name":"Sac de transport \u00e9tanche 30L - Instance master - Old Unyc","isPartOf":{"@id":"https:\/\/master.myweb-fm.com\/fr\/#website"},"primaryImageOfPage":{"@id":"https:\/\/master.myweb-fm.com\/fr\/equipements\/sac-de-transport-etanche-30l\/#primaryimage"},"image":{"@id":"https:\/\/master.myweb-fm.com\/fr\/equipements\/sac-de-transport-etanche-30l\/#primaryimage"},"thumbnailUrl":"https:\/\/master.myweb-fm.com\/wp-content\/uploads\/2023\/11\/9e9de075c34310c6fa156be4987b655150751fca_126_09100071_main_view_3.png","datePublished":"2023-11-20T20:22:07+00:00","dateModified":"2023-11-21T15:36:07+00:00","breadcrumb":{"@id":"https:\/\/master.myweb-fm.com\/fr\/equipements\/sac-de-transport-etanche-30l\/#breadcrumb"},"inLanguage":"fr-FR","potentialAction":[{"@type":"ReadAction","target":["https:\/\/master.myweb-fm.com\/fr\/equipements\/sac-de-transport-etanche-30l\/"]}]},{"@type":"ImageObject","inLanguage":"fr-FR","@id":"https:\/\/master.myweb-fm.com\/fr\/equipements\/sac-de-transport-etanche-30l\/#primaryimage","url":"https:\/\/master.myweb-fm.com\/wp-content\/uploads\/2023\/11\/9e9de075c34310c6fa156be4987b655150751fca_126_09100071_main_view_3.png","contentUrl":"https:\/\/master.myweb-fm.com\/wp-content\/uploads\/2023\/11\/9e9de075c34310c6fa156be4987b655150751fca_126_09100071_main_view_3.png","width":2048,"height":2069},{"@type":"BreadcrumbList","@id":"https:\/\/master.myweb-fm.com\/fr\/equipements\/sac-de-transport-etanche-30l\/#breadcrumb","itemListElement":[{"@type":"ListItem","position":1,"name":"Catalogue","item":"https:\/\/master.myweb-fm.com\/fr\/catalogue\/"},{"@type":"ListItem","position":2,"name":"Sac de transport \u00e9tanche 30L"}]},{"@type":"WebSite","@id":"https:\/\/master.myweb-fm.com\/fr\/#website","url":"https:\/\/master.myweb-fm.com\/fr\/","name":"Instance master - Old Unyc","description":"Fr\u00e9n\u00e9hard &amp; Michaux","potentialAction":[{"@type":"SearchAction","target":{"@type":"EntryPoint","urlTemplate":"https:\/\/master.myweb-fm.com\/fr\/?s={search_term_string}"},"query-input":{"@type":"PropertyValueSpecification","valueRequired":true,"valueName":"search_term_string"}}],"inLanguage":"fr-FR"}]}},"_links":{"self":[{"href":"https:\/\/master.myweb-fm.com\/fr\/wp-json\/wp\/v2\/product\/16990","targetHints":{"allow":["GET"]}}],"collection":[{"href":"https:\/\/master.myweb-fm.com\/fr\/wp-json\/wp\/v2\/product"}],"about":[{"href":"https:\/\/master.myweb-fm.com\/fr\/wp-json\/wp\/v2\/types\/product"}],"wp:featuredmedia":[{"embeddable":true,"href":"https:\/\/master.myweb-fm.com\/fr\/wp-json\/wp\/v2\/media\/12697"}],"wp:attachment":[{"href":"https:\/\/master.myweb-fm.com\/fr\/wp-json\/wp\/v2\/media?parent=16990"}],"wp:term":[{"taxonomy":"product_brand","embeddable":true,"href":"https:\/\/master.myweb-fm.com\/fr\/wp-json\/wp\/v2\/product_brand?post=16990"},{"taxonomy":"product_cat","embeddable":true,"href":"https:\/\/master.myweb-fm.com\/fr\/wp-json\/wp\/v2\/product_cat?post=16990"},{"taxonomy":"product_tag","embeddable":true,"href":"https:\/\/master.myweb-fm.com\/fr\/wp-json\/wp\/v2\/product_tag?post=16990"}],"curies":[{"name":"wp","href":"https:\/\/api.w.org\/{rel}","templated":true}]}}