{"id":2,"date":"2022-06-23T14:30:58","date_gmt":"2022-06-23T12:30:58","guid":{"rendered":"https:\/\/master.myweb-fm.com\/?page_id=2"},"modified":"2023-07-26T11:21:41","modified_gmt":"2023-07-26T09:21:41","slug":"conseils","status":"publish","type":"page","link":"https:\/\/master.myweb-fm.com\/fr\/conseils\/","title":{"rendered":"EPI anti-chute : comment faire le bon choix ?"},"content":{"rendered":"\n<p>De nombreux travailleurs sont amen\u00e9s \u00e0 <strong>travailler en hauteur<\/strong> : professionnels du BTP, agents de r\u00e9seaux \u00e9lectriques, agents d\u2019entretien et techniciens de maintenance des entreprises\u2026<strong> Les chutes de hauteur sont les plus grandes causes d\u2019accidents mortels sur le lieu de travail.<\/strong><\/p>\n\n\n\n<figure class=\"wp-block-image alignwide\"><img loading=\"lazy\" decoding=\"async\" width=\"1024\" height=\"369\" src=\"https:\/\/master.myweb-fm.com\/wp-content\/uploads\/2022\/07\/Image_banner_edito@2x-1024x369.jpg\" alt=\"Unyc\" class=\"wp-image-332\" srcset=\"https:\/\/master.myweb-fm.com\/wp-content\/uploads\/2022\/07\/Image_banner_edito@2x-1024x369.jpg 1024w, https:\/\/master.myweb-fm.com\/wp-content\/uploads\/2022\/07\/Image_banner_edito@2x-600x216.jpg 600w, https:\/\/master.myweb-fm.com\/wp-content\/uploads\/2022\/07\/Image_banner_edito@2x-300x108.jpg 300w, https:\/\/master.myweb-fm.com\/wp-content\/uploads\/2022\/07\/Image_banner_edito@2x-768x277.jpg 768w, https:\/\/master.myweb-fm.com\/wp-content\/uploads\/2022\/07\/Image_banner_edito@2x-1536x554.jpg 1536w, https:\/\/master.myweb-fm.com\/wp-content\/uploads\/2022\/07\/Image_banner_edito@2x-2048x738.jpg 2048w, https:\/\/master.myweb-fm.com\/wp-content\/uploads\/2022\/07\/Image_banner_edito@2x-1110x400.jpg 1110w, https:\/\/master.myweb-fm.com\/wp-content\/uploads\/2022\/07\/Image_banner_edito@2x-375x135.jpg 375w\" sizes=\"auto, (max-width: 1024px) 100vw, 1024px\" \/><\/figure>\n\n\n\n<p>Lorsqu\u2019il y a impossibilit\u00e9 technique de mettre en \u0153uvre des protections collectives, <strong>le recours \u00e0 des \u00e9quipements de protection individuelle (E.P.I.) contre les chutes de hauteur est obligatoire<\/strong>. Ces syst\u00e8mes de protection individuelle sont utilis\u00e9s pour arr\u00eater la chute. <\/p>\n\n\n\n<p>Les E.P.I. peuvent \u00e9galement \u00eatre mis en \u0153uvre pour prot\u00e9ger le personnel qui installe les protections collectives lorsque les modes op\u00e9ratoires ne permettent pas d\u2019\u00e9liminer les risques de chute. Le choix du mat\u00e9riel sera guid\u00e9 par<strong> l\u2019utilisation qui en sera faite<\/strong> et devra r\u00e9pondre <strong>aux normes en vigueur.<\/strong><\/p>\n\n\n<div class=\"mycms-list-anchor--list list_anchor\">\n        <ul class=\"mycms-list-anchor--items mycms-u-visible--lg\"><li>\n                    <span class=\"icon\"><\/span>\n                    <span class=\"bg-color-vertical\"><\/span>\n                    <a href=\"#les-differentes-utilisations-1\">Les diff\u00e9rentes utilisations<\/a>\n                <\/li><li>\n                    <span class=\"icon\"><\/span>\n                    <span class=\"bg-color-vertical\"><\/span>\n                    <a href=\"#A-quelle-frequence-1\">A quelle fr\u00e9quence ?<\/a>\n                <\/li><li>\n                    <span class=\"icon\"><\/span>\n                    <span class=\"bg-color-vertical\"><\/span>\n                    <a href=\"#considerations-relatives\">Consid\u00e9rations relatives aux syst\u00e8mes antichute<\/a>\n                <\/li><li>\n                    <span class=\"icon\"><\/span>\n                    <span class=\"bg-color-vertical\"><\/span>\n                    <a href=\"#verifications-epi\">V\u00e9rification des EPI<\/a>\n                <\/li><\/ul>\n        <\/div>\n\n<section class=\"section-group\">\n<div class=\"wp-block-group is-layout-flow wp-block-group-is-layout-flow\">\n<h2 class=\"wp-block-heading mycms-txt--h3\" id=\"les-differentes-utilisations-1\">Les diff\u00e9rentes utilisations<\/h2>\n\n\n\n<div class=\"wp-block-columns is-layout-flex wp-container-core-columns-is-layout-9d6595d7 wp-block-columns-is-layout-flex\">\n<div class=\"wp-block-column is-layout-flow wp-block-column-is-layout-flow\">\n<h3 class=\"wp-block-heading has-text-align-left mycms-margin-bottom--0\" id=\"retenu-au-travail\">Retenue au travail<\/h3>\n\n\n\n<figure class=\"wp-block-image size-full is-resized\"><img loading=\"lazy\" decoding=\"async\" src=\"https:\/\/master.myweb-fm.com\/wp-content\/uploads\/2022\/09\/WORKSITE-SAFETY-1.png\" alt=\"\" class=\"wp-image-1814\" width=\"99\" height=\"92\"\/><\/figure>\n\n\n\n<p class=\"has-small-font-size\">Syst\u00e8me destin\u00e9 \u00e0 limiter les mouvements de l\u2019utilisateur afin de l\u2019emp\u00eacher d\u2019atteindre des zones \u00e0 risque de chute. Il n\u2019est pas capable d\u2019arr\u00eater une chute ni d\u2019avoir la fonction de maintien au travail ou de suspension. Compos\u00e9 d\u2019un point d\u2019ancrage, d\u2019un harnais anti-chute et d\u2019une longe (\u00e0 ajuster pour rendre la chute impossible).<\/p>\n\n\n\n<p class=\"has-text-align-left\"><em><mark style=\"background-color:#ffffff\" class=\"has-inline-color has-luminous-vivid-orange-color\">Norme en vigueur&nbsp;: EN 361<\/mark><\/em><\/p>\n<\/div>\n\n\n\n<div class=\"wp-block-column is-layout-flow wp-block-column-is-layout-flow\">\n<h3 class=\"wp-block-heading mycms-margin-bottom--0\" id=\"anti-chute\">Anti-chute<\/h3>\n\n\n\n<figure class=\"wp-block-image size-full is-resized\"><img loading=\"lazy\" decoding=\"async\" src=\"https:\/\/master.myweb-fm.com\/wp-content\/uploads\/2022\/09\/FALL-PREVENTION.png\" alt=\"\" class=\"wp-image-1822\" width=\"99\" height=\"92\"\/><\/figure>\n\n\n\n<p class=\"has-small-font-size\">Syst\u00e8me permettant de retenir un utilisateur lors d\u2019une chute et de le maintenir en suspension en attendant l\u2019arriv\u00e9e des secours. Compos\u00e9 d\u2019un point d\u2019ancrage, d\u2019un harnais anti-chute et d\u2019un dispositif anti-chute (longe avec absorbeur d\u2019\u00e9nergie ou une corde avec antichute bloqueur coulissant ou enrouleur)<\/p>\n\n\n\n<p><em><mark style=\"background-color:#ffffff\" class=\"has-inline-color has-luminous-vivid-orange-color\">Norme en vigueur&nbsp;: EN 361<\/mark><\/em><\/p>\n<\/div>\n<\/div>\n\n\n\n<div class=\"wp-block-columns is-layout-flex wp-container-core-columns-is-layout-9d6595d7 wp-block-columns-is-layout-flex\">\n<div class=\"wp-block-column is-layout-flow wp-block-column-is-layout-flow\">\n<h3 class=\"wp-block-heading has-text-align-left mycms-margin-bottom--0\" id=\"retenu-au-travail\">Maintien au travail<\/h3>\n\n\n\n<figure class=\"wp-block-image size-full is-resized\"><img loading=\"lazy\" decoding=\"async\" src=\"https:\/\/master.myweb-fm.com\/wp-content\/uploads\/2022\/09\/WORK-POSITIONING.png\" alt=\"\" class=\"wp-image-1828\" width=\"99\" height=\"92\"\/><\/figure>\n\n\n\n<p class=\"has-small-font-size\">Syst\u00e8me permettant de se positionner en appui sur les pieds tout en gardant les mains libres pour travailler. Compos\u00e9 d\u2019un point d\u2019ancrage, d\u2019un harnais anti-chute avec ceinture de maintien au travail et d\u2019une longe de maintien. En cas de risque de chute, ce syst\u00e8me doit \u00eatre compl\u00e9t\u00e9 d\u2019un dispositif anti-chute (longe avec absorbeur d\u2019\u00e9nergie ou une corde avec antichute bloqueur coulissant ou enrouleur).<\/p>\n\n\n\n<p class=\"has-text-align-left\"><em><mark style=\"background-color:#ffffff\" class=\"has-inline-color has-luminous-vivid-orange-color\">Norme en vigueur&nbsp;: EN 358<\/mark><\/em><\/p>\n<\/div>\n\n\n\n<div class=\"wp-block-column is-layout-flow wp-block-column-is-layout-flow\">\n<h3 class=\"wp-block-heading mycms-margin-bottom--0\" id=\"anti-chute\">Suspension<\/h3>\n\n\n\n<figure class=\"wp-block-image size-full is-resized\"><img loading=\"lazy\" decoding=\"async\" src=\"https:\/\/master.myweb-fm.com\/wp-content\/uploads\/2022\/09\/SUSPENSION.png\" alt=\"\" class=\"wp-image-1834\" width=\"99\" height=\"92\"\/><\/figure>\n\n\n\n<p class=\"has-small-font-size\">Syst\u00e8me con\u00e7u pour travailler suspendu dans le vide gr\u00e2ce au point d\u2019attache ventrale. L\u2019utilisateur n\u2019\u00e9tant plus en appui sur ses pieds, la charge est r\u00e9partie au niveau de la ceinture et des cuisses du harnais. Compos\u00e9 d\u2019un point d\u2019ancrage, d\u2019un harnais anti-chute, d\u2019un dispositif anti-chute (longe avec absorbeur d\u2019\u00e9nergie ou une corde avec antichute bloqueur coulissant ou enrouleur) et d\u2019un dispositif de progression.<\/p>\n\n\n\n<p class=\"has-text-align-left\"><em><mark style=\"background-color:#ffffff\" class=\"has-inline-color has-luminous-vivid-orange-color\">Norme en vigueur&nbsp;: EN 813<\/mark><\/em><\/p>\n<\/div>\n<\/div>\n\n\n\n<h2 class=\"wp-block-heading\" id=\"A-quelle-frequence-1\">A quelle fr\u00e9quence ?<\/h2>\n\n\n\n<p>Avant tout achat, il est important de conna\u00eetre l\u2019intensit\u00e9 d\u2019usage de votre E.P.I.<br>En effet, et tout particuli\u00e8rement pour l\u2019achat d\u2019un harnais, il vous faudra d\u00e9finir la fr\u00e9quence d\u2019utilisation de votre mat\u00e9riel pour vous aider \u00e0 choisir le mod\u00e8le le plus adapt\u00e9 \u00e0 votre utilisation. <br><\/p>\n\n\n\n<div class=\"wp-block-buttons is-content-justification-center is-layout-flex wp-container-core-buttons-is-layout-16018d1d wp-block-buttons-is-layout-flex\">\n<div class=\"wp-block-button is-style-cta-flechehas-custom-font-size  has-small-font-size\"><a class=\"wp-block-button__link wp-element-button\" href=\"https:\/\/master.myweb-fm.com\/product-category\/harnais\/\">D\u00e9couvrez notre gamme de harnais en fonction de votre utilisation<\/a><\/div>\n<\/div>\n\n\n\n<h2 class=\"wp-block-heading\" id=\"considerations-relatives\">Consid\u00e9rations relatives aux syst\u00e8mes antichute<\/h2>\n\n\n\n<p>Plusieurs \u00e9l\u00e9ments sont \u00e0 prendre en consid\u00e9ration afin de choisir le mat\u00e9riel le plus adapt\u00e9 \u00e0 vos besoins&nbsp;:<\/p>\n\n\n\n<h3 class=\"wp-block-heading\" id=\"suspension\">Le facteur de chute<\/h3>\n\n\n\n<p>Le facteur de chute mesure l\u2019intensit\u00e9 d\u2019une chute. Il existe 3 niveaux de risques de chute (0, 1 et 2) calcul\u00e9s en fonction de la position du point d\u2019ancrage par rapport \u00e0 celle de l\u2019utilisateur. Il est fortement recommand\u00e9 d\u2019avoir le point d\u2019ancrage au-dessus de l\u2019utilisateur pour limiter la force de choc.<\/p>\n\n\n\n<figure class=\"wp-block-image size-full is-resized\"><img loading=\"lazy\" decoding=\"async\" src=\"https:\/\/master.myweb-fm.com\/wp-content\/uploads\/2022\/09\/facteur.jpg\" alt=\"\" class=\"wp-image-1841\" width=\"406\" height=\"237\" srcset=\"https:\/\/master.myweb-fm.com\/wp-content\/uploads\/2022\/09\/facteur.jpg 580w, https:\/\/master.myweb-fm.com\/wp-content\/uploads\/2022\/09\/facteur-300x175.jpg 300w\" sizes=\"auto, (max-width: 406px) 100vw, 406px\" \/><\/figure>\n\n\n\n<h3 class=\"wp-block-heading\" id=\"suspension\">L&#8217;effet pendulaire<\/h3>\n\n\n\n<p>L\u2019effet pendulaire repr\u00e9sente le risque de d\u00e9placement lat\u00e9ral de l\u2019utilisateur lors d\u2019une chute. Il peut entra\u00eener la collision contre le sol ou un obstacle et provoquer de graves l\u00e9sions. Il convient de placer le point d\u2019ancrage de la longe le plus loin possible d\u2019un obstacle et d\u2019\u00e9viter d\u2019\u00eatre en situation de chute de facteur 2.<\/p>\n\n\n\n<figure class=\"wp-block-image size-full is-resized\"><img loading=\"lazy\" decoding=\"async\" src=\"https:\/\/master.myweb-fm.com\/wp-content\/uploads\/2022\/09\/pendulum-effect.jpg\" alt=\"\" class=\"wp-image-1847\" width=\"190\" height=\"205\" srcset=\"https:\/\/master.myweb-fm.com\/wp-content\/uploads\/2022\/09\/pendulum-effect.jpg 314w, https:\/\/master.myweb-fm.com\/wp-content\/uploads\/2022\/09\/pendulum-effect-279x300.jpg 279w, https:\/\/master.myweb-fm.com\/wp-content\/uploads\/2022\/09\/pendulum-effect-184x200.jpg 184w\" sizes=\"auto, (max-width: 190px) 100vw, 190px\" \/><\/figure>\n\n\n\n<h3 class=\"wp-block-heading\" id=\"suspension\">Le tirant d&#8217;air<\/h3>\n\n\n\n<p>Le tirant d\u2019air est la distance n\u00e9cessaire entre le point d\u2019ancrage et la surface au sol. Il d\u00e9pend de la position du point d\u2019ancrage et du dispositif anti-chute choisi. Le tirant d\u2019air disponible est la distance entre la structure sur laquelle travaille l\u2019utilisateur et l\u2019obstacle le plus proche. Le tirant d\u2019air requis est la distance minimale pour qu\u2019un utilisateur chute sans risque d\u2019heurter le sol ou l\u2019obstacle le plus proche.<\/p>\n\n\n\n<figure class=\"wp-block-image size-full is-resized\"><img loading=\"lazy\" decoding=\"async\" src=\"https:\/\/master.myweb-fm.com\/wp-content\/uploads\/2022\/09\/tirant.jpg\" alt=\"\" class=\"wp-image-1853\" width=\"409\" height=\"237\" srcset=\"https:\/\/master.myweb-fm.com\/wp-content\/uploads\/2022\/09\/tirant.jpg 580w, https:\/\/master.myweb-fm.com\/wp-content\/uploads\/2022\/09\/tirant-300x175.jpg 300w\" sizes=\"auto, (max-width: 409px) 100vw, 409px\" \/><\/figure>\n\n\n\n<h2 class=\"wp-block-heading\" id=\"verifications-epi\">V\u00e9rification des E.P.I.<\/h2>\n\n\n\n<p>Comme tous les \u00e9quipements de chantier, les \u00e9quipements de protection individuelle (E.P.I.) sont soumis \u00e0 l&#8217;usure, aux d\u00e9gradations, aux souillures, etc. Pour \u00eatre en conformit\u00e9 avec la l\u00e9gislation et pour \u00eatre s\u00fbr d\u2019utiliser des \u00e9quipements en parfait \u00e9tat, tous les E.P.I. doivent faire l\u2019objet d\u2019une v\u00e9rification annuelle. Le PV de v\u00e9rification doit \u00eatre consign\u00e9 dans le registre de s\u00e9curit\u00e9. En cas de doute, retirez imm\u00e9diatement tout produit de la circulation.<\/p>\n\n\n\n<p>Deux types de contr\u00f4les sont \u00e0 effectuer quelque que soit la situation, afin de s\u00e9curiser au mieux les utilisateurs&nbsp;:<\/p>\n\n\n\n<h3 class=\"wp-block-heading\" id=\"suspension\">1. Premier contr\u00f4le par l\u2019utilisateur avant toute utilisation de l\u2019E.P.I.<\/h3>\n\n\n\n<p>Ce contr\u00f4le rapide mais important doit \u00eatre effectu\u00e9 par l\u2019utilisateur avant toute utilisation de l\u2019E.P.I. pour s&#8217;assurer que celui-ci est conforme et en bon \u00e9tat pour assurer une parfaite s\u00e9curit\u00e9.<\/p>\n\n\n\n<p>Cette v\u00e9rification est obligatoire et encadr\u00e9e par l&#8217;arr\u00eat\u00e9 du 19 mars 1993 &#8211; article R. 233-42-2 du code du travail. Ce contr\u00f4le requiert que chaque utilisateur doit \u00eatre form\u00e9 et sensibilis\u00e9 \u00e0 la d\u00e9tection des probl\u00e8mes sur leurs mat\u00e9riels E.P.I.<\/p>\n\n\n\n<h3 class=\"wp-block-heading\" id=\"suspension\">2. Seconde v\u00e9rification p\u00e9riodique annuelle des \u00e9quipements<\/h3>\n\n\n\n<p>Il est obligatoire de faire r\u00e9aliser une v\u00e9rification de p\u00e9riodicit\u00e9 annuelle sur vos \u00e9quipements par des personnes comp\u00e9tentes. Ce contr\u00f4le est indispensable pour garantir la s\u00e9curit\u00e9 des salari\u00e9s dans leur travail.<\/p>\n\n\n\n<p>Les contr\u00f4les de vos EPI doivent \u00eatre effectu\u00e9s par des personnes comp\u00e9tentes&nbsp;: salari\u00e9s ou organismes externes. Celles-ci doivent \u00eatre form\u00e9s sp\u00e9cifiquement pour effectuer les v\u00e9rifications ad\u00e9quates sur vos \u00e9quipements de protection individuelle.<\/p>\n\n\n\n<p>Si aucune anomalie n\u2019est constat\u00e9e, un certificat de contr\u00f4le E.P.I. est remis \u00e0 l\u2019entreprise, attestant de la conformit\u00e9 des \u00e9quipements utilis\u00e9s.<\/p>\n\n\n\n<p><strong><mark style=\"background-color:#ffffff\" class=\"has-inline-color has-luminous-vivid-orange-color\">Nous proposons des sessions de v\u00e9rification des E.P.I. r\u00e9alis\u00e9es par nos experts de l\u2019acc\u00e8s en hauteur afin d\u2019assurer le suivi et le maintien des produits dans les meilleures conditions.<\/mark><\/strong><\/p>\n\n\n\n<p>Un syst\u00e8me d\u2019enregistrement de vos E.P.I. est disponible sur notre site. Vous recevrez par email vos alertes aux dates de v\u00e9rification et des informations r\u00e9glementaires et normatives.<\/p>\n\n\n\n<div class=\"wp-block-columns is-layout-flex wp-container-core-columns-is-layout-9d6595d7 wp-block-columns-is-layout-flex\">\n<div class=\"wp-block-column is-layout-flow wp-block-column-is-layout-flow\"><div class=\"mycms-richdownload\"><h3 class=\"mycms-txt--h3 mycms-txt--color-onyx mycms-txt--uppercase mycms-margin-bottom--40\">Catalogue 1<\/h3><p><a href=\"\" title=\"\" data-filename=\"\" data-doctype=\"\" class=\"mycms-link mycms-link--download\" target=\"_blank\">T\u00e9l\u00e9charger<\/a><\/p><\/div><\/div>\n\n\n\n<div class=\"wp-block-column is-layout-flow wp-block-column-is-layout-flow\"><div class=\"mycms-richdownload\"><h3 class=\"mycms-txt--h3 mycms-txt--color-onyx mycms-txt--uppercase mycms-margin-bottom--40\">Plaquette Unyc<\/h3><p><a href=\"\" title=\"\" data-filename=\"\" data-doctype=\"\" class=\"mycms-link mycms-link--download\" target=\"_blank\">T\u00e9l\u00e9charger<\/a><\/p><\/div><\/div>\n\n\n\n<div class=\"wp-block-column is-layout-flow wp-block-column-is-layout-flow\"><section class=\"section-group\">\n<div class=\"wp-block-group is-layout-flow wp-block-group-is-layout-flow\"><div class=\"mycms-richdownload\"><h3 class=\"mycms-txt--h3 mycms-txt--color-onyx mycms-txt--uppercase mycms-margin-bottom--40\">Catalogue 3 &#8211; aligner gauche<\/h3><p><a href=\"\" title=\"\" data-filename=\"\" data-doctype=\"\" class=\"mycms-link mycms-link--download\" target=\"_blank\">T\u00e9l\u00e9charger<\/a><\/p><\/div><\/div>\n<\/section><\/div>\n<\/div>\n<\/div>\n<\/section>","protected":false},"excerpt":{"rendered":"<p>De nombreux travailleurs sont amen\u00e9s \u00e0 travailler en hauteur : professionnels du BTP, agents de r\u00e9seaux \u00e9lectriques, agents d\u2019entretien et techniciens de maintenance des entreprises\u2026 Les chutes de hauteur sont les plus grandes causes d\u2019accidents mortels sur le lieu de travail. Lorsqu\u2019il y a impossibilit\u00e9 technique de mettre en \u0153uvre des protections collectives, le recours [&hellip;]<\/p>\n","protected":false},"author":1,"featured_media":0,"parent":0,"menu_order":0,"comment_status":"closed","ping_status":"closed","template":"","meta":{"_acf_changed":false,"footnotes":""},"class_list":["post-2","page","type-page","status-publish","hentry"],"acf":[],"yoast_head":"<!-- This site is optimized with the Yoast SEO plugin v27.3 - https:\/\/yoast.com\/product\/yoast-seo-wordpress\/ -->\n<title>EPI anti-chute : comment faire le bon choix ? - Instance master - Old Unyc<\/title>\n<meta name=\"robots\" content=\"noindex, follow, max-snippet:-1, max-image-preview:large, max-video-preview:-1\" \/>\n<meta property=\"og:locale\" content=\"fr_FR\" \/>\n<meta property=\"og:type\" content=\"article\" \/>\n<meta property=\"og:title\" content=\"EPI anti-chute : comment faire le bon choix ? - Instance master - Old Unyc\" \/>\n<meta property=\"og:description\" content=\"De nombreux travailleurs sont amen\u00e9s \u00e0 travailler en hauteur : professionnels du BTP, agents de r\u00e9seaux \u00e9lectriques, agents d\u2019entretien et techniciens de maintenance des entreprises\u2026 Les chutes de hauteur sont les plus grandes causes d\u2019accidents mortels sur le lieu de travail. Lorsqu\u2019il y a impossibilit\u00e9 technique de mettre en \u0153uvre des protections collectives, le recours [&hellip;]\" \/>\n<meta property=\"og:url\" content=\"https:\/\/master.myweb-fm.com\/fr\/conseils\/\" \/>\n<meta property=\"og:site_name\" content=\"Instance master - Old Unyc\" \/>\n<meta property=\"article:modified_time\" content=\"2023-07-26T09:21:41+00:00\" \/>\n<meta property=\"og:image\" content=\"https:\/\/master.myweb-fm.com\/wp-content\/uploads\/2022\/07\/Image_banner_edito@2x-1024x369.jpg\" \/>\n<meta name=\"twitter:card\" content=\"summary_large_image\" \/>\n<meta name=\"twitter:label1\" content=\"Dur\u00e9e de lecture estim\u00e9e\" \/>\n\t<meta name=\"twitter:data1\" content=\"7 minutes\" \/>\n<script type=\"application\/ld+json\" class=\"yoast-schema-graph\">{\"@context\":\"https:\\\/\\\/schema.org\",\"@graph\":[{\"@type\":\"WebPage\",\"@id\":\"https:\\\/\\\/master.myweb-fm.com\\\/fr\\\/conseils\\\/\",\"url\":\"https:\\\/\\\/master.myweb-fm.com\\\/fr\\\/conseils\\\/\",\"name\":\"EPI anti-chute : comment faire le bon choix ? - Instance master - Old Unyc\",\"isPartOf\":{\"@id\":\"https:\\\/\\\/master.myweb-fm.com\\\/fr\\\/#website\"},\"primaryImageOfPage\":{\"@id\":\"https:\\\/\\\/master.myweb-fm.com\\\/fr\\\/conseils\\\/#primaryimage\"},\"image\":{\"@id\":\"https:\\\/\\\/master.myweb-fm.com\\\/fr\\\/conseils\\\/#primaryimage\"},\"thumbnailUrl\":\"https:\\\/\\\/master.myweb-fm.com\\\/wp-content\\\/uploads\\\/2022\\\/07\\\/Image_banner_edito@2x-1024x369.jpg\",\"datePublished\":\"2022-06-23T12:30:58+00:00\",\"dateModified\":\"2023-07-26T09:21:41+00:00\",\"inLanguage\":\"fr-FR\",\"potentialAction\":[{\"@type\":\"ReadAction\",\"target\":[\"https:\\\/\\\/master.myweb-fm.com\\\/fr\\\/conseils\\\/\"]}]},{\"@type\":\"ImageObject\",\"inLanguage\":\"fr-FR\",\"@id\":\"https:\\\/\\\/master.myweb-fm.com\\\/fr\\\/conseils\\\/#primaryimage\",\"url\":\"https:\\\/\\\/master.myweb-fm.com\\\/wp-content\\\/uploads\\\/2022\\\/07\\\/Image_banner_edito@2x-1024x369.jpg\",\"contentUrl\":\"https:\\\/\\\/master.myweb-fm.com\\\/wp-content\\\/uploads\\\/2022\\\/07\\\/Image_banner_edito@2x-1024x369.jpg\"},{\"@type\":\"WebSite\",\"@id\":\"https:\\\/\\\/master.myweb-fm.com\\\/fr\\\/#website\",\"url\":\"https:\\\/\\\/master.myweb-fm.com\\\/fr\\\/\",\"name\":\"Instance master - Old Unyc\",\"description\":\"Fr\u00e9n\u00e9hard &amp; Michaux\",\"potentialAction\":[{\"@type\":\"SearchAction\",\"target\":{\"@type\":\"EntryPoint\",\"urlTemplate\":\"https:\\\/\\\/master.myweb-fm.com\\\/fr\\\/?s={search_term_string}\"},\"query-input\":{\"@type\":\"PropertyValueSpecification\",\"valueRequired\":true,\"valueName\":\"search_term_string\"}}],\"inLanguage\":\"fr-FR\"}]}<\/script>\n<!-- \/ Yoast SEO plugin. -->","yoast_head_json":{"title":"EPI anti-chute : comment faire le bon choix ? - Instance master - Old Unyc","robots":{"index":"noindex","follow":"follow","max-snippet":"max-snippet:-1","max-image-preview":"max-image-preview:large","max-video-preview":"max-video-preview:-1"},"og_locale":"fr_FR","og_type":"article","og_title":"EPI anti-chute : comment faire le bon choix ? - Instance master - Old Unyc","og_description":"De nombreux travailleurs sont amen\u00e9s \u00e0 travailler en hauteur : professionnels du BTP, agents de r\u00e9seaux \u00e9lectriques, agents d\u2019entretien et techniciens de maintenance des entreprises\u2026 Les chutes de hauteur sont les plus grandes causes d\u2019accidents mortels sur le lieu de travail. Lorsqu\u2019il y a impossibilit\u00e9 technique de mettre en \u0153uvre des protections collectives, le recours [&hellip;]","og_url":"https:\/\/master.myweb-fm.com\/fr\/conseils\/","og_site_name":"Instance master - Old Unyc","article_modified_time":"2023-07-26T09:21:41+00:00","og_image":[{"url":"https:\/\/master.myweb-fm.com\/wp-content\/uploads\/2022\/07\/Image_banner_edito@2x-1024x369.jpg","type":"","width":"","height":""}],"twitter_card":"summary_large_image","twitter_misc":{"Dur\u00e9e de lecture estim\u00e9e":"7 minutes"},"schema":{"@context":"https:\/\/schema.org","@graph":[{"@type":"WebPage","@id":"https:\/\/master.myweb-fm.com\/fr\/conseils\/","url":"https:\/\/master.myweb-fm.com\/fr\/conseils\/","name":"EPI anti-chute : comment faire le bon choix ? - Instance master - Old Unyc","isPartOf":{"@id":"https:\/\/master.myweb-fm.com\/fr\/#website"},"primaryImageOfPage":{"@id":"https:\/\/master.myweb-fm.com\/fr\/conseils\/#primaryimage"},"image":{"@id":"https:\/\/master.myweb-fm.com\/fr\/conseils\/#primaryimage"},"thumbnailUrl":"https:\/\/master.myweb-fm.com\/wp-content\/uploads\/2022\/07\/Image_banner_edito@2x-1024x369.jpg","datePublished":"2022-06-23T12:30:58+00:00","dateModified":"2023-07-26T09:21:41+00:00","inLanguage":"fr-FR","potentialAction":[{"@type":"ReadAction","target":["https:\/\/master.myweb-fm.com\/fr\/conseils\/"]}]},{"@type":"ImageObject","inLanguage":"fr-FR","@id":"https:\/\/master.myweb-fm.com\/fr\/conseils\/#primaryimage","url":"https:\/\/master.myweb-fm.com\/wp-content\/uploads\/2022\/07\/Image_banner_edito@2x-1024x369.jpg","contentUrl":"https:\/\/master.myweb-fm.com\/wp-content\/uploads\/2022\/07\/Image_banner_edito@2x-1024x369.jpg"},{"@type":"WebSite","@id":"https:\/\/master.myweb-fm.com\/fr\/#website","url":"https:\/\/master.myweb-fm.com\/fr\/","name":"Instance master - Old Unyc","description":"Fr\u00e9n\u00e9hard &amp; Michaux","potentialAction":[{"@type":"SearchAction","target":{"@type":"EntryPoint","urlTemplate":"https:\/\/master.myweb-fm.com\/fr\/?s={search_term_string}"},"query-input":{"@type":"PropertyValueSpecification","valueRequired":true,"valueName":"search_term_string"}}],"inLanguage":"fr-FR"}]}},"_links":{"self":[{"href":"https:\/\/master.myweb-fm.com\/fr\/wp-json\/wp\/v2\/pages\/2","targetHints":{"allow":["GET"]}}],"collection":[{"href":"https:\/\/master.myweb-fm.com\/fr\/wp-json\/wp\/v2\/pages"}],"about":[{"href":"https:\/\/master.myweb-fm.com\/fr\/wp-json\/wp\/v2\/types\/page"}],"author":[{"embeddable":true,"href":"https:\/\/master.myweb-fm.com\/fr\/wp-json\/wp\/v2\/users\/1"}],"replies":[{"embeddable":true,"href":"https:\/\/master.myweb-fm.com\/fr\/wp-json\/wp\/v2\/comments?post=2"}],"version-history":[{"count":1,"href":"https:\/\/master.myweb-fm.com\/fr\/wp-json\/wp\/v2\/pages\/2\/revisions"}],"predecessor-version":[{"id":8164,"href":"https:\/\/master.myweb-fm.com\/fr\/wp-json\/wp\/v2\/pages\/2\/revisions\/8164"}],"wp:attachment":[{"href":"https:\/\/master.myweb-fm.com\/fr\/wp-json\/wp\/v2\/media?parent=2"}],"curies":[{"name":"wp","href":"https:\/\/api.w.org\/{rel}","templated":true}]}}