{"id":193,"date":"2022-07-04T08:24:26","date_gmt":"2022-07-04T08:24:26","guid":{"rendered":"https:\/\/master.myweb-fm.com\/?page_id=193"},"modified":"2023-12-01T17:40:35","modified_gmt":"2023-12-01T16:40:35","slug":"contact","status":"publish","type":"page","link":"https:\/\/master.myweb-fm.com\/fr\/contact\/","title":{"rendered":"Contact"},"content":{"rendered":"\n<p class=\"has-text-align-center\">Besoin d\u2019aide&nbsp;?<strong> Nos \u00e9quipes sont \u00e0 votre disposition.<\/strong><br>Pour nous aider \u00e0 toujours mieux r\u00e9pondre \u00e0 vos attentes, n&#8217;h\u00e9sitez pas \u00e0 nous contacter en remplissant le formulaire ci-dessous. <strong>Votre message sera transmis au service concern\u00e9 qui traitera votre demande.<\/strong><\/p>\n\n\n\n<div style=\"height:30px\" aria-hidden=\"true\" class=\"wp-block-spacer\"><\/div>\n\n\n\n<div class=\"wp-block-columns has-mycms-white-background-color has-background is-layout-flex wp-container-core-columns-is-layout-9d6595d7 wp-block-columns-is-layout-flex\">\n<div class=\"wp-block-column is-layout-flow wp-block-column-is-layout-flow\">\n<div class=\"wpcf7 no-js\" id=\"wpcf7-f194-o1\" lang=\"fr-FR\" dir=\"ltr\" data-wpcf7-id=\"194\">\n<div class=\"screen-reader-response\"><p role=\"status\" aria-live=\"polite\" aria-atomic=\"true\"><\/p> <ul><\/ul><\/div>\n<form action=\"\/fr\/wp-json\/wp\/v2\/pages\/193#wpcf7-f194-o1\" method=\"post\" class=\"wpcf7-form init form contact-form mycms-form wpcf7-acceptance-as-validation\" id=\"mycms-contact-form\" aria-label=\"Formulaire de contact\" novalidate=\"novalidate\" data-status=\"init\">\n<fieldset class=\"hidden-fields-container\"><input type=\"hidden\" name=\"_wpcf7\" value=\"194\" \/><input type=\"hidden\" name=\"_wpcf7_version\" value=\"6.1.5\" \/><input type=\"hidden\" name=\"_wpcf7_locale\" value=\"fr_FR\" \/><input type=\"hidden\" name=\"_wpcf7_unit_tag\" value=\"wpcf7-f194-o1\" \/><input type=\"hidden\" name=\"_wpcf7_container_post\" value=\"0\" \/><input type=\"hidden\" name=\"_wpcf7_posted_data_hash\" value=\"\" \/><input type=\"hidden\" name=\"_wpcf7cf_hidden_group_fields\" value=\"[]\" \/><input type=\"hidden\" name=\"_wpcf7cf_hidden_groups\" value=\"[]\" \/><input type=\"hidden\" name=\"_wpcf7cf_visible_groups\" value=\"[]\" \/><input type=\"hidden\" name=\"_wpcf7cf_repeaters\" value=\"[]\" \/><input type=\"hidden\" name=\"_wpcf7cf_steps\" value=\"{}\" \/><input type=\"hidden\" name=\"_wpcf7cf_options\" value=\"{&quot;form_id&quot;:194,&quot;conditions&quot;:[],&quot;settings&quot;:{&quot;animation&quot;:&quot;yes&quot;,&quot;animation_intime&quot;:200,&quot;animation_outtime&quot;:200,&quot;conditions_ui&quot;:&quot;normal&quot;,&quot;notice_dismissed&quot;:false}}\" \/>\n<\/fieldset>\n<span class=\"mycsm-legend\">* Champs obligatoires<\/span>\n\n<label class=\"mycms-form--label required\">Nom <\/label>\n<span class=\"wpcf7-form-control-wrap\" data-name=\"your-lastname\"><input size=\"40\" maxlength=\"400\" class=\"wpcf7-form-control wpcf7-text wpcf7-validates-as-required\" aria-required=\"true\" aria-invalid=\"false\" value=\"\" type=\"text\" name=\"your-lastname\" \/><\/span>\n\n<label class=\"mycms-form--label required\">Pr\u00e9nom <\/label>\n<span class=\"wpcf7-form-control-wrap\" data-name=\"your-firstname\"><input size=\"40\" maxlength=\"400\" class=\"wpcf7-form-control wpcf7-text wpcf7-validates-as-required\" aria-required=\"true\" aria-invalid=\"false\" value=\"\" type=\"text\" name=\"your-firstname\" \/><\/span>\n\n<label class=\"mycms-form--label required\">Adresse e-mail<\/label>\n<span class=\"wpcf7-form-control-wrap\" data-name=\"your-email\"><input size=\"40\" maxlength=\"400\" class=\"wpcf7-form-control wpcf7-email wpcf7-validates-as-required wpcf7-text wpcf7-validates-as-email\" aria-required=\"true\" aria-invalid=\"false\" value=\"\" type=\"email\" name=\"your-email\" \/><\/span>\n\n<label class=\"mycms-form--label required\"> T\u00e9l\u00e9phone<\/label>\n<span class=\"wpcf7-form-control-wrap\" data-name=\"your-phone\"><input size=\"40\" maxlength=\"400\" class=\"wpcf7-form-control wpcf7-tel wpcf7-validates-as-required wpcf7-text wpcf7-validates-as-tel\" aria-required=\"true\" aria-invalid=\"false\" value=\"\" type=\"tel\" name=\"your-phone\" \/><\/span>\n\n<label class=\"mycms-form--label required\"> Revendeur habituel<\/label>\n<span class=\"wpcf7-form-control-wrap reseller\" data-name=\"reseller\"><select type=\"select\" name=\"reseller\" class=\"wpcf7-form-control wpcf7-resellers wpcf7-validates-as-required wpcf7-reseller\" aria-invalid=\"false\" aria-required=\"true\" ><option value=\"-1\">S\u00e9lectionner<\/option><option value=\"COFAQ\">COFAQ<\/option><option value=\"Descours &#038; Cabaud\">Descours &#038; Cabaud<\/option><option value=\"Gamesystem\">Gamesystem<\/option><option value=\"Master Pro\">Master Pro<\/option><option value=\"X\">X<\/option><\/select><\/span>\n\n<label class=\"mycms-form--label required\"> Message<\/label>\n<span class=\"wpcf7-form-control-wrap\" data-name=\"your-message\"><textarea cols=\"40\" rows=\"10\" maxlength=\"2000\" class=\"wpcf7-form-control wpcf7-textarea wpcf7-validates-as-required\" aria-required=\"true\" aria-invalid=\"false\" name=\"your-message\"><\/textarea><\/span>\n\n<span class=\"wpcf7-form-control-wrap\" data-name=\"your-consent\"><span class=\"wpcf7-form-control wpcf7-acceptance optional\"><span class=\"wpcf7-list-item\"><label><input type=\"checkbox\" name=\"your-consent\" value=\"1\" aria-invalid=\"false\" \/><span class=\"wpcf7-list-item-label\">J'accepte de recevoir les offres UNYC par email.<\/span><\/label><\/span><\/span><\/span>\n\n<span class=\"wpcf7-form-control-wrap\" data-name=\"rgpd-contact\"><span class=\"wpcf7-form-control wpcf7-acceptance\"><span class=\"wpcf7-list-item\"><label><input type=\"checkbox\" name=\"rgpd-contact\" value=\"1\" class=\"optin\" id=\"rgpd-contact\" aria-invalid=\"false\" \/><span class=\"wpcf7-list-item-label\"><label class=\"mycms-form--label required\">J\u2019accepte les <a href='\/conditions-generales-dutilisation-du-site-unyc-com\/' target='_blank'>conditions d\u2019utilisation<\/a> et la <a href='\/politique-de-confidentialite-du-site\/' target='_blank'>politique de confidentialit\u00e9<\/a> du site<\/label><\/span><\/label><\/span><\/span><\/span>\n\n<span id=\"wpcf7-69dddb9a7bef8-wrapper\" class=\"wpcf7-form-control-wrap lieudenaissance-wrap\" ><input type=\"hidden\" name=\"lieudenaissance-time-start\" value=\"1776147354\"><input type=\"hidden\" name=\"lieudenaissance-time-check\" value=\"3\"><input id=\"wpcf7-69dddb9a7bef8-field\"  class=\"wpcf7-form-control wpcf7-text\" type=\"text\" name=\"lieudenaissance\" value=\"\" size=\"40\" tabindex=\"-1\" autocomplete=\"off\" \/><\/span>\n\n<input class=\"wpcf7-form-control wpcf7-submit has-spinner\" type=\"submit\" value=\"Envoyer\" \/><div class=\"wpcf7-response-output\" aria-hidden=\"true\"><\/div>\n<\/form>\n<\/div>\n\n<\/div>\n\n\n\n<div class=\"wp-block-column is-layout-flow wp-block-column-is-layout-flow\">    <div class=\"mycms-mediatextphone mediatextphone\">\n                    <div class=\"mycms-mediatextphone--media\">\n        <img loading=\"lazy\" decoding=\"async\" width=\"350\" height=\"295\" src=\"https:\/\/master.myweb-fm.com\/wp-content\/uploads\/2022\/07\/IMG_contact.jpg\" class=\"attachment-full size-full\" alt=\"Unyc - Contactez nous\" srcset=\"https:\/\/master.myweb-fm.com\/wp-content\/uploads\/2022\/07\/IMG_contact.jpg 350w, https:\/\/master.myweb-fm.com\/wp-content\/uploads\/2022\/07\/IMG_contact-300x253.jpg 300w\" sizes=\"auto, (max-width: 350px) 100vw, 350px\" \/>                <\/div>\n                    <div class=\"mycms-mediatextphone--description\">\n                <div class=\"mycms-txt mycms-txt--color-onyx-light\">Nos \u00e9quipes sont \u00e9galement \u00e0 votre service par t\u00e9l\u00e9phone.<\/div><a class=\"mycms-link-more phone-cta-display\" href=\"#\" title=\"+33 (0) 4 80 16 10 08\">Voir le num\u00e9ro de t\u00e9l\u00e9phone<\/a><a class=\"mycms-link-more phone-cta hidden\" href=\"tel:330480546589\" title=\"+33 (0) 4 80 16 10 08\">+33 (0) 4 80 16 10 08<\/a>                    <\/div>\n                                    <div class=\"mycms-mediatextphone--border-bottom\"><\/div>\n    <\/div>\n<\/div>\n<\/div>\n","protected":false},"excerpt":{"rendered":"<p>Besoin d\u2019aide&nbsp;? Nos \u00e9quipes sont \u00e0 votre disposition.Pour nous aider \u00e0 toujours mieux r\u00e9pondre \u00e0 vos attentes, n&#8217;h\u00e9sitez pas \u00e0 nous contacter en remplissant le formulaire ci-dessous. Votre message sera transmis au service concern\u00e9 qui traitera votre demande.<\/p>\n","protected":false},"author":1,"featured_media":0,"parent":0,"menu_order":0,"comment_status":"closed","ping_status":"closed","template":"","meta":{"_acf_changed":false,"footnotes":""},"class_list":["post-193","page","type-page","status-publish","hentry"],"acf":[],"yoast_head":"<!-- This site is optimized with the Yoast SEO plugin v27.3 - https:\/\/yoast.com\/product\/yoast-seo-wordpress\/ -->\n<title>Contact - Instance master - Old Unyc<\/title>\n<meta name=\"robots\" content=\"noindex, follow, max-snippet:-1, max-image-preview:large, max-video-preview:-1\" \/>\n<meta property=\"og:locale\" content=\"fr_FR\" \/>\n<meta property=\"og:type\" content=\"article\" \/>\n<meta property=\"og:title\" content=\"Contact - Instance master - Old Unyc\" \/>\n<meta property=\"og:description\" content=\"Besoin d\u2019aide&nbsp;? Nos \u00e9quipes sont \u00e0 votre disposition.Pour nous aider \u00e0 toujours mieux r\u00e9pondre \u00e0 vos attentes, n&#8217;h\u00e9sitez pas \u00e0 nous contacter en remplissant le formulaire ci-dessous. Votre message sera transmis au service concern\u00e9 qui traitera votre demande.\" \/>\n<meta property=\"og:url\" content=\"https:\/\/master.myweb-fm.com\/fr\/contact\/\" \/>\n<meta property=\"og:site_name\" content=\"Instance master - Old Unyc\" \/>\n<meta property=\"article:modified_time\" content=\"2023-12-01T16:40:35+00:00\" \/>\n<meta name=\"twitter:card\" content=\"summary_large_image\" \/>\n<meta name=\"twitter:label1\" content=\"Dur\u00e9e de lecture estim\u00e9e\" \/>\n\t<meta name=\"twitter:data1\" content=\"1 minute\" \/>\n<script type=\"application\/ld+json\" class=\"yoast-schema-graph\">{\"@context\":\"https:\\\/\\\/schema.org\",\"@graph\":[{\"@type\":\"WebPage\",\"@id\":\"https:\\\/\\\/master.myweb-fm.com\\\/fr\\\/contact\\\/\",\"url\":\"https:\\\/\\\/master.myweb-fm.com\\\/fr\\\/contact\\\/\",\"name\":\"Contact - Instance master - Old Unyc\",\"isPartOf\":{\"@id\":\"https:\\\/\\\/master.myweb-fm.com\\\/fr\\\/#website\"},\"datePublished\":\"2022-07-04T08:24:26+00:00\",\"dateModified\":\"2023-12-01T16:40:35+00:00\",\"inLanguage\":\"fr-FR\",\"potentialAction\":[{\"@type\":\"ReadAction\",\"target\":[\"https:\\\/\\\/master.myweb-fm.com\\\/fr\\\/contact\\\/\"]}]},{\"@type\":\"WebSite\",\"@id\":\"https:\\\/\\\/master.myweb-fm.com\\\/fr\\\/#website\",\"url\":\"https:\\\/\\\/master.myweb-fm.com\\\/fr\\\/\",\"name\":\"Instance master - Old Unyc\",\"description\":\"Fr\u00e9n\u00e9hard &amp; Michaux\",\"potentialAction\":[{\"@type\":\"SearchAction\",\"target\":{\"@type\":\"EntryPoint\",\"urlTemplate\":\"https:\\\/\\\/master.myweb-fm.com\\\/fr\\\/?s={search_term_string}\"},\"query-input\":{\"@type\":\"PropertyValueSpecification\",\"valueRequired\":true,\"valueName\":\"search_term_string\"}}],\"inLanguage\":\"fr-FR\"}]}<\/script>\n<!-- \/ Yoast SEO plugin. -->","yoast_head_json":{"title":"Contact - Instance master - Old Unyc","robots":{"index":"noindex","follow":"follow","max-snippet":"max-snippet:-1","max-image-preview":"max-image-preview:large","max-video-preview":"max-video-preview:-1"},"og_locale":"fr_FR","og_type":"article","og_title":"Contact - Instance master - Old Unyc","og_description":"Besoin d\u2019aide&nbsp;? Nos \u00e9quipes sont \u00e0 votre disposition.Pour nous aider \u00e0 toujours mieux r\u00e9pondre \u00e0 vos attentes, n&#8217;h\u00e9sitez pas \u00e0 nous contacter en remplissant le formulaire ci-dessous. Votre message sera transmis au service concern\u00e9 qui traitera votre demande.","og_url":"https:\/\/master.myweb-fm.com\/fr\/contact\/","og_site_name":"Instance master - Old Unyc","article_modified_time":"2023-12-01T16:40:35+00:00","twitter_card":"summary_large_image","twitter_misc":{"Dur\u00e9e de lecture estim\u00e9e":"1 minute"},"schema":{"@context":"https:\/\/schema.org","@graph":[{"@type":"WebPage","@id":"https:\/\/master.myweb-fm.com\/fr\/contact\/","url":"https:\/\/master.myweb-fm.com\/fr\/contact\/","name":"Contact - Instance master - Old Unyc","isPartOf":{"@id":"https:\/\/master.myweb-fm.com\/fr\/#website"},"datePublished":"2022-07-04T08:24:26+00:00","dateModified":"2023-12-01T16:40:35+00:00","inLanguage":"fr-FR","potentialAction":[{"@type":"ReadAction","target":["https:\/\/master.myweb-fm.com\/fr\/contact\/"]}]},{"@type":"WebSite","@id":"https:\/\/master.myweb-fm.com\/fr\/#website","url":"https:\/\/master.myweb-fm.com\/fr\/","name":"Instance master - Old Unyc","description":"Fr\u00e9n\u00e9hard &amp; Michaux","potentialAction":[{"@type":"SearchAction","target":{"@type":"EntryPoint","urlTemplate":"https:\/\/master.myweb-fm.com\/fr\/?s={search_term_string}"},"query-input":{"@type":"PropertyValueSpecification","valueRequired":true,"valueName":"search_term_string"}}],"inLanguage":"fr-FR"}]}},"_links":{"self":[{"href":"https:\/\/master.myweb-fm.com\/fr\/wp-json\/wp\/v2\/pages\/193","targetHints":{"allow":["GET"]}}],"collection":[{"href":"https:\/\/master.myweb-fm.com\/fr\/wp-json\/wp\/v2\/pages"}],"about":[{"href":"https:\/\/master.myweb-fm.com\/fr\/wp-json\/wp\/v2\/types\/page"}],"author":[{"embeddable":true,"href":"https:\/\/master.myweb-fm.com\/fr\/wp-json\/wp\/v2\/users\/1"}],"replies":[{"embeddable":true,"href":"https:\/\/master.myweb-fm.com\/fr\/wp-json\/wp\/v2\/comments?post=193"}],"version-history":[{"count":2,"href":"https:\/\/master.myweb-fm.com\/fr\/wp-json\/wp\/v2\/pages\/193\/revisions"}],"predecessor-version":[{"id":19725,"href":"https:\/\/master.myweb-fm.com\/fr\/wp-json\/wp\/v2\/pages\/193\/revisions\/19725"}],"wp:attachment":[{"href":"https:\/\/master.myweb-fm.com\/fr\/wp-json\/wp\/v2\/media?parent=193"}],"curies":[{"name":"wp","href":"https:\/\/api.w.org\/{rel}","templated":true}]}}