{"id":191,"date":"2022-07-04T08:22:32","date_gmt":"2022-07-04T06:22:32","guid":{"rendered":"https:\/\/master.myweb-fm.com\/?page_id=191"},"modified":"2022-11-23T18:41:16","modified_gmt":"2022-11-23T17:41:16","slug":"nos-services","status":"publish","type":"page","link":"https:\/\/master.myweb-fm.com\/fr\/nos-services\/","title":{"rendered":"Acc\u00e9der aux services Unyc"},"content":{"rendered":"\n<p class=\"has-text-align-center\">En cr\u00e9ant un compte, restez alert\u00e9 sur le suivi de vos EPI pour \u00eatre en r\u00e8gle dans la gestion de vos \u00e9quipements.<\/p>\n\n\n\n<div style=\"height:50px\" aria-hidden=\"true\" class=\"wp-block-spacer\"><\/div>\n\n\n<section class=\"mycms-content-wrapper mycms-grid-row--centered  mediatitlelist\">\n    <div class=\"mycms-mediatitlelist mycms-grid-row mycms-list--unstyled\">\n        <img loading=\"lazy\" decoding=\"async\" width=\"541\" height=\"360\" src=\"https:\/\/master.myweb-fm.com\/wp-content\/uploads\/2022\/08\/IMG_services_unyc-541x360.jpg\" class=\"attachment-mediatitlelist size-mediatitlelist\" alt=\"services_unyc_enregistrer_epi\" srcset=\"https:\/\/master.myweb-fm.com\/wp-content\/uploads\/2022\/08\/IMG_services_unyc.jpg 541w, https:\/\/master.myweb-fm.com\/wp-content\/uploads\/2022\/08\/IMG_services_unyc-300x200.jpg 300w, https:\/\/master.myweb-fm.com\/wp-content\/uploads\/2022\/08\/IMG_services_unyc-317x211.jpg 317w\" sizes=\"auto, (max-width: 541px) 100vw, 541px\" \/><div class=\"mycms-mediatitlelist--container mycms-grid-column-lg-6 mycms-grid-column-md-6 mycms-grid-column-sm-2 \"><h3 class=\"mycms-txt--h3 mycms-txt--color-onyx-light mycms-margin-bottom--30\">Comment \u00e7a marche ?<\/h3><ol class=\"mycms-mediatitlelist--list\"><li><span>Je me connecte ou je cr\u00e9\u00e9 un compte UNYC.<\/span><\/li><li><span>J&#8217;enregistre mon EPI.<\/span><\/li><li><span>Je re\u00e7ois une alerte pour faire v\u00e9rifier mon EPI, j&#8217;acc\u00e8de aux dates de v\u00e9rification organis\u00e9es par mon revendeur et je le contacte afin de prendre rendez-vous.<\/span><\/li><\/ol><\/div>    <\/div>\n<\/section>\n\n\n<div class=\"woocommerce wc_login\"><div class=\"woocommerce-notices-wrapper\"><\/div>\n\n<div class=\"u-columns col2-set\" id=\"customer_login\">\n    <ul class=\"customer-login--menu mycms-u-hidden--lg mycms-u-visible--sm\">\n        <li class=\"customer-login--menu-title active\" data-id=\"login\"><h2>Se connecter<\/h2><\/li>\n        <li class=\"customer-login--menu-title\" data-id=\"register\"><h2>S\u2019inscrire<\/h2><\/li>\n    <\/ul>\n\n\t<div class=\"u-column1 col-1 customer-login--form customer-login--login active\">\n\n\n\t\t<h2 class=\"mycms-u-visible--lg\">Se connecter<\/h2>\n\n\t\t<form class=\"woocommerce-form woocommerce-form-login login\" method=\"post\">\n\n\t\t\t\n\t\t\t<p class=\"woocommerce-form-row woocommerce-form-row--wide form-row form-row-wide\">\n\t\t\t\t<label for=\"username\">E-mail&nbsp;<span class=\"required\">*<\/span><\/label>\n\t\t\t\t<input type=\"text\" class=\"woocommerce-Input woocommerce-Input--text input-text\" name=\"username\" id=\"username\" autocomplete=\"username\" value=\"\" \/>\t\t\t<\/p>\n\t\t\t<p class=\"woocommerce-form-row woocommerce-form-row--wide form-row form-row-wide\">\n\t\t\t\t<label for=\"password\">Mot de passe&nbsp;<span class=\"required\">*<\/span><\/label>\n\t\t\t\t<input class=\"woocommerce-Input woocommerce-Input--text input-text\" type=\"password\" name=\"password\" id=\"password\" autocomplete=\"current-password\" \/>\n\t\t\t<\/p>\n\n\t\t\t\n\t\t\t<p class=\"form-row\">\n\t\t\t\t<label class=\"woocommerce-form__label woocommerce-form__label-for-checkbox woocommerce-form-login__rememberme\">\n\t\t\t\t\t<input class=\"woocommerce-form__input woocommerce-form__input-checkbox\" name=\"rememberme\" type=\"checkbox\" id=\"rememberme\" value=\"forever\" \/> <span>Se souvenir de moi<\/span>\n\t\t\t\t<\/label>\n\t\t\t\t<input type=\"hidden\" id=\"woocommerce-login-nonce\" name=\"woocommerce-login-nonce\" value=\"5d59edfe44\" \/><input type=\"hidden\" name=\"_wp_http_referer\" value=\"\/fr\/wp-json\/wp\/v2\/pages\/191\" \/>\t\t\t\t<button type=\"submit\" class=\"woocommerce-button button woocommerce-form-login__submit\" name=\"login\" value=\"Se connecter\">Se connecter<\/button>\n\t\t\t<\/p>\n\t\t\t<p class=\"woocommerce-LostPassword lost_password\">\n\t\t\t\t<a href=\"https:\/\/master.myweb-fm.com\/fr\/mon-compte\/lost-password\/\">Mot de passe perdu\u00a0?<\/a>\n\t\t\t<\/p>\n\n\t\t\t<span>*champs obligatoires<\/span>\n\t\t<\/form>\n\n\n\t<\/div>\n\n\t<div class=\"u-column2 col-2 customer-login--form customer-login--register\">\n\n\t\t<h2 class=\"mycms-u-visible--lg\">Inscription<\/h2>\n\n\t\t<form method=\"post\" class=\"woocommerce-form woocommerce-form-register register\"  >\n\n\t\t\t\n\t\t\t\n\t\t\t<p class=\"woocommerce-form-row woocommerce-form-row--wide form-row form-row-wide\">\n\t\t\t\t<label for=\"reg_email\">Adresse e-mail&nbsp;<span class=\"required\">*<\/span><\/label>\n\t\t\t\t<input type=\"email\" class=\"woocommerce-Input woocommerce-Input--text input-text\" name=\"email\" id=\"reg_email\" autocomplete=\"email\" value=\"\" \/>\t\t\t<\/p>\n\n\t\t\t\n\t\t\t\t<p class=\"woocommerce-form-row woocommerce-form-row--wide form-row form-row-wide\">\n\t\t\t\t\t<label for=\"reg_password\">Mot de passe&nbsp;<span class=\"required\">*<\/span><\/label>\n\t\t\t\t\t<input type=\"password\" class=\"woocommerce-Input woocommerce-Input--text input-text\" name=\"password\" id=\"reg_password\" autocomplete=\"new-password\" \/>\n\t\t\t\t<\/p>\n\n\t\t\t\n\t\t\t    <p class=\"woocommerce-form-row woocommerce-form-row--wide form-row form-row-wide\">\n        <label for=\"mycms-wc-account-zipcode\">Code postal&nbsp;<span class=\"required\">*<\/span><\/label>\n        <input type=\"text\" class=\"woocommerce-Input woocommerce-Input--text input-text\" name=\"mycms-wc-account-zipcode\" id=\"mycms-wc-account-zipcode\" autocomplete=\"mycms-wc-account-zipcode\" \/>\n    <\/p>\n<wc-order-attribution-inputs><\/wc-order-attribution-inputs><div class=\"woocommerce-privacy-policy-text\"><p>Your personal data will be used to support your experience throughout this website, to manage access to your account, and for other purposes described in our <a href=\"https:\/\/master.myweb-fm.com\/fr\/politique-de-confidentialite-du-site\/\" class=\"woocommerce-privacy-policy-link\" target=\"_blank\">politique de confidentialit\u00e9<\/a>.<\/p>\n<\/div>\n\t\t\t<p class=\"woocommerce-form-row form-row\">\n\t\t\t\t<input type=\"hidden\" id=\"woocommerce-register-nonce\" name=\"woocommerce-register-nonce\" value=\"debbb54b13\" \/><input type=\"hidden\" name=\"_wp_http_referer\" value=\"\/fr\/wp-json\/wp\/v2\/pages\/191\" \/>\t\t\t\t<button type=\"submit\" class=\"woocommerce-Button woocommerce-button button woocommerce-form-register__submit\" name=\"register\" value=\"S\u2019inscrire\">S&#039;inscrire<\/button>\n\t\t\t<\/p>\n\n\t\t\t<span>*champs obligatoires<\/span>\n\t\t<\/form>\n\n\t<\/div>\n\n<\/div>\n\n<\/div>\n\n","protected":false},"excerpt":{"rendered":"<p>En cr\u00e9ant un compte, restez alert\u00e9 sur le suivi de vos EPI pour \u00eatre en r\u00e8gle dans la gestion de vos \u00e9quipements.<\/p>\n","protected":false},"author":1,"featured_media":0,"parent":0,"menu_order":0,"comment_status":"closed","ping_status":"closed","template":"page-bg-grey.php","meta":{"_acf_changed":false,"footnotes":""},"class_list":["post-191","page","type-page","status-publish","hentry"],"acf":[],"yoast_head":"<!-- This site is optimized with the Yoast SEO plugin v27.3 - https:\/\/yoast.com\/product\/yoast-seo-wordpress\/ -->\n<title>Nos services - Instance master - Old Unyc<\/title>\n<meta name=\"robots\" content=\"noindex, follow, max-snippet:-1, max-image-preview:large, max-video-preview:-1\" \/>\n<meta property=\"og:locale\" content=\"fr_FR\" \/>\n<meta property=\"og:type\" content=\"article\" \/>\n<meta property=\"og:title\" content=\"Nos services - Instance master - Old Unyc\" \/>\n<meta property=\"og:description\" content=\"En cr\u00e9ant un compte, restez alert\u00e9 sur le suivi de vos EPI pour \u00eatre en r\u00e8gle dans la gestion de vos \u00e9quipements.\" \/>\n<meta property=\"og:url\" content=\"https:\/\/master.myweb-fm.com\/fr\/nos-services\/\" \/>\n<meta property=\"og:site_name\" content=\"Instance master - Old Unyc\" \/>\n<meta property=\"article:modified_time\" content=\"2022-11-23T17:41:16+00:00\" \/>\n<meta name=\"twitter:card\" content=\"summary_large_image\" \/>\n<meta name=\"twitter:label1\" content=\"Dur\u00e9e de lecture estim\u00e9e\" \/>\n\t<meta name=\"twitter:data1\" content=\"1 minute\" \/>\n<script type=\"application\/ld+json\" class=\"yoast-schema-graph\">{\"@context\":\"https:\\\/\\\/schema.org\",\"@graph\":[{\"@type\":\"WebPage\",\"@id\":\"https:\\\/\\\/master.myweb-fm.com\\\/fr\\\/nos-services\\\/\",\"url\":\"https:\\\/\\\/master.myweb-fm.com\\\/fr\\\/nos-services\\\/\",\"name\":\"Nos services - Instance master - Old Unyc\",\"isPartOf\":{\"@id\":\"https:\\\/\\\/master.myweb-fm.com\\\/fr\\\/#website\"},\"datePublished\":\"2022-07-04T06:22:32+00:00\",\"dateModified\":\"2022-11-23T17:41:16+00:00\",\"inLanguage\":\"fr-FR\",\"potentialAction\":[{\"@type\":\"ReadAction\",\"target\":[\"https:\\\/\\\/master.myweb-fm.com\\\/fr\\\/nos-services\\\/\"]}]},{\"@type\":\"WebSite\",\"@id\":\"https:\\\/\\\/master.myweb-fm.com\\\/fr\\\/#website\",\"url\":\"https:\\\/\\\/master.myweb-fm.com\\\/fr\\\/\",\"name\":\"Instance master - Old Unyc\",\"description\":\"Fr\u00e9n\u00e9hard &amp; Michaux\",\"potentialAction\":[{\"@type\":\"SearchAction\",\"target\":{\"@type\":\"EntryPoint\",\"urlTemplate\":\"https:\\\/\\\/master.myweb-fm.com\\\/fr\\\/?s={search_term_string}\"},\"query-input\":{\"@type\":\"PropertyValueSpecification\",\"valueRequired\":true,\"valueName\":\"search_term_string\"}}],\"inLanguage\":\"fr-FR\"}]}<\/script>\n<!-- \/ Yoast SEO plugin. -->","yoast_head_json":{"title":"Nos services - Instance master - Old Unyc","robots":{"index":"noindex","follow":"follow","max-snippet":"max-snippet:-1","max-image-preview":"max-image-preview:large","max-video-preview":"max-video-preview:-1"},"og_locale":"fr_FR","og_type":"article","og_title":"Nos services - Instance master - Old Unyc","og_description":"En cr\u00e9ant un compte, restez alert\u00e9 sur le suivi de vos EPI pour \u00eatre en r\u00e8gle dans la gestion de vos \u00e9quipements.","og_url":"https:\/\/master.myweb-fm.com\/fr\/nos-services\/","og_site_name":"Instance master - Old Unyc","article_modified_time":"2022-11-23T17:41:16+00:00","twitter_card":"summary_large_image","twitter_misc":{"Dur\u00e9e de lecture estim\u00e9e":"1 minute"},"schema":{"@context":"https:\/\/schema.org","@graph":[{"@type":"WebPage","@id":"https:\/\/master.myweb-fm.com\/fr\/nos-services\/","url":"https:\/\/master.myweb-fm.com\/fr\/nos-services\/","name":"Nos services - Instance master - Old Unyc","isPartOf":{"@id":"https:\/\/master.myweb-fm.com\/fr\/#website"},"datePublished":"2022-07-04T06:22:32+00:00","dateModified":"2022-11-23T17:41:16+00:00","inLanguage":"fr-FR","potentialAction":[{"@type":"ReadAction","target":["https:\/\/master.myweb-fm.com\/fr\/nos-services\/"]}]},{"@type":"WebSite","@id":"https:\/\/master.myweb-fm.com\/fr\/#website","url":"https:\/\/master.myweb-fm.com\/fr\/","name":"Instance master - Old Unyc","description":"Fr\u00e9n\u00e9hard &amp; Michaux","potentialAction":[{"@type":"SearchAction","target":{"@type":"EntryPoint","urlTemplate":"https:\/\/master.myweb-fm.com\/fr\/?s={search_term_string}"},"query-input":{"@type":"PropertyValueSpecification","valueRequired":true,"valueName":"search_term_string"}}],"inLanguage":"fr-FR"}]}},"_links":{"self":[{"href":"https:\/\/master.myweb-fm.com\/fr\/wp-json\/wp\/v2\/pages\/191","targetHints":{"allow":["GET"]}}],"collection":[{"href":"https:\/\/master.myweb-fm.com\/fr\/wp-json\/wp\/v2\/pages"}],"about":[{"href":"https:\/\/master.myweb-fm.com\/fr\/wp-json\/wp\/v2\/types\/page"}],"author":[{"embeddable":true,"href":"https:\/\/master.myweb-fm.com\/fr\/wp-json\/wp\/v2\/users\/1"}],"replies":[{"embeddable":true,"href":"https:\/\/master.myweb-fm.com\/fr\/wp-json\/wp\/v2\/comments?post=191"}],"version-history":[{"count":1,"href":"https:\/\/master.myweb-fm.com\/fr\/wp-json\/wp\/v2\/pages\/191\/revisions"}],"predecessor-version":[{"id":19806,"href":"https:\/\/master.myweb-fm.com\/fr\/wp-json\/wp\/v2\/pages\/191\/revisions\/19806"}],"wp:attachment":[{"href":"https:\/\/master.myweb-fm.com\/fr\/wp-json\/wp\/v2\/media?parent=191"}],"curies":[{"name":"wp","href":"https:\/\/api.w.org\/{rel}","templated":true}]}}