{"id":1462,"date":"2022-08-22T16:40:18","date_gmt":"2022-08-22T14:40:18","guid":{"rendered":"https:\/\/master.myweb-fm.com\/?page_id=1462"},"modified":"2024-02-15T15:42:05","modified_gmt":"2024-02-15T14:42:05","slug":"mentions-legales-du-site","status":"publish","type":"page","link":"https:\/\/master.myweb-fm.com\/fr\/mentions-legales-du-site\/","title":{"rendered":"Mentions l\u00e9gales du site"},"content":{"rendered":"\n<ol class=\"wp-block-list\" type=\"1\">\n<li><strong>EDITEUR DU SITE<\/strong><\/li>\n<\/ol>\n\n\n\n<p>Le site UNYC (<a href=\"https:\/\/www.unyc.com\/\">https:\/\/www.unyc.com\/<\/a>) (ci-apr\u00e8s \u00ab&nbsp;<strong>le Site<\/strong>&nbsp;\u00bb) est produit et \u00e9dit\u00e9 par la soci\u00e9t\u00e9 TUBESCA COMABI, SAS au capital social de 6393200,00 euros, immatricul\u00e9e au RCS de BOURG EN BRESSE sous le num\u00e9ro n\u00b0 B 422 481&nbsp;838 et sis 976 RTE DE ST BERNARD 01600 TREVOUX<\/p>\n\n\n\n<p>Contact&nbsp;:<\/p>\n\n\n\n<ul class=\"wp-block-list\">\n<li>Email&nbsp;: communication@tubesca-comabi.com<\/li>\n\n\n\n<li>T\u00e9l\u00e9phone&nbsp;: +33 (0)4 74 00 90 90<\/li>\n<\/ul>\n\n\n\n<p>Directeur de la publication\u00a0: Laurent MONTES<\/p>\n\n\n\n<p>Responsable de la r\u00e9daction : Dominique PAGNIEZ<\/p>\n\n\n\n<ul class=\"wp-block-list\">\n<li><strong>HEBERGEUR DU SITE<\/strong><\/li>\n<\/ul>\n\n\n\n<p>Le Site est h\u00e9berg\u00e9 par la soci\u00e9t\u00e9 Clevercloud, SAS au capital social de 22.952 euros immatricul\u00e9e au RCS de NANTES sous le num\u00e9ro n\u00b0 524&nbsp;172 699 et sis 3, rue de l\u2019Allier, 44000 Nantes, France.<\/p>\n\n\n\n<p>Contact&nbsp;:<\/p>\n\n\n\n<ul class=\"wp-block-list\">\n<li>T\u00e9l\u00e9phone&nbsp;: 02 85 52 07 69<\/li>\n<\/ul>\n\n\n\n<ul class=\"wp-block-list\">\n<li><strong>DIVERS<\/strong><\/li>\n<\/ul>\n\n\n\n<p>Tubesca-Comabi a r\u00e9dig\u00e9 et met \u00e0 la disposition des utilisateurs du Site la documentation suivante. Il est fortement recommand\u00e9 aux utilisateurs du Site d\u2019en prendre connaissance&nbsp;:<\/p>\n\n\n\n<ul class=\"wp-block-list\">\n<li>Conditions g\u00e9n\u00e9rales d\u2019utilisation<\/li>\n\n\n\n<li>Politique de confidentialit\u00e9<\/li>\n<\/ul>\n","protected":false},"excerpt":{"rendered":"<p>Le site UNYC (https:\/\/www.unyc.com\/) (ci-apr\u00e8s \u00ab&nbsp;le Site&nbsp;\u00bb) est produit et \u00e9dit\u00e9 par la soci\u00e9t\u00e9 TUBESCA COMABI, SAS au capital social de 6393200,00 euros, immatricul\u00e9e au RCS de BOURG EN BRESSE sous le num\u00e9ro n\u00b0 B 422 481&nbsp;838 et sis 976 RTE DE ST BERNARD 01600 TREVOUX Contact&nbsp;: Directeur de la publication\u00a0: Laurent MONTES Responsable de [&hellip;]<\/p>\n","protected":false},"author":7,"featured_media":0,"parent":0,"menu_order":0,"comment_status":"closed","ping_status":"closed","template":"","meta":{"_acf_changed":false,"footnotes":""},"class_list":["post-1462","page","type-page","status-publish","hentry"],"acf":[],"yoast_head":"<!-- This site is optimized with the Yoast SEO plugin v27.3 - https:\/\/yoast.com\/product\/yoast-seo-wordpress\/ -->\n<title>Mentions l\u00e9gales du site - Instance master - Old Unyc<\/title>\n<meta name=\"robots\" content=\"noindex, follow, max-snippet:-1, max-image-preview:large, max-video-preview:-1\" \/>\n<meta property=\"og:locale\" content=\"fr_FR\" \/>\n<meta property=\"og:type\" content=\"article\" \/>\n<meta property=\"og:title\" content=\"Mentions l\u00e9gales du site - Instance master - Old Unyc\" \/>\n<meta property=\"og:description\" content=\"Le site UNYC (https:\/\/www.unyc.com\/) (ci-apr\u00e8s \u00ab&nbsp;le Site&nbsp;\u00bb) est produit et \u00e9dit\u00e9 par la soci\u00e9t\u00e9 TUBESCA COMABI, SAS au capital social de 6393200,00 euros, immatricul\u00e9e au RCS de BOURG EN BRESSE sous le num\u00e9ro n\u00b0 B 422 481&nbsp;838 et sis 976 RTE DE ST BERNARD 01600 TREVOUX Contact&nbsp;: Directeur de la publication\u00a0: Laurent MONTES Responsable de [&hellip;]\" \/>\n<meta property=\"og:url\" content=\"https:\/\/master.myweb-fm.com\/fr\/mentions-legales-du-site\/\" \/>\n<meta property=\"og:site_name\" content=\"Instance master - Old Unyc\" \/>\n<meta property=\"article:modified_time\" content=\"2024-02-15T14:42:05+00:00\" \/>\n<meta name=\"twitter:card\" content=\"summary_large_image\" \/>\n<meta name=\"twitter:label1\" content=\"Dur\u00e9e de lecture estim\u00e9e\" \/>\n\t<meta name=\"twitter:data1\" content=\"1 minute\" \/>\n<script type=\"application\/ld+json\" class=\"yoast-schema-graph\">{\"@context\":\"https:\\\/\\\/schema.org\",\"@graph\":[{\"@type\":\"WebPage\",\"@id\":\"https:\\\/\\\/master.myweb-fm.com\\\/fr\\\/mentions-legales-du-site\\\/\",\"url\":\"https:\\\/\\\/master.myweb-fm.com\\\/fr\\\/mentions-legales-du-site\\\/\",\"name\":\"Mentions l\u00e9gales du site - Instance master - Old Unyc\",\"isPartOf\":{\"@id\":\"https:\\\/\\\/master.myweb-fm.com\\\/fr\\\/#website\"},\"datePublished\":\"2022-08-22T14:40:18+00:00\",\"dateModified\":\"2024-02-15T14:42:05+00:00\",\"inLanguage\":\"fr-FR\",\"potentialAction\":[{\"@type\":\"ReadAction\",\"target\":[\"https:\\\/\\\/master.myweb-fm.com\\\/fr\\\/mentions-legales-du-site\\\/\"]}]},{\"@type\":\"WebSite\",\"@id\":\"https:\\\/\\\/master.myweb-fm.com\\\/fr\\\/#website\",\"url\":\"https:\\\/\\\/master.myweb-fm.com\\\/fr\\\/\",\"name\":\"Instance master - Old Unyc\",\"description\":\"Fr\u00e9n\u00e9hard &amp; Michaux\",\"potentialAction\":[{\"@type\":\"SearchAction\",\"target\":{\"@type\":\"EntryPoint\",\"urlTemplate\":\"https:\\\/\\\/master.myweb-fm.com\\\/fr\\\/?s={search_term_string}\"},\"query-input\":{\"@type\":\"PropertyValueSpecification\",\"valueRequired\":true,\"valueName\":\"search_term_string\"}}],\"inLanguage\":\"fr-FR\"}]}<\/script>\n<!-- \/ Yoast SEO plugin. -->","yoast_head_json":{"title":"Mentions l\u00e9gales du site - Instance master - Old Unyc","robots":{"index":"noindex","follow":"follow","max-snippet":"max-snippet:-1","max-image-preview":"max-image-preview:large","max-video-preview":"max-video-preview:-1"},"og_locale":"fr_FR","og_type":"article","og_title":"Mentions l\u00e9gales du site - Instance master - Old Unyc","og_description":"Le site UNYC (https:\/\/www.unyc.com\/) (ci-apr\u00e8s \u00ab&nbsp;le Site&nbsp;\u00bb) est produit et \u00e9dit\u00e9 par la soci\u00e9t\u00e9 TUBESCA COMABI, SAS au capital social de 6393200,00 euros, immatricul\u00e9e au RCS de BOURG EN BRESSE sous le num\u00e9ro n\u00b0 B 422 481&nbsp;838 et sis 976 RTE DE ST BERNARD 01600 TREVOUX Contact&nbsp;: Directeur de la publication\u00a0: Laurent MONTES Responsable de [&hellip;]","og_url":"https:\/\/master.myweb-fm.com\/fr\/mentions-legales-du-site\/","og_site_name":"Instance master - Old Unyc","article_modified_time":"2024-02-15T14:42:05+00:00","twitter_card":"summary_large_image","twitter_misc":{"Dur\u00e9e de lecture estim\u00e9e":"1 minute"},"schema":{"@context":"https:\/\/schema.org","@graph":[{"@type":"WebPage","@id":"https:\/\/master.myweb-fm.com\/fr\/mentions-legales-du-site\/","url":"https:\/\/master.myweb-fm.com\/fr\/mentions-legales-du-site\/","name":"Mentions l\u00e9gales du site - Instance master - Old Unyc","isPartOf":{"@id":"https:\/\/master.myweb-fm.com\/fr\/#website"},"datePublished":"2022-08-22T14:40:18+00:00","dateModified":"2024-02-15T14:42:05+00:00","inLanguage":"fr-FR","potentialAction":[{"@type":"ReadAction","target":["https:\/\/master.myweb-fm.com\/fr\/mentions-legales-du-site\/"]}]},{"@type":"WebSite","@id":"https:\/\/master.myweb-fm.com\/fr\/#website","url":"https:\/\/master.myweb-fm.com\/fr\/","name":"Instance master - Old Unyc","description":"Fr\u00e9n\u00e9hard &amp; Michaux","potentialAction":[{"@type":"SearchAction","target":{"@type":"EntryPoint","urlTemplate":"https:\/\/master.myweb-fm.com\/fr\/?s={search_term_string}"},"query-input":{"@type":"PropertyValueSpecification","valueRequired":true,"valueName":"search_term_string"}}],"inLanguage":"fr-FR"}]}},"_links":{"self":[{"href":"https:\/\/master.myweb-fm.com\/fr\/wp-json\/wp\/v2\/pages\/1462","targetHints":{"allow":["GET"]}}],"collection":[{"href":"https:\/\/master.myweb-fm.com\/fr\/wp-json\/wp\/v2\/pages"}],"about":[{"href":"https:\/\/master.myweb-fm.com\/fr\/wp-json\/wp\/v2\/types\/page"}],"author":[{"embeddable":true,"href":"https:\/\/master.myweb-fm.com\/fr\/wp-json\/wp\/v2\/users\/7"}],"replies":[{"embeddable":true,"href":"https:\/\/master.myweb-fm.com\/fr\/wp-json\/wp\/v2\/comments?post=1462"}],"version-history":[{"count":1,"href":"https:\/\/master.myweb-fm.com\/fr\/wp-json\/wp\/v2\/pages\/1462\/revisions"}],"predecessor-version":[{"id":19738,"href":"https:\/\/master.myweb-fm.com\/fr\/wp-json\/wp\/v2\/pages\/1462\/revisions\/19738"}],"wp:attachment":[{"href":"https:\/\/master.myweb-fm.com\/fr\/wp-json\/wp\/v2\/media?parent=1462"}],"curies":[{"name":"wp","href":"https:\/\/api.w.org\/{rel}","templated":true}]}}