{"id":17697,"date":"2023-11-20T22:29:35","date_gmt":"2023-11-20T21:29:35","guid":{"rendered":"https:\/\/master.myweb-fm.com\/sin%20categor\u00eda\/126-091009s\/"},"modified":"2023-11-27T11:27:41","modified_gmt":"2023-11-27T10:27:41","slug":"dispotivos-anticaidas-retractiles-cinta","status":"publish","type":"product","link":"https:\/\/master.myweb-fm.com\/es\/producto\/dispotivos-anticaidas-retractiles-cinta\/","title":{"rendered":"Dispotivos Anticaidas Retractiles cinta"},"content":{"rendered":"<ul>\n<li>Enrollador de correa con gancho de doble acci\u00f3n de aluminio <\/li>\n<li> Fijaci\u00f3n con grillete giratorio a 360\u00b0 en el c\u00e1rter superior y en el conector que le brinda al usuario una gran libertad de movimiento con total seguridad <\/li>\n<li> Este dispositivo antica\u00eddas se bloquea en caso de ca\u00edda reduciendo la altura de esta \u00faltima <\/li>\n<li> C\u00e1rter de aluminio para el de 2,00\u00a0m y de material sint\u00e9tico para el de 5,50\u00a0m ultraligero con absorbedor de energ\u00eda integrado <\/li>\n<li> Puede utilizarse en cualquier situaci\u00f3n: desplazamientos verticales u horizontales <\/li>\n<li> La resistencia de la correa permite trabajar sobre aristas vivas <\/li>\n<li> Dispositivo s\u00f3lido y que requiere poco mantenimiento <\/li>\n<li> Disponible en 2,00\u00a0m (mosquet\u00f3n con grillete de doble acci\u00f3n y 66\u00a0mm de apertura) y en 5,50\u00a0m (mosquet\u00f3n con grillete de doble acci\u00f3n y 25\u00a0mm de di\u00e1metro de apertura)<\/li>\n<\/ul>\n","protected":false},"excerpt":{"rendered":"<p>El enrollador de correa es un antica\u00eddas retr\u00e1ctil que dispone de una reserva de correa sobre un tambor protegido por un c\u00e1rter de aluminio\/material sint\u00e9tico. La correa se mantiene tensada mediante un muelle y se alarga y acorta a medida que se desplaza la persona protegida. En caso de ca\u00edda se bloquea autom\u00e1ticamente. La absorci\u00f3n de energ\u00eda la realiza el propio dispositivo. Forma parte de los componentes de sistemas antica\u00eddas. Advertencia: el punto de anclaje debe situarse a al menos 80\u00a0cm por encima del umbral de trabajo.<\/p>\n","protected":false},"featured_media":15071,"template":"","meta":{"_acf_changed":false},"product_brand":[],"product_cat":[70124],"product_tag":[],"class_list":{"0":"post-17697","1":"product","2":"type-product","3":"status-publish","4":"has-post-thumbnail","6":"product_cat-equipements-es","7":"pa_abc_class-g-es","8":"pa_base_unit-ea-es","9":"pa_brand-unyc-es","10":"pa_e_com_product-no-es","11":"pa_edi_option-no-es","12":"pa_export_product-yes-es","13":"pa_g_range-13-es","14":"pa_lifespan-10-ans-es","15":"pa_lock_code-000-es","16":"pa_lock_code-0su-es","17":"pa_material-synthetic_materials-es","18":"pa_pack_instructions_level_1-no-es","19":"pa_pack_instructions_level_2-no-es","20":"pa_pack_instructions_level_3-no-es","21":"pa_pack_type_level_1-ct-es","22":"pa_pic_family-097-es","23":"pa_product_extension_length-2_m-es","24":"pa_product_extension_length-5_5_m-es","25":"pa_product_origin-de-es","26":"pa_production_company-126-es","27":"pa_sales_company-126-es","28":"pa_sales_plan-c-es","29":"pa_sales_range-13-es","30":"pa_short_designation-antichute-rappel-auto-san-5-5m-es","31":"pa_short_designation-antichute-rappel-auto-sang-2m-es","32":"pa_sigle-ce-es","33":"pa_standard-en_360-es","34":"pa_type_of_product-enrouleur-es","35":"pa_use-highly_intensive-es","36":"pa_varied_weight-no-es","38":"first","39":"instock","40":"shipping-taxable","41":"purchasable","42":"product-type-variable"},"acf":[],"yoast_head":"<!-- This site is optimized with the Yoast SEO plugin v27.3 - https:\/\/yoast.com\/product\/yoast-seo-wordpress\/ -->\n<title>Dispotivos Anticaidas Retractiles cinta - Instance master - Old Unyc<\/title>\n<meta name=\"robots\" content=\"noindex, follow, max-snippet:-1, max-image-preview:large, max-video-preview:-1\" \/>\n<meta property=\"og:locale\" content=\"es_ES\" \/>\n<meta property=\"og:type\" content=\"article\" \/>\n<meta property=\"og:title\" content=\"Dispotivos Anticaidas Retractiles cinta - Instance master - Old Unyc\" \/>\n<meta property=\"og:description\" content=\"El enrollador de correa es un antica\u00eddas retr\u00e1ctil que dispone de una reserva de correa sobre un tambor protegido por un c\u00e1rter de aluminio\/material sint\u00e9tico. La correa se mantiene tensada mediante un muelle y se alarga y acorta a medida que se desplaza la persona protegida. En caso de ca\u00edda se bloquea autom\u00e1ticamente. La absorci\u00f3n de energ\u00eda la realiza el propio dispositivo. Forma parte de los componentes de sistemas antica\u00eddas. Advertencia: el punto de anclaje debe situarse a al menos 80\u00a0cm por encima del umbral de trabajo.\" \/>\n<meta property=\"og:url\" content=\"https:\/\/master.myweb-fm.com\/es\/producto\/dispotivos-anticaidas-retractiles-cinta\/\" \/>\n<meta property=\"og:site_name\" content=\"Instance master - Old Unyc\" \/>\n<meta property=\"article:modified_time\" content=\"2023-11-27T10:27:41+00:00\" \/>\n<meta property=\"og:image\" content=\"https:\/\/master.myweb-fm.com\/wp-content\/uploads\/2023\/11\/b39947665f417784dcf5c95715a177809ef85408_126_091009S_main_view_1.jpg\" \/>\n\t<meta property=\"og:image:width\" content=\"2448\" \/>\n\t<meta property=\"og:image:height\" content=\"3264\" \/>\n\t<meta property=\"og:image:type\" content=\"image\/jpeg\" \/>\n<meta name=\"twitter:card\" content=\"summary_large_image\" \/>\n<meta name=\"twitter:label1\" content=\"Tiempo de lectura\" \/>\n\t<meta name=\"twitter:data1\" content=\"1 minuto\" \/>\n<script type=\"application\/ld+json\" class=\"yoast-schema-graph\">{\"@context\":\"https:\\\/\\\/schema.org\",\"@graph\":[{\"@type\":\"WebPage\",\"@id\":\"https:\\\/\\\/master.myweb-fm.com\\\/es\\\/producto\\\/dispotivos-anticaidas-retractiles-cinta\\\/\",\"url\":\"https:\\\/\\\/master.myweb-fm.com\\\/es\\\/producto\\\/dispotivos-anticaidas-retractiles-cinta\\\/\",\"name\":\"Dispotivos Anticaidas Retractiles cinta - Instance master - Old Unyc\",\"isPartOf\":{\"@id\":\"https:\\\/\\\/master.myweb-fm.com\\\/es\\\/#website\"},\"primaryImageOfPage\":{\"@id\":\"https:\\\/\\\/master.myweb-fm.com\\\/es\\\/producto\\\/dispotivos-anticaidas-retractiles-cinta\\\/#primaryimage\"},\"image\":{\"@id\":\"https:\\\/\\\/master.myweb-fm.com\\\/es\\\/producto\\\/dispotivos-anticaidas-retractiles-cinta\\\/#primaryimage\"},\"thumbnailUrl\":\"https:\\\/\\\/master.myweb-fm.com\\\/wp-content\\\/uploads\\\/2023\\\/11\\\/b39947665f417784dcf5c95715a177809ef85408_126_091009S_main_view_1.jpg\",\"datePublished\":\"2023-11-20T21:29:35+00:00\",\"dateModified\":\"2023-11-27T10:27:41+00:00\",\"breadcrumb\":{\"@id\":\"https:\\\/\\\/master.myweb-fm.com\\\/es\\\/producto\\\/dispotivos-anticaidas-retractiles-cinta\\\/#breadcrumb\"},\"inLanguage\":\"es\",\"potentialAction\":[{\"@type\":\"ReadAction\",\"target\":[\"https:\\\/\\\/master.myweb-fm.com\\\/es\\\/producto\\\/dispotivos-anticaidas-retractiles-cinta\\\/\"]}]},{\"@type\":\"ImageObject\",\"inLanguage\":\"es\",\"@id\":\"https:\\\/\\\/master.myweb-fm.com\\\/es\\\/producto\\\/dispotivos-anticaidas-retractiles-cinta\\\/#primaryimage\",\"url\":\"https:\\\/\\\/master.myweb-fm.com\\\/wp-content\\\/uploads\\\/2023\\\/11\\\/b39947665f417784dcf5c95715a177809ef85408_126_091009S_main_view_1.jpg\",\"contentUrl\":\"https:\\\/\\\/master.myweb-fm.com\\\/wp-content\\\/uploads\\\/2023\\\/11\\\/b39947665f417784dcf5c95715a177809ef85408_126_091009S_main_view_1.jpg\",\"width\":2448,\"height\":3264},{\"@type\":\"BreadcrumbList\",\"@id\":\"https:\\\/\\\/master.myweb-fm.com\\\/es\\\/producto\\\/dispotivos-anticaidas-retractiles-cinta\\\/#breadcrumb\",\"itemListElement\":[{\"@type\":\"ListItem\",\"position\":1,\"name\":\"Catalogue\",\"item\":\"https:\\\/\\\/master.myweb-fm.com\\\/fr\\\/catalogue\\\/\"},{\"@type\":\"ListItem\",\"position\":2,\"name\":\"Dispotivos Anticaidas Retractiles cinta\"}]},{\"@type\":\"WebSite\",\"@id\":\"https:\\\/\\\/master.myweb-fm.com\\\/es\\\/#website\",\"url\":\"https:\\\/\\\/master.myweb-fm.com\\\/es\\\/\",\"name\":\"Instance master - Old Unyc\",\"description\":\"Fr\u00e9n\u00e9hard &amp; Michaux\",\"potentialAction\":[{\"@type\":\"SearchAction\",\"target\":{\"@type\":\"EntryPoint\",\"urlTemplate\":\"https:\\\/\\\/master.myweb-fm.com\\\/es\\\/?s={search_term_string}\"},\"query-input\":{\"@type\":\"PropertyValueSpecification\",\"valueRequired\":true,\"valueName\":\"search_term_string\"}}],\"inLanguage\":\"es\"}]}<\/script>\n<!-- \/ Yoast SEO plugin. -->","yoast_head_json":{"title":"Dispotivos Anticaidas Retractiles cinta - Instance master - Old Unyc","robots":{"index":"noindex","follow":"follow","max-snippet":"max-snippet:-1","max-image-preview":"max-image-preview:large","max-video-preview":"max-video-preview:-1"},"og_locale":"es_ES","og_type":"article","og_title":"Dispotivos Anticaidas Retractiles cinta - Instance master - Old Unyc","og_description":"El enrollador de correa es un antica\u00eddas retr\u00e1ctil que dispone de una reserva de correa sobre un tambor protegido por un c\u00e1rter de aluminio\/material sint\u00e9tico. La correa se mantiene tensada mediante un muelle y se alarga y acorta a medida que se desplaza la persona protegida. En caso de ca\u00edda se bloquea autom\u00e1ticamente. La absorci\u00f3n de energ\u00eda la realiza el propio dispositivo. Forma parte de los componentes de sistemas antica\u00eddas. Advertencia: el punto de anclaje debe situarse a al menos 80\u00a0cm por encima del umbral de trabajo.","og_url":"https:\/\/master.myweb-fm.com\/es\/producto\/dispotivos-anticaidas-retractiles-cinta\/","og_site_name":"Instance master - Old Unyc","article_modified_time":"2023-11-27T10:27:41+00:00","og_image":[{"width":2448,"height":3264,"url":"https:\/\/master.myweb-fm.com\/wp-content\/uploads\/2023\/11\/b39947665f417784dcf5c95715a177809ef85408_126_091009S_main_view_1.jpg","type":"image\/jpeg"}],"twitter_card":"summary_large_image","twitter_misc":{"Tiempo de lectura":"1 minuto"},"schema":{"@context":"https:\/\/schema.org","@graph":[{"@type":"WebPage","@id":"https:\/\/master.myweb-fm.com\/es\/producto\/dispotivos-anticaidas-retractiles-cinta\/","url":"https:\/\/master.myweb-fm.com\/es\/producto\/dispotivos-anticaidas-retractiles-cinta\/","name":"Dispotivos Anticaidas Retractiles cinta - Instance master - Old Unyc","isPartOf":{"@id":"https:\/\/master.myweb-fm.com\/es\/#website"},"primaryImageOfPage":{"@id":"https:\/\/master.myweb-fm.com\/es\/producto\/dispotivos-anticaidas-retractiles-cinta\/#primaryimage"},"image":{"@id":"https:\/\/master.myweb-fm.com\/es\/producto\/dispotivos-anticaidas-retractiles-cinta\/#primaryimage"},"thumbnailUrl":"https:\/\/master.myweb-fm.com\/wp-content\/uploads\/2023\/11\/b39947665f417784dcf5c95715a177809ef85408_126_091009S_main_view_1.jpg","datePublished":"2023-11-20T21:29:35+00:00","dateModified":"2023-11-27T10:27:41+00:00","breadcrumb":{"@id":"https:\/\/master.myweb-fm.com\/es\/producto\/dispotivos-anticaidas-retractiles-cinta\/#breadcrumb"},"inLanguage":"es","potentialAction":[{"@type":"ReadAction","target":["https:\/\/master.myweb-fm.com\/es\/producto\/dispotivos-anticaidas-retractiles-cinta\/"]}]},{"@type":"ImageObject","inLanguage":"es","@id":"https:\/\/master.myweb-fm.com\/es\/producto\/dispotivos-anticaidas-retractiles-cinta\/#primaryimage","url":"https:\/\/master.myweb-fm.com\/wp-content\/uploads\/2023\/11\/b39947665f417784dcf5c95715a177809ef85408_126_091009S_main_view_1.jpg","contentUrl":"https:\/\/master.myweb-fm.com\/wp-content\/uploads\/2023\/11\/b39947665f417784dcf5c95715a177809ef85408_126_091009S_main_view_1.jpg","width":2448,"height":3264},{"@type":"BreadcrumbList","@id":"https:\/\/master.myweb-fm.com\/es\/producto\/dispotivos-anticaidas-retractiles-cinta\/#breadcrumb","itemListElement":[{"@type":"ListItem","position":1,"name":"Catalogue","item":"https:\/\/master.myweb-fm.com\/fr\/catalogue\/"},{"@type":"ListItem","position":2,"name":"Dispotivos Anticaidas Retractiles cinta"}]},{"@type":"WebSite","@id":"https:\/\/master.myweb-fm.com\/es\/#website","url":"https:\/\/master.myweb-fm.com\/es\/","name":"Instance master - Old Unyc","description":"Fr\u00e9n\u00e9hard &amp; Michaux","potentialAction":[{"@type":"SearchAction","target":{"@type":"EntryPoint","urlTemplate":"https:\/\/master.myweb-fm.com\/es\/?s={search_term_string}"},"query-input":{"@type":"PropertyValueSpecification","valueRequired":true,"valueName":"search_term_string"}}],"inLanguage":"es"}]}},"_links":{"self":[{"href":"https:\/\/master.myweb-fm.com\/es\/wp-json\/wp\/v2\/product\/17697","targetHints":{"allow":["GET"]}}],"collection":[{"href":"https:\/\/master.myweb-fm.com\/es\/wp-json\/wp\/v2\/product"}],"about":[{"href":"https:\/\/master.myweb-fm.com\/es\/wp-json\/wp\/v2\/types\/product"}],"wp:featuredmedia":[{"embeddable":true,"href":"https:\/\/master.myweb-fm.com\/es\/wp-json\/wp\/v2\/media\/15071"}],"wp:attachment":[{"href":"https:\/\/master.myweb-fm.com\/es\/wp-json\/wp\/v2\/media?parent=17697"}],"wp:term":[{"taxonomy":"product_brand","embeddable":true,"href":"https:\/\/master.myweb-fm.com\/es\/wp-json\/wp\/v2\/product_brand?post=17697"},{"taxonomy":"product_cat","embeddable":true,"href":"https:\/\/master.myweb-fm.com\/es\/wp-json\/wp\/v2\/product_cat?post=17697"},{"taxonomy":"product_tag","embeddable":true,"href":"https:\/\/master.myweb-fm.com\/es\/wp-json\/wp\/v2\/product_tag?post=17697"}],"curies":[{"name":"wp","href":"https:\/\/api.w.org\/{rel}","templated":true}]}}