{"id":17655,"date":"2023-11-20T22:28:01","date_gmt":"2023-11-20T21:28:01","guid":{"rendered":"https:\/\/master.myweb-fm.com\/sin%20categor\u00eda\/126-091009c\/"},"modified":"2023-11-23T11:51:36","modified_gmt":"2023-11-23T10:51:36","slug":"dispotivos-anticaidas-retractiles-cable","status":"publish","type":"product","link":"https:\/\/master.myweb-fm.com\/es\/producto\/dispotivos-anticaidas-retractiles-cable\/","title":{"rendered":"Dispotivos Anticaidas Retractiles cable"},"content":{"rendered":"<ul>\n<li>Enrollador de cable con gancho de doble acci\u00f3n de aluminio <\/li>\n<li> Fijaci\u00f3n con grillete giratorio a 360\u00b0 en el c\u00e1rter superior y en el conector que le brinda al usuario una gran libertad de movimiento con total seguridad <\/li>\n<li> Este dispositivo antica\u00eddas se bloquea en caso de ca\u00edda reduciendo la altura de esta \u00faltima <\/li>\n<li> C\u00e1rter de material sint\u00e9tico superligero con absorbedor de energ\u00eda integrado <\/li>\n<li> Puede utilizarse en cualquier situaci\u00f3n: desplazamientos verticales u horizontales <\/li>\n<li> La resistencia del cable permite trabajar sobre aristas vivas <\/li>\n<li> Dispositivo s\u00f3lido y que requiere poco mantenimiento <\/li>\n<li> Mosquet\u00f3n con grillete de doble acci\u00f3n con una anchura de apertura de 25\u00a0mm <\/li>\n<li> Disponible en 9,00, 12,00 y 18,00\u00a0m<\/li>\n<\/ul>\n","protected":false},"excerpt":{"rendered":"<p>El enrollador de cable es un antica\u00eddas retr\u00e1ctil que dispone de una reserva de cable sobre un tambor protegido por un c\u00e1rter de material sint\u00e9tico. La cable se mantiene tensado mediante un muelle y se alarga y acorta a medida que se desplaza la persona protegida. En caso de ca\u00edda se bloquea autom\u00e1ticamente. La absorci\u00f3n de energ\u00eda la realiza el propio dispositivo. Forma parte de los componentes de sistemas antica\u00eddas. Advertencia: el punto de anclaje debe situarse a al menos 80\u00a0cm por encima del umbral de trabajo.<\/p>\n","protected":false},"featured_media":15029,"template":"","meta":{"_acf_changed":false},"product_brand":[],"product_cat":[70124],"product_tag":[],"class_list":{"0":"post-17655","1":"product","2":"type-product","3":"status-publish","4":"has-post-thumbnail","6":"product_cat-equipements-es","7":"pa_abc_class-g-es","8":"pa_base_unit-ea-es","9":"pa_brand-unyc-es","10":"pa_e_com_product-no-es","11":"pa_edi_option-no-es","12":"pa_export_product-yes-es","13":"pa_g_range-13-es","14":"pa_lifespan-10-ans-es","15":"pa_lock_code-000-es","16":"pa_material-synthetic_materials-es","17":"pa_pack_instructions_level_1-no-es","18":"pa_pack_instructions_level_2-no-es","19":"pa_pack_instructions_level_3-no-es","20":"pa_pack_type_level_1-ct-es","21":"pa_pic_family-097-es","22":"pa_product_extension_length-12_m-es","23":"pa_product_extension_length-18_m-es","24":"pa_product_extension_length-9_m-es","25":"pa_product_origin-de-es","26":"pa_production_company-126-es","27":"pa_sales_company-126-es","28":"pa_sales_plan-c-es","29":"pa_sales_range-13-es","30":"pa_short_designation-antichute-rappel-aut-cable-18m-es","31":"pa_short_designation-antichute-rappel-auto-cabl-12m-es","32":"pa_short_designation-antichute-rappel-auto-cable-9m-es","33":"pa_sigle-ce-es","34":"pa_standard-en_360-es","35":"pa_type_of_product-enrouleur-es","36":"pa_use-highly_intensive-es","37":"pa_varied_weight-no-es","39":"first","40":"instock","41":"shipping-taxable","42":"purchasable","43":"product-type-variable"},"acf":[],"yoast_head":"<!-- This site is optimized with the Yoast SEO plugin v27.3 - https:\/\/yoast.com\/product\/yoast-seo-wordpress\/ -->\n<title>Dispotivos Anticaidas Retractiles cable - Instance master - Old Unyc<\/title>\n<meta name=\"robots\" content=\"noindex, follow, max-snippet:-1, max-image-preview:large, max-video-preview:-1\" \/>\n<meta property=\"og:locale\" content=\"es_ES\" \/>\n<meta property=\"og:type\" content=\"article\" \/>\n<meta property=\"og:title\" content=\"Dispotivos Anticaidas Retractiles cable - Instance master - Old Unyc\" \/>\n<meta property=\"og:description\" content=\"El enrollador de cable es un antica\u00eddas retr\u00e1ctil que dispone de una reserva de cable sobre un tambor protegido por un c\u00e1rter de material sint\u00e9tico. La cable se mantiene tensado mediante un muelle y se alarga y acorta a medida que se desplaza la persona protegida. En caso de ca\u00edda se bloquea autom\u00e1ticamente. La absorci\u00f3n de energ\u00eda la realiza el propio dispositivo. Forma parte de los componentes de sistemas antica\u00eddas. Advertencia: el punto de anclaje debe situarse a al menos 80\u00a0cm por encima del umbral de trabajo.\" \/>\n<meta property=\"og:url\" content=\"https:\/\/master.myweb-fm.com\/es\/producto\/dispotivos-anticaidas-retractiles-cable\/\" \/>\n<meta property=\"og:site_name\" content=\"Instance master - Old Unyc\" \/>\n<meta property=\"article:modified_time\" content=\"2023-11-23T10:51:36+00:00\" \/>\n<meta property=\"og:image\" content=\"https:\/\/master.myweb-fm.com\/wp-content\/uploads\/2023\/11\/4ac287d4a6ce5e02b5d0030f256aabc23cac21a2_126_091009C_main_view_1.png\" \/>\n\t<meta property=\"og:image:width\" content=\"640\" \/>\n\t<meta property=\"og:image:height\" content=\"1024\" \/>\n\t<meta property=\"og:image:type\" content=\"image\/png\" \/>\n<meta name=\"twitter:card\" content=\"summary_large_image\" \/>\n<meta name=\"twitter:label1\" content=\"Tiempo de lectura\" \/>\n\t<meta name=\"twitter:data1\" content=\"1 minuto\" \/>\n<script type=\"application\/ld+json\" class=\"yoast-schema-graph\">{\"@context\":\"https:\\\/\\\/schema.org\",\"@graph\":[{\"@type\":\"WebPage\",\"@id\":\"https:\\\/\\\/master.myweb-fm.com\\\/es\\\/producto\\\/dispotivos-anticaidas-retractiles-cable\\\/\",\"url\":\"https:\\\/\\\/master.myweb-fm.com\\\/es\\\/producto\\\/dispotivos-anticaidas-retractiles-cable\\\/\",\"name\":\"Dispotivos Anticaidas Retractiles cable - Instance master - Old Unyc\",\"isPartOf\":{\"@id\":\"https:\\\/\\\/master.myweb-fm.com\\\/es\\\/#website\"},\"primaryImageOfPage\":{\"@id\":\"https:\\\/\\\/master.myweb-fm.com\\\/es\\\/producto\\\/dispotivos-anticaidas-retractiles-cable\\\/#primaryimage\"},\"image\":{\"@id\":\"https:\\\/\\\/master.myweb-fm.com\\\/es\\\/producto\\\/dispotivos-anticaidas-retractiles-cable\\\/#primaryimage\"},\"thumbnailUrl\":\"https:\\\/\\\/master.myweb-fm.com\\\/wp-content\\\/uploads\\\/2023\\\/11\\\/4ac287d4a6ce5e02b5d0030f256aabc23cac21a2_126_091009C_main_view_1.png\",\"datePublished\":\"2023-11-20T21:28:01+00:00\",\"dateModified\":\"2023-11-23T10:51:36+00:00\",\"breadcrumb\":{\"@id\":\"https:\\\/\\\/master.myweb-fm.com\\\/es\\\/producto\\\/dispotivos-anticaidas-retractiles-cable\\\/#breadcrumb\"},\"inLanguage\":\"es\",\"potentialAction\":[{\"@type\":\"ReadAction\",\"target\":[\"https:\\\/\\\/master.myweb-fm.com\\\/es\\\/producto\\\/dispotivos-anticaidas-retractiles-cable\\\/\"]}]},{\"@type\":\"ImageObject\",\"inLanguage\":\"es\",\"@id\":\"https:\\\/\\\/master.myweb-fm.com\\\/es\\\/producto\\\/dispotivos-anticaidas-retractiles-cable\\\/#primaryimage\",\"url\":\"https:\\\/\\\/master.myweb-fm.com\\\/wp-content\\\/uploads\\\/2023\\\/11\\\/4ac287d4a6ce5e02b5d0030f256aabc23cac21a2_126_091009C_main_view_1.png\",\"contentUrl\":\"https:\\\/\\\/master.myweb-fm.com\\\/wp-content\\\/uploads\\\/2023\\\/11\\\/4ac287d4a6ce5e02b5d0030f256aabc23cac21a2_126_091009C_main_view_1.png\",\"width\":2953,\"height\":4725},{\"@type\":\"BreadcrumbList\",\"@id\":\"https:\\\/\\\/master.myweb-fm.com\\\/es\\\/producto\\\/dispotivos-anticaidas-retractiles-cable\\\/#breadcrumb\",\"itemListElement\":[{\"@type\":\"ListItem\",\"position\":1,\"name\":\"Catalogue\",\"item\":\"https:\\\/\\\/master.myweb-fm.com\\\/fr\\\/catalogue\\\/\"},{\"@type\":\"ListItem\",\"position\":2,\"name\":\"Dispotivos Anticaidas Retractiles cable\"}]},{\"@type\":\"WebSite\",\"@id\":\"https:\\\/\\\/master.myweb-fm.com\\\/es\\\/#website\",\"url\":\"https:\\\/\\\/master.myweb-fm.com\\\/es\\\/\",\"name\":\"Instance master - Old Unyc\",\"description\":\"Fr\u00e9n\u00e9hard &amp; Michaux\",\"potentialAction\":[{\"@type\":\"SearchAction\",\"target\":{\"@type\":\"EntryPoint\",\"urlTemplate\":\"https:\\\/\\\/master.myweb-fm.com\\\/es\\\/?s={search_term_string}\"},\"query-input\":{\"@type\":\"PropertyValueSpecification\",\"valueRequired\":true,\"valueName\":\"search_term_string\"}}],\"inLanguage\":\"es\"}]}<\/script>\n<!-- \/ Yoast SEO plugin. -->","yoast_head_json":{"title":"Dispotivos Anticaidas Retractiles cable - Instance master - Old Unyc","robots":{"index":"noindex","follow":"follow","max-snippet":"max-snippet:-1","max-image-preview":"max-image-preview:large","max-video-preview":"max-video-preview:-1"},"og_locale":"es_ES","og_type":"article","og_title":"Dispotivos Anticaidas Retractiles cable - Instance master - Old Unyc","og_description":"El enrollador de cable es un antica\u00eddas retr\u00e1ctil que dispone de una reserva de cable sobre un tambor protegido por un c\u00e1rter de material sint\u00e9tico. La cable se mantiene tensado mediante un muelle y se alarga y acorta a medida que se desplaza la persona protegida. En caso de ca\u00edda se bloquea autom\u00e1ticamente. La absorci\u00f3n de energ\u00eda la realiza el propio dispositivo. Forma parte de los componentes de sistemas antica\u00eddas. Advertencia: el punto de anclaje debe situarse a al menos 80\u00a0cm por encima del umbral de trabajo.","og_url":"https:\/\/master.myweb-fm.com\/es\/producto\/dispotivos-anticaidas-retractiles-cable\/","og_site_name":"Instance master - Old Unyc","article_modified_time":"2023-11-23T10:51:36+00:00","og_image":[{"url":"https:\/\/master.myweb-fm.com\/wp-content\/uploads\/2023\/11\/4ac287d4a6ce5e02b5d0030f256aabc23cac21a2_126_091009C_main_view_1.png","width":640,"height":1024,"type":"image\/png"}],"twitter_card":"summary_large_image","twitter_misc":{"Tiempo de lectura":"1 minuto"},"schema":{"@context":"https:\/\/schema.org","@graph":[{"@type":"WebPage","@id":"https:\/\/master.myweb-fm.com\/es\/producto\/dispotivos-anticaidas-retractiles-cable\/","url":"https:\/\/master.myweb-fm.com\/es\/producto\/dispotivos-anticaidas-retractiles-cable\/","name":"Dispotivos Anticaidas Retractiles cable - Instance master - Old Unyc","isPartOf":{"@id":"https:\/\/master.myweb-fm.com\/es\/#website"},"primaryImageOfPage":{"@id":"https:\/\/master.myweb-fm.com\/es\/producto\/dispotivos-anticaidas-retractiles-cable\/#primaryimage"},"image":{"@id":"https:\/\/master.myweb-fm.com\/es\/producto\/dispotivos-anticaidas-retractiles-cable\/#primaryimage"},"thumbnailUrl":"https:\/\/master.myweb-fm.com\/wp-content\/uploads\/2023\/11\/4ac287d4a6ce5e02b5d0030f256aabc23cac21a2_126_091009C_main_view_1.png","datePublished":"2023-11-20T21:28:01+00:00","dateModified":"2023-11-23T10:51:36+00:00","breadcrumb":{"@id":"https:\/\/master.myweb-fm.com\/es\/producto\/dispotivos-anticaidas-retractiles-cable\/#breadcrumb"},"inLanguage":"es","potentialAction":[{"@type":"ReadAction","target":["https:\/\/master.myweb-fm.com\/es\/producto\/dispotivos-anticaidas-retractiles-cable\/"]}]},{"@type":"ImageObject","inLanguage":"es","@id":"https:\/\/master.myweb-fm.com\/es\/producto\/dispotivos-anticaidas-retractiles-cable\/#primaryimage","url":"https:\/\/master.myweb-fm.com\/wp-content\/uploads\/2023\/11\/4ac287d4a6ce5e02b5d0030f256aabc23cac21a2_126_091009C_main_view_1.png","contentUrl":"https:\/\/master.myweb-fm.com\/wp-content\/uploads\/2023\/11\/4ac287d4a6ce5e02b5d0030f256aabc23cac21a2_126_091009C_main_view_1.png","width":2953,"height":4725},{"@type":"BreadcrumbList","@id":"https:\/\/master.myweb-fm.com\/es\/producto\/dispotivos-anticaidas-retractiles-cable\/#breadcrumb","itemListElement":[{"@type":"ListItem","position":1,"name":"Catalogue","item":"https:\/\/master.myweb-fm.com\/fr\/catalogue\/"},{"@type":"ListItem","position":2,"name":"Dispotivos Anticaidas Retractiles cable"}]},{"@type":"WebSite","@id":"https:\/\/master.myweb-fm.com\/es\/#website","url":"https:\/\/master.myweb-fm.com\/es\/","name":"Instance master - Old Unyc","description":"Fr\u00e9n\u00e9hard &amp; Michaux","potentialAction":[{"@type":"SearchAction","target":{"@type":"EntryPoint","urlTemplate":"https:\/\/master.myweb-fm.com\/es\/?s={search_term_string}"},"query-input":{"@type":"PropertyValueSpecification","valueRequired":true,"valueName":"search_term_string"}}],"inLanguage":"es"}]}},"_links":{"self":[{"href":"https:\/\/master.myweb-fm.com\/es\/wp-json\/wp\/v2\/product\/17655","targetHints":{"allow":["GET"]}}],"collection":[{"href":"https:\/\/master.myweb-fm.com\/es\/wp-json\/wp\/v2\/product"}],"about":[{"href":"https:\/\/master.myweb-fm.com\/es\/wp-json\/wp\/v2\/types\/product"}],"wp:featuredmedia":[{"embeddable":true,"href":"https:\/\/master.myweb-fm.com\/es\/wp-json\/wp\/v2\/media\/15029"}],"wp:attachment":[{"href":"https:\/\/master.myweb-fm.com\/es\/wp-json\/wp\/v2\/media?parent=17655"}],"wp:term":[{"taxonomy":"product_brand","embeddable":true,"href":"https:\/\/master.myweb-fm.com\/es\/wp-json\/wp\/v2\/product_brand?post=17655"},{"taxonomy":"product_cat","embeddable":true,"href":"https:\/\/master.myweb-fm.com\/es\/wp-json\/wp\/v2\/product_cat?post=17655"},{"taxonomy":"product_tag","embeddable":true,"href":"https:\/\/master.myweb-fm.com\/es\/wp-json\/wp\/v2\/product_tag?post=17655"}],"curies":[{"name":"wp","href":"https:\/\/api.w.org\/{rel}","templated":true}]}}