{"id":17535,"date":"2023-11-20T22:22:10","date_gmt":"2023-11-20T21:22:10","guid":{"rendered":"https:\/\/master.myweb-fm.com\/sin%20categor\u00eda\/126-0910040s\/"},"modified":"2023-11-23T11:49:45","modified_gmt":"2023-11-23T10:49:45","slug":"absorbedores-de-energia-con-cuerda","status":"publish","type":"product","link":"https:\/\/master.myweb-fm.com\/es\/producto\/absorbedores-de-energia-con-cuerda\/","title":{"rendered":"Absorbedores de energia con cuerda"},"content":{"rendered":"<ul>\n<li>Cuerdas semiest\u00e1ticas de poliamida, 11\u00a0mm de di\u00e1metro, alargamiento < 5\u00a0%, gran resistencia a la tracci\u00f3n <\/li>\n<li> Se utilizan cuando hay un riesgo de ca\u00edda <\/li>\n<li> El absorbedor integrado disipa la energ\u00eda en una ca\u00edda limitando as\u00ed la intensidad del impacto que nota el usuario <\/li>\n<li> Hebilla cosida para el enganche <\/li>\n<li> Conectores del punto de anclaje de \u00d8 54\u00a0mm con cierre autom\u00e1tico, carga m\u00e1xima de 22\u00a0kN <\/li>\n<li> Conectores del arn\u00e9s de \u00d8 18\u00a0mm con cierre autom\u00e1tico, carga m\u00e1xima de 22\u00a0kN <\/li>\n<li> Disponible en 1,00\u00a0m y 1,75 m <\/li>\n<li> Carga m\u00e1xima a la ruptura: 2.200 kg<\/li>\n<\/ul>\n","protected":false},"excerpt":{"rendered":"<p>Esta cuerda simple con absorbedor de energ\u00eda se engancha por un lado al arn\u00e9s de seguridad y por el otro a un punto de anclaje para proteger al usuario en caso de ca\u00edda. El absorbedor de energ\u00eda integrado permite retener progresivamente al usuario en caso de ca\u00edda. Los dos mosquetones est\u00e1n integrados. La longitud de una cuerda no debe superar los 2,00\u00a0m.<\/p>\n","protected":false},"featured_media":14759,"template":"","meta":{"_acf_changed":false},"product_brand":[],"product_cat":[70124],"product_tag":[],"class_list":{"0":"post-17535","1":"product","2":"type-product","3":"status-publish","4":"has-post-thumbnail","6":"product_cat-equipements-es","7":"pa_abc_class-b-es","8":"pa_abc_class-s-es","9":"pa_base_unit-ea-es","10":"pa_brand-unyc-es","11":"pa_e_com_product-no-es","12":"pa_edi_option-no-es","13":"pa_export_product-yes-es","14":"pa_g_range-13-es","15":"pa_lifespan-15-ans-es","16":"pa_lock_code-000-es","17":"pa_material-polyamide-es","18":"pa_pack_instructions_level_1-no-es","19":"pa_pack_instructions_level_2-no-es","20":"pa_pack_instructions_level_3-no-es","21":"pa_pack_type_level_1-sca-es","22":"pa_pic_family-097-es","23":"pa_product_extension_length-1_m-es","24":"pa_product_extension_length-1_75_m-es","25":"pa_product_origin-es-es","26":"pa_production_company-126-es","27":"pa_sales_company-126-es","28":"pa_sales_plan-c-es","29":"pa_sales_range-13-es","30":"pa_short_designation-longe-simple-corde-1-75mabsor-es","31":"pa_short_designation-longe-simple-corde-1mabsorbeu-es","32":"pa_sigle-ce-es","33":"pa_standard-en_355-es","34":"pa_type_of_product-longe-es","35":"pa_use-highly_intensive-es","36":"pa_varied_weight-no-es","38":"first","39":"instock","40":"shipping-taxable","41":"purchasable","42":"product-type-variable"},"acf":[],"yoast_head":"<!-- This site is optimized with the Yoast SEO plugin v27.3 - https:\/\/yoast.com\/product\/yoast-seo-wordpress\/ -->\n<title>Absorbedores de energia con cuerda - Instance master - Old Unyc<\/title>\n<meta name=\"robots\" content=\"noindex, follow, max-snippet:-1, max-image-preview:large, max-video-preview:-1\" \/>\n<meta property=\"og:locale\" content=\"es_ES\" \/>\n<meta property=\"og:type\" content=\"article\" \/>\n<meta property=\"og:title\" content=\"Absorbedores de energia con cuerda - Instance master - Old Unyc\" \/>\n<meta property=\"og:description\" content=\"Esta cuerda simple con absorbedor de energ\u00eda se engancha por un lado al arn\u00e9s de seguridad y por el otro a un punto de anclaje para proteger al usuario en caso de ca\u00edda. El absorbedor de energ\u00eda integrado permite retener progresivamente al usuario en caso de ca\u00edda. Los dos mosquetones est\u00e1n integrados. La longitud de una cuerda no debe superar los 2,00\u00a0m.\" \/>\n<meta property=\"og:url\" content=\"https:\/\/master.myweb-fm.com\/es\/producto\/absorbedores-de-energia-con-cuerda\/\" \/>\n<meta property=\"og:site_name\" content=\"Instance master - Old Unyc\" \/>\n<meta property=\"article:modified_time\" content=\"2023-11-23T10:49:45+00:00\" \/>\n<meta property=\"og:image\" content=\"https:\/\/master.myweb-fm.com\/wp-content\/uploads\/2023\/11\/b0ed1508d689286f2403d9a9023fbfb2926f6cd2_126_0910040S_main_view_1.jpg\" \/>\n\t<meta property=\"og:image:width\" content=\"3869\" \/>\n\t<meta property=\"og:image:height\" content=\"342\" \/>\n\t<meta property=\"og:image:type\" content=\"image\/jpeg\" \/>\n<meta name=\"twitter:card\" content=\"summary_large_image\" \/>\n<script type=\"application\/ld+json\" class=\"yoast-schema-graph\">{\"@context\":\"https:\\\/\\\/schema.org\",\"@graph\":[{\"@type\":\"WebPage\",\"@id\":\"https:\\\/\\\/master.myweb-fm.com\\\/es\\\/producto\\\/absorbedores-de-energia-con-cuerda\\\/\",\"url\":\"https:\\\/\\\/master.myweb-fm.com\\\/es\\\/producto\\\/absorbedores-de-energia-con-cuerda\\\/\",\"name\":\"Absorbedores de energia con cuerda - Instance master - Old Unyc\",\"isPartOf\":{\"@id\":\"https:\\\/\\\/master.myweb-fm.com\\\/es\\\/#website\"},\"primaryImageOfPage\":{\"@id\":\"https:\\\/\\\/master.myweb-fm.com\\\/es\\\/producto\\\/absorbedores-de-energia-con-cuerda\\\/#primaryimage\"},\"image\":{\"@id\":\"https:\\\/\\\/master.myweb-fm.com\\\/es\\\/producto\\\/absorbedores-de-energia-con-cuerda\\\/#primaryimage\"},\"thumbnailUrl\":\"https:\\\/\\\/master.myweb-fm.com\\\/wp-content\\\/uploads\\\/2023\\\/11\\\/b0ed1508d689286f2403d9a9023fbfb2926f6cd2_126_0910040S_main_view_1.jpg\",\"datePublished\":\"2023-11-20T21:22:10+00:00\",\"dateModified\":\"2023-11-23T10:49:45+00:00\",\"breadcrumb\":{\"@id\":\"https:\\\/\\\/master.myweb-fm.com\\\/es\\\/producto\\\/absorbedores-de-energia-con-cuerda\\\/#breadcrumb\"},\"inLanguage\":\"es\",\"potentialAction\":[{\"@type\":\"ReadAction\",\"target\":[\"https:\\\/\\\/master.myweb-fm.com\\\/es\\\/producto\\\/absorbedores-de-energia-con-cuerda\\\/\"]}]},{\"@type\":\"ImageObject\",\"inLanguage\":\"es\",\"@id\":\"https:\\\/\\\/master.myweb-fm.com\\\/es\\\/producto\\\/absorbedores-de-energia-con-cuerda\\\/#primaryimage\",\"url\":\"https:\\\/\\\/master.myweb-fm.com\\\/wp-content\\\/uploads\\\/2023\\\/11\\\/b0ed1508d689286f2403d9a9023fbfb2926f6cd2_126_0910040S_main_view_1.jpg\",\"contentUrl\":\"https:\\\/\\\/master.myweb-fm.com\\\/wp-content\\\/uploads\\\/2023\\\/11\\\/b0ed1508d689286f2403d9a9023fbfb2926f6cd2_126_0910040S_main_view_1.jpg\",\"width\":3869,\"height\":342},{\"@type\":\"BreadcrumbList\",\"@id\":\"https:\\\/\\\/master.myweb-fm.com\\\/es\\\/producto\\\/absorbedores-de-energia-con-cuerda\\\/#breadcrumb\",\"itemListElement\":[{\"@type\":\"ListItem\",\"position\":1,\"name\":\"Catalogue\",\"item\":\"https:\\\/\\\/master.myweb-fm.com\\\/fr\\\/catalogue\\\/\"},{\"@type\":\"ListItem\",\"position\":2,\"name\":\"Absorbedores de energia con cuerda\"}]},{\"@type\":\"WebSite\",\"@id\":\"https:\\\/\\\/master.myweb-fm.com\\\/es\\\/#website\",\"url\":\"https:\\\/\\\/master.myweb-fm.com\\\/es\\\/\",\"name\":\"Instance master - Old Unyc\",\"description\":\"Fr\u00e9n\u00e9hard &amp; Michaux\",\"potentialAction\":[{\"@type\":\"SearchAction\",\"target\":{\"@type\":\"EntryPoint\",\"urlTemplate\":\"https:\\\/\\\/master.myweb-fm.com\\\/es\\\/?s={search_term_string}\"},\"query-input\":{\"@type\":\"PropertyValueSpecification\",\"valueRequired\":true,\"valueName\":\"search_term_string\"}}],\"inLanguage\":\"es\"}]}<\/script>\n<!-- \/ Yoast SEO plugin. -->","yoast_head_json":{"title":"Absorbedores de energia con cuerda - Instance master - Old Unyc","robots":{"index":"noindex","follow":"follow","max-snippet":"max-snippet:-1","max-image-preview":"max-image-preview:large","max-video-preview":"max-video-preview:-1"},"og_locale":"es_ES","og_type":"article","og_title":"Absorbedores de energia con cuerda - Instance master - Old Unyc","og_description":"Esta cuerda simple con absorbedor de energ\u00eda se engancha por un lado al arn\u00e9s de seguridad y por el otro a un punto de anclaje para proteger al usuario en caso de ca\u00edda. El absorbedor de energ\u00eda integrado permite retener progresivamente al usuario en caso de ca\u00edda. Los dos mosquetones est\u00e1n integrados. La longitud de una cuerda no debe superar los 2,00\u00a0m.","og_url":"https:\/\/master.myweb-fm.com\/es\/producto\/absorbedores-de-energia-con-cuerda\/","og_site_name":"Instance master - Old Unyc","article_modified_time":"2023-11-23T10:49:45+00:00","og_image":[{"width":3869,"height":342,"url":"https:\/\/master.myweb-fm.com\/wp-content\/uploads\/2023\/11\/b0ed1508d689286f2403d9a9023fbfb2926f6cd2_126_0910040S_main_view_1.jpg","type":"image\/jpeg"}],"twitter_card":"summary_large_image","schema":{"@context":"https:\/\/schema.org","@graph":[{"@type":"WebPage","@id":"https:\/\/master.myweb-fm.com\/es\/producto\/absorbedores-de-energia-con-cuerda\/","url":"https:\/\/master.myweb-fm.com\/es\/producto\/absorbedores-de-energia-con-cuerda\/","name":"Absorbedores de energia con cuerda - Instance master - Old Unyc","isPartOf":{"@id":"https:\/\/master.myweb-fm.com\/es\/#website"},"primaryImageOfPage":{"@id":"https:\/\/master.myweb-fm.com\/es\/producto\/absorbedores-de-energia-con-cuerda\/#primaryimage"},"image":{"@id":"https:\/\/master.myweb-fm.com\/es\/producto\/absorbedores-de-energia-con-cuerda\/#primaryimage"},"thumbnailUrl":"https:\/\/master.myweb-fm.com\/wp-content\/uploads\/2023\/11\/b0ed1508d689286f2403d9a9023fbfb2926f6cd2_126_0910040S_main_view_1.jpg","datePublished":"2023-11-20T21:22:10+00:00","dateModified":"2023-11-23T10:49:45+00:00","breadcrumb":{"@id":"https:\/\/master.myweb-fm.com\/es\/producto\/absorbedores-de-energia-con-cuerda\/#breadcrumb"},"inLanguage":"es","potentialAction":[{"@type":"ReadAction","target":["https:\/\/master.myweb-fm.com\/es\/producto\/absorbedores-de-energia-con-cuerda\/"]}]},{"@type":"ImageObject","inLanguage":"es","@id":"https:\/\/master.myweb-fm.com\/es\/producto\/absorbedores-de-energia-con-cuerda\/#primaryimage","url":"https:\/\/master.myweb-fm.com\/wp-content\/uploads\/2023\/11\/b0ed1508d689286f2403d9a9023fbfb2926f6cd2_126_0910040S_main_view_1.jpg","contentUrl":"https:\/\/master.myweb-fm.com\/wp-content\/uploads\/2023\/11\/b0ed1508d689286f2403d9a9023fbfb2926f6cd2_126_0910040S_main_view_1.jpg","width":3869,"height":342},{"@type":"BreadcrumbList","@id":"https:\/\/master.myweb-fm.com\/es\/producto\/absorbedores-de-energia-con-cuerda\/#breadcrumb","itemListElement":[{"@type":"ListItem","position":1,"name":"Catalogue","item":"https:\/\/master.myweb-fm.com\/fr\/catalogue\/"},{"@type":"ListItem","position":2,"name":"Absorbedores de energia con cuerda"}]},{"@type":"WebSite","@id":"https:\/\/master.myweb-fm.com\/es\/#website","url":"https:\/\/master.myweb-fm.com\/es\/","name":"Instance master - Old Unyc","description":"Fr\u00e9n\u00e9hard &amp; Michaux","potentialAction":[{"@type":"SearchAction","target":{"@type":"EntryPoint","urlTemplate":"https:\/\/master.myweb-fm.com\/es\/?s={search_term_string}"},"query-input":{"@type":"PropertyValueSpecification","valueRequired":true,"valueName":"search_term_string"}}],"inLanguage":"es"}]}},"_links":{"self":[{"href":"https:\/\/master.myweb-fm.com\/es\/wp-json\/wp\/v2\/product\/17535","targetHints":{"allow":["GET"]}}],"collection":[{"href":"https:\/\/master.myweb-fm.com\/es\/wp-json\/wp\/v2\/product"}],"about":[{"href":"https:\/\/master.myweb-fm.com\/es\/wp-json\/wp\/v2\/types\/product"}],"wp:featuredmedia":[{"embeddable":true,"href":"https:\/\/master.myweb-fm.com\/es\/wp-json\/wp\/v2\/media\/14759"}],"wp:attachment":[{"href":"https:\/\/master.myweb-fm.com\/es\/wp-json\/wp\/v2\/media?parent=17535"}],"wp:term":[{"taxonomy":"product_brand","embeddable":true,"href":"https:\/\/master.myweb-fm.com\/es\/wp-json\/wp\/v2\/product_brand?post=17535"},{"taxonomy":"product_cat","embeddable":true,"href":"https:\/\/master.myweb-fm.com\/es\/wp-json\/wp\/v2\/product_cat?post=17535"},{"taxonomy":"product_tag","embeddable":true,"href":"https:\/\/master.myweb-fm.com\/es\/wp-json\/wp\/v2\/product_tag?post=17535"}],"curies":[{"name":"wp","href":"https:\/\/api.w.org\/{rel}","templated":true}]}}