{"id":17457,"date":"2023-11-20T22:19:47","date_gmt":"2023-11-20T21:19:47","guid":{"rendered":"https:\/\/master.myweb-fm.com\/sin%20categor\u00eda\/126-091003\/"},"modified":"2023-11-23T11:49:44","modified_gmt":"2023-11-23T10:49:44","slug":"cuerda-semiestatica-o-11mm","status":"publish","type":"product","link":"https:\/\/master.myweb-fm.com\/es\/producto\/cuerda-semiestatica-o-11mm\/","title":{"rendered":"Cuerda semiestatica \u00d8 11mm"},"content":{"rendered":"<ul>\n<li>Cuerdas semiest\u00e1ticas de 11 mm de \u00d8 de poliamida <\/li>\n<li> Hebillas para anclajes cosidas <\/li>\n<li> Gran resistencia a la tracci\u00f3n <\/li>\n<li> Alargamiento < 5\u00a0%, gran resistencia a la tracci\u00f3n  <\/li>\n<li> 6 longitudes disponibles de 3, 6, 10, 20, 30, 50 metros <\/li>\n<li> Compatible con nuestro antica\u00eddas bloqueador extensible<\/li>\n<\/ul>\n","protected":false},"excerpt":{"rendered":"<p>Cuerda semiest\u00e1tica de poliamida de 11\u00a0mm de di\u00e1metro para un uso vertical combinado con nuestro antica\u00eddas bloqueador extensible. Esta cuerda forma parte de los componentes de un sistema antica\u00eddas. Para una mayor facilidad de uso, resulta adecuado lastrar la cuerda con un peso de 3\u00a0kg.<\/p>\n","protected":false},"featured_media":14711,"template":"","meta":{"_acf_changed":false},"product_brand":[],"product_cat":[70124],"product_tag":[],"class_list":{"0":"post-17457","1":"product","2":"type-product","3":"status-publish","4":"has-post-thumbnail","6":"product_cat-equipements-es","7":"pa_abc_class-a-es","8":"pa_abc_class-b-es","9":"pa_abc_class-c-es","10":"pa_abc_class-s-es","11":"pa_base_unit-ea-es","12":"pa_brand-unyc-es","13":"pa_e_com_product-no-es","14":"pa_edi_option-no-es","15":"pa_export_product-yes-es","16":"pa_g_range-13-es","17":"pa_lifespan-15-ans-es","18":"pa_lock_code-000-es","19":"pa_lock_code-0su-es","20":"pa_material-polyamide-es","21":"pa_pack_instructions_level_1-no-es","22":"pa_pack_instructions_level_2-no-es","23":"pa_pack_instructions_level_3-no-es","24":"pa_pack_type_level_1-ct-es","25":"pa_pack_type_level_1-sca-es","26":"pa_pack_type_level_2-pf-es","27":"pa_pic_family-097-es","28":"pa_product_extension_length-10_m-es","29":"pa_product_extension_length-20_m-es","30":"pa_product_extension_length-3_m-es","31":"pa_product_extension_length-30_m-es","32":"pa_product_extension_length-50_m-es","33":"pa_product_extension_length-6_m-es","34":"pa_product_origin-es-es","35":"pa_production_company-126-es","36":"pa_sales_company-126-es","37":"pa_sales_plan-c-es","38":"pa_sales_range-13-es","39":"pa_short_designation-corde-gainee-tressee-10m-es","40":"pa_short_designation-corde-gainee-tressee-20m-es","41":"pa_short_designation-corde-gainee-tressee-30m-es","42":"pa_short_designation-corde-gainee-tressee-3m-es","43":"pa_short_designation-corde-gainee-tressee-50m-es","44":"pa_short_designation-corde-gainee-tressee-6m-es","45":"pa_sigle-ce-es","46":"pa_standard-en_1891-es","47":"pa_type_of_product-corde-es","48":"pa_use-highly_intensive-es","49":"pa_varied_weight-no-es","51":"first","52":"instock","53":"shipping-taxable","54":"purchasable","55":"product-type-variable"},"acf":[],"yoast_head":"<!-- This site is optimized with the Yoast SEO plugin v27.3 - https:\/\/yoast.com\/product\/yoast-seo-wordpress\/ -->\n<title>Cuerda semiestatica \u00d8 11mm - Instance master - Old Unyc<\/title>\n<meta name=\"robots\" content=\"noindex, follow, max-snippet:-1, max-image-preview:large, max-video-preview:-1\" \/>\n<meta property=\"og:locale\" content=\"es_ES\" \/>\n<meta property=\"og:type\" content=\"article\" \/>\n<meta property=\"og:title\" content=\"Cuerda semiestatica \u00d8 11mm - Instance master - Old Unyc\" \/>\n<meta property=\"og:description\" content=\"Cuerda semiest\u00e1tica de poliamida de 11\u00a0mm de di\u00e1metro para un uso vertical combinado con nuestro antica\u00eddas bloqueador extensible. Esta cuerda forma parte de los componentes de un sistema antica\u00eddas. Para una mayor facilidad de uso, resulta adecuado lastrar la cuerda con un peso de 3\u00a0kg.\" \/>\n<meta property=\"og:url\" content=\"https:\/\/master.myweb-fm.com\/es\/producto\/cuerda-semiestatica-o-11mm\/\" \/>\n<meta property=\"og:site_name\" content=\"Instance master - Old Unyc\" \/>\n<meta property=\"article:modified_time\" content=\"2023-11-23T10:49:44+00:00\" \/>\n<meta property=\"og:image\" content=\"https:\/\/master.myweb-fm.com\/wp-content\/uploads\/2023\/11\/9ae18f1a80e08a74981ff12ef27d74d75bbf5e07_126_091003_main_view_1.jpg\" \/>\n\t<meta property=\"og:image:width\" content=\"768\" \/>\n\t<meta property=\"og:image:height\" content=\"1024\" \/>\n\t<meta property=\"og:image:type\" content=\"image\/jpeg\" \/>\n<meta name=\"twitter:card\" content=\"summary_large_image\" \/>\n<script type=\"application\/ld+json\" class=\"yoast-schema-graph\">{\"@context\":\"https:\\\/\\\/schema.org\",\"@graph\":[{\"@type\":\"WebPage\",\"@id\":\"https:\\\/\\\/master.myweb-fm.com\\\/es\\\/producto\\\/cuerda-semiestatica-o-11mm\\\/\",\"url\":\"https:\\\/\\\/master.myweb-fm.com\\\/es\\\/producto\\\/cuerda-semiestatica-o-11mm\\\/\",\"name\":\"Cuerda semiestatica \u00d8 11mm - Instance master - Old Unyc\",\"isPartOf\":{\"@id\":\"https:\\\/\\\/master.myweb-fm.com\\\/es\\\/#website\"},\"primaryImageOfPage\":{\"@id\":\"https:\\\/\\\/master.myweb-fm.com\\\/es\\\/producto\\\/cuerda-semiestatica-o-11mm\\\/#primaryimage\"},\"image\":{\"@id\":\"https:\\\/\\\/master.myweb-fm.com\\\/es\\\/producto\\\/cuerda-semiestatica-o-11mm\\\/#primaryimage\"},\"thumbnailUrl\":\"https:\\\/\\\/master.myweb-fm.com\\\/wp-content\\\/uploads\\\/2023\\\/11\\\/9ae18f1a80e08a74981ff12ef27d74d75bbf5e07_126_091003_main_view_1.jpg\",\"datePublished\":\"2023-11-20T21:19:47+00:00\",\"dateModified\":\"2023-11-23T10:49:44+00:00\",\"breadcrumb\":{\"@id\":\"https:\\\/\\\/master.myweb-fm.com\\\/es\\\/producto\\\/cuerda-semiestatica-o-11mm\\\/#breadcrumb\"},\"inLanguage\":\"es\",\"potentialAction\":[{\"@type\":\"ReadAction\",\"target\":[\"https:\\\/\\\/master.myweb-fm.com\\\/es\\\/producto\\\/cuerda-semiestatica-o-11mm\\\/\"]}]},{\"@type\":\"ImageObject\",\"inLanguage\":\"es\",\"@id\":\"https:\\\/\\\/master.myweb-fm.com\\\/es\\\/producto\\\/cuerda-semiestatica-o-11mm\\\/#primaryimage\",\"url\":\"https:\\\/\\\/master.myweb-fm.com\\\/wp-content\\\/uploads\\\/2023\\\/11\\\/9ae18f1a80e08a74981ff12ef27d74d75bbf5e07_126_091003_main_view_1.jpg\",\"contentUrl\":\"https:\\\/\\\/master.myweb-fm.com\\\/wp-content\\\/uploads\\\/2023\\\/11\\\/9ae18f1a80e08a74981ff12ef27d74d75bbf5e07_126_091003_main_view_1.jpg\",\"width\":2448,\"height\":3264},{\"@type\":\"BreadcrumbList\",\"@id\":\"https:\\\/\\\/master.myweb-fm.com\\\/es\\\/producto\\\/cuerda-semiestatica-o-11mm\\\/#breadcrumb\",\"itemListElement\":[{\"@type\":\"ListItem\",\"position\":1,\"name\":\"Catalogue\",\"item\":\"https:\\\/\\\/master.myweb-fm.com\\\/fr\\\/catalogue\\\/\"},{\"@type\":\"ListItem\",\"position\":2,\"name\":\"Cuerda semiestatica \u00d8 11mm\"}]},{\"@type\":\"WebSite\",\"@id\":\"https:\\\/\\\/master.myweb-fm.com\\\/es\\\/#website\",\"url\":\"https:\\\/\\\/master.myweb-fm.com\\\/es\\\/\",\"name\":\"Instance master - Old Unyc\",\"description\":\"Fr\u00e9n\u00e9hard &amp; Michaux\",\"potentialAction\":[{\"@type\":\"SearchAction\",\"target\":{\"@type\":\"EntryPoint\",\"urlTemplate\":\"https:\\\/\\\/master.myweb-fm.com\\\/es\\\/?s={search_term_string}\"},\"query-input\":{\"@type\":\"PropertyValueSpecification\",\"valueRequired\":true,\"valueName\":\"search_term_string\"}}],\"inLanguage\":\"es\"}]}<\/script>\n<!-- \/ Yoast SEO plugin. -->","yoast_head_json":{"title":"Cuerda semiestatica \u00d8 11mm - Instance master - Old Unyc","robots":{"index":"noindex","follow":"follow","max-snippet":"max-snippet:-1","max-image-preview":"max-image-preview:large","max-video-preview":"max-video-preview:-1"},"og_locale":"es_ES","og_type":"article","og_title":"Cuerda semiestatica \u00d8 11mm - Instance master - Old Unyc","og_description":"Cuerda semiest\u00e1tica de poliamida de 11\u00a0mm de di\u00e1metro para un uso vertical combinado con nuestro antica\u00eddas bloqueador extensible. Esta cuerda forma parte de los componentes de un sistema antica\u00eddas. Para una mayor facilidad de uso, resulta adecuado lastrar la cuerda con un peso de 3\u00a0kg.","og_url":"https:\/\/master.myweb-fm.com\/es\/producto\/cuerda-semiestatica-o-11mm\/","og_site_name":"Instance master - Old Unyc","article_modified_time":"2023-11-23T10:49:44+00:00","og_image":[{"url":"https:\/\/master.myweb-fm.com\/wp-content\/uploads\/2023\/11\/9ae18f1a80e08a74981ff12ef27d74d75bbf5e07_126_091003_main_view_1.jpg","width":768,"height":1024,"type":"image\/jpeg"}],"twitter_card":"summary_large_image","schema":{"@context":"https:\/\/schema.org","@graph":[{"@type":"WebPage","@id":"https:\/\/master.myweb-fm.com\/es\/producto\/cuerda-semiestatica-o-11mm\/","url":"https:\/\/master.myweb-fm.com\/es\/producto\/cuerda-semiestatica-o-11mm\/","name":"Cuerda semiestatica \u00d8 11mm - Instance master - Old Unyc","isPartOf":{"@id":"https:\/\/master.myweb-fm.com\/es\/#website"},"primaryImageOfPage":{"@id":"https:\/\/master.myweb-fm.com\/es\/producto\/cuerda-semiestatica-o-11mm\/#primaryimage"},"image":{"@id":"https:\/\/master.myweb-fm.com\/es\/producto\/cuerda-semiestatica-o-11mm\/#primaryimage"},"thumbnailUrl":"https:\/\/master.myweb-fm.com\/wp-content\/uploads\/2023\/11\/9ae18f1a80e08a74981ff12ef27d74d75bbf5e07_126_091003_main_view_1.jpg","datePublished":"2023-11-20T21:19:47+00:00","dateModified":"2023-11-23T10:49:44+00:00","breadcrumb":{"@id":"https:\/\/master.myweb-fm.com\/es\/producto\/cuerda-semiestatica-o-11mm\/#breadcrumb"},"inLanguage":"es","potentialAction":[{"@type":"ReadAction","target":["https:\/\/master.myweb-fm.com\/es\/producto\/cuerda-semiestatica-o-11mm\/"]}]},{"@type":"ImageObject","inLanguage":"es","@id":"https:\/\/master.myweb-fm.com\/es\/producto\/cuerda-semiestatica-o-11mm\/#primaryimage","url":"https:\/\/master.myweb-fm.com\/wp-content\/uploads\/2023\/11\/9ae18f1a80e08a74981ff12ef27d74d75bbf5e07_126_091003_main_view_1.jpg","contentUrl":"https:\/\/master.myweb-fm.com\/wp-content\/uploads\/2023\/11\/9ae18f1a80e08a74981ff12ef27d74d75bbf5e07_126_091003_main_view_1.jpg","width":2448,"height":3264},{"@type":"BreadcrumbList","@id":"https:\/\/master.myweb-fm.com\/es\/producto\/cuerda-semiestatica-o-11mm\/#breadcrumb","itemListElement":[{"@type":"ListItem","position":1,"name":"Catalogue","item":"https:\/\/master.myweb-fm.com\/fr\/catalogue\/"},{"@type":"ListItem","position":2,"name":"Cuerda semiestatica \u00d8 11mm"}]},{"@type":"WebSite","@id":"https:\/\/master.myweb-fm.com\/es\/#website","url":"https:\/\/master.myweb-fm.com\/es\/","name":"Instance master - Old Unyc","description":"Fr\u00e9n\u00e9hard &amp; Michaux","potentialAction":[{"@type":"SearchAction","target":{"@type":"EntryPoint","urlTemplate":"https:\/\/master.myweb-fm.com\/es\/?s={search_term_string}"},"query-input":{"@type":"PropertyValueSpecification","valueRequired":true,"valueName":"search_term_string"}}],"inLanguage":"es"}]}},"_links":{"self":[{"href":"https:\/\/master.myweb-fm.com\/es\/wp-json\/wp\/v2\/product\/17457","targetHints":{"allow":["GET"]}}],"collection":[{"href":"https:\/\/master.myweb-fm.com\/es\/wp-json\/wp\/v2\/product"}],"about":[{"href":"https:\/\/master.myweb-fm.com\/es\/wp-json\/wp\/v2\/types\/product"}],"wp:featuredmedia":[{"embeddable":true,"href":"https:\/\/master.myweb-fm.com\/es\/wp-json\/wp\/v2\/media\/14711"}],"wp:attachment":[{"href":"https:\/\/master.myweb-fm.com\/es\/wp-json\/wp\/v2\/media?parent=17457"}],"wp:term":[{"taxonomy":"product_brand","embeddable":true,"href":"https:\/\/master.myweb-fm.com\/es\/wp-json\/wp\/v2\/product_brand?post=17457"},{"taxonomy":"product_cat","embeddable":true,"href":"https:\/\/master.myweb-fm.com\/es\/wp-json\/wp\/v2\/product_cat?post=17457"},{"taxonomy":"product_tag","embeddable":true,"href":"https:\/\/master.myweb-fm.com\/es\/wp-json\/wp\/v2\/product_tag?post=17457"}],"curies":[{"name":"wp","href":"https:\/\/api.w.org\/{rel}","templated":true}]}}