{"id":17337,"date":"2023-11-20T22:14:32","date_gmt":"2023-11-20T21:14:32","guid":{"rendered":"https:\/\/master.myweb-fm.com\/sin%20categor\u00eda\/126-091001co\/"},"modified":"2023-11-27T15:22:31","modified_gmt":"2023-11-27T14:22:31","slug":"arnes-comfort","status":"publish","type":"product","link":"https:\/\/master.myweb-fm.com\/es\/producto\/arnes-comfort\/","title":{"rendered":"Arn\u00e9s Comfort"},"content":{"rendered":"<ul>\n<li>Arn\u00e9s que permite trabajar con total seguridad (retenci\u00f3n en el trabajo, antica\u00eddas y sujeci\u00f3n en el trabajo). <\/li>\n<li> Dos puntos de anclaje: dorsal (anillo met\u00e1lico de 8,00\u00a0mm) y esternal (2 anillos en correa que deben unirse con un mosquet\u00f3n que sirve de punto de anclaje) <\/li>\n<li> El enganche esternal permite trabajar en tensi\u00f3n en su arn\u00e9s y dedicarse totalmente a su tarea <\/li>\n<li> Correas de 45\u00a0mm de anchura de poli\u00e9ster <\/li>\n<li> Cintur\u00f3n de sujeci\u00f3n de las lumbares extremadamente resistente con un relleno de espuma que le permite al usuario trabajar en sujeci\u00f3n en el trabajo <\/li>\n<li> El cierre y el ajuste del arn\u00e9s se realizan mediante 3 hebillas met\u00e1licas macho-hembra a la altura de los muslos y del cintur\u00f3n de sujeci\u00f3n <\/li>\n<li> Correa bajo gl\u00fateos que permite mantener al usuario en posici\u00f3n vertical para proporcionarle un mayor confort <\/li>\n<li> Clip de PVC para sujetar la correa sobrante<\/li>\n<\/ul>\n","protected":false},"excerpt":{"rendered":"<p>El arn\u00e9s antica\u00eddas y de sujeci\u00f3n en el trabajo COMFORT es un equipo de protecci\u00f3n individual destinado al trabajo en altura. Resulta ideal para trabajar en posici\u00f3n inclinada. Est\u00e1 dise\u00f1ado para responder a un uso frecuente. Se compone de dos puntos de anclaje (esternal y dorsal) y de tres hebillas de ajuste a la altura de los muslos y del cintur\u00f3n de sujeci\u00f3n. \u00c9ste permite trabajar con total seguridad y asegura la perfecta prensi\u00f3n del cuerpo. Gracias a su cintur\u00f3n de sujeci\u00f3n, el usuario puede colocarse apoyado en los pies al tiempo que mantiene las manos libres para trabajar. Forma parte de los componentes de sistemas antica\u00eddas. Este arn\u00e9s cumple la norma EN 361, EN 358 y EN 365, cuenta con la certificaci\u00f3n CE y se encuentra disponible en dos tallas.<\/p>\n","protected":false},"featured_media":14021,"template":"","meta":{"_acf_changed":false},"product_brand":[],"product_cat":[70110],"product_tag":[],"class_list":{"0":"post-17337","1":"product","2":"type-product","3":"status-publish","4":"has-post-thumbnail","6":"product_cat-harnais-es","7":"pa_abc_class-b-es","8":"pa_abc_class-s-es","9":"pa_base_unit-ea-es","10":"pa_brand-unyc-es","11":"pa_confort-3-es","12":"pa_e_com_product-no-es","13":"pa_edi_option-no-es","14":"pa_export_product-yes-es","15":"pa_g_range-13-es","16":"pa_lifespan-15-ans-es","17":"pa_lock_code-000-es","18":"pa_maximum_load-100-kg-es","19":"pa_pack_instructions_level_1-no-es","20":"pa_pack_instructions_level_2-no-es","21":"pa_pack_instructions_level_3-no-es","22":"pa_pack_type_level_1-ct-es","23":"pa_pack_type_level_2-pf-es","24":"pa_pic_family-097-es","25":"pa_product_origin-es-es","26":"pa_product_range_grouping-comfort-es","27":"pa_production_company-126-es","28":"pa_sales_company-126-es","29":"pa_sales_plan-c-es","30":"pa_sales_range-13-es","31":"pa_short_designation-harnais-comfort-taille-1-es","32":"pa_short_designation-harnais-comfort-taille-2-es","33":"pa_sigle-ce-es","34":"pa_size-size_1-es","35":"pa_size-size_2-es","36":"pa_standard-en_358-es","37":"pa_standard-en_361-es","38":"pa_standard-en_365-es","39":"pa_type_of_floor-worksite_safety-es","40":"pa_type_of_floor-fall_prevention-es","41":"pa_type_of_floor-work_positioning-es","42":"pa_type_of_product-harnais-es","43":"pa_use-regular-es","44":"pa_varied_weight-no-es","46":"first","47":"instock","48":"shipping-taxable","49":"purchasable","50":"product-type-variable"},"acf":[],"yoast_head":"<!-- This site is optimized with the Yoast SEO plugin v27.3 - https:\/\/yoast.com\/product\/yoast-seo-wordpress\/ -->\n<title>Arn\u00e9s Comfort - Instance master - Old Unyc<\/title>\n<meta name=\"robots\" content=\"noindex, follow, max-snippet:-1, max-image-preview:large, max-video-preview:-1\" \/>\n<meta property=\"og:locale\" content=\"es_ES\" \/>\n<meta property=\"og:type\" content=\"article\" \/>\n<meta property=\"og:title\" content=\"Arn\u00e9s Comfort - Instance master - Old Unyc\" \/>\n<meta property=\"og:description\" content=\"El arn\u00e9s antica\u00eddas y de sujeci\u00f3n en el trabajo COMFORT es un equipo de protecci\u00f3n individual destinado al trabajo en altura. Resulta ideal para trabajar en posici\u00f3n inclinada. Est\u00e1 dise\u00f1ado para responder a un uso frecuente. Se compone de dos puntos de anclaje (esternal y dorsal) y de tres hebillas de ajuste a la altura de los muslos y del cintur\u00f3n de sujeci\u00f3n. \u00c9ste permite trabajar con total seguridad y asegura la perfecta prensi\u00f3n del cuerpo. Gracias a su cintur\u00f3n de sujeci\u00f3n, el usuario puede colocarse apoyado en los pies al tiempo que mantiene las manos libres para trabajar. Forma parte de los componentes de sistemas antica\u00eddas. Este arn\u00e9s cumple la norma EN 361, EN 358 y EN 365, cuenta con la certificaci\u00f3n CE y se encuentra disponible en dos tallas.\" \/>\n<meta property=\"og:url\" content=\"https:\/\/master.myweb-fm.com\/es\/producto\/arnes-comfort\/\" \/>\n<meta property=\"og:site_name\" content=\"Instance master - Old Unyc\" \/>\n<meta property=\"article:modified_time\" content=\"2023-11-27T14:22:31+00:00\" \/>\n<meta property=\"og:image\" content=\"https:\/\/master.myweb-fm.com\/wp-content\/uploads\/2023\/11\/b7ff50ed94c5933fc350b87f509d26720ddd2b08_126_091001CO_main_view_1.jpg\" \/>\n\t<meta property=\"og:image:width\" content=\"724\" \/>\n\t<meta property=\"og:image:height\" content=\"1024\" \/>\n\t<meta property=\"og:image:type\" content=\"image\/jpeg\" \/>\n<meta name=\"twitter:card\" content=\"summary_large_image\" \/>\n<meta name=\"twitter:label1\" content=\"Tiempo de lectura\" \/>\n\t<meta name=\"twitter:data1\" content=\"1 minuto\" \/>\n<script type=\"application\/ld+json\" class=\"yoast-schema-graph\">{\"@context\":\"https:\\\/\\\/schema.org\",\"@graph\":[{\"@type\":\"WebPage\",\"@id\":\"https:\\\/\\\/master.myweb-fm.com\\\/es\\\/producto\\\/arnes-comfort\\\/\",\"url\":\"https:\\\/\\\/master.myweb-fm.com\\\/es\\\/producto\\\/arnes-comfort\\\/\",\"name\":\"Arn\u00e9s Comfort - Instance master - Old Unyc\",\"isPartOf\":{\"@id\":\"https:\\\/\\\/master.myweb-fm.com\\\/es\\\/#website\"},\"primaryImageOfPage\":{\"@id\":\"https:\\\/\\\/master.myweb-fm.com\\\/es\\\/producto\\\/arnes-comfort\\\/#primaryimage\"},\"image\":{\"@id\":\"https:\\\/\\\/master.myweb-fm.com\\\/es\\\/producto\\\/arnes-comfort\\\/#primaryimage\"},\"thumbnailUrl\":\"https:\\\/\\\/master.myweb-fm.com\\\/wp-content\\\/uploads\\\/2023\\\/11\\\/b7ff50ed94c5933fc350b87f509d26720ddd2b08_126_091001CO_main_view_1.jpg\",\"datePublished\":\"2023-11-20T21:14:32+00:00\",\"dateModified\":\"2023-11-27T14:22:31+00:00\",\"breadcrumb\":{\"@id\":\"https:\\\/\\\/master.myweb-fm.com\\\/es\\\/producto\\\/arnes-comfort\\\/#breadcrumb\"},\"inLanguage\":\"es\",\"potentialAction\":[{\"@type\":\"ReadAction\",\"target\":[\"https:\\\/\\\/master.myweb-fm.com\\\/es\\\/producto\\\/arnes-comfort\\\/\"]}]},{\"@type\":\"ImageObject\",\"inLanguage\":\"es\",\"@id\":\"https:\\\/\\\/master.myweb-fm.com\\\/es\\\/producto\\\/arnes-comfort\\\/#primaryimage\",\"url\":\"https:\\\/\\\/master.myweb-fm.com\\\/wp-content\\\/uploads\\\/2023\\\/11\\\/b7ff50ed94c5933fc350b87f509d26720ddd2b08_126_091001CO_main_view_1.jpg\",\"contentUrl\":\"https:\\\/\\\/master.myweb-fm.com\\\/wp-content\\\/uploads\\\/2023\\\/11\\\/b7ff50ed94c5933fc350b87f509d26720ddd2b08_126_091001CO_main_view_1.jpg\",\"width\":2480,\"height\":3508},{\"@type\":\"BreadcrumbList\",\"@id\":\"https:\\\/\\\/master.myweb-fm.com\\\/es\\\/producto\\\/arnes-comfort\\\/#breadcrumb\",\"itemListElement\":[{\"@type\":\"ListItem\",\"position\":1,\"name\":\"Catalogue\",\"item\":\"https:\\\/\\\/master.myweb-fm.com\\\/fr\\\/catalogue\\\/\"},{\"@type\":\"ListItem\",\"position\":2,\"name\":\"Arn\u00e9s Comfort\"}]},{\"@type\":\"WebSite\",\"@id\":\"https:\\\/\\\/master.myweb-fm.com\\\/es\\\/#website\",\"url\":\"https:\\\/\\\/master.myweb-fm.com\\\/es\\\/\",\"name\":\"Instance master - Old Unyc\",\"description\":\"Fr\u00e9n\u00e9hard &amp; Michaux\",\"potentialAction\":[{\"@type\":\"SearchAction\",\"target\":{\"@type\":\"EntryPoint\",\"urlTemplate\":\"https:\\\/\\\/master.myweb-fm.com\\\/es\\\/?s={search_term_string}\"},\"query-input\":{\"@type\":\"PropertyValueSpecification\",\"valueRequired\":true,\"valueName\":\"search_term_string\"}}],\"inLanguage\":\"es\"}]}<\/script>\n<!-- \/ Yoast SEO plugin. -->","yoast_head_json":{"title":"Arn\u00e9s Comfort - Instance master - Old Unyc","robots":{"index":"noindex","follow":"follow","max-snippet":"max-snippet:-1","max-image-preview":"max-image-preview:large","max-video-preview":"max-video-preview:-1"},"og_locale":"es_ES","og_type":"article","og_title":"Arn\u00e9s Comfort - Instance master - Old Unyc","og_description":"El arn\u00e9s antica\u00eddas y de sujeci\u00f3n en el trabajo COMFORT es un equipo de protecci\u00f3n individual destinado al trabajo en altura. Resulta ideal para trabajar en posici\u00f3n inclinada. Est\u00e1 dise\u00f1ado para responder a un uso frecuente. Se compone de dos puntos de anclaje (esternal y dorsal) y de tres hebillas de ajuste a la altura de los muslos y del cintur\u00f3n de sujeci\u00f3n. \u00c9ste permite trabajar con total seguridad y asegura la perfecta prensi\u00f3n del cuerpo. Gracias a su cintur\u00f3n de sujeci\u00f3n, el usuario puede colocarse apoyado en los pies al tiempo que mantiene las manos libres para trabajar. Forma parte de los componentes de sistemas antica\u00eddas. Este arn\u00e9s cumple la norma EN 361, EN 358 y EN 365, cuenta con la certificaci\u00f3n CE y se encuentra disponible en dos tallas.","og_url":"https:\/\/master.myweb-fm.com\/es\/producto\/arnes-comfort\/","og_site_name":"Instance master - Old Unyc","article_modified_time":"2023-11-27T14:22:31+00:00","og_image":[{"url":"https:\/\/master.myweb-fm.com\/wp-content\/uploads\/2023\/11\/b7ff50ed94c5933fc350b87f509d26720ddd2b08_126_091001CO_main_view_1.jpg","width":724,"height":1024,"type":"image\/jpeg"}],"twitter_card":"summary_large_image","twitter_misc":{"Tiempo de lectura":"1 minuto"},"schema":{"@context":"https:\/\/schema.org","@graph":[{"@type":"WebPage","@id":"https:\/\/master.myweb-fm.com\/es\/producto\/arnes-comfort\/","url":"https:\/\/master.myweb-fm.com\/es\/producto\/arnes-comfort\/","name":"Arn\u00e9s Comfort - Instance master - Old Unyc","isPartOf":{"@id":"https:\/\/master.myweb-fm.com\/es\/#website"},"primaryImageOfPage":{"@id":"https:\/\/master.myweb-fm.com\/es\/producto\/arnes-comfort\/#primaryimage"},"image":{"@id":"https:\/\/master.myweb-fm.com\/es\/producto\/arnes-comfort\/#primaryimage"},"thumbnailUrl":"https:\/\/master.myweb-fm.com\/wp-content\/uploads\/2023\/11\/b7ff50ed94c5933fc350b87f509d26720ddd2b08_126_091001CO_main_view_1.jpg","datePublished":"2023-11-20T21:14:32+00:00","dateModified":"2023-11-27T14:22:31+00:00","breadcrumb":{"@id":"https:\/\/master.myweb-fm.com\/es\/producto\/arnes-comfort\/#breadcrumb"},"inLanguage":"es","potentialAction":[{"@type":"ReadAction","target":["https:\/\/master.myweb-fm.com\/es\/producto\/arnes-comfort\/"]}]},{"@type":"ImageObject","inLanguage":"es","@id":"https:\/\/master.myweb-fm.com\/es\/producto\/arnes-comfort\/#primaryimage","url":"https:\/\/master.myweb-fm.com\/wp-content\/uploads\/2023\/11\/b7ff50ed94c5933fc350b87f509d26720ddd2b08_126_091001CO_main_view_1.jpg","contentUrl":"https:\/\/master.myweb-fm.com\/wp-content\/uploads\/2023\/11\/b7ff50ed94c5933fc350b87f509d26720ddd2b08_126_091001CO_main_view_1.jpg","width":2480,"height":3508},{"@type":"BreadcrumbList","@id":"https:\/\/master.myweb-fm.com\/es\/producto\/arnes-comfort\/#breadcrumb","itemListElement":[{"@type":"ListItem","position":1,"name":"Catalogue","item":"https:\/\/master.myweb-fm.com\/fr\/catalogue\/"},{"@type":"ListItem","position":2,"name":"Arn\u00e9s Comfort"}]},{"@type":"WebSite","@id":"https:\/\/master.myweb-fm.com\/es\/#website","url":"https:\/\/master.myweb-fm.com\/es\/","name":"Instance master - Old Unyc","description":"Fr\u00e9n\u00e9hard &amp; Michaux","potentialAction":[{"@type":"SearchAction","target":{"@type":"EntryPoint","urlTemplate":"https:\/\/master.myweb-fm.com\/es\/?s={search_term_string}"},"query-input":{"@type":"PropertyValueSpecification","valueRequired":true,"valueName":"search_term_string"}}],"inLanguage":"es"}]}},"_links":{"self":[{"href":"https:\/\/master.myweb-fm.com\/es\/wp-json\/wp\/v2\/product\/17337","targetHints":{"allow":["GET"]}}],"collection":[{"href":"https:\/\/master.myweb-fm.com\/es\/wp-json\/wp\/v2\/product"}],"about":[{"href":"https:\/\/master.myweb-fm.com\/es\/wp-json\/wp\/v2\/types\/product"}],"wp:featuredmedia":[{"embeddable":true,"href":"https:\/\/master.myweb-fm.com\/es\/wp-json\/wp\/v2\/media\/14021"}],"wp:attachment":[{"href":"https:\/\/master.myweb-fm.com\/es\/wp-json\/wp\/v2\/media?parent=17337"}],"wp:term":[{"taxonomy":"product_brand","embeddable":true,"href":"https:\/\/master.myweb-fm.com\/es\/wp-json\/wp\/v2\/product_brand?post=17337"},{"taxonomy":"product_cat","embeddable":true,"href":"https:\/\/master.myweb-fm.com\/es\/wp-json\/wp\/v2\/product_cat?post=17337"},{"taxonomy":"product_tag","embeddable":true,"href":"https:\/\/master.myweb-fm.com\/es\/wp-json\/wp\/v2\/product_tag?post=17337"}],"curies":[{"name":"wp","href":"https:\/\/api.w.org\/{rel}","templated":true}]}}