{"id":17277,"date":"2023-11-20T22:11:52","date_gmt":"2023-11-20T21:11:52","guid":{"rendered":"https:\/\/master.myweb-fm.com\/sin%20categor\u00eda\/126-091000ma\/"},"modified":"2023-11-27T15:49:54","modified_gmt":"2023-11-27T14:49:54","slug":"kit-master","status":"publish","type":"product","link":"https:\/\/master.myweb-fm.com\/es\/producto\/kit-master\/","title":{"rendered":"Kit Master"},"content":{"rendered":"<ul>\n<li>Kit de E.P.I. antica\u00eddas, sujeci\u00f3n en el trabajo y suspensi\u00f3n MASTER Compuesto: de un arn\u00e9s MASTER, de una cuerda semiest\u00e1tica de 20m, de un antica\u00eddas bloqueador extensible, de dos mosquetones de aluminio ,de un anillo de anclaje en la correa de 1,00\u00a0mde una bolsa de transporte de 20\u00a0L de capacidad. Recomendado para los especialistas de trabajos en altura, torristas, podadores, personas que trabajan en una escalera, carpinteros, impermeabilizadores y sectores de la construcci\u00f3n<\/li>\n<\/ul>\n","protected":false},"excerpt":{"rendered":"<p>El kit E.P.I. antica\u00eddas MASTER est\u00e1 recomendado para carpinteros, techadores, ebanistas y especialistas de la construcci\u00f3n de estructuras. Para un uso ultraintensivo como antica\u00eddas y de sujeci\u00f3n en el trabajo. Responde a las normas EN 361 y EN 358. Si a\u00f1ade los equipos adecuados, el arn\u00e9s MASTER se puede utilizar en situaci\u00f3n de suspensi\u00f3n (EN 813).<\/p>\n","protected":false},"featured_media":13859,"template":"","meta":{"_acf_changed":false},"product_brand":[],"product_cat":[70116],"product_tag":[],"class_list":{"0":"post-17277","1":"product","2":"type-product","3":"status-publish","4":"has-post-thumbnail","6":"product_cat-kits-es","7":"pa_abc_class-b-es","8":"pa_abc_class-s-es","9":"pa_base_unit-ea-es","10":"pa_brand-unyc-es","11":"pa_careers-carpenter_roofer_joiner-es","12":"pa_careers-rope_acess_technician_pylon_installer_tree_trimmer_works_on_ladders-es","13":"pa_confort-5-es","14":"pa_e_com_product-no-es","15":"pa_edi_option-no-es","16":"pa_export_product-yes-es","17":"pa_g_range-13-es","18":"pa_lifespan-15-ans-es","19":"pa_lock_code-000-es","20":"pa_maximum_load-140-kg-es","21":"pa_pack_instructions_level_1-no-es","22":"pa_pack_instructions_level_2-no-es","23":"pa_pack_instructions_level_3-no-es","24":"pa_pack_type_level_1-ct-es","25":"pa_pack_type_level_2-pf-es","26":"pa_pic_family-097-es","27":"pa_product_origin-es-es","28":"pa_product_range_grouping-master-es","29":"pa_production_company-126-es","30":"pa_sales_company-126-es","31":"pa_sales_plan-c-es","32":"pa_sales_range-13-es","33":"pa_short_designation-kit-master-taille-1-es","34":"pa_short_designation-kit-master-taille-2-es","35":"pa_sigle-ce-es","36":"pa_size-size_1-es","37":"pa_size-size_2-es","38":"pa_standard-en_358-es","39":"pa_standard-en_361-es","40":"pa_standard-en_813-es","41":"pa_type_of_floor-fall_prevention-es","42":"pa_type_of_product-kit-es","43":"pa_use-highly_intensive-es","44":"pa_varied_weight-no-es","46":"first","47":"instock","48":"shipping-taxable","49":"purchasable","50":"product-type-variable"},"acf":[],"yoast_head":"<!-- This site is optimized with the Yoast SEO plugin v27.4 - https:\/\/yoast.com\/product\/yoast-seo-wordpress\/ -->\n<title>Kit Master - Instance master - Old Unyc<\/title>\n<meta name=\"robots\" content=\"noindex, follow, max-snippet:-1, max-image-preview:large, max-video-preview:-1\" \/>\n<meta property=\"og:locale\" content=\"es_ES\" \/>\n<meta property=\"og:type\" content=\"article\" \/>\n<meta property=\"og:title\" content=\"Kit Master - Instance master - Old Unyc\" \/>\n<meta property=\"og:description\" content=\"El kit E.P.I. antica\u00eddas MASTER est\u00e1 recomendado para carpinteros, techadores, ebanistas y especialistas de la construcci\u00f3n de estructuras. Para un uso ultraintensivo como antica\u00eddas y de sujeci\u00f3n en el trabajo. Responde a las normas EN 361 y EN 358. Si a\u00f1ade los equipos adecuados, el arn\u00e9s MASTER se puede utilizar en situaci\u00f3n de suspensi\u00f3n (EN 813).\" \/>\n<meta property=\"og:url\" content=\"https:\/\/master.myweb-fm.com\/es\/producto\/kit-master\/\" \/>\n<meta property=\"og:site_name\" content=\"Instance master - Old Unyc\" \/>\n<meta property=\"article:modified_time\" content=\"2023-11-27T14:49:54+00:00\" \/>\n<meta property=\"og:image\" content=\"https:\/\/master.myweb-fm.com\/wp-content\/uploads\/2023\/11\/877a7896174575f20a8df10e80bfd939bb9d7009_126_091000MA_main_view_2.jpg\" \/>\n\t<meta property=\"og:image:width\" content=\"660\" \/>\n\t<meta property=\"og:image:height\" content=\"660\" \/>\n\t<meta property=\"og:image:type\" content=\"image\/jpeg\" \/>\n<meta name=\"twitter:card\" content=\"summary_large_image\" \/>\n<script type=\"application\/ld+json\" class=\"yoast-schema-graph\">{\"@context\":\"https:\\\/\\\/schema.org\",\"@graph\":[{\"@type\":\"WebPage\",\"@id\":\"https:\\\/\\\/master.myweb-fm.com\\\/es\\\/producto\\\/kit-master\\\/\",\"url\":\"https:\\\/\\\/master.myweb-fm.com\\\/es\\\/producto\\\/kit-master\\\/\",\"name\":\"Kit Master - Instance master - Old Unyc\",\"isPartOf\":{\"@id\":\"https:\\\/\\\/master.myweb-fm.com\\\/es\\\/#website\"},\"primaryImageOfPage\":{\"@id\":\"https:\\\/\\\/master.myweb-fm.com\\\/es\\\/producto\\\/kit-master\\\/#primaryimage\"},\"image\":{\"@id\":\"https:\\\/\\\/master.myweb-fm.com\\\/es\\\/producto\\\/kit-master\\\/#primaryimage\"},\"thumbnailUrl\":\"https:\\\/\\\/master.myweb-fm.com\\\/wp-content\\\/uploads\\\/2023\\\/11\\\/877a7896174575f20a8df10e80bfd939bb9d7009_126_091000MA_main_view_2.jpg\",\"datePublished\":\"2023-11-20T21:11:52+00:00\",\"dateModified\":\"2023-11-27T14:49:54+00:00\",\"breadcrumb\":{\"@id\":\"https:\\\/\\\/master.myweb-fm.com\\\/es\\\/producto\\\/kit-master\\\/#breadcrumb\"},\"inLanguage\":\"es\",\"potentialAction\":[{\"@type\":\"ReadAction\",\"target\":[\"https:\\\/\\\/master.myweb-fm.com\\\/es\\\/producto\\\/kit-master\\\/\"]}]},{\"@type\":\"ImageObject\",\"inLanguage\":\"es\",\"@id\":\"https:\\\/\\\/master.myweb-fm.com\\\/es\\\/producto\\\/kit-master\\\/#primaryimage\",\"url\":\"https:\\\/\\\/master.myweb-fm.com\\\/wp-content\\\/uploads\\\/2023\\\/11\\\/877a7896174575f20a8df10e80bfd939bb9d7009_126_091000MA_main_view_2.jpg\",\"contentUrl\":\"https:\\\/\\\/master.myweb-fm.com\\\/wp-content\\\/uploads\\\/2023\\\/11\\\/877a7896174575f20a8df10e80bfd939bb9d7009_126_091000MA_main_view_2.jpg\",\"width\":660,\"height\":660},{\"@type\":\"BreadcrumbList\",\"@id\":\"https:\\\/\\\/master.myweb-fm.com\\\/es\\\/producto\\\/kit-master\\\/#breadcrumb\",\"itemListElement\":[{\"@type\":\"ListItem\",\"position\":1,\"name\":\"Catalogue\",\"item\":\"https:\\\/\\\/master.myweb-fm.com\\\/fr\\\/catalogue\\\/\"},{\"@type\":\"ListItem\",\"position\":2,\"name\":\"Kit Master\"}]},{\"@type\":\"WebSite\",\"@id\":\"https:\\\/\\\/master.myweb-fm.com\\\/es\\\/#website\",\"url\":\"https:\\\/\\\/master.myweb-fm.com\\\/es\\\/\",\"name\":\"Instance master - Old Unyc\",\"description\":\"Fr\u00e9n\u00e9hard &amp; Michaux\",\"potentialAction\":[{\"@type\":\"SearchAction\",\"target\":{\"@type\":\"EntryPoint\",\"urlTemplate\":\"https:\\\/\\\/master.myweb-fm.com\\\/es\\\/?s={search_term_string}\"},\"query-input\":{\"@type\":\"PropertyValueSpecification\",\"valueRequired\":true,\"valueName\":\"search_term_string\"}}],\"inLanguage\":\"es\"}]}<\/script>\n<!-- \/ Yoast SEO plugin. -->","yoast_head_json":{"title":"Kit Master - Instance master - Old Unyc","robots":{"index":"noindex","follow":"follow","max-snippet":"max-snippet:-1","max-image-preview":"max-image-preview:large","max-video-preview":"max-video-preview:-1"},"og_locale":"es_ES","og_type":"article","og_title":"Kit Master - Instance master - Old Unyc","og_description":"El kit E.P.I. antica\u00eddas MASTER est\u00e1 recomendado para carpinteros, techadores, ebanistas y especialistas de la construcci\u00f3n de estructuras. Para un uso ultraintensivo como antica\u00eddas y de sujeci\u00f3n en el trabajo. Responde a las normas EN 361 y EN 358. Si a\u00f1ade los equipos adecuados, el arn\u00e9s MASTER se puede utilizar en situaci\u00f3n de suspensi\u00f3n (EN 813).","og_url":"https:\/\/master.myweb-fm.com\/es\/producto\/kit-master\/","og_site_name":"Instance master - Old Unyc","article_modified_time":"2023-11-27T14:49:54+00:00","og_image":[{"width":660,"height":660,"url":"https:\/\/master.myweb-fm.com\/wp-content\/uploads\/2023\/11\/877a7896174575f20a8df10e80bfd939bb9d7009_126_091000MA_main_view_2.jpg","type":"image\/jpeg"}],"twitter_card":"summary_large_image","schema":{"@context":"https:\/\/schema.org","@graph":[{"@type":"WebPage","@id":"https:\/\/master.myweb-fm.com\/es\/producto\/kit-master\/","url":"https:\/\/master.myweb-fm.com\/es\/producto\/kit-master\/","name":"Kit Master - Instance master - Old Unyc","isPartOf":{"@id":"https:\/\/master.myweb-fm.com\/es\/#website"},"primaryImageOfPage":{"@id":"https:\/\/master.myweb-fm.com\/es\/producto\/kit-master\/#primaryimage"},"image":{"@id":"https:\/\/master.myweb-fm.com\/es\/producto\/kit-master\/#primaryimage"},"thumbnailUrl":"https:\/\/master.myweb-fm.com\/wp-content\/uploads\/2023\/11\/877a7896174575f20a8df10e80bfd939bb9d7009_126_091000MA_main_view_2.jpg","datePublished":"2023-11-20T21:11:52+00:00","dateModified":"2023-11-27T14:49:54+00:00","breadcrumb":{"@id":"https:\/\/master.myweb-fm.com\/es\/producto\/kit-master\/#breadcrumb"},"inLanguage":"es","potentialAction":[{"@type":"ReadAction","target":["https:\/\/master.myweb-fm.com\/es\/producto\/kit-master\/"]}]},{"@type":"ImageObject","inLanguage":"es","@id":"https:\/\/master.myweb-fm.com\/es\/producto\/kit-master\/#primaryimage","url":"https:\/\/master.myweb-fm.com\/wp-content\/uploads\/2023\/11\/877a7896174575f20a8df10e80bfd939bb9d7009_126_091000MA_main_view_2.jpg","contentUrl":"https:\/\/master.myweb-fm.com\/wp-content\/uploads\/2023\/11\/877a7896174575f20a8df10e80bfd939bb9d7009_126_091000MA_main_view_2.jpg","width":660,"height":660},{"@type":"BreadcrumbList","@id":"https:\/\/master.myweb-fm.com\/es\/producto\/kit-master\/#breadcrumb","itemListElement":[{"@type":"ListItem","position":1,"name":"Catalogue","item":"https:\/\/master.myweb-fm.com\/fr\/catalogue\/"},{"@type":"ListItem","position":2,"name":"Kit Master"}]},{"@type":"WebSite","@id":"https:\/\/master.myweb-fm.com\/es\/#website","url":"https:\/\/master.myweb-fm.com\/es\/","name":"Instance master - Old Unyc","description":"Fr\u00e9n\u00e9hard &amp; Michaux","potentialAction":[{"@type":"SearchAction","target":{"@type":"EntryPoint","urlTemplate":"https:\/\/master.myweb-fm.com\/es\/?s={search_term_string}"},"query-input":{"@type":"PropertyValueSpecification","valueRequired":true,"valueName":"search_term_string"}}],"inLanguage":"es"}]}},"_links":{"self":[{"href":"https:\/\/master.myweb-fm.com\/es\/wp-json\/wp\/v2\/product\/17277","targetHints":{"allow":["GET"]}}],"collection":[{"href":"https:\/\/master.myweb-fm.com\/es\/wp-json\/wp\/v2\/product"}],"about":[{"href":"https:\/\/master.myweb-fm.com\/es\/wp-json\/wp\/v2\/types\/product"}],"wp:featuredmedia":[{"embeddable":true,"href":"https:\/\/master.myweb-fm.com\/es\/wp-json\/wp\/v2\/media\/13859"}],"wp:attachment":[{"href":"https:\/\/master.myweb-fm.com\/es\/wp-json\/wp\/v2\/media?parent=17277"}],"wp:term":[{"taxonomy":"product_brand","embeddable":true,"href":"https:\/\/master.myweb-fm.com\/es\/wp-json\/wp\/v2\/product_brand?post=17277"},{"taxonomy":"product_cat","embeddable":true,"href":"https:\/\/master.myweb-fm.com\/es\/wp-json\/wp\/v2\/product_cat?post=17277"},{"taxonomy":"product_tag","embeddable":true,"href":"https:\/\/master.myweb-fm.com\/es\/wp-json\/wp\/v2\/product_tag?post=17277"}],"curies":[{"name":"wp","href":"https:\/\/api.w.org\/{rel}","templated":true}]}}