{"id":17187,"date":"2023-11-20T22:07:30","date_gmt":"2023-11-20T21:07:30","guid":{"rendered":"https:\/\/master.myweb-fm.com\/sin%20categor\u00eda\/126-091000esd\/"},"modified":"2023-11-27T16:32:59","modified_gmt":"2023-11-27T15:32:59","slug":"kit-essential-duo","status":"publish","type":"product","link":"https:\/\/master.myweb-fm.com\/es\/producto\/kit-essential-duo\/","title":{"rendered":"Kit Essential duo"},"content":{"rendered":"<ul>\n<li>Kit de EPI antica\u00eddas ESSENTIAL DUO Compuesto: de un arn\u00e9s ESSENTIAL, de una cuerda doble con absorbedor de energ\u00eda de 1,00\u00a0m, de una bolsa de transporte de 20\u00a0L de capacidad. Recomendado para los sectores de la construcci\u00f3n, los instaladores de andamios, los carpinteros, los instaladores de tejados, el mantenimiento industrial y los impermeabilizadores<\/li>\n<\/ul>\n","protected":false},"excerpt":{"rendered":"<p>El kit E.P.I. antica\u00eddas Essential auto est\u00e1 recomendado para carpinteros, techadores, ebanistas, especialistas de la impermeabilizaci\u00f3n, profesionales de la construcci\u00f3n y del mantenimiento industrial y montadores de andamios. Para un uso moderado como antica\u00eddas. El producto responde a la norma EN 361.<\/p>\n","protected":false},"featured_media":16960,"template":"","meta":{"_acf_changed":false},"product_brand":[],"product_cat":[70116],"product_tag":[],"class_list":{"0":"post-17187","1":"product","2":"type-product","3":"status-publish","4":"has-post-thumbnail","6":"product_cat-kits-es","7":"pa_abc_class-b-es","8":"pa_abc_class-s-es","9":"pa_base_unit-ea-es","10":"pa_brand-unyc-es","11":"pa_careers-carpenter_roofer_joiner-es","12":"pa_careers-building_trades-es","13":"pa_careers-weather_proofing_specialist-es","14":"pa_careers-industrial_maintenance-es","15":"pa_careers-scaffolder-es","16":"pa_confort-2-es","17":"pa_e_com_product-no-es","18":"pa_edi_option-no-es","19":"pa_export_product-yes-es","20":"pa_g_range-13-es","21":"pa_lifespan-15-ans-es","22":"pa_lock_code-000-es","23":"pa_maximum_load-140-kg-es","24":"pa_pack_instructions_level_1-no-es","25":"pa_pack_instructions_level_2-no-es","26":"pa_pack_instructions_level_3-no-es","27":"pa_pack_type_level_1-ct-es","28":"pa_pack_type_level_2-pf-es","29":"pa_pic_family-097-es","30":"pa_product_origin-es-es","31":"pa_product_range_grouping-essential-es","32":"pa_production_company-126-es","33":"pa_sales_company-126-es","34":"pa_sales_plan-c-es","35":"pa_sales_range-13-es","36":"pa_short_designation-kit-essential-duo-taille-1-es","37":"pa_short_designation-kit-essential-duo-taille-2-es","38":"pa_sigle-ce-es","39":"pa_size-size_1-es","40":"pa_size-size_2-es","41":"pa_standard-en_361-es","42":"pa_type_of_floor-fall_prevention-es","43":"pa_type_of_product-kit-es","44":"pa_use-moderate-es","45":"pa_varied_weight-no-es","47":"first","48":"instock","49":"shipping-taxable","50":"purchasable","51":"product-type-variable"},"acf":[],"yoast_head":"<!-- This site is optimized with the Yoast SEO plugin v27.4 - https:\/\/yoast.com\/product\/yoast-seo-wordpress\/ -->\n<title>Kit Essential duo - Instance master - Old Unyc<\/title>\n<meta name=\"robots\" content=\"noindex, follow, max-snippet:-1, max-image-preview:large, max-video-preview:-1\" \/>\n<meta property=\"og:locale\" content=\"es_ES\" \/>\n<meta property=\"og:type\" content=\"article\" \/>\n<meta property=\"og:title\" content=\"Kit Essential duo - Instance master - Old Unyc\" \/>\n<meta property=\"og:description\" content=\"El kit E.P.I. antica\u00eddas Essential auto est\u00e1 recomendado para carpinteros, techadores, ebanistas, especialistas de la impermeabilizaci\u00f3n, profesionales de la construcci\u00f3n y del mantenimiento industrial y montadores de andamios. Para un uso moderado como antica\u00eddas. El producto responde a la norma EN 361.\" \/>\n<meta property=\"og:url\" content=\"https:\/\/master.myweb-fm.com\/es\/producto\/kit-essential-duo\/\" \/>\n<meta property=\"og:site_name\" content=\"Instance master - Old Unyc\" \/>\n<meta property=\"article:modified_time\" content=\"2023-11-27T15:32:59+00:00\" \/>\n<meta property=\"og:image\" content=\"https:\/\/master.myweb-fm.com\/wp-content\/uploads\/2023\/11\/c26d29b180dbc5644f85dde84aaaa2e511b31ec2_126_091000ESD_main_view_2.jpg\" \/>\n\t<meta property=\"og:image:width\" content=\"660\" \/>\n\t<meta property=\"og:image:height\" content=\"660\" \/>\n\t<meta property=\"og:image:type\" content=\"image\/jpeg\" \/>\n<meta name=\"twitter:card\" content=\"summary_large_image\" \/>\n<script type=\"application\/ld+json\" class=\"yoast-schema-graph\">{\"@context\":\"https:\\\/\\\/schema.org\",\"@graph\":[{\"@type\":\"WebPage\",\"@id\":\"https:\\\/\\\/master.myweb-fm.com\\\/es\\\/producto\\\/kit-essential-duo\\\/\",\"url\":\"https:\\\/\\\/master.myweb-fm.com\\\/es\\\/producto\\\/kit-essential-duo\\\/\",\"name\":\"Kit Essential duo - Instance master - Old Unyc\",\"isPartOf\":{\"@id\":\"https:\\\/\\\/master.myweb-fm.com\\\/es\\\/#website\"},\"primaryImageOfPage\":{\"@id\":\"https:\\\/\\\/master.myweb-fm.com\\\/es\\\/producto\\\/kit-essential-duo\\\/#primaryimage\"},\"image\":{\"@id\":\"https:\\\/\\\/master.myweb-fm.com\\\/es\\\/producto\\\/kit-essential-duo\\\/#primaryimage\"},\"thumbnailUrl\":\"https:\\\/\\\/master.myweb-fm.com\\\/wp-content\\\/uploads\\\/2023\\\/11\\\/c26d29b180dbc5644f85dde84aaaa2e511b31ec2_126_091000ESD_main_view_2.jpg\",\"datePublished\":\"2023-11-20T21:07:30+00:00\",\"dateModified\":\"2023-11-27T15:32:59+00:00\",\"breadcrumb\":{\"@id\":\"https:\\\/\\\/master.myweb-fm.com\\\/es\\\/producto\\\/kit-essential-duo\\\/#breadcrumb\"},\"inLanguage\":\"es\",\"potentialAction\":[{\"@type\":\"ReadAction\",\"target\":[\"https:\\\/\\\/master.myweb-fm.com\\\/es\\\/producto\\\/kit-essential-duo\\\/\"]}]},{\"@type\":\"ImageObject\",\"inLanguage\":\"es\",\"@id\":\"https:\\\/\\\/master.myweb-fm.com\\\/es\\\/producto\\\/kit-essential-duo\\\/#primaryimage\",\"url\":\"https:\\\/\\\/master.myweb-fm.com\\\/wp-content\\\/uploads\\\/2023\\\/11\\\/c26d29b180dbc5644f85dde84aaaa2e511b31ec2_126_091000ESD_main_view_2.jpg\",\"contentUrl\":\"https:\\\/\\\/master.myweb-fm.com\\\/wp-content\\\/uploads\\\/2023\\\/11\\\/c26d29b180dbc5644f85dde84aaaa2e511b31ec2_126_091000ESD_main_view_2.jpg\",\"width\":660,\"height\":660},{\"@type\":\"BreadcrumbList\",\"@id\":\"https:\\\/\\\/master.myweb-fm.com\\\/es\\\/producto\\\/kit-essential-duo\\\/#breadcrumb\",\"itemListElement\":[{\"@type\":\"ListItem\",\"position\":1,\"name\":\"Catalogue\",\"item\":\"https:\\\/\\\/master.myweb-fm.com\\\/fr\\\/catalogue\\\/\"},{\"@type\":\"ListItem\",\"position\":2,\"name\":\"Kit Essential duo\"}]},{\"@type\":\"WebSite\",\"@id\":\"https:\\\/\\\/master.myweb-fm.com\\\/es\\\/#website\",\"url\":\"https:\\\/\\\/master.myweb-fm.com\\\/es\\\/\",\"name\":\"Instance master - Old Unyc\",\"description\":\"Fr\u00e9n\u00e9hard &amp; Michaux\",\"potentialAction\":[{\"@type\":\"SearchAction\",\"target\":{\"@type\":\"EntryPoint\",\"urlTemplate\":\"https:\\\/\\\/master.myweb-fm.com\\\/es\\\/?s={search_term_string}\"},\"query-input\":{\"@type\":\"PropertyValueSpecification\",\"valueRequired\":true,\"valueName\":\"search_term_string\"}}],\"inLanguage\":\"es\"}]}<\/script>\n<!-- \/ Yoast SEO plugin. -->","yoast_head_json":{"title":"Kit Essential duo - Instance master - Old Unyc","robots":{"index":"noindex","follow":"follow","max-snippet":"max-snippet:-1","max-image-preview":"max-image-preview:large","max-video-preview":"max-video-preview:-1"},"og_locale":"es_ES","og_type":"article","og_title":"Kit Essential duo - Instance master - Old Unyc","og_description":"El kit E.P.I. antica\u00eddas Essential auto est\u00e1 recomendado para carpinteros, techadores, ebanistas, especialistas de la impermeabilizaci\u00f3n, profesionales de la construcci\u00f3n y del mantenimiento industrial y montadores de andamios. Para un uso moderado como antica\u00eddas. El producto responde a la norma EN 361.","og_url":"https:\/\/master.myweb-fm.com\/es\/producto\/kit-essential-duo\/","og_site_name":"Instance master - Old Unyc","article_modified_time":"2023-11-27T15:32:59+00:00","og_image":[{"width":660,"height":660,"url":"https:\/\/master.myweb-fm.com\/wp-content\/uploads\/2023\/11\/c26d29b180dbc5644f85dde84aaaa2e511b31ec2_126_091000ESD_main_view_2.jpg","type":"image\/jpeg"}],"twitter_card":"summary_large_image","schema":{"@context":"https:\/\/schema.org","@graph":[{"@type":"WebPage","@id":"https:\/\/master.myweb-fm.com\/es\/producto\/kit-essential-duo\/","url":"https:\/\/master.myweb-fm.com\/es\/producto\/kit-essential-duo\/","name":"Kit Essential duo - Instance master - Old Unyc","isPartOf":{"@id":"https:\/\/master.myweb-fm.com\/es\/#website"},"primaryImageOfPage":{"@id":"https:\/\/master.myweb-fm.com\/es\/producto\/kit-essential-duo\/#primaryimage"},"image":{"@id":"https:\/\/master.myweb-fm.com\/es\/producto\/kit-essential-duo\/#primaryimage"},"thumbnailUrl":"https:\/\/master.myweb-fm.com\/wp-content\/uploads\/2023\/11\/c26d29b180dbc5644f85dde84aaaa2e511b31ec2_126_091000ESD_main_view_2.jpg","datePublished":"2023-11-20T21:07:30+00:00","dateModified":"2023-11-27T15:32:59+00:00","breadcrumb":{"@id":"https:\/\/master.myweb-fm.com\/es\/producto\/kit-essential-duo\/#breadcrumb"},"inLanguage":"es","potentialAction":[{"@type":"ReadAction","target":["https:\/\/master.myweb-fm.com\/es\/producto\/kit-essential-duo\/"]}]},{"@type":"ImageObject","inLanguage":"es","@id":"https:\/\/master.myweb-fm.com\/es\/producto\/kit-essential-duo\/#primaryimage","url":"https:\/\/master.myweb-fm.com\/wp-content\/uploads\/2023\/11\/c26d29b180dbc5644f85dde84aaaa2e511b31ec2_126_091000ESD_main_view_2.jpg","contentUrl":"https:\/\/master.myweb-fm.com\/wp-content\/uploads\/2023\/11\/c26d29b180dbc5644f85dde84aaaa2e511b31ec2_126_091000ESD_main_view_2.jpg","width":660,"height":660},{"@type":"BreadcrumbList","@id":"https:\/\/master.myweb-fm.com\/es\/producto\/kit-essential-duo\/#breadcrumb","itemListElement":[{"@type":"ListItem","position":1,"name":"Catalogue","item":"https:\/\/master.myweb-fm.com\/fr\/catalogue\/"},{"@type":"ListItem","position":2,"name":"Kit Essential duo"}]},{"@type":"WebSite","@id":"https:\/\/master.myweb-fm.com\/es\/#website","url":"https:\/\/master.myweb-fm.com\/es\/","name":"Instance master - Old Unyc","description":"Fr\u00e9n\u00e9hard &amp; Michaux","potentialAction":[{"@type":"SearchAction","target":{"@type":"EntryPoint","urlTemplate":"https:\/\/master.myweb-fm.com\/es\/?s={search_term_string}"},"query-input":{"@type":"PropertyValueSpecification","valueRequired":true,"valueName":"search_term_string"}}],"inLanguage":"es"}]}},"_links":{"self":[{"href":"https:\/\/master.myweb-fm.com\/es\/wp-json\/wp\/v2\/product\/17187","targetHints":{"allow":["GET"]}}],"collection":[{"href":"https:\/\/master.myweb-fm.com\/es\/wp-json\/wp\/v2\/product"}],"about":[{"href":"https:\/\/master.myweb-fm.com\/es\/wp-json\/wp\/v2\/types\/product"}],"wp:featuredmedia":[{"embeddable":true,"href":"https:\/\/master.myweb-fm.com\/es\/wp-json\/wp\/v2\/media\/16960"}],"wp:attachment":[{"href":"https:\/\/master.myweb-fm.com\/es\/wp-json\/wp\/v2\/media?parent=17187"}],"wp:term":[{"taxonomy":"product_brand","embeddable":true,"href":"https:\/\/master.myweb-fm.com\/es\/wp-json\/wp\/v2\/product_brand?post=17187"},{"taxonomy":"product_cat","embeddable":true,"href":"https:\/\/master.myweb-fm.com\/es\/wp-json\/wp\/v2\/product_cat?post=17187"},{"taxonomy":"product_tag","embeddable":true,"href":"https:\/\/master.myweb-fm.com\/es\/wp-json\/wp\/v2\/product_tag?post=17187"}],"curies":[{"name":"wp","href":"https:\/\/api.w.org\/{rel}","templated":true}]}}