{"id":17157,"date":"2023-11-20T22:06:10","date_gmt":"2023-11-20T21:06:10","guid":{"rendered":"https:\/\/master.myweb-fm.com\/sin%20categor\u00eda\/126-091000esa\/"},"modified":"2023-11-27T16:36:20","modified_gmt":"2023-11-27T15:36:20","slug":"kit-essential-auto","status":"publish","type":"product","link":"https:\/\/master.myweb-fm.com\/es\/producto\/kit-essential-auto\/","title":{"rendered":"Kit Essential auto"},"content":{"rendered":"<ul>\n<li>Kit de EPI antica\u00eddas ESSENTIAL AUTO Compuesto: de un arn\u00e9s ESSENTIAL, de un enrollador de cable de 9\u00a0m, de un anillo de anclaje en la correa de 1,00\u00a0m, de un mosquet\u00f3n de acero ,de una bolsa de transporte de 20\u00a0L de capacidad. Recomendado para los impermeabilizadores, el mantenimiento industrial y los sectores de la construcci\u00f3n<\/li>\n<\/ul>\n","protected":false},"excerpt":{"rendered":"<p>El kit E.P.I. antica\u00eddas ESSENTIAL AUTO est\u00e1 recomendado para especialistas de la impermeabilizaci\u00f3n y profesionales de la construcci\u00f3n y del mantenimiento industrial. Para un uso moderado como antica\u00eddas. El producto responde a la norma EN 361.<\/p>\n","protected":false},"featured_media":13697,"template":"","meta":{"_acf_changed":false},"product_brand":[],"product_cat":[70116],"product_tag":[],"class_list":{"0":"post-17157","1":"product","2":"type-product","3":"status-publish","4":"has-post-thumbnail","6":"product_cat-kits-es","7":"pa_abc_class-b-es","8":"pa_abc_class-s-es","9":"pa_base_unit-ea-es","10":"pa_brand-unyc-es","11":"pa_careers-building_trades-es","12":"pa_careers-weather_proofing_specialist-es","13":"pa_careers-industrial_maintenance-es","14":"pa_confort-2-es","15":"pa_e_com_product-no-es","16":"pa_edi_option-no-es","17":"pa_export_product-yes-es","18":"pa_g_range-13-es","19":"pa_lifespan-15-ans-es","20":"pa_lock_code-000-es","21":"pa_maximum_load-140-kg-es","22":"pa_pack_instructions_level_1-no-es","23":"pa_pack_instructions_level_2-no-es","24":"pa_pack_instructions_level_3-no-es","25":"pa_pack_type_level_1-ct-es","26":"pa_pack_type_level_2-pf-es","27":"pa_pic_family-097-es","28":"pa_product_origin-es-es","29":"pa_product_range_grouping-essential-es","30":"pa_production_company-126-es","31":"pa_sales_company-126-es","32":"pa_sales_plan-c-es","33":"pa_sales_range-13-es","34":"pa_short_designation-kit-essential-auto-taille-1-es","35":"pa_short_designation-kit-essential-auto-taille-2-es","36":"pa_sigle-ce-es","37":"pa_size-size_1-es","38":"pa_size-size_2-es","39":"pa_standard-en_361-es","40":"pa_type_of_floor-fall_prevention-es","41":"pa_type_of_product-kit-es","42":"pa_use-regular-es","43":"pa_varied_weight-no-es","45":"first","46":"instock","47":"shipping-taxable","48":"purchasable","49":"product-type-variable"},"acf":[],"yoast_head":"<!-- This site is optimized with the Yoast SEO plugin v27.4 - https:\/\/yoast.com\/product\/yoast-seo-wordpress\/ -->\n<title>Kit Essential auto - Instance master - Old Unyc<\/title>\n<meta name=\"robots\" content=\"noindex, follow, max-snippet:-1, max-image-preview:large, max-video-preview:-1\" \/>\n<meta property=\"og:locale\" content=\"es_ES\" \/>\n<meta property=\"og:type\" content=\"article\" \/>\n<meta property=\"og:title\" content=\"Kit Essential auto - Instance master - Old Unyc\" \/>\n<meta property=\"og:description\" content=\"El kit E.P.I. antica\u00eddas ESSENTIAL AUTO est\u00e1 recomendado para especialistas de la impermeabilizaci\u00f3n y profesionales de la construcci\u00f3n y del mantenimiento industrial. Para un uso moderado como antica\u00eddas. El producto responde a la norma EN 361.\" \/>\n<meta property=\"og:url\" content=\"https:\/\/master.myweb-fm.com\/es\/producto\/kit-essential-auto\/\" \/>\n<meta property=\"og:site_name\" content=\"Instance master - Old Unyc\" \/>\n<meta property=\"article:modified_time\" content=\"2023-11-27T15:36:20+00:00\" \/>\n<meta property=\"og:image\" content=\"https:\/\/master.myweb-fm.com\/wp-content\/uploads\/2023\/11\/8dee1c35f93c74651c6160492d42d62ac5b8b9a6_126_091000ESA_main_view_2.jpg\" \/>\n\t<meta property=\"og:image:width\" content=\"660\" \/>\n\t<meta property=\"og:image:height\" content=\"660\" \/>\n\t<meta property=\"og:image:type\" content=\"image\/jpeg\" \/>\n<meta name=\"twitter:card\" content=\"summary_large_image\" \/>\n<script type=\"application\/ld+json\" class=\"yoast-schema-graph\">{\"@context\":\"https:\\\/\\\/schema.org\",\"@graph\":[{\"@type\":\"WebPage\",\"@id\":\"https:\\\/\\\/master.myweb-fm.com\\\/es\\\/producto\\\/kit-essential-auto\\\/\",\"url\":\"https:\\\/\\\/master.myweb-fm.com\\\/es\\\/producto\\\/kit-essential-auto\\\/\",\"name\":\"Kit Essential auto - Instance master - Old Unyc\",\"isPartOf\":{\"@id\":\"https:\\\/\\\/master.myweb-fm.com\\\/es\\\/#website\"},\"primaryImageOfPage\":{\"@id\":\"https:\\\/\\\/master.myweb-fm.com\\\/es\\\/producto\\\/kit-essential-auto\\\/#primaryimage\"},\"image\":{\"@id\":\"https:\\\/\\\/master.myweb-fm.com\\\/es\\\/producto\\\/kit-essential-auto\\\/#primaryimage\"},\"thumbnailUrl\":\"https:\\\/\\\/master.myweb-fm.com\\\/wp-content\\\/uploads\\\/2023\\\/11\\\/8dee1c35f93c74651c6160492d42d62ac5b8b9a6_126_091000ESA_main_view_2.jpg\",\"datePublished\":\"2023-11-20T21:06:10+00:00\",\"dateModified\":\"2023-11-27T15:36:20+00:00\",\"breadcrumb\":{\"@id\":\"https:\\\/\\\/master.myweb-fm.com\\\/es\\\/producto\\\/kit-essential-auto\\\/#breadcrumb\"},\"inLanguage\":\"es\",\"potentialAction\":[{\"@type\":\"ReadAction\",\"target\":[\"https:\\\/\\\/master.myweb-fm.com\\\/es\\\/producto\\\/kit-essential-auto\\\/\"]}]},{\"@type\":\"ImageObject\",\"inLanguage\":\"es\",\"@id\":\"https:\\\/\\\/master.myweb-fm.com\\\/es\\\/producto\\\/kit-essential-auto\\\/#primaryimage\",\"url\":\"https:\\\/\\\/master.myweb-fm.com\\\/wp-content\\\/uploads\\\/2023\\\/11\\\/8dee1c35f93c74651c6160492d42d62ac5b8b9a6_126_091000ESA_main_view_2.jpg\",\"contentUrl\":\"https:\\\/\\\/master.myweb-fm.com\\\/wp-content\\\/uploads\\\/2023\\\/11\\\/8dee1c35f93c74651c6160492d42d62ac5b8b9a6_126_091000ESA_main_view_2.jpg\",\"width\":660,\"height\":660},{\"@type\":\"BreadcrumbList\",\"@id\":\"https:\\\/\\\/master.myweb-fm.com\\\/es\\\/producto\\\/kit-essential-auto\\\/#breadcrumb\",\"itemListElement\":[{\"@type\":\"ListItem\",\"position\":1,\"name\":\"Catalogue\",\"item\":\"https:\\\/\\\/master.myweb-fm.com\\\/fr\\\/catalogue\\\/\"},{\"@type\":\"ListItem\",\"position\":2,\"name\":\"Kit Essential auto\"}]},{\"@type\":\"WebSite\",\"@id\":\"https:\\\/\\\/master.myweb-fm.com\\\/es\\\/#website\",\"url\":\"https:\\\/\\\/master.myweb-fm.com\\\/es\\\/\",\"name\":\"Instance master - Old Unyc\",\"description\":\"Fr\u00e9n\u00e9hard &amp; Michaux\",\"potentialAction\":[{\"@type\":\"SearchAction\",\"target\":{\"@type\":\"EntryPoint\",\"urlTemplate\":\"https:\\\/\\\/master.myweb-fm.com\\\/es\\\/?s={search_term_string}\"},\"query-input\":{\"@type\":\"PropertyValueSpecification\",\"valueRequired\":true,\"valueName\":\"search_term_string\"}}],\"inLanguage\":\"es\"}]}<\/script>\n<!-- \/ Yoast SEO plugin. -->","yoast_head_json":{"title":"Kit Essential auto - Instance master - Old Unyc","robots":{"index":"noindex","follow":"follow","max-snippet":"max-snippet:-1","max-image-preview":"max-image-preview:large","max-video-preview":"max-video-preview:-1"},"og_locale":"es_ES","og_type":"article","og_title":"Kit Essential auto - Instance master - Old Unyc","og_description":"El kit E.P.I. antica\u00eddas ESSENTIAL AUTO est\u00e1 recomendado para especialistas de la impermeabilizaci\u00f3n y profesionales de la construcci\u00f3n y del mantenimiento industrial. Para un uso moderado como antica\u00eddas. El producto responde a la norma EN 361.","og_url":"https:\/\/master.myweb-fm.com\/es\/producto\/kit-essential-auto\/","og_site_name":"Instance master - Old Unyc","article_modified_time":"2023-11-27T15:36:20+00:00","og_image":[{"width":660,"height":660,"url":"https:\/\/master.myweb-fm.com\/wp-content\/uploads\/2023\/11\/8dee1c35f93c74651c6160492d42d62ac5b8b9a6_126_091000ESA_main_view_2.jpg","type":"image\/jpeg"}],"twitter_card":"summary_large_image","schema":{"@context":"https:\/\/schema.org","@graph":[{"@type":"WebPage","@id":"https:\/\/master.myweb-fm.com\/es\/producto\/kit-essential-auto\/","url":"https:\/\/master.myweb-fm.com\/es\/producto\/kit-essential-auto\/","name":"Kit Essential auto - Instance master - Old Unyc","isPartOf":{"@id":"https:\/\/master.myweb-fm.com\/es\/#website"},"primaryImageOfPage":{"@id":"https:\/\/master.myweb-fm.com\/es\/producto\/kit-essential-auto\/#primaryimage"},"image":{"@id":"https:\/\/master.myweb-fm.com\/es\/producto\/kit-essential-auto\/#primaryimage"},"thumbnailUrl":"https:\/\/master.myweb-fm.com\/wp-content\/uploads\/2023\/11\/8dee1c35f93c74651c6160492d42d62ac5b8b9a6_126_091000ESA_main_view_2.jpg","datePublished":"2023-11-20T21:06:10+00:00","dateModified":"2023-11-27T15:36:20+00:00","breadcrumb":{"@id":"https:\/\/master.myweb-fm.com\/es\/producto\/kit-essential-auto\/#breadcrumb"},"inLanguage":"es","potentialAction":[{"@type":"ReadAction","target":["https:\/\/master.myweb-fm.com\/es\/producto\/kit-essential-auto\/"]}]},{"@type":"ImageObject","inLanguage":"es","@id":"https:\/\/master.myweb-fm.com\/es\/producto\/kit-essential-auto\/#primaryimage","url":"https:\/\/master.myweb-fm.com\/wp-content\/uploads\/2023\/11\/8dee1c35f93c74651c6160492d42d62ac5b8b9a6_126_091000ESA_main_view_2.jpg","contentUrl":"https:\/\/master.myweb-fm.com\/wp-content\/uploads\/2023\/11\/8dee1c35f93c74651c6160492d42d62ac5b8b9a6_126_091000ESA_main_view_2.jpg","width":660,"height":660},{"@type":"BreadcrumbList","@id":"https:\/\/master.myweb-fm.com\/es\/producto\/kit-essential-auto\/#breadcrumb","itemListElement":[{"@type":"ListItem","position":1,"name":"Catalogue","item":"https:\/\/master.myweb-fm.com\/fr\/catalogue\/"},{"@type":"ListItem","position":2,"name":"Kit Essential auto"}]},{"@type":"WebSite","@id":"https:\/\/master.myweb-fm.com\/es\/#website","url":"https:\/\/master.myweb-fm.com\/es\/","name":"Instance master - Old Unyc","description":"Fr\u00e9n\u00e9hard &amp; Michaux","potentialAction":[{"@type":"SearchAction","target":{"@type":"EntryPoint","urlTemplate":"https:\/\/master.myweb-fm.com\/es\/?s={search_term_string}"},"query-input":{"@type":"PropertyValueSpecification","valueRequired":true,"valueName":"search_term_string"}}],"inLanguage":"es"}]}},"_links":{"self":[{"href":"https:\/\/master.myweb-fm.com\/es\/wp-json\/wp\/v2\/product\/17157","targetHints":{"allow":["GET"]}}],"collection":[{"href":"https:\/\/master.myweb-fm.com\/es\/wp-json\/wp\/v2\/product"}],"about":[{"href":"https:\/\/master.myweb-fm.com\/es\/wp-json\/wp\/v2\/types\/product"}],"wp:featuredmedia":[{"embeddable":true,"href":"https:\/\/master.myweb-fm.com\/es\/wp-json\/wp\/v2\/media\/13697"}],"wp:attachment":[{"href":"https:\/\/master.myweb-fm.com\/es\/wp-json\/wp\/v2\/media?parent=17157"}],"wp:term":[{"taxonomy":"product_brand","embeddable":true,"href":"https:\/\/master.myweb-fm.com\/es\/wp-json\/wp\/v2\/product_brand?post=17157"},{"taxonomy":"product_cat","embeddable":true,"href":"https:\/\/master.myweb-fm.com\/es\/wp-json\/wp\/v2\/product_cat?post=17157"},{"taxonomy":"product_tag","embeddable":true,"href":"https:\/\/master.myweb-fm.com\/es\/wp-json\/wp\/v2\/product_tag?post=17157"}],"curies":[{"name":"wp","href":"https:\/\/api.w.org\/{rel}","templated":true}]}}