{"id":17127,"date":"2023-11-20T22:04:49","date_gmt":"2023-11-20T21:04:49","guid":{"rendered":"https:\/\/master.myweb-fm.com\/sin%20categor\u00eda\/126-091000co\/"},"modified":"2023-11-27T16:38:58","modified_gmt":"2023-11-27T15:38:58","slug":"kit-comfort","status":"publish","type":"product","link":"https:\/\/master.myweb-fm.com\/es\/producto\/kit-comfort\/","title":{"rendered":"Kit Comfort"},"content":{"rendered":"<ul>\n<li>Kit de E.P.I .antica\u00eddas y sujeci\u00f3n en el trabajo COMFORT Compuesto: de un arn\u00e9s COMFORT, de una cuerda semiest\u00e1tica de 10\u00a0m, de un antica\u00eddas bloqueador extensible, de dos mosquetones de acero ,de un anillo de anclaje en la correa de 1,00\u00a0m, de una bolsa de transporte de 20\u00a0L de capacidad. Recomendado para los carpinteros, impermeabilizadores, carpinteros y los sectores de la construcci\u00f3n<\/li>\n<\/ul>\n","protected":false},"excerpt":{"rendered":"<p>El kit E.P.I. antica\u00eddas COMFORT est\u00e1 recomendado para carpinteros, techadores, ebanistas y especialistas de la construcci\u00f3n de estructuras. Para un uso moderado como antica\u00eddas y de sujeci\u00f3n en el trabajo. Responde a las normas EN 361 y EN 358.<\/p>\n","protected":false},"featured_media":13655,"template":"","meta":{"_acf_changed":false},"product_brand":[],"product_cat":[70116],"product_tag":[],"class_list":{"0":"post-17127","1":"product","2":"type-product","3":"status-publish","4":"has-post-thumbnail","6":"product_cat-kits-es","7":"pa_abc_class-a-es","8":"pa_abc_class-s-es","9":"pa_base_unit-ea-es","10":"pa_brand-unyc-es","11":"pa_careers-carpenter_roofer_joiner-es","12":"pa_careers-building_trades-es","13":"pa_confort-3-es","14":"pa_e_com_product-no-es","15":"pa_edi_option-no-es","16":"pa_export_product-yes-es","17":"pa_g_range-13-es","18":"pa_lifespan-15-ans-es","19":"pa_lock_code-000-es","20":"pa_maximum_load-140-kg-es","21":"pa_pack_instructions_level_1-no-es","22":"pa_pack_instructions_level_2-no-es","23":"pa_pack_instructions_level_3-no-es","24":"pa_pack_type_level_1-ct-es","25":"pa_pack_type_level_2-pf-es","26":"pa_pic_family-097-es","27":"pa_product_origin-es-es","28":"pa_product_range_grouping-comfort-es","29":"pa_production_company-126-es","30":"pa_sales_company-126-es","31":"pa_sales_plan-c-es","32":"pa_sales_range-13-es","33":"pa_short_designation-kit-comfort-taille-1-es","34":"pa_short_designation-kit-comfort-taille-2-es","35":"pa_sigle-ce-es","36":"pa_size-size_1-es","37":"pa_size-size_2-es","38":"pa_standard-en_358-es","39":"pa_standard-en_361-es","40":"pa_type_of_floor-fall_prevention-es","41":"pa_type_of_product-kit-es","42":"pa_use-regular-es","43":"pa_varied_weight-no-es","45":"first","46":"instock","47":"shipping-taxable","48":"purchasable","49":"product-type-variable"},"acf":[],"yoast_head":"<!-- This site is optimized with the Yoast SEO plugin v27.3 - https:\/\/yoast.com\/product\/yoast-seo-wordpress\/ -->\n<title>Kit Comfort - Instance master - Old Unyc<\/title>\n<meta name=\"robots\" content=\"noindex, follow, max-snippet:-1, max-image-preview:large, max-video-preview:-1\" \/>\n<meta property=\"og:locale\" content=\"es_ES\" \/>\n<meta property=\"og:type\" content=\"article\" \/>\n<meta property=\"og:title\" content=\"Kit Comfort - Instance master - Old Unyc\" \/>\n<meta property=\"og:description\" content=\"El kit E.P.I. antica\u00eddas COMFORT est\u00e1 recomendado para carpinteros, techadores, ebanistas y especialistas de la construcci\u00f3n de estructuras. Para un uso moderado como antica\u00eddas y de sujeci\u00f3n en el trabajo. Responde a las normas EN 361 y EN 358.\" \/>\n<meta property=\"og:url\" content=\"https:\/\/master.myweb-fm.com\/es\/producto\/kit-comfort\/\" \/>\n<meta property=\"og:site_name\" content=\"Instance master - Old Unyc\" \/>\n<meta property=\"article:modified_time\" content=\"2023-11-27T15:38:58+00:00\" \/>\n<meta property=\"og:image\" content=\"https:\/\/master.myweb-fm.com\/wp-content\/uploads\/2023\/11\/6b92810ab87fefba7dccb288df07f5567e72cd2f_126_091000CO_main_view_2.jpg\" \/>\n\t<meta property=\"og:image:width\" content=\"660\" \/>\n\t<meta property=\"og:image:height\" content=\"660\" \/>\n\t<meta property=\"og:image:type\" content=\"image\/jpeg\" \/>\n<meta name=\"twitter:card\" content=\"summary_large_image\" \/>\n<script type=\"application\/ld+json\" class=\"yoast-schema-graph\">{\"@context\":\"https:\\\/\\\/schema.org\",\"@graph\":[{\"@type\":\"WebPage\",\"@id\":\"https:\\\/\\\/master.myweb-fm.com\\\/es\\\/producto\\\/kit-comfort\\\/\",\"url\":\"https:\\\/\\\/master.myweb-fm.com\\\/es\\\/producto\\\/kit-comfort\\\/\",\"name\":\"Kit Comfort - Instance master - Old Unyc\",\"isPartOf\":{\"@id\":\"https:\\\/\\\/master.myweb-fm.com\\\/es\\\/#website\"},\"primaryImageOfPage\":{\"@id\":\"https:\\\/\\\/master.myweb-fm.com\\\/es\\\/producto\\\/kit-comfort\\\/#primaryimage\"},\"image\":{\"@id\":\"https:\\\/\\\/master.myweb-fm.com\\\/es\\\/producto\\\/kit-comfort\\\/#primaryimage\"},\"thumbnailUrl\":\"https:\\\/\\\/master.myweb-fm.com\\\/wp-content\\\/uploads\\\/2023\\\/11\\\/6b92810ab87fefba7dccb288df07f5567e72cd2f_126_091000CO_main_view_2.jpg\",\"datePublished\":\"2023-11-20T21:04:49+00:00\",\"dateModified\":\"2023-11-27T15:38:58+00:00\",\"breadcrumb\":{\"@id\":\"https:\\\/\\\/master.myweb-fm.com\\\/es\\\/producto\\\/kit-comfort\\\/#breadcrumb\"},\"inLanguage\":\"es\",\"potentialAction\":[{\"@type\":\"ReadAction\",\"target\":[\"https:\\\/\\\/master.myweb-fm.com\\\/es\\\/producto\\\/kit-comfort\\\/\"]}]},{\"@type\":\"ImageObject\",\"inLanguage\":\"es\",\"@id\":\"https:\\\/\\\/master.myweb-fm.com\\\/es\\\/producto\\\/kit-comfort\\\/#primaryimage\",\"url\":\"https:\\\/\\\/master.myweb-fm.com\\\/wp-content\\\/uploads\\\/2023\\\/11\\\/6b92810ab87fefba7dccb288df07f5567e72cd2f_126_091000CO_main_view_2.jpg\",\"contentUrl\":\"https:\\\/\\\/master.myweb-fm.com\\\/wp-content\\\/uploads\\\/2023\\\/11\\\/6b92810ab87fefba7dccb288df07f5567e72cd2f_126_091000CO_main_view_2.jpg\",\"width\":660,\"height\":660},{\"@type\":\"BreadcrumbList\",\"@id\":\"https:\\\/\\\/master.myweb-fm.com\\\/es\\\/producto\\\/kit-comfort\\\/#breadcrumb\",\"itemListElement\":[{\"@type\":\"ListItem\",\"position\":1,\"name\":\"Catalogue\",\"item\":\"https:\\\/\\\/master.myweb-fm.com\\\/fr\\\/catalogue\\\/\"},{\"@type\":\"ListItem\",\"position\":2,\"name\":\"Kit Comfort\"}]},{\"@type\":\"WebSite\",\"@id\":\"https:\\\/\\\/master.myweb-fm.com\\\/es\\\/#website\",\"url\":\"https:\\\/\\\/master.myweb-fm.com\\\/es\\\/\",\"name\":\"Instance master - Old Unyc\",\"description\":\"Fr\u00e9n\u00e9hard &amp; Michaux\",\"potentialAction\":[{\"@type\":\"SearchAction\",\"target\":{\"@type\":\"EntryPoint\",\"urlTemplate\":\"https:\\\/\\\/master.myweb-fm.com\\\/es\\\/?s={search_term_string}\"},\"query-input\":{\"@type\":\"PropertyValueSpecification\",\"valueRequired\":true,\"valueName\":\"search_term_string\"}}],\"inLanguage\":\"es\"}]}<\/script>\n<!-- \/ Yoast SEO plugin. -->","yoast_head_json":{"title":"Kit Comfort - Instance master - Old Unyc","robots":{"index":"noindex","follow":"follow","max-snippet":"max-snippet:-1","max-image-preview":"max-image-preview:large","max-video-preview":"max-video-preview:-1"},"og_locale":"es_ES","og_type":"article","og_title":"Kit Comfort - Instance master - Old Unyc","og_description":"El kit E.P.I. antica\u00eddas COMFORT est\u00e1 recomendado para carpinteros, techadores, ebanistas y especialistas de la construcci\u00f3n de estructuras. Para un uso moderado como antica\u00eddas y de sujeci\u00f3n en el trabajo. Responde a las normas EN 361 y EN 358.","og_url":"https:\/\/master.myweb-fm.com\/es\/producto\/kit-comfort\/","og_site_name":"Instance master - Old Unyc","article_modified_time":"2023-11-27T15:38:58+00:00","og_image":[{"width":660,"height":660,"url":"https:\/\/master.myweb-fm.com\/wp-content\/uploads\/2023\/11\/6b92810ab87fefba7dccb288df07f5567e72cd2f_126_091000CO_main_view_2.jpg","type":"image\/jpeg"}],"twitter_card":"summary_large_image","schema":{"@context":"https:\/\/schema.org","@graph":[{"@type":"WebPage","@id":"https:\/\/master.myweb-fm.com\/es\/producto\/kit-comfort\/","url":"https:\/\/master.myweb-fm.com\/es\/producto\/kit-comfort\/","name":"Kit Comfort - Instance master - Old Unyc","isPartOf":{"@id":"https:\/\/master.myweb-fm.com\/es\/#website"},"primaryImageOfPage":{"@id":"https:\/\/master.myweb-fm.com\/es\/producto\/kit-comfort\/#primaryimage"},"image":{"@id":"https:\/\/master.myweb-fm.com\/es\/producto\/kit-comfort\/#primaryimage"},"thumbnailUrl":"https:\/\/master.myweb-fm.com\/wp-content\/uploads\/2023\/11\/6b92810ab87fefba7dccb288df07f5567e72cd2f_126_091000CO_main_view_2.jpg","datePublished":"2023-11-20T21:04:49+00:00","dateModified":"2023-11-27T15:38:58+00:00","breadcrumb":{"@id":"https:\/\/master.myweb-fm.com\/es\/producto\/kit-comfort\/#breadcrumb"},"inLanguage":"es","potentialAction":[{"@type":"ReadAction","target":["https:\/\/master.myweb-fm.com\/es\/producto\/kit-comfort\/"]}]},{"@type":"ImageObject","inLanguage":"es","@id":"https:\/\/master.myweb-fm.com\/es\/producto\/kit-comfort\/#primaryimage","url":"https:\/\/master.myweb-fm.com\/wp-content\/uploads\/2023\/11\/6b92810ab87fefba7dccb288df07f5567e72cd2f_126_091000CO_main_view_2.jpg","contentUrl":"https:\/\/master.myweb-fm.com\/wp-content\/uploads\/2023\/11\/6b92810ab87fefba7dccb288df07f5567e72cd2f_126_091000CO_main_view_2.jpg","width":660,"height":660},{"@type":"BreadcrumbList","@id":"https:\/\/master.myweb-fm.com\/es\/producto\/kit-comfort\/#breadcrumb","itemListElement":[{"@type":"ListItem","position":1,"name":"Catalogue","item":"https:\/\/master.myweb-fm.com\/fr\/catalogue\/"},{"@type":"ListItem","position":2,"name":"Kit Comfort"}]},{"@type":"WebSite","@id":"https:\/\/master.myweb-fm.com\/es\/#website","url":"https:\/\/master.myweb-fm.com\/es\/","name":"Instance master - Old Unyc","description":"Fr\u00e9n\u00e9hard &amp; Michaux","potentialAction":[{"@type":"SearchAction","target":{"@type":"EntryPoint","urlTemplate":"https:\/\/master.myweb-fm.com\/es\/?s={search_term_string}"},"query-input":{"@type":"PropertyValueSpecification","valueRequired":true,"valueName":"search_term_string"}}],"inLanguage":"es"}]}},"_links":{"self":[{"href":"https:\/\/master.myweb-fm.com\/es\/wp-json\/wp\/v2\/product\/17127","targetHints":{"allow":["GET"]}}],"collection":[{"href":"https:\/\/master.myweb-fm.com\/es\/wp-json\/wp\/v2\/product"}],"about":[{"href":"https:\/\/master.myweb-fm.com\/es\/wp-json\/wp\/v2\/types\/product"}],"wp:featuredmedia":[{"embeddable":true,"href":"https:\/\/master.myweb-fm.com\/es\/wp-json\/wp\/v2\/media\/13655"}],"wp:attachment":[{"href":"https:\/\/master.myweb-fm.com\/es\/wp-json\/wp\/v2\/media?parent=17127"}],"wp:term":[{"taxonomy":"product_brand","embeddable":true,"href":"https:\/\/master.myweb-fm.com\/es\/wp-json\/wp\/v2\/product_brand?post=17127"},{"taxonomy":"product_cat","embeddable":true,"href":"https:\/\/master.myweb-fm.com\/es\/wp-json\/wp\/v2\/product_cat?post=17127"},{"taxonomy":"product_tag","embeddable":true,"href":"https:\/\/master.myweb-fm.com\/es\/wp-json\/wp\/v2\/product_tag?post=17127"}],"curies":[{"name":"wp","href":"https:\/\/api.w.org\/{rel}","templated":true}]}}