{"id":17067,"date":"2023-11-20T22:02:08","date_gmt":"2023-11-20T21:02:08","guid":{"rendered":"https:\/\/master.myweb-fm.com\/sin%20categor\u00eda\/126-091000bu\/"},"modified":"2023-11-21T16:16:51","modified_gmt":"2023-11-21T15:16:51","slug":"kit-budget","status":"publish","type":"product","link":"https:\/\/master.myweb-fm.com\/es\/producto\/kit-budget\/","title":{"rendered":"Kit Budget"},"content":{"rendered":"<ul>\n<li>Kit de E.P.I. de retenci\u00f3n en el trabajo BUDGET Compuesto: de un arn\u00e9s BUDGET, de una cuerda simple de 1,50\u00a0m, de una bolsa de transporte de 20\u00a0L de capacidad. Recomendado para los impermeabilizadores y los sectores de la construcci\u00f3n<\/li>\n<\/ul>\n","protected":false},"excerpt":{"rendered":"<p>El kit E.P.I. antica\u00eddas BUDGET est\u00e1 recomendado para especialistas de la impermeabilizaci\u00f3n y de la construcci\u00f3n de estructuras. Para un uso moderado como sujeci\u00f3n en el trabajo. El producto responde a la norma EN 361.<\/p>\n","protected":false},"featured_media":13571,"template":"","meta":{"_acf_changed":false},"product_brand":[],"product_cat":[70116],"product_tag":[],"class_list":{"0":"post-17067","1":"product","2":"type-product","3":"status-publish","4":"has-post-thumbnail","6":"product_cat-kits-es","7":"pa_abc_class-a-es","8":"pa_abc_class-s-es","9":"pa_base_unit-ea-es","10":"pa_brand-unyc-es","11":"pa_careers-building_trades-es","12":"pa_careers-weather_proofing_specialist-es","13":"pa_confort-1-es","14":"pa_e_com_product-no-es","15":"pa_edi_option-no-es","16":"pa_export_product-yes-es","17":"pa_g_range-13-es","18":"pa_lifespan-15-ans-es","19":"pa_lock_code-000-es","20":"pa_maximum_load-140-kg-es","21":"pa_pack_instructions_level_1-no-es","22":"pa_pack_instructions_level_2-no-es","23":"pa_pack_instructions_level_3-no-es","24":"pa_pack_type_level_1-ct-es","25":"pa_pack_type_level_2-pf-es","26":"pa_pic_family-097-es","27":"pa_product_origin-es-es","28":"pa_product_range_grouping-budget-es","29":"pa_production_company-126-es","30":"pa_sales_company-126-es","31":"pa_sales_plan-c-es","32":"pa_sales_range-13-es","33":"pa_short_designation-kit-budget-taille-1-es","34":"pa_short_designation-kit-budget-taille-2-es","35":"pa_sigle-ce-es","36":"pa_size-size_1-es","37":"pa_size-size_2-es","38":"pa_standard-en_361-es","39":"pa_type_of_floor-worksite_safety-es","40":"pa_type_of_product-kit-es","41":"pa_use-moderate-es","42":"pa_varied_weight-no-es","44":"first","45":"instock","46":"shipping-taxable","47":"purchasable","48":"product-type-variable"},"acf":[],"yoast_head":"<!-- This site is optimized with the Yoast SEO plugin v27.3 - https:\/\/yoast.com\/product\/yoast-seo-wordpress\/ -->\n<title>Kit Budget - Instance master - Old Unyc<\/title>\n<meta name=\"robots\" content=\"noindex, follow, max-snippet:-1, max-image-preview:large, max-video-preview:-1\" \/>\n<meta property=\"og:locale\" content=\"es_ES\" \/>\n<meta property=\"og:type\" content=\"article\" \/>\n<meta property=\"og:title\" content=\"Kit Budget - Instance master - Old Unyc\" \/>\n<meta property=\"og:description\" content=\"El kit E.P.I. antica\u00eddas BUDGET est\u00e1 recomendado para especialistas de la impermeabilizaci\u00f3n y de la construcci\u00f3n de estructuras. Para un uso moderado como sujeci\u00f3n en el trabajo. El producto responde a la norma EN 361.\" \/>\n<meta property=\"og:url\" content=\"https:\/\/master.myweb-fm.com\/es\/producto\/kit-budget\/\" \/>\n<meta property=\"og:site_name\" content=\"Instance master - Old Unyc\" \/>\n<meta property=\"article:modified_time\" content=\"2023-11-21T15:16:51+00:00\" \/>\n<meta property=\"og:image\" content=\"https:\/\/master.myweb-fm.com\/wp-content\/uploads\/2023\/11\/9a809c6327e1ea7cd6b8ae75f2040447dcbff830_126_091000BU_main_view_2.jpg\" \/>\n\t<meta property=\"og:image:width\" content=\"660\" \/>\n\t<meta property=\"og:image:height\" content=\"660\" \/>\n\t<meta property=\"og:image:type\" content=\"image\/jpeg\" \/>\n<meta name=\"twitter:card\" content=\"summary_large_image\" \/>\n<script type=\"application\/ld+json\" class=\"yoast-schema-graph\">{\"@context\":\"https:\\\/\\\/schema.org\",\"@graph\":[{\"@type\":\"WebPage\",\"@id\":\"https:\\\/\\\/master.myweb-fm.com\\\/es\\\/producto\\\/kit-budget\\\/\",\"url\":\"https:\\\/\\\/master.myweb-fm.com\\\/es\\\/producto\\\/kit-budget\\\/\",\"name\":\"Kit Budget - Instance master - Old Unyc\",\"isPartOf\":{\"@id\":\"https:\\\/\\\/master.myweb-fm.com\\\/es\\\/#website\"},\"primaryImageOfPage\":{\"@id\":\"https:\\\/\\\/master.myweb-fm.com\\\/es\\\/producto\\\/kit-budget\\\/#primaryimage\"},\"image\":{\"@id\":\"https:\\\/\\\/master.myweb-fm.com\\\/es\\\/producto\\\/kit-budget\\\/#primaryimage\"},\"thumbnailUrl\":\"https:\\\/\\\/master.myweb-fm.com\\\/wp-content\\\/uploads\\\/2023\\\/11\\\/9a809c6327e1ea7cd6b8ae75f2040447dcbff830_126_091000BU_main_view_2.jpg\",\"datePublished\":\"2023-11-20T21:02:08+00:00\",\"dateModified\":\"2023-11-21T15:16:51+00:00\",\"breadcrumb\":{\"@id\":\"https:\\\/\\\/master.myweb-fm.com\\\/es\\\/producto\\\/kit-budget\\\/#breadcrumb\"},\"inLanguage\":\"es\",\"potentialAction\":[{\"@type\":\"ReadAction\",\"target\":[\"https:\\\/\\\/master.myweb-fm.com\\\/es\\\/producto\\\/kit-budget\\\/\"]}]},{\"@type\":\"ImageObject\",\"inLanguage\":\"es\",\"@id\":\"https:\\\/\\\/master.myweb-fm.com\\\/es\\\/producto\\\/kit-budget\\\/#primaryimage\",\"url\":\"https:\\\/\\\/master.myweb-fm.com\\\/wp-content\\\/uploads\\\/2023\\\/11\\\/9a809c6327e1ea7cd6b8ae75f2040447dcbff830_126_091000BU_main_view_2.jpg\",\"contentUrl\":\"https:\\\/\\\/master.myweb-fm.com\\\/wp-content\\\/uploads\\\/2023\\\/11\\\/9a809c6327e1ea7cd6b8ae75f2040447dcbff830_126_091000BU_main_view_2.jpg\",\"width\":660,\"height\":660},{\"@type\":\"BreadcrumbList\",\"@id\":\"https:\\\/\\\/master.myweb-fm.com\\\/es\\\/producto\\\/kit-budget\\\/#breadcrumb\",\"itemListElement\":[{\"@type\":\"ListItem\",\"position\":1,\"name\":\"Catalogue\",\"item\":\"https:\\\/\\\/master.myweb-fm.com\\\/fr\\\/catalogue\\\/\"},{\"@type\":\"ListItem\",\"position\":2,\"name\":\"Kit Budget\"}]},{\"@type\":\"WebSite\",\"@id\":\"https:\\\/\\\/master.myweb-fm.com\\\/es\\\/#website\",\"url\":\"https:\\\/\\\/master.myweb-fm.com\\\/es\\\/\",\"name\":\"Instance master - Old Unyc\",\"description\":\"Fr\u00e9n\u00e9hard &amp; Michaux\",\"potentialAction\":[{\"@type\":\"SearchAction\",\"target\":{\"@type\":\"EntryPoint\",\"urlTemplate\":\"https:\\\/\\\/master.myweb-fm.com\\\/es\\\/?s={search_term_string}\"},\"query-input\":{\"@type\":\"PropertyValueSpecification\",\"valueRequired\":true,\"valueName\":\"search_term_string\"}}],\"inLanguage\":\"es\"}]}<\/script>\n<!-- \/ Yoast SEO plugin. -->","yoast_head_json":{"title":"Kit Budget - Instance master - Old Unyc","robots":{"index":"noindex","follow":"follow","max-snippet":"max-snippet:-1","max-image-preview":"max-image-preview:large","max-video-preview":"max-video-preview:-1"},"og_locale":"es_ES","og_type":"article","og_title":"Kit Budget - Instance master - Old Unyc","og_description":"El kit E.P.I. antica\u00eddas BUDGET est\u00e1 recomendado para especialistas de la impermeabilizaci\u00f3n y de la construcci\u00f3n de estructuras. Para un uso moderado como sujeci\u00f3n en el trabajo. El producto responde a la norma EN 361.","og_url":"https:\/\/master.myweb-fm.com\/es\/producto\/kit-budget\/","og_site_name":"Instance master - Old Unyc","article_modified_time":"2023-11-21T15:16:51+00:00","og_image":[{"width":660,"height":660,"url":"https:\/\/master.myweb-fm.com\/wp-content\/uploads\/2023\/11\/9a809c6327e1ea7cd6b8ae75f2040447dcbff830_126_091000BU_main_view_2.jpg","type":"image\/jpeg"}],"twitter_card":"summary_large_image","schema":{"@context":"https:\/\/schema.org","@graph":[{"@type":"WebPage","@id":"https:\/\/master.myweb-fm.com\/es\/producto\/kit-budget\/","url":"https:\/\/master.myweb-fm.com\/es\/producto\/kit-budget\/","name":"Kit Budget - Instance master - Old Unyc","isPartOf":{"@id":"https:\/\/master.myweb-fm.com\/es\/#website"},"primaryImageOfPage":{"@id":"https:\/\/master.myweb-fm.com\/es\/producto\/kit-budget\/#primaryimage"},"image":{"@id":"https:\/\/master.myweb-fm.com\/es\/producto\/kit-budget\/#primaryimage"},"thumbnailUrl":"https:\/\/master.myweb-fm.com\/wp-content\/uploads\/2023\/11\/9a809c6327e1ea7cd6b8ae75f2040447dcbff830_126_091000BU_main_view_2.jpg","datePublished":"2023-11-20T21:02:08+00:00","dateModified":"2023-11-21T15:16:51+00:00","breadcrumb":{"@id":"https:\/\/master.myweb-fm.com\/es\/producto\/kit-budget\/#breadcrumb"},"inLanguage":"es","potentialAction":[{"@type":"ReadAction","target":["https:\/\/master.myweb-fm.com\/es\/producto\/kit-budget\/"]}]},{"@type":"ImageObject","inLanguage":"es","@id":"https:\/\/master.myweb-fm.com\/es\/producto\/kit-budget\/#primaryimage","url":"https:\/\/master.myweb-fm.com\/wp-content\/uploads\/2023\/11\/9a809c6327e1ea7cd6b8ae75f2040447dcbff830_126_091000BU_main_view_2.jpg","contentUrl":"https:\/\/master.myweb-fm.com\/wp-content\/uploads\/2023\/11\/9a809c6327e1ea7cd6b8ae75f2040447dcbff830_126_091000BU_main_view_2.jpg","width":660,"height":660},{"@type":"BreadcrumbList","@id":"https:\/\/master.myweb-fm.com\/es\/producto\/kit-budget\/#breadcrumb","itemListElement":[{"@type":"ListItem","position":1,"name":"Catalogue","item":"https:\/\/master.myweb-fm.com\/fr\/catalogue\/"},{"@type":"ListItem","position":2,"name":"Kit Budget"}]},{"@type":"WebSite","@id":"https:\/\/master.myweb-fm.com\/es\/#website","url":"https:\/\/master.myweb-fm.com\/es\/","name":"Instance master - Old Unyc","description":"Fr\u00e9n\u00e9hard &amp; Michaux","potentialAction":[{"@type":"SearchAction","target":{"@type":"EntryPoint","urlTemplate":"https:\/\/master.myweb-fm.com\/es\/?s={search_term_string}"},"query-input":{"@type":"PropertyValueSpecification","valueRequired":true,"valueName":"search_term_string"}}],"inLanguage":"es"}]}},"_links":{"self":[{"href":"https:\/\/master.myweb-fm.com\/es\/wp-json\/wp\/v2\/product\/17067","targetHints":{"allow":["GET"]}}],"collection":[{"href":"https:\/\/master.myweb-fm.com\/es\/wp-json\/wp\/v2\/product"}],"about":[{"href":"https:\/\/master.myweb-fm.com\/es\/wp-json\/wp\/v2\/types\/product"}],"wp:featuredmedia":[{"embeddable":true,"href":"https:\/\/master.myweb-fm.com\/es\/wp-json\/wp\/v2\/media\/13571"}],"wp:attachment":[{"href":"https:\/\/master.myweb-fm.com\/es\/wp-json\/wp\/v2\/media?parent=17067"}],"wp:term":[{"taxonomy":"product_brand","embeddable":true,"href":"https:\/\/master.myweb-fm.com\/es\/wp-json\/wp\/v2\/product_brand?post=17067"},{"taxonomy":"product_cat","embeddable":true,"href":"https:\/\/master.myweb-fm.com\/es\/wp-json\/wp\/v2\/product_cat?post=17067"},{"taxonomy":"product_tag","embeddable":true,"href":"https:\/\/master.myweb-fm.com\/es\/wp-json\/wp\/v2\/product_tag?post=17067"}],"curies":[{"name":"wp","href":"https:\/\/api.w.org\/{rel}","templated":true}]}}