{"id":17032,"date":"2023-11-20T21:26:35","date_gmt":"2023-11-20T20:26:35","guid":{"rendered":"https:\/\/master.myweb-fm.com\/sin%20categor\u00eda\/126-09100516\/"},"modified":"2023-11-21T16:39:22","modified_gmt":"2023-11-21T15:39:22","slug":"conectores-acero-16-mm","status":"publish","type":"product","link":"https:\/\/master.myweb-fm.com\/es\/producto\/conectores-acero-16-mm\/","title":{"rendered":"Conectores acero 16 mm"},"content":{"rendered":"<ul>\n<li>Mosquet\u00f3n con tornillo de acero y \u00d8 de apertura de 16\u00a0mm <\/li>\n<li> Doble acci\u00f3n: cierre autom\u00e1tico por la acci\u00f3n del muelle y bloqueo manual mediante una tuerca cil\u00edndrica <\/li>\n<li> Este sistema impide totalmente el desbloqueo involuntario o accidental del mosquet\u00f3n <\/li>\n<li> Todos los componentes del mosquet\u00f3n (cuerpo, pieza de bloqueo, tuerca, muelle, trinquetes y horquillas) son de acero de alta resistencia mec\u00e1nica<\/li>\n<\/ul>\n","protected":false},"excerpt":{"rendered":"<p>El mosquet\u00f3n de acero de 16\u00a0mm de apertura posee un sistema de bloqueo de doble acci\u00f3n (cierre autom\u00e1tico por la acci\u00f3n del muelle y bloqueo manual mediante una tuerca cil\u00edndrica) que imposibilita el desbloqueo involuntario o accidental. El mosquet\u00f3n es un componente indispensable de un sistema de detenci\u00f3n de ca\u00eddas. Est\u00e1 dise\u00f1ado para utilizarse como conexi\u00f3n entre los diferentes componentes del sistema o para conectar los diferentes componentes al punto de anclaje de la estructura de trabajo.<\/p>\n","protected":false},"featured_media":13112,"template":"","meta":{"_acf_changed":false},"product_brand":[],"product_cat":[70124],"product_tag":[],"class_list":{"0":"post-17032","1":"product","2":"type-product","3":"status-publish","4":"has-post-thumbnail","6":"product_cat-equipements-es","7":"pa_abc_class-a-es","8":"pa_base_unit-ea-es","9":"pa_brand-unyc-es","10":"pa_e_com_product-no-es","11":"pa_edi_option-no-es","12":"pa_export_product-yes-es","13":"pa_g_range-13-es","14":"pa_lifespan-illimite-es","15":"pa_lock_code-000-es","16":"pa_pack_instructions_level_1-no-es","17":"pa_pack_instructions_level_2-no-es","18":"pa_pack_instructions_level_3-no-es","19":"pa_pack_type_level_1-ct-es","20":"pa_pack_type_level_2-pf-es","21":"pa_pic_family-097-es","22":"pa_product_origin-es-es","23":"pa_product_stored_at_manufactur-no-es-2","24":"pa_production_company-126-es","25":"pa_sales_company-126-es","26":"pa_sales_plan-c-es","27":"pa_sales_range-13-es","28":"pa_short_designation-mousqueton-acier-16-mm-es","29":"pa_sigle-ce-es","30":"pa_standard-en_362-es","31":"pa_use-intensive-es","32":"pa_varied_weight-no-es","34":"first","35":"instock","36":"shipping-taxable","37":"purchasable","38":"product-type-simple"},"acf":[],"yoast_head":"<!-- This site is optimized with the Yoast SEO plugin v27.3 - https:\/\/yoast.com\/product\/yoast-seo-wordpress\/ -->\n<title>Conectores acero 16 mm - Instance master - Old Unyc<\/title>\n<meta name=\"robots\" content=\"noindex, follow, max-snippet:-1, max-image-preview:large, max-video-preview:-1\" \/>\n<meta property=\"og:locale\" content=\"es_ES\" \/>\n<meta property=\"og:type\" content=\"article\" \/>\n<meta property=\"og:title\" content=\"Conectores acero 16 mm - Instance master - Old Unyc\" \/>\n<meta property=\"og:description\" content=\"El mosquet\u00f3n de acero de 16\u00a0mm de apertura posee un sistema de bloqueo de doble acci\u00f3n (cierre autom\u00e1tico por la acci\u00f3n del muelle y bloqueo manual mediante una tuerca cil\u00edndrica) que imposibilita el desbloqueo involuntario o accidental. El mosquet\u00f3n es un componente indispensable de un sistema de detenci\u00f3n de ca\u00eddas. Est\u00e1 dise\u00f1ado para utilizarse como conexi\u00f3n entre los diferentes componentes del sistema o para conectar los diferentes componentes al punto de anclaje de la estructura de trabajo.\" \/>\n<meta property=\"og:url\" content=\"https:\/\/master.myweb-fm.com\/es\/producto\/conectores-acero-16-mm\/\" \/>\n<meta property=\"og:site_name\" content=\"Instance master - Old Unyc\" \/>\n<meta property=\"article:modified_time\" content=\"2023-11-21T15:39:22+00:00\" \/>\n<meta property=\"og:image\" content=\"https:\/\/master.myweb-fm.com\/wp-content\/uploads\/2023\/11\/642f8d117c70af8f0b4f7dd27b33e9b1dbd37617_126_09100516_main_view.jpg\" \/>\n\t<meta property=\"og:image:width\" content=\"768\" \/>\n\t<meta property=\"og:image:height\" content=\"1024\" \/>\n\t<meta property=\"og:image:type\" content=\"image\/jpeg\" \/>\n<meta name=\"twitter:card\" content=\"summary_large_image\" \/>\n<script type=\"application\/ld+json\" class=\"yoast-schema-graph\">{\"@context\":\"https:\\\/\\\/schema.org\",\"@graph\":[{\"@type\":\"WebPage\",\"@id\":\"https:\\\/\\\/master.myweb-fm.com\\\/es\\\/producto\\\/conectores-acero-16-mm\\\/\",\"url\":\"https:\\\/\\\/master.myweb-fm.com\\\/es\\\/producto\\\/conectores-acero-16-mm\\\/\",\"name\":\"Conectores acero 16 mm - Instance master - Old Unyc\",\"isPartOf\":{\"@id\":\"https:\\\/\\\/master.myweb-fm.com\\\/es\\\/#website\"},\"primaryImageOfPage\":{\"@id\":\"https:\\\/\\\/master.myweb-fm.com\\\/es\\\/producto\\\/conectores-acero-16-mm\\\/#primaryimage\"},\"image\":{\"@id\":\"https:\\\/\\\/master.myweb-fm.com\\\/es\\\/producto\\\/conectores-acero-16-mm\\\/#primaryimage\"},\"thumbnailUrl\":\"https:\\\/\\\/master.myweb-fm.com\\\/wp-content\\\/uploads\\\/2023\\\/11\\\/642f8d117c70af8f0b4f7dd27b33e9b1dbd37617_126_09100516_main_view.jpg\",\"datePublished\":\"2023-11-20T20:26:35+00:00\",\"dateModified\":\"2023-11-21T15:39:22+00:00\",\"breadcrumb\":{\"@id\":\"https:\\\/\\\/master.myweb-fm.com\\\/es\\\/producto\\\/conectores-acero-16-mm\\\/#breadcrumb\"},\"inLanguage\":\"es\",\"potentialAction\":[{\"@type\":\"ReadAction\",\"target\":[\"https:\\\/\\\/master.myweb-fm.com\\\/es\\\/producto\\\/conectores-acero-16-mm\\\/\"]}]},{\"@type\":\"ImageObject\",\"inLanguage\":\"es\",\"@id\":\"https:\\\/\\\/master.myweb-fm.com\\\/es\\\/producto\\\/conectores-acero-16-mm\\\/#primaryimage\",\"url\":\"https:\\\/\\\/master.myweb-fm.com\\\/wp-content\\\/uploads\\\/2023\\\/11\\\/642f8d117c70af8f0b4f7dd27b33e9b1dbd37617_126_09100516_main_view.jpg\",\"contentUrl\":\"https:\\\/\\\/master.myweb-fm.com\\\/wp-content\\\/uploads\\\/2023\\\/11\\\/642f8d117c70af8f0b4f7dd27b33e9b1dbd37617_126_09100516_main_view.jpg\",\"width\":2448,\"height\":3264},{\"@type\":\"BreadcrumbList\",\"@id\":\"https:\\\/\\\/master.myweb-fm.com\\\/es\\\/producto\\\/conectores-acero-16-mm\\\/#breadcrumb\",\"itemListElement\":[{\"@type\":\"ListItem\",\"position\":1,\"name\":\"Catalogue\",\"item\":\"https:\\\/\\\/master.myweb-fm.com\\\/fr\\\/catalogue\\\/\"},{\"@type\":\"ListItem\",\"position\":2,\"name\":\"Conectores acero 16 mm\"}]},{\"@type\":\"WebSite\",\"@id\":\"https:\\\/\\\/master.myweb-fm.com\\\/es\\\/#website\",\"url\":\"https:\\\/\\\/master.myweb-fm.com\\\/es\\\/\",\"name\":\"Instance master - Old Unyc\",\"description\":\"Fr\u00e9n\u00e9hard &amp; Michaux\",\"potentialAction\":[{\"@type\":\"SearchAction\",\"target\":{\"@type\":\"EntryPoint\",\"urlTemplate\":\"https:\\\/\\\/master.myweb-fm.com\\\/es\\\/?s={search_term_string}\"},\"query-input\":{\"@type\":\"PropertyValueSpecification\",\"valueRequired\":true,\"valueName\":\"search_term_string\"}}],\"inLanguage\":\"es\"}]}<\/script>\n<!-- \/ Yoast SEO plugin. -->","yoast_head_json":{"title":"Conectores acero 16 mm - Instance master - Old Unyc","robots":{"index":"noindex","follow":"follow","max-snippet":"max-snippet:-1","max-image-preview":"max-image-preview:large","max-video-preview":"max-video-preview:-1"},"og_locale":"es_ES","og_type":"article","og_title":"Conectores acero 16 mm - Instance master - Old Unyc","og_description":"El mosquet\u00f3n de acero de 16\u00a0mm de apertura posee un sistema de bloqueo de doble acci\u00f3n (cierre autom\u00e1tico por la acci\u00f3n del muelle y bloqueo manual mediante una tuerca cil\u00edndrica) que imposibilita el desbloqueo involuntario o accidental. El mosquet\u00f3n es un componente indispensable de un sistema de detenci\u00f3n de ca\u00eddas. Est\u00e1 dise\u00f1ado para utilizarse como conexi\u00f3n entre los diferentes componentes del sistema o para conectar los diferentes componentes al punto de anclaje de la estructura de trabajo.","og_url":"https:\/\/master.myweb-fm.com\/es\/producto\/conectores-acero-16-mm\/","og_site_name":"Instance master - Old Unyc","article_modified_time":"2023-11-21T15:39:22+00:00","og_image":[{"url":"https:\/\/master.myweb-fm.com\/wp-content\/uploads\/2023\/11\/642f8d117c70af8f0b4f7dd27b33e9b1dbd37617_126_09100516_main_view.jpg","width":768,"height":1024,"type":"image\/jpeg"}],"twitter_card":"summary_large_image","schema":{"@context":"https:\/\/schema.org","@graph":[{"@type":"WebPage","@id":"https:\/\/master.myweb-fm.com\/es\/producto\/conectores-acero-16-mm\/","url":"https:\/\/master.myweb-fm.com\/es\/producto\/conectores-acero-16-mm\/","name":"Conectores acero 16 mm - Instance master - Old Unyc","isPartOf":{"@id":"https:\/\/master.myweb-fm.com\/es\/#website"},"primaryImageOfPage":{"@id":"https:\/\/master.myweb-fm.com\/es\/producto\/conectores-acero-16-mm\/#primaryimage"},"image":{"@id":"https:\/\/master.myweb-fm.com\/es\/producto\/conectores-acero-16-mm\/#primaryimage"},"thumbnailUrl":"https:\/\/master.myweb-fm.com\/wp-content\/uploads\/2023\/11\/642f8d117c70af8f0b4f7dd27b33e9b1dbd37617_126_09100516_main_view.jpg","datePublished":"2023-11-20T20:26:35+00:00","dateModified":"2023-11-21T15:39:22+00:00","breadcrumb":{"@id":"https:\/\/master.myweb-fm.com\/es\/producto\/conectores-acero-16-mm\/#breadcrumb"},"inLanguage":"es","potentialAction":[{"@type":"ReadAction","target":["https:\/\/master.myweb-fm.com\/es\/producto\/conectores-acero-16-mm\/"]}]},{"@type":"ImageObject","inLanguage":"es","@id":"https:\/\/master.myweb-fm.com\/es\/producto\/conectores-acero-16-mm\/#primaryimage","url":"https:\/\/master.myweb-fm.com\/wp-content\/uploads\/2023\/11\/642f8d117c70af8f0b4f7dd27b33e9b1dbd37617_126_09100516_main_view.jpg","contentUrl":"https:\/\/master.myweb-fm.com\/wp-content\/uploads\/2023\/11\/642f8d117c70af8f0b4f7dd27b33e9b1dbd37617_126_09100516_main_view.jpg","width":2448,"height":3264},{"@type":"BreadcrumbList","@id":"https:\/\/master.myweb-fm.com\/es\/producto\/conectores-acero-16-mm\/#breadcrumb","itemListElement":[{"@type":"ListItem","position":1,"name":"Catalogue","item":"https:\/\/master.myweb-fm.com\/fr\/catalogue\/"},{"@type":"ListItem","position":2,"name":"Conectores acero 16 mm"}]},{"@type":"WebSite","@id":"https:\/\/master.myweb-fm.com\/es\/#website","url":"https:\/\/master.myweb-fm.com\/es\/","name":"Instance master - Old Unyc","description":"Fr\u00e9n\u00e9hard &amp; Michaux","potentialAction":[{"@type":"SearchAction","target":{"@type":"EntryPoint","urlTemplate":"https:\/\/master.myweb-fm.com\/es\/?s={search_term_string}"},"query-input":{"@type":"PropertyValueSpecification","valueRequired":true,"valueName":"search_term_string"}}],"inLanguage":"es"}]}},"_links":{"self":[{"href":"https:\/\/master.myweb-fm.com\/es\/wp-json\/wp\/v2\/product\/17032","targetHints":{"allow":["GET"]}}],"collection":[{"href":"https:\/\/master.myweb-fm.com\/es\/wp-json\/wp\/v2\/product"}],"about":[{"href":"https:\/\/master.myweb-fm.com\/es\/wp-json\/wp\/v2\/types\/product"}],"wp:featuredmedia":[{"embeddable":true,"href":"https:\/\/master.myweb-fm.com\/es\/wp-json\/wp\/v2\/media\/13112"}],"wp:attachment":[{"href":"https:\/\/master.myweb-fm.com\/es\/wp-json\/wp\/v2\/media?parent=17032"}],"wp:term":[{"taxonomy":"product_brand","embeddable":true,"href":"https:\/\/master.myweb-fm.com\/es\/wp-json\/wp\/v2\/product_brand?post=17032"},{"taxonomy":"product_cat","embeddable":true,"href":"https:\/\/master.myweb-fm.com\/es\/wp-json\/wp\/v2\/product_cat?post=17032"},{"taxonomy":"product_tag","embeddable":true,"href":"https:\/\/master.myweb-fm.com\/es\/wp-json\/wp\/v2\/product_tag?post=17032"}],"curies":[{"name":"wp","href":"https:\/\/api.w.org\/{rel}","templated":true}]}}