{"id":17026,"date":"2023-11-20T21:25:58","date_gmt":"2023-11-20T20:25:58","guid":{"rendered":"https:\/\/master.myweb-fm.com\/sin%20categor\u00eda\/126-09100442\/"},"modified":"2023-11-21T16:39:07","modified_gmt":"2023-11-21T15:39:07","slug":"absorbedores-de-energia-con-cuerda-elastica-en-y","status":"publish","type":"product","link":"https:\/\/master.myweb-fm.com\/es\/producto\/absorbedores-de-energia-con-cuerda-elastica-en-y\/","title":{"rendered":"Absorbedores de energia con cuerda elastica en Y"},"content":{"rendered":"<ul>\n<li>Cuerdas retr\u00e1ctiles antica\u00eddas que permiten facilitar los desplazamientos <\/li>\n<li> Longitud retra\u00edda de 1,35\u00a0m y longitud estirada de 1,70\u00a0m (conectores incluidos) <\/li>\n<li> Equipadas con un absorbedor de energ\u00eda para reducir la intensidad del impacto en caso de ca\u00edda <\/li>\n<li> Conectores del punto de anclaje de \u00d8 54\u00a0mm con cierre autom\u00e1tico, carga m\u00e1xima de 22\u00a0kN <\/li>\n<li> Conectores del arn\u00e9s de \u00d8 18\u00a0mm con cierre autom\u00e1tico, carga m\u00e1xima de 22\u00a0kN <\/li>\n<li> Permite utilizarse en una estructura gruesa <\/li>\n<li> Correa de 40\u00a0mm<\/li>\n<\/ul>\n","protected":false},"excerpt":{"rendered":"<p>Esta cuerda doble el\u00e1stica antica\u00eddas, lista para usar, est\u00e1 equipada con un absorbedor de energ\u00eda que reduce la intensidad del impacto tras una ca\u00edda en altura y con dos conectadores integrados. \u00c9sta se alarga y se retrae garantiz\u00e1ndole as\u00ed confort al usuario durante sus desplazamientos.  La longitud de una cuerda no debe superar los 2,00\u00a0m. La cuerda doble permite pasar o cambiar de un punto de anclaje a otro con total seguridad ni tener que soltarse.<\/p>\n","protected":false},"featured_media":13040,"template":"","meta":{"_acf_changed":false},"product_brand":[],"product_cat":[70124],"product_tag":[],"class_list":{"0":"post-17026","1":"product","2":"type-product","3":"status-publish","4":"has-post-thumbnail","6":"product_cat-equipements-es","7":"pa_abc_class-c-es","8":"pa_base_unit-ea-es","9":"pa_brand-unyc-es","10":"pa_e_com_product-no-es","11":"pa_edi_option-no-es","12":"pa_export_product-yes-es","13":"pa_g_range-13-es","14":"pa_lifespan-15-ans-es","15":"pa_lock_code-000-es","16":"pa_material-polyester-es","17":"pa_pack_instructions_level_1-no-es","18":"pa_pack_instructions_level_2-no-es","19":"pa_pack_instructions_level_3-no-es","20":"pa_pack_type_level_1-sca-es","21":"pa_pic_family-097-es","22":"pa_product_origin-es-es","23":"pa_product_stored_at_manufactur-no-es-2","24":"pa_production_company-126-es","25":"pa_sales_company-126-es","26":"pa_sales_plan-c-es","27":"pa_sales_range-13-es","28":"pa_short_designation-longe-double-elastiqabsorbeur-es","29":"pa_sigle-ce-es","30":"pa_standard-en_355-es","31":"pa_type_of_product-longe-es","32":"pa_use-highly_intensive-es","33":"pa_varied_weight-no-es","35":"first","36":"instock","37":"shipping-taxable","38":"purchasable","39":"product-type-simple"},"acf":[],"yoast_head":"<!-- This site is optimized with the Yoast SEO plugin v27.3 - https:\/\/yoast.com\/product\/yoast-seo-wordpress\/ -->\n<title>Absorbedores de energia con cuerda elastica en Y - Instance master - Old Unyc<\/title>\n<meta name=\"robots\" content=\"noindex, follow, max-snippet:-1, max-image-preview:large, max-video-preview:-1\" \/>\n<meta property=\"og:locale\" content=\"es_ES\" \/>\n<meta property=\"og:type\" content=\"article\" \/>\n<meta property=\"og:title\" content=\"Absorbedores de energia con cuerda elastica en Y - Instance master - Old Unyc\" \/>\n<meta property=\"og:description\" content=\"Esta cuerda doble el\u00e1stica antica\u00eddas, lista para usar, est\u00e1 equipada con un absorbedor de energ\u00eda que reduce la intensidad del impacto tras una ca\u00edda en altura y con dos conectadores integrados. \u00c9sta se alarga y se retrae garantiz\u00e1ndole as\u00ed confort al usuario durante sus desplazamientos. La longitud de una cuerda no debe superar los 2,00\u00a0m. La cuerda doble permite pasar o cambiar de un punto de anclaje a otro con total seguridad ni tener que soltarse.\" \/>\n<meta property=\"og:url\" content=\"https:\/\/master.myweb-fm.com\/es\/producto\/absorbedores-de-energia-con-cuerda-elastica-en-y\/\" \/>\n<meta property=\"og:site_name\" content=\"Instance master - Old Unyc\" \/>\n<meta property=\"article:modified_time\" content=\"2023-11-21T15:39:07+00:00\" \/>\n<meta property=\"og:image\" content=\"https:\/\/master.myweb-fm.com\/wp-content\/uploads\/2023\/11\/1c604902601905c5dd371c99db4e00951bc08cf3_126_09100442_main_view.jpg\" \/>\n\t<meta property=\"og:image:width\" content=\"2448\" \/>\n\t<meta property=\"og:image:height\" content=\"3264\" \/>\n\t<meta property=\"og:image:type\" content=\"image\/jpeg\" \/>\n<meta name=\"twitter:card\" content=\"summary_large_image\" \/>\n<script type=\"application\/ld+json\" class=\"yoast-schema-graph\">{\"@context\":\"https:\\\/\\\/schema.org\",\"@graph\":[{\"@type\":\"WebPage\",\"@id\":\"https:\\\/\\\/master.myweb-fm.com\\\/es\\\/producto\\\/absorbedores-de-energia-con-cuerda-elastica-en-y\\\/\",\"url\":\"https:\\\/\\\/master.myweb-fm.com\\\/es\\\/producto\\\/absorbedores-de-energia-con-cuerda-elastica-en-y\\\/\",\"name\":\"Absorbedores de energia con cuerda elastica en Y - Instance master - Old Unyc\",\"isPartOf\":{\"@id\":\"https:\\\/\\\/master.myweb-fm.com\\\/es\\\/#website\"},\"primaryImageOfPage\":{\"@id\":\"https:\\\/\\\/master.myweb-fm.com\\\/es\\\/producto\\\/absorbedores-de-energia-con-cuerda-elastica-en-y\\\/#primaryimage\"},\"image\":{\"@id\":\"https:\\\/\\\/master.myweb-fm.com\\\/es\\\/producto\\\/absorbedores-de-energia-con-cuerda-elastica-en-y\\\/#primaryimage\"},\"thumbnailUrl\":\"https:\\\/\\\/master.myweb-fm.com\\\/wp-content\\\/uploads\\\/2023\\\/11\\\/1c604902601905c5dd371c99db4e00951bc08cf3_126_09100442_main_view.jpg\",\"datePublished\":\"2023-11-20T20:25:58+00:00\",\"dateModified\":\"2023-11-21T15:39:07+00:00\",\"breadcrumb\":{\"@id\":\"https:\\\/\\\/master.myweb-fm.com\\\/es\\\/producto\\\/absorbedores-de-energia-con-cuerda-elastica-en-y\\\/#breadcrumb\"},\"inLanguage\":\"es\",\"potentialAction\":[{\"@type\":\"ReadAction\",\"target\":[\"https:\\\/\\\/master.myweb-fm.com\\\/es\\\/producto\\\/absorbedores-de-energia-con-cuerda-elastica-en-y\\\/\"]}]},{\"@type\":\"ImageObject\",\"inLanguage\":\"es\",\"@id\":\"https:\\\/\\\/master.myweb-fm.com\\\/es\\\/producto\\\/absorbedores-de-energia-con-cuerda-elastica-en-y\\\/#primaryimage\",\"url\":\"https:\\\/\\\/master.myweb-fm.com\\\/wp-content\\\/uploads\\\/2023\\\/11\\\/1c604902601905c5dd371c99db4e00951bc08cf3_126_09100442_main_view.jpg\",\"contentUrl\":\"https:\\\/\\\/master.myweb-fm.com\\\/wp-content\\\/uploads\\\/2023\\\/11\\\/1c604902601905c5dd371c99db4e00951bc08cf3_126_09100442_main_view.jpg\",\"width\":2448,\"height\":3264},{\"@type\":\"BreadcrumbList\",\"@id\":\"https:\\\/\\\/master.myweb-fm.com\\\/es\\\/producto\\\/absorbedores-de-energia-con-cuerda-elastica-en-y\\\/#breadcrumb\",\"itemListElement\":[{\"@type\":\"ListItem\",\"position\":1,\"name\":\"Catalogue\",\"item\":\"https:\\\/\\\/master.myweb-fm.com\\\/fr\\\/catalogue\\\/\"},{\"@type\":\"ListItem\",\"position\":2,\"name\":\"Absorbedores de energia con cuerda elastica en Y\"}]},{\"@type\":\"WebSite\",\"@id\":\"https:\\\/\\\/master.myweb-fm.com\\\/es\\\/#website\",\"url\":\"https:\\\/\\\/master.myweb-fm.com\\\/es\\\/\",\"name\":\"Instance master - Old Unyc\",\"description\":\"Fr\u00e9n\u00e9hard &amp; Michaux\",\"potentialAction\":[{\"@type\":\"SearchAction\",\"target\":{\"@type\":\"EntryPoint\",\"urlTemplate\":\"https:\\\/\\\/master.myweb-fm.com\\\/es\\\/?s={search_term_string}\"},\"query-input\":{\"@type\":\"PropertyValueSpecification\",\"valueRequired\":true,\"valueName\":\"search_term_string\"}}],\"inLanguage\":\"es\"}]}<\/script>\n<!-- \/ Yoast SEO plugin. -->","yoast_head_json":{"title":"Absorbedores de energia con cuerda elastica en Y - Instance master - Old Unyc","robots":{"index":"noindex","follow":"follow","max-snippet":"max-snippet:-1","max-image-preview":"max-image-preview:large","max-video-preview":"max-video-preview:-1"},"og_locale":"es_ES","og_type":"article","og_title":"Absorbedores de energia con cuerda elastica en Y - Instance master - Old Unyc","og_description":"Esta cuerda doble el\u00e1stica antica\u00eddas, lista para usar, est\u00e1 equipada con un absorbedor de energ\u00eda que reduce la intensidad del impacto tras una ca\u00edda en altura y con dos conectadores integrados. \u00c9sta se alarga y se retrae garantiz\u00e1ndole as\u00ed confort al usuario durante sus desplazamientos. La longitud de una cuerda no debe superar los 2,00\u00a0m. La cuerda doble permite pasar o cambiar de un punto de anclaje a otro con total seguridad ni tener que soltarse.","og_url":"https:\/\/master.myweb-fm.com\/es\/producto\/absorbedores-de-energia-con-cuerda-elastica-en-y\/","og_site_name":"Instance master - Old Unyc","article_modified_time":"2023-11-21T15:39:07+00:00","og_image":[{"width":2448,"height":3264,"url":"https:\/\/master.myweb-fm.com\/wp-content\/uploads\/2023\/11\/1c604902601905c5dd371c99db4e00951bc08cf3_126_09100442_main_view.jpg","type":"image\/jpeg"}],"twitter_card":"summary_large_image","schema":{"@context":"https:\/\/schema.org","@graph":[{"@type":"WebPage","@id":"https:\/\/master.myweb-fm.com\/es\/producto\/absorbedores-de-energia-con-cuerda-elastica-en-y\/","url":"https:\/\/master.myweb-fm.com\/es\/producto\/absorbedores-de-energia-con-cuerda-elastica-en-y\/","name":"Absorbedores de energia con cuerda elastica en Y - Instance master - Old Unyc","isPartOf":{"@id":"https:\/\/master.myweb-fm.com\/es\/#website"},"primaryImageOfPage":{"@id":"https:\/\/master.myweb-fm.com\/es\/producto\/absorbedores-de-energia-con-cuerda-elastica-en-y\/#primaryimage"},"image":{"@id":"https:\/\/master.myweb-fm.com\/es\/producto\/absorbedores-de-energia-con-cuerda-elastica-en-y\/#primaryimage"},"thumbnailUrl":"https:\/\/master.myweb-fm.com\/wp-content\/uploads\/2023\/11\/1c604902601905c5dd371c99db4e00951bc08cf3_126_09100442_main_view.jpg","datePublished":"2023-11-20T20:25:58+00:00","dateModified":"2023-11-21T15:39:07+00:00","breadcrumb":{"@id":"https:\/\/master.myweb-fm.com\/es\/producto\/absorbedores-de-energia-con-cuerda-elastica-en-y\/#breadcrumb"},"inLanguage":"es","potentialAction":[{"@type":"ReadAction","target":["https:\/\/master.myweb-fm.com\/es\/producto\/absorbedores-de-energia-con-cuerda-elastica-en-y\/"]}]},{"@type":"ImageObject","inLanguage":"es","@id":"https:\/\/master.myweb-fm.com\/es\/producto\/absorbedores-de-energia-con-cuerda-elastica-en-y\/#primaryimage","url":"https:\/\/master.myweb-fm.com\/wp-content\/uploads\/2023\/11\/1c604902601905c5dd371c99db4e00951bc08cf3_126_09100442_main_view.jpg","contentUrl":"https:\/\/master.myweb-fm.com\/wp-content\/uploads\/2023\/11\/1c604902601905c5dd371c99db4e00951bc08cf3_126_09100442_main_view.jpg","width":2448,"height":3264},{"@type":"BreadcrumbList","@id":"https:\/\/master.myweb-fm.com\/es\/producto\/absorbedores-de-energia-con-cuerda-elastica-en-y\/#breadcrumb","itemListElement":[{"@type":"ListItem","position":1,"name":"Catalogue","item":"https:\/\/master.myweb-fm.com\/fr\/catalogue\/"},{"@type":"ListItem","position":2,"name":"Absorbedores de energia con cuerda elastica en Y"}]},{"@type":"WebSite","@id":"https:\/\/master.myweb-fm.com\/es\/#website","url":"https:\/\/master.myweb-fm.com\/es\/","name":"Instance master - Old Unyc","description":"Fr\u00e9n\u00e9hard &amp; Michaux","potentialAction":[{"@type":"SearchAction","target":{"@type":"EntryPoint","urlTemplate":"https:\/\/master.myweb-fm.com\/es\/?s={search_term_string}"},"query-input":{"@type":"PropertyValueSpecification","valueRequired":true,"valueName":"search_term_string"}}],"inLanguage":"es"}]}},"_links":{"self":[{"href":"https:\/\/master.myweb-fm.com\/es\/wp-json\/wp\/v2\/product\/17026","targetHints":{"allow":["GET"]}}],"collection":[{"href":"https:\/\/master.myweb-fm.com\/es\/wp-json\/wp\/v2\/product"}],"about":[{"href":"https:\/\/master.myweb-fm.com\/es\/wp-json\/wp\/v2\/types\/product"}],"wp:featuredmedia":[{"embeddable":true,"href":"https:\/\/master.myweb-fm.com\/es\/wp-json\/wp\/v2\/media\/13040"}],"wp:attachment":[{"href":"https:\/\/master.myweb-fm.com\/es\/wp-json\/wp\/v2\/media?parent=17026"}],"wp:term":[{"taxonomy":"product_brand","embeddable":true,"href":"https:\/\/master.myweb-fm.com\/es\/wp-json\/wp\/v2\/product_brand?post=17026"},{"taxonomy":"product_cat","embeddable":true,"href":"https:\/\/master.myweb-fm.com\/es\/wp-json\/wp\/v2\/product_cat?post=17026"},{"taxonomy":"product_tag","embeddable":true,"href":"https:\/\/master.myweb-fm.com\/es\/wp-json\/wp\/v2\/product_tag?post=17026"}],"curies":[{"name":"wp","href":"https:\/\/api.w.org\/{rel}","templated":true}]}}