{"id":17014,"date":"2023-11-20T21:24:48","date_gmt":"2023-11-20T20:24:48","guid":{"rendered":"https:\/\/master.myweb-fm.com\/sin%20categor\u00eda\/126-09100431\/"},"modified":"2023-11-21T16:38:36","modified_gmt":"2023-11-21T15:38:36","slug":"sistemas-de-posicionamiento-regulable-en-cuerda","status":"publish","type":"product","link":"https:\/\/master.myweb-fm.com\/es\/producto\/sistemas-de-posicionamiento-regulable-en-cuerda\/","title":{"rendered":"Sistemas de posicionamiento regulable en cuerda"},"content":{"rendered":"<ul>\n<li>Cuerda semiest\u00e1tica de poliamida, 11\u00a0mm de , di\u00e1metro, alargamiento < 5\u00a0%, gran resistencia a la tracci\u00f3n <\/li>\n<li> Longitud ajustable de 0,85 m a 2,00 m (sin conectores) <\/li>\n<li> Un extremo de hebilla cosido para el enganche y un extremo de hebilla simple sujeto por un regulador de longitud met\u00e1lico <\/li>\n<li> El regulador de longitud es una hebilla rectangular con travesa\u00f1o central, secci\u00f3n circular y aleaci\u00f3n de aluminio ligera <\/li>\n<li> Dos conectores de acero de \u00d8 18\u00a0mm con cierre autom\u00e1tico, carga m\u00e1xima de 22\u00a0kN<\/li>\n<\/ul>\n","protected":false},"excerpt":{"rendered":"<p>La cuerda de sujeci\u00f3n es un elemento del dispositivo de sujeci\u00f3n ajustable destinado a sectores del trabajo en los que se requieren t\u00e9cnicas de colocaci\u00f3n. \u00c9sta resulta ideal para un trabajo en altura durante la elevaci\u00f3n de un poste, un \u00e1rbol, una antena, una construcci\u00f3n. Conexi\u00f3n completa sin producto complementario. Debe utilizarse combinada con un cintur\u00f3n de sujeci\u00f3n. Su dise\u00f1o permite ajustar la longitud de la cuerda para poder adaptarse a las necesidades del usuario.<\/p>\n","protected":false},"featured_media":12896,"template":"","meta":{"_acf_changed":false},"product_brand":[],"product_cat":[70124],"product_tag":[],"class_list":{"0":"post-17014","1":"product","2":"type-product","3":"status-publish","4":"has-post-thumbnail","6":"product_cat-equipements-es","7":"pa_abc_class-c-es","8":"pa_base_unit-ea-es","9":"pa_brand-unyc-es","10":"pa_e_com_product-no-es","11":"pa_edi_option-no-es","12":"pa_export_product-yes-es","13":"pa_g_range-13-es","14":"pa_lifespan-15-ans-es","15":"pa_lock_code-000-es","16":"pa_material-polyamide-es","17":"pa_pack_instructions_level_1-no-es","18":"pa_pack_instructions_level_2-no-es","19":"pa_pack_instructions_level_3-no-es","20":"pa_pack_type_level_1-sca-es","21":"pa_pic_family-097-es","22":"pa_product_origin-es-es","23":"pa_product_stored_at_manufactur-no-es-2","24":"pa_production_company-126-es","25":"pa_sales_company-126-es","26":"pa_sales_plan-c-es","27":"pa_sales_range-13-es","28":"pa_short_designation-longe-de-maintien-corde-2m-es","29":"pa_sigle-ce-es","30":"pa_standard-en_358-es","31":"pa_type_of_product-longe-es","32":"pa_use-highly_intensive-es","33":"pa_varied_weight-no-es","35":"first","36":"instock","37":"shipping-taxable","38":"purchasable","39":"product-type-simple"},"acf":[],"yoast_head":"<!-- This site is optimized with the Yoast SEO plugin v27.4 - https:\/\/yoast.com\/product\/yoast-seo-wordpress\/ -->\n<title>Sistemas de posicionamiento regulable en cuerda - Instance master - Old Unyc<\/title>\n<meta name=\"robots\" content=\"noindex, follow, max-snippet:-1, max-image-preview:large, max-video-preview:-1\" \/>\n<meta property=\"og:locale\" content=\"es_ES\" \/>\n<meta property=\"og:type\" content=\"article\" \/>\n<meta property=\"og:title\" content=\"Sistemas de posicionamiento regulable en cuerda - Instance master - Old Unyc\" \/>\n<meta property=\"og:description\" content=\"La cuerda de sujeci\u00f3n es un elemento del dispositivo de sujeci\u00f3n ajustable destinado a sectores del trabajo en los que se requieren t\u00e9cnicas de colocaci\u00f3n. \u00c9sta resulta ideal para un trabajo en altura durante la elevaci\u00f3n de un poste, un \u00e1rbol, una antena, una construcci\u00f3n. Conexi\u00f3n completa sin producto complementario. Debe utilizarse combinada con un cintur\u00f3n de sujeci\u00f3n. Su dise\u00f1o permite ajustar la longitud de la cuerda para poder adaptarse a las necesidades del usuario.\" \/>\n<meta property=\"og:url\" content=\"https:\/\/master.myweb-fm.com\/es\/producto\/sistemas-de-posicionamiento-regulable-en-cuerda\/\" \/>\n<meta property=\"og:site_name\" content=\"Instance master - Old Unyc\" \/>\n<meta property=\"article:modified_time\" content=\"2023-11-21T15:38:36+00:00\" \/>\n<meta property=\"og:image\" content=\"https:\/\/master.myweb-fm.com\/wp-content\/uploads\/2023\/11\/40f5310c4b9880cb1630f710d56be2b0b515f636_126_09100431_main_view.jpg\" \/>\n\t<meta property=\"og:image:width\" content=\"2448\" \/>\n\t<meta property=\"og:image:height\" content=\"3264\" \/>\n\t<meta property=\"og:image:type\" content=\"image\/jpeg\" \/>\n<meta name=\"twitter:card\" content=\"summary_large_image\" \/>\n<script type=\"application\/ld+json\" class=\"yoast-schema-graph\">{\"@context\":\"https:\\\/\\\/schema.org\",\"@graph\":[{\"@type\":\"WebPage\",\"@id\":\"https:\\\/\\\/master.myweb-fm.com\\\/es\\\/producto\\\/sistemas-de-posicionamiento-regulable-en-cuerda\\\/\",\"url\":\"https:\\\/\\\/master.myweb-fm.com\\\/es\\\/producto\\\/sistemas-de-posicionamiento-regulable-en-cuerda\\\/\",\"name\":\"Sistemas de posicionamiento regulable en cuerda - Instance master - Old Unyc\",\"isPartOf\":{\"@id\":\"https:\\\/\\\/master.myweb-fm.com\\\/es\\\/#website\"},\"primaryImageOfPage\":{\"@id\":\"https:\\\/\\\/master.myweb-fm.com\\\/es\\\/producto\\\/sistemas-de-posicionamiento-regulable-en-cuerda\\\/#primaryimage\"},\"image\":{\"@id\":\"https:\\\/\\\/master.myweb-fm.com\\\/es\\\/producto\\\/sistemas-de-posicionamiento-regulable-en-cuerda\\\/#primaryimage\"},\"thumbnailUrl\":\"https:\\\/\\\/master.myweb-fm.com\\\/wp-content\\\/uploads\\\/2023\\\/11\\\/40f5310c4b9880cb1630f710d56be2b0b515f636_126_09100431_main_view.jpg\",\"datePublished\":\"2023-11-20T20:24:48+00:00\",\"dateModified\":\"2023-11-21T15:38:36+00:00\",\"breadcrumb\":{\"@id\":\"https:\\\/\\\/master.myweb-fm.com\\\/es\\\/producto\\\/sistemas-de-posicionamiento-regulable-en-cuerda\\\/#breadcrumb\"},\"inLanguage\":\"es\",\"potentialAction\":[{\"@type\":\"ReadAction\",\"target\":[\"https:\\\/\\\/master.myweb-fm.com\\\/es\\\/producto\\\/sistemas-de-posicionamiento-regulable-en-cuerda\\\/\"]}]},{\"@type\":\"ImageObject\",\"inLanguage\":\"es\",\"@id\":\"https:\\\/\\\/master.myweb-fm.com\\\/es\\\/producto\\\/sistemas-de-posicionamiento-regulable-en-cuerda\\\/#primaryimage\",\"url\":\"https:\\\/\\\/master.myweb-fm.com\\\/wp-content\\\/uploads\\\/2023\\\/11\\\/40f5310c4b9880cb1630f710d56be2b0b515f636_126_09100431_main_view.jpg\",\"contentUrl\":\"https:\\\/\\\/master.myweb-fm.com\\\/wp-content\\\/uploads\\\/2023\\\/11\\\/40f5310c4b9880cb1630f710d56be2b0b515f636_126_09100431_main_view.jpg\",\"width\":2448,\"height\":3264},{\"@type\":\"BreadcrumbList\",\"@id\":\"https:\\\/\\\/master.myweb-fm.com\\\/es\\\/producto\\\/sistemas-de-posicionamiento-regulable-en-cuerda\\\/#breadcrumb\",\"itemListElement\":[{\"@type\":\"ListItem\",\"position\":1,\"name\":\"Catalogue\",\"item\":\"https:\\\/\\\/master.myweb-fm.com\\\/fr\\\/catalogue\\\/\"},{\"@type\":\"ListItem\",\"position\":2,\"name\":\"Sistemas de posicionamiento regulable en cuerda\"}]},{\"@type\":\"WebSite\",\"@id\":\"https:\\\/\\\/master.myweb-fm.com\\\/es\\\/#website\",\"url\":\"https:\\\/\\\/master.myweb-fm.com\\\/es\\\/\",\"name\":\"Instance master - Old Unyc\",\"description\":\"Fr\u00e9n\u00e9hard &amp; Michaux\",\"potentialAction\":[{\"@type\":\"SearchAction\",\"target\":{\"@type\":\"EntryPoint\",\"urlTemplate\":\"https:\\\/\\\/master.myweb-fm.com\\\/es\\\/?s={search_term_string}\"},\"query-input\":{\"@type\":\"PropertyValueSpecification\",\"valueRequired\":true,\"valueName\":\"search_term_string\"}}],\"inLanguage\":\"es\"}]}<\/script>\n<!-- \/ Yoast SEO plugin. -->","yoast_head_json":{"title":"Sistemas de posicionamiento regulable en cuerda - Instance master - Old Unyc","robots":{"index":"noindex","follow":"follow","max-snippet":"max-snippet:-1","max-image-preview":"max-image-preview:large","max-video-preview":"max-video-preview:-1"},"og_locale":"es_ES","og_type":"article","og_title":"Sistemas de posicionamiento regulable en cuerda - Instance master - Old Unyc","og_description":"La cuerda de sujeci\u00f3n es un elemento del dispositivo de sujeci\u00f3n ajustable destinado a sectores del trabajo en los que se requieren t\u00e9cnicas de colocaci\u00f3n. \u00c9sta resulta ideal para un trabajo en altura durante la elevaci\u00f3n de un poste, un \u00e1rbol, una antena, una construcci\u00f3n. Conexi\u00f3n completa sin producto complementario. Debe utilizarse combinada con un cintur\u00f3n de sujeci\u00f3n. Su dise\u00f1o permite ajustar la longitud de la cuerda para poder adaptarse a las necesidades del usuario.","og_url":"https:\/\/master.myweb-fm.com\/es\/producto\/sistemas-de-posicionamiento-regulable-en-cuerda\/","og_site_name":"Instance master - Old Unyc","article_modified_time":"2023-11-21T15:38:36+00:00","og_image":[{"width":2448,"height":3264,"url":"https:\/\/master.myweb-fm.com\/wp-content\/uploads\/2023\/11\/40f5310c4b9880cb1630f710d56be2b0b515f636_126_09100431_main_view.jpg","type":"image\/jpeg"}],"twitter_card":"summary_large_image","schema":{"@context":"https:\/\/schema.org","@graph":[{"@type":"WebPage","@id":"https:\/\/master.myweb-fm.com\/es\/producto\/sistemas-de-posicionamiento-regulable-en-cuerda\/","url":"https:\/\/master.myweb-fm.com\/es\/producto\/sistemas-de-posicionamiento-regulable-en-cuerda\/","name":"Sistemas de posicionamiento regulable en cuerda - Instance master - Old Unyc","isPartOf":{"@id":"https:\/\/master.myweb-fm.com\/es\/#website"},"primaryImageOfPage":{"@id":"https:\/\/master.myweb-fm.com\/es\/producto\/sistemas-de-posicionamiento-regulable-en-cuerda\/#primaryimage"},"image":{"@id":"https:\/\/master.myweb-fm.com\/es\/producto\/sistemas-de-posicionamiento-regulable-en-cuerda\/#primaryimage"},"thumbnailUrl":"https:\/\/master.myweb-fm.com\/wp-content\/uploads\/2023\/11\/40f5310c4b9880cb1630f710d56be2b0b515f636_126_09100431_main_view.jpg","datePublished":"2023-11-20T20:24:48+00:00","dateModified":"2023-11-21T15:38:36+00:00","breadcrumb":{"@id":"https:\/\/master.myweb-fm.com\/es\/producto\/sistemas-de-posicionamiento-regulable-en-cuerda\/#breadcrumb"},"inLanguage":"es","potentialAction":[{"@type":"ReadAction","target":["https:\/\/master.myweb-fm.com\/es\/producto\/sistemas-de-posicionamiento-regulable-en-cuerda\/"]}]},{"@type":"ImageObject","inLanguage":"es","@id":"https:\/\/master.myweb-fm.com\/es\/producto\/sistemas-de-posicionamiento-regulable-en-cuerda\/#primaryimage","url":"https:\/\/master.myweb-fm.com\/wp-content\/uploads\/2023\/11\/40f5310c4b9880cb1630f710d56be2b0b515f636_126_09100431_main_view.jpg","contentUrl":"https:\/\/master.myweb-fm.com\/wp-content\/uploads\/2023\/11\/40f5310c4b9880cb1630f710d56be2b0b515f636_126_09100431_main_view.jpg","width":2448,"height":3264},{"@type":"BreadcrumbList","@id":"https:\/\/master.myweb-fm.com\/es\/producto\/sistemas-de-posicionamiento-regulable-en-cuerda\/#breadcrumb","itemListElement":[{"@type":"ListItem","position":1,"name":"Catalogue","item":"https:\/\/master.myweb-fm.com\/fr\/catalogue\/"},{"@type":"ListItem","position":2,"name":"Sistemas de posicionamiento regulable en cuerda"}]},{"@type":"WebSite","@id":"https:\/\/master.myweb-fm.com\/es\/#website","url":"https:\/\/master.myweb-fm.com\/es\/","name":"Instance master - Old Unyc","description":"Fr\u00e9n\u00e9hard &amp; Michaux","potentialAction":[{"@type":"SearchAction","target":{"@type":"EntryPoint","urlTemplate":"https:\/\/master.myweb-fm.com\/es\/?s={search_term_string}"},"query-input":{"@type":"PropertyValueSpecification","valueRequired":true,"valueName":"search_term_string"}}],"inLanguage":"es"}]}},"_links":{"self":[{"href":"https:\/\/master.myweb-fm.com\/es\/wp-json\/wp\/v2\/product\/17014","targetHints":{"allow":["GET"]}}],"collection":[{"href":"https:\/\/master.myweb-fm.com\/es\/wp-json\/wp\/v2\/product"}],"about":[{"href":"https:\/\/master.myweb-fm.com\/es\/wp-json\/wp\/v2\/types\/product"}],"wp:featuredmedia":[{"embeddable":true,"href":"https:\/\/master.myweb-fm.com\/es\/wp-json\/wp\/v2\/media\/12896"}],"wp:attachment":[{"href":"https:\/\/master.myweb-fm.com\/es\/wp-json\/wp\/v2\/media?parent=17014"}],"wp:term":[{"taxonomy":"product_brand","embeddable":true,"href":"https:\/\/master.myweb-fm.com\/es\/wp-json\/wp\/v2\/product_brand?post=17014"},{"taxonomy":"product_cat","embeddable":true,"href":"https:\/\/master.myweb-fm.com\/es\/wp-json\/wp\/v2\/product_cat?post=17014"},{"taxonomy":"product_tag","embeddable":true,"href":"https:\/\/master.myweb-fm.com\/es\/wp-json\/wp\/v2\/product_tag?post=17014"}],"curies":[{"name":"wp","href":"https:\/\/api.w.org\/{rel}","templated":true}]}}