{"id":17008,"date":"2023-11-20T21:24:12","date_gmt":"2023-11-20T20:24:12","guid":{"rendered":"https:\/\/master.myweb-fm.com\/sin%20categor\u00eda\/126-09100423\/"},"modified":"2023-11-21T16:38:20","modified_gmt":"2023-11-21T15:38:20","slug":"cuerda-en-y-con-connectors","status":"publish","type":"product","link":"https:\/\/master.myweb-fm.com\/es\/producto\/cuerda-en-y-con-connectors\/","title":{"rendered":"Cuerda en Y con connectors"},"content":{"rendered":"<ul>\n<li>Cuerdas semiest\u00e1ticas de poliamida, 11\u00a0mm de di\u00e1metro <\/li>\n<li> Limitan los desplazamientos del usuario e impiden que se aproxime a zonas con riesgo de ca\u00edda <\/li>\n<li> Este es un dispositivo de sujeci\u00f3n y no antica\u00eddas <\/li>\n<li> Hebilla cosida para el enganche <\/li>\n<li> Conectores del punto de anclaje de \u00d8 54\u00a0mm con cierre autom\u00e1tico, carga m\u00e1xima de 22\u00a0kN <\/li>\n<li> Conector del arn\u00e9s de \u00d8 18\u00a0mm con cierre autom\u00e1tico, carga m\u00e1xima de 22\u00a0kN <\/li>\n<li> Carga m\u00e1xima a la ruptura: 2.200 kg<\/li>\n<\/ul>\n","protected":false},"excerpt":{"rendered":"<p>Cuerda doble semiest\u00e1tica de retenci\u00f3n en el trabajo de 11\u00a0mm de di\u00e1metro. Esta cuerda sirve de uni\u00f3n entre el arn\u00e9s y el punto de anclaje sin necesidad de ning\u00fan otro elemento adicional. La longitud de una cuerda no debe superar los 2,00\u00a0m. La cuerda doble permite pasar o cambiar de un punto de anclaje a otro con total seguridad ni tener que soltarse.<\/p>\n","protected":false},"featured_media":12854,"template":"","meta":{"_acf_changed":false},"product_brand":[],"product_cat":[70124],"product_tag":[],"class_list":{"0":"post-17008","1":"product","2":"type-product","3":"status-publish","4":"has-post-thumbnail","6":"product_cat-equipements-es","7":"pa_abc_class-a-es","8":"pa_base_unit-ea-es","9":"pa_brand-unyc-es","10":"pa_e_com_product-no-es","11":"pa_edi_option-no-es","12":"pa_export_product-yes-es","13":"pa_g_range-13-es","14":"pa_lifespan-15-ans-es","15":"pa_lock_code-000-es","16":"pa_material-polyamide-es","17":"pa_pack_instructions_level_1-no-es","18":"pa_pack_instructions_level_2-no-es","19":"pa_pack_instructions_level_3-no-es","20":"pa_pack_type_level_1-sca-es","21":"pa_pic_family-097-es","22":"pa_product_origin-es-es","23":"pa_product_stored_at_manufactur-no-es-2","24":"pa_production_company-126-es","25":"pa_sales_company-126-es","26":"pa_sales_plan-c-es","27":"pa_sales_range-13-es","28":"pa_short_designation-longe-double-corde-1-5m-es","29":"pa_sigle-ce-es","30":"pa_standard-en_354-es","31":"pa_type_of_product-longe-es","32":"pa_use-highly_intensive-es","33":"pa_varied_weight-no-es","35":"first","36":"instock","37":"shipping-taxable","38":"purchasable","39":"product-type-simple"},"acf":[],"yoast_head":"<!-- This site is optimized with the Yoast SEO plugin v27.3 - https:\/\/yoast.com\/product\/yoast-seo-wordpress\/ -->\n<title>Cuerda en Y con connectors - Instance master - Old Unyc<\/title>\n<meta name=\"robots\" content=\"noindex, follow, max-snippet:-1, max-image-preview:large, max-video-preview:-1\" \/>\n<meta property=\"og:locale\" content=\"es_ES\" \/>\n<meta property=\"og:type\" content=\"article\" \/>\n<meta property=\"og:title\" content=\"Cuerda en Y con connectors - Instance master - Old Unyc\" \/>\n<meta property=\"og:description\" content=\"Cuerda doble semiest\u00e1tica de retenci\u00f3n en el trabajo de 11\u00a0mm de di\u00e1metro. Esta cuerda sirve de uni\u00f3n entre el arn\u00e9s y el punto de anclaje sin necesidad de ning\u00fan otro elemento adicional. La longitud de una cuerda no debe superar los 2,00\u00a0m. La cuerda doble permite pasar o cambiar de un punto de anclaje a otro con total seguridad ni tener que soltarse.\" \/>\n<meta property=\"og:url\" content=\"https:\/\/master.myweb-fm.com\/es\/producto\/cuerda-en-y-con-connectors\/\" \/>\n<meta property=\"og:site_name\" content=\"Instance master - Old Unyc\" \/>\n<meta property=\"article:modified_time\" content=\"2023-11-21T15:38:20+00:00\" \/>\n<meta property=\"og:image\" content=\"https:\/\/master.myweb-fm.com\/wp-content\/uploads\/2023\/11\/ca6a1c2d2695566bc2959c7585cb7a1a5965519d_126_09100423_main_view.jpg\" \/>\n\t<meta property=\"og:image:width\" content=\"2480\" \/>\n\t<meta property=\"og:image:height\" content=\"3508\" \/>\n\t<meta property=\"og:image:type\" content=\"image\/jpeg\" \/>\n<meta name=\"twitter:card\" content=\"summary_large_image\" \/>\n<script type=\"application\/ld+json\" class=\"yoast-schema-graph\">{\"@context\":\"https:\\\/\\\/schema.org\",\"@graph\":[{\"@type\":\"WebPage\",\"@id\":\"https:\\\/\\\/master.myweb-fm.com\\\/es\\\/producto\\\/cuerda-en-y-con-connectors\\\/\",\"url\":\"https:\\\/\\\/master.myweb-fm.com\\\/es\\\/producto\\\/cuerda-en-y-con-connectors\\\/\",\"name\":\"Cuerda en Y con connectors - Instance master - Old Unyc\",\"isPartOf\":{\"@id\":\"https:\\\/\\\/master.myweb-fm.com\\\/es\\\/#website\"},\"primaryImageOfPage\":{\"@id\":\"https:\\\/\\\/master.myweb-fm.com\\\/es\\\/producto\\\/cuerda-en-y-con-connectors\\\/#primaryimage\"},\"image\":{\"@id\":\"https:\\\/\\\/master.myweb-fm.com\\\/es\\\/producto\\\/cuerda-en-y-con-connectors\\\/#primaryimage\"},\"thumbnailUrl\":\"https:\\\/\\\/master.myweb-fm.com\\\/wp-content\\\/uploads\\\/2023\\\/11\\\/ca6a1c2d2695566bc2959c7585cb7a1a5965519d_126_09100423_main_view.jpg\",\"datePublished\":\"2023-11-20T20:24:12+00:00\",\"dateModified\":\"2023-11-21T15:38:20+00:00\",\"breadcrumb\":{\"@id\":\"https:\\\/\\\/master.myweb-fm.com\\\/es\\\/producto\\\/cuerda-en-y-con-connectors\\\/#breadcrumb\"},\"inLanguage\":\"es\",\"potentialAction\":[{\"@type\":\"ReadAction\",\"target\":[\"https:\\\/\\\/master.myweb-fm.com\\\/es\\\/producto\\\/cuerda-en-y-con-connectors\\\/\"]}]},{\"@type\":\"ImageObject\",\"inLanguage\":\"es\",\"@id\":\"https:\\\/\\\/master.myweb-fm.com\\\/es\\\/producto\\\/cuerda-en-y-con-connectors\\\/#primaryimage\",\"url\":\"https:\\\/\\\/master.myweb-fm.com\\\/wp-content\\\/uploads\\\/2023\\\/11\\\/ca6a1c2d2695566bc2959c7585cb7a1a5965519d_126_09100423_main_view.jpg\",\"contentUrl\":\"https:\\\/\\\/master.myweb-fm.com\\\/wp-content\\\/uploads\\\/2023\\\/11\\\/ca6a1c2d2695566bc2959c7585cb7a1a5965519d_126_09100423_main_view.jpg\",\"width\":2480,\"height\":3508},{\"@type\":\"BreadcrumbList\",\"@id\":\"https:\\\/\\\/master.myweb-fm.com\\\/es\\\/producto\\\/cuerda-en-y-con-connectors\\\/#breadcrumb\",\"itemListElement\":[{\"@type\":\"ListItem\",\"position\":1,\"name\":\"Catalogue\",\"item\":\"https:\\\/\\\/master.myweb-fm.com\\\/fr\\\/catalogue\\\/\"},{\"@type\":\"ListItem\",\"position\":2,\"name\":\"Cuerda en Y con connectors\"}]},{\"@type\":\"WebSite\",\"@id\":\"https:\\\/\\\/master.myweb-fm.com\\\/es\\\/#website\",\"url\":\"https:\\\/\\\/master.myweb-fm.com\\\/es\\\/\",\"name\":\"Instance master - Old Unyc\",\"description\":\"Fr\u00e9n\u00e9hard &amp; Michaux\",\"potentialAction\":[{\"@type\":\"SearchAction\",\"target\":{\"@type\":\"EntryPoint\",\"urlTemplate\":\"https:\\\/\\\/master.myweb-fm.com\\\/es\\\/?s={search_term_string}\"},\"query-input\":{\"@type\":\"PropertyValueSpecification\",\"valueRequired\":true,\"valueName\":\"search_term_string\"}}],\"inLanguage\":\"es\"}]}<\/script>\n<!-- \/ Yoast SEO plugin. -->","yoast_head_json":{"title":"Cuerda en Y con connectors - Instance master - Old Unyc","robots":{"index":"noindex","follow":"follow","max-snippet":"max-snippet:-1","max-image-preview":"max-image-preview:large","max-video-preview":"max-video-preview:-1"},"og_locale":"es_ES","og_type":"article","og_title":"Cuerda en Y con connectors - Instance master - Old Unyc","og_description":"Cuerda doble semiest\u00e1tica de retenci\u00f3n en el trabajo de 11\u00a0mm de di\u00e1metro. Esta cuerda sirve de uni\u00f3n entre el arn\u00e9s y el punto de anclaje sin necesidad de ning\u00fan otro elemento adicional. La longitud de una cuerda no debe superar los 2,00\u00a0m. La cuerda doble permite pasar o cambiar de un punto de anclaje a otro con total seguridad ni tener que soltarse.","og_url":"https:\/\/master.myweb-fm.com\/es\/producto\/cuerda-en-y-con-connectors\/","og_site_name":"Instance master - Old Unyc","article_modified_time":"2023-11-21T15:38:20+00:00","og_image":[{"width":2480,"height":3508,"url":"https:\/\/master.myweb-fm.com\/wp-content\/uploads\/2023\/11\/ca6a1c2d2695566bc2959c7585cb7a1a5965519d_126_09100423_main_view.jpg","type":"image\/jpeg"}],"twitter_card":"summary_large_image","schema":{"@context":"https:\/\/schema.org","@graph":[{"@type":"WebPage","@id":"https:\/\/master.myweb-fm.com\/es\/producto\/cuerda-en-y-con-connectors\/","url":"https:\/\/master.myweb-fm.com\/es\/producto\/cuerda-en-y-con-connectors\/","name":"Cuerda en Y con connectors - Instance master - Old Unyc","isPartOf":{"@id":"https:\/\/master.myweb-fm.com\/es\/#website"},"primaryImageOfPage":{"@id":"https:\/\/master.myweb-fm.com\/es\/producto\/cuerda-en-y-con-connectors\/#primaryimage"},"image":{"@id":"https:\/\/master.myweb-fm.com\/es\/producto\/cuerda-en-y-con-connectors\/#primaryimage"},"thumbnailUrl":"https:\/\/master.myweb-fm.com\/wp-content\/uploads\/2023\/11\/ca6a1c2d2695566bc2959c7585cb7a1a5965519d_126_09100423_main_view.jpg","datePublished":"2023-11-20T20:24:12+00:00","dateModified":"2023-11-21T15:38:20+00:00","breadcrumb":{"@id":"https:\/\/master.myweb-fm.com\/es\/producto\/cuerda-en-y-con-connectors\/#breadcrumb"},"inLanguage":"es","potentialAction":[{"@type":"ReadAction","target":["https:\/\/master.myweb-fm.com\/es\/producto\/cuerda-en-y-con-connectors\/"]}]},{"@type":"ImageObject","inLanguage":"es","@id":"https:\/\/master.myweb-fm.com\/es\/producto\/cuerda-en-y-con-connectors\/#primaryimage","url":"https:\/\/master.myweb-fm.com\/wp-content\/uploads\/2023\/11\/ca6a1c2d2695566bc2959c7585cb7a1a5965519d_126_09100423_main_view.jpg","contentUrl":"https:\/\/master.myweb-fm.com\/wp-content\/uploads\/2023\/11\/ca6a1c2d2695566bc2959c7585cb7a1a5965519d_126_09100423_main_view.jpg","width":2480,"height":3508},{"@type":"BreadcrumbList","@id":"https:\/\/master.myweb-fm.com\/es\/producto\/cuerda-en-y-con-connectors\/#breadcrumb","itemListElement":[{"@type":"ListItem","position":1,"name":"Catalogue","item":"https:\/\/master.myweb-fm.com\/fr\/catalogue\/"},{"@type":"ListItem","position":2,"name":"Cuerda en Y con connectors"}]},{"@type":"WebSite","@id":"https:\/\/master.myweb-fm.com\/es\/#website","url":"https:\/\/master.myweb-fm.com\/es\/","name":"Instance master - Old Unyc","description":"Fr\u00e9n\u00e9hard &amp; Michaux","potentialAction":[{"@type":"SearchAction","target":{"@type":"EntryPoint","urlTemplate":"https:\/\/master.myweb-fm.com\/es\/?s={search_term_string}"},"query-input":{"@type":"PropertyValueSpecification","valueRequired":true,"valueName":"search_term_string"}}],"inLanguage":"es"}]}},"_links":{"self":[{"href":"https:\/\/master.myweb-fm.com\/es\/wp-json\/wp\/v2\/product\/17008","targetHints":{"allow":["GET"]}}],"collection":[{"href":"https:\/\/master.myweb-fm.com\/es\/wp-json\/wp\/v2\/product"}],"about":[{"href":"https:\/\/master.myweb-fm.com\/es\/wp-json\/wp\/v2\/types\/product"}],"wp:featuredmedia":[{"embeddable":true,"href":"https:\/\/master.myweb-fm.com\/es\/wp-json\/wp\/v2\/media\/12854"}],"wp:attachment":[{"href":"https:\/\/master.myweb-fm.com\/es\/wp-json\/wp\/v2\/media?parent=17008"}],"wp:term":[{"taxonomy":"product_brand","embeddable":true,"href":"https:\/\/master.myweb-fm.com\/es\/wp-json\/wp\/v2\/product_brand?post=17008"},{"taxonomy":"product_cat","embeddable":true,"href":"https:\/\/master.myweb-fm.com\/es\/wp-json\/wp\/v2\/product_cat?post=17008"},{"taxonomy":"product_tag","embeddable":true,"href":"https:\/\/master.myweb-fm.com\/es\/wp-json\/wp\/v2\/product_tag?post=17008"}],"curies":[{"name":"wp","href":"https:\/\/api.w.org\/{rel}","templated":true}]}}