{"id":1669,"date":"2022-09-23T09:08:52","date_gmt":"2022-09-23T07:08:52","guid":{"rendered":"https:\/\/master.myweb-fm.com\/conditions-generales-dutilisation-du-site-unyc-com\/"},"modified":"2022-10-10T17:02:35","modified_gmt":"2022-10-10T15:02:35","slug":"condiciones-generales-de-uso","status":"publish","type":"page","link":"https:\/\/master.myweb-fm.com\/es\/condiciones-generales-de-uso\/","title":{"rendered":"CONDICIONES GENERALES DE USO"},"content":{"rendered":"\n<p>Fecha de la \u00faltima actualizaci\u00f3n de las Condiciones Generales de Uso: 22\/08\/2022.<\/p>\n\n\n\n<p><strong><u>ART\u00cdCULO 1 &#8211; PRESENTACI\u00d3N DEL SITIO Y DISPOSICIONES GENERALES<\/u><\/strong><\/p>\n\n\n\n<p><strong>1.1.<\/strong> Las presentes condiciones generales se concluyen entre la sociedad TUBESCA COMABI, SAS con un capital social de 6393200,00 euros, inscrita en el RCS de BOURG EN BRESSE con el n\u00famero B 422 481 838 y situada en el 976 RTE DE ST BERNARD 01600 TREVOUX, y las personas que navegan por el sitio Internet <a href=\"https:\/\/www.unyc.com\/\">https:\/\/www. unyc.com\/<\/a>, en adelante denominado el &#8220;Sitio&#8221;, en adelante denominadas los &#8220;Usuarios&#8221;, siendo Tubesca-Comabi y los Usuarios en adelante denominados la(s) &#8220;Parte(s)&#8221;.<\/p>\n\n\n\n<p>Los usuarios son profesionales, defini\u00e9ndose como profesional &#8220;<em>cualquier persona f\u00edsica o jur\u00eddica, p\u00fablica o privada, que act\u00fae con fines propios de su actividad comercial, industrial, artesanal, liberal o agr\u00edcola, incluso cuando act\u00fae en nombre o por cuenta de otro profesional<\/em>&#8220;.<\/p>\n\n\n\n<p><strong>1.2.<\/strong> La finalidad del Sitio es:<\/p>\n\n\n\n<ul class=\"wp-block-list\"><li>presentar la gama de Equipos de Protecci\u00f3n Individual (en adelante &#8220;EPI&#8221;) de la marca UNYC;<\/li><li>permitir que los usuarios creen su cuenta personal y registren su EPI de UNYC para que se les avise cuando tengan que revisarlo (o su EPI);<\/li><li>disponer de un directorio de los minoristas asociados que ofrecen la verificaci\u00f3n de los EPI, a fin de ponerse en contacto con ellos para concertar una cita.<\/li><\/ul>\n\n\n\n<p>El Sitio no le permite pedir o pagar productos o servicios en l\u00ednea.<\/p>\n\n\n\n<p>Tubesca-Comabi ofrece asistencia telef\u00f3nica en el +33 (0) 4 74 00 90 90. Los usuarios tambi\u00e9n pueden contactar con Tubesca Comabi por correo electr\u00f3nico en <a href=\"mailto:communication@tubesca-comabi.com\">communication@tubesca-comabi.com<\/a><\/p>\n\n\n\n<p><strong>&nbsp;1.3.<\/strong> Estas condiciones generales determinan las condiciones de uso del Sitio y sus funcionalidades por parte de los Usuarios.<\/p>\n\n\n\n<p>La navegaci\u00f3n por el Sitio implica la aceptaci\u00f3n plena y sin reservas por parte de los Usuarios de las normas que se exponen a continuaci\u00f3n.<\/p>\n\n\n\n<p>Estas condiciones sustituyen a todas las condiciones aplicables anteriormente. Tubesca-Comabi se reserva el derecho de adaptar, modificar o actualizar estas condiciones generales de uso en cualquier momento. En cualquier caso, las condiciones generales aplicables son las vigentes el d\u00eda de la navegaci\u00f3n por el Sitio.<\/p>\n\n\n\n<p>El hecho de que una de las Partes no se acoja a una de las presentes condiciones en un momento dado no se interpretar\u00e1 como una renuncia al derecho de acogerse a ella en un momento posterior. La invalidez de cualquier disposici\u00f3n de estas condiciones no afectar\u00e1 a la validez de las condiciones en su conjunto.<\/p>\n\n\n\n<p><strong><u>ART\u00cdCULO 2 &#8211; CREACI\u00d3N DE UNA CUENTA PERSONAL<\/u><\/strong><\/p>\n\n\n\n<p><strong>2.1.<\/strong> Para beneficiarse de las distintas funcionalidades del Sitio, el Usuario debe conectarse a su cuenta personal o crear una.<\/p>\n\n\n\n<p>Al crear una cuenta personal, el usuario se compromete a proporcionar informaci\u00f3n completa y precisa. Se compromete a actualizarlos inmediatamente en caso de que se produzca un cambio.<\/p>\n\n\n\n<p>El usuario es responsable de la informaci\u00f3n introducida en el momento del registro y de cualquier modificaci\u00f3n de su cuenta personal. Tubesca-Comabi no se responsabiliza del mal funcionamiento causado por un error del usuario.<\/p>\n\n\n\n<p><strong>2.3.<\/strong> El nombre de usuario y la contrase\u00f1a se colocan bajo la exclusiva responsabilidad del usuario, que se compromete a mantenerlos en secreto y a no divulgarlos de ninguna forma.<\/p>\n\n\n\n<p>En caso de p\u00e9rdida, apropiaci\u00f3n indebida o utilizaci\u00f3n no autorizada de la contrase\u00f1a del Usuario, \u00e9ste deber\u00e1 aplicar el procedimiento de recuperaci\u00f3n de la contrase\u00f1a previsto en el Sitio.<\/p>\n\n\n\n<p>Cualquier acceso al Sitio y uso de sus funcionalidades realizado desde la cuenta personal de un Usuario se considerar\u00e1 realizado por \u00e9ste.<\/p>\n\n\n\n<p><strong><u>ART\u00cdCULO 3 &#8211; DESCRIPCI\u00d3N DE LAS FUNCIONALIDADES DEL SITIO<\/u><\/strong><\/p>\n\n\n\n<p><strong>3.1. Presentaci\u00f3n de la gama de EPI de la marca UNYC<\/strong><\/p>\n\n\n\n<p>El Sitio presenta la gama de Equipos de Protecci\u00f3n Individual (en adelante &#8220;EPI&#8221;) de la marca UNYC.<\/p>\n\n\n\n<p>Tubesca-Comabi hace todo lo posible para que la informaci\u00f3n publicada en este Sitio sea exacta y est\u00e9 actualizada y se reserva el derecho de modificarla en cualquier momento sin previo aviso.<\/p>\n\n\n\n<p>Se invita a los usuarios que deseen adquirir productos y\/o servicios presentados en el Sitio a que se pongan en contacto con Tubesca-Comabi a trav\u00e9s del formulario de contacto o por correo electr\u00f3nico a <a href=\"mailto:communication@tubesca-comabi.com\">communication@tubesca-comabi.com<\/a> para conocer la disponibilidad de los productos y\/o servicios en cuesti\u00f3n, as\u00ed como las condiciones contractuales y las tarifas aplicables a los mismos.<\/p>\n\n\n\n<p><strong>3.2 Registro del EPI del usuario<\/strong><\/p>\n\n\n\n<p>El sitio permite que los usuarios registren su EPI de UNYC para que se les avise cuando sea el momento de revisarlo.<\/p>\n\n\n\n<p>Al registrar su EPI, el usuario se compromete a proporcionar informaci\u00f3n completa y precisa.<\/p>\n\n\n\n<p>El usuario tiene la posibilidad de preseleccionar un distribuidor al registrar su EPI.<\/p>\n\n\n\n<p>Hay una zona de comentarios libres en la que puede indicar la persona a la que est\u00e1 asignado el EPI en cuesti\u00f3n.<\/p>\n\n\n\n<p>El usuario es responsable de la informaci\u00f3n introducida al registrar su EPI. Se advierte al usuario que Tubesca-Comabi no verifica esta informaci\u00f3n. Tubesca-Comabi no se responsabiliza del mal funcionamiento causado por un error del usuario.<\/p>\n\n\n\n<p>En este punto, al ser el Usuario un profesional, reconoce que conoce perfectamente la normativa aplicable a los EPI y sus obligaciones en materia de verificaci\u00f3n.<\/p>\n\n\n\n<p>El usuario puede acceder a un resumen de los EPI que tiene registrados en la p\u00e1gina &#8220;Mi lista de EPI&#8221;.<\/p>\n\n\n\n<p><strong>3.3. Alerta de comprobaci\u00f3n del EPI<\/strong><\/p>\n\n\n\n<p>Para cada EPI, el usuario tiene la posibilidad de introducir una fecha a partir de la cual se genera el env\u00edo de una alerta por correo electr\u00f3nico para la verificaci\u00f3n del EPI. Dependiendo de la informaci\u00f3n de que disponga el usuario del EPI, la fecha de alerta puede ser: la fecha de la \u00faltima revisi\u00f3n del EPI, la de su primer uso, o la de compra.<\/p>\n\n\n\n<p>Las fechas de los d\u00edas de verificaci\u00f3n de los minoristas las facilita Tubesca-Comabi.<\/p>\n\n\n\n<p>En funci\u00f3n de la informaci\u00f3n introducida por el usuario al registrar su EPI, \u00e9ste recibir\u00e1 una alerta por correo electr\u00f3nico cuando lo tenga que revisar.<\/p>\n\n\n\n<p>Luego se remite al usuario al sitio para que acceda al directorio de minoristas con el fin de concertar una cita.<\/p>\n\n\n\n<p><strong>3.4. Lista de minoristas<\/strong><\/p>\n\n\n\n<p>El Sitio contiene una lista de minoristas que ofrecen verificaci\u00f3n de EPI a fin de que el Usuario pueda ponerse en contacto con ellos para concertar una cita.<\/p>\n\n\n\n<p>Las empresas FRENEHARD, SKYWORKS, TUBESCA-COMABI, TENDO y SECURIGARD pertenecen al GRUPO FRENEHARD &amp; MICHAUX y comercializan la marca UNYC.<\/p>\n\n\n\n<p>Los dem\u00e1s minoristas est\u00e1n vinculados a TUBESCA-COMABI por un acuerdo de colaboraci\u00f3n.<\/p>\n\n\n\n<p>El Sitio no procede a ninguna clasificaci\u00f3n particular de los minoristas asociados, por lo que se invita al Usuario a seleccionar el que prefiera. Como excepci\u00f3n, cuando el usuario haya preseleccionado uno al registrar su EPI, ser\u00e1 redirigido autom\u00e1ticamente a ese minorista.<\/p>\n\n\n\n<p>En la fecha de creaci\u00f3n del presente documento, no existe ning\u00fan v\u00ednculo de capital o de remuneraci\u00f3n entre TUBESCA-COMABI y los revendedores que influya sobre la referenciaci\u00f3n o la clasificaci\u00f3n de los bienes o servicios ofrecidos en el Sitio.<\/p>\n\n\n\n<p>El usuario queda informado de que no hay transmisi\u00f3n autom\u00e1tica de sus datos a los revendedores.<\/p>\n\n\n\n<p>Es responsabilidad del usuario ponerse en contacto con uno de los comercios referenciados para concertar una cita para la verificaci\u00f3n de su EPI.<\/p>\n\n\n\n<p><strong><u>ART\u00cdCULO 4 &#8211; ACCESO AL SITIO Y USO DE LAS FUNCIONES<\/u><\/strong><\/p>\n\n\n\n<p><strong>4.1.<\/strong> Se puede acceder al Sitio en la URL: &#8220;<a href=\"https:\/\/www.unyc.com\/\">https:\/\/www.unyc.com\/<\/a>&#8220;.<\/p>\n\n\n\n<p>El usuario navega por el Sitio bajo su responsabilidad. En estas condiciones, el Usuario est\u00e1 obligado a navegar por el Sitio y a utilizar los servicios de acuerdo con su finalidad y de conformidad con las presentes condiciones generales, sin atentar contra el orden p\u00fablico, las buenas costumbres o los derechos de terceros.<\/p>\n\n\n\n<p>En este contexto, el Usuario es personalmente responsable de la configuraci\u00f3n de los recursos inform\u00e1ticos y de comunicaci\u00f3n necesarios para acceder al Sitio y de la adquisici\u00f3n de los conocimientos necesarios para utilizar Internet y acceder al Sitio. El Usuario asumir\u00e1 los costes de conexi\u00f3n y equipamiento asociados al acceso a Internet y al uso del Sitio, de acuerdo con las condiciones establecidas por sus proveedores de acceso y\/o operadores de comunicaciones electr\u00f3nicas.<\/p>\n\n\n\n<p>El Usuario es responsable de la seguridad inform\u00e1tica de su equipo y, en particular, de la posible p\u00e9rdida de datos y fallos de seguridad que puedan derivarse de un virus o de la pirater\u00eda inform\u00e1tica. El Usuario declara ser consciente de estos riesgos y acepta que Tubesca-Comabi no puede ser considerada responsable de tales disfunciones.<\/p>\n\n\n\n<p>El usuario no podr\u00e1:<\/p>\n\n\n\n<ul class=\"wp-block-list\"><li>Acceder o intentar acceder al Sitio por medios distintos a los puestos a disposici\u00f3n por Tubesca-Comabi.<\/li><li>Compartir, con un tercero, cualquier credencial de inicio de sesi\u00f3n (nombre de usuario y contrase\u00f1a), siendo un tercero cualquier persona distinta del Usuario al que se le asigna la direcci\u00f3n de correo electr\u00f3nico.<\/li><li>Interrumpir, ralentizar o bloquear el acceso a las redes que permiten el acceso al Sitio.<\/li><li>Supervisar, escanear o probar la vulnerabilidad del Sitio, de su host o de su red o violar las medidas de seguridad o autenticaci\u00f3n.<\/li><\/ul>\n\n\n\n<p><strong>4.2.<\/strong> Dado el car\u00e1cter gratuito del Sitio y sus funcionalidades, el Usuario reconoce que el Sitio y sus funcionalidades se le proporcionan tal cual y son accesibles sin ninguna garant\u00eda de conformidad, disponibilidad, rendimiento, compatibilidad o regularidad.<\/p>\n\n\n\n<p>TUBESCA-COMABI se esforzar\u00e1 por hacer accesibles las funcionalidades las 24 horas del d\u00eda, los 7 d\u00edas de la semana, salvo en caso de fuerza mayor o de acontecimiento ajeno a la voluntad de TUBESCA-COMABI y a reserva de los per\u00edodos de mantenimiento, de las posibles aver\u00edas, de los riesgos t\u00e9cnicos ligados a la naturaleza de la red Internet o de los actos malintencionados o de cualquier da\u00f1o al hardware o al software de TUBESCA-COMABI.<\/p>\n\n\n\n<p>TUBESCA-COMABI no se responsabiliza en ning\u00fan caso de la interrupci\u00f3n del funcionamiento, sea cual sea la causa, la duraci\u00f3n o la frecuencia.<\/p>\n\n\n\n<p>El Usuario reconoce que la velocidad de transmisi\u00f3n de la informaci\u00f3n no depende de TUBESCA-COMABI, sino de las caracter\u00edsticas propias de las redes de comunicaciones electr\u00f3nicas y de las caracter\u00edsticas t\u00e9cnicas del medio de conexi\u00f3n del Usuario.<\/p>\n\n\n\n<p>TUBESCA-COMABI no se responsabiliza del uso que los Usuarios hagan del Sitio y de sus funcionalidades y de los da\u00f1os que puedan derivarse para el Usuario o para terceros.<\/p>\n\n\n\n<p>TUBESCA-COMABI no se hace responsable de la informaci\u00f3n proporcionada por el Usuario para la creaci\u00f3n y gesti\u00f3n de su cuenta personal.<\/p>\n\n\n\n<p><strong>4.3.<\/strong> El Sitio y las funcionalidades son puestos a disposici\u00f3n del Usuario por TUBESCA-COMABI de forma gratuita y por tiempo indefinido.<\/p>\n\n\n\n<p>TUBESCA-COMABI se reserva el derecho de modificar las caracter\u00edsticas del Sitio y sus funcionalidades, especialmente en funci\u00f3n de la evoluci\u00f3n t\u00e9cnica o comercial. Se reserva la total discreci\u00f3n para llevar a cabo cualquier actualizaci\u00f3n.<\/p>\n\n\n\n<p>Dado el car\u00e1cter gratuito del Sitio y de la utilizaci\u00f3n de sus funcionalidades, TUBESCA-COMABI se reserva el derecho de suspender el acceso y\/o dar por terminado el acceso a todas o parte de las funcionalidades ofrecidas a los Usuarios, sin previo aviso ni indemnizaci\u00f3n.<\/p>\n\n\n\n<p>En caso de incumplimiento por parte del Usuario de las Condiciones Generales de Uso o, de forma m\u00e1s general, en caso de violaci\u00f3n de la normativa vigente, TUBESCA-COMABI podr\u00e1 poner fin a todas o parte de las funcionalidades proporcionadas al Usuario de pleno derecho, sin previo aviso ni indemnizaci\u00f3n. TUBESCA-COMABI podr\u00e1 resolver el contrato sin perjuicio de los da\u00f1os y perjuicios a los que pueda tener derecho como consecuencia de estos incumplimientos.<\/p>\n\n\n\n<p><strong><u>ART\u00cdCULO 5 &#8211; RESPONSABILIDAD<\/u><\/strong><\/p>\n\n\n\n<p><strong>5.1 <\/strong>TUBESCA-COMABI no interviene en la posible relaci\u00f3n entre los Usuarios y los minoristas asociados, por lo que no asume ninguna responsabilidad por el contrato que pueda haberse celebrado entre ellos con anterioridad al registro de los EPIs o como consecuencia de la alerta y el contacto realizado para su verificaci\u00f3n.<\/p>\n\n\n\n<p>En particular, TUBESCA-COMABI no se hace responsable de las reclamaciones relacionadas con la calidad o la conformidad de los productos o servicios vendidos o prestados por un minorista asociado.<\/p>\n\n\n\n<p>Se invita a los usuarios a ponerse en contacto con el distribuidor asociado al que compraron los productos o al que confiaron la realizaci\u00f3n de los servicios en cuesti\u00f3n.<\/p>\n\n\n\n<p><strong>5.2<\/strong> TUBESCA-COMABI no ser\u00e1 responsable si el incumplimiento o los da\u00f1os se derivan del mal uso del Sitio por parte del Usuario o de una falta de \u00e9ste o de un tercero o de un caso de fuerza mayor.<\/p>\n\n\n\n<p><strong>5.3<\/strong> Asimismo, se recuerda que TUBESCA-COMABI no se hace responsable de los da\u00f1os, temporales o permanentes, causados al terminal m\u00f3vil o al ordenador del Usuario, ni de los da\u00f1os y perjuicios que pueda sufrir en particular como consecuencia del acceso o la navegaci\u00f3n por el Sitio.<\/p>\n\n\n\n<p><strong>5.4<\/strong> La transmisi\u00f3n de datos a trav\u00e9s de Internet puede dar lugar a errores y\/o a que el Sitio no est\u00e9 siempre disponible. En consecuencia, TUBESCA-COMABI no se hace responsable de la disponibilidad e interrupci\u00f3n del servicio en l\u00ednea. Se recuerda a los usuarios que se les aconseja proteger el acceso a sus herramientas inform\u00e1ticas con una contrase\u00f1a y contratar un seguro \u00fatil en caso de p\u00e9rdida o robo.<\/p>\n\n\n\n<p><strong>5.5<\/strong> El Sitio puede contener enlaces de hipertexto a otros sitios web. TUBESCA-COMABI no tiene ning\u00fan control sobre la exactitud de la informaci\u00f3n que presentan ni sobre su contenido. En consecuencia, TUBESCA-COMABI no se hace responsable de los da\u00f1os y perjuicios derivados del uso, acceso o imposibilidad de uso de la informaci\u00f3n o contenidos de otros sitios web.<\/p>\n\n\n\n<p><strong>5.6.<\/strong> Cuando la responsabilidad de TUBESCA-COMABI se produzca como consecuencia de una falta suya, la indemnizaci\u00f3n s\u00f3lo se aplicar\u00e1 a los da\u00f1os directos, personales y ciertos que haya sufrido el Usuario.<\/p>\n\n\n\n<p>En cualquier caso, se recuerda que TUBESCA-COMABI declina toda responsabilidad debido a:<\/p>\n\n\n\n<ul class=\"wp-block-list\"><li>Los da\u00f1os derivados del incumplimiento por parte de los Usuarios de las normas y recomendaciones de TUBESCA-COMABI que se derivan en particular de las presentes condiciones generales;<\/li><li>El mal funcionamiento, la imposibilidad de acceder o las malas condiciones de funcionamiento del Sitio, en particular debido a un equipo inadecuado, a interrupciones relacionadas con el proveedor de acceso del Usuario y\/o a la congesti\u00f3n de la red de Internet y\/o por cualquier otro motivo relacionado con un caso de fuerza mayor;<\/li><li>Actos malintencionados de terceros.<\/li><\/ul>\n\n\n\n<p><strong><u>ART\u00cdCULO 7 &#8211; PROTECCI\u00d3N DE DATOS PERSONALES &#8211; COOKIES<\/u><\/strong><\/p>\n\n\n\n<p><strong>7.1.<\/strong> TUBESCA-COMABI recoge y trata los datos personales de los Usuarios del Sitio que deciden crear una cuenta personal o rellenar el formulario de contacto. Las disposiciones relativas al tratamiento de estos datos se describen en la Pol\u00edtica de Privacidad del Sitio, que se invita al Usuario a leer detenidamente. TUBESCA-COMABI recoge, trata y almacena los datos personales de acuerdo con los principios de la normativa vigente y las recomendaciones de la Comisi\u00f3n Nacional de Inform\u00e1tica y Libertades (CNIL).<\/p>\n\n\n\n<p>Las personas f\u00edsicas afectadas tienen varios derechos en relaci\u00f3n con la recogida y el tratamiento de sus datos personales. Pueden solicitar el acceso, la rectificaci\u00f3n o la supresi\u00f3n de sus datos. En su caso, tambi\u00e9n podr\u00e1n oponerse o solicitar la limitaci\u00f3n del tratamiento de dichos datos. Tambi\u00e9n tienen derecho a la portabilidad de los datos para obtener una copia de sus datos personales en un formato estructurado, utilizable y legible por m\u00e1quina, de modo que puedan ser transmitidos a un tercero, si esta solicitud es admisible. Tambi\u00e9n tienen derecho a presentar una reclamaci\u00f3n ante una autoridad de control y pueden establecer instrucciones sobre qu\u00e9 hacer con sus datos en caso de fallecimiento, y registrarlos en terceros de confianza certificados por la CNIL. Estos derechos pueden ejercerse de acuerdo con las disposiciones establecidas en la Pol\u00edtica de Privacidad del Sitio.<\/p>\n\n\n\n<p><strong>7.2.<\/strong> TUBESCA-COMABI utiliza cookies (m\u00f3dulo Axeptio).<\/p>\n\n\n\n<p><strong><u>ART\u00cdCULO 8 &#8211; PROPIEDAD INTELECTUAL<\/u><\/strong><\/p>\n\n\n\n<p>Todo el contenido del Sitio es propiedad de TUBESCA-COMABI o es utilizado por TUBESCA-COMABI con la autorizaci\u00f3n de los titulares de los derechos en cuesti\u00f3n.<\/p>\n\n\n\n<p>Los usuarios reconocen los derechos exclusivos de TUBESCA-COMABI, en particular sus marcas, logotipos y derechos de autor, y se abstendr\u00e1n de utilizarlos de cualquier manera y, en general, de infringirlos.<\/p>\n\n\n\n<p>Cualquier uso, en cualquier forma, de estas marcas, logotipos, derechos de autor y\/o cualquier otro derecho de propiedad intelectual est\u00e1 sujeto a la autorizaci\u00f3n previa y expresa de TUBESCA-COMABI o del titular de los derechos en cuesti\u00f3n.<\/p>\n\n\n\n<p>Queda prohibida la reproducci\u00f3n total o parcial del Sitio, as\u00ed como la creaci\u00f3n de enlaces de hipertexto, salvo autorizaci\u00f3n expresa y previa de TUBESCA-COMABI.<\/p>\n\n\n\n<p>TUBESCA-COMABI se reserva el derecho a solicitar la supresi\u00f3n de cualquier enlace al Sitio que no haya sido, o haya dejado de ser, autorizado y\/o que le perjudique.<\/p>\n\n\n\n<p><strong><u>ART\u00cdCULO 9 &#8211; LITIGIOS<\/u><\/strong><\/p>\n\n\n\n<p><strong>9.1.<\/strong> Estas condiciones generales de uso est\u00e1n sujetas a la legislaci\u00f3n francesa.<\/p>\n\n\n\n<p><strong>9.2 <\/strong>Las Partes se esforzar\u00e1n por resolver amistosamente cualquier conflicto que pueda surgir entre ellas en relaci\u00f3n con estas condiciones.<\/p>\n\n\n\n<p>En caso de que no sea posible un acuerdo amistoso, cualquier discrepancia entre TUBESCA-COMABI y el Usuario se presentar\u00e1 ante el Tribunal de Bourg en Bresse, al que se le atribuye expresamente y de antemano la competencia, incluso en caso de reclamaci\u00f3n de terceros o de pluralidad de demandados.<\/p>\n","protected":false},"excerpt":{"rendered":"<p>Fecha de la \u00faltima actualizaci\u00f3n de las Condiciones Generales de Uso: 22\/08\/2022. ART\u00cdCULO 1 &#8211; PRESENTACI\u00d3N DEL SITIO Y DISPOSICIONES GENERALES 1.1. Las presentes condiciones generales se concluyen entre la sociedad TUBESCA COMABI, SAS con un capital social de 6393200,00 euros, inscrita en el RCS de BOURG EN BRESSE con el n\u00famero B 422 481 [&hellip;]<\/p>\n","protected":false},"author":7,"featured_media":0,"parent":0,"menu_order":0,"comment_status":"closed","ping_status":"closed","template":"","meta":{"_acf_changed":false,"footnotes":""},"class_list":["post-1669","page","type-page","status-publish","hentry"],"acf":[],"yoast_head":"<!-- This site is optimized with the Yoast SEO plugin v27.3 - https:\/\/yoast.com\/product\/yoast-seo-wordpress\/ -->\n<title>CONDICIONES GENERALES DE USO - Instance master - Old Unyc<\/title>\n<meta name=\"robots\" content=\"noindex, follow, max-snippet:-1, max-image-preview:large, max-video-preview:-1\" \/>\n<meta property=\"og:locale\" content=\"es_ES\" \/>\n<meta property=\"og:type\" content=\"article\" \/>\n<meta property=\"og:title\" content=\"CONDICIONES GENERALES DE USO - Instance master - Old Unyc\" \/>\n<meta property=\"og:description\" content=\"Fecha de la \u00faltima actualizaci\u00f3n de las Condiciones Generales de Uso: 22\/08\/2022. ART\u00cdCULO 1 &#8211; PRESENTACI\u00d3N DEL SITIO Y DISPOSICIONES GENERALES 1.1. Las presentes condiciones generales se concluyen entre la sociedad TUBESCA COMABI, SAS con un capital social de 6393200,00 euros, inscrita en el RCS de BOURG EN BRESSE con el n\u00famero B 422 481 [&hellip;]\" \/>\n<meta property=\"og:url\" content=\"https:\/\/master.myweb-fm.com\/es\/condiciones-generales-de-uso\/\" \/>\n<meta property=\"og:site_name\" content=\"Instance master - Old Unyc\" \/>\n<meta property=\"article:modified_time\" content=\"2022-10-10T15:02:35+00:00\" \/>\n<meta name=\"twitter:card\" content=\"summary_large_image\" \/>\n<meta name=\"twitter:label1\" content=\"Tiempo de lectura\" \/>\n\t<meta name=\"twitter:data1\" content=\"15 minutos\" \/>\n<script type=\"application\/ld+json\" class=\"yoast-schema-graph\">{\"@context\":\"https:\\\/\\\/schema.org\",\"@graph\":[{\"@type\":\"WebPage\",\"@id\":\"https:\\\/\\\/master.myweb-fm.com\\\/es\\\/condiciones-generales-de-uso\\\/\",\"url\":\"https:\\\/\\\/master.myweb-fm.com\\\/es\\\/condiciones-generales-de-uso\\\/\",\"name\":\"CONDICIONES GENERALES DE USO - Instance master - Old Unyc\",\"isPartOf\":{\"@id\":\"https:\\\/\\\/master.myweb-fm.com\\\/es\\\/#website\"},\"datePublished\":\"2022-09-23T07:08:52+00:00\",\"dateModified\":\"2022-10-10T15:02:35+00:00\",\"inLanguage\":\"es\",\"potentialAction\":[{\"@type\":\"ReadAction\",\"target\":[\"https:\\\/\\\/master.myweb-fm.com\\\/es\\\/condiciones-generales-de-uso\\\/\"]}]},{\"@type\":\"WebSite\",\"@id\":\"https:\\\/\\\/master.myweb-fm.com\\\/es\\\/#website\",\"url\":\"https:\\\/\\\/master.myweb-fm.com\\\/es\\\/\",\"name\":\"Instance master - Old Unyc\",\"description\":\"Fr\u00e9n\u00e9hard &amp; Michaux\",\"potentialAction\":[{\"@type\":\"SearchAction\",\"target\":{\"@type\":\"EntryPoint\",\"urlTemplate\":\"https:\\\/\\\/master.myweb-fm.com\\\/es\\\/?s={search_term_string}\"},\"query-input\":{\"@type\":\"PropertyValueSpecification\",\"valueRequired\":true,\"valueName\":\"search_term_string\"}}],\"inLanguage\":\"es\"}]}<\/script>\n<!-- \/ Yoast SEO plugin. -->","yoast_head_json":{"title":"CONDICIONES GENERALES DE USO - Instance master - Old Unyc","robots":{"index":"noindex","follow":"follow","max-snippet":"max-snippet:-1","max-image-preview":"max-image-preview:large","max-video-preview":"max-video-preview:-1"},"og_locale":"es_ES","og_type":"article","og_title":"CONDICIONES GENERALES DE USO - Instance master - Old Unyc","og_description":"Fecha de la \u00faltima actualizaci\u00f3n de las Condiciones Generales de Uso: 22\/08\/2022. ART\u00cdCULO 1 &#8211; PRESENTACI\u00d3N DEL SITIO Y DISPOSICIONES GENERALES 1.1. Las presentes condiciones generales se concluyen entre la sociedad TUBESCA COMABI, SAS con un capital social de 6393200,00 euros, inscrita en el RCS de BOURG EN BRESSE con el n\u00famero B 422 481 [&hellip;]","og_url":"https:\/\/master.myweb-fm.com\/es\/condiciones-generales-de-uso\/","og_site_name":"Instance master - Old Unyc","article_modified_time":"2022-10-10T15:02:35+00:00","twitter_card":"summary_large_image","twitter_misc":{"Tiempo de lectura":"15 minutos"},"schema":{"@context":"https:\/\/schema.org","@graph":[{"@type":"WebPage","@id":"https:\/\/master.myweb-fm.com\/es\/condiciones-generales-de-uso\/","url":"https:\/\/master.myweb-fm.com\/es\/condiciones-generales-de-uso\/","name":"CONDICIONES GENERALES DE USO - Instance master - Old Unyc","isPartOf":{"@id":"https:\/\/master.myweb-fm.com\/es\/#website"},"datePublished":"2022-09-23T07:08:52+00:00","dateModified":"2022-10-10T15:02:35+00:00","inLanguage":"es","potentialAction":[{"@type":"ReadAction","target":["https:\/\/master.myweb-fm.com\/es\/condiciones-generales-de-uso\/"]}]},{"@type":"WebSite","@id":"https:\/\/master.myweb-fm.com\/es\/#website","url":"https:\/\/master.myweb-fm.com\/es\/","name":"Instance master - Old Unyc","description":"Fr\u00e9n\u00e9hard &amp; Michaux","potentialAction":[{"@type":"SearchAction","target":{"@type":"EntryPoint","urlTemplate":"https:\/\/master.myweb-fm.com\/es\/?s={search_term_string}"},"query-input":{"@type":"PropertyValueSpecification","valueRequired":true,"valueName":"search_term_string"}}],"inLanguage":"es"}]}},"_links":{"self":[{"href":"https:\/\/master.myweb-fm.com\/es\/wp-json\/wp\/v2\/pages\/1669","targetHints":{"allow":["GET"]}}],"collection":[{"href":"https:\/\/master.myweb-fm.com\/es\/wp-json\/wp\/v2\/pages"}],"about":[{"href":"https:\/\/master.myweb-fm.com\/es\/wp-json\/wp\/v2\/types\/page"}],"author":[{"embeddable":true,"href":"https:\/\/master.myweb-fm.com\/es\/wp-json\/wp\/v2\/users\/7"}],"replies":[{"embeddable":true,"href":"https:\/\/master.myweb-fm.com\/es\/wp-json\/wp\/v2\/comments?post=1669"}],"version-history":[{"count":0,"href":"https:\/\/master.myweb-fm.com\/es\/wp-json\/wp\/v2\/pages\/1669\/revisions"}],"wp:attachment":[{"href":"https:\/\/master.myweb-fm.com\/es\/wp-json\/wp\/v2\/media?parent=1669"}],"curies":[{"name":"wp","href":"https:\/\/api.w.org\/{rel}","templated":true}]}}