{"id":1234,"date":"2022-08-09T09:19:28","date_gmt":"2022-08-09T07:19:28","guid":{"rendered":"https:\/\/master.myweb-fm.com\/epi-anticaida-como-elegir-bien\/"},"modified":"2023-07-26T11:24:48","modified_gmt":"2023-07-26T09:24:48","slug":"epi-anticaida-como-elegir-bien","status":"publish","type":"page","link":"https:\/\/master.myweb-fm.com\/es\/epi-anticaida-como-elegir-bien\/","title":{"rendered":"EPI antica\u00edda: \u00bfc\u00f3mo elegir bien?"},"content":{"rendered":"\n<p>Muchos trabajadores tienen que trabajar en altura: profesionales de la industria de la construcci\u00f3n, personal de redes el\u00e9ctricas, personal de mantenimiento y t\u00e9cnicos de mantenimiento de las empresas&#8230; Las ca\u00eddas desde altura son la mayor de las causas de accidentes mortales en el trabajo.<\/p>\n\n\n\n<figure class=\"wp-block-image alignwide size-large\"><img loading=\"lazy\" decoding=\"async\" width=\"1024\" height=\"369\" src=\"https:\/\/master.myweb-fm.com\/wp-content\/uploads\/2022\/07\/Image_banner_edito@2x-1024x369.jpg\" alt=\"Unyc\" class=\"wp-image-332\" srcset=\"https:\/\/master.myweb-fm.com\/wp-content\/uploads\/2022\/07\/Image_banner_edito@2x-1024x369.jpg 1024w, https:\/\/master.myweb-fm.com\/wp-content\/uploads\/2022\/07\/Image_banner_edito@2x-600x216.jpg 600w, https:\/\/master.myweb-fm.com\/wp-content\/uploads\/2022\/07\/Image_banner_edito@2x-300x108.jpg 300w, https:\/\/master.myweb-fm.com\/wp-content\/uploads\/2022\/07\/Image_banner_edito@2x-768x277.jpg 768w, https:\/\/master.myweb-fm.com\/wp-content\/uploads\/2022\/07\/Image_banner_edito@2x-1536x554.jpg 1536w, https:\/\/master.myweb-fm.com\/wp-content\/uploads\/2022\/07\/Image_banner_edito@2x-2048x738.jpg 2048w, https:\/\/master.myweb-fm.com\/wp-content\/uploads\/2022\/07\/Image_banner_edito@2x-1110x400.jpg 1110w, https:\/\/master.myweb-fm.com\/wp-content\/uploads\/2022\/07\/Image_banner_edito@2x-375x135.jpg 375w\" sizes=\"auto, (max-width: 1024px) 100vw, 1024px\" \/><\/figure>\n\n\n\n<p>Cuando es t\u00e9cnicamente imposible implementar la protecci\u00f3n colectiva, el uso de equipos de protecci\u00f3n individual (EPI) contra ca\u00eddas desde altura es obligatorio. Estos sistemas de protecci\u00f3n personal se utilizan para detener la ca\u00edda. Los EPI tambi\u00e9n se pueden implementar para proteger al personal que instala las protecciones colectivas cuando los modelos operativos no permiten eliminar los riesgos de ca\u00edda.<\/p>\n\n\n\n<p>La elecci\u00f3n del material se guiar\u00e1 por la utilizaci\u00f3n que se har\u00e1 de \u00e9l y deber\u00e1 responder a la normativa vigente.<\/p>\n\n\n<div class=\"mycms-list-anchor--list list_anchor\">\n        <ul class=\"mycms-list-anchor--items mycms-u-visible--lg\"><li>\n                    <span class=\"icon\"><\/span>\n                    <span class=\"bg-color-vertical\"><\/span>\n                    <a href=\"#les-differentes-utilisations-1\">Los distintos usos<\/a>\n                <\/li><li>\n                    <span class=\"icon\"><\/span>\n                    <span class=\"bg-color-vertical\"><\/span>\n                    <a href=\"#\u00bfCon-qu\u00e9-frecuencia?\">\u00bfCon qu\u00e9 frecuencia?<\/a>\n                <\/li><li>\n                    <span class=\"icon\"><\/span>\n                    <span class=\"bg-color-vertical\"><\/span>\n                    <a href=\"#Consideraciones-relativas-al-sistema-antica\u00edda\">Consideraciones relativas al sistema antica\u00edda<\/a>\n                <\/li><li>\n                    <span class=\"icon\"><\/span>\n                    <span class=\"bg-color-vertical\"><\/span>\n                    <a href=\"#Verificaci\u00f3n-de-los-EPI\">Verificaci\u00f3n de los EPI<\/a>\n                <\/li><\/ul>\n        <\/div>\n\n<section class=\"section-group\">\n<div class=\"wp-block-group is-layout-flow wp-block-group-is-layout-flow\">\n<h2 class=\"wp-block-heading mycms-txt--h3\" id=\"les-differentes-utilisations-1\">Los distintos usos<\/h2>\n\n\n\n<div class=\"wp-block-columns is-layout-flex wp-container-core-columns-is-layout-9d6595d7 wp-block-columns-is-layout-flex\">\n<div class=\"wp-block-column is-layout-flow wp-block-column-is-layout-flow\">\n<h3 class=\"wp-block-heading has-text-align-left\" id=\"retenu-au-travail\">Reservado para el trabajo<\/h3>\n\n\n\n<figure class=\"wp-block-image size-full is-resized\"><img loading=\"lazy\" decoding=\"async\" src=\"https:\/\/master.myweb-fm.com\/wp-content\/uploads\/2022\/09\/WORKSITE-SAFETY-1.png\" alt=\"\" class=\"wp-image-1819\" width=\"99\" height=\"92\"\/><\/figure>\n\n\n\n<p>Sistema dise\u00f1ado para limitar los movimientos del usuario con el fin de evitar que llegue a zonas con riesgo de ca\u00edda. No puede detener una ca\u00edda ni tiene la funci\u00f3n de mantenimiento en el trabajo o de suspensi\u00f3n. Compuesto por un punto de anclaje, un arn\u00e9s antica\u00edda y un cabestro (a ajustar para hacer imposible la ca\u00edda).<\/p>\n\n\n\n<p class=\"has-text-align-center\"><em>Norma actual: EN 361<\/em><\/p>\n<\/div>\n\n\n\n<div class=\"wp-block-column is-layout-flow wp-block-column-is-layout-flow\">\n<h3 class=\"wp-block-heading\" id=\"anti-chute\">Antica\u00edda<\/h3>\n\n\n\n<figure class=\"wp-block-image size-full is-resized\"><img loading=\"lazy\" decoding=\"async\" src=\"https:\/\/master.myweb-fm.com\/wp-content\/uploads\/2022\/09\/FALL-PREVENTION.png\" alt=\"\" class=\"wp-image-1827\" width=\"99\" height=\"92\"\/><\/figure>\n\n\n\n<p>Sistema para sujetar a un usuario durante una ca\u00edda y mantenerlo en suspensi\u00f3n mientras espera que llegue la ayuda. Compuesto por un punto de anclaje, un arn\u00e9s y un dispositivo antica\u00edda (cabestro con absorbedor de energ\u00eda o cuerda con deslizador o retractor antica\u00eddas).<\/p>\n\n\n\n<p class=\"has-text-align-center\"><em>Norma actual: EN 361<\/em><\/p>\n<\/div>\n<\/div>\n\n\n\n<div class=\"wp-block-columns is-layout-flex wp-container-core-columns-is-layout-9d6595d7 wp-block-columns-is-layout-flex\">\n<div class=\"wp-block-column is-layout-flow wp-block-column-is-layout-flow\">\n<h3 class=\"wp-block-heading has-text-align-left\" id=\"retenu-au-travail\">Mantenimiento en el trabajo<\/h3>\n\n\n\n<figure class=\"wp-block-image size-full is-resized\"><img loading=\"lazy\" decoding=\"async\" src=\"https:\/\/master.myweb-fm.com\/wp-content\/uploads\/2022\/09\/WORK-POSITIONING.png\" alt=\"\" class=\"wp-image-1833\" width=\"99\" height=\"92\"\/><\/figure>\n\n\n\n<p>Sistema para posicionarse en apoyo de los pies mientras mantiene las manos libres para trabajar. Compuesto por un punto de anclaje, un arn\u00e9s antica\u00edda con correa de apoyo de trabajo y un cabestro de sujeci\u00f3n. En caso de riesgo de ca\u00edda, este sistema debe complementarse con un dispositivo antica\u00edda (cabestro con absorbedor de energ\u00eda o cuerda con deslizador o retractor antica\u00eddas).<\/p>\n\n\n\n<p class=\"has-text-align-center\"><em>Norma actual: EN 358<\/em><\/p>\n<\/div>\n\n\n\n<div class=\"wp-block-column is-layout-flow wp-block-column-is-layout-flow\">\n<h3 class=\"wp-block-heading\" id=\"anti-chute\">Suspensi\u00f3n<\/h3>\n\n\n\n<figure class=\"wp-block-image size-full is-resized\"><img loading=\"lazy\" decoding=\"async\" src=\"https:\/\/master.myweb-fm.com\/wp-content\/uploads\/2022\/09\/SUSPENSION.png\" alt=\"\" class=\"wp-image-1839\" width=\"99\" height=\"92\"\/><\/figure>\n\n\n\n<p>Sistema concebido para trabajar suspendido en el aire gracias al punto de enganche ventral. Como el usuario ya no est\u00e1 apoyando en los pies, la carga se reparte a nivel de la cintura y los muslos del arn\u00e9s. Compuesto por un punto de anclaje, un arn\u00e9s antica\u00edda, un dispositivo antica\u00edda (cabestro con absorbedor de energ\u00eda o cuerda con deslizador o retractor antica\u00eddas).<\/p>\n\n\n\n<p class=\"has-text-align-center\"><em>Norma actual: EN 813<\/em><\/p>\n<\/div>\n<\/div>\n\n\n\n<h2 class=\"wp-block-heading\" id=\"\u00bfCon-qu\u00e9-frecuencia?\">\u00bfCon qu\u00e9 frecuencia?<\/h2>\n\n\n\n<p>Antes de la compra es importante conocer la intensidad de uso de su EPI.<\/p>\n\n\n\n<p>En efecto, y en especial para la compra de un arn\u00e9s, tendr\u00e1 que definir la frecuencia de uso de su material para que le ayude a elegir el modelo m\u00e1s adaptado a su uso. <\/p>\n\n\n\n<div class=\"wp-block-buttons is-content-justification-center is-layout-flex wp-container-core-buttons-is-layout-16018d1d wp-block-buttons-is-layout-flex\">\n<div class=\"wp-block-button is-style-cta-flechehas-custom-font-size  has-small-font-size\"><a class=\"wp-block-button__link wp-element-button\" href=\"https:\/\/master.myweb-fm.com\/es\/product-category\/harnais-es\/\">Descubrir nuestra gama de arneses en funci\u00f3n de su utilizaci\u00f3n<\/a><\/div>\n<\/div>\n\n\n\n<h2 class=\"wp-block-heading\" id=\"Consideraciones-relativas-al-sistema-antica\u00edda\">Consideraciones relativas al sistema antica\u00edda<\/h2>\n\n\n\n<p>Hay que tener en cuenta varios elementos para elegir el material m\u00e1s adecuado a sus necesidades:<\/p>\n\n\n\n<h3 class=\"wp-block-heading\" id=\"suspension\">El factor de ca\u00edda<\/h3>\n\n\n\n<p>El factor de ca\u00edda mide la intensidad de una ca\u00edda. Hay 3 niveles de riesgo de ca\u00edda (0, 1 y 2) calculados en funci\u00f3n de la posici\u00f3n del punto de anclaje en relaci\u00f3n con la del usuario. Se recomienda encarecidamente tener el punto de anclaje por encima del usuario para limitar la fuerza del choque.<\/p>\n\n\n\n<figure class=\"wp-block-image size-full is-resized\"><img loading=\"lazy\" decoding=\"async\" src=\"https:\/\/master.myweb-fm.com\/wp-content\/uploads\/2022\/09\/El-factor-de-caida.jpg\" alt=\"\" class=\"wp-image-1958\" width=\"407\" height=\"237\" srcset=\"https:\/\/master.myweb-fm.com\/wp-content\/uploads\/2022\/09\/El-factor-de-caida.jpg 580w, https:\/\/master.myweb-fm.com\/wp-content\/uploads\/2022\/09\/El-factor-de-caida-300x175.jpg 300w\" sizes=\"auto, (max-width: 407px) 100vw, 407px\" \/><\/figure>\n\n\n\n<h3 class=\"wp-block-heading\" id=\"suspension\">El efecto p\u00e9ndulo<\/h3>\n\n\n\n<p>El efecto p\u00e9ndulo representa el riesgo de desplazamiento lateral del usuario en caso de ca\u00edda. Puede llevar a la colisi\u00f3n contra el suelo o un obst\u00e1culo y provocar graves lesiones. Es conveniente situar el punto de anclaje del cabestro lo m\u00e1s lejos posible de un obst\u00e1culo y evitar estar en situaci\u00f3n de ca\u00edda de factor 2.<\/p>\n\n\n\n<figure class=\"wp-block-image size-full is-resized\"><img loading=\"lazy\" decoding=\"async\" src=\"https:\/\/master.myweb-fm.com\/wp-content\/uploads\/2022\/09\/pendulum-effect.jpg\" alt=\"\" class=\"wp-image-1852\" width=\"194\" height=\"209\" srcset=\"https:\/\/master.myweb-fm.com\/wp-content\/uploads\/2022\/09\/pendulum-effect.jpg 314w, https:\/\/master.myweb-fm.com\/wp-content\/uploads\/2022\/09\/pendulum-effect-279x300.jpg 279w\" sizes=\"auto, (max-width: 194px) 100vw, 194px\" \/><\/figure>\n\n\n\n<h3 class=\"wp-block-heading\" id=\"suspension\">La altura del vac\u00edo<\/h3>\n\n\n\n<p>La altura del vac\u00edo es la distancia necesaria entre el punto de anclaje y la superficie del suelo. Depende de la posici\u00f3n del punto de anclaje y del dispositivo antica\u00edda elegido. La altura del vac\u00edo disponible es la distancia entre la estructura sobre la que trabaja el usuario y el obst\u00e1culo m\u00e1s pr\u00f3ximo. La altura de vac\u00edo requerida es la distancia m\u00ednima para que un usuario caiga sin riesgo de golpear el suelo o el obst\u00e1culo m\u00e1s pr\u00f3ximo.<\/p>\n\n\n\n<figure class=\"wp-block-image size-full is-resized\"><img loading=\"lazy\" decoding=\"async\" src=\"https:\/\/master.myweb-fm.com\/wp-content\/uploads\/2022\/09\/La-altura-del-vacio.jpg\" alt=\"\" class=\"wp-image-1964\" width=\"406\" height=\"237\" srcset=\"https:\/\/master.myweb-fm.com\/wp-content\/uploads\/2022\/09\/La-altura-del-vacio.jpg 580w, https:\/\/master.myweb-fm.com\/wp-content\/uploads\/2022\/09\/La-altura-del-vacio-300x175.jpg 300w\" sizes=\"auto, (max-width: 406px) 100vw, 406px\" \/><\/figure>\n\n\n\n<h2 class=\"wp-block-heading\" id=\"Verificaci\u00f3n-de-los-EPI\">Verificaci\u00f3n de los EPI<\/h2>\n\n\n\n<p>Como todos los equipos de obra, los equipos de protecci\u00f3n individual (EPI) se ven sometidos al desgaste, al degradado, a la suciedad, etc. Para mantener la conformidad con la legislaci\u00f3n y estar seguro de utilizar equipos en perfecto estado, todos los EPI deben ser verificados anualmente. El acta de verificaci\u00f3n deber\u00e1 consignarse en el registro de seguridad. En caso de duda, retire inmediatamente de la circulaci\u00f3n cualquier producto.<\/p>\n\n\n\n<p>Se deben efectuar dos tipos de control independientemente de la situaci\u00f3n, con el fin de asegurar mejor a los usuarios:<\/p>\n\n\n\n<h3 class=\"wp-block-heading\" id=\"suspension\">1. Primer control por el usuario antes de cualquier uso del EPI<\/h3>\n\n\n\n<p>Este control r\u00e1pido debe hacerlo el usuario antes de cualquier uso del EPI para asegurarse de que \u00e9ste est\u00e9 conforme y en buen estado para asegurar una perfecta seguridad.<\/p>\n\n\n\n<p>Esta verificaci\u00f3n es obligatoria y se enmarca en el decreto del 19 de marzo de 1993 &#8211; art\u00edculo R. 233-42-2 del c\u00f3digo del trabajo franc\u00e9s. Este control requiere que cada usuario est\u00e9 formado y sensibilizado en la detecci\u00f3n de los problemas de sus materiales EPI.<\/p>\n\n\n\n<h3 class=\"wp-block-heading\" id=\"suspension\">2. Segunda verificaci\u00f3n peri\u00f3dica anual de los equipos<\/h3>\n\n\n\n<p>Es obligatorio que profesionales competentes realicen una verificaci\u00f3n de sus equipos con periodicidad anual. Este control es indispensable para garantizar la seguridad de los empleados en su trabajo.<\/p>\n\n\n\n<p>Los controles de sus EPI deben ser realizados por personas competentes: empleados u organismos externos. \u00c9stos deben ser formados espec\u00edficamente para realizar las verificaciones adecuadas de sus equipos de protecci\u00f3n individual.<\/p>\n\n\n\n<p>Si no se observa ninguna anomal\u00eda, se entrega a la empresa un certificado de control EPI en el que se atesta la conformidad de los equipos usados.<\/p>\n\n\n\n<p><strong><mark style=\"background-color:#ffffff\" class=\"has-inline-color has-luminous-vivid-orange-color\">Les ofrecemos sesiones de verificaci\u00f3n de los EPI realizadas por nuestros expertos del trabajo en altura con el fin de asegurar el seguimiento y mantenimiento de los productos en las mejores condiciones.<\/mark><\/strong><\/p>\n\n\n\n<p>Un sistema de registro de sus EPI est\u00e1 disponible en nuestro sitio web. Recibir\u00e1 por correo electr\u00f3nico sus certificados de registro, alertas sobre las fechas de verificaci\u00f3n e informaci\u00f3n sobre reglamento y normativas.<\/p>\n\n\n\n<div class=\"wp-block-columns is-layout-flex wp-container-core-columns-is-layout-9d6595d7 wp-block-columns-is-layout-flex\">\n<div class=\"wp-block-column is-layout-flow wp-block-column-is-layout-flow\"><div class=\"mycms-richdownload\"><h3 class=\"mycms-txt--h3 mycms-txt--color-onyx mycms-txt--uppercase mycms-margin-bottom--40\">Catalogue 1<\/h3><p><a href=\"\" title=\"\" data-filename=\"\" data-doctype=\"\" class=\"mycms-link mycms-link--download\" target=\"_blank\">Descargar<\/a><\/p><\/div><\/div>\n\n\n\n<div class=\"wp-block-column is-layout-flow wp-block-column-is-layout-flow\"><div class=\"mycms-richdownload\"><h3 class=\"mycms-txt--h3 mycms-txt--color-onyx mycms-txt--uppercase mycms-margin-bottom--40\">Catalogar UNYC<\/h3><p><a href=\"\" title=\"\" data-filename=\"\" data-doctype=\"\" class=\"mycms-link mycms-link--download\" target=\"_blank\">Descargar<\/a><\/p><\/div><\/div>\n\n\n\n<div class=\"wp-block-column is-layout-flow wp-block-column-is-layout-flow\"><section class=\"section-group\">\n<div class=\"wp-block-group is-layout-flow wp-block-group-is-layout-flow\"><div class=\"mycms-richdownload\"><h3 class=\"mycms-txt--h3 mycms-txt--color-onyx mycms-txt--uppercase mycms-margin-bottom--40\">Catalogue 3 &#8211; aligner gauche<\/h3><p><a href=\"\" title=\"\" data-filename=\"\" data-doctype=\"\" class=\"mycms-link mycms-link--download\" target=\"_blank\">Descargar<\/a><\/p><\/div><\/div>\n<\/section><\/div>\n<\/div>\n<\/div>\n<\/section>\n\n","protected":false},"excerpt":{"rendered":"<p>Muchos trabajadores tienen que trabajar en altura: profesionales de la industria de la construcci\u00f3n, personal de redes el\u00e9ctricas, personal de mantenimiento y t\u00e9cnicos de mantenimiento de las empresas&#8230; Las ca\u00eddas desde altura son la mayor de las causas de accidentes mortales en el trabajo. Cuando es t\u00e9cnicamente imposible implementar la protecci\u00f3n colectiva, el uso de [&hellip;]<\/p>\n","protected":false},"author":1,"featured_media":0,"parent":0,"menu_order":0,"comment_status":"closed","ping_status":"closed","template":"","meta":{"_acf_changed":false,"footnotes":""},"class_list":["post-1234","page","type-page","status-publish","hentry"],"acf":[],"yoast_head":"<!-- This site is optimized with the Yoast SEO plugin v27.3 - https:\/\/yoast.com\/product\/yoast-seo-wordpress\/ -->\n<title>EPI antica\u00edda: \u00bfc\u00f3mo elegir bien? - Instance master - Old Unyc<\/title>\n<meta name=\"robots\" content=\"noindex, follow, max-snippet:-1, max-image-preview:large, max-video-preview:-1\" \/>\n<meta property=\"og:locale\" content=\"es_ES\" \/>\n<meta property=\"og:type\" content=\"article\" \/>\n<meta property=\"og:title\" content=\"EPI antica\u00edda: \u00bfc\u00f3mo elegir bien? - Instance master - Old Unyc\" \/>\n<meta property=\"og:description\" content=\"Muchos trabajadores tienen que trabajar en altura: profesionales de la industria de la construcci\u00f3n, personal de redes el\u00e9ctricas, personal de mantenimiento y t\u00e9cnicos de mantenimiento de las empresas&#8230; Las ca\u00eddas desde altura son la mayor de las causas de accidentes mortales en el trabajo. Cuando es t\u00e9cnicamente imposible implementar la protecci\u00f3n colectiva, el uso de [&hellip;]\" \/>\n<meta property=\"og:url\" content=\"https:\/\/master.myweb-fm.com\/es\/epi-anticaida-como-elegir-bien\/\" \/>\n<meta property=\"og:site_name\" content=\"Instance master - Old Unyc\" \/>\n<meta property=\"article:modified_time\" content=\"2023-07-26T09:24:48+00:00\" \/>\n<meta property=\"og:image\" content=\"https:\/\/master.myweb-fm.com\/wp-content\/uploads\/2022\/07\/Image_banner_edito@2x-1024x369.jpg\" \/>\n<meta name=\"twitter:card\" content=\"summary_large_image\" \/>\n<meta name=\"twitter:label1\" content=\"Tiempo de lectura\" \/>\n\t<meta name=\"twitter:data1\" content=\"7 minutos\" \/>\n<script type=\"application\/ld+json\" class=\"yoast-schema-graph\">{\"@context\":\"https:\\\/\\\/schema.org\",\"@graph\":[{\"@type\":\"WebPage\",\"@id\":\"https:\\\/\\\/master.myweb-fm.com\\\/es\\\/epi-anticaida-como-elegir-bien\\\/\",\"url\":\"https:\\\/\\\/master.myweb-fm.com\\\/es\\\/epi-anticaida-como-elegir-bien\\\/\",\"name\":\"EPI antica\u00edda: \u00bfc\u00f3mo elegir bien? - Instance master - Old Unyc\",\"isPartOf\":{\"@id\":\"https:\\\/\\\/master.myweb-fm.com\\\/es\\\/#website\"},\"primaryImageOfPage\":{\"@id\":\"https:\\\/\\\/master.myweb-fm.com\\\/es\\\/epi-anticaida-como-elegir-bien\\\/#primaryimage\"},\"image\":{\"@id\":\"https:\\\/\\\/master.myweb-fm.com\\\/es\\\/epi-anticaida-como-elegir-bien\\\/#primaryimage\"},\"thumbnailUrl\":\"https:\\\/\\\/master.myweb-fm.com\\\/wp-content\\\/uploads\\\/2022\\\/07\\\/Image_banner_edito@2x-1024x369.jpg\",\"datePublished\":\"2022-08-09T07:19:28+00:00\",\"dateModified\":\"2023-07-26T09:24:48+00:00\",\"inLanguage\":\"es\",\"potentialAction\":[{\"@type\":\"ReadAction\",\"target\":[\"https:\\\/\\\/master.myweb-fm.com\\\/es\\\/epi-anticaida-como-elegir-bien\\\/\"]}]},{\"@type\":\"ImageObject\",\"inLanguage\":\"es\",\"@id\":\"https:\\\/\\\/master.myweb-fm.com\\\/es\\\/epi-anticaida-como-elegir-bien\\\/#primaryimage\",\"url\":\"https:\\\/\\\/master.myweb-fm.com\\\/wp-content\\\/uploads\\\/2022\\\/07\\\/Image_banner_edito@2x-1024x369.jpg\",\"contentUrl\":\"https:\\\/\\\/master.myweb-fm.com\\\/wp-content\\\/uploads\\\/2022\\\/07\\\/Image_banner_edito@2x-1024x369.jpg\"},{\"@type\":\"WebSite\",\"@id\":\"https:\\\/\\\/master.myweb-fm.com\\\/es\\\/#website\",\"url\":\"https:\\\/\\\/master.myweb-fm.com\\\/es\\\/\",\"name\":\"Instance master - Old Unyc\",\"description\":\"Fr\u00e9n\u00e9hard &amp; Michaux\",\"potentialAction\":[{\"@type\":\"SearchAction\",\"target\":{\"@type\":\"EntryPoint\",\"urlTemplate\":\"https:\\\/\\\/master.myweb-fm.com\\\/es\\\/?s={search_term_string}\"},\"query-input\":{\"@type\":\"PropertyValueSpecification\",\"valueRequired\":true,\"valueName\":\"search_term_string\"}}],\"inLanguage\":\"es\"}]}<\/script>\n<!-- \/ Yoast SEO plugin. -->","yoast_head_json":{"title":"EPI antica\u00edda: \u00bfc\u00f3mo elegir bien? - Instance master - Old Unyc","robots":{"index":"noindex","follow":"follow","max-snippet":"max-snippet:-1","max-image-preview":"max-image-preview:large","max-video-preview":"max-video-preview:-1"},"og_locale":"es_ES","og_type":"article","og_title":"EPI antica\u00edda: \u00bfc\u00f3mo elegir bien? - Instance master - Old Unyc","og_description":"Muchos trabajadores tienen que trabajar en altura: profesionales de la industria de la construcci\u00f3n, personal de redes el\u00e9ctricas, personal de mantenimiento y t\u00e9cnicos de mantenimiento de las empresas&#8230; Las ca\u00eddas desde altura son la mayor de las causas de accidentes mortales en el trabajo. Cuando es t\u00e9cnicamente imposible implementar la protecci\u00f3n colectiva, el uso de [&hellip;]","og_url":"https:\/\/master.myweb-fm.com\/es\/epi-anticaida-como-elegir-bien\/","og_site_name":"Instance master - Old Unyc","article_modified_time":"2023-07-26T09:24:48+00:00","og_image":[{"url":"https:\/\/master.myweb-fm.com\/wp-content\/uploads\/2022\/07\/Image_banner_edito@2x-1024x369.jpg","type":"","width":"","height":""}],"twitter_card":"summary_large_image","twitter_misc":{"Tiempo de lectura":"7 minutos"},"schema":{"@context":"https:\/\/schema.org","@graph":[{"@type":"WebPage","@id":"https:\/\/master.myweb-fm.com\/es\/epi-anticaida-como-elegir-bien\/","url":"https:\/\/master.myweb-fm.com\/es\/epi-anticaida-como-elegir-bien\/","name":"EPI antica\u00edda: \u00bfc\u00f3mo elegir bien? - Instance master - Old Unyc","isPartOf":{"@id":"https:\/\/master.myweb-fm.com\/es\/#website"},"primaryImageOfPage":{"@id":"https:\/\/master.myweb-fm.com\/es\/epi-anticaida-como-elegir-bien\/#primaryimage"},"image":{"@id":"https:\/\/master.myweb-fm.com\/es\/epi-anticaida-como-elegir-bien\/#primaryimage"},"thumbnailUrl":"https:\/\/master.myweb-fm.com\/wp-content\/uploads\/2022\/07\/Image_banner_edito@2x-1024x369.jpg","datePublished":"2022-08-09T07:19:28+00:00","dateModified":"2023-07-26T09:24:48+00:00","inLanguage":"es","potentialAction":[{"@type":"ReadAction","target":["https:\/\/master.myweb-fm.com\/es\/epi-anticaida-como-elegir-bien\/"]}]},{"@type":"ImageObject","inLanguage":"es","@id":"https:\/\/master.myweb-fm.com\/es\/epi-anticaida-como-elegir-bien\/#primaryimage","url":"https:\/\/master.myweb-fm.com\/wp-content\/uploads\/2022\/07\/Image_banner_edito@2x-1024x369.jpg","contentUrl":"https:\/\/master.myweb-fm.com\/wp-content\/uploads\/2022\/07\/Image_banner_edito@2x-1024x369.jpg"},{"@type":"WebSite","@id":"https:\/\/master.myweb-fm.com\/es\/#website","url":"https:\/\/master.myweb-fm.com\/es\/","name":"Instance master - Old Unyc","description":"Fr\u00e9n\u00e9hard &amp; Michaux","potentialAction":[{"@type":"SearchAction","target":{"@type":"EntryPoint","urlTemplate":"https:\/\/master.myweb-fm.com\/es\/?s={search_term_string}"},"query-input":{"@type":"PropertyValueSpecification","valueRequired":true,"valueName":"search_term_string"}}],"inLanguage":"es"}]}},"_links":{"self":[{"href":"https:\/\/master.myweb-fm.com\/es\/wp-json\/wp\/v2\/pages\/1234","targetHints":{"allow":["GET"]}}],"collection":[{"href":"https:\/\/master.myweb-fm.com\/es\/wp-json\/wp\/v2\/pages"}],"about":[{"href":"https:\/\/master.myweb-fm.com\/es\/wp-json\/wp\/v2\/types\/page"}],"author":[{"embeddable":true,"href":"https:\/\/master.myweb-fm.com\/es\/wp-json\/wp\/v2\/users\/1"}],"replies":[{"embeddable":true,"href":"https:\/\/master.myweb-fm.com\/es\/wp-json\/wp\/v2\/comments?post=1234"}],"version-history":[{"count":1,"href":"https:\/\/master.myweb-fm.com\/es\/wp-json\/wp\/v2\/pages\/1234\/revisions"}],"predecessor-version":[{"id":8169,"href":"https:\/\/master.myweb-fm.com\/es\/wp-json\/wp\/v2\/pages\/1234\/revisions\/8169"}],"wp:attachment":[{"href":"https:\/\/master.myweb-fm.com\/es\/wp-json\/wp\/v2\/media?parent=1234"}],"curies":[{"name":"wp","href":"https:\/\/api.w.org\/{rel}","templated":true}]}}