{"id":1229,"date":"2022-08-09T09:04:44","date_gmt":"2022-08-09T07:04:44","guid":{"rendered":"https:\/\/master.myweb-fm.com\/contacto\/"},"modified":"2022-12-01T17:36:13","modified_gmt":"2022-12-01T16:36:13","slug":"contacto","status":"publish","type":"page","link":"https:\/\/master.myweb-fm.com\/es\/contacto\/","title":{"rendered":"Contacto"},"content":{"rendered":"\n<p class=\"has-text-align-center\">\u00bfNecesita ayuda? Nuestros equipos est\u00e1n a su disposici\u00f3n.<\/p>\n\n\n\n<p class=\"has-text-align-center\">Para ayudarnos a satisfacer sus expectativas, p\u00f3ngase en contacto con nosotros rellenando el formulario siguiente. Su mensaje se transmitir\u00e1 al departamento correspondiente que tramitar\u00e1 su solicitud.<\/p>\n\n\n\n<div style=\"height:50px\" aria-hidden=\"true\" class=\"wp-block-spacer\"><\/div>\n\n\n\n<div class=\"wp-block-columns has-mycms-white-background-color has-background is-layout-flex wp-container-core-columns-is-layout-9d6595d7 wp-block-columns-is-layout-flex\">\n<div class=\"wp-block-column is-layout-flow wp-block-column-is-layout-flow\">\n<div class=\"wpcf7 no-js\" id=\"wpcf7-f1268-o1\" lang=\"es-ES\" dir=\"ltr\" data-wpcf7-id=\"1268\">\n<div class=\"screen-reader-response\"><p role=\"status\" aria-live=\"polite\" aria-atomic=\"true\"><\/p> <ul><\/ul><\/div>\n<form action=\"\/es\/wp-json\/wp\/v2\/pages\/1229#wpcf7-f1268-o1\" method=\"post\" class=\"wpcf7-form init form contact-form mycms-form wpcf7-acceptance-as-validation\" aria-label=\"Formulario de contacto\" novalidate=\"novalidate\" data-status=\"init\">\n<fieldset class=\"hidden-fields-container\"><input type=\"hidden\" name=\"_wpcf7\" value=\"1268\" \/><input type=\"hidden\" name=\"_wpcf7_version\" value=\"6.1.5\" \/><input type=\"hidden\" name=\"_wpcf7_locale\" value=\"es_ES\" \/><input type=\"hidden\" name=\"_wpcf7_unit_tag\" value=\"wpcf7-f1268-o1\" \/><input type=\"hidden\" name=\"_wpcf7_container_post\" value=\"0\" \/><input type=\"hidden\" name=\"_wpcf7_posted_data_hash\" value=\"\" \/><input type=\"hidden\" name=\"_wpcf7cf_hidden_group_fields\" value=\"[]\" \/><input type=\"hidden\" name=\"_wpcf7cf_hidden_groups\" value=\"[]\" \/><input type=\"hidden\" name=\"_wpcf7cf_visible_groups\" value=\"[]\" \/><input type=\"hidden\" name=\"_wpcf7cf_repeaters\" value=\"[]\" \/><input type=\"hidden\" name=\"_wpcf7cf_steps\" value=\"{}\" \/><input type=\"hidden\" name=\"_wpcf7cf_options\" value=\"{&quot;form_id&quot;:1268,&quot;conditions&quot;:[],&quot;settings&quot;:{&quot;animation&quot;:&quot;yes&quot;,&quot;animation_intime&quot;:200,&quot;animation_outtime&quot;:200,&quot;conditions_ui&quot;:&quot;normal&quot;,&quot;notice_dismissed&quot;:false}}\" \/>\n<\/fieldset>\n<span class=\"mycsm-legend\">* Campos obligatorios<\/span>\n\n<label class=\"mycms-form--label required\">Nombre <\/label>\n<span class=\"wpcf7-form-control-wrap\" data-name=\"your-lastname\"><input size=\"40\" maxlength=\"400\" class=\"wpcf7-form-control wpcf7-text wpcf7-validates-as-required\" aria-required=\"true\" aria-invalid=\"false\" value=\"\" type=\"text\" name=\"your-lastname\" \/><\/span>\n\n<label class=\"mycms-form--label required\">Apellido <\/label>\n<span class=\"wpcf7-form-control-wrap\" data-name=\"your-firstname\"><input size=\"40\" maxlength=\"400\" class=\"wpcf7-form-control wpcf7-text wpcf7-validates-as-required\" aria-required=\"true\" aria-invalid=\"false\" value=\"\" type=\"text\" name=\"your-firstname\" \/><\/span>\n\n<label class=\"mycms-form--label required\">Correo electr\u00f3nico<\/label>\n<span class=\"wpcf7-form-control-wrap\" data-name=\"your-email\"><input size=\"40\" maxlength=\"400\" class=\"wpcf7-form-control wpcf7-email wpcf7-validates-as-required wpcf7-text wpcf7-validates-as-email\" aria-required=\"true\" aria-invalid=\"false\" value=\"\" type=\"email\" name=\"your-email\" \/><\/span>\n\n<label class=\"mycms-form--label required\"> Tel<\/label>\n<span class=\"wpcf7-form-control-wrap\" data-name=\"your-phone\"><input size=\"40\" maxlength=\"400\" class=\"wpcf7-form-control wpcf7-tel wpcf7-validates-as-required wpcf7-text wpcf7-validates-as-tel\" aria-required=\"true\" aria-invalid=\"false\" value=\"\" type=\"tel\" name=\"your-phone\" \/><\/span>\n\n<label class=\"mycms-form--label required\"> Distribuidor habitual<\/label>\n<span class=\"wpcf7-form-control-wrap reseller\" data-name=\"reseller\"><select type=\"select\" name=\"reseller\" class=\"wpcf7-form-control wpcf7-resellers wpcf7-validates-as-required wpcf7-reseller\" aria-invalid=\"false\" aria-required=\"true\" ><option value=\"-1\">Seleccione<\/option><option value=\"COFAQ\">COFAQ<\/option><option value=\"Descours &#038; Cabaud\">Descours &#038; Cabaud<\/option><option value=\"Gamesystem\">Gamesystem<\/option><option value=\"Master Pro\">Master Pro<\/option><option value=\"X\">X<\/option><\/select><\/span>\n\n<label class=\"mycms-form--label required\"> Mensaje<\/label>\n<span class=\"wpcf7-form-control-wrap\" data-name=\"your-message\"><textarea cols=\"40\" rows=\"10\" maxlength=\"2000\" class=\"wpcf7-form-control wpcf7-textarea wpcf7-validates-as-required\" aria-required=\"true\" aria-invalid=\"false\" name=\"your-message\"><\/textarea><\/span>\n\n<span class=\"wpcf7-form-control-wrap\" data-name=\"your-consent\"><span class=\"wpcf7-form-control wpcf7-acceptance optional\"><span class=\"wpcf7-list-item\"><label><input type=\"checkbox\" name=\"your-consent\" value=\"1\" aria-invalid=\"false\" \/><span class=\"wpcf7-list-item-label\">Acepto recibir las ofertas de UNYC por correo electr\u00f3nico<\/span><\/label><\/span><\/span><\/span>\n\n<span class=\"wpcf7-form-control-wrap\" data-name=\"rgpd-contact\"><span class=\"wpcf7-form-control wpcf7-acceptance\"><span class=\"wpcf7-list-item\"><label><input type=\"checkbox\" name=\"rgpd-contact\" value=\"1\" class=\"optin\" id=\"rgpd-contact\" aria-invalid=\"false\" \/><span class=\"wpcf7-list-item-label\"><label class=\"mycms-form--label required\">Acepto las <a href='\/es\/condiciones-generales-de-uso' target='_blank'>condiciones de uso<\/a> y la <a href='\/es\/politica-de-privacidad' target='_blank'>pol\u00edtica de privacidad<\/a> del sitio<\/label><\/span><\/label><\/span><\/span><\/span>\n\n<span id=\"wpcf7-69ddfc059bd7a-wrapper\" class=\"wpcf7-form-control-wrap lieudenaissance-wrap\" ><input type=\"hidden\" name=\"lieudenaissance-time-start\" value=\"1776155653\"><input type=\"hidden\" name=\"lieudenaissance-time-check\" value=\"3\"><input id=\"wpcf7-69ddfc059bd7a-field\"  class=\"wpcf7-form-control wpcf7-text\" type=\"text\" name=\"lieudenaissance\" value=\"\" size=\"40\" tabindex=\"-1\" autocomplete=\"off\" \/><\/span>\n\n<input class=\"wpcf7-form-control wpcf7-submit has-spinner\" type=\"submit\" value=\"Enviar\" \/><div class=\"wpcf7-response-output\" aria-hidden=\"true\"><\/div>\n<\/form>\n<\/div>\n\n<\/div>\n\n\n\n<div class=\"wp-block-column is-layout-flow wp-block-column-is-layout-flow\">    <div class=\"mycms-mediatextphone mediatextphone\">\n                    <div class=\"mycms-mediatextphone--media\">\n        <img loading=\"lazy\" decoding=\"async\" width=\"350\" height=\"295\" src=\"https:\/\/master.myweb-fm.com\/wp-content\/uploads\/2022\/07\/IMG_contact.jpg\" class=\"attachment-full size-full\" alt=\"\" srcset=\"https:\/\/master.myweb-fm.com\/wp-content\/uploads\/2022\/07\/IMG_contact.jpg 350w, https:\/\/master.myweb-fm.com\/wp-content\/uploads\/2022\/07\/IMG_contact-300x253.jpg 300w\" sizes=\"auto, (max-width: 350px) 100vw, 350px\" \/>                <\/div>\n                    <div class=\"mycms-mediatextphone--description\">\n                <div class=\"mycms-txt mycms-txt--color-onyx-light\">Contactenos con nosotros :\r\n<a href=\"mailto:contact@unyc.com\">contact@unyc.com<\/a><\/div><a class=\"mycms-link-more phone-cta-display\" href=\"#\" title=\"+33 (0) 4 80 16 10 08\">Ver n\u00famero de tel\u00e9fono<\/a><a class=\"mycms-link-more phone-cta hidden\" href=\"tel:330480161008\" title=\"+33 (0) 4 80 16 10 08\">+33 (0) 4 80 16 10 08<\/a>                    <\/div>\n                                    <div class=\"mycms-mediatextphone--border-bottom\"><\/div>\n    <\/div>\n<\/div>\n<\/div>\n\n\n","protected":false},"excerpt":{"rendered":"<p>\u00bfNecesita ayuda? Nuestros equipos est\u00e1n a su disposici\u00f3n. Para ayudarnos a satisfacer sus expectativas, p\u00f3ngase en contacto con nosotros rellenando el formulario siguiente. Su mensaje se transmitir\u00e1 al departamento correspondiente que tramitar\u00e1 su solicitud.<\/p>\n","protected":false},"author":1,"featured_media":0,"parent":0,"menu_order":0,"comment_status":"closed","ping_status":"closed","template":"","meta":{"_acf_changed":false,"footnotes":""},"class_list":["post-1229","page","type-page","status-publish","hentry"],"acf":[],"yoast_head":"<!-- This site is optimized with the Yoast SEO plugin v27.3 - https:\/\/yoast.com\/product\/yoast-seo-wordpress\/ -->\n<title>Contacto - Instance master - Old Unyc<\/title>\n<meta name=\"robots\" content=\"noindex, follow, max-snippet:-1, max-image-preview:large, max-video-preview:-1\" \/>\n<meta property=\"og:locale\" content=\"es_ES\" \/>\n<meta property=\"og:type\" content=\"article\" \/>\n<meta property=\"og:title\" content=\"Contacto - Instance master - Old Unyc\" \/>\n<meta property=\"og:description\" content=\"\u00bfNecesita ayuda? Nuestros equipos est\u00e1n a su disposici\u00f3n. Para ayudarnos a satisfacer sus expectativas, p\u00f3ngase en contacto con nosotros rellenando el formulario siguiente. Su mensaje se transmitir\u00e1 al departamento correspondiente que tramitar\u00e1 su solicitud.\" \/>\n<meta property=\"og:url\" content=\"https:\/\/master.myweb-fm.com\/es\/contacto\/\" \/>\n<meta property=\"og:site_name\" content=\"Instance master - Old Unyc\" \/>\n<meta property=\"article:modified_time\" content=\"2022-12-01T16:36:13+00:00\" \/>\n<meta name=\"twitter:card\" content=\"summary_large_image\" \/>\n<meta name=\"twitter:label1\" content=\"Tiempo de lectura\" \/>\n\t<meta name=\"twitter:data1\" content=\"1 minuto\" \/>\n<script type=\"application\/ld+json\" class=\"yoast-schema-graph\">{\"@context\":\"https:\\\/\\\/schema.org\",\"@graph\":[{\"@type\":\"WebPage\",\"@id\":\"https:\\\/\\\/master.myweb-fm.com\\\/es\\\/contacto\\\/\",\"url\":\"https:\\\/\\\/master.myweb-fm.com\\\/es\\\/contacto\\\/\",\"name\":\"Contacto - Instance master - Old Unyc\",\"isPartOf\":{\"@id\":\"https:\\\/\\\/master.myweb-fm.com\\\/es\\\/#website\"},\"datePublished\":\"2022-08-09T07:04:44+00:00\",\"dateModified\":\"2022-12-01T16:36:13+00:00\",\"inLanguage\":\"es\",\"potentialAction\":[{\"@type\":\"ReadAction\",\"target\":[\"https:\\\/\\\/master.myweb-fm.com\\\/es\\\/contacto\\\/\"]}]},{\"@type\":\"WebSite\",\"@id\":\"https:\\\/\\\/master.myweb-fm.com\\\/es\\\/#website\",\"url\":\"https:\\\/\\\/master.myweb-fm.com\\\/es\\\/\",\"name\":\"Instance master - Old Unyc\",\"description\":\"Fr\u00e9n\u00e9hard &amp; Michaux\",\"potentialAction\":[{\"@type\":\"SearchAction\",\"target\":{\"@type\":\"EntryPoint\",\"urlTemplate\":\"https:\\\/\\\/master.myweb-fm.com\\\/es\\\/?s={search_term_string}\"},\"query-input\":{\"@type\":\"PropertyValueSpecification\",\"valueRequired\":true,\"valueName\":\"search_term_string\"}}],\"inLanguage\":\"es\"}]}<\/script>\n<!-- \/ Yoast SEO plugin. -->","yoast_head_json":{"title":"Contacto - Instance master - Old Unyc","robots":{"index":"noindex","follow":"follow","max-snippet":"max-snippet:-1","max-image-preview":"max-image-preview:large","max-video-preview":"max-video-preview:-1"},"og_locale":"es_ES","og_type":"article","og_title":"Contacto - Instance master - Old Unyc","og_description":"\u00bfNecesita ayuda? Nuestros equipos est\u00e1n a su disposici\u00f3n. Para ayudarnos a satisfacer sus expectativas, p\u00f3ngase en contacto con nosotros rellenando el formulario siguiente. Su mensaje se transmitir\u00e1 al departamento correspondiente que tramitar\u00e1 su solicitud.","og_url":"https:\/\/master.myweb-fm.com\/es\/contacto\/","og_site_name":"Instance master - Old Unyc","article_modified_time":"2022-12-01T16:36:13+00:00","twitter_card":"summary_large_image","twitter_misc":{"Tiempo de lectura":"1 minuto"},"schema":{"@context":"https:\/\/schema.org","@graph":[{"@type":"WebPage","@id":"https:\/\/master.myweb-fm.com\/es\/contacto\/","url":"https:\/\/master.myweb-fm.com\/es\/contacto\/","name":"Contacto - Instance master - Old Unyc","isPartOf":{"@id":"https:\/\/master.myweb-fm.com\/es\/#website"},"datePublished":"2022-08-09T07:04:44+00:00","dateModified":"2022-12-01T16:36:13+00:00","inLanguage":"es","potentialAction":[{"@type":"ReadAction","target":["https:\/\/master.myweb-fm.com\/es\/contacto\/"]}]},{"@type":"WebSite","@id":"https:\/\/master.myweb-fm.com\/es\/#website","url":"https:\/\/master.myweb-fm.com\/es\/","name":"Instance master - Old Unyc","description":"Fr\u00e9n\u00e9hard &amp; Michaux","potentialAction":[{"@type":"SearchAction","target":{"@type":"EntryPoint","urlTemplate":"https:\/\/master.myweb-fm.com\/es\/?s={search_term_string}"},"query-input":{"@type":"PropertyValueSpecification","valueRequired":true,"valueName":"search_term_string"}}],"inLanguage":"es"}]}},"_links":{"self":[{"href":"https:\/\/master.myweb-fm.com\/es\/wp-json\/wp\/v2\/pages\/1229","targetHints":{"allow":["GET"]}}],"collection":[{"href":"https:\/\/master.myweb-fm.com\/es\/wp-json\/wp\/v2\/pages"}],"about":[{"href":"https:\/\/master.myweb-fm.com\/es\/wp-json\/wp\/v2\/types\/page"}],"author":[{"embeddable":true,"href":"https:\/\/master.myweb-fm.com\/es\/wp-json\/wp\/v2\/users\/1"}],"replies":[{"embeddable":true,"href":"https:\/\/master.myweb-fm.com\/es\/wp-json\/wp\/v2\/comments?post=1229"}],"version-history":[{"count":0,"href":"https:\/\/master.myweb-fm.com\/es\/wp-json\/wp\/v2\/pages\/1229\/revisions"}],"wp:attachment":[{"href":"https:\/\/master.myweb-fm.com\/es\/wp-json\/wp\/v2\/media?parent=1229"}],"curies":[{"name":"wp","href":"https:\/\/api.w.org\/{rel}","templated":true}]}}