{"id":1226,"date":"2022-08-09T09:03:06","date_gmt":"2022-08-09T07:03:06","guid":{"rendered":"https:\/\/master.myweb-fm.com\/accueil\/"},"modified":"2023-08-22T09:56:26","modified_gmt":"2023-08-22T07:56:26","slug":"accueil","status":"publish","type":"page","link":"https:\/\/master.myweb-fm.com\/es\/","title":{"rendered":"Accueil"},"content":{"rendered":"<div class=\"n2_clear\"><ss3-force-full-width data-overflow-x=\"body\" data-horizontal-selector=\"body\"><div class=\"n2-section-smartslider fitvidsignore mycms-sliders n2_clear\" data-ssid=\"4\"><div id=\"n2-ss-4-align\" class=\"n2-ss-align\"><div class=\"n2-padding\"><div id=\"n2-ss-4\" data-creator=\"Smart Slider 3\" data-responsive=\"fullwidth\" class=\"n2-ss-slider n2-ow n2-has-hover n2notransition  \">\n        <div class=\"n2-ss-slider-1 n2_ss__touch_element n2-ow\">\n            <div class=\"n2-ss-slider-2 n2-ow\">\n                                                <div class=\"n2-ss-slider-3 n2-ow\">\n\n                    <div class=\"n2-ss-slide-backgrounds n2-ow-all\"><div class=\"n2-ss-slide-background\" data-public-id=\"1\" data-mode=\"fill\"><div data-color=\"RGBA(255,255,255,0)\" style=\"background-color: RGBA(255,255,255,0);\" class=\"n2-ss-slide-background-color\"><\/div><\/div><\/div>                    <div class=\"n2-ss-slider-4 n2-ow\">\n                        <svg xmlns=\"http:\/\/www.w3.org\/2000\/svg\" viewBox=\"0 0 1440 540\" data-related-device=\"desktopPortrait\" class=\"n2-ow n2-ss-preserve-size n2-ss-preserve-size--slider n2-ss-slide-limiter\"><\/svg><div data-first=\"1\" data-slide-duration=\"0\" data-id=\"9\" data-slide-public-id=\"1\" data-title=\"Nos produits Unycs\" data-haslink=\"1\" data-href=\"https:\/\/master.myweb-fm.com\/es\/catalogo\/\" tabindex=\"0\" role=\"button\" data-n2click=\"url\" data-force-pointer=\"\" class=\"n2-ss-slide n2-ow  n2-ss-slide-9\"><div role=\"note\" class=\"n2-ss-slide--focus\">Nos produits Unycs<\/div><div class=\"n2-ss-layers-container n2-ss-slide-limiter n2-ow\"><div class=\"n2-ss-layer n2-ow n-uc-hbAS5ifcOhAE\" data-sstype=\"slide\" data-pm=\"default\"><div class=\"n2-ss-layer n2-ow n-uc-x4eKMeE1uKQ2\" data-pm=\"default\" data-sstype=\"content\" data-hasbackground=\"0\"><div class=\"n2-ss-section-main-content n2-ss-layer-with-background n2-ss-layer-content n2-ow n-uc-x4eKMeE1uKQ2-inner\"><div class=\"n2-ss-layer n2-ow n2-ss-layer--block n2-ss-has-self-align n2-ss-stretch-layer n-uc-TuFCy1Sp63Xe\" data-pm=\"normal\" data-sstype=\"row\"><div class=\"n2-ss-layer-row n2-ss-layer-with-background n-uc-TuFCy1Sp63Xe-inner\"><div class=\"n2-ss-layer-row-inner \"><div class=\"n2-ss-layer n2-ow n-uc-nmJPy9TIaIS6\" data-pm=\"default\" data-sstype=\"col\"><div class=\"n2-ss-layer-col n2-ss-layer-with-background n2-ss-layer-content n-uc-nmJPy9TIaIS6-inner\"><div class=\"n2-ss-layer n2-ow mycms-slider--title n-uc-TlmhoT1Hqmul\" data-pm=\"normal\" data-sstype=\"layer\"><div id=\"n2-ss-4item1\" class=\"n2-font-d18124044625dd535a63ff1e1665240e-hover n2-style-4f274738fd7d6b5aabc7d389914f79a2-heading   n2-ss-item-content n2-ss-text n2-ow\" style=\"display:block;\">NUESTROS PRODUCTOS UNYC <\/div><\/div><div class=\"n2-ss-layer n2-ow mycms-slider--desscription n-uc-4XfyTPhXJR60\" data-pm=\"normal\" data-sstype=\"layer\"><div class=\"n2-ss-item-content n2-ss-text n2-ow-all\"><div class=\"\"><p class=\"n2-font-0b2dbb5cbcc153b9663e67f4f7b4941d-paragraph  n2-style-f8293b450b12ef15d5c4ff97a617a3e3-heading  \">Descubra una amplia selecci\u00f3n de EPI perfectamente adaptados a las necesidades de la construcci\u00f3n y la industria.<\/p>\n<\/div><\/div><\/div><div class=\"n2-ss-layer n2-ow btn btn--primary n-uc-d2OR6QDrRCUD n2-ss-layer--auto\" data-pm=\"normal\" data-sstype=\"layer\"><div class=\"n2-ss-button-container n2-ss-item-content n2-ow n2-font-8ada01441688a7357f98d94561a81903-link  n2-ss-nowrap n2-ss-button-container--non-full-width\"><a class=\"n2-style-129c8ab2bc4c7989cc239bda1fafde23-heading  n2-ow \" href=\"https:\/\/master.myweb-fm.com\/es\/catalogo\/\"><div><div>TODOS LOS PRODUCTOS<\/div><\/div><\/a><\/div><\/div><\/div><\/div><div class=\"n2-ss-layer n2-ow n-uc-dSnrpmtWBO2h\" data-pm=\"default\" data-sstype=\"col\"><div class=\"n2-ss-layer-col n2-ss-layer-with-background n2-ss-layer-content n-uc-dSnrpmtWBO2h-inner\"><\/div><\/div><\/div><\/div><\/div><\/div><\/div><\/div><\/div><\/div>                    <\/div>\n\n                                    <\/div>\n            <\/div>\n        <\/div>\n        <\/div><ss3-loader><\/ss3-loader><\/div><\/div><div class=\"n2_clear\"><\/div><\/div><\/ss3-force-full-width><\/div>\n\n\n<div class=\"wp-block-columns mycms-content-wrapper-mycms-columns-wrapper-mycms-grid-row--mycms-grid-row--centered is-layout-flex wp-container-core-columns-is-layout-9d6595d7 wp-block-columns-is-layout-flex\">\n<div class=\"wp-block-column mycms-mediatextlink mycms-grid-column-lg-6 mycms-grid-column-md-6 mycms-grid-column-sm-2 is-layout-flow wp-block-column-is-layout-flow\">    <div class=\"mycms-mediatextlink \">\n\n        <div class=\"mycms-mediatextlink--container mediatextlink\">\n                            <div class=\"mycms-mediatextlink--media\">\n            <img loading=\"lazy\" decoding=\"async\" width=\"540\" height=\"300\" src=\"https:\/\/master.myweb-fm.com\/wp-content\/uploads\/2022\/07\/IMG_enregister.jpg\" class=\"attachment-full size-full\" alt=\"\" srcset=\"https:\/\/master.myweb-fm.com\/wp-content\/uploads\/2022\/07\/IMG_enregister.jpg 540w, https:\/\/master.myweb-fm.com\/wp-content\/uploads\/2022\/07\/IMG_enregister-300x167.jpg 300w, https:\/\/master.myweb-fm.com\/wp-content\/uploads\/2022\/07\/IMG_enregister-375x208.jpg 375w\" sizes=\"auto, (max-width: 540px) 100vw, 540px\" \/>                        <div class=\"mycms-mediatextlink--description mycms-mediatextlink--description--center\">\n                    <h2 class=\"mycms-txt--h2 mycms-txt--color-yale\">EPI antica\u00edda<\/h2><h3 class=\"mycms-txt--h3 mycms-txt--color-onyx\">\u00bfc\u00f3mo elegir bien?<\/h3><div class=\"mycms-txt mycms-txt--color-onyx-light\">Los expertos de la UNYC le ayudar\u00e1n a elegir su EPI. Descubre sus consejos profesionales.<\/div><a class=\"mycms-link mycms-link--more\" href=\"https:\/\/master.myweb-fm.com\/es\/epi-anticaida-como-elegir-bien\/\" title=\"M\u00e1s informaci\u00f3n\" >M\u00e1s informaci\u00f3n<\/a>                        <\/div>\n                    \n                    <\/div>\n                        <\/div>\n\n    <\/div>\n<\/div>\n\n\n\n<div class=\"wp-block-column mycms-mediatextlink mycms-grid-column-lg-6 mycms-grid-column-md-6 mycms-grid-column-sm-2 is-layout-flow wp-block-column-is-layout-flow\">    <div class=\"mycms-mediatextlink \">\n\n        <div class=\"mycms-mediatextlink--container mediatextlink\">\n                            <div class=\"mycms-mediatextlink--media\">\n            <img loading=\"lazy\" decoding=\"async\" width=\"540\" height=\"300\" src=\"https:\/\/master.myweb-fm.com\/wp-content\/uploads\/2022\/07\/IMG_epi.jpg\" class=\"attachment-full size-full\" alt=\"\" srcset=\"https:\/\/master.myweb-fm.com\/wp-content\/uploads\/2022\/07\/IMG_epi.jpg 540w, https:\/\/master.myweb-fm.com\/wp-content\/uploads\/2022\/07\/IMG_epi-300x167.jpg 300w, https:\/\/master.myweb-fm.com\/wp-content\/uploads\/2022\/07\/IMG_epi-375x208.jpg 375w\" sizes=\"auto, (max-width: 540px) 100vw, 540px\" \/>                        <div class=\"mycms-mediatextlink--description mycms-mediatextlink--description--center\">\n                    <h2 class=\"mycms-txt--h2 mycms-txt--color-yale\">\u00bfNecesita ayuda?<\/h2><h3 class=\"mycms-txt--h3 mycms-txt--color-onyx\"> Nuestros equipos est\u00e1n a su disposici\u00f3n<\/h3><div class=\"mycms-txt mycms-txt--color-onyx-light\">Para ayudarnos a satisfacer sus expectativas, p\u00f3ngase en contacto con nosotros rellenando el formulario siguiente.<\/div><a class=\"mycms-link mycms-link--more\" href=\"https:\/\/master.myweb-fm.com\/es\/contacto\/\" title=\"Contacto\" >Contacto<\/a>                        <\/div>\n                    \n                    <\/div>\n                        <\/div>\n\n    <\/div>\n<\/div>\n<\/div>\n\n\n\n<div style=\"height:22px\" aria-hidden=\"true\" class=\"wp-block-spacer\"><\/div>\n\n\n\n<div class=\"wp-block-columns space-bottom-0 is-layout-flex wp-container-core-columns-is-layout-9d6595d7 wp-block-columns-is-layout-flex\">\n<div class=\"wp-block-column is-layout-flow wp-block-column-is-layout-flow\">\n<figure class=\"wp-block-image is-style-mycms-bg-orange mycms-img-bg size-large  has-position-bottom-left\"><img loading=\"lazy\" decoding=\"async\" width=\"1024\" height=\"910\" src=\"https:\/\/master.myweb-fm.com\/wp-content\/uploads\/2022\/07\/IMG_a_propos@2x-1024x910.jpg\" alt=\"\" class=\"wp-image-336\" srcset=\"https:\/\/master.myweb-fm.com\/wp-content\/uploads\/2022\/07\/IMG_a_propos@2x-1024x910.jpg 1024w, https:\/\/master.myweb-fm.com\/wp-content\/uploads\/2022\/07\/IMG_a_propos@2x-600x533.jpg 600w, https:\/\/master.myweb-fm.com\/wp-content\/uploads\/2022\/07\/IMG_a_propos@2x-300x267.jpg 300w, https:\/\/master.myweb-fm.com\/wp-content\/uploads\/2022\/07\/IMG_a_propos@2x-768x683.jpg 768w, https:\/\/master.myweb-fm.com\/wp-content\/uploads\/2022\/07\/IMG_a_propos@2x-540x480.jpg 540w, https:\/\/master.myweb-fm.com\/wp-content\/uploads\/2022\/07\/IMG_a_propos@2x-345x307.jpg 345w, https:\/\/master.myweb-fm.com\/wp-content\/uploads\/2022\/07\/IMG_a_propos@2x.jpg 1080w\" sizes=\"auto, (max-width: 1024px) 100vw, 1024px\" \/><\/figure>\n<\/div>\n\n\n\n<div class=\"wp-block-column is-layout-flow wp-block-column-is-layout-flow\">\n<h2 class=\"wp-block-heading mycms-txt--h2 mycms-txt--color-yale\" id=\"a-propos-d-unyc\">\u00bfQui\u00e9nes somos?<\/h2>\n\n\n\n<p>UNYC es una marca que ofrece una extensa gama de productos de protecci\u00f3n antica\u00edda, concebida para los oficios de la industria de la construcci\u00f3n: arneses, anclajes, cabestros, cascos, cuerdas, l\u00ednea de seguridad, antica\u00eddas, mosquetones y bolsas.<\/p>\n\n\n\n<p>Evitar las ca\u00eddas desde altura y proteger a los usuarios es nuestra principal ambici\u00f3n y el motivo por el que lo damos todo para responder a sus necesidades con productos probados y certificados.<\/p>\n<\/div>\n<\/div>\n\n\n","protected":false},"excerpt":{"rendered":"<p>\u00bfQui\u00e9nes somos? UNYC es una marca que ofrece una extensa gama de productos de protecci\u00f3n antica\u00edda, concebida para los oficios de la industria de la construcci\u00f3n: arneses, anclajes, cabestros, cascos, cuerdas, l\u00ednea de seguridad, antica\u00eddas, mosquetones y bolsas. Evitar las ca\u00eddas desde altura y proteger a los usuarios es nuestra principal ambici\u00f3n y el motivo [&hellip;]<\/p>\n","protected":false},"author":1,"featured_media":0,"parent":0,"menu_order":0,"comment_status":"closed","ping_status":"closed","template":"","meta":{"_acf_changed":false,"footnotes":""},"class_list":["post-1226","page","type-page","status-publish","hentry"],"acf":[],"yoast_head":"<!-- This site is optimized with the Yoast SEO plugin v27.3 - https:\/\/yoast.com\/product\/yoast-seo-wordpress\/ -->\n<title>Accueil - Instance master - Old Unyc<\/title>\n<meta name=\"robots\" content=\"noindex, follow, max-snippet:-1, max-image-preview:large, max-video-preview:-1\" \/>\n<meta property=\"og:locale\" content=\"es_ES\" \/>\n<meta property=\"og:type\" content=\"article\" \/>\n<meta property=\"og:title\" content=\"Accueil - Instance master - Old Unyc\" \/>\n<meta property=\"og:description\" content=\"\u00bfQui\u00e9nes somos? UNYC es una marca que ofrece una extensa gama de productos de protecci\u00f3n antica\u00edda, concebida para los oficios de la industria de la construcci\u00f3n: arneses, anclajes, cabestros, cascos, cuerdas, l\u00ednea de seguridad, antica\u00eddas, mosquetones y bolsas. Evitar las ca\u00eddas desde altura y proteger a los usuarios es nuestra principal ambici\u00f3n y el motivo [&hellip;]\" \/>\n<meta property=\"og:url\" content=\"https:\/\/master.myweb-fm.com\/es\/\" \/>\n<meta property=\"og:site_name\" content=\"Instance master - Old Unyc\" \/>\n<meta property=\"article:modified_time\" content=\"2023-08-22T07:56:26+00:00\" \/>\n<meta property=\"og:image\" content=\"https:\/\/master.myweb-fm.com\/wp-content\/uploads\/2022\/07\/IMG_a_propos@2x-1024x910.jpg\" \/>\n<meta name=\"twitter:card\" content=\"summary_large_image\" \/>\n<meta name=\"twitter:label1\" content=\"Tiempo de lectura\" \/>\n\t<meta name=\"twitter:data1\" content=\"1 minuto\" \/>\n<script type=\"application\/ld+json\" class=\"yoast-schema-graph\">{\"@context\":\"https:\\\/\\\/schema.org\",\"@graph\":[{\"@type\":\"WebPage\",\"@id\":\"https:\\\/\\\/master.myweb-fm.com\\\/es\\\/\",\"url\":\"https:\\\/\\\/master.myweb-fm.com\\\/es\\\/\",\"name\":\"Accueil - Instance master - Old Unyc\",\"isPartOf\":{\"@id\":\"https:\\\/\\\/master.myweb-fm.com\\\/es\\\/#website\"},\"primaryImageOfPage\":{\"@id\":\"https:\\\/\\\/master.myweb-fm.com\\\/es\\\/#primaryimage\"},\"image\":{\"@id\":\"https:\\\/\\\/master.myweb-fm.com\\\/es\\\/#primaryimage\"},\"thumbnailUrl\":\"https:\\\/\\\/master.myweb-fm.com\\\/wp-content\\\/uploads\\\/2022\\\/07\\\/IMG_a_propos@2x-1024x910.jpg\",\"datePublished\":\"2022-08-09T07:03:06+00:00\",\"dateModified\":\"2023-08-22T07:56:26+00:00\",\"inLanguage\":\"es\",\"potentialAction\":[{\"@type\":\"ReadAction\",\"target\":[\"https:\\\/\\\/master.myweb-fm.com\\\/es\\\/\"]}]},{\"@type\":\"ImageObject\",\"inLanguage\":\"es\",\"@id\":\"https:\\\/\\\/master.myweb-fm.com\\\/es\\\/#primaryimage\",\"url\":\"https:\\\/\\\/master.myweb-fm.com\\\/wp-content\\\/uploads\\\/2022\\\/07\\\/IMG_a_propos@2x-1024x910.jpg\",\"contentUrl\":\"https:\\\/\\\/master.myweb-fm.com\\\/wp-content\\\/uploads\\\/2022\\\/07\\\/IMG_a_propos@2x-1024x910.jpg\"},{\"@type\":\"WebSite\",\"@id\":\"https:\\\/\\\/master.myweb-fm.com\\\/es\\\/#website\",\"url\":\"https:\\\/\\\/master.myweb-fm.com\\\/es\\\/\",\"name\":\"Instance master - Old Unyc\",\"description\":\"Fr\u00e9n\u00e9hard &amp; Michaux\",\"potentialAction\":[{\"@type\":\"SearchAction\",\"target\":{\"@type\":\"EntryPoint\",\"urlTemplate\":\"https:\\\/\\\/master.myweb-fm.com\\\/es\\\/?s={search_term_string}\"},\"query-input\":{\"@type\":\"PropertyValueSpecification\",\"valueRequired\":true,\"valueName\":\"search_term_string\"}}],\"inLanguage\":\"es\"}]}<\/script>\n<!-- \/ Yoast SEO plugin. -->","yoast_head_json":{"title":"Accueil - Instance master - Old Unyc","robots":{"index":"noindex","follow":"follow","max-snippet":"max-snippet:-1","max-image-preview":"max-image-preview:large","max-video-preview":"max-video-preview:-1"},"og_locale":"es_ES","og_type":"article","og_title":"Accueil - Instance master - Old Unyc","og_description":"\u00bfQui\u00e9nes somos? UNYC es una marca que ofrece una extensa gama de productos de protecci\u00f3n antica\u00edda, concebida para los oficios de la industria de la construcci\u00f3n: arneses, anclajes, cabestros, cascos, cuerdas, l\u00ednea de seguridad, antica\u00eddas, mosquetones y bolsas. Evitar las ca\u00eddas desde altura y proteger a los usuarios es nuestra principal ambici\u00f3n y el motivo [&hellip;]","og_url":"https:\/\/master.myweb-fm.com\/es\/","og_site_name":"Instance master - Old Unyc","article_modified_time":"2023-08-22T07:56:26+00:00","og_image":[{"url":"https:\/\/master.myweb-fm.com\/wp-content\/uploads\/2022\/07\/IMG_a_propos@2x-1024x910.jpg","type":"","width":"","height":""}],"twitter_card":"summary_large_image","twitter_misc":{"Tiempo de lectura":"1 minuto"},"schema":{"@context":"https:\/\/schema.org","@graph":[{"@type":"WebPage","@id":"https:\/\/master.myweb-fm.com\/es\/","url":"https:\/\/master.myweb-fm.com\/es\/","name":"Accueil - Instance master - Old Unyc","isPartOf":{"@id":"https:\/\/master.myweb-fm.com\/es\/#website"},"primaryImageOfPage":{"@id":"https:\/\/master.myweb-fm.com\/es\/#primaryimage"},"image":{"@id":"https:\/\/master.myweb-fm.com\/es\/#primaryimage"},"thumbnailUrl":"https:\/\/master.myweb-fm.com\/wp-content\/uploads\/2022\/07\/IMG_a_propos@2x-1024x910.jpg","datePublished":"2022-08-09T07:03:06+00:00","dateModified":"2023-08-22T07:56:26+00:00","inLanguage":"es","potentialAction":[{"@type":"ReadAction","target":["https:\/\/master.myweb-fm.com\/es\/"]}]},{"@type":"ImageObject","inLanguage":"es","@id":"https:\/\/master.myweb-fm.com\/es\/#primaryimage","url":"https:\/\/master.myweb-fm.com\/wp-content\/uploads\/2022\/07\/IMG_a_propos@2x-1024x910.jpg","contentUrl":"https:\/\/master.myweb-fm.com\/wp-content\/uploads\/2022\/07\/IMG_a_propos@2x-1024x910.jpg"},{"@type":"WebSite","@id":"https:\/\/master.myweb-fm.com\/es\/#website","url":"https:\/\/master.myweb-fm.com\/es\/","name":"Instance master - Old Unyc","description":"Fr\u00e9n\u00e9hard &amp; Michaux","potentialAction":[{"@type":"SearchAction","target":{"@type":"EntryPoint","urlTemplate":"https:\/\/master.myweb-fm.com\/es\/?s={search_term_string}"},"query-input":{"@type":"PropertyValueSpecification","valueRequired":true,"valueName":"search_term_string"}}],"inLanguage":"es"}]}},"_links":{"self":[{"href":"https:\/\/master.myweb-fm.com\/es\/wp-json\/wp\/v2\/pages\/1226","targetHints":{"allow":["GET"]}}],"collection":[{"href":"https:\/\/master.myweb-fm.com\/es\/wp-json\/wp\/v2\/pages"}],"about":[{"href":"https:\/\/master.myweb-fm.com\/es\/wp-json\/wp\/v2\/types\/page"}],"author":[{"embeddable":true,"href":"https:\/\/master.myweb-fm.com\/es\/wp-json\/wp\/v2\/users\/1"}],"replies":[{"embeddable":true,"href":"https:\/\/master.myweb-fm.com\/es\/wp-json\/wp\/v2\/comments?post=1226"}],"version-history":[{"count":6,"href":"https:\/\/master.myweb-fm.com\/es\/wp-json\/wp\/v2\/pages\/1226\/revisions"}],"predecessor-version":[{"id":9047,"href":"https:\/\/master.myweb-fm.com\/es\/wp-json\/wp\/v2\/pages\/1226\/revisions\/9047"}],"wp:attachment":[{"href":"https:\/\/master.myweb-fm.com\/es\/wp-json\/wp\/v2\/media?parent=1226"}],"curies":[{"name":"wp","href":"https:\/\/api.w.org\/{rel}","templated":true}]}}