{"id":419,"date":"2022-07-06T11:31:46","date_gmt":"2022-07-06T11:31:46","guid":{"rendered":"https:\/\/master.myweb-fm.com\/legal-notice\/"},"modified":"2022-07-06T11:31:46","modified_gmt":"2022-07-06T11:31:46","slug":"legal-notice","status":"publish","type":"page","link":"https:\/\/master.myweb-fm.com\/en\/legal-notice\/","title":{"rendered":"Legal Notice"},"content":{"rendered":"\n<p>Mentions l\u00e9gales non valid\u00e9es<\/p>\n\n\n\n<h3 class=\"wp-block-heading\" id=\"1-siege-social\">1. Si\u00e8ge social<\/h3>\n\n\n\n<ul class=\"wp-block-list\"><li><strong>Fr\u00e9n\u00e9hard S.A.S.<\/strong> <p>BP 171<br>61305 L\u2019Aigle CEDEX<br>France<br>+33 (0)2 33 84 21 21<br><a href=\"mailto:contact@frenehard.com\">contact@frenehard.com<\/a><\/p> <\/li><li><strong>D\u00e9nomination sociale<\/strong> : Fr\u00e9n\u00e9hard S.A.S. <p>N\u00b0 RC : RCS Alencon B 535 450 050<br>N\u00b0 TVA : FR 92 535 450 050<\/p><\/li><\/ul>\n\n\n\n<h3 class=\"wp-block-heading\" id=\"2-responsable-de-la-publication\">2. Responsable de la publication<\/h3>\n\n\n\n<ul class=\"wp-block-list\"><li>Joseph Miquel<\/li><\/ul>\n\n\n\n<h3 class=\"wp-block-heading\" id=\"3-hebergement\">3. H\u00e9bergement<\/h3>\n\n\n\n<ul class=\"wp-block-list\"><li><strong>xxxxxxxx<\/strong> <\/li><\/ul>\n\n\n\n<h3 class=\"wp-block-heading\" id=\"4-propriete-intellectuelle\">4. Propri\u00e9t\u00e9 intellectuelle<\/h3>\n\n\n\n<p>Le contenu du site, la structure g\u00e9n\u00e9rale, les textes, les images, anim\u00e9es ou non, et les sons dont ce site est compos\u00e9 sont notre propri\u00e9t\u00e9 exclusive. Toute repr\u00e9sentation totale ou partielle de ce site et de son<br>contenu, par quelques proc\u00e9d\u00e9s que ce soient, sans notre autorisation pr\u00e9alable expresse, est interdite et constituerait une contrefa\u00e7on sanctionn\u00e9e par les articles L.335-2 et L.343.1 du Code de la Propri\u00e9t\u00e9 Intellectuelle.<\/p>\n\n\n\n<h3 class=\"wp-block-heading\" id=\"5-liens-hypertextes\">5. Liens Hypertextes<\/h3>\n\n\n\n<p>Les liens hypertextes int\u00e9gr\u00e9s au pr\u00e9sent site en direction d\u2019autres ressources du r\u00e9seau Internet, ne sauraient engager notre responsabilit\u00e9.<\/p>\n\n\n\n<h3 class=\"wp-block-heading\" id=\"6-respect-de-la-vie-privee\">6. Respect de la vie priv\u00e9e<\/h3>\n\n\n\n<p>Ce site web collecte et utilise des informations personnelles pour des raisons indiqu\u00e9es ci-dessous. Le site ainsi que le syst\u00e8me informatique auquel il est connect\u00e9, sont con\u00e7us pour r\u00e9pondre aux exigences de la R\u00e9gulation Europ\u00e9enne sur la Protection des Donn\u00e9es 2018 (RGPD).<\/p>\n\n\n\n<p>Jamais nous ne vendrons, louerons ou distribuerons autrement les informations personnelles collect\u00e9es, ni les rendrons public. Vous avez le droit de connaitre, de corriger ou de supprimer \u00e0 tout moment les donn\u00e9es<br>personnelles que nous gardons dans notre syst\u00e8me.<\/p>\n\n\n\n<p>Pour toute demande, veuillez contacter notre Responsable de S\u00e9curit\u00e9 de Donn\u00e9es (ci-dessous).<\/p>\n\n\n\n<p>Notre politique de confidentialit\u00e9 et de protection des donn\u00e9es personnelles est susceptible d\u2019\u00eatre modifi\u00e9e sans pr\u00e9avis, en ligne avec la l\u00e9gislation en vigueur. Nous vous invitons \u00e0 visiter cette page pour vous tenir<br>au courant des \u00e9volutions de notre politique de confidentialit\u00e9 et de protection des donn\u00e9es.<\/p>\n\n\n\n<h3 class=\"wp-block-heading\" id=\"7-suivi-des-visiteurs\">7. Suivi des visiteurs<\/h3>\n\n\n\n<p><strong>Cookies<\/strong><\/p>\n\n\n\n<p>Le pr\u00e9sent site web utilise des cookies afin d\u2019am\u00e9liorer l\u2019exp\u00e9rience de l\u2019utilisateur, de fournir des statistiques d\u2019utilisation et de collecter des informations marketing. Les cookies stockent de l\u2019information sur<br>votre \u00e9quipement informatique relatives \u00e0 votre visite sur notre site web. Vous pouvez d\u00e9sactiver les cookies \u00e0 tout moment, soit en modifiant les r\u00e9glages de votre navigateur, soit en supprimant ces cookies manuellement.<\/p>\n\n\n\n<p><strong>Processeurs de donn\u00e9es tiers<\/strong><\/p>\n\n\n\n<p>Nous utilisons les services de sous-traitants pour traiter les donn\u00e9es qui vous concernent. Ces sous-processeurs sont bas\u00e9s aux Etats-Unis et d\u00e9clarent respecter les l\u00e9gislations am\u00e9ricaines et europ\u00e9ennes sur la<br>protection des donn\u00e9es :<\/p>\n\n\n\n<ul class=\"wp-block-list\"><li><strong>Google (Privacy policy)<\/strong><br>Responsable de S\u00e9curit\u00e9 des Donn\u00e9es<\/li><\/ul>\n\n\n\n<h3 class=\"wp-block-heading\" id=\"8-conception-realisation\">8. Conception, r\u00e9alisation<\/h3>\n\n\n\n<ul class=\"wp-block-list\"><li><strong>INFOCOB Solutions<\/strong>\n<p>154 Avenue de Talmont<br>BP 20076 Ch\u00e2teau d\u2019Olonne<br>85102 LES SABLES D\u2019OLONNE Cedex France<br>T\u00e9l. : 02.51.21.64.64<\/p>\n<\/li><\/ul>\n\n\n\n<p>Cr\u00e9dits photographiques : \u00a9Fr\u00e9n\u00e9hard<\/p>\n\n\n","protected":false},"excerpt":{"rendered":"<p>Mentions l\u00e9gales non valid\u00e9es 1. Si\u00e8ge social Fr\u00e9n\u00e9hard S.A.S. BP 17161305 L\u2019Aigle CEDEXFrance+33 (0)2 33 84 21 21contact@frenehard.com D\u00e9nomination sociale : Fr\u00e9n\u00e9hard S.A.S. N\u00b0 RC : RCS Alencon B 535 450 050N\u00b0 TVA : FR 92 535 450 050 2. Responsable de la publication Joseph Miquel 3. H\u00e9bergement xxxxxxxx 4. Propri\u00e9t\u00e9 intellectuelle Le contenu du [&hellip;]<\/p>\n","protected":false},"author":1,"featured_media":0,"parent":0,"menu_order":0,"comment_status":"closed","ping_status":"closed","template":"","meta":{"_acf_changed":false,"footnotes":""},"class_list":["post-419","page","type-page","status-publish","hentry"],"acf":[],"yoast_head":"<!-- This site is optimized with the Yoast SEO plugin v27.3 - https:\/\/yoast.com\/product\/yoast-seo-wordpress\/ -->\n<title>Legal Notice - Instance master<\/title>\n<meta name=\"robots\" content=\"noindex, follow, max-snippet:-1, max-image-preview:large, max-video-preview:-1\" \/>\n<meta property=\"og:locale\" content=\"en_US\" \/>\n<meta property=\"og:type\" content=\"article\" \/>\n<meta property=\"og:title\" content=\"Legal Notice - Instance master\" \/>\n<meta property=\"og:description\" content=\"Mentions l\u00e9gales non valid\u00e9es 1. Si\u00e8ge social Fr\u00e9n\u00e9hard S.A.S. BP 17161305 L\u2019Aigle CEDEXFrance+33 (0)2 33 84 21 21contact@frenehard.com D\u00e9nomination sociale : Fr\u00e9n\u00e9hard S.A.S. N\u00b0 RC : RCS Alencon B 535 450 050N\u00b0 TVA : FR 92 535 450 050 2. Responsable de la publication Joseph Miquel 3. H\u00e9bergement xxxxxxxx 4. Propri\u00e9t\u00e9 intellectuelle Le contenu du [&hellip;]\" \/>\n<meta property=\"og:url\" content=\"https:\/\/master.myweb-fm.com\/en\/legal-notice\/\" \/>\n<meta property=\"og:site_name\" content=\"Instance master\" \/>\n<meta name=\"twitter:card\" content=\"summary_large_image\" \/>\n<meta name=\"twitter:label1\" content=\"Est. reading time\" \/>\n\t<meta name=\"twitter:data1\" content=\"2 minutes\" \/>\n<script type=\"application\/ld+json\" class=\"yoast-schema-graph\">{\"@context\":\"https:\\\/\\\/schema.org\",\"@graph\":[{\"@type\":\"WebPage\",\"@id\":\"https:\\\/\\\/master.myweb-fm.com\\\/en\\\/legal-notice\\\/\",\"url\":\"https:\\\/\\\/master.myweb-fm.com\\\/en\\\/legal-notice\\\/\",\"name\":\"Legal Notice - Instance master\",\"isPartOf\":{\"@id\":\"https:\\\/\\\/master.myweb-fm.com\\\/en\\\/#website\"},\"datePublished\":\"2022-07-06T11:31:46+00:00\",\"inLanguage\":\"en-US\",\"potentialAction\":[{\"@type\":\"ReadAction\",\"target\":[\"https:\\\/\\\/master.myweb-fm.com\\\/en\\\/legal-notice\\\/\"]}]},{\"@type\":\"WebSite\",\"@id\":\"https:\\\/\\\/master.myweb-fm.com\\\/en\\\/#website\",\"url\":\"https:\\\/\\\/master.myweb-fm.com\\\/en\\\/\",\"name\":\"Instance master\",\"description\":\"Fr\u00e9n\u00e9hard &amp; Michaux\",\"potentialAction\":[{\"@type\":\"SearchAction\",\"target\":{\"@type\":\"EntryPoint\",\"urlTemplate\":\"https:\\\/\\\/master.myweb-fm.com\\\/en\\\/?s={search_term_string}\"},\"query-input\":{\"@type\":\"PropertyValueSpecification\",\"valueRequired\":true,\"valueName\":\"search_term_string\"}}],\"inLanguage\":\"en-US\"}]}<\/script>\n<!-- \/ Yoast SEO plugin. -->","yoast_head_json":{"title":"Legal Notice - Instance master","robots":{"index":"noindex","follow":"follow","max-snippet":"max-snippet:-1","max-image-preview":"max-image-preview:large","max-video-preview":"max-video-preview:-1"},"og_locale":"en_US","og_type":"article","og_title":"Legal Notice - Instance master","og_description":"Mentions l\u00e9gales non valid\u00e9es 1. Si\u00e8ge social Fr\u00e9n\u00e9hard S.A.S. BP 17161305 L\u2019Aigle CEDEXFrance+33 (0)2 33 84 21 21contact@frenehard.com D\u00e9nomination sociale : Fr\u00e9n\u00e9hard S.A.S. N\u00b0 RC : RCS Alencon B 535 450 050N\u00b0 TVA : FR 92 535 450 050 2. Responsable de la publication Joseph Miquel 3. H\u00e9bergement xxxxxxxx 4. Propri\u00e9t\u00e9 intellectuelle Le contenu du [&hellip;]","og_url":"https:\/\/master.myweb-fm.com\/en\/legal-notice\/","og_site_name":"Instance master","twitter_card":"summary_large_image","twitter_misc":{"Est. reading time":"2 minutes"},"schema":{"@context":"https:\/\/schema.org","@graph":[{"@type":"WebPage","@id":"https:\/\/master.myweb-fm.com\/en\/legal-notice\/","url":"https:\/\/master.myweb-fm.com\/en\/legal-notice\/","name":"Legal Notice - Instance master","isPartOf":{"@id":"https:\/\/master.myweb-fm.com\/en\/#website"},"datePublished":"2022-07-06T11:31:46+00:00","inLanguage":"en-US","potentialAction":[{"@type":"ReadAction","target":["https:\/\/master.myweb-fm.com\/en\/legal-notice\/"]}]},{"@type":"WebSite","@id":"https:\/\/master.myweb-fm.com\/en\/#website","url":"https:\/\/master.myweb-fm.com\/en\/","name":"Instance master","description":"Fr\u00e9n\u00e9hard &amp; Michaux","potentialAction":[{"@type":"SearchAction","target":{"@type":"EntryPoint","urlTemplate":"https:\/\/master.myweb-fm.com\/en\/?s={search_term_string}"},"query-input":{"@type":"PropertyValueSpecification","valueRequired":true,"valueName":"search_term_string"}}],"inLanguage":"en-US"}]}},"_links":{"self":[{"href":"https:\/\/master.myweb-fm.com\/en\/wp-json\/wp\/v2\/pages\/419","targetHints":{"allow":["GET"]}}],"collection":[{"href":"https:\/\/master.myweb-fm.com\/en\/wp-json\/wp\/v2\/pages"}],"about":[{"href":"https:\/\/master.myweb-fm.com\/en\/wp-json\/wp\/v2\/types\/page"}],"author":[{"embeddable":true,"href":"https:\/\/master.myweb-fm.com\/en\/wp-json\/wp\/v2\/users\/1"}],"replies":[{"embeddable":true,"href":"https:\/\/master.myweb-fm.com\/en\/wp-json\/wp\/v2\/comments?post=419"}],"version-history":[{"count":0,"href":"https:\/\/master.myweb-fm.com\/en\/wp-json\/wp\/v2\/pages\/419\/revisions"}],"wp:attachment":[{"href":"https:\/\/master.myweb-fm.com\/en\/wp-json\/wp\/v2\/media?parent=419"}],"curies":[{"name":"wp","href":"https:\/\/api.w.org\/{rel}","templated":true}]}}