{"id":1631,"date":"2022-09-21T15:27:50","date_gmt":"2022-09-21T13:27:50","guid":{"rendered":"https:\/\/master.myweb-fm.com\/legal-notice-2\/"},"modified":"2022-09-23T15:28:26","modified_gmt":"2022-09-23T13:28:26","slug":"legal-notice-2","status":"publish","type":"page","link":"https:\/\/master.myweb-fm.com\/en\/legal-notice-2\/","title":{"rendered":"LEGAL NOTICE"},"content":{"rendered":"\n<h3 class=\"wp-block-heading\" id=\"editeur-du-site\"><strong>THE WEBSITE\u2019S PUBLISHER<\/strong><\/h3>\n\n\n\n<p>UNYC\u2019s website (<a href=\"https:\/\/www.unyc.com\/\">https:\/\/www.unyc.com\/) (hereinafter \u00ab<\/a> <strong>the Website \u00bb) is produced and published by the company TUBESCA COMAB, SAS with a share capital of \u20ac6,393,200.00, registered with the BOURG EN BRESSE RCS (Register of Companies) under number B 422 481 838 and located at 976 RTE DE ST BERNARD 01600 TREVOUX<\/strong><\/p>\n\n\n\n<p><strong>Contact:<\/strong><\/p>\n\n\n\n<ul class=\"wp-block-list\"><li>Email: <a href=\"mailto:adv@tubesca-comabi.com\">communication@tubesca-comabi.com<\/a><\/li><li>Telephone: +33 (0)4 74 00 90 90<\/li><\/ul>\n\n\n\n<p>Director of publication: Dominique PAGNIEZ<\/p>\n\n\n\n<h3 class=\"wp-block-heading\" id=\"hebergeur-du-site\"><strong>THE WEBSITE\u2019S HOST<\/strong><\/h3>\n\n\n\n<p>The Website is hosted by Clevercloud, SAS with a share capital of 22,952 euros, registered in NANTES Trade and Companies Register under number 524 172 699 and located at 3, rue de l\u2019Allier, 44000 NANTES, France.<\/p>\n\n\n\n<p>Contact: telephone: 02 85 52 07 69<\/p>\n\n\n\n<h3 class=\"wp-block-heading\" id=\"divers\"><strong>MISCELLANEOUS<\/strong><\/h3>\n\n\n\n<p>Tubesca-Comabi a r\u00e9dig\u00e9 et met \u00e0 la disposition des utilisateurs du Site la documentation suivante. It is strongly recommended that users of the Website read the following documentation: \u2022 General terms and conditions of use \u2022 Privacy policy<\/p>\n","protected":false},"excerpt":{"rendered":"<p>THE WEBSITE\u2019S PUBLISHER UNYC\u2019s website (https:\/\/www.unyc.com\/) (hereinafter \u00ab the Website \u00bb) is produced and published by the company TUBESCA COMAB, SAS with a share capital of \u20ac6,393,200.00, registered with the BOURG EN BRESSE RCS (Register of Companies) under number B 422 481 838 and located at 976 RTE DE ST BERNARD 01600 TREVOUX Contact: Email: [&hellip;]<\/p>\n","protected":false},"author":7,"featured_media":0,"parent":0,"menu_order":0,"comment_status":"closed","ping_status":"closed","template":"","meta":{"_acf_changed":false,"footnotes":""},"class_list":["post-1631","page","type-page","status-publish","hentry"],"acf":[],"yoast_head":"<!-- This site is optimized with the Yoast SEO plugin v27.3 - https:\/\/yoast.com\/product\/yoast-seo-wordpress\/ -->\n<title>LEGAL NOTICE - Instance master<\/title>\n<meta name=\"robots\" content=\"noindex, follow, max-snippet:-1, max-image-preview:large, max-video-preview:-1\" \/>\n<meta property=\"og:locale\" content=\"en_US\" \/>\n<meta property=\"og:type\" content=\"article\" \/>\n<meta property=\"og:title\" content=\"LEGAL NOTICE - Instance master\" \/>\n<meta property=\"og:description\" content=\"THE WEBSITE\u2019S PUBLISHER UNYC\u2019s website (https:\/\/www.unyc.com\/) (hereinafter \u00ab the Website \u00bb) is produced and published by the company TUBESCA COMAB, SAS with a share capital of \u20ac6,393,200.00, registered with the BOURG EN BRESSE RCS (Register of Companies) under number B 422 481 838 and located at 976 RTE DE ST BERNARD 01600 TREVOUX Contact: Email: [&hellip;]\" \/>\n<meta property=\"og:url\" content=\"https:\/\/master.myweb-fm.com\/en\/legal-notice-2\/\" \/>\n<meta property=\"og:site_name\" content=\"Instance master\" \/>\n<meta property=\"article:modified_time\" content=\"2022-09-23T13:28:26+00:00\" \/>\n<meta name=\"twitter:card\" content=\"summary_large_image\" \/>\n<meta name=\"twitter:label1\" content=\"Est. reading time\" \/>\n\t<meta name=\"twitter:data1\" content=\"1 minute\" \/>\n<script type=\"application\/ld+json\" class=\"yoast-schema-graph\">{\"@context\":\"https:\\\/\\\/schema.org\",\"@graph\":[{\"@type\":\"WebPage\",\"@id\":\"https:\\\/\\\/master.myweb-fm.com\\\/en\\\/legal-notice-2\\\/\",\"url\":\"https:\\\/\\\/master.myweb-fm.com\\\/en\\\/legal-notice-2\\\/\",\"name\":\"LEGAL NOTICE - Instance master\",\"isPartOf\":{\"@id\":\"https:\\\/\\\/master.myweb-fm.com\\\/en\\\/#website\"},\"datePublished\":\"2022-09-21T13:27:50+00:00\",\"dateModified\":\"2022-09-23T13:28:26+00:00\",\"inLanguage\":\"en-US\",\"potentialAction\":[{\"@type\":\"ReadAction\",\"target\":[\"https:\\\/\\\/master.myweb-fm.com\\\/en\\\/legal-notice-2\\\/\"]}]},{\"@type\":\"WebSite\",\"@id\":\"https:\\\/\\\/master.myweb-fm.com\\\/en\\\/#website\",\"url\":\"https:\\\/\\\/master.myweb-fm.com\\\/en\\\/\",\"name\":\"Instance master\",\"description\":\"Fr\u00e9n\u00e9hard &amp; Michaux\",\"potentialAction\":[{\"@type\":\"SearchAction\",\"target\":{\"@type\":\"EntryPoint\",\"urlTemplate\":\"https:\\\/\\\/master.myweb-fm.com\\\/en\\\/?s={search_term_string}\"},\"query-input\":{\"@type\":\"PropertyValueSpecification\",\"valueRequired\":true,\"valueName\":\"search_term_string\"}}],\"inLanguage\":\"en-US\"}]}<\/script>\n<!-- \/ Yoast SEO plugin. -->","yoast_head_json":{"title":"LEGAL NOTICE - Instance master","robots":{"index":"noindex","follow":"follow","max-snippet":"max-snippet:-1","max-image-preview":"max-image-preview:large","max-video-preview":"max-video-preview:-1"},"og_locale":"en_US","og_type":"article","og_title":"LEGAL NOTICE - Instance master","og_description":"THE WEBSITE\u2019S PUBLISHER UNYC\u2019s website (https:\/\/www.unyc.com\/) (hereinafter \u00ab the Website \u00bb) is produced and published by the company TUBESCA COMAB, SAS with a share capital of \u20ac6,393,200.00, registered with the BOURG EN BRESSE RCS (Register of Companies) under number B 422 481 838 and located at 976 RTE DE ST BERNARD 01600 TREVOUX Contact: Email: [&hellip;]","og_url":"https:\/\/master.myweb-fm.com\/en\/legal-notice-2\/","og_site_name":"Instance master","article_modified_time":"2022-09-23T13:28:26+00:00","twitter_card":"summary_large_image","twitter_misc":{"Est. reading time":"1 minute"},"schema":{"@context":"https:\/\/schema.org","@graph":[{"@type":"WebPage","@id":"https:\/\/master.myweb-fm.com\/en\/legal-notice-2\/","url":"https:\/\/master.myweb-fm.com\/en\/legal-notice-2\/","name":"LEGAL NOTICE - Instance master","isPartOf":{"@id":"https:\/\/master.myweb-fm.com\/en\/#website"},"datePublished":"2022-09-21T13:27:50+00:00","dateModified":"2022-09-23T13:28:26+00:00","inLanguage":"en-US","potentialAction":[{"@type":"ReadAction","target":["https:\/\/master.myweb-fm.com\/en\/legal-notice-2\/"]}]},{"@type":"WebSite","@id":"https:\/\/master.myweb-fm.com\/en\/#website","url":"https:\/\/master.myweb-fm.com\/en\/","name":"Instance master","description":"Fr\u00e9n\u00e9hard &amp; Michaux","potentialAction":[{"@type":"SearchAction","target":{"@type":"EntryPoint","urlTemplate":"https:\/\/master.myweb-fm.com\/en\/?s={search_term_string}"},"query-input":{"@type":"PropertyValueSpecification","valueRequired":true,"valueName":"search_term_string"}}],"inLanguage":"en-US"}]}},"_links":{"self":[{"href":"https:\/\/master.myweb-fm.com\/en\/wp-json\/wp\/v2\/pages\/1631","targetHints":{"allow":["GET"]}}],"collection":[{"href":"https:\/\/master.myweb-fm.com\/en\/wp-json\/wp\/v2\/pages"}],"about":[{"href":"https:\/\/master.myweb-fm.com\/en\/wp-json\/wp\/v2\/types\/page"}],"author":[{"embeddable":true,"href":"https:\/\/master.myweb-fm.com\/en\/wp-json\/wp\/v2\/users\/7"}],"replies":[{"embeddable":true,"href":"https:\/\/master.myweb-fm.com\/en\/wp-json\/wp\/v2\/comments?post=1631"}],"version-history":[{"count":0,"href":"https:\/\/master.myweb-fm.com\/en\/wp-json\/wp\/v2\/pages\/1631\/revisions"}],"wp:attachment":[{"href":"https:\/\/master.myweb-fm.com\/en\/wp-json\/wp\/v2\/media?parent=1631"}],"curies":[{"name":"wp","href":"https:\/\/api.w.org\/{rel}","templated":true}]}}