{"id":18047,"date":"2023-11-27T12:33:07","date_gmt":"2023-11-27T11:33:07","guid":{"rendered":"https:\/\/master.myweb-fm.com\/unkategorisiert\/126-09100802\/"},"modified":"2023-11-27T14:08:32","modified_gmt":"2023-11-27T13:08:32","slug":"helm","status":"publish","type":"product","link":"https:\/\/master.myweb-fm.com\/de\/produkt\/helm\/","title":{"rendered":"Helm"},"content":{"rendered":"<ul>\n<li>Helm mit Kinnriemen <\/li>\n<li> Textil-Kinnriemen mit 4 Verankerungspunkten <\/li>\n<li> Per Zahnrad verstellbares Kopfband <\/li>\n<li> Bel\u00fcftungs\u00f6ffnungen <\/li>\n<li> UV-stabilisiert <\/li>\n<li> *Entspricht der Norm EN 12492 <\/li>\n<li> *Entspricht den Pr\u00fcfungen der Norm EN 397<\/li>\n<\/ul>\n","protected":false},"excerpt":{"rendered":"<p>Sicherheitshelm UNYC\u00ae, um den Kopf des Arbeiters gegen s\u00e4mtliche Gefahren der Arbeit in gro\u00dfen H\u00f6hen und beim Bergsteigen zu sch\u00fctzen: herabfallende Objekte, St\u00f6\u00dfe\u2026<\/p>\n","protected":false},"featured_media":13443,"template":"","meta":{"_acf_changed":false},"product_brand":[],"product_cat":[70120],"product_tag":[],"class_list":{"0":"post-18047","1":"product","2":"type-product","3":"status-publish","4":"has-post-thumbnail","6":"product_cat-equipements-de","7":"pa_abc_class-a-de","8":"pa_base_unit-ea-de","9":"pa_brand-unyc-de","10":"pa_e_com_product-no-de","11":"pa_edi_option-no-de","12":"pa_export_product-yes-de","13":"pa_g_range-13-de","14":"pa_lifespan-10-ans-de","15":"pa_lock_code-000-de","16":"pa_pack_instructions_level_1-no-de","17":"pa_pack_instructions_level_2-no-de","18":"pa_pack_instructions_level_3-no-de","19":"pa_pack_type_level_1-sa-de","20":"pa_pack_type_level_2-ct-de","21":"pa_pic_family-097-de","22":"pa_product_origin-es-de","23":"pa_product_stored_at_manufactur-no-de-2","24":"pa_production_company-126-de","25":"pa_sales_company-126-de","26":"pa_sales_plan-c-de","27":"pa_sales_range-13-de","28":"pa_short_designation-casque-avec-jugulaire-de","29":"pa_sigle-ce-de","30":"pa_standard-en_12492-de","31":"pa_use-highly_intensive-de","32":"pa_varied_weight-no-de","34":"first","35":"instock","36":"shipping-taxable","37":"purchasable","38":"product-type-simple"},"acf":[],"yoast_head":"<!-- This site is optimized with the Yoast SEO plugin v27.4 - https:\/\/yoast.com\/product\/yoast-seo-wordpress\/ -->\n<title>Helm - Instance master - Old Unyc<\/title>\n<meta name=\"robots\" content=\"noindex, follow, max-snippet:-1, max-image-preview:large, max-video-preview:-1\" \/>\n<meta property=\"og:locale\" content=\"de_DE\" \/>\n<meta property=\"og:type\" content=\"article\" \/>\n<meta property=\"og:title\" content=\"Helm - Instance master - Old Unyc\" \/>\n<meta property=\"og:description\" content=\"Sicherheitshelm UNYC\u00ae, um den Kopf des Arbeiters gegen s\u00e4mtliche Gefahren der Arbeit in gro\u00dfen H\u00f6hen und beim Bergsteigen zu sch\u00fctzen: herabfallende Objekte, St\u00f6\u00dfe\u2026\" \/>\n<meta property=\"og:url\" content=\"https:\/\/master.myweb-fm.com\/de\/produkt\/helm\/\" \/>\n<meta property=\"og:site_name\" content=\"Instance master - Old Unyc\" \/>\n<meta property=\"article:modified_time\" content=\"2023-11-27T13:08:32+00:00\" \/>\n<meta property=\"og:image\" content=\"https:\/\/master.myweb-fm.com\/wp-content\/uploads\/2023\/11\/62f2c4083bfff9d020a696bf29d474c4fa098bd3_126_09100802_main_view.jpg\" \/>\n\t<meta property=\"og:image:width\" content=\"2480\" \/>\n\t<meta property=\"og:image:height\" content=\"3508\" \/>\n\t<meta property=\"og:image:type\" content=\"image\/jpeg\" \/>\n<meta name=\"twitter:card\" content=\"summary_large_image\" \/>\n<script type=\"application\/ld+json\" class=\"yoast-schema-graph\">{\"@context\":\"https:\\\/\\\/schema.org\",\"@graph\":[{\"@type\":\"WebPage\",\"@id\":\"https:\\\/\\\/master.myweb-fm.com\\\/de\\\/produkt\\\/helm\\\/\",\"url\":\"https:\\\/\\\/master.myweb-fm.com\\\/de\\\/produkt\\\/helm\\\/\",\"name\":\"Helm - Instance master - Old Unyc\",\"isPartOf\":{\"@id\":\"https:\\\/\\\/master.myweb-fm.com\\\/de\\\/#website\"},\"primaryImageOfPage\":{\"@id\":\"https:\\\/\\\/master.myweb-fm.com\\\/de\\\/produkt\\\/helm\\\/#primaryimage\"},\"image\":{\"@id\":\"https:\\\/\\\/master.myweb-fm.com\\\/de\\\/produkt\\\/helm\\\/#primaryimage\"},\"thumbnailUrl\":\"https:\\\/\\\/master.myweb-fm.com\\\/wp-content\\\/uploads\\\/2023\\\/11\\\/62f2c4083bfff9d020a696bf29d474c4fa098bd3_126_09100802_main_view.jpg\",\"datePublished\":\"2023-11-27T11:33:07+00:00\",\"dateModified\":\"2023-11-27T13:08:32+00:00\",\"breadcrumb\":{\"@id\":\"https:\\\/\\\/master.myweb-fm.com\\\/de\\\/produkt\\\/helm\\\/#breadcrumb\"},\"inLanguage\":\"de\",\"potentialAction\":[{\"@type\":\"ReadAction\",\"target\":[\"https:\\\/\\\/master.myweb-fm.com\\\/de\\\/produkt\\\/helm\\\/\"]}]},{\"@type\":\"ImageObject\",\"inLanguage\":\"de\",\"@id\":\"https:\\\/\\\/master.myweb-fm.com\\\/de\\\/produkt\\\/helm\\\/#primaryimage\",\"url\":\"https:\\\/\\\/master.myweb-fm.com\\\/wp-content\\\/uploads\\\/2023\\\/11\\\/62f2c4083bfff9d020a696bf29d474c4fa098bd3_126_09100802_main_view.jpg\",\"contentUrl\":\"https:\\\/\\\/master.myweb-fm.com\\\/wp-content\\\/uploads\\\/2023\\\/11\\\/62f2c4083bfff9d020a696bf29d474c4fa098bd3_126_09100802_main_view.jpg\",\"width\":2480,\"height\":3508},{\"@type\":\"BreadcrumbList\",\"@id\":\"https:\\\/\\\/master.myweb-fm.com\\\/de\\\/produkt\\\/helm\\\/#breadcrumb\",\"itemListElement\":[{\"@type\":\"ListItem\",\"position\":1,\"name\":\"Catalogue\",\"item\":\"https:\\\/\\\/master.myweb-fm.com\\\/fr\\\/catalogue\\\/\"},{\"@type\":\"ListItem\",\"position\":2,\"name\":\"Helm\"}]},{\"@type\":\"WebSite\",\"@id\":\"https:\\\/\\\/master.myweb-fm.com\\\/de\\\/#website\",\"url\":\"https:\\\/\\\/master.myweb-fm.com\\\/de\\\/\",\"name\":\"Instance master - Old Unyc\",\"description\":\"Fr\u00e9n\u00e9hard &amp; Michaux\",\"potentialAction\":[{\"@type\":\"SearchAction\",\"target\":{\"@type\":\"EntryPoint\",\"urlTemplate\":\"https:\\\/\\\/master.myweb-fm.com\\\/de\\\/?s={search_term_string}\"},\"query-input\":{\"@type\":\"PropertyValueSpecification\",\"valueRequired\":true,\"valueName\":\"search_term_string\"}}],\"inLanguage\":\"de\"}]}<\/script>\n<!-- \/ Yoast SEO plugin. -->","yoast_head_json":{"title":"Helm - Instance master - Old Unyc","robots":{"index":"noindex","follow":"follow","max-snippet":"max-snippet:-1","max-image-preview":"max-image-preview:large","max-video-preview":"max-video-preview:-1"},"og_locale":"de_DE","og_type":"article","og_title":"Helm - Instance master - Old Unyc","og_description":"Sicherheitshelm UNYC\u00ae, um den Kopf des Arbeiters gegen s\u00e4mtliche Gefahren der Arbeit in gro\u00dfen H\u00f6hen und beim Bergsteigen zu sch\u00fctzen: herabfallende Objekte, St\u00f6\u00dfe\u2026","og_url":"https:\/\/master.myweb-fm.com\/de\/produkt\/helm\/","og_site_name":"Instance master - Old Unyc","article_modified_time":"2023-11-27T13:08:32+00:00","og_image":[{"width":2480,"height":3508,"url":"https:\/\/master.myweb-fm.com\/wp-content\/uploads\/2023\/11\/62f2c4083bfff9d020a696bf29d474c4fa098bd3_126_09100802_main_view.jpg","type":"image\/jpeg"}],"twitter_card":"summary_large_image","schema":{"@context":"https:\/\/schema.org","@graph":[{"@type":"WebPage","@id":"https:\/\/master.myweb-fm.com\/de\/produkt\/helm\/","url":"https:\/\/master.myweb-fm.com\/de\/produkt\/helm\/","name":"Helm - Instance master - Old Unyc","isPartOf":{"@id":"https:\/\/master.myweb-fm.com\/de\/#website"},"primaryImageOfPage":{"@id":"https:\/\/master.myweb-fm.com\/de\/produkt\/helm\/#primaryimage"},"image":{"@id":"https:\/\/master.myweb-fm.com\/de\/produkt\/helm\/#primaryimage"},"thumbnailUrl":"https:\/\/master.myweb-fm.com\/wp-content\/uploads\/2023\/11\/62f2c4083bfff9d020a696bf29d474c4fa098bd3_126_09100802_main_view.jpg","datePublished":"2023-11-27T11:33:07+00:00","dateModified":"2023-11-27T13:08:32+00:00","breadcrumb":{"@id":"https:\/\/master.myweb-fm.com\/de\/produkt\/helm\/#breadcrumb"},"inLanguage":"de","potentialAction":[{"@type":"ReadAction","target":["https:\/\/master.myweb-fm.com\/de\/produkt\/helm\/"]}]},{"@type":"ImageObject","inLanguage":"de","@id":"https:\/\/master.myweb-fm.com\/de\/produkt\/helm\/#primaryimage","url":"https:\/\/master.myweb-fm.com\/wp-content\/uploads\/2023\/11\/62f2c4083bfff9d020a696bf29d474c4fa098bd3_126_09100802_main_view.jpg","contentUrl":"https:\/\/master.myweb-fm.com\/wp-content\/uploads\/2023\/11\/62f2c4083bfff9d020a696bf29d474c4fa098bd3_126_09100802_main_view.jpg","width":2480,"height":3508},{"@type":"BreadcrumbList","@id":"https:\/\/master.myweb-fm.com\/de\/produkt\/helm\/#breadcrumb","itemListElement":[{"@type":"ListItem","position":1,"name":"Catalogue","item":"https:\/\/master.myweb-fm.com\/fr\/catalogue\/"},{"@type":"ListItem","position":2,"name":"Helm"}]},{"@type":"WebSite","@id":"https:\/\/master.myweb-fm.com\/de\/#website","url":"https:\/\/master.myweb-fm.com\/de\/","name":"Instance master - Old Unyc","description":"Fr\u00e9n\u00e9hard &amp; Michaux","potentialAction":[{"@type":"SearchAction","target":{"@type":"EntryPoint","urlTemplate":"https:\/\/master.myweb-fm.com\/de\/?s={search_term_string}"},"query-input":{"@type":"PropertyValueSpecification","valueRequired":true,"valueName":"search_term_string"}}],"inLanguage":"de"}]}},"_links":{"self":[{"href":"https:\/\/master.myweb-fm.com\/de\/wp-json\/wp\/v2\/product\/18047","targetHints":{"allow":["GET"]}}],"collection":[{"href":"https:\/\/master.myweb-fm.com\/de\/wp-json\/wp\/v2\/product"}],"about":[{"href":"https:\/\/master.myweb-fm.com\/de\/wp-json\/wp\/v2\/types\/product"}],"wp:featuredmedia":[{"embeddable":true,"href":"https:\/\/master.myweb-fm.com\/de\/wp-json\/wp\/v2\/media\/13443"}],"wp:attachment":[{"href":"https:\/\/master.myweb-fm.com\/de\/wp-json\/wp\/v2\/media?parent=18047"}],"wp:term":[{"taxonomy":"product_brand","embeddable":true,"href":"https:\/\/master.myweb-fm.com\/de\/wp-json\/wp\/v2\/product_brand?post=18047"},{"taxonomy":"product_cat","embeddable":true,"href":"https:\/\/master.myweb-fm.com\/de\/wp-json\/wp\/v2\/product_cat?post=18047"},{"taxonomy":"product_tag","embeddable":true,"href":"https:\/\/master.myweb-fm.com\/de\/wp-json\/wp\/v2\/product_tag?post=18047"}],"curies":[{"name":"wp","href":"https:\/\/api.w.org\/{rel}","templated":true}]}}